{"id":551,"date":"2022-02-14T12:30:34","date_gmt":"2022-02-14T12:30:34","guid":{"rendered":"http:\/\/localhost:10028\/?page_id=551"},"modified":"2024-04-17T15:46:15","modified_gmt":"2024-04-17T15:46:15","slug":"press-room","status":"publish","type":"page","link":"https:\/\/www.cadca.org\/pt\/press-room\/","title":{"rendered":"Sala de imprensa"},"content":{"rendered":"<div style=\"height:25px\" aria-hidden=\"true\" class=\"wp-block-spacer\"><\/div>\n\n\n<style media=\"all\" type=\"text\/css\">\n\n    \/* xs & sm (mobile) *\/\n    @media (max-width: 767.98px) {\n        }\n\n    \/* md (tablet) *\/\n    @media (min-width: 768px) and (max-width: 1199.98px) {\n        }\n\n    \/* lg (desktop) *\/\n    @media (min-width: 1200px) {\n        }\n\n    \/* custom styles *\/\n    #block_620a52aed391a{\r\n\tpadding-top: 50px;\r\n    padding-bottom: 10px;\r\n}<\/style>\n<section class=\"page_intro block_daa88e97ebb3d71ef1264ce91e1bf1d6\" id=\"block_daa88e97ebb3d71ef1264ce91e1bf1d6\">\n    <div class=\"container\">\n        <h1>Sala de imprensa<\/h1>\n                <p>Descubra as \u00faltimas not\u00edcias e cobertura da m\u00eddia da CADCA, incluindo press releases, treinamentos e muito mais.<\/p>\n            <\/div>\n<\/section>\n\n\n<style media=\"all\" type=\"text\/css\">\n\n    \/* xs & sm (mobile) *\/\n    @media (max-width: 767.98px) {\n        }\n\n    \/* md (tablet) *\/\n    @media (min-width: 768px) and (max-width: 1199.98px) {\n        }\n\n    \/* lg (desktop) *\/\n    @media (min-width: 1200px) {\n        }\n\n    \/* custom styles *\/\n    #block_620a4b2fe4601{\r\n\tbackground:#f7f7f7;\r\n  \tpadding-top: 50px;\r\n}\r\n\r\n#block_620a4b2fe4601 h2 span{\r\n\tbackground:#f7f7f7;\r\n}\n<\/style>\n<section class=\"latest_posts block_b0b9413b2e6912ffe7ab646aeb97d0e1\" id=\"block_b0b9413b2e6912ffe7ab646aeb97d0e1\">\n    <div class=\"container\">\n        <h2><span>Comunicados de imprensa<\/span><\/h2>\n        <div class=\"posts-wrapper\">\n                                <div class=\"post-wrapper\">\n                        <span class=\"post-category\">\n                                                    <\/span>\n                        <a href=\"https:\/\/www.cadca.org\/pt\/news-release\/bipartisan-senate-letter-supports-dfc-program-funding\/\">\n                            <h3>Bipartisan Senate Letter Supports DFC Program Funding\u00a0\u00a0<\/h3>\n                            <p>CADCA is continuing our advocacy throughout the FY 2027 appropriations process. On April 13, 28 members of the Senate signed onto a bipartisan letter led by Senators Chuck Grassley (R-IA) and Jeanne Shaheen (D-NH). The letter, addressed to the appropriations committee, advocated for funding of the Drug-Free Communities (DFC) Program at the highest possible level, but not below the current level of $109 million. We are very grateful to all members of the CADCA community who reached out to their Senators to ask for their signature on the letter&#8230;.<\/p>                        <\/a>\n                    <\/div>\n                                    <div class=\"post-wrapper\">\n                        <span class=\"post-category\">\n                                                    <\/span>\n                        <a href=\"https:\/\/www.cadca.org\/pt\/news-release\/cadca-honors-members-of-congress-for-their-commitment-to-prevention\/\">\n                            <h3>CADCA Honors Members of Congress for Their Commitment to Prevention<\/h3>\n                            <p>CADCA is proud to announce the recipients of several prestigious awards recognizing exemplary leadership and dedication to substance use prevention. The awards will be presented during CADCA\u2019s National Leadership Forum, February 2-6, 2026 at the Gaylord National Resort and Convention Center in National Harbor, Maryland.\u00a0&#8230;<\/p>                        <\/a>\n                    <\/div>\n                                    <div class=\"post-wrapper\">\n                        <span class=\"post-category\">\n                                                    <\/span>\n                        <a href=\"https:\/\/www.cadca.org\/pt\/news-release\/cadca-to-honor-outstanding-leaders-in-substance-use-prevention-at-2026-national-leadership-forum\/\">\n                            <h3>CADCA to Honor Outstanding Leaders in Substance Use Prevention at 2026 National Leadership Forum<\/h3>\n                            <p>CADCA is proud to announce the recipients of its 2026 National Leadership Forum Awards. Every year, CADCA recognizes exceptional individuals that have made significant contributions to the field of substance use prevention and community coalition leadership&#8230;.<\/p>                        <\/a>\n                    <\/div>\n                                    <div class=\"post-wrapper\">\n                        <span class=\"post-category\">\n                                                    <\/span>\n                        <a href=\"https:\/\/www.cadca.org\/pt\/news-release\/take-back-your-10-awards-mini-grants-to-local-organizations-to-engage-youth-in-tobacco-prevention\/\">\n                            <h3>Take Back Your 10 Awards Mini Grants to Local Organizations to Engage Youth in Tobacco Prevention<\/h3>\n                            <p>Take Back Your 10 (TB10), a statewide youth-led movement dedicated to tobacco prevention and control in Maryland, is proud to announce the awarding of mini grants to four coalitions, designating them as local TB10 chapters&#8230;.<\/p>                        <\/a>\n                    <\/div>\n                                    <div class=\"post-wrapper\">\n                        <span class=\"post-category\">\n                                                    <\/span>\n                        <a href=\"https:\/\/www.cadca.org\/pt\/news-release\/kansas-youth-leaders-awarded-scholarships-to-attend-cadcas-35th-annual-national-leadership-forum\/\">\n                            <h3>Kansas Youth Leaders Awarded Scholarships to Attend CADCA\u2019s 35th Annual National Leadership Forum<\/h3>\n                            <p>CADCA is excited to announce that 16 youth leaders from the Kansas Youth Prevention Action Council (KYPAC) were offered a scholarship to attend its 35th Annual National Leadership Forum, February 3-6, in National Harbor, MD. The conference featured training sessions and networking opportunities specifically tailored for youth, allowing them to connect with fellow youth leaders and engage in development opportunities directly related to&#8230;&#8230;<\/p>                        <\/a>\n                    <\/div>\n                                    <div class=\"post-wrapper\">\n                        <span class=\"post-category\">\n                                                    <\/span>\n                        <a href=\"https:\/\/www.cadca.org\/pt\/news-release\/cadca-earns-2024-great-place-to-work-certification\/\">\n                            <h3>CADCA Earns 2024 Great Place To Work Certification\u2122<\/h3>\n                            <p>CADCA is proud to be Certified\u2122 by Great Place To Work\u00ae for the second year in a row. The prestigious award is based entirely on what current employees say about their experience working at the organization. This year, 76 percent of employees said it\u2019s a great place to work, compared to 57 percent of employees at the average U.S. company&#8230;.<\/p>                        <\/a>\n                    <\/div>\n                        <\/div>\n                <div class=\"btn-wrapper\">\n            <a href=\"https:\/\/www.cadca.org\/pt\/press-room\/\"                class=\"btn-star\">Sala de imprensa<\/a>\n        <\/div>\n    <\/div>\n<\/section>\n\n\n<style media=\"all\" type=\"text\/css\">\n\n    \/* xs & sm (mobile) *\/\n    @media (max-width: 767.98px) {\n        }\n\n    \/* md (tablet) *\/\n    @media (min-width: 768px) and (max-width: 1199.98px) {\n        }\n\n    \/* lg (desktop) *\/\n    @media (min-width: 1200px) {\n        }\n\n    \/* custom styles *\/\n    <\/style>\n<section class=\"business_cards block_588396920a8efc06aa6505e36659723b\" id=\"block_588396920a8efc06aa6505e36659723b\">\n    <div class=\"container\">\n        <div class=\"cards_wrapper\">\n                        <div class=\"b_card\" style=\"background: url('https:\/\/www.cadca.org\/wp-content\/uploads\/2023\/12\/Maria_08-scaled.jpg');\">\n                <div class=\"bc_content\" style=\"background: url('https:\/\/www.cadca.org\/wp-content\/uploads\/2022\/02\/contact-left.jpg');\">\n                <h2>Contato de m\u00eddia<\/h2>\n<p><strong>Maria Egan<\/strong><\/p>\n<p>703-706-0560 ext.283<\/p>\n<p><a href=\"mailto:mariaegan@cadca.org\">mariaegan@cadca.org<\/a><\/p>\n                <\/div>\n            <\/div>\n                    <\/div>\n    <\/div>\n<\/section>","protected":false},"excerpt":{"rendered":"","protected":false},"author":23,"featured_media":0,"parent":0,"menu_order":0,"comment_status":"closed","ping_status":"closed","template":"","meta":{"_acf_changed":true,"inline_featured_image":false,"footnotes":""},"class_list":["post-551","page","type-page","status-publish","hentry"],"acf":[],"yoast_head":"<!-- This site is optimized with the Yoast SEO plugin v26.8 - https:\/\/yoast.com\/product\/yoast-seo-wordpress\/ -->\n<title>Press Room | CADCA<\/title>\n<meta name=\"description\" content=\"CADCA represents over 7,000 community coalitions that involve individuals from key sectors including schools, law enforcement, youth, parents, healthcare, media, tribal communities and others\" \/>\n<meta name=\"robots\" content=\"index, follow, max-snippet:-1, max-image-preview:large, max-video-preview:-1\" \/>\n<link rel=\"canonical\" href=\"https:\/\/www.cadca.org\/pt\/press-room\/\" \/>\n<meta property=\"og:locale\" content=\"pt_PT\" \/>\n<meta property=\"og:type\" content=\"article\" \/>\n<meta property=\"og:title\" content=\"Press Room | CADCA\" \/>\n<meta property=\"og:description\" content=\"CADCA represents over 7,000 community coalitions that involve individuals from key sectors including schools, law enforcement, youth, parents, healthcare, media, tribal communities and others\" \/>\n<meta property=\"og:url\" content=\"https:\/\/www.cadca.org\/pt\/press-room\/\" \/>\n<meta property=\"og:site_name\" content=\"CADCA\" \/>\n<meta property=\"article:modified_time\" content=\"2024-04-17T15:46:15+00:00\" \/>\n<meta property=\"og:image\" content=\"https:\/\/www.cadca.org\/wp-content\/uploads\/2022\/03\/cadca-member-of-logo1.jpg\" \/>\n\t<meta property=\"og:image:width\" content=\"880\" \/>\n\t<meta property=\"og:image:height\" content=\"500\" \/>\n\t<meta property=\"og:image:type\" content=\"image\/jpeg\" \/>\n<meta name=\"twitter:card\" content=\"summary_large_image\" \/>\n<script type=\"application\/ld+json\" class=\"yoast-schema-graph\">{\"@context\":\"https:\/\/schema.org\",\"@graph\":[{\"@type\":\"WebPage\",\"@id\":\"https:\/\/www.cadca.org\/press-room\/\",\"url\":\"https:\/\/www.cadca.org\/press-room\/\",\"name\":\"Press Room | CADCA\",\"isPartOf\":{\"@id\":\"https:\/\/www.cadca.org\/#website\"},\"datePublished\":\"2022-02-14T12:30:34+00:00\",\"dateModified\":\"2024-04-17T15:46:15+00:00\",\"description\":\"CADCA represents over 7,000 community coalitions that involve individuals from key sectors including schools, law enforcement, youth, parents, healthcare, media, tribal communities and others\",\"breadcrumb\":{\"@id\":\"https:\/\/www.cadca.org\/press-room\/#breadcrumb\"},\"inLanguage\":\"pt-PT\",\"potentialAction\":[{\"@type\":\"ReadAction\",\"target\":[\"https:\/\/www.cadca.org\/press-room\/\"]}]},{\"@type\":\"BreadcrumbList\",\"@id\":\"https:\/\/www.cadca.org\/press-room\/#breadcrumb\",\"itemListElement\":[{\"@type\":\"ListItem\",\"position\":1,\"name\":\"Home\",\"item\":\"https:\/\/www.cadca.org\/\"},{\"@type\":\"ListItem\",\"position\":2,\"name\":\"Press Room\"}]},{\"@type\":\"WebSite\",\"@id\":\"https:\/\/www.cadca.org\/#website\",\"url\":\"https:\/\/www.cadca.org\/\",\"name\":\"CADCA\",\"description\":\"The Premier Prevention Association\",\"potentialAction\":[{\"@type\":\"SearchAction\",\"target\":{\"@type\":\"EntryPoint\",\"urlTemplate\":\"https:\/\/www.cadca.org\/?s={search_term_string}\"},\"query-input\":{\"@type\":\"PropertyValueSpecification\",\"valueRequired\":true,\"valueName\":\"search_term_string\"}}],\"inLanguage\":\"pt-PT\"}]}<\/script>\n<!-- \/ Yoast SEO plugin. -->","yoast_head_json":{"title":"Press Room | CADCA","description":"CADCA represents over 7,000 community coalitions that involve individuals from key sectors including schools, law enforcement, youth, parents, healthcare, media, tribal communities and others","robots":{"index":"index","follow":"follow","max-snippet":"max-snippet:-1","max-image-preview":"max-image-preview:large","max-video-preview":"max-video-preview:-1"},"canonical":"https:\/\/www.cadca.org\/pt\/press-room\/","og_locale":"pt_PT","og_type":"article","og_title":"Press Room | CADCA","og_description":"CADCA represents over 7,000 community coalitions that involve individuals from key sectors including schools, law enforcement, youth, parents, healthcare, media, tribal communities and others","og_url":"https:\/\/www.cadca.org\/pt\/press-room\/","og_site_name":"CADCA","article_modified_time":"2024-04-17T15:46:15+00:00","og_image":[{"width":880,"height":500,"url":"https:\/\/www.cadca.org\/wp-content\/uploads\/2022\/03\/cadca-member-of-logo1.jpg","type":"image\/jpeg"}],"twitter_card":"summary_large_image","schema":{"@context":"https:\/\/schema.org","@graph":[{"@type":"WebPage","@id":"https:\/\/www.cadca.org\/press-room\/","url":"https:\/\/www.cadca.org\/press-room\/","name":"Press Room | CADCA","isPartOf":{"@id":"https:\/\/www.cadca.org\/#website"},"datePublished":"2022-02-14T12:30:34+00:00","dateModified":"2024-04-17T15:46:15+00:00","description":"CADCA represents over 7,000 community coalitions that involve individuals from key sectors including schools, law enforcement, youth, parents, healthcare, media, tribal communities and others","breadcrumb":{"@id":"https:\/\/www.cadca.org\/press-room\/#breadcrumb"},"inLanguage":"pt-PT","potentialAction":[{"@type":"ReadAction","target":["https:\/\/www.cadca.org\/press-room\/"]}]},{"@type":"BreadcrumbList","@id":"https:\/\/www.cadca.org\/press-room\/#breadcrumb","itemListElement":[{"@type":"ListItem","position":1,"name":"Home","item":"https:\/\/www.cadca.org\/"},{"@type":"ListItem","position":2,"name":"Press Room"}]},{"@type":"WebSite","@id":"https:\/\/www.cadca.org\/#website","url":"https:\/\/www.cadca.org\/","name":"CADCA","description":"The Premier Prevention Association","potentialAction":[{"@type":"SearchAction","target":{"@type":"EntryPoint","urlTemplate":"https:\/\/www.cadca.org\/?s={search_term_string}"},"query-input":{"@type":"PropertyValueSpecification","valueRequired":true,"valueName":"search_term_string"}}],"inLanguage":"pt-PT"}]}},"_links":{"self":[{"href":"https:\/\/www.cadca.org\/pt\/wp-json\/wp\/v2\/pages\/551","targetHints":{"allow":["GET"]}}],"collection":[{"href":"https:\/\/www.cadca.org\/pt\/wp-json\/wp\/v2\/pages"}],"about":[{"href":"https:\/\/www.cadca.org\/pt\/wp-json\/wp\/v2\/types\/page"}],"author":[{"embeddable":true,"href":"https:\/\/www.cadca.org\/pt\/wp-json\/wp\/v2\/users\/23"}],"replies":[{"embeddable":true,"href":"https:\/\/www.cadca.org\/pt\/wp-json\/wp\/v2\/comments?post=551"}],"version-history":[{"count":0,"href":"https:\/\/www.cadca.org\/pt\/wp-json\/wp\/v2\/pages\/551\/revisions"}],"wp:attachment":[{"href":"https:\/\/www.cadca.org\/pt\/wp-json\/wp\/v2\/media?parent=551"}],"curies":[{"name":"wp","href":"https:\/\/api.w.org\/{rel}","templated":true}]}}