{"id":4089,"date":"2022-04-14T11:03:33","date_gmt":"2022-04-14T11:03:33","guid":{"rendered":"http:\/\/localhost:10028\/?page_id=4089"},"modified":"2023-08-01T20:52:37","modified_gmt":"2023-08-01T20:52:37","slug":"e-learning","status":"publish","type":"page","link":"https:\/\/www.cadca.org\/pt\/e-learning\/","title":{"rendered":"E-learning"},"content":{"rendered":"<style media=\"all\" type=\"text\/css\">\n\n    \/* xs & sm (mobile) *\/\n    @media (max-width: 767.98px) {\n        }\n\n    \/* md (tablet) *\/\n    @media (min-width: 768px) and (max-width: 1199.98px) {\n        }\n\n    \/* lg (desktop) *\/\n    @media (min-width: 1200px) {\n        }\n\n    \/* custom styles *\/\n    <\/style>\n<section class=\"e-learning block_36496f87511fcc59af5693ac296dca27\" id=\"block_36496f87511fcc59af5693ac296dca27\">\n    <div class=\"e-learning__container\">\n        <div class='e-learning__text'>\n            <h5>Oportunidades de e-learning<\/h5>\n<p><a href=\"https:\/\/cadca.docebosaas.com\/\">Ir para cursos on-line<\/a><\/p>\n<p>Muito simplesmente, o e-learning \u00e9 o aprendizado eletr\u00f4nico e, normalmente, isso significa usar um computador para fornecer parte ou toda a experi\u00eancia de aprendizado. H\u00e1 v\u00e1rios benef\u00edcios no e-learning, seja para voc\u00ea ou para as partes interessadas de sua coaliz\u00e3o. Vamos explorar alguns deles.<\/p>\n<p>\u2022\u00a0\u00a0 \u00a0<strong>\u00c9 econ\u00f4mico e economiza tempo:<\/strong> A CADCA entende que as coaliz\u00f5es t\u00eam or\u00e7amentos limitados para eventos de treinamento. Ao reduzir o tempo fora do escrit\u00f3rio, eliminar custos de viagem e op\u00e7\u00f5es para imprimir materiais, o e-learning ajuda a economizar dinheiro e aumentar a produtividade no local de trabalho.<br \/>\n\u2022\u00a0\u00a0 \u00a0<strong>Mais partes interessadas podem aproveitar:<\/strong> Devido ao custo-benef\u00edcio e ao f\u00e1cil acesso, \u00e9 poss\u00edvel que todos os funcion\u00e1rios e parceiros da coaliz\u00e3o participem de sess\u00f5es de e-learning. Eles apreciar\u00e3o a oportunidade de aprender em primeira m\u00e3o e obter desenvolvimento profissional.<br \/>\n\u2022\u00a0\u00a0 \u00a0<strong>Aprendendo 24 horas por dia, 7 dias por semana, em qualquer lugar:<\/strong> As partes interessadas da coaliz\u00e3o podem concluir a maioria das sess\u00f5es de e-learning quando e onde quiserem. Eles podem iniciar e interromper as sess\u00f5es e retornar de onde pararam sem falhas. Dependendo da oportunidade de e-learning, o m\u00f3dulo m\u00e9dio de aprendizado \u00e9 de 30 minutos a 1,5 horas por vez.<br \/>\n\u2022\u00a0\u00a0 <strong>\u00a0A documenta\u00e7\u00e3o do comparecimento ainda \u00e9 poss\u00edvel:<\/strong> Um aspecto importante do uso de computadores para aprendizado \u00e9 que o progresso \u00e9 rastreado e a documenta\u00e7\u00e3o da participa\u00e7\u00e3o \u00e9 fornecida automaticamente para cada aluno. Para sess\u00f5es que n\u00e3o s\u00e3o rastreadas, o CADCA geralmente ainda pode confirmar a presen\u00e7a e fornecer uma carta de participa\u00e7\u00e3o.<br \/>\n\u2022\u00a0\u00a0 \u00a0<strong>\u00c9 discreto: <\/strong>Nem todo mundo se sente confort\u00e1vel aprendendo em um grupo grande ou tem medo de fazer perguntas sobre o conte\u00fado que acha dif\u00edcil quando os outros parecem entender facilmente. O e-learning permite que os alunos abordem o assunto em seu pr\u00f3prio ritmo, com tarefas interativas para garantir um entendimento completo.<\/p>\n<p>Atualmente, o CADCA oferece dois tipos de experi\u00eancias de e-learning, cursos on-line autodirigidos e webinars informativos. Estamos explorando cursos de e-learning s\u00edncronos que seriam semelhantes a programas on-line de n\u00edvel de ensino superior.<\/p>\n<p style=\"text-align: center\"><span style=\"font-size: 20px\"><strong>Curso em destaque<\/strong><\/span><\/p>\n<p style=\"text-align: center\"><a href=\"https:\/\/cadca.docebosaas.com\/learn\/learning_plan\/view\/3\/transforming-your-community\"><img loading=\"lazy\" decoding=\"async\" class=\"aligncenter wp-image-19752\" src=\"https:\/\/www.cadca.org\/wp-content\/uploads\/2023\/08\/tycgraphicuse-300x150.png\" alt=\"\" width=\"450\" height=\"225\" srcset=\"https:\/\/www.cadca.org\/wp-content\/uploads\/2023\/08\/tycgraphicuse-300x150.png 300w, https:\/\/www.cadca.org\/wp-content\/uploads\/2023\/08\/tycgraphicuse-768x384.png 768w, https:\/\/www.cadca.org\/wp-content\/uploads\/2023\/08\/tycgraphicuse-18x9.png 18w, https:\/\/www.cadca.org\/wp-content\/uploads\/2023\/08\/tycgraphicuse.png 800w\" sizes=\"auto, (max-width: 450px) 100vw, 450px\" \/><\/a><\/p>\n        <\/div>\n        <div class=\"e-learning__columns\">\n                               <div class=\"e-learning__column-item\">\n                        <div> <img decoding=\"async\" src=\"https:\/\/www.cadca.org\/wp-content\/uploads\/2022\/04\/training_elearninglandingpage_webinar.jpeg\" \/> <\/div>\n                        <div>Os webinars da CADCA, ou semin\u00e1rios baseados na web, s\u00e3o apresenta\u00e7\u00f5es visuais com um componente de estilo de palestra transmitido pela web usando o Blackboard Collaborate. Os webinars duram de 1 a 1,5 horas. As sess\u00f5es geralmente se concentram em um princ\u00edpio de um t\u00f3pico espec\u00edfico e geralmente incluem exemplos de coaliz\u00e3o.<\/div>\n                    <\/div>\n                                    <div class=\"e-learning__column-item\">\n                        <div> <img decoding=\"async\" src=\"https:\/\/www.cadca.org\/wp-content\/uploads\/2022\/04\/training_elearninglandingpage_onlinecourses.png\" \/> <\/div>\n                        <div>Os cursos on-line do CADCA s\u00e3o m\u00f3dulos autodirigidos narrados com capturas de tela que incluem os pontos principais de cada slide. Cada m\u00f3dulo tem uma combina\u00e7\u00e3o de cen\u00e1rios, quest\u00f5es de reflex\u00e3o, atividades, palestras e question\u00e1rios. No final de cada m\u00f3dulo, o aluno ser\u00e1 solicitado a concluir uma avalia\u00e7\u00e3o de conhecimento. Um certificado de conclus\u00e3o \u00e9 fornecido para aqueles que conclu\u00edrem o curso com sucesso.<\/div>\n                    <\/div>\n                                    <div class=\"e-learning__column-item\">\n                        <div> <img decoding=\"async\" src=\"https:\/\/www.cadca.org\/wp-content\/uploads\/2022\/04\/training_elearninglandingpage_synchronouslearning.jpeg\" \/> <\/div>\n                        <div>A aprendizagem s\u00edncrona refere-se a um ambiente de aprendizagem em que todos participam ao mesmo tempo. O e-learning s\u00edncrono permite que os alunos se inscrevam e se re\u00fanam regularmente em uma sala de aula on-line para receber instru\u00e7\u00f5es em tempo real, colaborar com colegas e trabalhar em produtos de aplicativos no ambiente virtual.<\/div>\n                    <\/div>\n                        <\/div>\n        <div class=\"e-learning__links\">\n            <a href=\"https:\/\/cadca.docebosaas.com\/\" target=\"_blank\">Ir para cursos on-line<\/a>\n        <\/div>\n    <\/div>\n<\/section>","protected":false},"excerpt":{"rendered":"","protected":false},"author":2,"featured_media":0,"parent":0,"menu_order":0,"comment_status":"closed","ping_status":"closed","template":"","meta":{"_acf_changed":false,"inline_featured_image":false,"footnotes":""},"class_list":["post-4089","page","type-page","status-publish","hentry"],"acf":[],"yoast_head":"<!-- This site is optimized with the Yoast SEO plugin v27.4 - https:\/\/yoast.com\/product\/yoast-seo-wordpress\/ -->\n<title>E-learning | CADCA<\/title>\n<meta name=\"description\" content=\"CADCA represents over 7,000 community coalitions that involve individuals from key sectors including schools, law enforcement, youth, parents, healthcare, media, tribal communities and others\" \/>\n<meta name=\"robots\" content=\"index, follow, max-snippet:-1, max-image-preview:large, max-video-preview:-1\" \/>\n<link rel=\"canonical\" href=\"https:\/\/www.cadca.org\/pt\/e-learning\/\" \/>\n<meta property=\"og:locale\" content=\"pt_PT\" \/>\n<meta property=\"og:type\" content=\"article\" \/>\n<meta property=\"og:title\" content=\"E-learning | CADCA\" \/>\n<meta property=\"og:description\" content=\"CADCA represents over 7,000 community coalitions that involve individuals from key sectors including schools, law enforcement, youth, parents, healthcare, media, tribal communities and others\" \/>\n<meta property=\"og:url\" content=\"https:\/\/www.cadca.org\/pt\/e-learning\/\" \/>\n<meta property=\"og:site_name\" content=\"CADCA\" \/>\n<meta property=\"article:modified_time\" content=\"2023-08-01T20:52:37+00:00\" \/>\n<meta property=\"og:image\" content=\"https:\/\/www.cadca.org\/wp-content\/uploads\/2022\/03\/cadca-member-of-logo1.jpg\" \/>\n\t<meta property=\"og:image:width\" content=\"880\" \/>\n\t<meta property=\"og:image:height\" content=\"500\" \/>\n\t<meta property=\"og:image:type\" content=\"image\/jpeg\" \/>\n<meta name=\"twitter:card\" content=\"summary_large_image\" \/>\n<script type=\"application\/ld+json\" class=\"yoast-schema-graph\">{\"@context\":\"https:\\\/\\\/schema.org\",\"@graph\":[{\"@type\":\"WebPage\",\"@id\":\"https:\\\/\\\/www.cadca.org\\\/e-learning\\\/\",\"url\":\"https:\\\/\\\/www.cadca.org\\\/e-learning\\\/\",\"name\":\"E-learning | CADCA\",\"isPartOf\":{\"@id\":\"https:\\\/\\\/www.cadca.org\\\/#website\"},\"datePublished\":\"2022-04-14T11:03:33+00:00\",\"dateModified\":\"2023-08-01T20:52:37+00:00\",\"description\":\"CADCA represents over 7,000 community coalitions that involve individuals from key sectors including schools, law enforcement, youth, parents, healthcare, media, tribal communities and others\",\"breadcrumb\":{\"@id\":\"https:\\\/\\\/www.cadca.org\\\/e-learning\\\/#breadcrumb\"},\"inLanguage\":\"pt-PT\",\"potentialAction\":[{\"@type\":\"ReadAction\",\"target\":[\"https:\\\/\\\/www.cadca.org\\\/e-learning\\\/\"]}]},{\"@type\":\"BreadcrumbList\",\"@id\":\"https:\\\/\\\/www.cadca.org\\\/e-learning\\\/#breadcrumb\",\"itemListElement\":[{\"@type\":\"ListItem\",\"position\":1,\"name\":\"Home\",\"item\":\"https:\\\/\\\/www.cadca.org\\\/\"},{\"@type\":\"ListItem\",\"position\":2,\"name\":\"E-learning\"}]},{\"@type\":\"WebSite\",\"@id\":\"https:\\\/\\\/www.cadca.org\\\/#website\",\"url\":\"https:\\\/\\\/www.cadca.org\\\/\",\"name\":\"CADCA\",\"description\":\"The Premier Prevention Association\",\"potentialAction\":[{\"@type\":\"SearchAction\",\"target\":{\"@type\":\"EntryPoint\",\"urlTemplate\":\"https:\\\/\\\/www.cadca.org\\\/?s={search_term_string}\"},\"query-input\":{\"@type\":\"PropertyValueSpecification\",\"valueRequired\":true,\"valueName\":\"search_term_string\"}}],\"inLanguage\":\"pt-PT\"}]}<\/script>\n<!-- \/ Yoast SEO plugin. -->","yoast_head_json":{"title":"E-learning | CADCA","description":"CADCA represents over 7,000 community coalitions that involve individuals from key sectors including schools, law enforcement, youth, parents, healthcare, media, tribal communities and others","robots":{"index":"index","follow":"follow","max-snippet":"max-snippet:-1","max-image-preview":"max-image-preview:large","max-video-preview":"max-video-preview:-1"},"canonical":"https:\/\/www.cadca.org\/pt\/e-learning\/","og_locale":"pt_PT","og_type":"article","og_title":"E-learning | CADCA","og_description":"CADCA represents over 7,000 community coalitions that involve individuals from key sectors including schools, law enforcement, youth, parents, healthcare, media, tribal communities and others","og_url":"https:\/\/www.cadca.org\/pt\/e-learning\/","og_site_name":"CADCA","article_modified_time":"2023-08-01T20:52:37+00:00","og_image":[{"width":880,"height":500,"url":"https:\/\/www.cadca.org\/wp-content\/uploads\/2022\/03\/cadca-member-of-logo1.jpg","type":"image\/jpeg"}],"twitter_card":"summary_large_image","schema":{"@context":"https:\/\/schema.org","@graph":[{"@type":"WebPage","@id":"https:\/\/www.cadca.org\/e-learning\/","url":"https:\/\/www.cadca.org\/e-learning\/","name":"E-learning | CADCA","isPartOf":{"@id":"https:\/\/www.cadca.org\/#website"},"datePublished":"2022-04-14T11:03:33+00:00","dateModified":"2023-08-01T20:52:37+00:00","description":"CADCA represents over 7,000 community coalitions that involve individuals from key sectors including schools, law enforcement, youth, parents, healthcare, media, tribal communities and others","breadcrumb":{"@id":"https:\/\/www.cadca.org\/e-learning\/#breadcrumb"},"inLanguage":"pt-PT","potentialAction":[{"@type":"ReadAction","target":["https:\/\/www.cadca.org\/e-learning\/"]}]},{"@type":"BreadcrumbList","@id":"https:\/\/www.cadca.org\/e-learning\/#breadcrumb","itemListElement":[{"@type":"ListItem","position":1,"name":"Home","item":"https:\/\/www.cadca.org\/"},{"@type":"ListItem","position":2,"name":"E-learning"}]},{"@type":"WebSite","@id":"https:\/\/www.cadca.org\/#website","url":"https:\/\/www.cadca.org\/","name":"CADCA","description":"The Premier Prevention Association","potentialAction":[{"@type":"SearchAction","target":{"@type":"EntryPoint","urlTemplate":"https:\/\/www.cadca.org\/?s={search_term_string}"},"query-input":{"@type":"PropertyValueSpecification","valueRequired":true,"valueName":"search_term_string"}}],"inLanguage":"pt-PT"}]}},"_links":{"self":[{"href":"https:\/\/www.cadca.org\/pt\/wp-json\/wp\/v2\/pages\/4089","targetHints":{"allow":["GET"]}}],"collection":[{"href":"https:\/\/www.cadca.org\/pt\/wp-json\/wp\/v2\/pages"}],"about":[{"href":"https:\/\/www.cadca.org\/pt\/wp-json\/wp\/v2\/types\/page"}],"author":[{"embeddable":true,"href":"https:\/\/www.cadca.org\/pt\/wp-json\/wp\/v2\/users\/2"}],"replies":[{"embeddable":true,"href":"https:\/\/www.cadca.org\/pt\/wp-json\/wp\/v2\/comments?post=4089"}],"version-history":[{"count":0,"href":"https:\/\/www.cadca.org\/pt\/wp-json\/wp\/v2\/pages\/4089\/revisions"}],"wp:attachment":[{"href":"https:\/\/www.cadca.org\/pt\/wp-json\/wp\/v2\/media?parent=4089"}],"curies":[{"name":"wp","href":"https:\/\/api.w.org\/{rel}","templated":true}]}}