{"id":3,"date":"2022-01-21T09:49:03","date_gmt":"2022-01-21T09:49:03","guid":{"rendered":"http:\/\/localhost:10028\/?page_id=3"},"modified":"2022-03-08T07:54:08","modified_gmt":"2022-03-08T07:54:08","slug":"privacy-policy","status":"publish","type":"page","link":"https:\/\/www.cadca.org\/pt\/privacy-policy\/","title":{"rendered":"Pol\u00edtica de Privacidade"},"content":{"rendered":"<style media=\"all\" type=\"text\/css\">\n\n    \n    \/* xs & sm (mobile) *\/\n    @media (max-width: 767.98px) {\n        }\n\n    \/* md (tablet) *\/\n    @media (min-width: 768px) and (max-width: 1199.98px) {\n        }\n\n    \/* lg (desktop) *\/\n    @media (min-width: 1200px) {\n        }\n\n    \/* custom styles *\/\n    <\/style>\n<section class=\"rte article-format  block_62270ae043327\" id=\"block_62270ae043327\">\n    <div class=\"container\">\n        <h2>Pol\u00edtica de Privacidade<\/h2>\n<p>A Community Anti-Drug Coalitions of America (CADCA) tem o compromisso de respeitar a privacidade. Esta pol\u00edtica de privacidade rege nossa coleta e uso de informa\u00e7\u00f5es pessoais e comerciais coletadas de membros e visitantes de nosso site, por meio de nosso e-mail e correspond\u00eancia normal, telefonemas e faxes, e reflete nossas pol\u00edticas de privacidade em rela\u00e7\u00e3o a todos os outros meios de coleta e divulga\u00e7\u00e3o de dados. Nossa pol\u00edtica \u00e9 usar todos e quaisquer dados coletados por qualquer meio, seja pela internet, e-mail, nosso banco de dados online e\/ou quaisquer formul\u00e1rios interativos ou pesquisas apenas para usos que sejam importantes para nossa organiza\u00e7\u00e3o e nossa causa.<\/p>\n<p><strong>Visitantes do site e seguran\u00e7a do site<\/strong><br \/>\nO site CADCA coleta informa\u00e7\u00f5es sobre cada visitante do nosso site das seguintes maneiras:<\/p>\n<ul>\n<li><strong>Endere\u00e7os IP<\/strong><br \/>\nSeu endere\u00e7o IP n\u00e3o revela nenhuma informa\u00e7\u00e3o pessoal sobre voc\u00ea ou suas atividades. Nosso host de servidor web registra todos os endere\u00e7os IP de todos os visitantes para automatizar a coleta de informa\u00e7\u00f5es sobre tr\u00e1fego da web, uso, tempo de perman\u00eancia dos visitantes, novos visitantes, pontos de entrada e sa\u00edda e similares. Tamb\u00e9m \u00e9 usado como informa\u00e7\u00e3o estat\u00edstica para relat\u00f3rios e para encontrar maneiras de melhorar a usabilidade da web.<\/li>\n<li><strong>Biscoitos<\/strong><br \/>\nNosso site usa cookies para coletar informa\u00e7\u00f5es sobre o tr\u00e1fego e melhorar sua visita ao nosso site. Um cookie \u00e9: \u201cUma mensagem dada a um navegador da Web por um servidor da Web. O navegador armazena a mensagem em um arquivo de texto. A mensagem \u00e9 ent\u00e3o enviada de volta ao servidor cada vez que o navegador solicita uma p\u00e1gina do servidor.\u201d Os cookies s\u00e3o usados para personalizar p\u00e1ginas da web para fornecer prefer\u00eancias ao usu\u00e1rio. Eles podem ser desativados no seu navegador se voc\u00ea desejar configurando as prefer\u00eancias do seu navegador para n\u00e3o aceit\u00e1-los. Nenhuma informa\u00e7\u00e3o coletada por quaisquer cookies que temos em nosso site \u00e9 usada para divulgar informa\u00e7\u00f5es sobre seu uso pessoal da Internet, nem \u00e9 usada para fins de marketing ou publicidade.<\/li>\n<li><strong>Formul\u00e1rios on-line<\/strong><br \/>\nOs formul\u00e1rios online s\u00e3o gerados pelo nosso banco de dados para coletar informa\u00e7\u00f5es sobre voc\u00ea e sua organiza\u00e7\u00e3o quando voc\u00ea se registra como membro, apresentador, evento ou treinamento. Nenhuma dessas informa\u00e7\u00f5es \u00e9 compartilhada com terceiros, exceto aquelas que se destinam a ser mostradas nas p\u00e1ginas de resultados conforme delineado no formul\u00e1rio. Se voc\u00ea postar informa\u00e7\u00f5es dispon\u00edveis na web e desejar que sejam removidas ou corrigidas, entre em contato conosco e atenderemos sua solicita\u00e7\u00e3o o mais r\u00e1pido poss\u00edvel.<\/li>\n<li><strong>Correspond\u00eancia<\/strong><br \/>\nNenhuma de suas informa\u00e7\u00f5es de contato ou qualquer de sua correspond\u00eancia que voc\u00ea enviar por correio normal, online por meio de formul\u00e1rios, por e-mail ou qualquer outro meio \u00e9 vendida a terceiros sob nenhuma circunst\u00e2ncia e \u00e9 usada apenas para conduzir nossos neg\u00f3cios di\u00e1rios no cumprimento de nossas miss\u00e3o de acordo com nossas pol\u00edticas como entidade sem fins lucrativos.<\/li>\n<\/ul>\n<p><strong>Pr\u00e1ticas de Compartilhamento CADCA<\/strong><br \/>\nNenhuma das informa\u00e7\u00f5es que coletamos \u00e9 compartilhada com terceiros, exceto como estat\u00edsticas agregadas para fins de relat\u00f3rios de desempenho organizacional, captura e defini\u00e7\u00e3o de padr\u00f5es de tr\u00e1fego da Web e melhoria do site. Informa\u00e7\u00f5es desse tipo nunca s\u00e3o usadas para rastrear ou monitorar usu\u00e1rios individuais. Nosso objetivo \u00e9 fornecer comunica\u00e7\u00f5es e colabora\u00e7\u00e3o com e entre organiza\u00e7\u00f5es sem fins lucrativos, para melhorar o fluxo de informa\u00e7\u00f5es para a comunidade sem fins lucrativos e para melhorar o conte\u00fado e a usabilidade de nosso site, programas, produtos e servi\u00e7os. Se voc\u00ea nos enviar perguntas sobre o conte\u00fado do nosso site ou qualquer uma de nossas \u00e1reas de opera\u00e7\u00e3o, podemos encaminhar sua solicita\u00e7\u00e3o de informa\u00e7\u00f5es para terceiros que possam ajud\u00e1-lo, ou podemos responder a voc\u00ea com essas informa\u00e7\u00f5es em esp\u00e9cie. Voc\u00ea pode, a qualquer momento, solicitar que n\u00e3o o fa\u00e7amos, e atenderemos a essa solicita\u00e7\u00e3o, exceto se formos obrigados por regulamentos legais ou uma ordem judicial a faz\u00ea-lo. \u00c9 improv\u00e1vel que entraremos em contato com voc\u00ea para verifica\u00e7\u00e3o, mas nos reservamos o direito de faz\u00ea-lo, caso seja necess\u00e1rio. Se voc\u00ea entrar em contato conosco por e-mail ou telefone, poderemos solicitar que voc\u00ea verifique suas informa\u00e7\u00f5es pessoais para que possamos responder \u00e0 sua consulta com a garantia de sua identidade. Nosso banco de dados on-line \u00e9 protegido por seguran\u00e7a implementada para proteger a integridade dos dados e impedir o acesso e\/ou uso n\u00e3o autorizado de seus sistemas. Essas medidas de seguran\u00e7a foram projetadas para fornecer ao usu\u00e1rio uma prote\u00e7\u00e3o razo\u00e1vel das informa\u00e7\u00f5es privadas confiadas \u00e0 nossa posse.<\/p>\n<p><strong>Ativar\/Desativar o Boletim Informativo e Eblasts Online da CADCA Coalitions (CO)<\/strong><br \/>\nMembros (individuais, grupos de interesse especial, coaliz\u00f5es) e afiliados (parceiros federais, patrocinadores, expositores) recebem automaticamente o CO semanal e v\u00e1rios eblasts distribu\u00eddos pelo CADCA. Uma vez que voc\u00ea fa\u00e7a parte de nossas listas de contato\/distribui\u00e7\u00e3o, voc\u00ea pode optar por sair a qualquer momento entrando em contato com a CADCA por e-mail (<a href=\"mailto:news@cadca.org\">news@cadca.org<\/a>) ou ligando\u00a0<strong>703-706-0560x262<\/strong>.<\/p>\n<p><strong>Links para outros sites<\/strong><br \/>\nNosso site tem links para muitos outros sites nos n\u00edveis internacional, nacional, regional, estadual e local. Embora trabalhemos arduamente para ter certeza de que estamos fazendo links para sites apropriados e assumimos total responsabilidade pelo conte\u00fado de nosso site e nossa pr\u00f3pria pol\u00edtica de privacidade, n\u00e3o somos respons\u00e1veis pelas pr\u00e1ticas de privacidade ou pelo conte\u00fado dos sites aos quais nos conectamos.<\/p>\n<p><strong>Pesquisas on-line<\/strong><br \/>\nOcasionalmente, podemos solicitar que voc\u00ea participe de pesquisas on-line no interesse de cumprir nossa miss\u00e3o. Essas pesquisas s\u00e3o sempre volunt\u00e1rias e n\u00e3o \u00e9 necess\u00e1rio que voc\u00ea as preencha. Se voc\u00ea decidir preencher uma pesquisa, os tipos de informa\u00e7\u00f5es coletadas podem incluir dados demogr\u00e1ficos, como CEP, faixa et\u00e1ria, etnia, servi\u00e7os recebidos ou fornecidos, etc. No entanto, nenhuma dessas informa\u00e7\u00f5es ser\u00e1 coletada em qualquer indiv\u00edduo ou que pode ser usado para identificar qualquer indiv\u00edduo. As informa\u00e7\u00f5es da pesquisa s\u00e3o usadas em conjunto para melhorar nossos servi\u00e7os organizacionais e online.<\/p>\n<p><strong>Uso de fotos, v\u00eddeos e grava\u00e7\u00f5es<\/strong><br \/>\nFotografias, v\u00eddeos ou grava\u00e7\u00f5es de \u00e1udio tiradas em eventos do CADCA podem ser usados pelo CADCA em promo\u00e7\u00f5es eletr\u00f4nicas ou impressas ou materiais educacionais. Se voc\u00ea n\u00e3o deseja que sua imagem ou grava\u00e7\u00e3o de voz seja usada, forne\u00e7a seu nome a um membro da equipe do CADCA no evento aplic\u00e1vel e informe-o sobre sua solicita\u00e7\u00e3o.<\/p>\n<p><strong>Listas de Confer\u00eancias<\/strong><br \/>\nAo se inscrever em qualquer um dos eventos do CADCA, voc\u00ea nos d\u00e1 permiss\u00e3o para listar seu nome, organiza\u00e7\u00e3o e cidade\/estado no site do evento na aba \u201cQuem vai participar\u201d. Uma vez registrado, voc\u00ea pode optar por sair a qualquer momento entrando em contato com a CADCA por e-mail (<a href=\"mailto:events@cadca.org\">events@cadca.org<\/a>) ou ligando para 703-706-0560 x253.<\/p>\n<p><strong>Registros de pagamento<\/strong><br \/>\nO CADCA coleta e armazena n\u00fameros de cart\u00e3o de cr\u00e9dito ao se inscrever em um evento, comprar um item ou fazer uma doa\u00e7\u00e3o, que s\u00e3o armazenados em nosso banco de dados. Os formul\u00e1rios em papel recebidos com detalhes de pagamento s\u00e3o armazenados em local seguro e arquivados apenas pelo per\u00edodo de tempo exigido pelo IRS (depois disso, os formul\u00e1rios s\u00e3o triturados para sua seguran\u00e7a). A CADCA cumpre o Padr\u00e3o de Seguran\u00e7a de Dados da Ind\u00fastria de Cart\u00f5es de Pagamento (PCI DSS), que \u00e9 um conjunto de requisitos projetados para garantir que TODAS as empresas que processam, armazenam ou transmitem informa\u00e7\u00f5es de cart\u00e3o de cr\u00e9dito mantenham um ambiente seguro. Apenas alguns funcion\u00e1rios CADCA aplic\u00e1veis t\u00eam acesso aos registros financeiros em nosso banco de dados e nenhuma dessas informa\u00e7\u00f5es \u00e9 compartilhada com terceiros.<\/p>\n<p><strong>Entrando em contato conosco<\/strong><br \/>\nSe voc\u00ea acredita que suas informa\u00e7\u00f5es pessoais e\/ou privadas est\u00e3o sendo usadas para um prop\u00f3sito diferente do pretendido, ou se tiver alguma d\u00favida sobre nossa Pol\u00edtica de Privacidade ou as pr\u00e1ticas de nosso site, entre em contato com a CADCA por e-mail (<a href=\"mailto:membership@cadca.org\">member@cadca.org<\/a>) ou ligando para 703-706-0560 x228, e a equipe do CADCA entrar\u00e1 em contato imediatamente.<\/p>\n    <\/div>\n<\/section>","protected":false},"excerpt":{"rendered":"","protected":false},"author":23,"featured_media":0,"parent":0,"menu_order":0,"comment_status":"closed","ping_status":"closed","template":"","meta":{"_acf_changed":false,"inline_featured_image":false,"footnotes":""},"class_list":["post-3","page","type-page","status-publish","hentry"],"acf":[],"yoast_head":"<!-- This site is optimized with the Yoast SEO plugin v26.8 - https:\/\/yoast.com\/product\/yoast-seo-wordpress\/ -->\n<title>Privacy Policy | CADCA<\/title>\n<meta name=\"description\" content=\"CADCA represents over 7,000 community coalitions that involve individuals from key sectors including schools, law enforcement, youth, parents, healthcare, media, tribal communities and others\" \/>\n<meta name=\"robots\" content=\"index, follow, max-snippet:-1, max-image-preview:large, max-video-preview:-1\" \/>\n<link rel=\"canonical\" href=\"https:\/\/www.cadca.org\/pt\/privacy-policy\/\" \/>\n<meta property=\"og:locale\" content=\"pt_PT\" \/>\n<meta property=\"og:type\" content=\"article\" \/>\n<meta property=\"og:title\" content=\"Privacy Policy | CADCA\" \/>\n<meta property=\"og:description\" content=\"CADCA represents over 7,000 community coalitions that involve individuals from key sectors including schools, law enforcement, youth, parents, healthcare, media, tribal communities and others\" \/>\n<meta property=\"og:url\" content=\"https:\/\/www.cadca.org\/pt\/privacy-policy\/\" \/>\n<meta property=\"og:site_name\" content=\"CADCA\" \/>\n<meta property=\"article:modified_time\" content=\"2022-03-08T07:54:08+00:00\" \/>\n<meta property=\"og:image\" content=\"https:\/\/www.cadca.org\/wp-content\/uploads\/2022\/03\/cadca-member-of-logo1.jpg\" \/>\n\t<meta property=\"og:image:width\" content=\"880\" \/>\n\t<meta property=\"og:image:height\" content=\"500\" \/>\n\t<meta property=\"og:image:type\" content=\"image\/jpeg\" \/>\n<meta name=\"twitter:card\" content=\"summary_large_image\" \/>\n<script type=\"application\/ld+json\" class=\"yoast-schema-graph\">{\"@context\":\"https:\/\/schema.org\",\"@graph\":[{\"@type\":\"WebPage\",\"@id\":\"https:\/\/www.cadca.org\/privacy-policy\/\",\"url\":\"https:\/\/www.cadca.org\/privacy-policy\/\",\"name\":\"Privacy Policy | CADCA\",\"isPartOf\":{\"@id\":\"https:\/\/www.cadca.org\/#website\"},\"datePublished\":\"2022-01-21T09:49:03+00:00\",\"dateModified\":\"2022-03-08T07:54:08+00:00\",\"description\":\"CADCA represents over 7,000 community coalitions that involve individuals from key sectors including schools, law enforcement, youth, parents, healthcare, media, tribal communities and others\",\"breadcrumb\":{\"@id\":\"https:\/\/www.cadca.org\/privacy-policy\/#breadcrumb\"},\"inLanguage\":\"pt-PT\",\"potentialAction\":[{\"@type\":\"ReadAction\",\"target\":[\"https:\/\/www.cadca.org\/privacy-policy\/\"]}]},{\"@type\":\"BreadcrumbList\",\"@id\":\"https:\/\/www.cadca.org\/privacy-policy\/#breadcrumb\",\"itemListElement\":[{\"@type\":\"ListItem\",\"position\":1,\"name\":\"Home\",\"item\":\"https:\/\/www.cadca.org\/\"},{\"@type\":\"ListItem\",\"position\":2,\"name\":\"Privacy Policy\"}]},{\"@type\":\"WebSite\",\"@id\":\"https:\/\/www.cadca.org\/#website\",\"url\":\"https:\/\/www.cadca.org\/\",\"name\":\"CADCA\",\"description\":\"The Premier Prevention Association\",\"potentialAction\":[{\"@type\":\"SearchAction\",\"target\":{\"@type\":\"EntryPoint\",\"urlTemplate\":\"https:\/\/www.cadca.org\/?s={search_term_string}\"},\"query-input\":{\"@type\":\"PropertyValueSpecification\",\"valueRequired\":true,\"valueName\":\"search_term_string\"}}],\"inLanguage\":\"pt-PT\"}]}<\/script>\n<!-- \/ Yoast SEO plugin. -->","yoast_head_json":{"title":"Privacy Policy | CADCA","description":"CADCA represents over 7,000 community coalitions that involve individuals from key sectors including schools, law enforcement, youth, parents, healthcare, media, tribal communities and others","robots":{"index":"index","follow":"follow","max-snippet":"max-snippet:-1","max-image-preview":"max-image-preview:large","max-video-preview":"max-video-preview:-1"},"canonical":"https:\/\/www.cadca.org\/pt\/privacy-policy\/","og_locale":"pt_PT","og_type":"article","og_title":"Privacy Policy | CADCA","og_description":"CADCA represents over 7,000 community coalitions that involve individuals from key sectors including schools, law enforcement, youth, parents, healthcare, media, tribal communities and others","og_url":"https:\/\/www.cadca.org\/pt\/privacy-policy\/","og_site_name":"CADCA","article_modified_time":"2022-03-08T07:54:08+00:00","og_image":[{"width":880,"height":500,"url":"https:\/\/www.cadca.org\/wp-content\/uploads\/2022\/03\/cadca-member-of-logo1.jpg","type":"image\/jpeg"}],"twitter_card":"summary_large_image","schema":{"@context":"https:\/\/schema.org","@graph":[{"@type":"WebPage","@id":"https:\/\/www.cadca.org\/privacy-policy\/","url":"https:\/\/www.cadca.org\/privacy-policy\/","name":"Privacy Policy | CADCA","isPartOf":{"@id":"https:\/\/www.cadca.org\/#website"},"datePublished":"2022-01-21T09:49:03+00:00","dateModified":"2022-03-08T07:54:08+00:00","description":"CADCA represents over 7,000 community coalitions that involve individuals from key sectors including schools, law enforcement, youth, parents, healthcare, media, tribal communities and others","breadcrumb":{"@id":"https:\/\/www.cadca.org\/privacy-policy\/#breadcrumb"},"inLanguage":"pt-PT","potentialAction":[{"@type":"ReadAction","target":["https:\/\/www.cadca.org\/privacy-policy\/"]}]},{"@type":"BreadcrumbList","@id":"https:\/\/www.cadca.org\/privacy-policy\/#breadcrumb","itemListElement":[{"@type":"ListItem","position":1,"name":"Home","item":"https:\/\/www.cadca.org\/"},{"@type":"ListItem","position":2,"name":"Privacy Policy"}]},{"@type":"WebSite","@id":"https:\/\/www.cadca.org\/#website","url":"https:\/\/www.cadca.org\/","name":"CADCA","description":"The Premier Prevention Association","potentialAction":[{"@type":"SearchAction","target":{"@type":"EntryPoint","urlTemplate":"https:\/\/www.cadca.org\/?s={search_term_string}"},"query-input":{"@type":"PropertyValueSpecification","valueRequired":true,"valueName":"search_term_string"}}],"inLanguage":"pt-PT"}]}},"_links":{"self":[{"href":"https:\/\/www.cadca.org\/pt\/wp-json\/wp\/v2\/pages\/3","targetHints":{"allow":["GET"]}}],"collection":[{"href":"https:\/\/www.cadca.org\/pt\/wp-json\/wp\/v2\/pages"}],"about":[{"href":"https:\/\/www.cadca.org\/pt\/wp-json\/wp\/v2\/types\/page"}],"author":[{"embeddable":true,"href":"https:\/\/www.cadca.org\/pt\/wp-json\/wp\/v2\/users\/23"}],"replies":[{"embeddable":true,"href":"https:\/\/www.cadca.org\/pt\/wp-json\/wp\/v2\/comments?post=3"}],"version-history":[{"count":0,"href":"https:\/\/www.cadca.org\/pt\/wp-json\/wp\/v2\/pages\/3\/revisions"}],"wp:attachment":[{"href":"https:\/\/www.cadca.org\/pt\/wp-json\/wp\/v2\/media?parent=3"}],"curies":[{"name":"wp","href":"https:\/\/api.w.org\/{rel}","templated":true}]}}