{"id":19937,"date":"2023-08-31T14:54:53","date_gmt":"2023-08-31T14:54:53","guid":{"rendered":"https:\/\/www.cadca.org\/?page_id=19937"},"modified":"2026-02-27T13:26:16","modified_gmt":"2026-02-27T13:26:16","slug":"previous-winners","status":"publish","type":"page","link":"https:\/\/www.cadca.org\/pt\/blue-ribbon-coalitions\/previous-winners\/","title":{"rendered":"Vencedores anteriores"},"content":{"rendered":"<div style=\"height:20px\" aria-hidden=\"true\" class=\"wp-block-spacer\"><\/div>\n\n\n<style media=\"all\" type=\"text\/css\">\n\n    \/* xs & sm (mobile) *\/\n    @media (max-width: 767.98px) {\n        }\n\n    \/* md (tablet) *\/\n    @media (min-width: 768px) and (max-width: 1199.98px) {\n        }\n\n    \/* lg (desktop) *\/\n    @media (min-width: 1200px) {\n        }\n\n    \/* custom styles *\/\n    <\/style>\n<section class=\"page_intro block_a2715d5a335f84165057997ec97d146e\" id=\"block_a2715d5a335f84165057997ec97d146e\">\n    <div class=\"container\">\n        <h1>Vencedores anteriores<\/h1>\n            <\/div>\n<\/section>\n\n\n<style media=\"all\" type=\"text\/css\">\n\n    \n    \/* xs & sm (mobile) *\/\n    @media (max-width: 767.98px) {\n        }\n\n    \/* md (tablet) *\/\n    @media (min-width: 768px) and (max-width: 1199.98px) {\n        }\n\n    \/* lg (desktop) *\/\n    @media (min-width: 1200px) {\n        }\n\n    \/* custom styles *\/\n    <\/style>\n<section class=\"rte  block_4ae74dcfc24cfe66c6f61af0719182a4\" id=\"block_4ae74dcfc24cfe66c6f61af0719182a4\">\n    <div class=\"container\">\n        <h1 class=\"rtecenter\" style=\"text-align: center\"><span style=\"font-size: 14px\"><strong><a href=\"https:\/\/www.cadca.org\/pt\/Blue-Ribbon-Coalitions\/\" data-cke-saved-href=\"https:\/\/www.cadca.org\/2023-Blue-Ribbon-Coalitions\">Lar<\/a> |\u00a0<a href=\"https:\/\/www.cadca.org\/en\/awarded-blue-ribbon-coalitions\/\">Coaliz\u00f5es Blue Ribbon 2021-2022<\/a> |\u00a0<a href=\"https:\/\/www.cadca.org\/pt\/blue-ribbon-coalitions\/application-phases\/\">Fases de Aplica\u00e7\u00e3o<\/a><\/strong><\/span><\/h1>\n<p><img loading=\"lazy\" decoding=\"async\" class=\"aligncenter wp-image-20213 size-medium\" src=\"https:\/\/www.cadca.org\/wp-content\/uploads\/2023\/11\/BRC-1100-x-1100-px-1-300x300.png\" alt=\"\" width=\"300\" height=\"300\" srcset=\"https:\/\/www.cadca.org\/wp-content\/uploads\/2023\/11\/BRC-1100-x-1100-px-1-300x300.png 300w, https:\/\/www.cadca.org\/wp-content\/uploads\/2023\/11\/BRC-1100-x-1100-px-1-1024x1024.png 1024w, https:\/\/www.cadca.org\/wp-content\/uploads\/2023\/11\/BRC-1100-x-1100-px-1-150x150.png 150w, https:\/\/www.cadca.org\/wp-content\/uploads\/2023\/11\/BRC-1100-x-1100-px-1-768x768.png 768w, https:\/\/www.cadca.org\/wp-content\/uploads\/2023\/11\/BRC-1100-x-1100-px-1-12x12.png 12w, https:\/\/www.cadca.org\/wp-content\/uploads\/2023\/11\/BRC-1100-x-1100-px-1.png 1100w\" sizes=\"auto, (max-width: 300px) 100vw, 300px\" \/><\/p>\n<p style=\"text-align: center\"><a href=\"https:\/\/www.cadca.org\/wp-content\/uploads\/2023\/08\/2022_go_winner_descriptions.pdf\" target=\"_blank\" rel=\"noopener\"><strong>Conhe\u00e7a os vencedores da Blue Ribbon Coalition de 2022<\/strong><\/a>\u00a0e como conseguiram alcan\u00e7ar mudan\u00e7as positivas e duradouras nas suas comunidades.<\/p>\n<p><a href=\"https:\/\/www.jcpcia.org\/\" target=\"_blank\" rel=\"noopener\"><img loading=\"lazy\" decoding=\"async\" class=\"aligncenter wp-image-19939 size-thumbnail\" src=\"https:\/\/www.cadca.org\/wp-content\/uploads\/2023\/08\/Picture33-150x150.png\" alt=\"\" width=\"150\" height=\"150\" srcset=\"https:\/\/www.cadca.org\/wp-content\/uploads\/2023\/08\/Picture33-150x150.png 150w, https:\/\/www.cadca.org\/wp-content\/uploads\/2023\/08\/Picture33-300x300.png 300w, https:\/\/www.cadca.org\/wp-content\/uploads\/2023\/08\/Picture33-12x12.png 12w, https:\/\/www.cadca.org\/wp-content\/uploads\/2023\/08\/Picture33.png 461w\" sizes=\"auto, (max-width: 150px) 100vw, 150px\" \/><\/a><\/p>\n<p style=\"text-align: center\"><strong>Coaliz\u00e3o do Ano<br \/>\n<\/strong>Coaliz\u00e3o de Preven\u00e7\u00e3o do Condado de Jackson<br \/>\nMaquoketa, IA<\/p>\n<p>\u00a0<a href=\"https:\/\/njprevent.com\/drugfreetaskforce\/\" target=\"_blank\" rel=\"noopener\"><img loading=\"lazy\" decoding=\"async\" class=\"aligncenter wp-image-19938 size-thumbnail\" src=\"https:\/\/www.cadca.org\/wp-content\/uploads\/2023\/08\/Picture34-150x150.png\" alt=\"\" width=\"150\" height=\"150\" srcset=\"https:\/\/www.cadca.org\/wp-content\/uploads\/2023\/08\/Picture34-150x150.png 150w, https:\/\/www.cadca.org\/wp-content\/uploads\/2023\/08\/Picture34-12x12.png 12w, https:\/\/www.cadca.org\/wp-content\/uploads\/2023\/08\/Picture34.png 212w\" sizes=\"auto, (max-width: 150px) 100vw, 150px\" \/><\/a><\/p>\n<p style=\"text-align: center\"><strong>Coaliz\u00e3o de Excel\u00eancia<\/strong><br \/>\nParceria para a Sa\u00fade, Grupo de Trabalho Livre de Drogas<br \/>\nFlemington, Nova Jersey<\/p>\n<p>&nbsp;<\/p>\n<p><a href=\"https:\/\/www.engagedouglascounty.org\/\" target=\"_blank\" rel=\"noopener\"><img loading=\"lazy\" decoding=\"async\" class=\"aligncenter wp-image-19940 size-medium\" src=\"https:\/\/www.cadca.org\/wp-content\/uploads\/2023\/08\/Picture36-300x78.jpg\" alt=\"\" width=\"300\" height=\"78\" srcset=\"https:\/\/www.cadca.org\/wp-content\/uploads\/2023\/08\/Picture36-300x78.jpg 300w, https:\/\/www.cadca.org\/wp-content\/uploads\/2023\/08\/Picture36-18x5.jpg 18w, https:\/\/www.cadca.org\/wp-content\/uploads\/2023\/08\/Picture36.jpg 660w\" sizes=\"auto, (max-width: 300px) 100vw, 300px\" \/><\/a><\/p>\n<p style=\"text-align: center\"><strong>Coaliz\u00e3o em Foco<\/strong><br \/>\nEnvolva o condado de Douglas<br \/>\nLawrence, Kansas<\/p>\n<p style=\"text-align: center\">\n    <\/div>\n<\/section>","protected":false},"excerpt":{"rendered":"","protected":false},"author":40,"featured_media":0,"parent":18643,"menu_order":0,"comment_status":"closed","ping_status":"closed","template":"","meta":{"_acf_changed":false,"inline_featured_image":false,"footnotes":""},"class_list":["post-19937","page","type-page","status-publish","hentry"],"acf":[],"yoast_head":"<!-- This site is optimized with the Yoast SEO plugin v26.8 - https:\/\/yoast.com\/product\/yoast-seo-wordpress\/ -->\n<title>Previous Winners | CADCA<\/title>\n<meta name=\"description\" content=\"CADCA represents over 7,000 community coalitions that involve individuals from key sectors including schools, law enforcement, youth, parents, healthcare, media, tribal communities and others\" \/>\n<meta name=\"robots\" content=\"index, follow, max-snippet:-1, max-image-preview:large, max-video-preview:-1\" \/>\n<link rel=\"canonical\" href=\"https:\/\/www.cadca.org\/pt\/blue-ribbon-coalitions\/previous-winners\/\" \/>\n<meta property=\"og:locale\" content=\"pt_PT\" \/>\n<meta property=\"og:type\" content=\"article\" \/>\n<meta property=\"og:title\" content=\"Previous Winners | CADCA\" \/>\n<meta property=\"og:description\" content=\"CADCA represents over 7,000 community coalitions that involve individuals from key sectors including schools, law enforcement, youth, parents, healthcare, media, tribal communities and others\" \/>\n<meta property=\"og:url\" content=\"https:\/\/www.cadca.org\/pt\/blue-ribbon-coalitions\/previous-winners\/\" \/>\n<meta property=\"og:site_name\" content=\"CADCA\" \/>\n<meta property=\"article:modified_time\" content=\"2026-02-27T13:26:16+00:00\" \/>\n<meta property=\"og:image\" content=\"https:\/\/www.cadca.org\/wp-content\/uploads\/2022\/03\/cadca-member-of-logo1.jpg\" \/>\n\t<meta property=\"og:image:width\" content=\"880\" \/>\n\t<meta property=\"og:image:height\" content=\"500\" \/>\n\t<meta property=\"og:image:type\" content=\"image\/jpeg\" \/>\n<meta name=\"twitter:card\" content=\"summary_large_image\" \/>\n<script type=\"application\/ld+json\" class=\"yoast-schema-graph\">{\"@context\":\"https:\/\/schema.org\",\"@graph\":[{\"@type\":\"WebPage\",\"@id\":\"https:\/\/www.cadca.org\/blue-ribbon-coalitions\/previous-winners\/\",\"url\":\"https:\/\/www.cadca.org\/blue-ribbon-coalitions\/previous-winners\/\",\"name\":\"Previous Winners | CADCA\",\"isPartOf\":{\"@id\":\"https:\/\/www.cadca.org\/#website\"},\"datePublished\":\"2023-08-31T14:54:53+00:00\",\"dateModified\":\"2026-02-27T13:26:16+00:00\",\"description\":\"CADCA represents over 7,000 community coalitions that involve individuals from key sectors including schools, law enforcement, youth, parents, healthcare, media, tribal communities and others\",\"breadcrumb\":{\"@id\":\"https:\/\/www.cadca.org\/blue-ribbon-coalitions\/previous-winners\/#breadcrumb\"},\"inLanguage\":\"pt-PT\",\"potentialAction\":[{\"@type\":\"ReadAction\",\"target\":[\"https:\/\/www.cadca.org\/blue-ribbon-coalitions\/previous-winners\/\"]}]},{\"@type\":\"BreadcrumbList\",\"@id\":\"https:\/\/www.cadca.org\/blue-ribbon-coalitions\/previous-winners\/#breadcrumb\",\"itemListElement\":[{\"@type\":\"ListItem\",\"position\":1,\"name\":\"Home\",\"item\":\"https:\/\/www.cadca.org\/\"},{\"@type\":\"ListItem\",\"position\":2,\"name\":\"Blue Ribbon Coalition Initiative\",\"item\":\"https:\/\/www.cadca.org\/blue-ribbon-coalitions\/\"},{\"@type\":\"ListItem\",\"position\":3,\"name\":\"Previous Winners\"}]},{\"@type\":\"WebSite\",\"@id\":\"https:\/\/www.cadca.org\/#website\",\"url\":\"https:\/\/www.cadca.org\/\",\"name\":\"CADCA\",\"description\":\"The Premier Prevention Association\",\"potentialAction\":[{\"@type\":\"SearchAction\",\"target\":{\"@type\":\"EntryPoint\",\"urlTemplate\":\"https:\/\/www.cadca.org\/?s={search_term_string}\"},\"query-input\":{\"@type\":\"PropertyValueSpecification\",\"valueRequired\":true,\"valueName\":\"search_term_string\"}}],\"inLanguage\":\"pt-PT\"}]}<\/script>\n<!-- \/ Yoast SEO plugin. -->","yoast_head_json":{"title":"Previous Winners | CADCA","description":"CADCA represents over 7,000 community coalitions that involve individuals from key sectors including schools, law enforcement, youth, parents, healthcare, media, tribal communities and others","robots":{"index":"index","follow":"follow","max-snippet":"max-snippet:-1","max-image-preview":"max-image-preview:large","max-video-preview":"max-video-preview:-1"},"canonical":"https:\/\/www.cadca.org\/pt\/blue-ribbon-coalitions\/previous-winners\/","og_locale":"pt_PT","og_type":"article","og_title":"Previous Winners | CADCA","og_description":"CADCA represents over 7,000 community coalitions that involve individuals from key sectors including schools, law enforcement, youth, parents, healthcare, media, tribal communities and others","og_url":"https:\/\/www.cadca.org\/pt\/blue-ribbon-coalitions\/previous-winners\/","og_site_name":"CADCA","article_modified_time":"2026-02-27T13:26:16+00:00","og_image":[{"width":880,"height":500,"url":"https:\/\/www.cadca.org\/wp-content\/uploads\/2022\/03\/cadca-member-of-logo1.jpg","type":"image\/jpeg"}],"twitter_card":"summary_large_image","schema":{"@context":"https:\/\/schema.org","@graph":[{"@type":"WebPage","@id":"https:\/\/www.cadca.org\/blue-ribbon-coalitions\/previous-winners\/","url":"https:\/\/www.cadca.org\/blue-ribbon-coalitions\/previous-winners\/","name":"Previous Winners | CADCA","isPartOf":{"@id":"https:\/\/www.cadca.org\/#website"},"datePublished":"2023-08-31T14:54:53+00:00","dateModified":"2026-02-27T13:26:16+00:00","description":"CADCA represents over 7,000 community coalitions that involve individuals from key sectors including schools, law enforcement, youth, parents, healthcare, media, tribal communities and others","breadcrumb":{"@id":"https:\/\/www.cadca.org\/blue-ribbon-coalitions\/previous-winners\/#breadcrumb"},"inLanguage":"pt-PT","potentialAction":[{"@type":"ReadAction","target":["https:\/\/www.cadca.org\/blue-ribbon-coalitions\/previous-winners\/"]}]},{"@type":"BreadcrumbList","@id":"https:\/\/www.cadca.org\/blue-ribbon-coalitions\/previous-winners\/#breadcrumb","itemListElement":[{"@type":"ListItem","position":1,"name":"Home","item":"https:\/\/www.cadca.org\/"},{"@type":"ListItem","position":2,"name":"Blue Ribbon Coalition Initiative","item":"https:\/\/www.cadca.org\/blue-ribbon-coalitions\/"},{"@type":"ListItem","position":3,"name":"Previous Winners"}]},{"@type":"WebSite","@id":"https:\/\/www.cadca.org\/#website","url":"https:\/\/www.cadca.org\/","name":"CADCA","description":"The Premier Prevention Association","potentialAction":[{"@type":"SearchAction","target":{"@type":"EntryPoint","urlTemplate":"https:\/\/www.cadca.org\/?s={search_term_string}"},"query-input":{"@type":"PropertyValueSpecification","valueRequired":true,"valueName":"search_term_string"}}],"inLanguage":"pt-PT"}]}},"_links":{"self":[{"href":"https:\/\/www.cadca.org\/pt\/wp-json\/wp\/v2\/pages\/19937","targetHints":{"allow":["GET"]}}],"collection":[{"href":"https:\/\/www.cadca.org\/pt\/wp-json\/wp\/v2\/pages"}],"about":[{"href":"https:\/\/www.cadca.org\/pt\/wp-json\/wp\/v2\/types\/page"}],"author":[{"embeddable":true,"href":"https:\/\/www.cadca.org\/pt\/wp-json\/wp\/v2\/users\/40"}],"replies":[{"embeddable":true,"href":"https:\/\/www.cadca.org\/pt\/wp-json\/wp\/v2\/comments?post=19937"}],"version-history":[{"count":0,"href":"https:\/\/www.cadca.org\/pt\/wp-json\/wp\/v2\/pages\/19937\/revisions"}],"up":[{"embeddable":true,"href":"https:\/\/www.cadca.org\/pt\/wp-json\/wp\/v2\/pages\/18643"}],"wp:attachment":[{"href":"https:\/\/www.cadca.org\/pt\/wp-json\/wp\/v2\/media?parent=19937"}],"curies":[{"name":"wp","href":"https:\/\/api.w.org\/{rel}","templated":true}]}}