{"id":18651,"date":"2023-05-15T15:36:15","date_gmt":"2023-05-15T15:36:15","guid":{"rendered":"https:\/\/cadca1stg.wpengine.com\/?page_id=18651"},"modified":"2026-02-27T13:26:16","modified_gmt":"2026-02-27T13:26:16","slug":"application-phases","status":"publish","type":"page","link":"https:\/\/www.cadca.org\/pt\/blue-ribbon-coalitions\/application-phases\/","title":{"rendered":"Enviar inscri\u00e7\u00e3o"},"content":{"rendered":"<div style=\"height:25px\" aria-hidden=\"true\" class=\"wp-block-spacer\"><\/div>\n\n\n<style media=\"all\" type=\"text\/css\">\n\n    \/* xs & sm (mobile) *\/\n    @media (max-width: 767.98px) {\n        }\n\n    \/* md (tablet) *\/\n    @media (min-width: 768px) and (max-width: 1199.98px) {\n        }\n\n    \/* lg (desktop) *\/\n    @media (min-width: 1200px) {\n        }\n\n    \/* custom styles *\/\n    <\/style>\n<section class=\"page_intro block_3b76c06ad08a35e4670b0b731fa720ff\" id=\"block_3b76c06ad08a35e4670b0b731fa720ff\">\n    <div class=\"container\">\n        <h1>Enviar inscri\u00e7\u00e3o<\/h1>\n            <\/div>\n<\/section>\n\n\n<style media=\"all\" type=\"text\/css\">\n\n    \n    \/* xs & sm (mobile) *\/\n    @media (max-width: 767.98px) {\n        }\n\n    \/* md (tablet) *\/\n    @media (min-width: 768px) and (max-width: 1199.98px) {\n        }\n\n    \/* lg (desktop) *\/\n    @media (min-width: 1200px) {\n        }\n\n    \/* custom styles *\/\n    <\/style>\n<section class=\"rte  block_3221295879073c7fb2d316a0316c68a3\" id=\"block_3221295879073c7fb2d316a0316c68a3\">\n    <div class=\"container\">\n        <p style=\"text-align: center\"><strong><a href=\"https:\/\/www.cadca.org\/pt\/Blue-Ribbon-Coalitions\/\">Lar<\/a> | <\/strong><strong><a href=\"https:\/\/www.cadca.org\/pt\/blue-ribbon-coalitions\/awarded-blue-ribbon-coalitions\/\">Coaliz\u00f5es Blue Ribbon<\/a> | <a href=\"https:\/\/www.cadca.org\/pt\/events\/2024-blue-ribbon-application-informational-webinar\/\" target=\"_blank\" rel=\"noopener\">Webin\u00e1rio Informativo<\/a><\/strong><\/p>\n<p><img loading=\"lazy\" decoding=\"async\" class=\"aligncenter wp-image-20213 size-medium\" src=\"https:\/\/www.cadca.org\/wp-content\/uploads\/2023\/11\/BRC-1100-x-1100-px-1-300x300.png\" alt=\"\" width=\"300\" height=\"300\" srcset=\"https:\/\/www.cadca.org\/wp-content\/uploads\/2023\/11\/BRC-1100-x-1100-px-1-300x300.png 300w, https:\/\/www.cadca.org\/wp-content\/uploads\/2023\/11\/BRC-1100-x-1100-px-1-1024x1024.png 1024w, https:\/\/www.cadca.org\/wp-content\/uploads\/2023\/11\/BRC-1100-x-1100-px-1-150x150.png 150w, https:\/\/www.cadca.org\/wp-content\/uploads\/2023\/11\/BRC-1100-x-1100-px-1-768x768.png 768w, https:\/\/www.cadca.org\/wp-content\/uploads\/2023\/11\/BRC-1100-x-1100-px-1-12x12.png 12w, https:\/\/www.cadca.org\/wp-content\/uploads\/2023\/11\/BRC-1100-x-1100-px-1.png 1100w\" sizes=\"auto, (max-width: 300px) 100vw, 300px\" \/><\/p>\n<p align=\"center\">\n    <\/div>\n<\/section>\n\n\n<style media=\"all\" type=\"text\/css\">\n\n    \n    \/* xs & sm (mobile) *\/\n    @media (max-width: 767.98px) {\n        }\n\n    \/* md (tablet) *\/\n    @media (min-width: 768px) and (max-width: 1199.98px) {\n        }\n\n    \/* lg (desktop) *\/\n    @media (min-width: 1200px) {\n        }\n\n    \/* custom styles *\/\n    <\/style>\n<section class=\"rte  block_e453248ecdd42ced39bf2addc228629a\" id=\"block_e453248ecdd42ced39bf2addc228629a\">\n    <div class=\"container\">\n        <p>To submit your application, you will need to complete the following materials:<\/p>\n<ol style=\"margin-left: 40px\">\n<li>Avalia\u00e7\u00e3o Comunit\u00e1ria<\/li>\n<li>Modelo L\u00f3gico<\/li>\n<li>Plano Estrat\u00e9gico e de A\u00e7\u00e3o<\/li>\n<li>Plano de Avalia\u00e7\u00e3o<\/li>\n<li>Avalia\u00e7\u00e3o Plano de Comunica\u00e7\u00e3o<\/li>\n<li>Plano de Sustentabilidade<\/li>\n<li style=\"margin-bottom: 20px\">One-Page Description of Coalition Outcomes (short-term, intermediate and\/or long-term)<\/li>\n<\/ol>\n<p>For more detailed submission instructions and templates for the application materials, please review the <a href=\"https:\/\/www.cadca.org\/wp-content\/uploads\/2024\/04\/2024-Blue-Ribbon-Application-Phase-1-Package.docx\" target=\"_blank\" rel=\"noopener\"><strong>2024 application instructions<\/strong><\/a>. The application materials should be saved as ONE FILE (accepted formats are .pdf, .doc and .docx). Before submitting, do one final review of your application using the <a href=\"https:\/\/www.cadca.org\/wp-content\/uploads\/2024\/04\/2024-BRAP-I-Grading-Rubric.pdf\" target=\"_blank\" rel=\"noopener\"><strong>Rubrica de classifica\u00e7\u00e3o da Fase I<\/strong><\/a>!<\/p>\n    <\/div>\n<\/section>\n\n\n\n<div class=\"wp-block-buttons is-content-justification-center is-layout-flex wp-container-core-buttons-is-layout-16018d1d wp-block-buttons-is-layout-flex\">\n<div class=\"wp-block-button\"><a class=\"wp-block-button__link has-white-color has-text-color has-background has-link-color wp-element-button\" href=\"https:\/\/research.zarca.com\/r\/yQCwPg\" style=\"border-radius:5px;background-color:#263c87\" target=\"_blank\" rel=\"noreferrer noopener\"><strong>Enviar inscri\u00e7\u00e3o<\/strong><\/a><\/div>\n<\/div>\n\n\n<style media=\"all\" type=\"text\/css\">\n\n    \n    \/* xs & sm (mobile) *\/\n    @media (max-width: 767.98px) {\n        }\n\n    \/* md (tablet) *\/\n    @media (min-width: 768px) and (max-width: 1199.98px) {\n        }\n\n    \/* lg (desktop) *\/\n    @media (min-width: 1200px) {\n        }\n\n    \/* custom styles *\/\n    <\/style>\n<section class=\"rte  block_eb6568341ea775a289366765ebb7a698\" id=\"block_eb6568341ea775a289366765ebb7a698\">\n    <div class=\"container\">\n        <p>&nbsp;<\/p>\n<p style=\"text-align: center\"><strong><span style=\"color: #ff0000\">Deadline: Friday, June 28, 2024 by 11:59pm ET<\/span><\/strong><\/p>\n<p>Se voc\u00ea tiver alguma d\u00favida sobre o processo de envio ou tiver problemas para enviar, envie um e-mail para <a href=\"mailto:blueribbon@cadca.org\"><strong>blueribbon@cadca.org<\/strong><\/a>.<\/p>\n    <\/div>\n<\/section>","protected":false},"excerpt":{"rendered":"","protected":false},"author":40,"featured_media":0,"parent":18643,"menu_order":0,"comment_status":"closed","ping_status":"closed","template":"","meta":{"_acf_changed":true,"inline_featured_image":false,"footnotes":""},"class_list":["post-18651","page","type-page","status-publish","hentry"],"acf":[],"yoast_head":"<!-- This site is optimized with the Yoast SEO plugin v26.8 - https:\/\/yoast.com\/product\/yoast-seo-wordpress\/ -->\n<title>Submit Application | CADCA<\/title>\n<meta name=\"description\" content=\"CADCA represents over 7,000 community coalitions that involve individuals from key sectors including schools, law enforcement, youth, parents, healthcare, media, tribal communities and others\" \/>\n<meta name=\"robots\" content=\"index, follow, max-snippet:-1, max-image-preview:large, max-video-preview:-1\" \/>\n<link rel=\"canonical\" href=\"https:\/\/www.cadca.org\/pt\/blue-ribbon-coalitions\/application-phases\/\" \/>\n<meta property=\"og:locale\" content=\"pt_PT\" \/>\n<meta property=\"og:type\" content=\"article\" \/>\n<meta property=\"og:title\" content=\"Submit Application | CADCA\" \/>\n<meta property=\"og:description\" content=\"CADCA represents over 7,000 community coalitions that involve individuals from key sectors including schools, law enforcement, youth, parents, healthcare, media, tribal communities and others\" \/>\n<meta property=\"og:url\" content=\"https:\/\/www.cadca.org\/pt\/blue-ribbon-coalitions\/application-phases\/\" \/>\n<meta property=\"og:site_name\" content=\"CADCA\" \/>\n<meta property=\"article:modified_time\" content=\"2026-02-27T13:26:16+00:00\" \/>\n<meta property=\"og:image\" content=\"https:\/\/www.cadca.org\/wp-content\/uploads\/2022\/03\/cadca-member-of-logo1.jpg\" \/>\n\t<meta property=\"og:image:width\" content=\"880\" \/>\n\t<meta property=\"og:image:height\" content=\"500\" \/>\n\t<meta property=\"og:image:type\" content=\"image\/jpeg\" \/>\n<meta name=\"twitter:card\" content=\"summary_large_image\" \/>\n<meta name=\"twitter:label1\" content=\"Tempo estimado de leitura\" \/>\n\t<meta name=\"twitter:data1\" content=\"1 minuto\" \/>\n<script type=\"application\/ld+json\" class=\"yoast-schema-graph\">{\"@context\":\"https:\/\/schema.org\",\"@graph\":[{\"@type\":\"WebPage\",\"@id\":\"https:\/\/www.cadca.org\/blue-ribbon-coalitions\/application-phases\/\",\"url\":\"https:\/\/www.cadca.org\/blue-ribbon-coalitions\/application-phases\/\",\"name\":\"Submit Application | CADCA\",\"isPartOf\":{\"@id\":\"https:\/\/www.cadca.org\/#website\"},\"datePublished\":\"2023-05-15T15:36:15+00:00\",\"dateModified\":\"2026-02-27T13:26:16+00:00\",\"description\":\"CADCA represents over 7,000 community coalitions that involve individuals from key sectors including schools, law enforcement, youth, parents, healthcare, media, tribal communities and others\",\"breadcrumb\":{\"@id\":\"https:\/\/www.cadca.org\/blue-ribbon-coalitions\/application-phases\/#breadcrumb\"},\"inLanguage\":\"pt-PT\",\"potentialAction\":[{\"@type\":\"ReadAction\",\"target\":[\"https:\/\/www.cadca.org\/blue-ribbon-coalitions\/application-phases\/\"]}]},{\"@type\":\"BreadcrumbList\",\"@id\":\"https:\/\/www.cadca.org\/blue-ribbon-coalitions\/application-phases\/#breadcrumb\",\"itemListElement\":[{\"@type\":\"ListItem\",\"position\":1,\"name\":\"Home\",\"item\":\"https:\/\/www.cadca.org\/\"},{\"@type\":\"ListItem\",\"position\":2,\"name\":\"Blue Ribbon Coalition Initiative\",\"item\":\"https:\/\/www.cadca.org\/blue-ribbon-coalitions\/\"},{\"@type\":\"ListItem\",\"position\":3,\"name\":\"Submit Application\"}]},{\"@type\":\"WebSite\",\"@id\":\"https:\/\/www.cadca.org\/#website\",\"url\":\"https:\/\/www.cadca.org\/\",\"name\":\"CADCA\",\"description\":\"The Premier Prevention Association\",\"potentialAction\":[{\"@type\":\"SearchAction\",\"target\":{\"@type\":\"EntryPoint\",\"urlTemplate\":\"https:\/\/www.cadca.org\/?s={search_term_string}\"},\"query-input\":{\"@type\":\"PropertyValueSpecification\",\"valueRequired\":true,\"valueName\":\"search_term_string\"}}],\"inLanguage\":\"pt-PT\"}]}<\/script>\n<!-- \/ Yoast SEO plugin. -->","yoast_head_json":{"title":"Submit Application | CADCA","description":"CADCA represents over 7,000 community coalitions that involve individuals from key sectors including schools, law enforcement, youth, parents, healthcare, media, tribal communities and others","robots":{"index":"index","follow":"follow","max-snippet":"max-snippet:-1","max-image-preview":"max-image-preview:large","max-video-preview":"max-video-preview:-1"},"canonical":"https:\/\/www.cadca.org\/pt\/blue-ribbon-coalitions\/application-phases\/","og_locale":"pt_PT","og_type":"article","og_title":"Submit Application | CADCA","og_description":"CADCA represents over 7,000 community coalitions that involve individuals from key sectors including schools, law enforcement, youth, parents, healthcare, media, tribal communities and others","og_url":"https:\/\/www.cadca.org\/pt\/blue-ribbon-coalitions\/application-phases\/","og_site_name":"CADCA","article_modified_time":"2026-02-27T13:26:16+00:00","og_image":[{"width":880,"height":500,"url":"https:\/\/www.cadca.org\/wp-content\/uploads\/2022\/03\/cadca-member-of-logo1.jpg","type":"image\/jpeg"}],"twitter_card":"summary_large_image","twitter_misc":{"Tempo estimado de leitura":"1 minuto"},"schema":{"@context":"https:\/\/schema.org","@graph":[{"@type":"WebPage","@id":"https:\/\/www.cadca.org\/blue-ribbon-coalitions\/application-phases\/","url":"https:\/\/www.cadca.org\/blue-ribbon-coalitions\/application-phases\/","name":"Submit Application | CADCA","isPartOf":{"@id":"https:\/\/www.cadca.org\/#website"},"datePublished":"2023-05-15T15:36:15+00:00","dateModified":"2026-02-27T13:26:16+00:00","description":"CADCA represents over 7,000 community coalitions that involve individuals from key sectors including schools, law enforcement, youth, parents, healthcare, media, tribal communities and others","breadcrumb":{"@id":"https:\/\/www.cadca.org\/blue-ribbon-coalitions\/application-phases\/#breadcrumb"},"inLanguage":"pt-PT","potentialAction":[{"@type":"ReadAction","target":["https:\/\/www.cadca.org\/blue-ribbon-coalitions\/application-phases\/"]}]},{"@type":"BreadcrumbList","@id":"https:\/\/www.cadca.org\/blue-ribbon-coalitions\/application-phases\/#breadcrumb","itemListElement":[{"@type":"ListItem","position":1,"name":"Home","item":"https:\/\/www.cadca.org\/"},{"@type":"ListItem","position":2,"name":"Blue Ribbon Coalition Initiative","item":"https:\/\/www.cadca.org\/blue-ribbon-coalitions\/"},{"@type":"ListItem","position":3,"name":"Submit Application"}]},{"@type":"WebSite","@id":"https:\/\/www.cadca.org\/#website","url":"https:\/\/www.cadca.org\/","name":"CADCA","description":"The Premier Prevention Association","potentialAction":[{"@type":"SearchAction","target":{"@type":"EntryPoint","urlTemplate":"https:\/\/www.cadca.org\/?s={search_term_string}"},"query-input":{"@type":"PropertyValueSpecification","valueRequired":true,"valueName":"search_term_string"}}],"inLanguage":"pt-PT"}]}},"_links":{"self":[{"href":"https:\/\/www.cadca.org\/pt\/wp-json\/wp\/v2\/pages\/18651","targetHints":{"allow":["GET"]}}],"collection":[{"href":"https:\/\/www.cadca.org\/pt\/wp-json\/wp\/v2\/pages"}],"about":[{"href":"https:\/\/www.cadca.org\/pt\/wp-json\/wp\/v2\/types\/page"}],"author":[{"embeddable":true,"href":"https:\/\/www.cadca.org\/pt\/wp-json\/wp\/v2\/users\/40"}],"replies":[{"embeddable":true,"href":"https:\/\/www.cadca.org\/pt\/wp-json\/wp\/v2\/comments?post=18651"}],"version-history":[{"count":0,"href":"https:\/\/www.cadca.org\/pt\/wp-json\/wp\/v2\/pages\/18651\/revisions"}],"up":[{"embeddable":true,"href":"https:\/\/www.cadca.org\/pt\/wp-json\/wp\/v2\/pages\/18643"}],"wp:attachment":[{"href":"https:\/\/www.cadca.org\/pt\/wp-json\/wp\/v2\/media?parent=18651"}],"curies":[{"name":"wp","href":"https:\/\/api.w.org\/{rel}","templated":true}]}}