{"id":16777,"date":"2023-03-09T15:33:02","date_gmt":"2023-03-09T15:33:02","guid":{"rendered":"https:\/\/cadca1stg.wpengine.com\/?page_id=16777"},"modified":"2023-06-27T14:09:29","modified_gmt":"2023-06-27T14:09:29","slug":"registration","status":"publish","type":"page","link":"https:\/\/www.cadca.org\/pt\/myti2023\/registration\/","title":{"rendered":"MYTI2023: Registration"},"content":{"rendered":"<style media=\"all\" type=\"text\/css\">\n\n    \n    \/* xs & sm (mobile) *\/\n    @media (max-width: 767.98px) {\n        }\n\n    \/* md (tablet) *\/\n    @media (min-width: 768px) and (max-width: 1199.98px) {\n        }\n\n    \/* lg (desktop) *\/\n    @media (min-width: 1200px) {\n        }\n\n    \/* custom styles *\/\n    @media (min-width: 768px) {rnt.rte .container{rnttwidth:800px;rn  tttext-align:center;rnt}rn}rnrn@media (max-width: 767.98px) {rnt.rte .container img{rnttwidth:100%;rn  ttheight:auto;rnt}rnrn}<\/style>\n<section class=\"rte  block_d9bac76a5dabc3446e4ea3fc4c28c3e8\" id=\"block_d9bac76a5dabc3446e4ea3fc4c28c3e8\">\n    <div class=\"container\">\n        <p><img loading=\"lazy\" decoding=\"async\" class=\"wp-image-16754 size-large aligncenter\" src=\"https:\/\/www.cadca.org\/wp-content\/uploads\/2023\/03\/23-Mid-year-banner-1667x262-2-1024x161.png\" alt=\"\" width=\"1024\" height=\"161\" srcset=\"https:\/\/www.cadca.org\/wp-content\/uploads\/2023\/03\/23-Mid-year-banner-1667x262-2-1024x161.png 1024w, https:\/\/www.cadca.org\/wp-content\/uploads\/2023\/03\/23-Mid-year-banner-1667x262-2-300x47.png 300w, https:\/\/www.cadca.org\/wp-content\/uploads\/2023\/03\/23-Mid-year-banner-1667x262-2-768x121.png 768w, https:\/\/www.cadca.org\/wp-content\/uploads\/2023\/03\/23-Mid-year-banner-1667x262-2-1536x241.png 1536w, https:\/\/www.cadca.org\/wp-content\/uploads\/2023\/03\/23-Mid-year-banner-1667x262-2-18x3.png 18w, https:\/\/www.cadca.org\/wp-content\/uploads\/2023\/03\/23-Mid-year-banner-1667x262-2.png 1667w\" sizes=\"auto, (max-width: 1024px) 100vw, 1024px\" \/><\/p>\n<p style=\"text-align: center\"><a href=\"https:\/\/www.cadca.org\/pt\/myti2023\/\"><img loading=\"lazy\" decoding=\"async\" class=\"alignnone wp-image-16712\" src=\"https:\/\/www.cadca.org\/wp-content\/uploads\/2023\/03\/MYTIHomepage-300x243.png\" alt=\"\" width=\"100\" height=\"81\" \/><\/a> <a href=\"https:\/\/www.cadca.org\/pt\/myti2023\/cfps\/\"><img loading=\"lazy\" decoding=\"async\" class=\"alignnone wp-image-16713\" src=\"https:\/\/www.cadca.org\/wp-content\/uploads\/2023\/03\/MYTICFP-300x243.png\" alt=\"\" width=\"100\" height=\"81\" srcset=\"https:\/\/www.cadca.org\/wp-content\/uploads\/2023\/03\/MYTICFP-300x243.png 300w, https:\/\/www.cadca.org\/wp-content\/uploads\/2023\/03\/MYTICFP-768x621.png 768w, https:\/\/www.cadca.org\/wp-content\/uploads\/2023\/03\/MYTICFP-15x12.png 15w, https:\/\/www.cadca.org\/wp-content\/uploads\/2023\/03\/MYTICFP.png 804w\" sizes=\"auto, (max-width: 100px) 100vw, 100px\" \/><\/a> <a href=\"https:\/\/www.cadca.org\/pt\/myti2023\/faqs\/\"><img loading=\"lazy\" decoding=\"async\" class=\"alignnone wp-image-16720\" src=\"https:\/\/www.cadca.org\/wp-content\/uploads\/2023\/03\/MYTIFAQs-300x243.png\" alt=\"\" width=\"100\" height=\"81\" srcset=\"https:\/\/www.cadca.org\/wp-content\/uploads\/2023\/03\/MYTIFAQs-300x243.png 300w, https:\/\/www.cadca.org\/wp-content\/uploads\/2023\/03\/MYTIFAQs-768x621.png 768w, https:\/\/www.cadca.org\/wp-content\/uploads\/2023\/03\/MYTIFAQs-15x12.png 15w, https:\/\/www.cadca.org\/wp-content\/uploads\/2023\/03\/MYTIFAQs.png 804w\" sizes=\"auto, (max-width: 100px) 100vw, 100px\" \/><\/a> <a href=\"https:\/\/www.cadca.org\/pt\/myti2023\/hotelandtravel\/\"><img loading=\"lazy\" decoding=\"async\" class=\"alignnone wp-image-16714\" src=\"https:\/\/www.cadca.org\/wp-content\/uploads\/2023\/03\/MYTIHotel-300x243.png\" alt=\"\" width=\"100\" height=\"81\" srcset=\"https:\/\/www.cadca.org\/wp-content\/uploads\/2023\/03\/MYTIHotel-300x243.png 300w, https:\/\/www.cadca.org\/wp-content\/uploads\/2023\/03\/MYTIHotel-768x621.png 768w, https:\/\/www.cadca.org\/wp-content\/uploads\/2023\/03\/MYTIHotel-15x12.png 15w, https:\/\/www.cadca.org\/wp-content\/uploads\/2023\/03\/MYTIHotel.png 804w\" sizes=\"auto, (max-width: 100px) 100vw, 100px\" \/><\/a> <a href=\"https:\/\/www.cadca.org\/pt\/myti2023\/international\/\"><img loading=\"lazy\" decoding=\"async\" class=\"alignnone wp-image-16718\" src=\"https:\/\/www.cadca.org\/wp-content\/uploads\/2023\/03\/MYTIIntl-300x243.png\" alt=\"\" width=\"100\" height=\"81\" srcset=\"https:\/\/www.cadca.org\/wp-content\/uploads\/2023\/03\/MYTIIntl-300x243.png 300w, https:\/\/www.cadca.org\/wp-content\/uploads\/2023\/03\/MYTIIntl-768x621.png 768w, https:\/\/www.cadca.org\/wp-content\/uploads\/2023\/03\/MYTIIntl-15x12.png 15w, https:\/\/www.cadca.org\/wp-content\/uploads\/2023\/03\/MYTIIntl.png 804w\" sizes=\"auto, (max-width: 100px) 100vw, 100px\" \/><\/a> <a href=\"https:\/\/www.cadca.org\/pt\/myti2023\/partnerships\/\"><img loading=\"lazy\" decoding=\"async\" class=\"alignnone wp-image-16716\" src=\"https:\/\/www.cadca.org\/wp-content\/uploads\/2023\/03\/MYTIPartnerships-300x243.png\" alt=\"\" width=\"100\" height=\"81\" srcset=\"https:\/\/www.cadca.org\/wp-content\/uploads\/2023\/03\/MYTIPartnerships-300x243.png 300w, https:\/\/www.cadca.org\/wp-content\/uploads\/2023\/03\/MYTIPartnerships-768x621.png 768w, https:\/\/www.cadca.org\/wp-content\/uploads\/2023\/03\/MYTIPartnerships-15x12.png 15w, https:\/\/www.cadca.org\/wp-content\/uploads\/2023\/03\/MYTIPartnerships.png 804w\" sizes=\"auto, (max-width: 100px) 100vw, 100px\" \/><\/a> <a href=\"https:\/\/www.cadca.org\/pt\/myti2023\/schedule\/\"><img loading=\"lazy\" decoding=\"async\" class=\"alignnone wp-image-16715\" src=\"https:\/\/www.cadca.org\/wp-content\/uploads\/2023\/03\/MYTISchedule-300x243.png\" alt=\"\" width=\"100\" height=\"81\" srcset=\"https:\/\/www.cadca.org\/wp-content\/uploads\/2023\/03\/MYTISchedule-300x243.png 300w, https:\/\/www.cadca.org\/wp-content\/uploads\/2023\/03\/MYTISchedule-768x621.png 768w, https:\/\/www.cadca.org\/wp-content\/uploads\/2023\/03\/MYTISchedule-15x12.png 15w, https:\/\/www.cadca.org\/wp-content\/uploads\/2023\/03\/MYTISchedule.png 804w\" sizes=\"auto, (max-width: 100px) 100vw, 100px\" \/><\/a> <a href=\"https:\/\/www.cadca.org\/pt\/myti2023\/scholarships\/\"><img loading=\"lazy\" decoding=\"async\" class=\"alignnone wp-image-16719\" src=\"https:\/\/www.cadca.org\/wp-content\/uploads\/2023\/03\/MYTIScholarships-300x243.png\" alt=\"\" width=\"100\" height=\"81\" srcset=\"https:\/\/www.cadca.org\/wp-content\/uploads\/2023\/03\/MYTIScholarships-300x243.png 300w, https:\/\/www.cadca.org\/wp-content\/uploads\/2023\/03\/MYTIScholarships-768x621.png 768w, https:\/\/www.cadca.org\/wp-content\/uploads\/2023\/03\/MYTIScholarships-15x12.png 15w, https:\/\/www.cadca.org\/wp-content\/uploads\/2023\/03\/MYTIScholarships.png 804w\" sizes=\"auto, (max-width: 100px) 100vw, 100px\" \/><\/a> <a href=\"https:\/\/www.cadca.org\/pt\/myti2023\/youth\/\"><img loading=\"lazy\" decoding=\"async\" class=\"alignnone wp-image-16717\" src=\"https:\/\/www.cadca.org\/wp-content\/uploads\/2023\/03\/MYTIYouth-300x243.png\" alt=\"\" width=\"100\" height=\"81\" srcset=\"https:\/\/www.cadca.org\/wp-content\/uploads\/2023\/03\/MYTIYouth-300x243.png 300w, https:\/\/www.cadca.org\/wp-content\/uploads\/2023\/03\/MYTIYouth-768x621.png 768w, https:\/\/www.cadca.org\/wp-content\/uploads\/2023\/03\/MYTIYouth-15x12.png 15w, https:\/\/www.cadca.org\/wp-content\/uploads\/2023\/03\/MYTIYouth.png 804w\" sizes=\"auto, (max-width: 100px) 100vw, 100px\" \/><\/a><\/p>\n<p style=\"text-align: center\"><span style=\"color: #339966;font-family: tahoma, arial, helvetica, sans-serif;font-size: 36px\"><strong>Cadastro<\/strong><\/span><\/p>\n<p><b><i><span data-contrast=\"auto\">Quanto custa para participar do Mid-Year Training Institute da CADCA?<\/span><\/i><\/b><\/p>\n<p><img loading=\"lazy\" decoding=\"async\" class=\"aligncenter size-full wp-image-19632\" src=\"https:\/\/www.cadca.org\/wp-content\/uploads\/2023\/06\/myti23-regprices-updated-4.png\" alt=\"\" width=\"450\" height=\"300\" srcset=\"https:\/\/www.cadca.org\/wp-content\/uploads\/2023\/06\/myti23-regprices-updated-4.png 450w, https:\/\/www.cadca.org\/wp-content\/uploads\/2023\/06\/myti23-regprices-updated-4-300x200.png 300w, https:\/\/www.cadca.org\/wp-content\/uploads\/2023\/06\/myti23-regprices-updated-4-18x12.png 18w\" sizes=\"auto, (max-width: 450px) 100vw, 450px\" \/><\/p>\n<p>Nota: Todos os participantes devem ser registrados com seu pr\u00f3prio endere\u00e7o de e-mail exclusivo (duplicatas n\u00e3o s\u00e3o permitidas em nosso sistema)<\/p>\n<p><strong>O que est\u00e1 inclu\u00eddo na taxa de inscri\u00e7\u00e3o?\u00a0<\/strong><\/p>\n<ul style=\"margin-left: 40px\">\n<li>Acesso a todas as sess\u00f5es em todas as faixas, de domingo, 16 de julho a quinta-feira, 20 de julho de 2023<\/li>\n<li>Ingresso para o Sal\u00e3o de Exposi\u00e7\u00f5es<\/li>\n<li>bolsa CADCA<\/li>\n<li>Acesso a todos os folhetos da sess\u00e3o e apresenta\u00e7\u00f5es em PowerPoint (permiss\u00e3o pendente para postagem dos palestrantes)<\/li>\n<li>Atividades de networking<\/li>\n<\/ul>\n<p><strong><br \/>\nComo me qualifico para a taxa de inscri\u00e7\u00e3o em grupo?\u00a0<\/strong><\/p>\n<ul style=\"margin-left: 40px\">\n<li>Todos os indiv\u00edduos devem estar associados \u00e0 MESMA coaliz\u00e3o\/organiza\u00e7\u00e3o (sem exce\u00e7\u00f5es)<\/li>\n<li>A coaliz\u00e3o\/organiza\u00e7\u00e3o deve ser um membro CADCA ativo<\/li>\n<li>O grupo deve conter no m\u00ednimo 5 indiv\u00edduos com PAGAMENTO INTEGRAL (bolsistas e palestrantes n\u00e3o contam para os membros do grupo)<\/li>\n<li>Todos os membros devem ser registrados ao mesmo tempo e pagar em uma transa\u00e7\u00e3o, usando uma forma de pagamento<\/li>\n<\/ul>\n<p><strong><br \/>\nComo participar do meio do ano com a taxa de s\u00f3cio?\u00a0<\/strong><\/p>\n<p>Adquira uma assinatura de um ano\u00a0<strong>antes de se registrar<\/strong>\u00a0e obtenha a taxa de membro reduzida! Os membros economizam mais de $200 por registrante e obt\u00eam acesso ao f\u00f3rum de rede on-line da CADCA, a Comunidade CADCA.<\/p>\n<p>Para obter detalhes, entre em contato com a equipe de membros da CADCA em<a href=\"mailto:membership@cadca.org\">member@cadca.org<\/a>ou ligue para 703-706-0560 ext. 261.<\/p>\n<p><strong><br \/>\nComo posso me registrar?\u00a0<\/strong><\/p>\n<ul style=\"margin-left: 40px\">\n<li><a href=\"https:\/\/web.cadca.org\/eweb\/DynamicPage.aspx?WebCode=LoginRequired&amp;expires=yes&amp;Site=CADCA_2017\" target=\"_blank\" rel=\"noopener\">Atrav\u00e9s do nosso Portal do Membro<\/a><\/li>\n<li>Envie o formul\u00e1rio de inscri\u00e7\u00e3o em PDF por e-mail para\u00a0<a href=\"mailto:events@cadca.org\" data-cke-saved-href=\"mailto:events@cadca.org\">events@cadca.org<\/a>\u00a0receber uma fatura<\/li>\n<\/ul>\n<p>&nbsp;<\/p>\n<p>Siga estes <a href=\"https:\/\/www.cadca.org\/wp-content\/uploads\/2023\/05\/MYTI23-Registration-Instructions-1.pdf\" target=\"_blank\" rel=\"noopener\">instru\u00e7\u00f5es passo a passo<\/a>\u00a0para obter informa\u00e7\u00f5es detalhadas sobre como se inscrever para o meio do ano.<\/p>\n<p><span class=\"ui-provider hc b c d e f g h i j k l m n o p q r s t u v w x y z ab ac ae af ag ah ai aj ak\" dir=\"ltr\">Voc\u00ea n\u00e3o \u00e9 considerado registrado para a confer\u00eancia at\u00e9 que o pagamento ou uma ordem de compra seja recebida. O pagamento deve ser carimbado por <strong>26 de junho de 2023<\/strong>. Ordens de compra (PO) oficiais s\u00e3o aceitas (n\u00e3o requisi\u00e7\u00f5es de compra), desde que as seguintes diretrizes sejam atendidas. Se voc\u00ea enviar uma PO ao CADCA, estar\u00e1 garantindo o pagamento do valor total da PO por <strong>16 de julho<\/strong>.<\/span><\/p>\n<p><em>ATEN\u00c7\u00c3O: Se voc\u00ea receber uma mensagem de erro dizendo: \u201cATEN\u00c7\u00c3O! Voc\u00ea deve estar associado a uma organiza\u00e7\u00e3o para poder realizar o registro de eventos em grupo.\u201d A organiza\u00e7\u00e3o com sua conta n\u00e3o est\u00e1 vinculada corretamente. Para resolver envie um e-mail <a href=\"mailto:events@cadca.org\" data-cke-saved-href=\"mailto:events@cadca.org\">events@cadca.org<\/a>\u00a0ou\u00a0<a href=\"mailto:membership@cadca.org\" data-cke-saved-href=\"mailto:membership@cadca.org\">member@cadca.org<\/a>.<\/em><\/p>\n<p>&nbsp;<\/p>\n<p><strong>Formul\u00e1rios de inscri\u00e7\u00e3o\u00a0<\/strong><\/p>\n<p><a href=\"https:\/\/www.cadca.org\/wp-content\/uploads\/2023\/06\/MYTI23-Reg-Form-INDIVIDUAL.pdf\"><img loading=\"lazy\" decoding=\"async\" class=\"alignnone wp-image-18638 size-medium\" src=\"https:\/\/www.cadca.org\/wp-content\/uploads\/2023\/05\/RegPage-1-300x64.png\" alt=\"\" width=\"300\" height=\"64\" srcset=\"https:\/\/www.cadca.org\/wp-content\/uploads\/2023\/05\/RegPage-1-300x64.png 300w, https:\/\/www.cadca.org\/wp-content\/uploads\/2023\/05\/RegPage-1-18x4.png 18w, https:\/\/www.cadca.org\/wp-content\/uploads\/2023\/05\/RegPage-1.png 387w\" sizes=\"auto, (max-width: 300px) 100vw, 300px\" \/><\/a><a href=\"https:\/\/www.cadca.org\/wp-content\/uploads\/2023\/06\/MYTI23-Reg-Form-GROUP-5-1.pdf\"><img loading=\"lazy\" decoding=\"async\" class=\"alignnone wp-image-18639 size-medium\" src=\"https:\/\/www.cadca.org\/wp-content\/uploads\/2023\/05\/RegPage-3-300x62.png\" alt=\"\" width=\"300\" height=\"62\" srcset=\"https:\/\/www.cadca.org\/wp-content\/uploads\/2023\/05\/RegPage-3-300x62.png 300w, https:\/\/www.cadca.org\/wp-content\/uploads\/2023\/05\/RegPage-3-768x159.png 768w, https:\/\/www.cadca.org\/wp-content\/uploads\/2023\/05\/RegPage-3-18x4.png 18w, https:\/\/www.cadca.org\/wp-content\/uploads\/2023\/05\/RegPage-3.png 774w\" sizes=\"auto, (max-width: 300px) 100vw, 300px\" \/><\/a><\/p>\n<p><strong><br \/>\nIsen\u00e7\u00e3o de responsabilidade\u00a0<\/strong><\/p>\n<p>Como requisito para participar de um evento de treinamento CADCA, os participantes devem reconhecer <a href=\"https:\/\/www.cadca.org\/wp-content\/uploads\/2023\/05\/Waiver-of-Liability-Texas.pdf\">Isen\u00e7\u00e3o de responsabilidade da CADCA<\/a>.<\/p>\n<p>A CADCA utilizar\u00e1 um sistema que facilita a distribui\u00e7\u00e3o limitada de crach\u00e1s de contato para todos os participantes. Al\u00e9m disso, o Gaylord passar\u00e1 por desinfec\u00e7\u00e3o frequente e aprimorada das \u00e1reas de alto contato do evento, de acordo com seu Compromisso com a Limpeza.<\/p>\n<p><strong><br \/>\nQuais s\u00e3o as Pol\u00edticas de Cancelamento\/Reembolso\/Substitui\u00e7\u00e3o da CADCA?\u00a0<\/strong><\/p>\n<p>As substitui\u00e7\u00f5es s\u00e3o gratuitas e devem ser enviadas por escrito via e-mail para events@cadca.org junto com um\u00a0<strong>NOVO<\/strong>e preencher o formul\u00e1rio de inscri\u00e7\u00e3o em PDF. CADCA tem um\u00a0<strong>SEM REEMBOLSO<\/strong>\u00a0pol\u00edtica. Cancelamentos, n\u00e3o comparecimento \u00e0 confer\u00eancia ou n\u00e3o comparecimento ao evento de treinamento n\u00e3o receber\u00e3o reembolso ou cr\u00e9dito para um evento de treinamento CADCA futuro.<\/p>\n<p><strong><br \/>\nNotas especiais<\/strong><\/p>\n<p>Participantes com Defici\u00eancia ou Necessidades Especiais: Se voc\u00ea tem alguma defici\u00eancia ou necessidade especial que possa afetar sua participa\u00e7\u00e3o no F\u00f3rum, entre em contato conosco pelo e-mail<a href=\"mailto:events@cadca.org\">events@cadca.org<\/a>para discutir suas necessidades.<\/p>\n<p>Ao se inscrever no evento CADCA, voc\u00ea est\u00e1 nos dando permiss\u00e3o para incluir seu nome, organiza\u00e7\u00e3o e informa\u00e7\u00f5es de estado para a lista de participantes e uso de sua imagem capturada em fotografias\/v\u00eddeos online.<\/p>\n<p><strong>AO SE INSCREVER NESTE EVENTO DE TREINAMENTO, VOC\u00ca CONCORDA COM A POL\u00cdTICA DE INSCRI\u00c7\u00c3O DO CADCA.<\/strong><\/p>\n    <\/div>\n<\/section>","protected":false},"excerpt":{"rendered":"","protected":false},"author":23,"featured_media":0,"parent":18692,"menu_order":0,"comment_status":"closed","ping_status":"closed","template":"","meta":{"_acf_changed":false,"inline_featured_image":false,"footnotes":""},"class_list":["post-16777","page","type-page","status-publish","hentry"],"acf":[],"yoast_head":"<!-- This site is optimized with the Yoast SEO plugin v26.8 - https:\/\/yoast.com\/product\/yoast-seo-wordpress\/ -->\n<title>MYTI2023: Registration | CADCA<\/title>\n<meta name=\"description\" content=\"CADCA represents over 7,000 community coalitions that involve individuals from key sectors including schools, law enforcement, youth, parents, healthcare, media, tribal communities and others\" \/>\n<meta name=\"robots\" content=\"index, follow, max-snippet:-1, max-image-preview:large, max-video-preview:-1\" \/>\n<link rel=\"canonical\" href=\"https:\/\/www.cadca.org\/pt\/myti2023\/registration\/\" \/>\n<meta property=\"og:locale\" content=\"pt_PT\" \/>\n<meta property=\"og:type\" content=\"article\" \/>\n<meta property=\"og:title\" content=\"MYTI2023: Registration | CADCA\" \/>\n<meta property=\"og:description\" content=\"CADCA represents over 7,000 community coalitions that involve individuals from key sectors including schools, law enforcement, youth, parents, healthcare, media, tribal communities and others\" \/>\n<meta property=\"og:url\" content=\"https:\/\/www.cadca.org\/pt\/myti2023\/registration\/\" \/>\n<meta property=\"og:site_name\" content=\"CADCA\" \/>\n<meta property=\"article:modified_time\" content=\"2023-06-27T14:09:29+00:00\" \/>\n<meta property=\"og:image\" content=\"https:\/\/www.cadca.org\/wp-content\/uploads\/2022\/03\/cadca-member-of-logo1.jpg\" \/>\n\t<meta property=\"og:image:width\" content=\"880\" \/>\n\t<meta property=\"og:image:height\" content=\"500\" \/>\n\t<meta property=\"og:image:type\" content=\"image\/jpeg\" \/>\n<meta name=\"twitter:card\" content=\"summary_large_image\" \/>\n<script type=\"application\/ld+json\" class=\"yoast-schema-graph\">{\"@context\":\"https:\/\/schema.org\",\"@graph\":[{\"@type\":\"WebPage\",\"@id\":\"https:\/\/www.cadca.org\/myti2023\/registration\/\",\"url\":\"https:\/\/www.cadca.org\/myti2023\/registration\/\",\"name\":\"MYTI2023: Registration | CADCA\",\"isPartOf\":{\"@id\":\"https:\/\/www.cadca.org\/#website\"},\"datePublished\":\"2023-03-09T15:33:02+00:00\",\"dateModified\":\"2023-06-27T14:09:29+00:00\",\"description\":\"CADCA represents over 7,000 community coalitions that involve individuals from key sectors including schools, law enforcement, youth, parents, healthcare, media, tribal communities and others\",\"breadcrumb\":{\"@id\":\"https:\/\/www.cadca.org\/myti2023\/registration\/#breadcrumb\"},\"inLanguage\":\"pt-PT\",\"potentialAction\":[{\"@type\":\"ReadAction\",\"target\":[\"https:\/\/www.cadca.org\/myti2023\/registration\/\"]}]},{\"@type\":\"BreadcrumbList\",\"@id\":\"https:\/\/www.cadca.org\/myti2023\/registration\/#breadcrumb\",\"itemListElement\":[{\"@type\":\"ListItem\",\"position\":1,\"name\":\"Home\",\"item\":\"https:\/\/www.cadca.org\/\"},{\"@type\":\"ListItem\",\"position\":2,\"name\":\"MYTI2023\",\"item\":\"https:\/\/www.cadca.org\/myti2023\/\"},{\"@type\":\"ListItem\",\"position\":3,\"name\":\"MYTI2023: Registration\"}]},{\"@type\":\"WebSite\",\"@id\":\"https:\/\/www.cadca.org\/#website\",\"url\":\"https:\/\/www.cadca.org\/\",\"name\":\"CADCA\",\"description\":\"The Premier Prevention Association\",\"potentialAction\":[{\"@type\":\"SearchAction\",\"target\":{\"@type\":\"EntryPoint\",\"urlTemplate\":\"https:\/\/www.cadca.org\/?s={search_term_string}\"},\"query-input\":{\"@type\":\"PropertyValueSpecification\",\"valueRequired\":true,\"valueName\":\"search_term_string\"}}],\"inLanguage\":\"pt-PT\"}]}<\/script>\n<!-- \/ Yoast SEO plugin. -->","yoast_head_json":{"title":"MYTI2023: Registration | CADCA","description":"CADCA represents over 7,000 community coalitions that involve individuals from key sectors including schools, law enforcement, youth, parents, healthcare, media, tribal communities and others","robots":{"index":"index","follow":"follow","max-snippet":"max-snippet:-1","max-image-preview":"max-image-preview:large","max-video-preview":"max-video-preview:-1"},"canonical":"https:\/\/www.cadca.org\/pt\/myti2023\/registration\/","og_locale":"pt_PT","og_type":"article","og_title":"MYTI2023: Registration | CADCA","og_description":"CADCA represents over 7,000 community coalitions that involve individuals from key sectors including schools, law enforcement, youth, parents, healthcare, media, tribal communities and others","og_url":"https:\/\/www.cadca.org\/pt\/myti2023\/registration\/","og_site_name":"CADCA","article_modified_time":"2023-06-27T14:09:29+00:00","og_image":[{"width":880,"height":500,"url":"https:\/\/www.cadca.org\/wp-content\/uploads\/2022\/03\/cadca-member-of-logo1.jpg","type":"image\/jpeg"}],"twitter_card":"summary_large_image","schema":{"@context":"https:\/\/schema.org","@graph":[{"@type":"WebPage","@id":"https:\/\/www.cadca.org\/myti2023\/registration\/","url":"https:\/\/www.cadca.org\/myti2023\/registration\/","name":"MYTI2023: Registration | CADCA","isPartOf":{"@id":"https:\/\/www.cadca.org\/#website"},"datePublished":"2023-03-09T15:33:02+00:00","dateModified":"2023-06-27T14:09:29+00:00","description":"CADCA represents over 7,000 community coalitions that involve individuals from key sectors including schools, law enforcement, youth, parents, healthcare, media, tribal communities and others","breadcrumb":{"@id":"https:\/\/www.cadca.org\/myti2023\/registration\/#breadcrumb"},"inLanguage":"pt-PT","potentialAction":[{"@type":"ReadAction","target":["https:\/\/www.cadca.org\/myti2023\/registration\/"]}]},{"@type":"BreadcrumbList","@id":"https:\/\/www.cadca.org\/myti2023\/registration\/#breadcrumb","itemListElement":[{"@type":"ListItem","position":1,"name":"Home","item":"https:\/\/www.cadca.org\/"},{"@type":"ListItem","position":2,"name":"MYTI2023","item":"https:\/\/www.cadca.org\/myti2023\/"},{"@type":"ListItem","position":3,"name":"MYTI2023: Registration"}]},{"@type":"WebSite","@id":"https:\/\/www.cadca.org\/#website","url":"https:\/\/www.cadca.org\/","name":"CADCA","description":"The Premier Prevention Association","potentialAction":[{"@type":"SearchAction","target":{"@type":"EntryPoint","urlTemplate":"https:\/\/www.cadca.org\/?s={search_term_string}"},"query-input":{"@type":"PropertyValueSpecification","valueRequired":true,"valueName":"search_term_string"}}],"inLanguage":"pt-PT"}]}},"_links":{"self":[{"href":"https:\/\/www.cadca.org\/pt\/wp-json\/wp\/v2\/pages\/16777","targetHints":{"allow":["GET"]}}],"collection":[{"href":"https:\/\/www.cadca.org\/pt\/wp-json\/wp\/v2\/pages"}],"about":[{"href":"https:\/\/www.cadca.org\/pt\/wp-json\/wp\/v2\/types\/page"}],"author":[{"embeddable":true,"href":"https:\/\/www.cadca.org\/pt\/wp-json\/wp\/v2\/users\/23"}],"replies":[{"embeddable":true,"href":"https:\/\/www.cadca.org\/pt\/wp-json\/wp\/v2\/comments?post=16777"}],"version-history":[{"count":0,"href":"https:\/\/www.cadca.org\/pt\/wp-json\/wp\/v2\/pages\/16777\/revisions"}],"up":[{"embeddable":true,"href":"https:\/\/www.cadca.org\/pt\/wp-json\/wp\/v2\/pages\/18692"}],"wp:attachment":[{"href":"https:\/\/www.cadca.org\/pt\/wp-json\/wp\/v2\/media?parent=16777"}],"curies":[{"name":"wp","href":"https:\/\/api.w.org\/{rel}","templated":true}]}}