{"id":16776,"date":"2023-03-09T15:32:37","date_gmt":"2023-03-09T15:32:37","guid":{"rendered":"https:\/\/cadca1stg.wpengine.com\/?page_id=16776"},"modified":"2023-06-23T18:16:41","modified_gmt":"2023-06-23T18:16:41","slug":"youth","status":"publish","type":"page","link":"https:\/\/www.cadca.org\/pt\/myti2023\/youth\/","title":{"rendered":"MYTI2023: Youth"},"content":{"rendered":"<style media=\"all\" type=\"text\/css\">\n\n    \n    \/* xs & sm (mobile) *\/\n    @media (max-width: 767.98px) {\n        }\n\n    \/* md (tablet) *\/\n    @media (min-width: 768px) and (max-width: 1199.98px) {\n        }\n\n    \/* lg (desktop) *\/\n    @media (min-width: 1200px) {\n        }\n\n    \/* custom styles *\/\n    <\/style>\n<section class=\"rte  block_1ad3d42a17b3418aa424b3c46247a9c7\" id=\"block_1ad3d42a17b3418aa424b3c46247a9c7\">\n    <div class=\"container\">\n        <p><span style=\"font-family: tahoma, arial, helvetica, sans-serif;font-size: 16px\"><img loading=\"lazy\" decoding=\"async\" class=\"wp-image-16754 size-large aligncenter\" src=\"https:\/\/www.cadca.org\/wp-content\/uploads\/2023\/03\/23-Mid-year-banner-1667x262-2-1024x161.png\" alt=\"\" width=\"1024\" height=\"161\" srcset=\"https:\/\/www.cadca.org\/wp-content\/uploads\/2023\/03\/23-Mid-year-banner-1667x262-2-1024x161.png 1024w, https:\/\/www.cadca.org\/wp-content\/uploads\/2023\/03\/23-Mid-year-banner-1667x262-2-300x47.png 300w, https:\/\/www.cadca.org\/wp-content\/uploads\/2023\/03\/23-Mid-year-banner-1667x262-2-768x121.png 768w, https:\/\/www.cadca.org\/wp-content\/uploads\/2023\/03\/23-Mid-year-banner-1667x262-2-1536x241.png 1536w, https:\/\/www.cadca.org\/wp-content\/uploads\/2023\/03\/23-Mid-year-banner-1667x262-2-18x3.png 18w, https:\/\/www.cadca.org\/wp-content\/uploads\/2023\/03\/23-Mid-year-banner-1667x262-2.png 1667w\" sizes=\"auto, (max-width: 1024px) 100vw, 1024px\" \/><\/span><\/p>\n<p style=\"text-align: center\"><span style=\"font-family: tahoma, arial, helvetica, sans-serif;font-size: 16px\"><a href=\"https:\/\/www.cadca.org\/pt\/myti2023\/\"><img loading=\"lazy\" decoding=\"async\" class=\"alignnone wp-image-16712\" src=\"https:\/\/www.cadca.org\/wp-content\/uploads\/2023\/03\/MYTIHomepage-300x243.png\" alt=\"\" width=\"100\" height=\"81\" \/><\/a> <a href=\"https:\/\/www.cadca.org\/pt\/myti2023\/cfps\/\"><img loading=\"lazy\" decoding=\"async\" class=\"alignnone wp-image-16713\" src=\"https:\/\/www.cadca.org\/wp-content\/uploads\/2023\/03\/MYTICFP-300x243.png\" alt=\"\" width=\"100\" height=\"81\" srcset=\"https:\/\/www.cadca.org\/wp-content\/uploads\/2023\/03\/MYTICFP-300x243.png 300w, https:\/\/www.cadca.org\/wp-content\/uploads\/2023\/03\/MYTICFP-768x621.png 768w, https:\/\/www.cadca.org\/wp-content\/uploads\/2023\/03\/MYTICFP-15x12.png 15w, https:\/\/www.cadca.org\/wp-content\/uploads\/2023\/03\/MYTICFP.png 804w\" sizes=\"auto, (max-width: 100px) 100vw, 100px\" \/><\/a>\u00a0<a href=\"https:\/\/www.cadca.org\/pt\/myti2023\/faqs\/\"><img loading=\"lazy\" decoding=\"async\" class=\"alignnone wp-image-16720\" src=\"https:\/\/www.cadca.org\/wp-content\/uploads\/2023\/03\/MYTIFAQs-300x243.png\" alt=\"\" width=\"100\" height=\"81\" srcset=\"https:\/\/www.cadca.org\/wp-content\/uploads\/2023\/03\/MYTIFAQs-300x243.png 300w, https:\/\/www.cadca.org\/wp-content\/uploads\/2023\/03\/MYTIFAQs-768x621.png 768w, https:\/\/www.cadca.org\/wp-content\/uploads\/2023\/03\/MYTIFAQs-15x12.png 15w, https:\/\/www.cadca.org\/wp-content\/uploads\/2023\/03\/MYTIFAQs.png 804w\" sizes=\"auto, (max-width: 100px) 100vw, 100px\" \/><\/a> <a href=\"https:\/\/www.cadca.org\/pt\/myti2023\/hotelandtravel\/\"><img loading=\"lazy\" decoding=\"async\" class=\"alignnone wp-image-16714\" src=\"https:\/\/www.cadca.org\/wp-content\/uploads\/2023\/03\/MYTIHotel-300x243.png\" alt=\"\" width=\"100\" height=\"81\" srcset=\"https:\/\/www.cadca.org\/wp-content\/uploads\/2023\/03\/MYTIHotel-300x243.png 300w, https:\/\/www.cadca.org\/wp-content\/uploads\/2023\/03\/MYTIHotel-768x621.png 768w, https:\/\/www.cadca.org\/wp-content\/uploads\/2023\/03\/MYTIHotel-15x12.png 15w, https:\/\/www.cadca.org\/wp-content\/uploads\/2023\/03\/MYTIHotel.png 804w\" sizes=\"auto, (max-width: 100px) 100vw, 100px\" \/><\/a> <a href=\"https:\/\/www.cadca.org\/pt\/myti2023\/international\/\"><img loading=\"lazy\" decoding=\"async\" class=\"alignnone wp-image-16718\" src=\"https:\/\/www.cadca.org\/wp-content\/uploads\/2023\/03\/MYTIIntl-300x243.png\" alt=\"\" width=\"100\" height=\"81\" srcset=\"https:\/\/www.cadca.org\/wp-content\/uploads\/2023\/03\/MYTIIntl-300x243.png 300w, https:\/\/www.cadca.org\/wp-content\/uploads\/2023\/03\/MYTIIntl-768x621.png 768w, https:\/\/www.cadca.org\/wp-content\/uploads\/2023\/03\/MYTIIntl-15x12.png 15w, https:\/\/www.cadca.org\/wp-content\/uploads\/2023\/03\/MYTIIntl.png 804w\" sizes=\"auto, (max-width: 100px) 100vw, 100px\" \/><\/a> <a href=\"https:\/\/www.cadca.org\/pt\/myti2023\/partnerships\/\"><img loading=\"lazy\" decoding=\"async\" class=\"alignnone wp-image-16716\" src=\"https:\/\/www.cadca.org\/wp-content\/uploads\/2023\/03\/MYTIPartnerships-300x243.png\" alt=\"\" width=\"100\" height=\"81\" srcset=\"https:\/\/www.cadca.org\/wp-content\/uploads\/2023\/03\/MYTIPartnerships-300x243.png 300w, https:\/\/www.cadca.org\/wp-content\/uploads\/2023\/03\/MYTIPartnerships-768x621.png 768w, https:\/\/www.cadca.org\/wp-content\/uploads\/2023\/03\/MYTIPartnerships-15x12.png 15w, https:\/\/www.cadca.org\/wp-content\/uploads\/2023\/03\/MYTIPartnerships.png 804w\" sizes=\"auto, (max-width: 100px) 100vw, 100px\" \/><\/a> <a href=\"https:\/\/www.cadca.org\/pt\/myti2023\/registration\/\"><img loading=\"lazy\" decoding=\"async\" class=\"alignnone wp-image-16722\" src=\"https:\/\/www.cadca.org\/wp-content\/uploads\/2023\/03\/MYTIReg-300x243.png\" alt=\"\" width=\"100\" height=\"81\" srcset=\"https:\/\/www.cadca.org\/wp-content\/uploads\/2023\/03\/MYTIReg-300x243.png 300w, https:\/\/www.cadca.org\/wp-content\/uploads\/2023\/03\/MYTIReg-768x621.png 768w, https:\/\/www.cadca.org\/wp-content\/uploads\/2023\/03\/MYTIReg-15x12.png 15w, https:\/\/www.cadca.org\/wp-content\/uploads\/2023\/03\/MYTIReg.png 804w\" sizes=\"auto, (max-width: 100px) 100vw, 100px\" \/><\/a> <a href=\"https:\/\/www.cadca.org\/pt\/myti2023\/schedule\/\"><img loading=\"lazy\" decoding=\"async\" class=\"alignnone wp-image-16715\" src=\"https:\/\/www.cadca.org\/wp-content\/uploads\/2023\/03\/MYTISchedule-300x243.png\" alt=\"\" width=\"100\" height=\"81\" srcset=\"https:\/\/www.cadca.org\/wp-content\/uploads\/2023\/03\/MYTISchedule-300x243.png 300w, https:\/\/www.cadca.org\/wp-content\/uploads\/2023\/03\/MYTISchedule-768x621.png 768w, https:\/\/www.cadca.org\/wp-content\/uploads\/2023\/03\/MYTISchedule-15x12.png 15w, https:\/\/www.cadca.org\/wp-content\/uploads\/2023\/03\/MYTISchedule.png 804w\" sizes=\"auto, (max-width: 100px) 100vw, 100px\" \/><\/a> <a href=\"https:\/\/www.cadca.org\/pt\/myti2023\/scholarships\/\"><img loading=\"lazy\" decoding=\"async\" class=\"alignnone wp-image-16719\" src=\"https:\/\/www.cadca.org\/wp-content\/uploads\/2023\/03\/MYTIScholarships-300x243.png\" alt=\"\" width=\"100\" height=\"81\" srcset=\"https:\/\/www.cadca.org\/wp-content\/uploads\/2023\/03\/MYTIScholarships-300x243.png 300w, https:\/\/www.cadca.org\/wp-content\/uploads\/2023\/03\/MYTIScholarships-768x621.png 768w, https:\/\/www.cadca.org\/wp-content\/uploads\/2023\/03\/MYTIScholarships-15x12.png 15w, https:\/\/www.cadca.org\/wp-content\/uploads\/2023\/03\/MYTIScholarships.png 804w\" sizes=\"auto, (max-width: 100px) 100vw, 100px\" \/><\/a><\/span><\/p>\n<p style=\"text-align: center\"><span style=\"color: #0ba171;font-size: 36px;font-family: tahoma, arial, helvetica, sans-serif\"><strong>Programa de Lideran\u00e7a Juvenil do CADCA<\/strong><\/span><\/p>\n<p style=\"text-align: center\"><span style=\"font-family: tahoma, arial, helvetica, sans-serif\"><img loading=\"lazy\" decoding=\"async\" class=\"alignnone wp-image-16802\" src=\"https:\/\/www.cadca.org\/wp-content\/uploads\/2023\/03\/MYTIYouth2.png\" alt=\"\" width=\"500\" height=\"333\" srcset=\"https:\/\/www.cadca.org\/wp-content\/uploads\/2023\/03\/MYTIYouth2.png 900w, https:\/\/www.cadca.org\/wp-content\/uploads\/2023\/03\/MYTIYouth2-300x200.png 300w, https:\/\/www.cadca.org\/wp-content\/uploads\/2023\/03\/MYTIYouth2-768x512.png 768w, https:\/\/www.cadca.org\/wp-content\/uploads\/2023\/03\/MYTIYouth2-18x12.png 18w\" sizes=\"auto, (max-width: 500px) 100vw, 500px\" \/> <img loading=\"lazy\" decoding=\"async\" class=\"alignnone wp-image-16810\" src=\"https:\/\/www.cadca.org\/wp-content\/uploads\/2023\/03\/MYTIYouth-1.png\" alt=\"\" width=\"500\" height=\"333\" srcset=\"https:\/\/www.cadca.org\/wp-content\/uploads\/2023\/03\/MYTIYouth-1.png 900w, https:\/\/www.cadca.org\/wp-content\/uploads\/2023\/03\/MYTIYouth-1-300x200.png 300w, https:\/\/www.cadca.org\/wp-content\/uploads\/2023\/03\/MYTIYouth-1-768x512.png 768w, https:\/\/www.cadca.org\/wp-content\/uploads\/2023\/03\/MYTIYouth-1-18x12.png 18w\" sizes=\"auto, (max-width: 500px) 100vw, 500px\" \/><\/span><\/p>\n<div>\n<p>A juventude n\u00e3o est\u00e1 liderando amanh\u00e3, mas liderando agora! Nunca houve um momento como o presente para os jovens assumirem pap\u00e9is de lideran\u00e7a em suas coaliz\u00f5es e abordarem as quest\u00f5es prementes enfrentadas por nossas comunidades. Os Cursos de Treinamento de Lideran\u00e7a Juvenil da CADCA desenvolvem habilidades de pensamento cr\u00edtico nos jovens e os equipam com as ferramentas necess\u00e1rias para ajudar as coaliz\u00f5es a alcan\u00e7ar mudan\u00e7as em n\u00edvel comunit\u00e1rio. Nosso treinamento capacita os jovens a realizar a\u00e7\u00f5es c\u00edvicas lideradas por jovens em suas comunidades.<\/p>\n<p>Construir parcerias com diversas partes interessadas no n\u00edvel da comunidade \u00e9 a base do modelo de coaliz\u00e3o. Para alcan\u00e7ar a verdadeira sustentabilidade e impacto a longo prazo, \u00e9 imperativo que capacitemos os jovens para serem catalisadores e sustentadores da mudan\u00e7a da comunidade. Os Cursos de Treinamento de Lideran\u00e7a Juvenil da CADCA desenvolvem as habilidades dos jovens em sua comunidade e fornecem a eles as ferramentas necess\u00e1rias para ajudar sua coaliz\u00e3o a alcan\u00e7ar mudan\u00e7as em n\u00edvel comunit\u00e1rio. Nosso treinamento capacita jovens de 13 a 18 anos a realizar a\u00e7\u00f5es c\u00edvicas lideradas por jovens em suas comunidades. As coaliz\u00f5es em todo o pa\u00eds est\u00e3o enviando seus jovens a esses cursos empolgantes para ajud\u00e1-los a trabalhar juntos de maneira mais eficaz.<\/p>\n<p><strong>Lideran\u00e7a Juvenil<\/strong> cont\u00e9m tr\u00eas cursos separados para o meio do ano: Key Essentials, Leveling Up Communities e Youth Leadership Breakout. Ambos os cursos devem ser frequentados por jovens e seus conselheiros adultos de coaliz\u00e3o para apoiar o processo de aprendizagem.<\/p>\n<p><strong>O Curso Essencial Chave<\/strong> equipa os participantes com as ferramentas fundamentais necess\u00e1rias para dar os primeiros passos na solu\u00e7\u00e3o dos problemas de suas comunidades em torno de drogas, juuling, consumo de \u00e1lcool por menores, medicamentos prescritos e outros males sociais usando o Quadro de Preven\u00e7\u00e3o Estrat\u00e9gica.<\/p>\n<p><em>Key Essentials esta ofrecida en espa\u00f1ol con espacio limitado, por favor contactar <a href=\"mailto:youth@cadca.org\">juventude@cadca.org<\/a> para mais informa\u00e7\u00f5es sobre como registrador.<\/em><\/p>\n<p><em>O Key Essentials tamb\u00e9m \u00e9 oferecido em espanhol e tem vagas limitadas, entre em contato <a href=\"mailto:youth@cadca.org\">juventude@cadca.org<\/a> Para maiores informa\u00e7\u00f5es. <\/em><\/p>\n<p><strong>Subindo o n\u00edvel das comunidades<\/strong>\u00a0oferece uma nova vis\u00e3o sobre o trabalho que fazemos em nossas comunidades, para garantir que ele impacte todos os membros da comunidade, especialmente aqueles que mais precisam. A equidade na sa\u00fade est\u00e1 se tornando um conceito integral nos esfor\u00e7os de preven\u00e7\u00e3o do uso indevido de subst\u00e2ncias, e esta trilha abordar\u00e1 como podemos facilitar a mudan\u00e7a em nossas comunidades por meio dessa perspectiva. Os jovens que se inscrevem para esta trilha devem comparecer a todas as sess\u00f5es, e \u00e9 recomendado que um conselheiro adulto participe desta trilha com os jovens da coaliz\u00e3o.<\/p>\n<p><strong>A trilha da lideran\u00e7a da juventude<\/strong>\u00a0oferece aos jovens que conclu\u00edram os treinamentos Key Essentials e Leveling Up Communities outra op\u00e7\u00e3o. Esta trilha fornece aos jovens l\u00edderes uma introdu\u00e7\u00e3o a v\u00e1rias estrat\u00e9gias de preven\u00e7\u00e3o e insights para ajudar a desenvolver suas habilidades de lideran\u00e7a e coaliz\u00f5es comunit\u00e1rias.<\/p>\n<p>As Sess\u00f5es incluem:<\/p>\n<ol style=\"margin-left:40px\">\n<li>Autocuidado - Foco em Pontos Fortes e Estrat\u00e9gias<\/li>\n<li>LEAD: Uma Experi\u00eancia Imersiva de Lideran\u00e7a Juvenil (Sess\u00e3o do Parceiro)<\/li>\n<li>Acenda sua influ\u00eancia: como envolver e influenciar seus colegas na preven\u00e7\u00e3o (sess\u00e3o do parceiro)<\/li>\n<li>Mantendo meu salto alto<\/li>\n<li>O poder da juventude (sess\u00e3o do parceiro)<\/li>\n<li>Treine sua sa\u00fade cerebral. Ter esperan\u00e7a. AO VIVO. (Sess\u00e3o do Parceiro)<\/li>\n<li>Hot Take: uma combina\u00e7\u00e3o t\u00f3xica de m\u00eddia social, drogas, tr\u00e1fico humano e sa\u00fade mental<\/li>\n<li>Sob a influ\u00eancia: expondo as t\u00e1ticas da ind\u00fastria do \u00e1lcool<\/li>\n<\/ol>\n<\/div>\n<p>&nbsp;<\/p>\n<p><strong>ANTES DE SE INSCREVER:\u00a0<\/strong><\/p>\n<ol style=\"margin-left:40px\">\n<li>Existem tr\u00eas faixas separadas de treinamento de lideran\u00e7a para jovens no meio do ano; por favor, registre seu grupo (#&#039;s de conselheiros adultos e jovens) para uma das seguintes trilhas: o Treinamento de Princ\u00edpios B\u00e1sicos ou Treinamento de Comunidades de Nivelamento ou Treinamento de Sess\u00e3o de Lideran\u00e7a Juvenil. Por favor, pr\u00e9-selecione sua faixa de treinamento utilizando este <a href=\"https:\/\/forms.monday.com\/forms\/6e06b38523d4d1576f0a12b089f938bd?r=use1\">link<\/a>.<\/li>\n<li>Muitos de nossos l\u00edderes de jovens j\u00e1 conclu\u00edram o Key Essentials e o LUC, portanto, queremos oferecer oportunidades de treinamento adicionais para os jovens participarem. Por favor, veja a descri\u00e7\u00e3o do nosso novo curso de Lideran\u00e7a Juvenil para mais informa\u00e7\u00f5es!<\/li>\n<li>Como conselheiro(s) adulto(s) da coaliz\u00e3o e suporte cont\u00ednuo para o trabalho que acontecer\u00e1 com seu grupo de jovens quando voc\u00ea retornar \u00e0 sua comunidade, os Conselheiros Adultos da Coaliz\u00e3o devem participar com os jovens em todos os treinamentos de lideran\u00e7a juvenil. Por favor, confirme os conselheiros adultos de suas coaliz\u00f5es de jovens que participar\u00e3o de todos os segmentos de treinamento com os jovens (exceto para sess\u00f5es especiais para conselheiros adultos).<\/li>\n<li>Devemos ter um Formul\u00e1rio de Consentimento dos Pais para cada jovem.<\/li>\n<\/ol>\n<p><strong><br \/>\nPerguntas frequentes sobre YL\u00a0<\/strong><\/p>\n<p><strong>Existe um formul\u00e1rio de consentimento para preencher?<\/strong><br \/>\nSim, \u00e9 necess\u00e1rio um formul\u00e1rio de consentimento para todos os jovens registrados com 18 anos ou menos.\u00a0\u00a0<a href=\"https:\/\/midyear.cadca.org\/webform\/mid-year-2023-consent-form\">Por favor, preencha e envie um aqui.<\/a><\/p>\n<p><strong>Quais s\u00e3o os requisitos de idade?\u00a0<\/strong><br \/>\nOs Cursos de Lideran\u00e7a Juvenil foram desenvolvidos para jovens de 13 a 20 anos; no entanto, envie-nos um e-mail se tiver uma exce\u00e7\u00e3o.<\/p>\n<p><strong>Os adultos s\u00e3o obrigados a participar com os jovens nos cursos de lideran\u00e7a juvenil?\u00a0<\/strong><br \/>\nSim, os conselheiros adultos s\u00e3o obrigados a participar com seus jovens durante todo o processo. O modelo de Lideran\u00e7a Juvenil da CADCA \u00e9 um treinamento especializado baseado no estabelecimento de parcerias saud\u00e1veis entre adultos e jovens e espera que os adultos trabalhem com os jovens durante as sess\u00f5es de treinamento. Este n\u00e3o \u00e9 um papel de acompanhante, mas sim um treinador\/mentor da coaliz\u00e3o que apoiar\u00e1 a implementa\u00e7\u00e3o das estrat\u00e9gias desenvolvidas ao retornar \u00e0 coaliz\u00e3o.<\/p>\n<p><strong>Qual \u00e9 o traje?\u00a0<\/strong><br \/>\nO traje \u00e9 casual durante as sess\u00f5es de treinamento. Nada muito apertado, solto, curto ou revelador.<\/p>\n<p><strong>O que trazer?\u00a0<\/strong><br \/>\nSe a sua coaliz\u00e3o tiver dados da comunidade, traga-os! (por exemplo: dados da pesquisa com jovens)<\/p>\n<p><strong>Os jovens seguem o mesmo hor\u00e1rio dos adultos?\u00a0<\/strong><br \/>\nSim e n\u00e3o. Na maior parte, os jovens seguir\u00e3o a programa\u00e7\u00e3o principal do meio do ano, com exce\u00e7\u00e3o do Youth Meet-Up N&#039; Chill e do Youth Talent Show. Por favor, veja a programa\u00e7\u00e3o abaixo para mais detalhes. A programa\u00e7\u00e3o est\u00e1 sujeita a altera\u00e7\u00f5es, portanto, verifique novamente antes de sua partida.<\/p>\n    <\/div>\n<\/section>","protected":false},"excerpt":{"rendered":"","protected":false},"author":23,"featured_media":0,"parent":18692,"menu_order":0,"comment_status":"closed","ping_status":"closed","template":"","meta":{"_acf_changed":false,"inline_featured_image":false,"footnotes":""},"class_list":["post-16776","page","type-page","status-publish","hentry"],"acf":[],"yoast_head":"<!-- This site is optimized with the Yoast SEO plugin v26.8 - https:\/\/yoast.com\/product\/yoast-seo-wordpress\/ -->\n<title>MYTI2023: Youth | CADCA<\/title>\n<meta name=\"description\" content=\"CADCA represents over 7,000 community coalitions that involve individuals from key sectors including schools, law enforcement, youth, parents, healthcare, media, tribal communities and others\" \/>\n<meta name=\"robots\" content=\"index, follow, max-snippet:-1, max-image-preview:large, max-video-preview:-1\" \/>\n<link rel=\"canonical\" href=\"https:\/\/www.cadca.org\/pt\/myti2023\/youth\/\" \/>\n<meta property=\"og:locale\" content=\"pt_PT\" \/>\n<meta property=\"og:type\" content=\"article\" \/>\n<meta property=\"og:title\" content=\"MYTI2023: Youth | CADCA\" \/>\n<meta property=\"og:description\" content=\"CADCA represents over 7,000 community coalitions that involve individuals from key sectors including schools, law enforcement, youth, parents, healthcare, media, tribal communities and others\" \/>\n<meta property=\"og:url\" content=\"https:\/\/www.cadca.org\/pt\/myti2023\/youth\/\" \/>\n<meta property=\"og:site_name\" content=\"CADCA\" \/>\n<meta property=\"article:modified_time\" content=\"2023-06-23T18:16:41+00:00\" \/>\n<meta property=\"og:image\" content=\"https:\/\/www.cadca.org\/wp-content\/uploads\/2022\/03\/cadca-member-of-logo1.jpg\" \/>\n\t<meta property=\"og:image:width\" content=\"880\" \/>\n\t<meta property=\"og:image:height\" content=\"500\" \/>\n\t<meta property=\"og:image:type\" content=\"image\/jpeg\" \/>\n<meta name=\"twitter:card\" content=\"summary_large_image\" \/>\n<script type=\"application\/ld+json\" class=\"yoast-schema-graph\">{\"@context\":\"https:\/\/schema.org\",\"@graph\":[{\"@type\":\"WebPage\",\"@id\":\"https:\/\/www.cadca.org\/myti2023\/youth\/\",\"url\":\"https:\/\/www.cadca.org\/myti2023\/youth\/\",\"name\":\"MYTI2023: Youth | CADCA\",\"isPartOf\":{\"@id\":\"https:\/\/www.cadca.org\/#website\"},\"datePublished\":\"2023-03-09T15:32:37+00:00\",\"dateModified\":\"2023-06-23T18:16:41+00:00\",\"description\":\"CADCA represents over 7,000 community coalitions that involve individuals from key sectors including schools, law enforcement, youth, parents, healthcare, media, tribal communities and others\",\"breadcrumb\":{\"@id\":\"https:\/\/www.cadca.org\/myti2023\/youth\/#breadcrumb\"},\"inLanguage\":\"pt-PT\",\"potentialAction\":[{\"@type\":\"ReadAction\",\"target\":[\"https:\/\/www.cadca.org\/myti2023\/youth\/\"]}]},{\"@type\":\"BreadcrumbList\",\"@id\":\"https:\/\/www.cadca.org\/myti2023\/youth\/#breadcrumb\",\"itemListElement\":[{\"@type\":\"ListItem\",\"position\":1,\"name\":\"Home\",\"item\":\"https:\/\/www.cadca.org\/\"},{\"@type\":\"ListItem\",\"position\":2,\"name\":\"MYTI2023\",\"item\":\"https:\/\/www.cadca.org\/myti2023\/\"},{\"@type\":\"ListItem\",\"position\":3,\"name\":\"MYTI2023: Youth\"}]},{\"@type\":\"WebSite\",\"@id\":\"https:\/\/www.cadca.org\/#website\",\"url\":\"https:\/\/www.cadca.org\/\",\"name\":\"CADCA\",\"description\":\"The Premier Prevention Association\",\"potentialAction\":[{\"@type\":\"SearchAction\",\"target\":{\"@type\":\"EntryPoint\",\"urlTemplate\":\"https:\/\/www.cadca.org\/?s={search_term_string}\"},\"query-input\":{\"@type\":\"PropertyValueSpecification\",\"valueRequired\":true,\"valueName\":\"search_term_string\"}}],\"inLanguage\":\"pt-PT\"}]}<\/script>\n<!-- \/ Yoast SEO plugin. -->","yoast_head_json":{"title":"MYTI2023: Youth | CADCA","description":"CADCA represents over 7,000 community coalitions that involve individuals from key sectors including schools, law enforcement, youth, parents, healthcare, media, tribal communities and others","robots":{"index":"index","follow":"follow","max-snippet":"max-snippet:-1","max-image-preview":"max-image-preview:large","max-video-preview":"max-video-preview:-1"},"canonical":"https:\/\/www.cadca.org\/pt\/myti2023\/youth\/","og_locale":"pt_PT","og_type":"article","og_title":"MYTI2023: Youth | CADCA","og_description":"CADCA represents over 7,000 community coalitions that involve individuals from key sectors including schools, law enforcement, youth, parents, healthcare, media, tribal communities and others","og_url":"https:\/\/www.cadca.org\/pt\/myti2023\/youth\/","og_site_name":"CADCA","article_modified_time":"2023-06-23T18:16:41+00:00","og_image":[{"width":880,"height":500,"url":"https:\/\/www.cadca.org\/wp-content\/uploads\/2022\/03\/cadca-member-of-logo1.jpg","type":"image\/jpeg"}],"twitter_card":"summary_large_image","schema":{"@context":"https:\/\/schema.org","@graph":[{"@type":"WebPage","@id":"https:\/\/www.cadca.org\/myti2023\/youth\/","url":"https:\/\/www.cadca.org\/myti2023\/youth\/","name":"MYTI2023: Youth | CADCA","isPartOf":{"@id":"https:\/\/www.cadca.org\/#website"},"datePublished":"2023-03-09T15:32:37+00:00","dateModified":"2023-06-23T18:16:41+00:00","description":"CADCA represents over 7,000 community coalitions that involve individuals from key sectors including schools, law enforcement, youth, parents, healthcare, media, tribal communities and others","breadcrumb":{"@id":"https:\/\/www.cadca.org\/myti2023\/youth\/#breadcrumb"},"inLanguage":"pt-PT","potentialAction":[{"@type":"ReadAction","target":["https:\/\/www.cadca.org\/myti2023\/youth\/"]}]},{"@type":"BreadcrumbList","@id":"https:\/\/www.cadca.org\/myti2023\/youth\/#breadcrumb","itemListElement":[{"@type":"ListItem","position":1,"name":"Home","item":"https:\/\/www.cadca.org\/"},{"@type":"ListItem","position":2,"name":"MYTI2023","item":"https:\/\/www.cadca.org\/myti2023\/"},{"@type":"ListItem","position":3,"name":"MYTI2023: Youth"}]},{"@type":"WebSite","@id":"https:\/\/www.cadca.org\/#website","url":"https:\/\/www.cadca.org\/","name":"CADCA","description":"The Premier Prevention Association","potentialAction":[{"@type":"SearchAction","target":{"@type":"EntryPoint","urlTemplate":"https:\/\/www.cadca.org\/?s={search_term_string}"},"query-input":{"@type":"PropertyValueSpecification","valueRequired":true,"valueName":"search_term_string"}}],"inLanguage":"pt-PT"}]}},"_links":{"self":[{"href":"https:\/\/www.cadca.org\/pt\/wp-json\/wp\/v2\/pages\/16776","targetHints":{"allow":["GET"]}}],"collection":[{"href":"https:\/\/www.cadca.org\/pt\/wp-json\/wp\/v2\/pages"}],"about":[{"href":"https:\/\/www.cadca.org\/pt\/wp-json\/wp\/v2\/types\/page"}],"author":[{"embeddable":true,"href":"https:\/\/www.cadca.org\/pt\/wp-json\/wp\/v2\/users\/23"}],"replies":[{"embeddable":true,"href":"https:\/\/www.cadca.org\/pt\/wp-json\/wp\/v2\/comments?post=16776"}],"version-history":[{"count":0,"href":"https:\/\/www.cadca.org\/pt\/wp-json\/wp\/v2\/pages\/16776\/revisions"}],"up":[{"embeddable":true,"href":"https:\/\/www.cadca.org\/pt\/wp-json\/wp\/v2\/pages\/18692"}],"wp:attachment":[{"href":"https:\/\/www.cadca.org\/pt\/wp-json\/wp\/v2\/media?parent=16776"}],"curies":[{"name":"wp","href":"https:\/\/api.w.org\/{rel}","templated":true}]}}