{"id":16771,"date":"2023-03-08T16:12:58","date_gmt":"2023-03-08T16:12:58","guid":{"rendered":"https:\/\/cadca1stg.wpengine.com\/?page_id=16771"},"modified":"2023-05-25T13:12:23","modified_gmt":"2023-05-25T13:12:23","slug":"support-act","status":"publish","type":"page","link":"https:\/\/www.cadca.org\/pt\/support-act\/","title":{"rendered":"Lei de APOIO"},"content":{"rendered":"<div style=\"height:25px\" aria-hidden=\"true\" class=\"wp-block-spacer\"><\/div>\n\n\n<style media=\"all\" type=\"text\/css\">\n\n    \/* xs & sm (mobile) *\/\n    @media (max-width: 767.98px) {\n        }\n\n    \/* md (tablet) *\/\n    @media (min-width: 768px) and (max-width: 1199.98px) {\n        }\n\n    \/* lg (desktop) *\/\n    @media (min-width: 1200px) {\n        }\n\n    \/* custom styles *\/\n    <\/style>\n<section class=\"page_intro block_3ca169bc9bb7bcb2e1379182d4299d32\" id=\"block_3ca169bc9bb7bcb2e1379182d4299d32\">\n    <div class=\"container\">\n        <h1>Lei de APOIO<\/h1>\n            <\/div>\n<\/section>\n\n\n<style media=\"all\" type=\"text\/css\">\n\n    \n    \/* xs & sm (mobile) *\/\n    @media (max-width: 767.98px) {\n        }\n\n    \/* md (tablet) *\/\n    @media (min-width: 768px) and (max-width: 1199.98px) {\n        }\n\n    \/* lg (desktop) *\/\n    @media (min-width: 1200px) {\n        }\n\n    \/* custom styles *\/\n    <\/style>\n<section class=\"rte  block_aebb3276bc059eef142238381de102d1\" id=\"block_aebb3276bc059eef142238381de102d1\">\n    <div class=\"container\">\n        <p><b><strong>Principais Disposi\u00e7\u00f5es de\u00a0<\/strong><\/b><b><strong>PL 115-271<\/strong><\/b><b><strong>: Lei de APOIO para Pacientes e Comunidades \u2013 Organizado pelas 7 Estrat\u00e9gias de Mudan\u00e7a da Comunidade da CADCA<\/strong><\/b><\/p>\n<p><b><strong>Observa\u00e7\u00e3o:<\/strong><\/b>\u00a0O Programa de Comunidades Livres de Drogas, com o Community Anti-Drug Coalition Institute, persegue todas essas sete estrat\u00e9gias abrangentes e \u00e9 reautorizado por mais cinco anos do FY18 ao FY22.<\/p>\n<ol>\n<li><b><strong>Fornecendo informa\u00e7\u00f5es<\/strong><\/b><\/li>\n<\/ol>\n<ul>\n<li><b><strong>Comit\u00ea, Plano e Medi\u00e7\u00e3o de Amea\u00e7as Emergentes<\/strong><\/b><b><strong>a<\/strong><\/b><b><strong>\u00a0Campanha (Se\u00e7\u00e3o\u00a0<\/strong><\/b><b><strong>8218<\/strong><\/b><b><strong>)<\/strong><\/b>\u2013 Estabelece um coordenador e comit\u00ea de amea\u00e7as emergentes no ONDCP para monitorar essas tend\u00eancias de drogas e autoriza o novo diretor desse escrit\u00f3rio a determinar se uma campanha m\u00e9dica seria apropriada para lidar com cada nova amea\u00e7a ($25 milh\u00f5es);<\/li>\n<li><b><strong>Comunica\u00e7\u00e3o com as fam\u00edlias durante emerg\u00eancias (Se\u00e7\u00e3o 7052)\u00a0<\/strong><\/b>&#8211;<b><strong>\u00a0<\/strong><\/b>Recorda anualmente aos profissionais de sa\u00fade que eles t\u00eam permiss\u00e3o, de acordo com as leis federais de privacidade vigentes, para notificar fam\u00edlias, cuidadores e profissionais de sa\u00fade sobre emerg\u00eancias de overdose envolvendo um ente querido;<\/li>\n<li><b><strong>Relat\u00f3rio sobre os efeitos na sa\u00fade p\u00fablica do uso de drogas sint\u00e9ticas (se\u00e7\u00e3o 7001)<\/strong><\/b>\u2013 Exige que o Surgeon General informe ao Congresso sobre os efeitos do uso de drogas sint\u00e9ticas na sa\u00fade p\u00fablica entre adolescentes e jovens adultos, a fim de educar os pais e a comunidade m\u00e9dica.<\/li>\n<\/ul>\n<ol>\n<li><b><strong>Habilidades de constru\u00e7\u00e3o<\/strong><\/b><\/li>\n<\/ol>\n<ul>\n<li><b><strong>Tratamento, Educa\u00e7\u00e3o e Ajuda Comunit\u00e1ria\u00a0<\/strong><\/b><b><strong>t<\/strong><\/b><b><strong>o Combate ao V\u00edcio (Se\u00e7\u00e3o 7101)\u00a0<\/strong><\/b>\u2013 Expande a educa\u00e7\u00e3o m\u00e9dica e os recursos de treinamento para profissionais de sa\u00fade para lidar melhor com o v\u00edcio, a dor e a crise de opioides;<\/li>\n<li><b><strong>Preven\u00e7\u00e3o de overdoses em salas de emerg\u00eancia (Se\u00e7\u00e3o 7081)\u00a0<\/strong><\/b>&#8211;<b><strong>\u00a0<\/strong><\/b>Melhora a capacidade dos departamentos de emerg\u00eancia de rastrear, tratar e conectar com efic\u00e1cia os pacientes com transtornos por uso de subst\u00e2ncias;<\/li>\n<\/ul>\n<ul>\n<li><b><strong>Inclus\u00e3o de\u00a0<\/strong><\/b><b><strong>O<\/strong><\/b><b><strong>pi\u00f3ide\u00a0<\/strong><\/b><b><strong>A<\/strong><\/b><b><strong>v\u00edcio\u00a0<\/strong><\/b><b><strong>H<\/strong><\/b><b><strong>hist\u00f3ria em\u00a0<\/strong><\/b><b><strong>P<\/strong><\/b><b><strong>paciente\u00a0<\/strong><\/b><b><strong>R<\/strong><\/b><b><strong>registros (Se\u00e7\u00e3o 7051)<\/strong><\/b>\u00a0-Requer que o HHS desenvolva as melhores pr\u00e1ticas para exibir de forma destacada as informa\u00e7\u00f5es sobre o tratamento do transtorno por uso de subst\u00e2ncias em registros eletr\u00f4nicos de sa\u00fade, quando solicitado pelo paciente;<\/li>\n<\/ul>\n<ul>\n<li><b><strong>Interven\u00e7\u00f5es precoces para mulheres gr\u00e1vidas e beb\u00eas (Se\u00e7\u00e3o 7063)<\/strong><\/b>\u00a0\u2013 Desenvolve e divulga materiais educativos para os m\u00e9dicos usarem com mulheres gr\u00e1vidas para tomada de decis\u00e3o compartilhada sobre o manejo da dor durante a gravidez;<\/li>\n<li><b><strong>Treinamento de primeiros socorros (Se\u00e7\u00e3o 7002)\u00a0<\/strong><\/b>\u2013 Expande o treinamento de socorristas, autorizado pela Lei Abrangente de Depend\u00eancia e Recupera\u00e7\u00e3o, para incluir treinamento sobre seguran\u00e7a em rela\u00e7\u00e3o ao fentanil e outras subst\u00e2ncias sint\u00e9ticas e perigosas;<\/li>\n<li><b><strong>Capacitar farmac\u00eauticos na luta contra o abuso de opioides (Se\u00e7\u00e3o 3212)<\/strong><\/b>\u00a0\u2013 Desenvolve e divulga recursos de treinamento para ajudar os farmac\u00eauticos a detectar melhor as tentativas fraudulentas de aviar medicamentos prescritos.<\/li>\n<\/ul>\n<ol>\n<li><b><strong>Fornecendo Suporte<\/strong><\/b><\/li>\n<\/ol>\n<ul>\n<li><b><strong>Expans\u00e3o dos Servi\u00e7os de Telessa\u00fade (Se\u00e7\u00e3o 1009; 2001; 3232)<\/strong><\/b>\u00a0\u2013 Expande o acesso ao tratamento de transtornos por uso de subst\u00e2ncias e outros servi\u00e7os por meio do uso de telessa\u00fade;<\/li>\n<\/ul>\n<ul>\n<li><b><strong>Centros Abrangentes de Recupera\u00e7\u00e3o de Opioides (Se\u00e7\u00e3o 7121)\u00a0<\/strong><\/b>&#8211;<b><strong>\u00a0<\/strong><\/b>Estabelece centros modelo de tratamento e recupera\u00e7\u00e3o abrangentes para garantir que os indiv\u00edduos tenham acesso a servi\u00e7os de tratamento e recupera\u00e7\u00e3o de qualidade;<\/li>\n<li><b><strong>Apoio\u00a0<\/strong><\/b><b><strong>F<\/strong><\/b><b><strong>amilia-<\/strong><\/b><b><strong>F<\/strong><\/b><b><strong>focado\u00a0<\/strong><\/b><b><strong>R<\/strong><\/b><b><strong>esidencial\u00a0<\/strong><\/b><b><strong>T<\/strong><\/b><b><strong>tratamento (Se\u00e7\u00e3o 8081, Se\u00e7\u00e3o 8083)<\/strong><\/b>\u00a0\u2013 Refor\u00e7o do tratamento residencial centrado na fam\u00edlia; $20 milh\u00f5es em financiamento para HHS para conceder aos estados para desenvolver, aprimorar ou avaliar programas de tratamento com foco na fam\u00edlia para aumentar o n\u00famero de programas baseados em evid\u00eancias;<\/li>\n<li><b><strong>Mais flexibilidade para prescrever tratamento assistido por medicamentos (Se\u00e7\u00e3o 3201, 3202)<\/strong><\/b>\u00a0\u2013 Aumenta o n\u00famero de prestadores de cuidados de sa\u00fade isentos que podem prescrever ou dispensar tratamento para transtornos por uso de subst\u00e2ncias, como enfermeiras certificadas e m\u00e9dicos credenciados;<\/li>\n<li><b><strong>Lei de CARREIRA (Se\u00e7\u00e3o 7183)\u00a0<\/strong><\/b>\u2013 Melhora os recursos e servi\u00e7os de apoio abrangentes para indiv\u00edduos em recupera\u00e7\u00e3o de um transtorno por uso de subst\u00e2ncias que est\u00e3o em transi\u00e7\u00e3o de programas de tratamento para uma vida independente e para a for\u00e7a de trabalho;<\/li>\n<li><b><strong>Garantir acesso a uma vida s\u00f3bria de qualidade (Se\u00e7\u00e3o 7031)<\/strong><\/b>\u00a0\u2013 Desenvolve e dissemina as melhores pr\u00e1ticas para operar habita\u00e7\u00f5es de recupera\u00e7\u00e3o para garantir que os indiv\u00edduos vivam em um ambiente seguro e favor\u00e1vel;<\/li>\n<\/ul>\n<ul>\n<li><b><strong>Equipes de Tratamento e Recupera\u00e7\u00e3o de Sobriedade (START; Se\u00e7\u00e3o 8214)\u00a0<\/strong><\/b>\u2013 Estabelece e amplia a implementa\u00e7\u00e3o do<b><strong>\u00a0<\/strong><\/b>programa START, que junta assistentes sociais e mentores familiares com um pequeno n\u00famero de fam\u00edlias, fornecendo apoio de pares, tratamento intensivo e servi\u00e7os de bem-estar infantil;<\/li>\n<li><b><strong>Planos de Cuidados Seguros (Se\u00e7\u00e3o 7065)<\/strong><\/b>\u00a0\u2013 Apoia os estados na colabora\u00e7\u00e3o e na melhoria dos planos de cuidados seguros para beb\u00eas expostos a subst\u00e2ncias;<\/li>\n<li><b><strong>Fam\u00edlias e pacientes em crise (Se\u00e7\u00e3o 8212)<\/strong><\/b>\u00a0\u2013 Subs\u00eddios para expandir os servi\u00e7os para pacientes e fam\u00edlias afetados pelo transtorno do uso de subst\u00e2ncias e em crise;<\/li>\n<li><b><strong>Subs\u00eddios para\u00a0<\/strong><\/b><b><strong>EU<\/strong><\/b><b><strong>melhorar\u00a0<\/strong><\/b><b><strong>T<\/strong><\/b><b><strong>rauma\u00a0<\/strong><\/b><b><strong>S<\/strong><\/b><b><strong>apoiar\u00a0<\/strong><\/b><b><strong>S<\/strong><\/b><b><strong>servi\u00e7os e\u00a0<\/strong><\/b><b><strong>M<\/strong><\/b><b><strong>ental\u00a0<\/strong><\/b><b><strong>H<\/strong><\/b><b><strong>sa\u00fade\u00a0<\/strong><\/b><b><strong>C<\/strong><\/b><b><strong>s\u00e3o para\u00a0<\/strong><\/b><b><strong>C<\/strong><\/b><b><strong>crian\u00e7as e\u00a0<\/strong><\/b><b><strong>Y<\/strong><\/b><b><strong>boca para dentro\u00a0<\/strong><\/b><b><strong>E<\/strong><\/b><b><strong>educacional\u00a0<\/strong><\/b><b><strong>S<\/strong><\/b><b><strong>configura\u00e7\u00f5es (Se\u00e7\u00e3o 7134)<\/strong><\/b>\u2013 Autoriza um novo programa de $50 milh\u00f5es no Departamento de Educa\u00e7\u00e3o para aumentar o acesso dos alunos a servi\u00e7os de apoio ao trauma baseados em evid\u00eancias.<\/li>\n<\/ul>\n<ol>\n<li><b><strong>Melhorando o acesso e reduzindo as barreiras<\/strong><\/b><\/li>\n<\/ol>\n<ul>\n<li><b><strong>Acesso ao Descarte Aumentado de Medicamentos (Se\u00e7\u00e3o 3251-3260)<\/strong><\/b>\u00a0\u2013 Concede subs\u00eddios aos estados para melhorar o acesso a programas de descarte de medicamentos prescritos.<\/li>\n<\/ul>\n<ol>\n<li><b><strong>Mudan\u00e7a de Consequ\u00eancias\/Incentivos<\/strong><\/b><\/li>\n<\/ol>\n<ul>\n<li><b><strong>Criminoso\u00a0<\/strong><\/b><b><strong>P<\/strong><\/b><b><strong>penalidades (Se\u00e7\u00e3o 8122) -\u00a0<\/strong><\/b>Esta disposi\u00e7\u00e3o torna ilegal pagar ou receber propinas em troca de encaminhar um paciente para casas de recupera\u00e7\u00e3o ou instala\u00e7\u00f5es de tratamento cl\u00ednico;<\/li>\n<li><b><strong>Reautoriza\u00e7\u00e3o dos principais programas de aplica\u00e7\u00e3o da lei (Se\u00e7\u00e3o 8205-8212)\u00a0<\/strong><\/b>\u2013 Reautoriza os programas de aplica\u00e7\u00e3o da lei por meio do Escrit\u00f3rio de Pol\u00edtica Nacional de Controle de Drogas, como o programa \u00c1rea de Tr\u00e1fico de Drogas de Alta Intensidade, tribunais para dependentes qu\u00edmicos, Programa COPS Anti-Metanfetamina e programa de for\u00e7a-tarefa anti-hero\u00edna COPS;<\/li>\n<li><b><strong>Preven\u00e7\u00e3o de Fraude de Recupera\u00e7\u00e3o de Depend\u00eancia de Opioides (Se\u00e7\u00f5es 8021-8023)<\/strong><\/b>\u00a0\u2013 Sujeita aqueles que se envolvem em atos injustos ou enganosos com rela\u00e7\u00e3o a servi\u00e7os de tratamento de transtornos por uso de subst\u00e2ncias ou produtos de tratamento para transtornos por uso de subst\u00e2ncias a penalidades civis pela primeira viola\u00e7\u00e3o pela FTC; inclui uma cl\u00e1usula de poupan\u00e7a para as autoridades FTC e FDA existentes.<\/li>\n<\/ul>\n<ol>\n<li><b><strong>Mudando o Projeto F\u00edsico do Ambiente<\/strong><\/b><\/li>\n<\/ol>\n<ul>\n<li><b><strong>Descarte seguro de medicamentos n\u00e3o utilizados<\/strong><\/b>\u00a0<b><strong>(Se\u00e7\u00e3o 3222)<\/strong><\/b>\u00a0\u2013 Permite que os trabalhadores de cuidados paliativos descartem medicamentos n\u00e3o utilizados no local ou na casa do paciente;<\/li>\n<li><b><strong>Recursos de embalagem e descarte que melhoram a seguran\u00e7a (Se\u00e7\u00e3o 3032)<\/strong><\/b>\u2013 Exige que os fabricantes de medicamentos embalem certos opioides para permitir uma dura\u00e7\u00e3o de tratamento definida, por exemplo, um blister com suprimento de 3 ou 7 dias e leva em considera\u00e7\u00e3o pacientes com limita\u00e7\u00f5es funcionais. Esta disposi\u00e7\u00e3o tamb\u00e9m esclarece as autoridades da FDA para exigir que os fabricantes ofere\u00e7am aos pacientes op\u00e7\u00f5es seguras de descarte de opioides n\u00e3o utilizados, como embalagens de descarte seguro ou sistemas de descarte seguro para fins de tornar os medicamentos n\u00e3o utilizados irrecuper\u00e1veis.<\/li>\n<\/ul>\n<ol>\n<li><b><strong>Altera\u00e7\u00e3o de regras e pol\u00edticas<\/strong><\/b><\/li>\n<\/ol>\n<ul>\n<li><b><strong>Alternativas aos opioides no departamento de emerg\u00eancia (se\u00e7\u00e3o 7091)<\/strong><\/b>\u00a0\u2013 Explora protocolos alternativos de manejo da dor para limitar o uso de medicamentos opioides nos departamentos de emerg\u00eancia;<\/li>\n<\/ul>\n<ul>\n<li><b><strong>Lei IMD CARE (Se\u00e7\u00e3o 5052)\u00a0<\/strong><\/b>\u2013 Expande a cobertura do Medicaid em at\u00e9 30 dias para indiv\u00edduos entre 21 e 65 anos recebendo atendimento em uma instala\u00e7\u00e3o de tratamento para todos os transtornos por uso de subst\u00e2ncias, eliminando a restri\u00e7\u00e3o de 16 leitos;<\/li>\n<li><b><strong>Reembolso de Empr\u00e9stimo de Funcion\u00e1rios de Desordem por Uso de Subst\u00e2ncias (Se\u00e7\u00e3o 7071)\u00a0<\/strong><\/b>\u2013 Aumenta a for\u00e7a de trabalho de tratamento de transtornos por uso de subst\u00e2ncias, criando um programa de reembolso de empr\u00e9stimos estudantis para profissionais de sa\u00fade;<\/li>\n<li><b><strong>Entrega de uma subst\u00e2ncia controlada por uma farm\u00e1cia para ser administrada por inje\u00e7\u00e3o ou implanta\u00e7\u00e3o (Se\u00e7\u00e3o 3204)<\/strong><\/b>\u00a0\u2013 Permite que as farm\u00e1cias entreguem medicamentos implant\u00e1veis ou injet\u00e1veis para tratar transtornos por uso de subst\u00e2ncias diretamente aos profissionais de sa\u00fade;<\/li>\n<li><b><strong>Expandindo o acesso a medicamentos em instala\u00e7\u00f5es para pacientes internados -<\/strong><\/b>\u00a0<b><strong>(Se\u00e7\u00e3o 5052)\u00a0<\/strong><\/b>\u2013 Cobertura Medicaid expandida de at\u00e9 30 dias para instala\u00e7\u00f5es de interna\u00e7\u00e3o \u2013 aplica-se a provedores que fornecem um m\u00ednimo de dois tipos de medicamentos para tratar o transtorno do uso de opioides;<\/li>\n<li><b><strong>Recupera\u00e7\u00e3o de cuidados para crian\u00e7as e beb\u00eas (Se\u00e7\u00e3o 1007)<\/strong><\/b>\u00a0\u2013 Expande a cobertura do Medicaid para beb\u00eas com s\u00edndrome de abstin\u00eancia neonatal que est\u00e3o recebendo cuidados em centros residenciais de recupera\u00e7\u00e3o pedi\u00e1trica;<\/li>\n<\/ul>\n<ul>\n<li><b><strong>Seguro de sa\u00fade para ex-jovens adotivos (Se\u00e7\u00e3o 1002)<\/strong><\/b>\u00a0\u2013 Permite que ex-jovens adotivos mantenham sua cobertura Medicaid al\u00e9m das fronteiras estaduais at\u00e9 os 26 anos de idade;<\/li>\n<li><b><strong>Modifica a exclus\u00e3o de IMD para mulheres gr\u00e1vidas e no p\u00f3s-parto (Se\u00e7\u00e3o 1012)\u00a0<\/strong><\/b>\u2013 Permite que mulheres gr\u00e1vidas e pu\u00e9rperas que estejam recebendo tratamento para transtorno por uso de subst\u00e2ncias em uma unidade de tratamento recebam outros cuidados cobertos pelo Medicaid, como servi\u00e7os pr\u00e9-natais;<\/li>\n<li><b><strong>Laborat\u00f3rios de sa\u00fade p\u00fablica que detectam fentanil e outros opioides sint\u00e9ticos (se\u00e7\u00e3o 7011) \u2013\u00a0<\/strong><\/b>Melhora a coordena\u00e7\u00e3o entre laborat\u00f3rios de sa\u00fade p\u00fablica e laborat\u00f3rios operados pela pol\u00edcia para melhorar a detec\u00e7\u00e3o de fentanil e outros opioides sint\u00e9ticos;<\/li>\n<li><b><strong>Tr\u00e1fico de Sint\u00e9ticos e Preven\u00e7\u00e3o de Overdose (Se\u00e7\u00e3o 8006, 8007)<\/strong><\/b>\u00a0\u2013 Melhora a capacidade das ag\u00eancias federais de detectar opioides sint\u00e9ticos e outras subst\u00e2ncias que entram nos Estados Unidos pelo correio;<\/li>\n<li><b><strong>Recursos de embalagem e descarte que melhoram a seguran\u00e7a (Se\u00e7\u00e3o 3032)<\/strong><\/b>\u00a0\u2013 Requer que certos opioides sejam embalados em suprimentos para 3 ou 7 dias e exige que os pacientes recebam op\u00e7\u00f5es seguras de descarte de medicamentos prescritos.<\/li>\n<\/ul>\n    <\/div>\n<\/section>","protected":false},"excerpt":{"rendered":"","protected":false},"author":23,"featured_media":0,"parent":0,"menu_order":0,"comment_status":"closed","ping_status":"closed","template":"","meta":{"_acf_changed":false,"inline_featured_image":false,"footnotes":""},"class_list":["post-16771","page","type-page","status-publish","hentry"],"acf":[],"yoast_head":"<!-- This site is optimized with the Yoast SEO plugin v27.4 - https:\/\/yoast.com\/product\/yoast-seo-wordpress\/ -->\n<title>SUPPORT Act | CADCA<\/title>\n<meta name=\"description\" content=\"CADCA represents over 7,000 community coalitions that involve individuals from key sectors including schools, law enforcement, youth, parents, healthcare, media, tribal communities and others\" \/>\n<meta name=\"robots\" content=\"index, follow, max-snippet:-1, max-image-preview:large, max-video-preview:-1\" \/>\n<link rel=\"canonical\" href=\"https:\/\/www.cadca.org\/pt\/support-act\/\" \/>\n<meta property=\"og:locale\" content=\"pt_PT\" \/>\n<meta property=\"og:type\" content=\"article\" \/>\n<meta property=\"og:title\" content=\"SUPPORT Act | CADCA\" \/>\n<meta property=\"og:description\" content=\"CADCA represents over 7,000 community coalitions that involve individuals from key sectors including schools, law enforcement, youth, parents, healthcare, media, tribal communities and others\" \/>\n<meta property=\"og:url\" content=\"https:\/\/www.cadca.org\/pt\/support-act\/\" \/>\n<meta property=\"og:site_name\" content=\"CADCA\" \/>\n<meta property=\"article:modified_time\" content=\"2023-05-25T13:12:23+00:00\" \/>\n<meta property=\"og:image\" content=\"https:\/\/www.cadca.org\/wp-content\/uploads\/2022\/03\/cadca-member-of-logo1.jpg\" \/>\n\t<meta property=\"og:image:width\" content=\"880\" \/>\n\t<meta property=\"og:image:height\" content=\"500\" \/>\n\t<meta property=\"og:image:type\" content=\"image\/jpeg\" \/>\n<meta name=\"twitter:card\" content=\"summary_large_image\" \/>\n<script type=\"application\/ld+json\" class=\"yoast-schema-graph\">{\"@context\":\"https:\\\/\\\/schema.org\",\"@graph\":[{\"@type\":\"WebPage\",\"@id\":\"https:\\\/\\\/www.cadca.org\\\/support-act\\\/\",\"url\":\"https:\\\/\\\/www.cadca.org\\\/support-act\\\/\",\"name\":\"SUPPORT Act | CADCA\",\"isPartOf\":{\"@id\":\"https:\\\/\\\/www.cadca.org\\\/#website\"},\"datePublished\":\"2023-03-08T16:12:58+00:00\",\"dateModified\":\"2023-05-25T13:12:23+00:00\",\"description\":\"CADCA represents over 7,000 community coalitions that involve individuals from key sectors including schools, law enforcement, youth, parents, healthcare, media, tribal communities and others\",\"breadcrumb\":{\"@id\":\"https:\\\/\\\/www.cadca.org\\\/support-act\\\/#breadcrumb\"},\"inLanguage\":\"pt-PT\",\"potentialAction\":[{\"@type\":\"ReadAction\",\"target\":[\"https:\\\/\\\/www.cadca.org\\\/support-act\\\/\"]}]},{\"@type\":\"BreadcrumbList\",\"@id\":\"https:\\\/\\\/www.cadca.org\\\/support-act\\\/#breadcrumb\",\"itemListElement\":[{\"@type\":\"ListItem\",\"position\":1,\"name\":\"Home\",\"item\":\"https:\\\/\\\/www.cadca.org\\\/\"},{\"@type\":\"ListItem\",\"position\":2,\"name\":\"SUPPORT Act\"}]},{\"@type\":\"WebSite\",\"@id\":\"https:\\\/\\\/www.cadca.org\\\/#website\",\"url\":\"https:\\\/\\\/www.cadca.org\\\/\",\"name\":\"CADCA\",\"description\":\"The Premier Prevention Association\",\"potentialAction\":[{\"@type\":\"SearchAction\",\"target\":{\"@type\":\"EntryPoint\",\"urlTemplate\":\"https:\\\/\\\/www.cadca.org\\\/?s={search_term_string}\"},\"query-input\":{\"@type\":\"PropertyValueSpecification\",\"valueRequired\":true,\"valueName\":\"search_term_string\"}}],\"inLanguage\":\"pt-PT\"}]}<\/script>\n<!-- \/ Yoast SEO plugin. -->","yoast_head_json":{"title":"SUPPORT Act | CADCA","description":"CADCA represents over 7,000 community coalitions that involve individuals from key sectors including schools, law enforcement, youth, parents, healthcare, media, tribal communities and others","robots":{"index":"index","follow":"follow","max-snippet":"max-snippet:-1","max-image-preview":"max-image-preview:large","max-video-preview":"max-video-preview:-1"},"canonical":"https:\/\/www.cadca.org\/pt\/support-act\/","og_locale":"pt_PT","og_type":"article","og_title":"SUPPORT Act | CADCA","og_description":"CADCA represents over 7,000 community coalitions that involve individuals from key sectors including schools, law enforcement, youth, parents, healthcare, media, tribal communities and others","og_url":"https:\/\/www.cadca.org\/pt\/support-act\/","og_site_name":"CADCA","article_modified_time":"2023-05-25T13:12:23+00:00","og_image":[{"width":880,"height":500,"url":"https:\/\/www.cadca.org\/wp-content\/uploads\/2022\/03\/cadca-member-of-logo1.jpg","type":"image\/jpeg"}],"twitter_card":"summary_large_image","schema":{"@context":"https:\/\/schema.org","@graph":[{"@type":"WebPage","@id":"https:\/\/www.cadca.org\/support-act\/","url":"https:\/\/www.cadca.org\/support-act\/","name":"SUPPORT Act | CADCA","isPartOf":{"@id":"https:\/\/www.cadca.org\/#website"},"datePublished":"2023-03-08T16:12:58+00:00","dateModified":"2023-05-25T13:12:23+00:00","description":"CADCA represents over 7,000 community coalitions that involve individuals from key sectors including schools, law enforcement, youth, parents, healthcare, media, tribal communities and others","breadcrumb":{"@id":"https:\/\/www.cadca.org\/support-act\/#breadcrumb"},"inLanguage":"pt-PT","potentialAction":[{"@type":"ReadAction","target":["https:\/\/www.cadca.org\/support-act\/"]}]},{"@type":"BreadcrumbList","@id":"https:\/\/www.cadca.org\/support-act\/#breadcrumb","itemListElement":[{"@type":"ListItem","position":1,"name":"Home","item":"https:\/\/www.cadca.org\/"},{"@type":"ListItem","position":2,"name":"SUPPORT Act"}]},{"@type":"WebSite","@id":"https:\/\/www.cadca.org\/#website","url":"https:\/\/www.cadca.org\/","name":"CADCA","description":"The Premier Prevention Association","potentialAction":[{"@type":"SearchAction","target":{"@type":"EntryPoint","urlTemplate":"https:\/\/www.cadca.org\/?s={search_term_string}"},"query-input":{"@type":"PropertyValueSpecification","valueRequired":true,"valueName":"search_term_string"}}],"inLanguage":"pt-PT"}]}},"_links":{"self":[{"href":"https:\/\/www.cadca.org\/pt\/wp-json\/wp\/v2\/pages\/16771","targetHints":{"allow":["GET"]}}],"collection":[{"href":"https:\/\/www.cadca.org\/pt\/wp-json\/wp\/v2\/pages"}],"about":[{"href":"https:\/\/www.cadca.org\/pt\/wp-json\/wp\/v2\/types\/page"}],"author":[{"embeddable":true,"href":"https:\/\/www.cadca.org\/pt\/wp-json\/wp\/v2\/users\/23"}],"replies":[{"embeddable":true,"href":"https:\/\/www.cadca.org\/pt\/wp-json\/wp\/v2\/comments?post=16771"}],"version-history":[{"count":0,"href":"https:\/\/www.cadca.org\/pt\/wp-json\/wp\/v2\/pages\/16771\/revisions"}],"wp:attachment":[{"href":"https:\/\/www.cadca.org\/pt\/wp-json\/wp\/v2\/media?parent=16771"}],"curies":[{"name":"wp","href":"https:\/\/api.w.org\/{rel}","templated":true}]}}