{"id":16765,"date":"2023-03-08T16:10:26","date_gmt":"2023-03-08T16:10:26","guid":{"rendered":"https:\/\/cadca1stg.wpengine.com\/?page_id=16765"},"modified":"2025-10-09T12:48:47","modified_gmt":"2025-10-09T12:48:47","slug":"stop-act","status":"publish","type":"page","link":"https:\/\/www.cadca.org\/pt\/stop-act\/","title":{"rendered":"PARAR Ato"},"content":{"rendered":"<div style=\"height:25px\" aria-hidden=\"true\" class=\"wp-block-spacer\"><\/div>\n\n\n<style media=\"all\" type=\"text\/css\">\n\n    \/* xs & sm (mobile) *\/\n    @media (max-width: 767.98px) {\n        }\n\n    \/* md (tablet) *\/\n    @media (min-width: 768px) and (max-width: 1199.98px) {\n        }\n\n    \/* lg (desktop) *\/\n    @media (min-width: 1200px) {\n        }\n\n    \/* custom styles *\/\n    <\/style>\n<section class=\"page_intro block_4519a5114955f9e5bba677bb26561060\" id=\"block_4519a5114955f9e5bba677bb26561060\">\n    <div class=\"container\">\n        <h1>PARAR Ato<\/h1>\n            <\/div>\n<\/section>\n\n\n<style media=\"all\" type=\"text\/css\">\n\n    \n    \/* xs & sm (mobile) *\/\n    @media (max-width: 767.98px) {\n        }\n\n    \/* md (tablet) *\/\n    @media (min-width: 768px) and (max-width: 1199.98px) {\n        }\n\n    \/* lg (desktop) *\/\n    @media (min-width: 1200px) {\n        }\n\n    \/* custom styles *\/\n    \/* Style headers and layout within the Advocacy section *\/\r\n.advocacy .section-heading {\r\n  font-family: \"Source Serif Pro\", serif;\r\n  font-size: 1.75rem;\r\n  color: #263c87;\r\n  border-bottom: 3px solid #263c87;\r\n  padding-bottom: 0.25em;\r\n  margin-top: 2em;\r\n  margin-bottom: 1em;\r\n}\r\n\r\n.advocacy p,\r\n.advocacy li {\r\n  font-family: \"Source Sans Pro\", sans-serif;\r\n  font-size: 1rem;\r\n  line-height: 1.6;\r\n  color: #000;\r\n}\r\n\r\n.advocacy a {\r\n  color: #263c87;\r\n  text-decoration: underline;\r\n}\r\n\r\n.advocacy table {\r\n  width: 100%;\r\n  border-collapse: collapse;\r\n  margin-top: 1em;\r\n  margin-bottom: 1em;\r\n}\r\n\r\n.advocacy table td {\r\n  border: 1px solid #ccc;\r\n  padding: 0.5em;\r\n  font-family: \"Source Sans Pro\", sans-serif;\r\n}\r\n\r\n.advocacy ul,\r\n.advocacy ol {\r\n  margin-left: 1.25em;\r\n  margin-bottom: 1em;\r\n}\r\n<\/style>\n<section class=\"rte  block_9eb6b0d482b16333ed338f1abdfcd9cc\" id=\"block_9eb6b0d482b16333ed338f1abdfcd9cc\">\n    <div class=\"container\">\n        <div class=\"advocacy\">\n<section>\n<h2 class=\"section-heading text-center\">Verdade s\u00f3bria sobre a preven\u00e7\u00e3o (STOP) da Lei de Beber por Menores<\/h2>\n<p>Em 13 de dezembro de 2016, o presidente Obama sancionou a Lei de Curas do S\u00e9culo 21, que inclu\u00eda uma reautoriza\u00e7\u00e3o direta da Lei da Verdade S\u00f3bria sobre a Preven\u00e7\u00e3o do Consumo de Menores (STOP). Agora <a href=\"https:\/\/www.govinfo.gov\/content\/pkg\/PLAW-114publ255\/pdf\/PLAW-114publ255.pdf\" target=\"_blank\" rel=\"noopener\">Lei P\u00fablica 114-255<\/a>, isso reautorizou at\u00e9 o ano fiscal de 2022 as disposi\u00e7\u00f5es da Lei STOP que foram inclu\u00eddas na legisla\u00e7\u00e3o de autoriza\u00e7\u00e3o original, incluindo os subs\u00eddios de aprimoramento da coaliz\u00e3o comunit\u00e1ria, a campanha nacional de m\u00eddia voltada para adultos, o Comit\u00ea de coordena\u00e7\u00e3o interinstitucional para prevenir o consumo de \u00e1lcool por menores (ICCPUD), pesquisa epidemiol\u00f3gica sobre consumo excessivo de \u00e1lcool por menores e o relat\u00f3rio anual ao Congresso sobre consumo de \u00e1lcool por menores de idade e atividades de fiscaliza\u00e7\u00e3o.<\/p>\n<\/section>\n<section>\n<h2 class=\"section-heading text-center\">Justificativa para o Programa de Subs\u00eddios de Aperfei\u00e7oamento da Coaliz\u00e3o STOP Act<\/h2>\n<p>The STOP Act community coalition enhancement program authorizes funding for community coalition enhancement grants of up to $60,000 for up to four years which can be awarded to current and past Drug-Free Communities (DFC) grantees to enhance their underage drinking prevention efforts.<\/p>\n<p>As estrat\u00e9gias e os programas implementados pela coaliz\u00e3o colocados em pr\u00e1tica pelos benefici\u00e1rios do DFC s\u00e3o desenvolvidos pela comunidade, com base nos dados da comunidade e prontos para uso. Construir sobre esta infra-estrutura eficaz baseada em dados \u00e9 a maneira mais r\u00e1pida e econ\u00f4mica de investir o m\u00ednimo de d\u00f3lares federais para lidar com o consumo de \u00e1lcool por menores, incluindo problemas de consumo excessivo de \u00e1lcool, em n\u00edvel comunit\u00e1rio, obtendo resultados m\u00e1ximos.<\/p>\n<p>As estrat\u00e9gias implementadas pelos benefici\u00e1rios do programa de aprimoramento da coaliz\u00e3o comunit\u00e1ria para prevenir e reduzir o consumo de \u00e1lcool por menores incluem:<\/p>\n<ul>\n<li>Realiza\u00e7\u00e3o de campanhas educativas em toda a comunidade;<\/li>\n<li>Realiza\u00e7\u00e3o de treinamento de fornecedores e servidores;<\/li>\n<li>Realiza\u00e7\u00e3o de verifica\u00e7\u00f5es de conformidade<\/li>\n<li>Mobilizar a comunidade para restringir o acesso dos jovens ao \u00e1lcool;<\/li>\n<li>Fortalecimento e aplica\u00e7\u00e3o de leis de vendas\/servi\u00e7os para menores de idade<\/li>\n<\/ul>\n<\/section>\n<section>\n<h2 class=\"section-heading text-center\">Disposi\u00e7\u00f5es da Lei STOP<\/h2>\n<ul>\n<li><strong>Subs\u00eddios de aprimoramento de coaliz\u00e3o com base na comunidade<\/strong>\n<ul>\n<li>Reautoriza as concess\u00f5es extremamente bem-sucedidas de aprimoramento da Coaliz\u00e3o Baseada na Comunidade para os atuais e antigos benefici\u00e1rios das Comunidades Livres de Drogas (DFC) contidos na Lei STOP original<\/li>\n<\/ul>\n<\/li>\n<li><strong>Comit\u00ea de Coordena\u00e7\u00e3o Interinstitucional; Relat\u00f3rio Anual sobre Atividades Estaduais de Preven\u00e7\u00e3o e Repress\u00e3o ao Consumo de Bebidas por Menores<\/strong>\n<ul>\n<li>Reautoriza o Comit\u00ea de Coordena\u00e7\u00e3o Interinstitucional para Preven\u00e7\u00e3o do Consumo por Menores (ICCPUD) a coordenar os esfor\u00e7os e conhecimentos de v\u00e1rias ag\u00eancias federais para combater o consumo de \u00e1lcool por menores<\/li>\n<li>Reautoriza o relat\u00f3rio anual sobre os esfor\u00e7os do estado para combater o consumo de \u00e1lcool por menores<\/li>\n<\/ul>\n<\/li>\n<li><strong>Campanha nacional de m\u00eddia para prevenir o consumo de \u00e1lcool por menores<\/strong>\n<ul>\n<li>Reautoriza uma campanha de m\u00eddia altamente vis\u00edvel voltada para adultos<\/li>\n<\/ul>\n<\/li>\n<li><strong>Pesquisa sobre consumo de \u00e1lcool por menores<\/strong>\n<ul>\n<li>Reautoriza estudos epidemiol\u00f3gicos sobre consumo excessivo e uso de \u00e1lcool por menores para fornecer melhores dados em apoio \u00e0 avalia\u00e7\u00e3o da comunidade e outros esfor\u00e7os para reduzir e prevenir o consumo de \u00e1lcool por menores<\/li>\n<\/ul>\n<\/li>\n<\/ul>\n<\/section>\n<\/div>\n    <\/div>\n<\/section>","protected":false},"excerpt":{"rendered":"","protected":false},"author":23,"featured_media":0,"parent":0,"menu_order":0,"comment_status":"closed","ping_status":"closed","template":"","meta":{"_acf_changed":true,"inline_featured_image":false,"footnotes":""},"class_list":["post-16765","page","type-page","status-publish","hentry"],"acf":[],"yoast_head":"<!-- This site is optimized with the Yoast SEO plugin v27.4 - https:\/\/yoast.com\/product\/yoast-seo-wordpress\/ -->\n<title>STOP Act | CADCA<\/title>\n<meta name=\"description\" content=\"CADCA represents over 7,000 community coalitions that involve individuals from key sectors including schools, law enforcement, youth, parents, healthcare, media, tribal communities and others\" \/>\n<meta name=\"robots\" content=\"index, follow, max-snippet:-1, max-image-preview:large, max-video-preview:-1\" \/>\n<link rel=\"canonical\" href=\"https:\/\/www.cadca.org\/pt\/stop-act\/\" \/>\n<meta property=\"og:locale\" content=\"pt_PT\" \/>\n<meta property=\"og:type\" content=\"article\" \/>\n<meta property=\"og:title\" content=\"STOP Act | CADCA\" \/>\n<meta property=\"og:description\" content=\"CADCA represents over 7,000 community coalitions that involve individuals from key sectors including schools, law enforcement, youth, parents, healthcare, media, tribal communities and others\" \/>\n<meta property=\"og:url\" content=\"https:\/\/www.cadca.org\/pt\/stop-act\/\" \/>\n<meta property=\"og:site_name\" content=\"CADCA\" \/>\n<meta property=\"article:modified_time\" content=\"2025-10-09T12:48:47+00:00\" \/>\n<meta property=\"og:image\" content=\"https:\/\/www.cadca.org\/wp-content\/uploads\/2022\/03\/cadca-member-of-logo1.jpg\" \/>\n\t<meta property=\"og:image:width\" content=\"880\" \/>\n\t<meta property=\"og:image:height\" content=\"500\" \/>\n\t<meta property=\"og:image:type\" content=\"image\/jpeg\" \/>\n<meta name=\"twitter:card\" content=\"summary_large_image\" \/>\n<script type=\"application\/ld+json\" class=\"yoast-schema-graph\">{\"@context\":\"https:\\\/\\\/schema.org\",\"@graph\":[{\"@type\":\"WebPage\",\"@id\":\"https:\\\/\\\/www.cadca.org\\\/stop-act\\\/\",\"url\":\"https:\\\/\\\/www.cadca.org\\\/stop-act\\\/\",\"name\":\"STOP Act | CADCA\",\"isPartOf\":{\"@id\":\"https:\\\/\\\/www.cadca.org\\\/#website\"},\"datePublished\":\"2023-03-08T16:10:26+00:00\",\"dateModified\":\"2025-10-09T12:48:47+00:00\",\"description\":\"CADCA represents over 7,000 community coalitions that involve individuals from key sectors including schools, law enforcement, youth, parents, healthcare, media, tribal communities and others\",\"breadcrumb\":{\"@id\":\"https:\\\/\\\/www.cadca.org\\\/stop-act\\\/#breadcrumb\"},\"inLanguage\":\"pt-PT\",\"potentialAction\":[{\"@type\":\"ReadAction\",\"target\":[\"https:\\\/\\\/www.cadca.org\\\/stop-act\\\/\"]}]},{\"@type\":\"BreadcrumbList\",\"@id\":\"https:\\\/\\\/www.cadca.org\\\/stop-act\\\/#breadcrumb\",\"itemListElement\":[{\"@type\":\"ListItem\",\"position\":1,\"name\":\"Home\",\"item\":\"https:\\\/\\\/www.cadca.org\\\/\"},{\"@type\":\"ListItem\",\"position\":2,\"name\":\"STOP Act\"}]},{\"@type\":\"WebSite\",\"@id\":\"https:\\\/\\\/www.cadca.org\\\/#website\",\"url\":\"https:\\\/\\\/www.cadca.org\\\/\",\"name\":\"CADCA\",\"description\":\"The Premier Prevention Association\",\"potentialAction\":[{\"@type\":\"SearchAction\",\"target\":{\"@type\":\"EntryPoint\",\"urlTemplate\":\"https:\\\/\\\/www.cadca.org\\\/?s={search_term_string}\"},\"query-input\":{\"@type\":\"PropertyValueSpecification\",\"valueRequired\":true,\"valueName\":\"search_term_string\"}}],\"inLanguage\":\"pt-PT\"}]}<\/script>\n<!-- \/ Yoast SEO plugin. -->","yoast_head_json":{"title":"STOP Act | CADCA","description":"CADCA represents over 7,000 community coalitions that involve individuals from key sectors including schools, law enforcement, youth, parents, healthcare, media, tribal communities and others","robots":{"index":"index","follow":"follow","max-snippet":"max-snippet:-1","max-image-preview":"max-image-preview:large","max-video-preview":"max-video-preview:-1"},"canonical":"https:\/\/www.cadca.org\/pt\/stop-act\/","og_locale":"pt_PT","og_type":"article","og_title":"STOP Act | CADCA","og_description":"CADCA represents over 7,000 community coalitions that involve individuals from key sectors including schools, law enforcement, youth, parents, healthcare, media, tribal communities and others","og_url":"https:\/\/www.cadca.org\/pt\/stop-act\/","og_site_name":"CADCA","article_modified_time":"2025-10-09T12:48:47+00:00","og_image":[{"width":880,"height":500,"url":"https:\/\/www.cadca.org\/wp-content\/uploads\/2022\/03\/cadca-member-of-logo1.jpg","type":"image\/jpeg"}],"twitter_card":"summary_large_image","schema":{"@context":"https:\/\/schema.org","@graph":[{"@type":"WebPage","@id":"https:\/\/www.cadca.org\/stop-act\/","url":"https:\/\/www.cadca.org\/stop-act\/","name":"STOP Act | CADCA","isPartOf":{"@id":"https:\/\/www.cadca.org\/#website"},"datePublished":"2023-03-08T16:10:26+00:00","dateModified":"2025-10-09T12:48:47+00:00","description":"CADCA represents over 7,000 community coalitions that involve individuals from key sectors including schools, law enforcement, youth, parents, healthcare, media, tribal communities and others","breadcrumb":{"@id":"https:\/\/www.cadca.org\/stop-act\/#breadcrumb"},"inLanguage":"pt-PT","potentialAction":[{"@type":"ReadAction","target":["https:\/\/www.cadca.org\/stop-act\/"]}]},{"@type":"BreadcrumbList","@id":"https:\/\/www.cadca.org\/stop-act\/#breadcrumb","itemListElement":[{"@type":"ListItem","position":1,"name":"Home","item":"https:\/\/www.cadca.org\/"},{"@type":"ListItem","position":2,"name":"STOP Act"}]},{"@type":"WebSite","@id":"https:\/\/www.cadca.org\/#website","url":"https:\/\/www.cadca.org\/","name":"CADCA","description":"The Premier Prevention Association","potentialAction":[{"@type":"SearchAction","target":{"@type":"EntryPoint","urlTemplate":"https:\/\/www.cadca.org\/?s={search_term_string}"},"query-input":{"@type":"PropertyValueSpecification","valueRequired":true,"valueName":"search_term_string"}}],"inLanguage":"pt-PT"}]}},"_links":{"self":[{"href":"https:\/\/www.cadca.org\/pt\/wp-json\/wp\/v2\/pages\/16765","targetHints":{"allow":["GET"]}}],"collection":[{"href":"https:\/\/www.cadca.org\/pt\/wp-json\/wp\/v2\/pages"}],"about":[{"href":"https:\/\/www.cadca.org\/pt\/wp-json\/wp\/v2\/types\/page"}],"author":[{"embeddable":true,"href":"https:\/\/www.cadca.org\/pt\/wp-json\/wp\/v2\/users\/23"}],"replies":[{"embeddable":true,"href":"https:\/\/www.cadca.org\/pt\/wp-json\/wp\/v2\/comments?post=16765"}],"version-history":[{"count":0,"href":"https:\/\/www.cadca.org\/pt\/wp-json\/wp\/v2\/pages\/16765\/revisions"}],"wp:attachment":[{"href":"https:\/\/www.cadca.org\/pt\/wp-json\/wp\/v2\/media?parent=16765"}],"curies":[{"name":"wp","href":"https:\/\/api.w.org\/{rel}","templated":true}]}}