{"id":16763,"date":"2023-03-08T15:12:16","date_gmt":"2023-03-08T15:12:16","guid":{"rendered":"https:\/\/cadca1stg.wpengine.com\/?page_id=16763"},"modified":"2023-06-07T16:37:05","modified_gmt":"2023-06-07T16:37:05","slug":"prevention-works","status":"publish","type":"page","link":"https:\/\/www.cadca.org\/pt\/prevention-works\/","title":{"rendered":"Trabalhos de Preven\u00e7\u00e3o"},"content":{"rendered":"<div style=\"height:25px\" aria-hidden=\"true\" class=\"wp-block-spacer\"><\/div>\n\n\n<style media=\"all\" type=\"text\/css\">\n\n    \/* xs & sm (mobile) *\/\n    @media (max-width: 767.98px) {\n        }\n\n    \/* md (tablet) *\/\n    @media (min-width: 768px) and (max-width: 1199.98px) {\n        }\n\n    \/* lg (desktop) *\/\n    @media (min-width: 1200px) {\n        }\n\n    \/* custom styles *\/\n    <\/style>\n<section class=\"page_intro block_7740255d1dbe785cf05686de56e035c3\" id=\"block_7740255d1dbe785cf05686de56e035c3\">\n    <div class=\"container\">\n        <h1>Trabalhos de Preven\u00e7\u00e3o<\/h1>\n            <\/div>\n<\/section>\n\n\n<style media=\"all\" type=\"text\/css\">\n\n    \n    \/* xs & sm (mobile) *\/\n    @media (max-width: 767.98px) {\n        }\n\n    \/* md (tablet) *\/\n    @media (min-width: 768px) and (max-width: 1199.98px) {\n        }\n\n    \/* lg (desktop) *\/\n    @media (min-width: 1200px) {\n        }\n\n    \/* custom styles *\/\n    <\/style>\n<section class=\"rte  block_5a055b3d2d3d4e75648e526877484ac3\" id=\"block_5a055b3d2d3d4e75648e526877484ac3\">\n    <div class=\"container\">\n        <p>Pesquisas nas \u00faltimas duas d\u00e9cadas mostraram que o v\u00edcio em drogas \u00e9 evit\u00e1vel e trat\u00e1vel. \u00c9 vital que a preven\u00e7\u00e3o seja um componente cr\u00edtico das estrat\u00e9gias de drogas nacionais, estaduais, tribais e locais porque o v\u00edcio \u00e9 um dist\u00farbio do desenvolvimento que pode come\u00e7ar na adolesc\u00eancia, \u00e0s vezes j\u00e1 na inf\u00e2ncia, e pode ser mitigado pela preven\u00e7\u00e3o e aumento da idade de inicia\u00e7\u00e3o entre juventude. Entre os indiv\u00edduos de 18 a 30 anos internados em unidades de tratamento, 74% come\u00e7aram o uso de subst\u00e2ncias aos 17 anos ou menos.<\/p>\n<p>O uso indevido de subst\u00e2ncias cobra um enorme tributo financeiro aos Estados Unidos. Anualmente, os EUA gastam $740 bilh\u00f5es em custos relacionados ao crime, perda de produtividade e assist\u00eancia m\u00e9dica. No entanto, cada $1 investido em programas eficazes de preven\u00e7\u00e3o do uso de subst\u00e2ncias resultar\u00e1 em economias entre $2 e $20.<\/p>\n<p>Faz sentido investir na preven\u00e7\u00e3o das drogas e interromper o uso antes de come\u00e7ar. Apesar disso, o financiamento federal para a preven\u00e7\u00e3o de drogas foi severamente cortado na \u00faltima d\u00e9cada. Entre o ano fiscal de 2009 e o ano fiscal de 2019, o financiamento para preven\u00e7\u00e3o do uso de subst\u00e2ncias foi reduzido em 34,4%.<\/p>\n<p>O uso de outras subst\u00e2ncias al\u00e9m da maconha est\u00e1 em seus n\u00edveis mais baixos em 20 anos. Este \u00e9 um testemunho da efic\u00e1cia dos programas de preven\u00e7\u00e3o baseados em evid\u00eancias. No entanto, novos desafios est\u00e3o surgindo. A Pesquisa Monitorando o Futuro de 2018 (MTF) encontrou aumentos substanciais e estatisticamente significativos no vaping entre os alunos da 8\u00aa, 10\u00aa e 12\u00aa s\u00e9ries. Al\u00e9m disso, as atitudes em rela\u00e7\u00e3o \u00e0 maconha continuam a mudar. Menos alunos do que nunca percebem um grande risco de fumar ocasionalmente. A desaprova\u00e7\u00e3o dessa atividade tamb\u00e9m est\u00e1 diminuindo. \u00c0 medida que o pa\u00eds trabalha para enfrentar esses desafios e continua lutando contra a epidemia de opioides, \u00e9 fundamental que o financiamento para a preven\u00e7\u00e3o do uso de subst\u00e2ncias com base em evid\u00eancias continue sendo uma prioridade.<\/p>\n<p><b><strong><a href=\"https:\/\/midyear.cadca.org\/sites\/default\/files\/overview_coalition-based_prevention.pdf\">Vis\u00e3o geral da preven\u00e7\u00e3o baseada em coaliz\u00e3o<\/a><\/strong><\/b><\/p>\n<p><b><strong><a href=\"https:\/\/midyear.cadca.org\/sites\/default\/files\/overview_of_the_strategic_prevention_framework.pdf\">Vis\u00e3o geral do Quadro Estrat\u00e9gico de Preven\u00e7\u00e3o<\/a>\u00a0<\/strong><\/b><\/p>\n<p><a href=\"https:\/\/midyear.cadca.org\/sites\/default\/files\/drug_policy_futures_paper_2017_-_updated_2019.pdf\"><b><strong>Artigo sobre Futuros de Pol\u00edticas de Drogas<\/strong><\/b><\/a><\/p>\n<p style=\"text-align: center\"><b><strong>Prioridades de Dota\u00e7\u00f5es da CADCA<\/strong><\/b><\/p>\n<p>A CADCA ap\u00f3ia o financiamento adequado para todas as ag\u00eancias e programas federais que promovem a preven\u00e7\u00e3o, o tratamento, o apoio \u00e0 recupera\u00e7\u00e3o e a pesquisa do uso indevido de subst\u00e2ncias. Nossas prioridades de dota\u00e7\u00f5es s\u00e3o as seguintes:<\/p>\n<p>Trabalhando para garantir que o programa Comunidades Livres de Drogas (DFC) permane\u00e7a intacto no Escrit\u00f3rio de Pol\u00edtica Nacional de Controle de Drogas (ONDCP) e seja financiado no n\u00edvel mais alto poss\u00edvel. A atualiza\u00e7\u00e3o mais recente do programa DFC, conduzida pela ICF International, prova que o programa \u00e9 eficaz. Do primeiro relat\u00f3rio ao relat\u00f3rio mais recente para os benefici\u00e1rios do subs\u00eddio do ano fiscal de 2016, as taxas de uso de subst\u00e2ncias para todos os benefici\u00e1rios diminu\u00edram significativamente nas Comunidades DFC.<\/p>\n<p>Trabalhando para garantir que o programa de Subs\u00eddios de Aperfei\u00e7oamento de Coaliz\u00e3o Comunit\u00e1ria na Lei Abrangente de Depend\u00eancia e Recupera\u00e7\u00e3o (CARA) seja financiado no n\u00edvel mais alto poss\u00edvel e permane\u00e7a intacto no ONDCP. O CARA Enhancement Grant Program fornece subs\u00eddios de aprimoramento de $50.000 por ano durante tr\u00eas anos para os atuais e antigos benefici\u00e1rios do programa DFC.<\/p>\n<p>Trabalhando para garantir que a Lei Sober Truth on Preventing Underage Drinking (STOP) seja financiada no n\u00edvel mais alto poss\u00edvel. Esses subs\u00eddios de at\u00e9 $50.000 por at\u00e9 quatro anos financiam os atuais e antigos benefici\u00e1rios do DFC para aprimorar seus esfor\u00e7os de preven\u00e7\u00e3o do consumo de \u00e1lcool por menores de idade. Os benefici\u00e1rios do STOP Act s\u00e3o orientados por dados, conhecem a epidemiologia de sua comunidade e s\u00e3o capazes de implementar as interven\u00e7\u00f5es multissetoriais necess\u00e1rias para prevenir e reduzir o uso de \u00e1lcool.<\/p>\n<p>Trabalhando para garantir que o Centro de Preven\u00e7\u00e3o de Abuso de Subst\u00e2ncias (CSAP) seja financiado no n\u00edvel mais alto poss\u00edvel. A CSAP trabalha com organiza\u00e7\u00f5es federais, estaduais, p\u00fablicas e privadas para desenvolver o uso abrangente de drogas antes de come\u00e7ar. O CSAP fornece lideran\u00e7a nacional no desenvolvimento de pol\u00edticas, programas e servi\u00e7os para prevenir o in\u00edcio do uso indevido de subst\u00e2ncias. Ele promove pr\u00e1ticas eficazes de preven\u00e7\u00e3o do uso indevido de subst\u00e2ncias que permitem que estados, comunidades e outras organiza\u00e7\u00f5es utilizem e implementem estrat\u00e9gias e conhecimentos de preven\u00e7\u00e3o baseados em evid\u00eancias de forma eficaz.<\/p>\n<p>Trabalhando para garantir que o Block Grant de Preven\u00e7\u00e3o e Tratamento do Abuso de Subst\u00e2ncias (SAPT) seja financiado no n\u00edvel mais alto poss\u00edvel. O SAPT Block Grant \u00e9 a fonte mais importante de financiamento para os sistemas estaduais de preven\u00e7\u00e3o, tratamento e recupera\u00e7\u00e3o do uso indevido de subst\u00e2ncias. Vinte por cento da doa\u00e7\u00e3o global \u00e9 reservada para servi\u00e7os de preven\u00e7\u00e3o prim\u00e1ria. Essa reserva \u00e9 a maior fonte \u00fanica de financiamento da infra-estrutura de preven\u00e7\u00e3o de cada estado.<\/p>\n<p>Trabalhando para garantir que o programa de Redu\u00e7\u00e3o da Demanda do Departamento Internacional de Controle de Narc\u00f3ticos e Aplica\u00e7\u00e3o da Lei (INL) do Departamento de Estado seja financiado no n\u00edvel mais alto poss\u00edvel. O INL trabalha com organiza\u00e7\u00f5es de base em toda a Am\u00e9rica Latina, \u00c1sia e \u00c1frica para criar coaliz\u00f5es comunit\u00e1rias sem drogas nos principais pa\u00edses produtores de drogas. Mais de 200 coaliz\u00f5es est\u00e3o ativas em 20 pa\u00edses.<\/p>\n<p>Apesar da efic\u00e1cia dos programas de preven\u00e7\u00e3o do uso indevido de subst\u00e2ncias, o financiamento para eles foi cortado em 34,4% entre\u00a0<a href=\"https:\/\/midyear.cadca.org\/sites\/default\/files\/substance_use_prevention_chart_-_updated_through_fy_2019.pdf\">Ano fiscal de 2009 e ano fiscal de 2019<\/a>.<\/p>\n    <\/div>\n<\/section>","protected":false},"excerpt":{"rendered":"","protected":false},"author":23,"featured_media":0,"parent":0,"menu_order":0,"comment_status":"closed","ping_status":"closed","template":"","meta":{"_acf_changed":false,"inline_featured_image":false,"footnotes":""},"class_list":["post-16763","page","type-page","status-publish","hentry"],"acf":[],"yoast_head":"<!-- This site is optimized with the Yoast SEO plugin v26.8 - https:\/\/yoast.com\/product\/yoast-seo-wordpress\/ -->\n<title>Prevention Works | CADCA<\/title>\n<meta name=\"description\" content=\"CADCA represents over 7,000 community coalitions that involve individuals from key sectors including schools, law enforcement, youth, parents, healthcare, media, tribal communities and others\" \/>\n<meta name=\"robots\" content=\"index, follow, max-snippet:-1, max-image-preview:large, max-video-preview:-1\" \/>\n<link rel=\"canonical\" href=\"https:\/\/www.cadca.org\/pt\/prevention-works\/\" \/>\n<meta property=\"og:locale\" content=\"pt_PT\" \/>\n<meta property=\"og:type\" content=\"article\" \/>\n<meta property=\"og:title\" content=\"Prevention Works | CADCA\" \/>\n<meta property=\"og:description\" content=\"CADCA represents over 7,000 community coalitions that involve individuals from key sectors including schools, law enforcement, youth, parents, healthcare, media, tribal communities and others\" \/>\n<meta property=\"og:url\" content=\"https:\/\/www.cadca.org\/pt\/prevention-works\/\" \/>\n<meta property=\"og:site_name\" content=\"CADCA\" \/>\n<meta property=\"article:modified_time\" content=\"2023-06-07T16:37:05+00:00\" \/>\n<meta property=\"og:image\" content=\"https:\/\/www.cadca.org\/wp-content\/uploads\/2022\/03\/cadca-member-of-logo1.jpg\" \/>\n\t<meta property=\"og:image:width\" content=\"880\" \/>\n\t<meta property=\"og:image:height\" content=\"500\" \/>\n\t<meta property=\"og:image:type\" content=\"image\/jpeg\" \/>\n<meta name=\"twitter:card\" content=\"summary_large_image\" \/>\n<script type=\"application\/ld+json\" class=\"yoast-schema-graph\">{\"@context\":\"https:\/\/schema.org\",\"@graph\":[{\"@type\":\"WebPage\",\"@id\":\"https:\/\/www.cadca.org\/prevention-works\/\",\"url\":\"https:\/\/www.cadca.org\/prevention-works\/\",\"name\":\"Prevention Works | CADCA\",\"isPartOf\":{\"@id\":\"https:\/\/www.cadca.org\/#website\"},\"datePublished\":\"2023-03-08T15:12:16+00:00\",\"dateModified\":\"2023-06-07T16:37:05+00:00\",\"description\":\"CADCA represents over 7,000 community coalitions that involve individuals from key sectors including schools, law enforcement, youth, parents, healthcare, media, tribal communities and others\",\"breadcrumb\":{\"@id\":\"https:\/\/www.cadca.org\/prevention-works\/#breadcrumb\"},\"inLanguage\":\"pt-PT\",\"potentialAction\":[{\"@type\":\"ReadAction\",\"target\":[\"https:\/\/www.cadca.org\/prevention-works\/\"]}]},{\"@type\":\"BreadcrumbList\",\"@id\":\"https:\/\/www.cadca.org\/prevention-works\/#breadcrumb\",\"itemListElement\":[{\"@type\":\"ListItem\",\"position\":1,\"name\":\"Home\",\"item\":\"https:\/\/www.cadca.org\/\"},{\"@type\":\"ListItem\",\"position\":2,\"name\":\"Prevention Works\"}]},{\"@type\":\"WebSite\",\"@id\":\"https:\/\/www.cadca.org\/#website\",\"url\":\"https:\/\/www.cadca.org\/\",\"name\":\"CADCA\",\"description\":\"The Premier Prevention Association\",\"potentialAction\":[{\"@type\":\"SearchAction\",\"target\":{\"@type\":\"EntryPoint\",\"urlTemplate\":\"https:\/\/www.cadca.org\/?s={search_term_string}\"},\"query-input\":{\"@type\":\"PropertyValueSpecification\",\"valueRequired\":true,\"valueName\":\"search_term_string\"}}],\"inLanguage\":\"pt-PT\"}]}<\/script>\n<!-- \/ Yoast SEO plugin. -->","yoast_head_json":{"title":"Prevention Works | CADCA","description":"CADCA represents over 7,000 community coalitions that involve individuals from key sectors including schools, law enforcement, youth, parents, healthcare, media, tribal communities and others","robots":{"index":"index","follow":"follow","max-snippet":"max-snippet:-1","max-image-preview":"max-image-preview:large","max-video-preview":"max-video-preview:-1"},"canonical":"https:\/\/www.cadca.org\/pt\/prevention-works\/","og_locale":"pt_PT","og_type":"article","og_title":"Prevention Works | CADCA","og_description":"CADCA represents over 7,000 community coalitions that involve individuals from key sectors including schools, law enforcement, youth, parents, healthcare, media, tribal communities and others","og_url":"https:\/\/www.cadca.org\/pt\/prevention-works\/","og_site_name":"CADCA","article_modified_time":"2023-06-07T16:37:05+00:00","og_image":[{"width":880,"height":500,"url":"https:\/\/www.cadca.org\/wp-content\/uploads\/2022\/03\/cadca-member-of-logo1.jpg","type":"image\/jpeg"}],"twitter_card":"summary_large_image","schema":{"@context":"https:\/\/schema.org","@graph":[{"@type":"WebPage","@id":"https:\/\/www.cadca.org\/prevention-works\/","url":"https:\/\/www.cadca.org\/prevention-works\/","name":"Prevention Works | CADCA","isPartOf":{"@id":"https:\/\/www.cadca.org\/#website"},"datePublished":"2023-03-08T15:12:16+00:00","dateModified":"2023-06-07T16:37:05+00:00","description":"CADCA represents over 7,000 community coalitions that involve individuals from key sectors including schools, law enforcement, youth, parents, healthcare, media, tribal communities and others","breadcrumb":{"@id":"https:\/\/www.cadca.org\/prevention-works\/#breadcrumb"},"inLanguage":"pt-PT","potentialAction":[{"@type":"ReadAction","target":["https:\/\/www.cadca.org\/prevention-works\/"]}]},{"@type":"BreadcrumbList","@id":"https:\/\/www.cadca.org\/prevention-works\/#breadcrumb","itemListElement":[{"@type":"ListItem","position":1,"name":"Home","item":"https:\/\/www.cadca.org\/"},{"@type":"ListItem","position":2,"name":"Prevention Works"}]},{"@type":"WebSite","@id":"https:\/\/www.cadca.org\/#website","url":"https:\/\/www.cadca.org\/","name":"CADCA","description":"The Premier Prevention Association","potentialAction":[{"@type":"SearchAction","target":{"@type":"EntryPoint","urlTemplate":"https:\/\/www.cadca.org\/?s={search_term_string}"},"query-input":{"@type":"PropertyValueSpecification","valueRequired":true,"valueName":"search_term_string"}}],"inLanguage":"pt-PT"}]}},"_links":{"self":[{"href":"https:\/\/www.cadca.org\/pt\/wp-json\/wp\/v2\/pages\/16763","targetHints":{"allow":["GET"]}}],"collection":[{"href":"https:\/\/www.cadca.org\/pt\/wp-json\/wp\/v2\/pages"}],"about":[{"href":"https:\/\/www.cadca.org\/pt\/wp-json\/wp\/v2\/types\/page"}],"author":[{"embeddable":true,"href":"https:\/\/www.cadca.org\/pt\/wp-json\/wp\/v2\/users\/23"}],"replies":[{"embeddable":true,"href":"https:\/\/www.cadca.org\/pt\/wp-json\/wp\/v2\/comments?post=16763"}],"version-history":[{"count":0,"href":"https:\/\/www.cadca.org\/pt\/wp-json\/wp\/v2\/pages\/16763\/revisions"}],"wp:attachment":[{"href":"https:\/\/www.cadca.org\/pt\/wp-json\/wp\/v2\/media?parent=16763"}],"curies":[{"name":"wp","href":"https:\/\/api.w.org\/{rel}","templated":true}]}}