{"id":16760,"date":"2023-03-08T15:10:29","date_gmt":"2023-03-08T15:10:29","guid":{"rendered":"https:\/\/cadca1stg.wpengine.com\/?page_id=16760"},"modified":"2023-06-07T16:39:57","modified_gmt":"2023-06-07T16:39:57","slug":"communication-tips","status":"publish","type":"page","link":"https:\/\/www.cadca.org\/pt\/communication-tips\/","title":{"rendered":"dicas de comunica\u00e7\u00e3o"},"content":{"rendered":"<div style=\"height:25px\" aria-hidden=\"true\" class=\"wp-block-spacer\"><\/div>\n\n\n<style media=\"all\" type=\"text\/css\">\n\n    \/* xs & sm (mobile) *\/\n    @media (max-width: 767.98px) {\n        }\n\n    \/* md (tablet) *\/\n    @media (min-width: 768px) and (max-width: 1199.98px) {\n        }\n\n    \/* lg (desktop) *\/\n    @media (min-width: 1200px) {\n        }\n\n    \/* custom styles *\/\n    <\/style>\n<section class=\"page_intro block_cc591166a52a6e6a32fe529bf6afb385\" id=\"block_cc591166a52a6e6a32fe529bf6afb385\">\n    <div class=\"container\">\n        <h1>dicas de comunica\u00e7\u00e3o<\/h1>\n            <\/div>\n<\/section>\n\n\n<style media=\"all\" type=\"text\/css\">\n\n    \n    \/* xs & sm (mobile) *\/\n    @media (max-width: 767.98px) {\n        }\n\n    \/* md (tablet) *\/\n    @media (min-width: 768px) and (max-width: 1199.98px) {\n        }\n\n    \/* lg (desktop) *\/\n    @media (min-width: 1200px) {\n        }\n\n    \/* custom styles *\/\n    <\/style>\n<section class=\"rte  block_3db221a0b12577b366064ced0c4a6d0e\" id=\"block_3db221a0b12577b366064ced0c4a6d0e\">\n    <div class=\"container\">\n        <p style=\"text-align: center\"><strong>Dez dicas de comunica\u00e7\u00e3o para o Dia do Capit\u00f3lio<\/strong><\/p>\n<ol style=\"margin-left: 40px;line-height: 25px\">\n<li style=\"margin-bottom: 15px\"><strong>Os hor\u00e1rios de agendamento ser\u00e3o enviados a voc\u00ea eletronicamente assim que forem configurados antes do Capitol Hill Day<\/strong>. Isso incluir\u00e1 os nomes dos membros, funcion\u00e1rios, hor\u00e1rio, local e todas as coaliz\u00f5es presentes na reuni\u00e3o.<\/li>\n<li style=\"margin-bottom: 15px\"><strong>TRAGA SEUS RESULTADOS<\/strong>! Esteja preparado para educar seus representantes eleitos sobre suas realiza\u00e7\u00f5es em sua comunidade e o trabalho que sua coaliz\u00e3o est\u00e1 realizando; eles querem ouvir o que est\u00e1 acontecendo na paisagem local de seu distrito.<\/li>\n<li style=\"margin-bottom: 15px\"><strong>N\u00e3o se esque\u00e7a do seu kit legislativo. A equipe do CADCA preparar\u00e1 um kit legislativo antes de sua reuni\u00e3o<\/strong>. Certifique-se de que seu facilitador estadual os tenha distribu\u00eddo a voc\u00ea durante sua reuni\u00e3o de facilitador estadual.<\/li>\n<li style=\"margin-bottom: 15px\"><strong>Elabore uma estrat\u00e9gia durante a reuni\u00e3o do facilitador estadual.<\/strong> Defina claramente como voc\u00ea planeja abordar a reuni\u00e3o, quando os jovens falar\u00e3o e quando voc\u00ea far\u00e1 as solicita\u00e7\u00f5es legislativas espec\u00edficas ao Membro.<\/li>\n<li style=\"margin-bottom: 15px\"><strong>Fa\u00e7a sua li\u00e7\u00e3o de casa<\/strong>. Procure o Membro e\/ou equipe com quem voc\u00ea est\u00e1 se reunindo. Saiba quais s\u00e3o seus interesses \u2013 prevenir o uso de subst\u00e2ncias tem muitos impactos secund\u00e1rios positivos. Veja se voc\u00ea pode vincular isso a algo que j\u00e1 \u00e9 um interesse antigo do Membro.<\/li>\n<li style=\"margin-bottom: 15px\"><strong>Use sapatos confort\u00e1veis e mantenha-se hidratado. Voc\u00ea vai andar MUITO<\/strong> e \u00e9 importante certificar-se de que voc\u00ea est\u00e1 atualizado e pronto para transmitir quaisquer preocupa\u00e7\u00f5es e responder a quaisquer perguntas dos membros e funcion\u00e1rios.<\/li>\n<li style=\"margin-bottom: 15px\"><strong>Traga sempre um cart\u00e3o de visita.<\/strong> D\u00ea a eles a oportunidade de entrar em contato com voc\u00ea se tiverem alguma d\u00favida. Voc\u00ea quer que eles o vejam como um recurso local e algu\u00e9m que pode ajud\u00e1-los com problemas de uso de subst\u00e2ncias.<\/li>\n<li style=\"margin-bottom: 15px\"><strong>Espere que as reuni\u00f5es durem de 15 a 30 minutos, e tudo bem!<\/strong> Os funcion\u00e1rios est\u00e3o muito ocupados em fevereiro, reunindo-se com diferentes grupos \u2013 atinja os pontos principais primeiro e saiba que os funcion\u00e1rios s\u00e3o os guardi\u00f5es do Membro.<\/li>\n<li style=\"margin-bottom: 15px\"><strong>N\u00e3o se esque\u00e7a da equipe da recep\u00e7\u00e3o - seja cort\u00eas, educado e envolvente.<\/strong> Estes s\u00e3o os futuros chefes de gabinete em forma\u00e7\u00e3o. Visitantes rudes n\u00e3o s\u00e3o esquecidos e as pessoas se lembram de quem foi legal com eles quando estavam come\u00e7ando a carreira.<\/li>\n<li style=\"margin-bottom: 15px\"><strong>Seguir! Seu trabalho nunca termina, voc\u00ea sempre pode fazer mais.<\/strong> Conecte-se com os escrit\u00f3rios locais para se manter engajado e continuar a construir uma rela\u00e7\u00e3o de trabalho. Vai compensar no futuro.<\/li>\n<\/ol>\n    <\/div>\n<\/section>","protected":false},"excerpt":{"rendered":"","protected":false},"author":23,"featured_media":0,"parent":0,"menu_order":0,"comment_status":"closed","ping_status":"closed","template":"","meta":{"_acf_changed":false,"inline_featured_image":false,"footnotes":""},"class_list":["post-16760","page","type-page","status-publish","hentry"],"acf":[],"yoast_head":"<!-- This site is optimized with the Yoast SEO plugin v27.4 - https:\/\/yoast.com\/product\/yoast-seo-wordpress\/ -->\n<title>Communication Tips | CADCA<\/title>\n<meta name=\"description\" content=\"CADCA represents over 7,000 community coalitions that involve individuals from key sectors including schools, law enforcement, youth, parents, healthcare, media, tribal communities and others\" \/>\n<meta name=\"robots\" content=\"index, follow, max-snippet:-1, max-image-preview:large, max-video-preview:-1\" \/>\n<link rel=\"canonical\" href=\"https:\/\/www.cadca.org\/pt\/communication-tips\/\" \/>\n<meta property=\"og:locale\" content=\"pt_PT\" \/>\n<meta property=\"og:type\" content=\"article\" \/>\n<meta property=\"og:title\" content=\"Communication Tips | CADCA\" \/>\n<meta property=\"og:description\" content=\"CADCA represents over 7,000 community coalitions that involve individuals from key sectors including schools, law enforcement, youth, parents, healthcare, media, tribal communities and others\" \/>\n<meta property=\"og:url\" content=\"https:\/\/www.cadca.org\/pt\/communication-tips\/\" \/>\n<meta property=\"og:site_name\" content=\"CADCA\" \/>\n<meta property=\"article:modified_time\" content=\"2023-06-07T16:39:57+00:00\" \/>\n<meta property=\"og:image\" content=\"https:\/\/www.cadca.org\/wp-content\/uploads\/2022\/03\/cadca-member-of-logo1.jpg\" \/>\n\t<meta property=\"og:image:width\" content=\"880\" \/>\n\t<meta property=\"og:image:height\" content=\"500\" \/>\n\t<meta property=\"og:image:type\" content=\"image\/jpeg\" \/>\n<meta name=\"twitter:card\" content=\"summary_large_image\" \/>\n<script type=\"application\/ld+json\" class=\"yoast-schema-graph\">{\"@context\":\"https:\\\/\\\/schema.org\",\"@graph\":[{\"@type\":\"WebPage\",\"@id\":\"https:\\\/\\\/www.cadca.org\\\/communication-tips\\\/\",\"url\":\"https:\\\/\\\/www.cadca.org\\\/communication-tips\\\/\",\"name\":\"Communication Tips | CADCA\",\"isPartOf\":{\"@id\":\"https:\\\/\\\/www.cadca.org\\\/#website\"},\"datePublished\":\"2023-03-08T15:10:29+00:00\",\"dateModified\":\"2023-06-07T16:39:57+00:00\",\"description\":\"CADCA represents over 7,000 community coalitions that involve individuals from key sectors including schools, law enforcement, youth, parents, healthcare, media, tribal communities and others\",\"breadcrumb\":{\"@id\":\"https:\\\/\\\/www.cadca.org\\\/communication-tips\\\/#breadcrumb\"},\"inLanguage\":\"pt-PT\",\"potentialAction\":[{\"@type\":\"ReadAction\",\"target\":[\"https:\\\/\\\/www.cadca.org\\\/communication-tips\\\/\"]}]},{\"@type\":\"BreadcrumbList\",\"@id\":\"https:\\\/\\\/www.cadca.org\\\/communication-tips\\\/#breadcrumb\",\"itemListElement\":[{\"@type\":\"ListItem\",\"position\":1,\"name\":\"Home\",\"item\":\"https:\\\/\\\/www.cadca.org\\\/\"},{\"@type\":\"ListItem\",\"position\":2,\"name\":\"Communication Tips\"}]},{\"@type\":\"WebSite\",\"@id\":\"https:\\\/\\\/www.cadca.org\\\/#website\",\"url\":\"https:\\\/\\\/www.cadca.org\\\/\",\"name\":\"CADCA\",\"description\":\"The Premier Prevention Association\",\"potentialAction\":[{\"@type\":\"SearchAction\",\"target\":{\"@type\":\"EntryPoint\",\"urlTemplate\":\"https:\\\/\\\/www.cadca.org\\\/?s={search_term_string}\"},\"query-input\":{\"@type\":\"PropertyValueSpecification\",\"valueRequired\":true,\"valueName\":\"search_term_string\"}}],\"inLanguage\":\"pt-PT\"}]}<\/script>\n<!-- \/ Yoast SEO plugin. -->","yoast_head_json":{"title":"Communication Tips | CADCA","description":"CADCA represents over 7,000 community coalitions that involve individuals from key sectors including schools, law enforcement, youth, parents, healthcare, media, tribal communities and others","robots":{"index":"index","follow":"follow","max-snippet":"max-snippet:-1","max-image-preview":"max-image-preview:large","max-video-preview":"max-video-preview:-1"},"canonical":"https:\/\/www.cadca.org\/pt\/communication-tips\/","og_locale":"pt_PT","og_type":"article","og_title":"Communication Tips | CADCA","og_description":"CADCA represents over 7,000 community coalitions that involve individuals from key sectors including schools, law enforcement, youth, parents, healthcare, media, tribal communities and others","og_url":"https:\/\/www.cadca.org\/pt\/communication-tips\/","og_site_name":"CADCA","article_modified_time":"2023-06-07T16:39:57+00:00","og_image":[{"width":880,"height":500,"url":"https:\/\/www.cadca.org\/wp-content\/uploads\/2022\/03\/cadca-member-of-logo1.jpg","type":"image\/jpeg"}],"twitter_card":"summary_large_image","schema":{"@context":"https:\/\/schema.org","@graph":[{"@type":"WebPage","@id":"https:\/\/www.cadca.org\/communication-tips\/","url":"https:\/\/www.cadca.org\/communication-tips\/","name":"Communication Tips | CADCA","isPartOf":{"@id":"https:\/\/www.cadca.org\/#website"},"datePublished":"2023-03-08T15:10:29+00:00","dateModified":"2023-06-07T16:39:57+00:00","description":"CADCA represents over 7,000 community coalitions that involve individuals from key sectors including schools, law enforcement, youth, parents, healthcare, media, tribal communities and others","breadcrumb":{"@id":"https:\/\/www.cadca.org\/communication-tips\/#breadcrumb"},"inLanguage":"pt-PT","potentialAction":[{"@type":"ReadAction","target":["https:\/\/www.cadca.org\/communication-tips\/"]}]},{"@type":"BreadcrumbList","@id":"https:\/\/www.cadca.org\/communication-tips\/#breadcrumb","itemListElement":[{"@type":"ListItem","position":1,"name":"Home","item":"https:\/\/www.cadca.org\/"},{"@type":"ListItem","position":2,"name":"Communication Tips"}]},{"@type":"WebSite","@id":"https:\/\/www.cadca.org\/#website","url":"https:\/\/www.cadca.org\/","name":"CADCA","description":"The Premier Prevention Association","potentialAction":[{"@type":"SearchAction","target":{"@type":"EntryPoint","urlTemplate":"https:\/\/www.cadca.org\/?s={search_term_string}"},"query-input":{"@type":"PropertyValueSpecification","valueRequired":true,"valueName":"search_term_string"}}],"inLanguage":"pt-PT"}]}},"_links":{"self":[{"href":"https:\/\/www.cadca.org\/pt\/wp-json\/wp\/v2\/pages\/16760","targetHints":{"allow":["GET"]}}],"collection":[{"href":"https:\/\/www.cadca.org\/pt\/wp-json\/wp\/v2\/pages"}],"about":[{"href":"https:\/\/www.cadca.org\/pt\/wp-json\/wp\/v2\/types\/page"}],"author":[{"embeddable":true,"href":"https:\/\/www.cadca.org\/pt\/wp-json\/wp\/v2\/users\/23"}],"replies":[{"embeddable":true,"href":"https:\/\/www.cadca.org\/pt\/wp-json\/wp\/v2\/comments?post=16760"}],"version-history":[{"count":0,"href":"https:\/\/www.cadca.org\/pt\/wp-json\/wp\/v2\/pages\/16760\/revisions"}],"wp:attachment":[{"href":"https:\/\/www.cadca.org\/pt\/wp-json\/wp\/v2\/media?parent=16760"}],"curies":[{"name":"wp","href":"https:\/\/api.w.org\/{rel}","templated":true}]}}