{"id":16758,"date":"2023-03-08T13:58:24","date_gmt":"2023-03-08T13:58:24","guid":{"rendered":"https:\/\/cadca1stg.wpengine.com\/?page_id=16758"},"modified":"2023-06-23T18:15:53","modified_gmt":"2023-06-23T18:15:53","slug":"partnerships","status":"publish","type":"page","link":"https:\/\/www.cadca.org\/pt\/myti2023\/partnerships\/","title":{"rendered":"MYTI2023: Parcerias"},"content":{"rendered":"<style media=\"all\" type=\"text\/css\">\n\n    \n    \/* xs & sm (mobile) *\/\n    @media (max-width: 767.98px) {\n        }\n\n    \/* md (tablet) *\/\n    @media (min-width: 768px) and (max-width: 1199.98px) {\n        }\n\n    \/* lg (desktop) *\/\n    @media (min-width: 1200px) {\n        }\n\n    \/* custom styles *\/\n    @media (min-width: 768px) {rnt.rte .container{rnttwidth:800px;rn  tttext-align:center;rnt}rn}rnrn@media (max-width: 767.98px) {rnt.rte .container img{rnttwidth:100%;rn  ttheight:auto;rnt}rnrn}<\/style>\n<section class=\"rte  block_3f586434de3980edbf024c7919a98cf4\" id=\"block_3f586434de3980edbf024c7919a98cf4\">\n    <div class=\"container\">\n        <p><img loading=\"lazy\" decoding=\"async\" class=\"aligncenter wp-image-16754 size-large\" src=\"https:\/\/www.cadca.org\/wp-content\/uploads\/2023\/03\/23-Mid-year-banner-1667x262-2-1024x161.png\" alt=\"\" width=\"1024\" height=\"161\" srcset=\"https:\/\/www.cadca.org\/wp-content\/uploads\/2023\/03\/23-Mid-year-banner-1667x262-2-1024x161.png 1024w, https:\/\/www.cadca.org\/wp-content\/uploads\/2023\/03\/23-Mid-year-banner-1667x262-2-300x47.png 300w, https:\/\/www.cadca.org\/wp-content\/uploads\/2023\/03\/23-Mid-year-banner-1667x262-2-768x121.png 768w, https:\/\/www.cadca.org\/wp-content\/uploads\/2023\/03\/23-Mid-year-banner-1667x262-2-1536x241.png 1536w, https:\/\/www.cadca.org\/wp-content\/uploads\/2023\/03\/23-Mid-year-banner-1667x262-2-18x3.png 18w, https:\/\/www.cadca.org\/wp-content\/uploads\/2023\/03\/23-Mid-year-banner-1667x262-2.png 1667w\" sizes=\"auto, (max-width: 1024px) 100vw, 1024px\" \/><\/p>\n<p style=\"text-align: center\"><a href=\"https:\/\/www.cadca.org\/pt\/myti2023\/\"><img loading=\"lazy\" decoding=\"async\" class=\"alignnone wp-image-16712\" src=\"https:\/\/www.cadca.org\/wp-content\/uploads\/2023\/03\/MYTIHomepage-300x243.png\" alt=\"\" width=\"100\" height=\"81\" \/><\/a> <a href=\"https:\/\/www.cadca.org\/pt\/myti2023\/cfps\/\"><img loading=\"lazy\" decoding=\"async\" class=\"alignnone wp-image-16713\" src=\"https:\/\/www.cadca.org\/wp-content\/uploads\/2023\/03\/MYTICFP-300x243.png\" alt=\"\" width=\"100\" height=\"81\" srcset=\"https:\/\/www.cadca.org\/wp-content\/uploads\/2023\/03\/MYTICFP-300x243.png 300w, https:\/\/www.cadca.org\/wp-content\/uploads\/2023\/03\/MYTICFP-768x621.png 768w, https:\/\/www.cadca.org\/wp-content\/uploads\/2023\/03\/MYTICFP-15x12.png 15w, https:\/\/www.cadca.org\/wp-content\/uploads\/2023\/03\/MYTICFP.png 804w\" sizes=\"auto, (max-width: 100px) 100vw, 100px\" \/><\/a>\u00a0<a href=\"https:\/\/www.cadca.org\/pt\/myti2023\/faqs\/\"><img loading=\"lazy\" decoding=\"async\" class=\"alignnone wp-image-16720\" src=\"https:\/\/www.cadca.org\/wp-content\/uploads\/2023\/03\/MYTIFAQs-300x243.png\" alt=\"\" width=\"100\" height=\"81\" srcset=\"https:\/\/www.cadca.org\/wp-content\/uploads\/2023\/03\/MYTIFAQs-300x243.png 300w, https:\/\/www.cadca.org\/wp-content\/uploads\/2023\/03\/MYTIFAQs-768x621.png 768w, https:\/\/www.cadca.org\/wp-content\/uploads\/2023\/03\/MYTIFAQs-15x12.png 15w, https:\/\/www.cadca.org\/wp-content\/uploads\/2023\/03\/MYTIFAQs.png 804w\" sizes=\"auto, (max-width: 100px) 100vw, 100px\" \/><\/a> <a href=\"https:\/\/www.cadca.org\/pt\/myti2023\/hotelandtravel\/\"><img loading=\"lazy\" decoding=\"async\" class=\"alignnone wp-image-16714\" src=\"https:\/\/www.cadca.org\/wp-content\/uploads\/2023\/03\/MYTIHotel-300x243.png\" alt=\"\" width=\"100\" height=\"81\" srcset=\"https:\/\/www.cadca.org\/wp-content\/uploads\/2023\/03\/MYTIHotel-300x243.png 300w, https:\/\/www.cadca.org\/wp-content\/uploads\/2023\/03\/MYTIHotel-768x621.png 768w, https:\/\/www.cadca.org\/wp-content\/uploads\/2023\/03\/MYTIHotel-15x12.png 15w, https:\/\/www.cadca.org\/wp-content\/uploads\/2023\/03\/MYTIHotel.png 804w\" sizes=\"auto, (max-width: 100px) 100vw, 100px\" \/><\/a> <a href=\"\/\/www.cadca.org\/pt\/myti2023\/international\/\"><img loading=\"lazy\" decoding=\"async\" class=\"alignnone wp-image-16718\" src=\"https:\/\/www.cadca.org\/wp-content\/uploads\/2023\/03\/MYTIIntl-300x243.png\" alt=\"\" width=\"100\" height=\"81\" srcset=\"https:\/\/www.cadca.org\/wp-content\/uploads\/2023\/03\/MYTIIntl-300x243.png 300w, https:\/\/www.cadca.org\/wp-content\/uploads\/2023\/03\/MYTIIntl-768x621.png 768w, https:\/\/www.cadca.org\/wp-content\/uploads\/2023\/03\/MYTIIntl-15x12.png 15w, https:\/\/www.cadca.org\/wp-content\/uploads\/2023\/03\/MYTIIntl.png 804w\" sizes=\"auto, (max-width: 100px) 100vw, 100px\" \/><\/a> <a href=\"https:\/\/www.cadca.org\/pt\/myti2023\/registration\/\"><img loading=\"lazy\" decoding=\"async\" class=\"alignnone wp-image-16722\" src=\"https:\/\/www.cadca.org\/wp-content\/uploads\/2023\/03\/MYTIReg-300x243.png\" alt=\"\" width=\"100\" height=\"81\" srcset=\"https:\/\/www.cadca.org\/wp-content\/uploads\/2023\/03\/MYTIReg-300x243.png 300w, https:\/\/www.cadca.org\/wp-content\/uploads\/2023\/03\/MYTIReg-768x621.png 768w, https:\/\/www.cadca.org\/wp-content\/uploads\/2023\/03\/MYTIReg-15x12.png 15w, https:\/\/www.cadca.org\/wp-content\/uploads\/2023\/03\/MYTIReg.png 804w\" sizes=\"auto, (max-width: 100px) 100vw, 100px\" \/><\/a> <a href=\"https:\/\/www.cadca.org\/pt\/myti2023\/schedule\/\"><img loading=\"lazy\" decoding=\"async\" class=\"alignnone wp-image-16715\" src=\"https:\/\/www.cadca.org\/wp-content\/uploads\/2023\/03\/MYTISchedule-300x243.png\" alt=\"\" width=\"100\" height=\"81\" srcset=\"https:\/\/www.cadca.org\/wp-content\/uploads\/2023\/03\/MYTISchedule-300x243.png 300w, https:\/\/www.cadca.org\/wp-content\/uploads\/2023\/03\/MYTISchedule-768x621.png 768w, https:\/\/www.cadca.org\/wp-content\/uploads\/2023\/03\/MYTISchedule-15x12.png 15w, https:\/\/www.cadca.org\/wp-content\/uploads\/2023\/03\/MYTISchedule.png 804w\" sizes=\"auto, (max-width: 100px) 100vw, 100px\" \/><\/a> <a href=\"https:\/\/www.cadca.org\/pt\/myti2023\/scholarships\/\"><img loading=\"lazy\" decoding=\"async\" class=\"alignnone wp-image-16719\" src=\"https:\/\/www.cadca.org\/wp-content\/uploads\/2023\/03\/MYTIScholarships-300x243.png\" alt=\"\" width=\"100\" height=\"81\" srcset=\"https:\/\/www.cadca.org\/wp-content\/uploads\/2023\/03\/MYTIScholarships-300x243.png 300w, https:\/\/www.cadca.org\/wp-content\/uploads\/2023\/03\/MYTIScholarships-768x621.png 768w, https:\/\/www.cadca.org\/wp-content\/uploads\/2023\/03\/MYTIScholarships-15x12.png 15w, https:\/\/www.cadca.org\/wp-content\/uploads\/2023\/03\/MYTIScholarships.png 804w\" sizes=\"auto, (max-width: 100px) 100vw, 100px\" \/><\/a> <a href=\"https:\/\/www.cadca.org\/pt\/myti2023\/youth\/\"><img loading=\"lazy\" decoding=\"async\" class=\"alignnone wp-image-16717\" src=\"https:\/\/www.cadca.org\/wp-content\/uploads\/2023\/03\/MYTIYouth-300x243.png\" alt=\"\" width=\"100\" height=\"81\" srcset=\"https:\/\/www.cadca.org\/wp-content\/uploads\/2023\/03\/MYTIYouth-300x243.png 300w, https:\/\/www.cadca.org\/wp-content\/uploads\/2023\/03\/MYTIYouth-768x621.png 768w, https:\/\/www.cadca.org\/wp-content\/uploads\/2023\/03\/MYTIYouth-15x12.png 15w, https:\/\/www.cadca.org\/wp-content\/uploads\/2023\/03\/MYTIYouth.png 804w\" sizes=\"auto, (max-width: 100px) 100vw, 100px\" \/><\/a><\/p>\n<p style=\"text-align: center\"><strong><span style=\"font-family: tahoma, arial, helvetica, sans-serif;font-size: 36px;color: #339966\">Parcerias<\/span><\/strong><\/p>\n<p style=\"font-weight: 400\"><strong>Displays de parceiros de recursos de mesa\u00a0<\/strong><\/p>\n<p>Convidamos os fornecedores a se juntarem a n\u00f3s no meio do ano para mostrar os produtos e servi\u00e7os de sua organiza\u00e7\u00e3o para nossas coaliz\u00f5es. Como Parceiro de Recursos, voc\u00ea ter\u00e1 a capacidade de instruir os participantes sobre como melhor auxili\u00e1-los na cria\u00e7\u00e3o de comunidades saud\u00e1veis e seguras. Gere novos leads, ganhe visibilidade e participe de treinamentos para saber como sua empresa pode atender melhor o setor de preven\u00e7\u00e3o.<\/p>\n<p>O programa Table-Top Display deste ano estar\u00e1 localizado no Convention Center Pre-Function e nos lobbies dos sal\u00f5es Texas e Grapevine. Esta \u00e1rea \u00e9 a art\u00e9ria principal entre o Sal\u00e3o Plen\u00e1rio e as Salas de Sess\u00f5es de Treinamento. A recep\u00e7\u00e3o de abertura, os caf\u00e9s da manh\u00e3 de networking e os intervalos para lanche de networking tamb\u00e9m acontecer\u00e3o nesses lobbies = EXPOSI\u00c7\u00c3O GARANTIDA.<\/p>\n<p><strong>Pre\u00e7o do Parceiro de Recursos;\u00a0<\/strong><strong>Monitor de mesa \u2013 $1.555 inclui:<\/strong><\/p>\n<ul style=\"margin-left:40px\">\n<li>1 registro\/crach\u00e1 completo da confer\u00eancia e 1 conjunto de materiais MYTI<\/li>\n<li>Uma mesa com rodap\u00e9 de 6&#039; e uma cadeira<\/li>\n<li>Nome da organiza\u00e7\u00e3o, informa\u00e7\u00f5es de contato e descri\u00e7\u00e3o no programa final<\/li>\n<li>Nome da organiza\u00e7\u00e3o, informa\u00e7\u00f5es de contato, descri\u00e7\u00e3o e informa\u00e7\u00f5es de m\u00eddia social no aplicativo do evento<\/li>\n<li>Registro de parceiro de recurso adicional \u2013 $400 cada (at\u00e9 2 adicionais)<\/li>\n<\/ul>\n<p><strong><a href=\"https:\/\/www.cadca.org\/pt\/sites\/default\/files\/pdfs\/events\/2023_exhibitor_prospectus_-_for_use.pdf\/\" data-cke-saved-href=\"\/sites\/default\/files\/pdfs\/events\/2023_exhibitor_prospectus_-_for_use.pdf\">Veja o Prospecto<\/a><\/strong><\/p>\n<p><strong><a href=\"https:\/\/www.cadca.org\/pt\/sites\/default\/files\/pdfs\/events\/rules_regulations_2023.pdf\/\" data-cke-saved-href=\"\/sites\/default\/files\/pdfs\/events\/rules_regulations_2023.pdf\">Revisar Regras e Regulamentos<\/a><\/strong><\/p>\n<p><a href=\"https:\/\/research.zarca.com\/r\/MYTI23ResourcePartners\"><img loading=\"lazy\" decoding=\"async\" class=\"alignnone size-medium wp-image-16759 aligncenter\" src=\"https:\/\/www.cadca.org\/wp-content\/uploads\/2023\/03\/PartnershipOpps-300x169.png\" alt=\"\" width=\"300\" height=\"169\" srcset=\"https:\/\/www.cadca.org\/wp-content\/uploads\/2023\/03\/PartnershipOpps-300x169.png 300w, https:\/\/www.cadca.org\/wp-content\/uploads\/2023\/03\/PartnershipOpps-768x432.png 768w, https:\/\/www.cadca.org\/wp-content\/uploads\/2023\/03\/PartnershipOpps-18x10.png 18w, https:\/\/www.cadca.org\/wp-content\/uploads\/2023\/03\/PartnershipOpps.png 960w\" sizes=\"auto, (max-width: 300px) 100vw, 300px\" \/><\/a><\/p>\n<p style=\"text-align: center\"><strong>Oportunidades de parceria\u00a0<\/strong><\/p>\n<p><strong>Oportunidades de parceria e programa de parceiros de recursos\u00a0<\/strong><\/p>\n<p>Estamos entusiasmados em dar as boas-vindas aos representantes da coaliz\u00e3o e amigos no campo da preven\u00e7\u00e3o PESSOALMENTE no Instituto de Treinamento de Meio de Ano de 2023 em julho no Gaylord Texan!<\/p>\n<p><strong>Oportunidades de parceria\u00a0\u00a0<\/strong><\/p>\n<p>O Mid-Year Training Institute \u00e9 um passe de acesso total aos melhores treinamentos dispon\u00edveis para ajudar as coaliz\u00f5es a trabalhar de maneira mais inteligente, r\u00e1pida e eficaz. Da mesma forma, os parceiros da MYTI t\u00eam acesso a esses l\u00edderes de coaliz\u00e3o e tomadores de decis\u00e3o por meio de uma variedade de oportunidades \u2013 colocando sua empresa ou marca na frente e no centro para envolver clientes potenciais e existentes em uma atmosfera altamente carregada!<\/p>\n<p><strong>As op\u00e7\u00f5es de parceria incluem:\u00a0<\/strong><\/p>\n<ul style=\"margin-left:40px\">\n<li>Patroc\u00ednio de aplicativo<\/li>\n<li>Explos\u00f5es eletr\u00f4nicas personalizadas<\/li>\n<li>Bolsas para Coaliz\u00f5es e\/ou Jovens<\/li>\n<li>Apoio a eventos juvenis<\/li>\n<li>Anfitri\u00f5es da recep\u00e7\u00e3o<\/li>\n<li>Bolsas Inser\u00e7\u00f5es<\/li>\n<li>Publicidades<\/li>\n<\/ul>\n<p>Impulsione sua empresa fazendo parceria com a CADCA. Nosso Mid-Year Training Institute oferece uma oportunidade para mais de 2.000 pessoas participarem de uma variedade de sess\u00f5es de treinamento para expandir seus conhecimentos em ci\u00eancia da preven\u00e7\u00e3o e melhorar suas habilidades na implementa\u00e7\u00e3o de estrat\u00e9gias baseadas em evid\u00eancias.<\/p>\n<p>Fique ligado para um menu completo de oportunidades de parceria nas pr\u00f3ximas semanas. Enquanto isso, entre em contato com Mia Wallace Business Development Director em mwallace@cadca.org ou 703-706-0560 x265 para discutir possibilidades de parceria.<\/p>\n<p style=\"text-align: center\"><a href=\"https:\/\/www.cadca.org\/wp-content\/uploads\/2023\/05\/2023_mid_year_sponsorship_opportunities.pdf\"><strong>SAIBA MAIS SOBRE O PATROC\u00cdNIO E AS OPORTUNIDADES DE PARCERIA DE MEIO DO ANO!<\/strong><\/a><\/p>\n<p>&nbsp;<\/p>\n    <\/div>\n<\/section>","protected":false},"excerpt":{"rendered":"","protected":false},"author":23,"featured_media":0,"parent":18692,"menu_order":0,"comment_status":"closed","ping_status":"closed","template":"","meta":{"_acf_changed":false,"inline_featured_image":false,"footnotes":""},"class_list":["post-16758","page","type-page","status-publish","hentry"],"acf":[],"yoast_head":"<!-- This site is optimized with the Yoast SEO plugin v26.8 - https:\/\/yoast.com\/product\/yoast-seo-wordpress\/ -->\n<title>MYTI2023: Partnerships | CADCA<\/title>\n<meta name=\"description\" content=\"CADCA represents over 7,000 community coalitions that involve individuals from key sectors including schools, law enforcement, youth, parents, healthcare, media, tribal communities and others\" \/>\n<meta name=\"robots\" content=\"index, follow, max-snippet:-1, max-image-preview:large, max-video-preview:-1\" \/>\n<link rel=\"canonical\" href=\"https:\/\/www.cadca.org\/pt\/myti2023\/partnerships\/\" \/>\n<meta property=\"og:locale\" content=\"pt_PT\" \/>\n<meta property=\"og:type\" content=\"article\" \/>\n<meta property=\"og:title\" content=\"MYTI2023: Partnerships | CADCA\" \/>\n<meta property=\"og:description\" content=\"CADCA represents over 7,000 community coalitions that involve individuals from key sectors including schools, law enforcement, youth, parents, healthcare, media, tribal communities and others\" \/>\n<meta property=\"og:url\" content=\"https:\/\/www.cadca.org\/pt\/myti2023\/partnerships\/\" \/>\n<meta property=\"og:site_name\" content=\"CADCA\" \/>\n<meta property=\"article:modified_time\" content=\"2023-06-23T18:15:53+00:00\" \/>\n<meta property=\"og:image\" content=\"https:\/\/www.cadca.org\/wp-content\/uploads\/2022\/03\/cadca-member-of-logo1.jpg\" \/>\n\t<meta property=\"og:image:width\" content=\"880\" \/>\n\t<meta property=\"og:image:height\" content=\"500\" \/>\n\t<meta property=\"og:image:type\" content=\"image\/jpeg\" \/>\n<meta name=\"twitter:card\" content=\"summary_large_image\" \/>\n<script type=\"application\/ld+json\" class=\"yoast-schema-graph\">{\"@context\":\"https:\/\/schema.org\",\"@graph\":[{\"@type\":\"WebPage\",\"@id\":\"https:\/\/www.cadca.org\/myti2023\/partnerships\/\",\"url\":\"https:\/\/www.cadca.org\/myti2023\/partnerships\/\",\"name\":\"MYTI2023: Partnerships | CADCA\",\"isPartOf\":{\"@id\":\"https:\/\/www.cadca.org\/#website\"},\"datePublished\":\"2023-03-08T13:58:24+00:00\",\"dateModified\":\"2023-06-23T18:15:53+00:00\",\"description\":\"CADCA represents over 7,000 community coalitions that involve individuals from key sectors including schools, law enforcement, youth, parents, healthcare, media, tribal communities and others\",\"breadcrumb\":{\"@id\":\"https:\/\/www.cadca.org\/myti2023\/partnerships\/#breadcrumb\"},\"inLanguage\":\"pt-PT\",\"potentialAction\":[{\"@type\":\"ReadAction\",\"target\":[\"https:\/\/www.cadca.org\/myti2023\/partnerships\/\"]}]},{\"@type\":\"BreadcrumbList\",\"@id\":\"https:\/\/www.cadca.org\/myti2023\/partnerships\/#breadcrumb\",\"itemListElement\":[{\"@type\":\"ListItem\",\"position\":1,\"name\":\"Home\",\"item\":\"https:\/\/www.cadca.org\/\"},{\"@type\":\"ListItem\",\"position\":2,\"name\":\"MYTI2023\",\"item\":\"https:\/\/www.cadca.org\/myti2023\/\"},{\"@type\":\"ListItem\",\"position\":3,\"name\":\"MYTI2023: Partnerships\"}]},{\"@type\":\"WebSite\",\"@id\":\"https:\/\/www.cadca.org\/#website\",\"url\":\"https:\/\/www.cadca.org\/\",\"name\":\"CADCA\",\"description\":\"The Premier Prevention Association\",\"potentialAction\":[{\"@type\":\"SearchAction\",\"target\":{\"@type\":\"EntryPoint\",\"urlTemplate\":\"https:\/\/www.cadca.org\/?s={search_term_string}\"},\"query-input\":{\"@type\":\"PropertyValueSpecification\",\"valueRequired\":true,\"valueName\":\"search_term_string\"}}],\"inLanguage\":\"pt-PT\"}]}<\/script>\n<!-- \/ Yoast SEO plugin. -->","yoast_head_json":{"title":"MYTI2023: Partnerships | CADCA","description":"CADCA represents over 7,000 community coalitions that involve individuals from key sectors including schools, law enforcement, youth, parents, healthcare, media, tribal communities and others","robots":{"index":"index","follow":"follow","max-snippet":"max-snippet:-1","max-image-preview":"max-image-preview:large","max-video-preview":"max-video-preview:-1"},"canonical":"https:\/\/www.cadca.org\/pt\/myti2023\/partnerships\/","og_locale":"pt_PT","og_type":"article","og_title":"MYTI2023: Partnerships | CADCA","og_description":"CADCA represents over 7,000 community coalitions that involve individuals from key sectors including schools, law enforcement, youth, parents, healthcare, media, tribal communities and others","og_url":"https:\/\/www.cadca.org\/pt\/myti2023\/partnerships\/","og_site_name":"CADCA","article_modified_time":"2023-06-23T18:15:53+00:00","og_image":[{"width":880,"height":500,"url":"https:\/\/www.cadca.org\/wp-content\/uploads\/2022\/03\/cadca-member-of-logo1.jpg","type":"image\/jpeg"}],"twitter_card":"summary_large_image","schema":{"@context":"https:\/\/schema.org","@graph":[{"@type":"WebPage","@id":"https:\/\/www.cadca.org\/myti2023\/partnerships\/","url":"https:\/\/www.cadca.org\/myti2023\/partnerships\/","name":"MYTI2023: Partnerships | CADCA","isPartOf":{"@id":"https:\/\/www.cadca.org\/#website"},"datePublished":"2023-03-08T13:58:24+00:00","dateModified":"2023-06-23T18:15:53+00:00","description":"CADCA represents over 7,000 community coalitions that involve individuals from key sectors including schools, law enforcement, youth, parents, healthcare, media, tribal communities and others","breadcrumb":{"@id":"https:\/\/www.cadca.org\/myti2023\/partnerships\/#breadcrumb"},"inLanguage":"pt-PT","potentialAction":[{"@type":"ReadAction","target":["https:\/\/www.cadca.org\/myti2023\/partnerships\/"]}]},{"@type":"BreadcrumbList","@id":"https:\/\/www.cadca.org\/myti2023\/partnerships\/#breadcrumb","itemListElement":[{"@type":"ListItem","position":1,"name":"Home","item":"https:\/\/www.cadca.org\/"},{"@type":"ListItem","position":2,"name":"MYTI2023","item":"https:\/\/www.cadca.org\/myti2023\/"},{"@type":"ListItem","position":3,"name":"MYTI2023: Partnerships"}]},{"@type":"WebSite","@id":"https:\/\/www.cadca.org\/#website","url":"https:\/\/www.cadca.org\/","name":"CADCA","description":"The Premier Prevention Association","potentialAction":[{"@type":"SearchAction","target":{"@type":"EntryPoint","urlTemplate":"https:\/\/www.cadca.org\/?s={search_term_string}"},"query-input":{"@type":"PropertyValueSpecification","valueRequired":true,"valueName":"search_term_string"}}],"inLanguage":"pt-PT"}]}},"_links":{"self":[{"href":"https:\/\/www.cadca.org\/pt\/wp-json\/wp\/v2\/pages\/16758","targetHints":{"allow":["GET"]}}],"collection":[{"href":"https:\/\/www.cadca.org\/pt\/wp-json\/wp\/v2\/pages"}],"about":[{"href":"https:\/\/www.cadca.org\/pt\/wp-json\/wp\/v2\/types\/page"}],"author":[{"embeddable":true,"href":"https:\/\/www.cadca.org\/pt\/wp-json\/wp\/v2\/users\/23"}],"replies":[{"embeddable":true,"href":"https:\/\/www.cadca.org\/pt\/wp-json\/wp\/v2\/comments?post=16758"}],"version-history":[{"count":0,"href":"https:\/\/www.cadca.org\/pt\/wp-json\/wp\/v2\/pages\/16758\/revisions"}],"up":[{"embeddable":true,"href":"https:\/\/www.cadca.org\/pt\/wp-json\/wp\/v2\/pages\/18692"}],"wp:attachment":[{"href":"https:\/\/www.cadca.org\/pt\/wp-json\/wp\/v2\/media?parent=16758"}],"curies":[{"name":"wp","href":"https:\/\/api.w.org\/{rel}","templated":true}]}}