{"id":16732,"date":"2023-03-07T19:02:05","date_gmt":"2023-03-07T19:02:05","guid":{"rendered":"https:\/\/cadca1stg.wpengine.com\/?page_id=16732"},"modified":"2023-06-23T18:18:05","modified_gmt":"2023-06-23T18:18:05","slug":"cfps","status":"publish","type":"page","link":"https:\/\/www.cadca.org\/pt\/myti2023\/cfps\/","title":{"rendered":"MYTI2023: CFPs"},"content":{"rendered":"<div class=\"wp-block-group alignfull\"><div class=\"wp-block-group__inner-container is-layout-constrained wp-block-group-is-layout-constrained\"><style media=\"all\" type=\"text\/css\">\n\n    \n    \/* xs & sm (mobile) *\/\n    @media (max-width: 767.98px) {\n        }\n\n    \/* md (tablet) *\/\n    @media (min-width: 768px) and (max-width: 1199.98px) {\n        }\n\n    \/* lg (desktop) *\/\n    @media (min-width: 1200px) {\n        }\n\n    \/* custom styles *\/\n    @media (min-width: 768px) {rnt.rte .container{rnttwidth:800px;rn  tttext-align:center;rnt}rn}rnrn@media (max-width: 767.98px) {rnt.rte .container img{rnttwidth:100%;rn  ttheight:auto;rnt}rnrn}<\/style>\n<section class=\"rte  block_f2c6f8de05f214b287571f9e4f0fde41\" id=\"block_f2c6f8de05f214b287571f9e4f0fde41\">\n    <div class=\"container\">\n        <p><span style=\"font-family: tahoma, arial, helvetica, sans-serif\"><img loading=\"lazy\" decoding=\"async\" class=\"wp-image-16754 size-large aligncenter\" src=\"https:\/\/www.cadca.org\/wp-content\/uploads\/2023\/03\/23-Mid-year-banner-1667x262-2-1024x161.png\" alt=\"\" width=\"1024\" height=\"161\" srcset=\"https:\/\/www.cadca.org\/wp-content\/uploads\/2023\/03\/23-Mid-year-banner-1667x262-2-1024x161.png 1024w, https:\/\/www.cadca.org\/wp-content\/uploads\/2023\/03\/23-Mid-year-banner-1667x262-2-300x47.png 300w, https:\/\/www.cadca.org\/wp-content\/uploads\/2023\/03\/23-Mid-year-banner-1667x262-2-768x121.png 768w, https:\/\/www.cadca.org\/wp-content\/uploads\/2023\/03\/23-Mid-year-banner-1667x262-2-1536x241.png 1536w, https:\/\/www.cadca.org\/wp-content\/uploads\/2023\/03\/23-Mid-year-banner-1667x262-2-18x3.png 18w, https:\/\/www.cadca.org\/wp-content\/uploads\/2023\/03\/23-Mid-year-banner-1667x262-2.png 1667w\" sizes=\"auto, (max-width: 1024px) 100vw, 1024px\" \/><\/span><\/p>\n<p style=\"text-align: center\"><span style=\"font-family: tahoma, arial, helvetica, sans-serif\"><a href=\"https:\/\/www.cadca.org\/pt\/myti2023\/\"><img loading=\"lazy\" decoding=\"async\" class=\"alignnone wp-image-16712\" src=\"https:\/\/www.cadca.org\/wp-content\/uploads\/2023\/03\/MYTIHomepage-300x243.png\" alt=\"\" width=\"100\" height=\"81\" \/><\/a> <a href=\"https:\/\/www.cadca.org\/pt\/myti2023\/faqs\/\"><img loading=\"lazy\" decoding=\"async\" class=\"alignnone wp-image-16720\" src=\"https:\/\/www.cadca.org\/wp-content\/uploads\/2023\/03\/MYTIFAQs-300x243.png\" alt=\"\" width=\"100\" height=\"81\" srcset=\"https:\/\/www.cadca.org\/wp-content\/uploads\/2023\/03\/MYTIFAQs-300x243.png 300w, https:\/\/www.cadca.org\/wp-content\/uploads\/2023\/03\/MYTIFAQs-768x621.png 768w, https:\/\/www.cadca.org\/wp-content\/uploads\/2023\/03\/MYTIFAQs-15x12.png 15w, https:\/\/www.cadca.org\/wp-content\/uploads\/2023\/03\/MYTIFAQs.png 804w\" sizes=\"auto, (max-width: 100px) 100vw, 100px\" \/><\/a> <a href=\"https:\/\/www.cadca.org\/pt\/myti2023\/hotelandtravel\/\"><img loading=\"lazy\" decoding=\"async\" class=\"alignnone wp-image-16714\" src=\"https:\/\/www.cadca.org\/wp-content\/uploads\/2023\/03\/MYTIHotel-300x243.png\" alt=\"\" width=\"100\" height=\"81\" srcset=\"https:\/\/www.cadca.org\/wp-content\/uploads\/2023\/03\/MYTIHotel-300x243.png 300w, https:\/\/www.cadca.org\/wp-content\/uploads\/2023\/03\/MYTIHotel-768x621.png 768w, https:\/\/www.cadca.org\/wp-content\/uploads\/2023\/03\/MYTIHotel-15x12.png 15w, https:\/\/www.cadca.org\/wp-content\/uploads\/2023\/03\/MYTIHotel.png 804w\" sizes=\"auto, (max-width: 100px) 100vw, 100px\" \/><\/a> <a href=\"https:\/\/www.cadca.org\/pt\/myti2023\/international\/\"><img loading=\"lazy\" decoding=\"async\" class=\"alignnone wp-image-16718\" src=\"https:\/\/www.cadca.org\/wp-content\/uploads\/2023\/03\/MYTIIntl-300x243.png\" alt=\"\" width=\"100\" height=\"81\" srcset=\"https:\/\/www.cadca.org\/wp-content\/uploads\/2023\/03\/MYTIIntl-300x243.png 300w, https:\/\/www.cadca.org\/wp-content\/uploads\/2023\/03\/MYTIIntl-768x621.png 768w, https:\/\/www.cadca.org\/wp-content\/uploads\/2023\/03\/MYTIIntl-15x12.png 15w, https:\/\/www.cadca.org\/wp-content\/uploads\/2023\/03\/MYTIIntl.png 804w\" sizes=\"auto, (max-width: 100px) 100vw, 100px\" \/><\/a> <a href=\"https:\/\/www.cadca.org\/pt\/myti2023\/partnerships\/\"><img loading=\"lazy\" decoding=\"async\" class=\"alignnone wp-image-16716\" src=\"https:\/\/www.cadca.org\/wp-content\/uploads\/2023\/03\/MYTIPartnerships-300x243.png\" alt=\"\" width=\"100\" height=\"81\" srcset=\"https:\/\/www.cadca.org\/wp-content\/uploads\/2023\/03\/MYTIPartnerships-300x243.png 300w, https:\/\/www.cadca.org\/wp-content\/uploads\/2023\/03\/MYTIPartnerships-768x621.png 768w, https:\/\/www.cadca.org\/wp-content\/uploads\/2023\/03\/MYTIPartnerships-15x12.png 15w, https:\/\/www.cadca.org\/wp-content\/uploads\/2023\/03\/MYTIPartnerships.png 804w\" sizes=\"auto, (max-width: 100px) 100vw, 100px\" \/><\/a> <a href=\"https:\/\/www.cadca.org\/pt\/myti2023\/registration\/\"><img loading=\"lazy\" decoding=\"async\" class=\"alignnone wp-image-16722\" src=\"https:\/\/www.cadca.org\/wp-content\/uploads\/2023\/03\/MYTIReg-300x243.png\" alt=\"\" width=\"100\" height=\"81\" srcset=\"https:\/\/www.cadca.org\/wp-content\/uploads\/2023\/03\/MYTIReg-300x243.png 300w, https:\/\/www.cadca.org\/wp-content\/uploads\/2023\/03\/MYTIReg-768x621.png 768w, https:\/\/www.cadca.org\/wp-content\/uploads\/2023\/03\/MYTIReg-15x12.png 15w, https:\/\/www.cadca.org\/wp-content\/uploads\/2023\/03\/MYTIReg.png 804w\" sizes=\"auto, (max-width: 100px) 100vw, 100px\" \/><\/a> <a href=\"https:\/\/www.cadca.org\/pt\/myti2023\/schedule\/\"><img loading=\"lazy\" decoding=\"async\" class=\"alignnone wp-image-16715\" src=\"https:\/\/www.cadca.org\/wp-content\/uploads\/2023\/03\/MYTISchedule-300x243.png\" alt=\"\" width=\"100\" height=\"81\" srcset=\"https:\/\/www.cadca.org\/wp-content\/uploads\/2023\/03\/MYTISchedule-300x243.png 300w, https:\/\/www.cadca.org\/wp-content\/uploads\/2023\/03\/MYTISchedule-768x621.png 768w, https:\/\/www.cadca.org\/wp-content\/uploads\/2023\/03\/MYTISchedule-15x12.png 15w, https:\/\/www.cadca.org\/wp-content\/uploads\/2023\/03\/MYTISchedule.png 804w\" sizes=\"auto, (max-width: 100px) 100vw, 100px\" \/><\/a> <a href=\"https:\/\/www.cadca.org\/pt\/myti2023\/scholarships\/\"><img loading=\"lazy\" decoding=\"async\" class=\"alignnone wp-image-16719\" src=\"https:\/\/www.cadca.org\/wp-content\/uploads\/2023\/03\/MYTIScholarships-300x243.png\" alt=\"\" width=\"100\" height=\"81\" srcset=\"https:\/\/www.cadca.org\/wp-content\/uploads\/2023\/03\/MYTIScholarships-300x243.png 300w, https:\/\/www.cadca.org\/wp-content\/uploads\/2023\/03\/MYTIScholarships-768x621.png 768w, https:\/\/www.cadca.org\/wp-content\/uploads\/2023\/03\/MYTIScholarships-15x12.png 15w, https:\/\/www.cadca.org\/wp-content\/uploads\/2023\/03\/MYTIScholarships.png 804w\" sizes=\"auto, (max-width: 100px) 100vw, 100px\" \/><\/a> <a href=\"https:\/\/www.cadca.org\/pt\/myti2023\/youth\/\"><img loading=\"lazy\" decoding=\"async\" class=\"alignnone wp-image-16717\" src=\"https:\/\/www.cadca.org\/wp-content\/uploads\/2023\/03\/MYTIYouth-300x243.png\" alt=\"\" width=\"100\" height=\"81\" srcset=\"https:\/\/www.cadca.org\/wp-content\/uploads\/2023\/03\/MYTIYouth-300x243.png 300w, https:\/\/www.cadca.org\/wp-content\/uploads\/2023\/03\/MYTIYouth-768x621.png 768w, https:\/\/www.cadca.org\/wp-content\/uploads\/2023\/03\/MYTIYouth-15x12.png 15w, https:\/\/www.cadca.org\/wp-content\/uploads\/2023\/03\/MYTIYouth.png 804w\" sizes=\"auto, (max-width: 100px) 100vw, 100px\" \/><\/a><\/span><\/p>\n<p style=\"text-align: center\"><span style=\"color: #0ba171;font-size: 36px;font-family: tahoma, arial, helvetica, sans-serif\"><strong>CFPs<\/strong><\/span><\/p>\n<p style=\"text-align: center\"><span style=\"color: #0ba171;font-size: 20px;font-family: tahoma, arial, helvetica, sans-serif\"><strong>Chamada para Apresenta\u00e7\u00f5es \u2013 Sess\u00f5es de Forma\u00e7\u00e3o de Adultos e Jovens<\/strong><\/span><\/p>\n<p style=\"text-align: center\"><span style=\"color: #0ba171;font-size: 20px;font-family: tahoma, arial, helvetica, sans-serif\"><strong>Prazo de submiss\u00e3o j\u00e1 expirou!<\/strong><\/span><\/p>\n<p><strong>NOTA DE SUBMISS\u00c3O:\u00a0\u00a0<\/strong><\/p>\n<p>Todos os envios de sess\u00f5es de treinamento para adultos aceitos ser\u00e3o para sess\u00f5es de 90 minutos que ocorrer\u00e3o em\u00a0<strong>segunda-feira, 17 de julho de 2023<\/strong>, apenas.\u00a0\u00a0<strong>As sess\u00f5es para jovens ter\u00e3o 3 horas de dura\u00e7\u00e3o e ocorrer\u00e3o em um dos quatro dias do evento.<\/strong><\/p>\n<p>Lembre-se da ordem em que voc\u00ea lista todos os apresentadores. O\u00a0<strong>APRESENTADOR L\u00cdDER (somente)<\/strong>\u00a0para cada Chamada de Apresenta\u00e7\u00e3o aceita receber\u00e1:<\/p>\n<ul style=\"margin-left:40px\">\n<li>Inscri\u00e7\u00e3o semestral gratuita<\/li>\n<li>Passagem a\u00e9rea de \u00f4nibus de ida e volta de\/para meados do ano, at\u00e9 $500<\/li>\n<li>Hospedagem (somente quarto e impostos) por uma noite no Gaylord Texan Hotel &amp; Convention Center<\/li>\n<li>Reembolso para transporte terrestre de\/para o Gaylord e taxas de bagagem (at\u00e9 $150)<\/li>\n<\/ul>\n<p>Todos os apresentadores adicionais s\u00e3o obrigados a se registrar em sua taxa de registro aplic\u00e1vel. Nenhum outro reembolso ser\u00e1 fornecido ao segundo, terceiro ou subseq\u00fcentes apresentadores.<\/p>\n<p>Para d\u00favidas, entre em contato\u00a0<a href=\"mailto:training@cadca.org\">training@cadca.org<\/a><\/p>\n    <\/div>\n<\/section>\n<\/div><\/div>","protected":false},"excerpt":{"rendered":"","protected":false},"author":23,"featured_media":0,"parent":18692,"menu_order":0,"comment_status":"closed","ping_status":"closed","template":"","meta":{"_acf_changed":false,"inline_featured_image":false,"footnotes":""},"class_list":["post-16732","page","type-page","status-publish","hentry"],"acf":[],"yoast_head":"<!-- This site is optimized with the Yoast SEO plugin v26.8 - https:\/\/yoast.com\/product\/yoast-seo-wordpress\/ -->\n<title>MYTI2023: CFPs | CADCA<\/title>\n<meta name=\"description\" content=\"CADCA represents over 7,000 community coalitions that involve individuals from key sectors including schools, law enforcement, youth, parents, healthcare, media, tribal communities and others\" \/>\n<meta name=\"robots\" content=\"index, follow, max-snippet:-1, max-image-preview:large, max-video-preview:-1\" \/>\n<link rel=\"canonical\" href=\"https:\/\/www.cadca.org\/pt\/myti2023\/cfps\/\" \/>\n<meta property=\"og:locale\" content=\"pt_PT\" \/>\n<meta property=\"og:type\" content=\"article\" \/>\n<meta property=\"og:title\" content=\"MYTI2023: CFPs | CADCA\" \/>\n<meta property=\"og:description\" content=\"CADCA represents over 7,000 community coalitions that involve individuals from key sectors including schools, law enforcement, youth, parents, healthcare, media, tribal communities and others\" \/>\n<meta property=\"og:url\" content=\"https:\/\/www.cadca.org\/pt\/myti2023\/cfps\/\" \/>\n<meta property=\"og:site_name\" content=\"CADCA\" \/>\n<meta property=\"article:modified_time\" content=\"2023-06-23T18:18:05+00:00\" \/>\n<meta property=\"og:image\" content=\"https:\/\/www.cadca.org\/wp-content\/uploads\/2022\/03\/cadca-member-of-logo1.jpg\" \/>\n\t<meta property=\"og:image:width\" content=\"880\" \/>\n\t<meta property=\"og:image:height\" content=\"500\" \/>\n\t<meta property=\"og:image:type\" content=\"image\/jpeg\" \/>\n<meta name=\"twitter:card\" content=\"summary_large_image\" \/>\n<script type=\"application\/ld+json\" class=\"yoast-schema-graph\">{\"@context\":\"https:\/\/schema.org\",\"@graph\":[{\"@type\":\"WebPage\",\"@id\":\"https:\/\/www.cadca.org\/myti2023\/cfps\/\",\"url\":\"https:\/\/www.cadca.org\/myti2023\/cfps\/\",\"name\":\"MYTI2023: CFPs | CADCA\",\"isPartOf\":{\"@id\":\"https:\/\/www.cadca.org\/#website\"},\"datePublished\":\"2023-03-07T19:02:05+00:00\",\"dateModified\":\"2023-06-23T18:18:05+00:00\",\"description\":\"CADCA represents over 7,000 community coalitions that involve individuals from key sectors including schools, law enforcement, youth, parents, healthcare, media, tribal communities and others\",\"breadcrumb\":{\"@id\":\"https:\/\/www.cadca.org\/myti2023\/cfps\/#breadcrumb\"},\"inLanguage\":\"pt-PT\",\"potentialAction\":[{\"@type\":\"ReadAction\",\"target\":[\"https:\/\/www.cadca.org\/myti2023\/cfps\/\"]}]},{\"@type\":\"BreadcrumbList\",\"@id\":\"https:\/\/www.cadca.org\/myti2023\/cfps\/#breadcrumb\",\"itemListElement\":[{\"@type\":\"ListItem\",\"position\":1,\"name\":\"Home\",\"item\":\"https:\/\/www.cadca.org\/\"},{\"@type\":\"ListItem\",\"position\":2,\"name\":\"MYTI2023\",\"item\":\"https:\/\/www.cadca.org\/myti2023\/\"},{\"@type\":\"ListItem\",\"position\":3,\"name\":\"MYTI2023: CFPs\"}]},{\"@type\":\"WebSite\",\"@id\":\"https:\/\/www.cadca.org\/#website\",\"url\":\"https:\/\/www.cadca.org\/\",\"name\":\"CADCA\",\"description\":\"The Premier Prevention Association\",\"potentialAction\":[{\"@type\":\"SearchAction\",\"target\":{\"@type\":\"EntryPoint\",\"urlTemplate\":\"https:\/\/www.cadca.org\/?s={search_term_string}\"},\"query-input\":{\"@type\":\"PropertyValueSpecification\",\"valueRequired\":true,\"valueName\":\"search_term_string\"}}],\"inLanguage\":\"pt-PT\"}]}<\/script>\n<!-- \/ Yoast SEO plugin. -->","yoast_head_json":{"title":"MYTI2023: CFPs | CADCA","description":"CADCA represents over 7,000 community coalitions that involve individuals from key sectors including schools, law enforcement, youth, parents, healthcare, media, tribal communities and others","robots":{"index":"index","follow":"follow","max-snippet":"max-snippet:-1","max-image-preview":"max-image-preview:large","max-video-preview":"max-video-preview:-1"},"canonical":"https:\/\/www.cadca.org\/pt\/myti2023\/cfps\/","og_locale":"pt_PT","og_type":"article","og_title":"MYTI2023: CFPs | CADCA","og_description":"CADCA represents over 7,000 community coalitions that involve individuals from key sectors including schools, law enforcement, youth, parents, healthcare, media, tribal communities and others","og_url":"https:\/\/www.cadca.org\/pt\/myti2023\/cfps\/","og_site_name":"CADCA","article_modified_time":"2023-06-23T18:18:05+00:00","og_image":[{"width":880,"height":500,"url":"https:\/\/www.cadca.org\/wp-content\/uploads\/2022\/03\/cadca-member-of-logo1.jpg","type":"image\/jpeg"}],"twitter_card":"summary_large_image","schema":{"@context":"https:\/\/schema.org","@graph":[{"@type":"WebPage","@id":"https:\/\/www.cadca.org\/myti2023\/cfps\/","url":"https:\/\/www.cadca.org\/myti2023\/cfps\/","name":"MYTI2023: CFPs | CADCA","isPartOf":{"@id":"https:\/\/www.cadca.org\/#website"},"datePublished":"2023-03-07T19:02:05+00:00","dateModified":"2023-06-23T18:18:05+00:00","description":"CADCA represents over 7,000 community coalitions that involve individuals from key sectors including schools, law enforcement, youth, parents, healthcare, media, tribal communities and others","breadcrumb":{"@id":"https:\/\/www.cadca.org\/myti2023\/cfps\/#breadcrumb"},"inLanguage":"pt-PT","potentialAction":[{"@type":"ReadAction","target":["https:\/\/www.cadca.org\/myti2023\/cfps\/"]}]},{"@type":"BreadcrumbList","@id":"https:\/\/www.cadca.org\/myti2023\/cfps\/#breadcrumb","itemListElement":[{"@type":"ListItem","position":1,"name":"Home","item":"https:\/\/www.cadca.org\/"},{"@type":"ListItem","position":2,"name":"MYTI2023","item":"https:\/\/www.cadca.org\/myti2023\/"},{"@type":"ListItem","position":3,"name":"MYTI2023: CFPs"}]},{"@type":"WebSite","@id":"https:\/\/www.cadca.org\/#website","url":"https:\/\/www.cadca.org\/","name":"CADCA","description":"The Premier Prevention Association","potentialAction":[{"@type":"SearchAction","target":{"@type":"EntryPoint","urlTemplate":"https:\/\/www.cadca.org\/?s={search_term_string}"},"query-input":{"@type":"PropertyValueSpecification","valueRequired":true,"valueName":"search_term_string"}}],"inLanguage":"pt-PT"}]}},"_links":{"self":[{"href":"https:\/\/www.cadca.org\/pt\/wp-json\/wp\/v2\/pages\/16732","targetHints":{"allow":["GET"]}}],"collection":[{"href":"https:\/\/www.cadca.org\/pt\/wp-json\/wp\/v2\/pages"}],"about":[{"href":"https:\/\/www.cadca.org\/pt\/wp-json\/wp\/v2\/types\/page"}],"author":[{"embeddable":true,"href":"https:\/\/www.cadca.org\/pt\/wp-json\/wp\/v2\/users\/23"}],"replies":[{"embeddable":true,"href":"https:\/\/www.cadca.org\/pt\/wp-json\/wp\/v2\/comments?post=16732"}],"version-history":[{"count":0,"href":"https:\/\/www.cadca.org\/pt\/wp-json\/wp\/v2\/pages\/16732\/revisions"}],"up":[{"embeddable":true,"href":"https:\/\/www.cadca.org\/pt\/wp-json\/wp\/v2\/pages\/18692"}],"wp:attachment":[{"href":"https:\/\/www.cadca.org\/pt\/wp-json\/wp\/v2\/media?parent=16732"}],"curies":[{"name":"wp","href":"https:\/\/api.w.org\/{rel}","templated":true}]}}