{"id":16666,"date":"2023-02-16T11:57:02","date_gmt":"2023-02-16T11:57:02","guid":{"rendered":"https:\/\/cadca1stg.wpengine.com\/?page_id=16666"},"modified":"2025-05-19T15:24:43","modified_gmt":"2025-05-19T15:24:43","slug":"cadca-youth-leadership","status":"publish","type":"page","link":"https:\/\/www.cadca.org\/pt\/cadca-youth-leadership\/","title":{"rendered":"CADCA Lideran\u00e7a Juvenil"},"content":{"rendered":"<style media=\"all\" type=\"text\/css\">\n\n    \/* xs & sm (mobile) *\/\n    @media (max-width: 767.98px) {\n        }\n\n    \/* md (tablet) *\/\n    @media (min-width: 768px) and (max-width: 1199.98px) {\n        }\n\n    \/* lg (desktop) *\/\n    @media (min-width: 1200px) {\n        }\n\n    \/* custom styles *\/\n    .page_intro {\r\n    padding: 50px 0px;\r\n}<\/style>\n<section class=\"page_intro block_1cf1ef48b15d399d7c133cd0d71b936c\" id=\"block_1cf1ef48b15d399d7c133cd0d71b936c\">\n    <div class=\"container\">\n        <h1>CADCA Lideran\u00e7a Juvenil<\/h1>\n                <p>A Lideran\u00e7a Juvenil da CADCA est\u00e1 empenhada em fortalecer as habilidades e a capacidade dos jovens para influenciar mudan\u00e7as positivas nas comunidades onde vivem, aprendem e crescem. Sabendo que os jovens s\u00e3o o melhor recurso para criar essa mudan\u00e7a, <br \/>\r\nnosso lema \u00e9 \u201cEnvolva-se. Desenvolver. Inspirar.&quot;<\/p>\n            <\/div>\n<\/section>\n\n\n<style media=\"all\" type=\"text\/css\">\n\n    \/* xs & sm (mobile) *\/\n    @media (max-width: 767.98px) {\n        }\n\n    \/* md (tablet) *\/\n    @media (min-width: 768px) and (max-width: 1199.98px) {\n        }\n\n    \/* lg (desktop) *\/\n    @media (min-width: 1200px) {\n        }\n\n    \/* custom styles *\/\n    \n        .cta-image.cta-image-block_52e7e59ada58e47e77663e6af767459f-1{\n        background: url('https:\/\/www.cadca.org\/wp-content\/uploads\/2022\/12\/co_11_17.jpg');\n    }\n        .cta-image.cta-image-block_52e7e59ada58e47e77663e6af767459f-2{\n        background: url('https:\/\/www.cadca.org\/wp-content\/uploads\/2022\/12\/co82417.jpg');\n    }\n        .cta-image.cta-image-block_52e7e59ada58e47e77663e6af767459f-3{\n        background: url('https:\/\/www.cadca.org\/wp-content\/uploads\/2022\/12\/co101117.jpg');\n    }\n    \n<\/style>\n<section class=\"rich_cta block_52e7e59ada58e47e77663e6af767459f\" id=\"block_52e7e59ada58e47e77663e6af767459f\">\n    <div class=\"top-section desktop-only\">\n        <div class=\"container\">\n            <h2>Envolver. Desenvolver. Inspirar.<\/h2>\n                            <p>A Iniciativa de Lideran\u00e7a Juvenil CADCA capacita mais de 1.200 jovens anualmente nos EUA <br \/>\r\ne no exterior para combater o uso de drogas e outros problemas que afligem suas comunidades. <\/p>\n                                    <div class=\"cta-image cta-image-block_52e7e59ada58e47e77663e6af767459f-1\"><\/div>\n                        <div class=\"cta-image cta-image-block_52e7e59ada58e47e77663e6af767459f-2\"><\/div>\n                        <div class=\"cta-image cta-image-block_52e7e59ada58e47e77663e6af767459f-3\"><\/div>\n                    <\/div>\n    <\/div>\n        <div class=\"bottom-section desktop-only\">\n        <div class=\"container\">\n                        <div class=\"cta-details cta-details-1\">\n                <h3>Projeto Juventude em A\u00e7\u00e3o<\/h3>\n                <p>Empregar estrat\u00e9gias de mudan\u00e7a comportamental com \u00eanfase na mudan\u00e7a ambiental para resolver os problemas de forma eficaz.<\/p>\n                                <a href=\"mailto:youth@cadca.org\" >Saber mais<\/a>\n            <\/div>\n                            <div class=\"cta-details cta-details-2\">\n                <h3>Apoio a Coaliz\u00f5es<\/h3>\n                <p>As coaliz\u00f5es treinadas pela CADCA t\u00eam sido fundamentais na cria\u00e7\u00e3o de mudan\u00e7as pol\u00edticas em todo o pa\u00eds at\u00e9 agora<\/p>\n                                <a href=\"https:\/\/www.cadca.org\/en\/coalitions\/\" >Apoie agora<\/a>\n            <\/div>\n                            <div class=\"cta-details cta-details-3\">\n                <h3>Advogado<\/h3>\n                <p>CADCA treina jovens em habilidades para advogar nos n\u00edveis estadual, local, tribal e nacional. <\/p>\n                                <a href=\"https:\/\/www.cadca.org\/en\/advocacy-focused\/\" >Defenda agora<\/a>\n            <\/div>\n                        <\/div>\n    <\/div>\n        <div class=\"merged-section mobile-only\">\n        <div class=\"container\">\n            <h2>Envolver. Desenvolver. Inspirar.<\/h2>\n                            <p>A Iniciativa de Lideran\u00e7a Juvenil CADCA capacita mais de 1.200 jovens anualmente nos EUA <br \/>\r\ne no exterior para combater o uso de drogas e outros problemas que afligem suas comunidades. <\/p>\n                                        <div class=\"cta-image cta-image-block_52e7e59ada58e47e77663e6af767459f-1\"><\/div>\n                <div class=\"cta-details cta-details-1\">\n                    <h3>Projeto Juventude em A\u00e7\u00e3o<\/h3>\n                    <p>Empregar estrat\u00e9gias de mudan\u00e7a comportamental com \u00eanfase na mudan\u00e7a ambiental para resolver os problemas de forma eficaz.<\/p>\n                                        <a href=\"mailto:youth@cadca.org\" >Saber mais<\/a>\n                <\/div>\n                                <div class=\"cta-image cta-image-block_52e7e59ada58e47e77663e6af767459f-2\"><\/div>\n                <div class=\"cta-details cta-details-2\">\n                    <h3>Apoio a Coaliz\u00f5es<\/h3>\n                    <p>As coaliz\u00f5es treinadas pela CADCA t\u00eam sido fundamentais na cria\u00e7\u00e3o de mudan\u00e7as pol\u00edticas em todo o pa\u00eds at\u00e9 agora<\/p>\n                                        <a href=\"https:\/\/www.cadca.org\/en\/coalitions\/\" >Apoie agora<\/a>\n                <\/div>\n                                <div class=\"cta-image cta-image-block_52e7e59ada58e47e77663e6af767459f-3\"><\/div>\n                <div class=\"cta-details cta-details-3\">\n                    <h3>Advogado<\/h3>\n                    <p>CADCA treina jovens em habilidades para advogar nos n\u00edveis estadual, local, tribal e nacional. <\/p>\n                                        <a href=\"https:\/\/www.cadca.org\/en\/advocacy-focused\/\" >Defenda agora<\/a>\n                <\/div>\n                        <\/div>\n    <\/div>\n<\/section>\n\n\n<style media=\"all\" type=\"text\/css\">\n\n    \n    \/* xs & sm (mobile) *\/\n    @media (max-width: 767.98px) {\n        }\n\n    \/* md (tablet) *\/\n    @media (min-width: 768px) and (max-width: 1199.98px) {\n        }\n\n    \/* lg (desktop) *\/\n    @media (min-width: 1200px) {\n        }\n\n    \/* custom styles *\/\n    body .rte-1.rte.article-format h2{\r\n\tfont-size: 32px;\r\n    line-height: 42px;\r\n}\r\n\r\nbody .rte-1.rte.article-format img.size-full{\r\n\tmargin-bottom: 40px;\r\n}\r\n\r\nbody .rte-1.rte.article-format h3{\r\n\tcolor:#2b303c;\r\n  \tfont-family: 'Source Serif Pro', serif;\r\n    font-weight: 600;\r\n  \tfont-size: 24px;\r\n    line-height: 38px;\r\n}<\/style>\n<section class=\"rte article-format  block_1688f851f550bfc1a58a5ab41440c467 rte-1\" id=\"block_1688f851f550bfc1a58a5ab41440c467\">\n    <div class=\"container\">\n        <h2>Envolver<\/h2>\n<p>O trabalho eficaz de coaliz\u00e3o comunit\u00e1ria requer o envolvimento dos jovens em todos os n\u00edveis, desde a lideran\u00e7a at\u00e9 a implementa\u00e7\u00e3o da estrat\u00e9gia. Os jovens t\u00eam vozes poderosas e trazem uma vis\u00e3o cr\u00edtica e sustentabilidade para a preven\u00e7\u00e3o.<\/p>\n<p>Onde encontramos jovens para liderar e participar efetivamente de nosso trabalho de coaliz\u00e3o? Como os mantemos envolvidos? O que fazemos quando nossos jovens estrelas envelhecem e seguem em frente?<\/p>\n<p>Nosso desafio compartilhado \u00e9 envolver os jovens de maneira que honrem e respeitem seus dons e perspectivas \u00fanicos, ao mesmo tempo em que operam de forma estrat\u00e9gica e eficaz.<\/p>\n<p><img loading=\"lazy\" decoding=\"async\" class=\"aligncenter wp-image-16671 size-full\" src=\"https:\/\/www.cadca.org\/wp-content\/uploads\/2023\/02\/YL-engage.png\" alt=\"\" width=\"815\" height=\"500\" srcset=\"https:\/\/www.cadca.org\/wp-content\/uploads\/2023\/02\/YL-engage.png 815w, https:\/\/www.cadca.org\/wp-content\/uploads\/2023\/02\/YL-engage-300x184.png 300w, https:\/\/www.cadca.org\/wp-content\/uploads\/2023\/02\/YL-engage-768x471.png 768w, https:\/\/www.cadca.org\/wp-content\/uploads\/2023\/02\/YL-engage-18x12.png 18w\" sizes=\"auto, (max-width: 815px) 100vw, 815px\" \/><\/p>\n<h2>Desenvolver<\/h2>\n<h3>Treinamento b\u00e1sico essencial<\/h3>\n<p>Este curso apresenta o trabalho de preven\u00e7\u00e3o e coaliz\u00e3o e leva os conselheiros de jovens e adultos atrav\u00e9s da Estrutura Estrat\u00e9gica de Preven\u00e7\u00e3o. Os jovens saem desses treinamentos com um Modelo L\u00f3gico, Avalia\u00e7\u00e3o Comunit\u00e1ria, Interven\u00e7\u00f5es e um Plano de A\u00e7\u00e3o.<\/p>\n<h2>Inspirar<\/h2>\n<p>Nivelando as comunidades Este treinamento oferece uma nova vis\u00e3o sobre o trabalho que fazemos em nossas comunidades, para garantir que ele impacte todos os membros da comunidade, especialmente aqueles que mais precisam. A equidade na sa\u00fade est\u00e1 se tornando um conceito integral nos esfor\u00e7os de preven\u00e7\u00e3o do uso indevido de subst\u00e2ncias, e esta trilha abordar\u00e1 como podemos facilitar a mudan\u00e7a em nossas comunidades por meio dessa perspectiva. Os jovens que se inscrevem para esta trilha devem comparecer a todas as sess\u00f5es, e \u00e9 recomendado que um conselheiro adulto participe desta trilha com os jovens da coaliz\u00e3o.<\/p>\n<p><img loading=\"lazy\" decoding=\"async\" class=\"aligncenter wp-image-16670 size-full\" src=\"https:\/\/www.cadca.org\/wp-content\/uploads\/2023\/02\/YL-develop.png\" alt=\"\" width=\"815\" height=\"500\" srcset=\"https:\/\/www.cadca.org\/wp-content\/uploads\/2023\/02\/YL-develop.png 815w, https:\/\/www.cadca.org\/wp-content\/uploads\/2023\/02\/YL-develop-300x184.png 300w, https:\/\/www.cadca.org\/wp-content\/uploads\/2023\/02\/YL-develop-768x471.png 768w, https:\/\/www.cadca.org\/wp-content\/uploads\/2023\/02\/YL-develop-18x12.png 18w\" sizes=\"auto, (max-width: 815px) 100vw, 815px\" \/><\/p>\n<h3><span lang=\"uk-UA\">Advocacia e Pol\u00edtica<\/span><\/h3>\n<p>Nosso curso de Advocacia e Pol\u00edtica treina jovens em habilidades para advogar nos n\u00edveis estadual, local, tribal e nacional. Os objetivos de aprendizado do curso incluem o processo de mudan\u00e7a de pol\u00edtica, habilidades de falar em p\u00fablico e cultivar campe\u00f5es.<\/p>\n<p><img loading=\"lazy\" decoding=\"async\" class=\"aligncenter wp-image-16673 size-full\" src=\"https:\/\/www.cadca.org\/wp-content\/uploads\/2023\/02\/YT-photovoice.png\" alt=\"\" width=\"815\" height=\"500\" srcset=\"https:\/\/www.cadca.org\/wp-content\/uploads\/2023\/02\/YT-photovoice.png 815w, https:\/\/www.cadca.org\/wp-content\/uploads\/2023\/02\/YT-photovoice-300x184.png 300w, https:\/\/www.cadca.org\/wp-content\/uploads\/2023\/02\/YT-photovoice-768x471.png 768w, https:\/\/www.cadca.org\/wp-content\/uploads\/2023\/02\/YT-photovoice-18x12.png 18w\" sizes=\"auto, (max-width: 815px) 100vw, 815px\" \/><\/p>\n<p><span style=\"font-size: 20px\"><strong>Treinamentos personalizados e muito mais!<\/strong><\/span><\/p>\n<p>O departamento de Lideran\u00e7a Juvenil da CADCA tamb\u00e9m oferece sess\u00f5es de treinamento sob medida durante nosso evento anual do F\u00f3rum. Os t\u00f3picos incluem orat\u00f3ria, lideran\u00e7a, m\u00eddia social, equidade na sa\u00fade, arrecada\u00e7\u00e3o de fundos, cria\u00e7\u00e3o de an\u00fancios de servi\u00e7o p\u00fablico (PSAs) e como fazer uma lei local.<\/p>\n    <\/div>\n<\/section>\n\n\n<style media=\"all\" type=\"text\/css\">\n\n    \n    \/* xs & sm (mobile) *\/\n    @media (max-width: 767.98px) {\n        }\n\n    \/* md (tablet) *\/\n    @media (min-width: 768px) and (max-width: 1199.98px) {\n        }\n\n    \/* lg (desktop) *\/\n    @media (min-width: 1200px) {\n        }\n\n    \/* custom styles *\/\n    .rte-2.rte{\r\n\tbackground: #f7f7f7;\r\n  \tpadding-top: 20px;\r\n  \tpadding-bottom: 50px;\r\n}\r\n\r\n.rte-2.rte.article-format h2 {\r\n    font-family: 'Source Serif Pro', serif;\r\n    font-weight: 600;\r\n    color: #263c87;\r\n    font-size: 32px;\r\n  \tline-height: 42px;\r\n    width: 100%;\r\n    text-align: center;\r\n    position: relative;\r\n    margin-bottom: 40px;\r\n}\r\n\r\n.rte-2.rte.article-format h2 span {\r\n    background: #f7f7f7;\r\n    padding: 0px 20px;\r\n    position: inherit;\r\n    z-index: 1;\r\n}\r\n\r\n.rte-2.rte.article-format h2::before {\r\n    content: '';\r\n    display: inline-block;\r\n    width: 100%;\r\n    height: 1px;\r\n    border-bottom: 1px solid #c2c2c2;\r\n    position: absolute;\r\n    top: 16px;\r\n    left: 0px;\r\n    z-index: 0;\r\n}\r\n\r\n.rte-2.rte.article-format h2 span {\r\n  background: #f7f7f7;\r\n    padding: 0px 20px;\r\n    position: inherit;\r\n    z-index: 1;\r\n}<\/style>\n<section class=\"rte article-format  block_393fd291b6c54cd66aa6a5950ffecdb4 rte-2\" id=\"block_393fd291b6c54cd66aa6a5950ffecdb4\">\n    <div class=\"container\">\n        <h2 class=\"striked-heading\" style=\"text-align: center\"><span>Uma Abordagem Global<\/span><\/h2>\n<p><img loading=\"lazy\" decoding=\"async\" class=\"aligncenter wp-image-16672 size-full\" src=\"https:\/\/www.cadca.org\/wp-content\/uploads\/2023\/02\/YT-global-approach.png\" alt=\"\" width=\"814\" height=\"456\" srcset=\"https:\/\/www.cadca.org\/wp-content\/uploads\/2023\/02\/YT-global-approach.png 814w, https:\/\/www.cadca.org\/wp-content\/uploads\/2023\/02\/YT-global-approach-300x168.png 300w, https:\/\/www.cadca.org\/wp-content\/uploads\/2023\/02\/YT-global-approach-768x430.png 768w, https:\/\/www.cadca.org\/wp-content\/uploads\/2023\/02\/YT-global-approach-18x10.png 18w\" sizes=\"auto, (max-width: 814px) 100vw, 814px\" \/><\/p>\n<p>A Lideran\u00e7a Juvenil da CADCA \u00e9 constru\u00edda sobre a estrutura de processos de resolu\u00e7\u00e3o de problemas comunit\u00e1rios baseados em evid\u00eancias, pesquisados e documentados pelo Grupo de Trabalho do Centro Colaborador da Organiza\u00e7\u00e3o Mundial da Sa\u00fade para Sa\u00fade e Desenvolvimento Comunit\u00e1rio da Universidade de Kansas. Este trabalho foi calibrado para uso indevido de subst\u00e2ncias pelo CADCA e institucionalizado ao longo de 10 anos por meio do National Coalition Institute (NCI), National Coalition Academy e do sistema de entrega de programas para jovens do CADCA. A Lideran\u00e7a Juvenil da CADCA \u00e9 adotada pelo Escrit\u00f3rio da Casa Branca de Pol\u00edtica Nacional de Controle de Drogas (ONDCP), estados e comunidades locais. Ajuda as coaliz\u00f5es a desenvolver a capacidade de promover a lideran\u00e7a juvenil no desenho, implementa\u00e7\u00e3o e avalia\u00e7\u00e3o de estrat\u00e9gias de a\u00e7\u00e3o que abordam problemas comunit\u00e1rios por meio de projetos \u201cJuventude em A\u00e7\u00e3o\u201d, que empregam sete estrat\u00e9gias de mudan\u00e7a comportamental baseadas em evid\u00eancias, com \u00eanfase na mudan\u00e7a ambiental para abordar o comportamento problem\u00e1tico identificados de forma eficaz.<\/p>\n<p>Este modelo educacional experiencial \u00e9 projetado para criar mudan\u00e7as na comunidade, melhorando as compet\u00eancias b\u00e1sicas individuais e os processos de grupo essenciais de conselheiros de jovens e adultos para criar mudan\u00e7as nos n\u00edveis populacionais. A distin\u00e7\u00e3o entre Lideran\u00e7a Juvenil e outras \u00e9 a intencionalidade para o desenvolvimento de jovens, de 13 a 22 anos, para se tornarem bons solucionadores de problemas comunit\u00e1rios, comunicadores e defensores que participam da cria\u00e7\u00e3o de uma sociedade civil. H\u00e1 tamb\u00e9m um foco central no desenvolvimento da for\u00e7a de trabalho \u00e0 medida que integramos os jovens no tecido das comunidades locais.<\/p>\n<p>A Lideran\u00e7a Juvenil da CADCA \u00e9 adapt\u00e1vel e foi avaliada pela Michigan State University. A avalia\u00e7\u00e3o independente da MSU mostra que a Lideran\u00e7a Juvenil do CADCA impacta as habilidades de lideran\u00e7a dos jovens, engajamento c\u00edvico e pol\u00edtico, orienta\u00e7\u00e3o para a justi\u00e7a social e sua autoefic\u00e1cia em facilitar a mudan\u00e7a da comunidade. O estudo mostrou que os jovens formados pela Lideran\u00e7a Juvenil experimentaram um aumento e mudan\u00e7as significativas nas seguintes aptid\u00f5es:<\/p>\n<ul>\n<li>Compet\u00eancias de Lideran\u00e7a<\/li>\n<li>Organiza\u00e7\u00e3o Comunit\u00e1ria<\/li>\n<li>Habilidades de resolu\u00e7\u00e3o de problemas<\/li>\n<li>Ativismo c\u00edvico atual e futuro<\/li>\n<li>Engajamento C\u00edvico e Pol\u00edtico<\/li>\n<li>Parcerias Jovens-Adultos<\/li>\n<\/ul>\n    <\/div>\n<\/section>\n\n\n\n\n<style media=\"all\" type=\"text\/css\">\n\n    \/* xs & sm (mobile) *\/\n    @media (max-width: 767.98px) {\n            .events.block_d2f7fa8ba68f601bc37479a7c39701d2 {\n            display: none;\n        }\n\n        }\n\n    \/* md (tablet) *\/\n    @media (min-width: 768px) and (max-width: 1199.98px) {\n            .events.block_d2f7fa8ba68f601bc37479a7c39701d2 {\n            display: none;\n        }\n\n        }\n\n    \/* lg (desktop) *\/\n    @media (min-width: 1200px) {\n            .events.block_d2f7fa8ba68f601bc37479a7c39701d2 {\n            display: none;\n        }\n\n        }\n\n    \/* custom styles *\/\n    body .events{\r\n\tbackground: unset;\r\n  \tpadding-top:50px;\r\n}\r\n\r\nbody .events h2 span{\r\n\tbackground: #FFF;\r\n}\n        .events .event-1 .event-thumb {\n        background: url(\"https:\/\/www.cadca.org\/wp-content\/uploads\/2022\/01\/pexels-daria-shevtsova-1560932-1.jpg\");\n    }\n\n        .events .event-2 .event-thumb {\n        background: url(\"https:\/\/www.cadca.org\/wp-content\/uploads\/2022\/01\/pexels-fauxels-3183186.jpg\");\n    }\n\n        .events .event-3 .event-thumb {\n        background: url(\"\");\n    }\n\n    \n<\/style>\n<section class=\"events block_d2f7fa8ba68f601bc37479a7c39701d2\" id=\"block_d2f7fa8ba68f601bc37479a7c39701d2\">\n    <div class=\"container\">\n        <h2><span>pr\u00f3ximos eventos<\/span><\/h2>\n        <div class=\"events-wrapper\">\n                            <a href=\"https:\/\/www.cadca.org\/pt\/events\/nca\/\" class=\"event-wrapper event-1\">\n                    <div class=\"event-thumb\">\n                        <div class=\"event-date\">\n                            1\u00ba de janeiro                        <\/div>\n                        <div class=\"event-tag\">\n                                                    <\/div>\n                    <\/div>\n                    <h3>Academia da Coaliz\u00e3o Nacional<\/h3>\n                <\/a>\n                                <a href=\"https:\/\/www.cadca.org\/pt\/?post_type=events&#038;p=107\" class=\"event-wrapper event-2\">\n                    <div class=\"event-thumb\">\n                        <div class=\"event-date\">\n                            1\u00ba de janeiro                        <\/div>\n                        <div class=\"event-tag\">\n                                                    <\/div>\n                    <\/div>\n                    <h3>Webinar de Pesquisa em A\u00e7\u00e3o: Impacto dos An\u00fancios de Preven\u00e7\u00e3o de Vaping em Adolescentes dos EUA<\/h3>\n                <\/a>\n                                <a href=\"https:\/\/www.cadca.org\/pt\/cadca-youth-leadership\/\" class=\"event-wrapper event-3\">\n                    <div class=\"event-thumb\">\n                        <div class=\"event-date\">\n                            1\u00ba de janeiro                        <\/div>\n                        <div class=\"event-tag\">\n                                                    <\/div>\n                    <\/div>\n                    <h3><\/h3>\n                <\/a>\n                        <\/div>\n                <div class=\"btn-wrapper\">\n            <a href=\"https:\/\/www.cadca.org\/pt\/trainings-events\/\"                class=\"btn-star\">Ver tudo<\/a>\n        <\/div>\n    <\/div>\n<\/section>","protected":false},"excerpt":{"rendered":"","protected":false},"author":23,"featured_media":0,"parent":0,"menu_order":0,"comment_status":"closed","ping_status":"closed","template":"","meta":{"_acf_changed":true,"inline_featured_image":false,"footnotes":""},"class_list":["post-16666","page","type-page","status-publish","hentry"],"acf":[],"yoast_head":"<!-- This site is optimized with the Yoast SEO plugin v26.8 - https:\/\/yoast.com\/product\/yoast-seo-wordpress\/ -->\n<title>CADCA Youth Leadership | CADCA<\/title>\n<meta name=\"description\" content=\"CADCA represents over 7,000 community coalitions that involve individuals from key sectors including schools, law enforcement, youth, parents, healthcare, media, tribal communities and others\" \/>\n<meta name=\"robots\" content=\"index, follow, max-snippet:-1, max-image-preview:large, max-video-preview:-1\" \/>\n<link rel=\"canonical\" href=\"https:\/\/www.cadca.org\/pt\/cadca-youth-leadership\/\" \/>\n<meta property=\"og:locale\" content=\"pt_PT\" \/>\n<meta property=\"og:type\" content=\"article\" \/>\n<meta property=\"og:title\" content=\"CADCA Youth Leadership | CADCA\" \/>\n<meta property=\"og:description\" content=\"CADCA represents over 7,000 community coalitions that involve individuals from key sectors including schools, law enforcement, youth, parents, healthcare, media, tribal communities and others\" \/>\n<meta property=\"og:url\" content=\"https:\/\/www.cadca.org\/pt\/cadca-youth-leadership\/\" \/>\n<meta property=\"og:site_name\" content=\"CADCA\" \/>\n<meta property=\"article:modified_time\" content=\"2025-05-19T15:24:43+00:00\" \/>\n<meta property=\"og:image\" content=\"https:\/\/www.cadca.org\/wp-content\/uploads\/2022\/03\/cadca-member-of-logo1.jpg\" \/>\n\t<meta property=\"og:image:width\" content=\"880\" \/>\n\t<meta property=\"og:image:height\" content=\"500\" \/>\n\t<meta property=\"og:image:type\" content=\"image\/jpeg\" \/>\n<meta name=\"twitter:card\" content=\"summary_large_image\" \/>\n<script type=\"application\/ld+json\" class=\"yoast-schema-graph\">{\"@context\":\"https:\/\/schema.org\",\"@graph\":[{\"@type\":\"WebPage\",\"@id\":\"https:\/\/www.cadca.org\/cadca-youth-leadership\/\",\"url\":\"https:\/\/www.cadca.org\/cadca-youth-leadership\/\",\"name\":\"CADCA Youth Leadership | CADCA\",\"isPartOf\":{\"@id\":\"https:\/\/www.cadca.org\/#website\"},\"datePublished\":\"2023-02-16T11:57:02+00:00\",\"dateModified\":\"2025-05-19T15:24:43+00:00\",\"description\":\"CADCA represents over 7,000 community coalitions that involve individuals from key sectors including schools, law enforcement, youth, parents, healthcare, media, tribal communities and others\",\"breadcrumb\":{\"@id\":\"https:\/\/www.cadca.org\/cadca-youth-leadership\/#breadcrumb\"},\"inLanguage\":\"pt-PT\",\"potentialAction\":[{\"@type\":\"ReadAction\",\"target\":[\"https:\/\/www.cadca.org\/cadca-youth-leadership\/\"]}]},{\"@type\":\"BreadcrumbList\",\"@id\":\"https:\/\/www.cadca.org\/cadca-youth-leadership\/#breadcrumb\",\"itemListElement\":[{\"@type\":\"ListItem\",\"position\":1,\"name\":\"Home\",\"item\":\"https:\/\/www.cadca.org\/\"},{\"@type\":\"ListItem\",\"position\":2,\"name\":\"CADCA Youth Leadership\"}]},{\"@type\":\"WebSite\",\"@id\":\"https:\/\/www.cadca.org\/#website\",\"url\":\"https:\/\/www.cadca.org\/\",\"name\":\"CADCA\",\"description\":\"The Premier Prevention Association\",\"potentialAction\":[{\"@type\":\"SearchAction\",\"target\":{\"@type\":\"EntryPoint\",\"urlTemplate\":\"https:\/\/www.cadca.org\/?s={search_term_string}\"},\"query-input\":{\"@type\":\"PropertyValueSpecification\",\"valueRequired\":true,\"valueName\":\"search_term_string\"}}],\"inLanguage\":\"pt-PT\"}]}<\/script>\n<!-- \/ Yoast SEO plugin. -->","yoast_head_json":{"title":"CADCA Youth Leadership | CADCA","description":"CADCA represents over 7,000 community coalitions that involve individuals from key sectors including schools, law enforcement, youth, parents, healthcare, media, tribal communities and others","robots":{"index":"index","follow":"follow","max-snippet":"max-snippet:-1","max-image-preview":"max-image-preview:large","max-video-preview":"max-video-preview:-1"},"canonical":"https:\/\/www.cadca.org\/pt\/cadca-youth-leadership\/","og_locale":"pt_PT","og_type":"article","og_title":"CADCA Youth Leadership | CADCA","og_description":"CADCA represents over 7,000 community coalitions that involve individuals from key sectors including schools, law enforcement, youth, parents, healthcare, media, tribal communities and others","og_url":"https:\/\/www.cadca.org\/pt\/cadca-youth-leadership\/","og_site_name":"CADCA","article_modified_time":"2025-05-19T15:24:43+00:00","og_image":[{"width":880,"height":500,"url":"https:\/\/www.cadca.org\/wp-content\/uploads\/2022\/03\/cadca-member-of-logo1.jpg","type":"image\/jpeg"}],"twitter_card":"summary_large_image","schema":{"@context":"https:\/\/schema.org","@graph":[{"@type":"WebPage","@id":"https:\/\/www.cadca.org\/cadca-youth-leadership\/","url":"https:\/\/www.cadca.org\/cadca-youth-leadership\/","name":"CADCA Youth Leadership | CADCA","isPartOf":{"@id":"https:\/\/www.cadca.org\/#website"},"datePublished":"2023-02-16T11:57:02+00:00","dateModified":"2025-05-19T15:24:43+00:00","description":"CADCA represents over 7,000 community coalitions that involve individuals from key sectors including schools, law enforcement, youth, parents, healthcare, media, tribal communities and others","breadcrumb":{"@id":"https:\/\/www.cadca.org\/cadca-youth-leadership\/#breadcrumb"},"inLanguage":"pt-PT","potentialAction":[{"@type":"ReadAction","target":["https:\/\/www.cadca.org\/cadca-youth-leadership\/"]}]},{"@type":"BreadcrumbList","@id":"https:\/\/www.cadca.org\/cadca-youth-leadership\/#breadcrumb","itemListElement":[{"@type":"ListItem","position":1,"name":"Home","item":"https:\/\/www.cadca.org\/"},{"@type":"ListItem","position":2,"name":"CADCA Youth Leadership"}]},{"@type":"WebSite","@id":"https:\/\/www.cadca.org\/#website","url":"https:\/\/www.cadca.org\/","name":"CADCA","description":"The Premier Prevention Association","potentialAction":[{"@type":"SearchAction","target":{"@type":"EntryPoint","urlTemplate":"https:\/\/www.cadca.org\/?s={search_term_string}"},"query-input":{"@type":"PropertyValueSpecification","valueRequired":true,"valueName":"search_term_string"}}],"inLanguage":"pt-PT"}]}},"_links":{"self":[{"href":"https:\/\/www.cadca.org\/pt\/wp-json\/wp\/v2\/pages\/16666","targetHints":{"allow":["GET"]}}],"collection":[{"href":"https:\/\/www.cadca.org\/pt\/wp-json\/wp\/v2\/pages"}],"about":[{"href":"https:\/\/www.cadca.org\/pt\/wp-json\/wp\/v2\/types\/page"}],"author":[{"embeddable":true,"href":"https:\/\/www.cadca.org\/pt\/wp-json\/wp\/v2\/users\/23"}],"replies":[{"embeddable":true,"href":"https:\/\/www.cadca.org\/pt\/wp-json\/wp\/v2\/comments?post=16666"}],"version-history":[{"count":0,"href":"https:\/\/www.cadca.org\/pt\/wp-json\/wp\/v2\/pages\/16666\/revisions"}],"wp:attachment":[{"href":"https:\/\/www.cadca.org\/pt\/wp-json\/wp\/v2\/media?parent=16666"}],"curies":[{"name":"wp","href":"https:\/\/api.w.org\/{rel}","templated":true}]}}