{"id":16627,"date":"2023-02-07T17:28:48","date_gmt":"2023-02-07T17:28:48","guid":{"rendered":"https:\/\/cadca1stg.wpengine.com\/?page_id=16627"},"modified":"2025-06-06T13:17:53","modified_gmt":"2025-06-06T13:17:53","slug":"cadca-institute","status":"publish","type":"page","link":"https:\/\/www.cadca.org\/pt\/cadca-institute\/","title":{"rendered":"Instituto Nacional de Coaliz\u00e3o"},"content":{"rendered":"<div style=\"height:25px\" aria-hidden=\"true\" class=\"wp-block-spacer\"><\/div>\n\n\n<style media=\"all\" type=\"text\/css\">\n\n    \/* xs & sm (mobile) *\/\n    @media (max-width: 767.98px) {\n        }\n\n    \/* md (tablet) *\/\n    @media (min-width: 768px) and (max-width: 1199.98px) {\n        }\n\n    \/* lg (desktop) *\/\n    @media (min-width: 1200px) {\n        }\n\n    \/* custom styles *\/\n    <\/style>\n<section class=\"page_intro block_11b5d02de35a6e4dde6e6320d37fa31f\" id=\"block_11b5d02de35a6e4dde6e6320d37fa31f\">\n    <div class=\"container\">\n        <h1>Instituto Nacional de Coaliz\u00e3o<\/h1>\n                <p>The Institute is CADCA\u2019s flagship resource for delivering training, technical assistance, research, and capacity building to support coalitions prevent substance misuse and shape effective policies. As the national and global landscape shifts, particularly around drug legalization, CADCA and the Institute are committed to innovation, ensuring coalition professionals and prevention practitioners are prepared to meet the challenges of tomorrow.<\/p>\n            <\/div>\n<\/section>\n\n\n\n<div style=\"height:25px\" aria-hidden=\"true\" class=\"wp-block-spacer\"><\/div>\n\n\n<style media=\"all\" type=\"text\/css\">\n\n    \n    \/* xs & sm (mobile) *\/\n    @media (max-width: 767.98px) {\n        }\n\n    \/* md (tablet) *\/\n    @media (min-width: 768px) and (max-width: 1199.98px) {\n        }\n\n    \/* lg (desktop) *\/\n    @media (min-width: 1200px) {\n        }\n\n    \/* custom styles *\/\n    body .rte.article-format h3 {\r\n    font-size: 21px;\r\n    font-family: 'Source Serif Pro', serif;\r\n    font-weight: 600;\r\n    color: #23282d;\r\n    line-height: 20px;\r\n    margin-bottom: 20px;\r\n    margin-top: 20px;\r\n}<\/style>\n<section class=\"rte article-format  block_2c4cff74072cdb1d673eca930c138097\" id=\"block_2c4cff74072cdb1d673eca930c138097\">\n    <div class=\"container\">\n        <p><img loading=\"lazy\" decoding=\"async\" class=\"aligncenter wp-image-22252 size-large\" src=\"https:\/\/www.cadca.org\/wp-content\/uploads\/2025\/05\/0408_2025-CADCA-Forum_JeniferMorrisPhotography-1024x477.jpg\" alt=\"\" width=\"1024\" height=\"477\" srcset=\"https:\/\/www.cadca.org\/wp-content\/uploads\/2025\/05\/0408_2025-CADCA-Forum_JeniferMorrisPhotography-1024x477.jpg 1024w, https:\/\/www.cadca.org\/wp-content\/uploads\/2025\/05\/0408_2025-CADCA-Forum_JeniferMorrisPhotography-300x140.jpg 300w, https:\/\/www.cadca.org\/wp-content\/uploads\/2025\/05\/0408_2025-CADCA-Forum_JeniferMorrisPhotography-768x358.jpg 768w, https:\/\/www.cadca.org\/wp-content\/uploads\/2025\/05\/0408_2025-CADCA-Forum_JeniferMorrisPhotography-1536x715.jpg 1536w, https:\/\/www.cadca.org\/wp-content\/uploads\/2025\/05\/0408_2025-CADCA-Forum_JeniferMorrisPhotography-2048x953.jpg 2048w, https:\/\/www.cadca.org\/wp-content\/uploads\/2025\/05\/0408_2025-CADCA-Forum_JeniferMorrisPhotography-18x8.jpg 18w\" sizes=\"auto, (max-width: 1024px) 100vw, 1024px\" \/><\/p>\n    <\/div>\n<\/section>\n\n\n<style media=\"all\" type=\"text\/css\">\n    \/* custom styles *\/\n        #block_65748842266de6b911e9f0d61b69ff1a { padding-top: 0px; padding-bottom: 0px;  } @media screen and (min-width: 767px) { #block_65748842266de6b911e9f0d61b69ff1a { padding-top: 0px; padding-bottom: 0px;  }  } @media screen and (min-width: 1024px) { #block_65748842266de6b911e9f0d61b69ff1a { padding-top: 40px; padding-bottom: 40px;  }  } <\/style>\n<section class=\"rich_links_grid_v5 block_65748842266de6b911e9f0d61b69ff1a\" id=\"block_65748842266de6b911e9f0d61b69ff1a\">\n    <div class=\"container\">\n                        <div class=\"grid\">\n                                        <div class=\"grid-item\">\n                                        <div class=\"img\"\n                         style=\"background: url('https:\/\/www.cadca.org\/wp-content\/uploads\/2025\/05\/TTAO.png')\"><\/div>\n                    <div class=\"text-side\">\n                        <h3>Training, Coalition Development TA &#038; Outreach (TTAO)<\/h3>\n                        <p>TTAO offers immersive training and tailored support to equip coalitions with best practices and proven strategies that drive positive community outcomes.<\/p>\n                    <\/div>\n                     <\/div>                                 <div class=\"grid-item\">\n                                        <div class=\"img\"\n                         style=\"background: url('https:\/\/www.cadca.org\/wp-content\/uploads\/2025\/05\/ER.png')\"><\/div>\n                    <div class=\"text-side\">\n                        <h3>Evaluation &#038; Research (E&#038;R)<\/h3>\n                        <p>E&#038;R strengthens coalition impact by advancing evaluation methods, building local data collection and evaluation capacity, and leveraging research to inform training and development.<\/p>\n                    <\/div>\n                     <\/div>                             <a href=\"https:\/\/www.cadca.org\/pt\/national-coalition-academy\/\" target=\"_blank\"               class=\"grid-item\">\n                                    <div class=\"img\"\n                         style=\"background: url('https:\/\/www.cadca.org\/wp-content\/uploads\/2025\/05\/TTAO-1.png')\"><\/div>\n                    <div class=\"text-side\">\n                        <h3>Academia da Coaliz\u00e3o Nacional<\/h3>\n                        <p>The National Coalition Academy\u2122 (NCA\u2122) is CADCA\u2019s premier training program designed to equip participants with the skills and tools needed to drive lasting community change.<\/p>\n                    <\/div>\n                                <\/a>\n                        <\/a>\n    <\/div>\n    <div class=\"rich_links_grid_v5_buttons\">\n            <\/div>\n\n<\/section>\n\n\n<style media=\"all\" type=\"text\/css\">\n\n    \n    \/* xs & sm (mobile) *\/\n    @media (max-width: 767.98px) {\n        }\n\n    \/* md (tablet) *\/\n    @media (min-width: 768px) and (max-width: 1199.98px) {\n        }\n\n    \/* lg (desktop) *\/\n    @media (min-width: 1200px) {\n        }\n\n    \/* custom styles *\/\n    <\/style>\n<section class=\"rte  block_218e17d5cee1d26527cf014fec027936\" id=\"block_218e17d5cee1d26527cf014fec027936\">\n    <div class=\"container\">\n        <hr \/>\n<p style=\"text-align: center\"><span style=\"font-size: 16px\">Para assist\u00eancia t\u00e9cnica, entre em contato com 1-800-54-CADCA, ramal 240 ou <a href=\"mailto:training@cadca.org\">training@cadca.org<\/a>.<\/span><br \/>\n<span style=\"font-size: 16px\">Para mais informa\u00e7\u00f5es ou para entrar em contato com a lideran\u00e7a do Instituto, envie um e-mail <a href=\"mailto:institute@cadca.org\">instituto@cadca.org<\/a><\/span><br \/>\n<span style=\"font-size: 16px\">ou ligue para 1-800-54-CADCA, ramal 240.<\/span><\/p>\n<p style=\"text-align: center\"><em style=\"font-size: 16px;font-style: italic\">This webpage is based upon work supported by the Office of National Drug Control Policy under Grant No. G2299ONDCP08A. Opinions and points of view expressed on this webpage are those of the authors and do not necessarily reflect the official position of, or a position endorsed is endorsed by, the Office of National Drug Control Policy. The grant is currently on hold and no currently produced work is being done under the ONDCP.<\/em><\/p>\n    <\/div>\n<\/section>","protected":false},"excerpt":{"rendered":"","protected":false},"author":23,"featured_media":0,"parent":0,"menu_order":0,"comment_status":"closed","ping_status":"closed","template":"","meta":{"_acf_changed":true,"inline_featured_image":false,"footnotes":""},"class_list":["post-16627","page","type-page","status-publish","hentry"],"acf":[],"yoast_head":"<!-- This site is optimized with the Yoast SEO plugin v26.8 - https:\/\/yoast.com\/product\/yoast-seo-wordpress\/ -->\n<title>National Coalition Institute | CADCA<\/title>\n<meta name=\"description\" content=\"CADCA represents over 7,000 community coalitions that involve individuals from key sectors including schools, law enforcement, youth, parents, healthcare, media, tribal communities and others\" \/>\n<meta name=\"robots\" content=\"index, follow, max-snippet:-1, max-image-preview:large, max-video-preview:-1\" \/>\n<link rel=\"canonical\" href=\"https:\/\/www.cadca.org\/pt\/cadca-institute\/\" \/>\n<meta property=\"og:locale\" content=\"pt_PT\" \/>\n<meta property=\"og:type\" content=\"article\" \/>\n<meta property=\"og:title\" content=\"National Coalition Institute | CADCA\" \/>\n<meta property=\"og:description\" content=\"CADCA represents over 7,000 community coalitions that involve individuals from key sectors including schools, law enforcement, youth, parents, healthcare, media, tribal communities and others\" \/>\n<meta property=\"og:url\" content=\"https:\/\/www.cadca.org\/pt\/cadca-institute\/\" \/>\n<meta property=\"og:site_name\" content=\"CADCA\" \/>\n<meta property=\"article:modified_time\" content=\"2025-06-06T13:17:53+00:00\" \/>\n<meta property=\"og:image\" content=\"https:\/\/www.cadca.org\/wp-content\/uploads\/2022\/03\/cadca-member-of-logo1.jpg\" \/>\n\t<meta property=\"og:image:width\" content=\"880\" \/>\n\t<meta property=\"og:image:height\" content=\"500\" \/>\n\t<meta property=\"og:image:type\" content=\"image\/jpeg\" \/>\n<meta name=\"twitter:card\" content=\"summary_large_image\" \/>\n<script type=\"application\/ld+json\" class=\"yoast-schema-graph\">{\"@context\":\"https:\/\/schema.org\",\"@graph\":[{\"@type\":\"WebPage\",\"@id\":\"https:\/\/www.cadca.org\/cadca-institute\/\",\"url\":\"https:\/\/www.cadca.org\/cadca-institute\/\",\"name\":\"National Coalition Institute | CADCA\",\"isPartOf\":{\"@id\":\"https:\/\/www.cadca.org\/#website\"},\"datePublished\":\"2023-02-07T17:28:48+00:00\",\"dateModified\":\"2025-06-06T13:17:53+00:00\",\"description\":\"CADCA represents over 7,000 community coalitions that involve individuals from key sectors including schools, law enforcement, youth, parents, healthcare, media, tribal communities and others\",\"breadcrumb\":{\"@id\":\"https:\/\/www.cadca.org\/cadca-institute\/#breadcrumb\"},\"inLanguage\":\"pt-PT\",\"potentialAction\":[{\"@type\":\"ReadAction\",\"target\":[\"https:\/\/www.cadca.org\/cadca-institute\/\"]}]},{\"@type\":\"BreadcrumbList\",\"@id\":\"https:\/\/www.cadca.org\/cadca-institute\/#breadcrumb\",\"itemListElement\":[{\"@type\":\"ListItem\",\"position\":1,\"name\":\"Home\",\"item\":\"https:\/\/www.cadca.org\/\"},{\"@type\":\"ListItem\",\"position\":2,\"name\":\"National Coalition Institute\"}]},{\"@type\":\"WebSite\",\"@id\":\"https:\/\/www.cadca.org\/#website\",\"url\":\"https:\/\/www.cadca.org\/\",\"name\":\"CADCA\",\"description\":\"The Premier Prevention Association\",\"potentialAction\":[{\"@type\":\"SearchAction\",\"target\":{\"@type\":\"EntryPoint\",\"urlTemplate\":\"https:\/\/www.cadca.org\/?s={search_term_string}\"},\"query-input\":{\"@type\":\"PropertyValueSpecification\",\"valueRequired\":true,\"valueName\":\"search_term_string\"}}],\"inLanguage\":\"pt-PT\"}]}<\/script>\n<!-- \/ Yoast SEO plugin. -->","yoast_head_json":{"title":"National Coalition Institute | CADCA","description":"CADCA represents over 7,000 community coalitions that involve individuals from key sectors including schools, law enforcement, youth, parents, healthcare, media, tribal communities and others","robots":{"index":"index","follow":"follow","max-snippet":"max-snippet:-1","max-image-preview":"max-image-preview:large","max-video-preview":"max-video-preview:-1"},"canonical":"https:\/\/www.cadca.org\/pt\/cadca-institute\/","og_locale":"pt_PT","og_type":"article","og_title":"National Coalition Institute | CADCA","og_description":"CADCA represents over 7,000 community coalitions that involve individuals from key sectors including schools, law enforcement, youth, parents, healthcare, media, tribal communities and others","og_url":"https:\/\/www.cadca.org\/pt\/cadca-institute\/","og_site_name":"CADCA","article_modified_time":"2025-06-06T13:17:53+00:00","og_image":[{"width":880,"height":500,"url":"https:\/\/www.cadca.org\/wp-content\/uploads\/2022\/03\/cadca-member-of-logo1.jpg","type":"image\/jpeg"}],"twitter_card":"summary_large_image","schema":{"@context":"https:\/\/schema.org","@graph":[{"@type":"WebPage","@id":"https:\/\/www.cadca.org\/cadca-institute\/","url":"https:\/\/www.cadca.org\/cadca-institute\/","name":"National Coalition Institute | CADCA","isPartOf":{"@id":"https:\/\/www.cadca.org\/#website"},"datePublished":"2023-02-07T17:28:48+00:00","dateModified":"2025-06-06T13:17:53+00:00","description":"CADCA represents over 7,000 community coalitions that involve individuals from key sectors including schools, law enforcement, youth, parents, healthcare, media, tribal communities and others","breadcrumb":{"@id":"https:\/\/www.cadca.org\/cadca-institute\/#breadcrumb"},"inLanguage":"pt-PT","potentialAction":[{"@type":"ReadAction","target":["https:\/\/www.cadca.org\/cadca-institute\/"]}]},{"@type":"BreadcrumbList","@id":"https:\/\/www.cadca.org\/cadca-institute\/#breadcrumb","itemListElement":[{"@type":"ListItem","position":1,"name":"Home","item":"https:\/\/www.cadca.org\/"},{"@type":"ListItem","position":2,"name":"National Coalition Institute"}]},{"@type":"WebSite","@id":"https:\/\/www.cadca.org\/#website","url":"https:\/\/www.cadca.org\/","name":"CADCA","description":"The Premier Prevention Association","potentialAction":[{"@type":"SearchAction","target":{"@type":"EntryPoint","urlTemplate":"https:\/\/www.cadca.org\/?s={search_term_string}"},"query-input":{"@type":"PropertyValueSpecification","valueRequired":true,"valueName":"search_term_string"}}],"inLanguage":"pt-PT"}]}},"_links":{"self":[{"href":"https:\/\/www.cadca.org\/pt\/wp-json\/wp\/v2\/pages\/16627","targetHints":{"allow":["GET"]}}],"collection":[{"href":"https:\/\/www.cadca.org\/pt\/wp-json\/wp\/v2\/pages"}],"about":[{"href":"https:\/\/www.cadca.org\/pt\/wp-json\/wp\/v2\/types\/page"}],"author":[{"embeddable":true,"href":"https:\/\/www.cadca.org\/pt\/wp-json\/wp\/v2\/users\/23"}],"replies":[{"embeddable":true,"href":"https:\/\/www.cadca.org\/pt\/wp-json\/wp\/v2\/comments?post=16627"}],"version-history":[{"count":0,"href":"https:\/\/www.cadca.org\/pt\/wp-json\/wp\/v2\/pages\/16627\/revisions"}],"wp:attachment":[{"href":"https:\/\/www.cadca.org\/pt\/wp-json\/wp\/v2\/media?parent=16627"}],"curies":[{"name":"wp","href":"https:\/\/api.w.org\/{rel}","templated":true}]}}