{"id":16532,"date":"2023-01-11T11:33:06","date_gmt":"2023-01-11T11:33:06","guid":{"rendered":"http:\/\/localhost:10028\/?page_id=16532"},"modified":"2024-04-16T14:22:17","modified_gmt":"2024-04-16T14:22:17","slug":"partner-with-cadca","status":"publish","type":"page","link":"https:\/\/www.cadca.org\/pt\/partner-with-cadca\/","title":{"rendered":"Parceria com CADCA"},"content":{"rendered":"<style media=\"all\" type=\"text\/css\">\n\n    \/* xs & sm (mobile) *\/\n    @media (max-width: 767.98px) {\n        }\n\n    \/* md (tablet) *\/\n    @media (min-width: 768px) and (max-width: 1199.98px) {\n        }\n\n    \/* lg (desktop) *\/\n    @media (min-width: 1200px) {\n        }\n\n    \/* custom styles *\/\n    \n    \n<\/style>\n<section class=\"side_image_rte block_4b69302b5c2c8964de89d37486b7090f\" id=\"block_4b69302b5c2c8964de89d37486b7090f\">\n    <div class=\"container\">\n\t            <div class=\"left-side\" >\n                        <h2>Parceria com CADCA<\/h2>\n<p>A CADCA faz parceria com empresas que compartilham nossa paix\u00e3o \u2013 investir em comunidades seguras, saud\u00e1veis e livres de drogas. Nossas coaliz\u00f5es trabalham com todos os setores de uma comunidade \u2013 desde escolas, adolescentes e pais at\u00e9 o local de trabalho e profissionais de sa\u00fade. Isso nos torna especialmente preparados para desenvolver iniciativas para atingir esses p\u00fablicos-alvo de maneiras significativas.<\/p>\n<p>\nEsteja sua empresa procurando causar um impacto positivo na comunidade em que vive, trabalha e serve ou garantir uma for\u00e7a de trabalho pr\u00f3spera para o futuro, CADCA projeta benef\u00edcios m\u00fatuos <\/p>\n<p><a class=\"btn\" href=\"\/pt\/contact-us\/\">Saiba mais sobre o suporte<\/a><\/p>\n                    <\/div>\n\n        <div class=\"right-side\"  style='background: url(\"https:\/\/www.cadca.org\/wp-content\/uploads\/2023\/01\/PartnerWithCadca_main-photo.webp\"); aspect-ratio: 1.1272727272727;' >\n                    <\/div>\n\n    <\/div>\n<\/section>\n\n\n<section id=\"block_fd315502008dc99f5397a54d92b83b67\" class=\"cadca-partners\">\n    <div class=\"container\">\n        <div class=\"cadca-partners_group\">\n            <h2 class=\"cadca-partners_group_title\"><span>Atuais patrocinadores e parceiros<\/span><\/h2>\n            <p class=\"cadca-partners_group_sub-title\">O que uma parceria conosco pode fazer por voc\u00ea?<\/p>\n\n            <div class=\"partners-tabs\">\n                <ul class=\"partners-tabs_tabs\">\n                                                    <li class=\"partners-tabs_tabs_item\">\n                                    <a href=\"#partners-tabs-content-block_fd315502008dc99f5397a54d92b83b67-0\" class=\"partners-tabs_tabs_item_link active-tab-item\">\n                                        Parcerias da ind\u00fastria                                    <\/a>\n                                <\/li>\n                                                                <li class=\"partners-tabs_tabs_item\">\n                                    <a href=\"#partners-tabs-content-block_fd315502008dc99f5397a54d92b83b67-1\" class=\"partners-tabs_tabs_item_link\">\n                                        Parceiros Federais                                    <\/a>\n                                <\/li>\n                                                <\/ul>\n                <div class=\"partners-tabs_content\">\n                                                <div id=\"partners-tabs-content-block_fd315502008dc99f5397a54d92b83b67-0\" class=\"partners-tabs_content_item active-tab-item\">\n                                <img decoding=\"async\" src=\"https:\/\/www.cadca.org\/wp-content\/uploads\/2023\/01\/IndustryPartnerships.webp\" alt=\"IndustryPartnerships\" class=\"partners-tabs_content_item_img\" \/><p>Ao fazer parceria com a CADCA voc\u00ea pode:<\/p>\r\n<ul>\r\n    <li>Apoiar a Campanha Crian\u00e7as Livres de Drogas do CADCA, o F\u00f3rum Nacional de Lideran\u00e7a, o Instituto de Treinamento Semestral, o M\u00eas Nacional de Conscientiza\u00e7\u00e3o sobre o Abuso de Medicamentos (NMAAM) e outras atividades e campanhas de treinamento Criar projetos mutuamente ben\u00e9ficos que apoiem e construam coaliz\u00f5es comunit\u00e1rias eficazes em todos os Estados Unidos<\/li>\r\n<li>Ajude-nos a criar e divulgar treinamentos e materiais sobre t\u00f3picos que incluem a conscientiza\u00e7\u00e3o sobre a preven\u00e7\u00e3o do abuso de subst\u00e2ncias e a promo\u00e7\u00e3o de comunidades saud\u00e1veis<\/li>\r\n<li>Ajude-nos a fornecer treinamento e assist\u00eancia t\u00e9cnica \u00e0s coaliz\u00f5es enquanto desenvolvem estrat\u00e9gias para manter seus jovens, fam\u00edlias e comunidades seguras e livres de drogas<\/li>\r\n<\/ul>\r\n\r\n                            <\/div>\n                                                        <div id=\"partners-tabs-content-block_fd315502008dc99f5397a54d92b83b67-1\" class=\"partners-tabs_content_item\">\n                                <img decoding=\"async\" src=\"https:\/\/www.cadca.org\/wp-content\/uploads\/2023\/01\/FederalPartners.webp\" alt=\"FederalPartners\" class=\"partners-tabs_content_item_img\" \/><p>CADCA tem rela\u00e7\u00f5es mutuamente ben\u00e9ficas com v\u00e1rias ag\u00eancias e departamentos federais. Nossos parceiros federais nos fornecem lideran\u00e7a nacional em quest\u00f5es relacionadas ao abuso de subst\u00e2ncias e v\u00edcios e colaboram conosco em v\u00e1rias atividades. Por sua vez, o CADCA fornece acesso ao campo de coaliz\u00e3o da comunidade e oferece feedback em nome de nossos membros. Abaixo est\u00e3o exemplos de como nossos parceiros federais apoiam nosso trabalho:<\/p>\r\n<ul>\r\n    <li>Fornecer suporte para nosso F\u00f3rum Nacional de Lideran\u00e7a e outros eventos de treinamento Ajude-nos a criar e disseminar materiais direcionados sobre abuso de \u00e1lcool e outras drogas e estrat\u00e9gias de interven\u00e7\u00e3o<\/li>\r\n   <li>Auxiliar no apoio \u00e0s principais comunica\u00e7\u00f5es, incluindo Coalitions Online e CADCA TV<\/li>\r\n  <li>Apoie nossos esfor\u00e7os para construir coaliz\u00f5es comunit\u00e1rias eficazes nos Estados Unidos<\/li>\r\n<\/ul>\r\n\r\n<h3>Parceiros Federais<\/h3>\r\n<ul class='federal-partners-list'>\r\n<li><a href=\"#\">Centro de Controle e Preven\u00e7\u00e3o de Doen\u00e7as<\/a><\/li>\r\n<li><a href=\"#\">Administra\u00e7\u00e3o de Repress\u00e3o \u00e0s Drogas (DEA)<\/a><\/li>\r\n<li><a href=\"#\">Programa de Treinamento da For\u00e7a-Tarefa Antidrogas Multijurisdicional (MCTFT)\/St. faculdade de petersburgo<\/a><\/li>\r\n<li><a href=\"#\">guarda Nacional<\/a><\/li>\r\n<li><a href=\"#\">Administra\u00e7\u00e3o Nacional de Tr\u00e1fego Rodovi\u00e1rio e Seguran\u00e7a<\/a><\/li>\r\n<li><a href=\"#\">Instituto Nacional de Alcoolismo e Abuso de \u00c1lcool<\/a><\/li>\r\n<li><a href=\"#\">Instituto Nacional sobre Abuso de Drogas<\/a><\/li>\r\n<li><a href=\"#\">Escrit\u00f3rio de Pol\u00edtica Nacional de Controle de Drogas (ONDCP)<\/a><\/li>\r\n<li><a href=\"#\">Administra\u00e7\u00e3o de Servi\u00e7os de Abuso de Subst\u00e2ncias e Sa\u00fade Mental<\/a><\/li>\r\n<li><a href=\"#\">Centro de Preven\u00e7\u00e3o de Abuso de Subst\u00e2ncias da SAMHSA<\/a><\/li>\r\n<li><a href=\"#\">Centro de Tratamento de Abuso de Subst\u00e2ncias da SAMHSA<\/a><\/li>\r\n<li><a href=\"#\">Departamento de Educa\u00e7\u00e3o dos Estados Unidos<\/a><\/li>\r\n<li><a href=\"#\">Departamento de Sa\u00fade e Servi\u00e7os Humanos dos EUA (HHS)<\/a><\/li>\r\n<li><a href=\"#\">Departamento de Sa\u00fade e Servi\u00e7os Humanos dos EUA, Escrit\u00f3rio de Sa\u00fade e Preven\u00e7\u00e3o de Doen\u00e7as<\/a><\/li>\r\n<li><a href=\"#\">Departamento de Seguran\u00e7a Interna dos EUA, Imigra\u00e7\u00e3o e Alf\u00e2ndega dos EUA<\/a><\/li>\r\n<li><a href=\"#\">Departamento de Justi\u00e7a dos EUA, Escrit\u00f3rio de Programas de Justi\u00e7a, Escrit\u00f3rio de Desenvolvimento de Capacidade Comunit\u00e1ria<\/a><\/li>\r\n<li><a href=\"#\">Parceiros de Trabalho do Departamento de Trabalho dos EUA para um Programa de Local de Trabalho Livre de \u00c1lcool e Drogas<\/a><\/li>\r\n<li><a href=\"#\">Departamento de Estado dos EUA, Aplica\u00e7\u00e3o da Lei e Narc\u00f3ticos Internacionais (INL)<\/a><\/li>\r\n<\/ul>\r\n\r\n\r\n\r\n\r\n\r\n\r\n\r\n                            <\/div>\n                            \n                <\/div>\n            <\/div>\n        <\/div>\n    <\/div>\n    <script>\n        window.addEventListener('DOMContentLoaded',()=>{\n            cadcaPartnersTabs({\n                tabsSelector: '#block_fd315502008dc99f5397a54d92b83b67 .partners-tabs_tabs_item_link',\n                contentSelector: '#block_fd315502008dc99f5397a54d92b83b67 .partners-tabs_content_item',\n                cssActiveClass: 'active-tab-item'\n            })\n        })\n    <\/script>\n<\/section>\n\n\n<style media=\"all\" type=\"text\/css\">\n\n    \/* xs & sm (mobile) *\/\n    @media (max-width: 767.98px) {\n        }\n\n    \/* md (tablet) *\/\n    @media (min-width: 768px) and (max-width: 1199.98px) {\n        }\n\n    \/* lg (desktop) *\/\n    @media (min-width: 1200px) {\n        }\n\n    \/* custom styles *\/\n    \n<\/style>\n<section class=\"logo_dash block_1cbae164541b40de4fbcd7a355c3e220\" id=\"block_1cbae164541b40de4fbcd7a355c3e220\">\n    <div class=\"container\">\n        <h2><span>Estamos juntos nisto<\/span><\/h2>\n        <div class=\"logos-wrapper\">\n                        <div class=\"logo-wrapper\">\n                <img loading=\"lazy\" decoding=\"async\" width=\"822\" height=\"308\" src=\"https:\/\/www.cadca.org\/wp-content\/uploads\/2023\/05\/State.png\" class=\"attachment-full size-full\" alt=\"\" srcset=\"https:\/\/www.cadca.org\/wp-content\/uploads\/2023\/05\/State.png 822w, https:\/\/www.cadca.org\/wp-content\/uploads\/2023\/05\/State-300x112.png 300w, https:\/\/www.cadca.org\/wp-content\/uploads\/2023\/05\/State-768x288.png 768w, https:\/\/www.cadca.org\/wp-content\/uploads\/2023\/05\/State-18x7.png 18w\" sizes=\"auto, (max-width: 822px) 100vw, 822px\" \/>            <\/div>\n                        <div class=\"logo-wrapper\">\n                <img loading=\"lazy\" decoding=\"async\" width=\"532\" height=\"147\" src=\"https:\/\/www.cadca.org\/wp-content\/uploads\/2023\/05\/indivior-logo.svg\" class=\"attachment-full size-full\" alt=\"\" \/>            <\/div>\n                        <div class=\"logo-wrapper\">\n                <img loading=\"lazy\" decoding=\"async\" width=\"2000\" height=\"1500\" src=\"https:\/\/www.cadca.org\/wp-content\/uploads\/2023\/05\/Walmart.jpg\" class=\"attachment-full size-full\" alt=\"\" srcset=\"https:\/\/www.cadca.org\/wp-content\/uploads\/2023\/05\/Walmart.jpg 2000w, https:\/\/www.cadca.org\/wp-content\/uploads\/2023\/05\/Walmart-300x225.jpg 300w, https:\/\/www.cadca.org\/wp-content\/uploads\/2023\/05\/Walmart-1024x768.jpg 1024w, https:\/\/www.cadca.org\/wp-content\/uploads\/2023\/05\/Walmart-768x576.jpg 768w, https:\/\/www.cadca.org\/wp-content\/uploads\/2023\/05\/Walmart-1536x1152.jpg 1536w, https:\/\/www.cadca.org\/wp-content\/uploads\/2023\/05\/Walmart-16x12.jpg 16w\" sizes=\"auto, (max-width: 2000px) 100vw, 2000px\" \/>            <\/div>\n                        <div class=\"logo-wrapper\">\n                <img loading=\"lazy\" decoding=\"async\" width=\"465\" height=\"49\" src=\"https:\/\/www.cadca.org\/wp-content\/uploads\/2022\/02\/JJ-color-1.png\" class=\"attachment-full size-full\" alt=\"\" srcset=\"https:\/\/www.cadca.org\/wp-content\/uploads\/2022\/02\/JJ-color-1.png 465w, https:\/\/www.cadca.org\/wp-content\/uploads\/2022\/02\/JJ-color-1-300x32.png 300w, https:\/\/www.cadca.org\/wp-content\/uploads\/2022\/02\/JJ-color-1-18x2.png 18w\" sizes=\"auto, (max-width: 465px) 100vw, 465px\" \/>            <\/div>\n                        <div class=\"logo-wrapper\">\n                <img loading=\"lazy\" decoding=\"async\" width=\"1000\" height=\"102\" src=\"https:\/\/www.cadca.org\/wp-content\/uploads\/2023\/05\/AB_Logo_Standard_Blue_RGB-002-002.png\" class=\"attachment-full size-full\" alt=\"\" srcset=\"https:\/\/www.cadca.org\/wp-content\/uploads\/2023\/05\/AB_Logo_Standard_Blue_RGB-002-002.png 1000w, https:\/\/www.cadca.org\/wp-content\/uploads\/2023\/05\/AB_Logo_Standard_Blue_RGB-002-002-300x31.png 300w, https:\/\/www.cadca.org\/wp-content\/uploads\/2023\/05\/AB_Logo_Standard_Blue_RGB-002-002-768x78.png 768w, https:\/\/www.cadca.org\/wp-content\/uploads\/2023\/05\/AB_Logo_Standard_Blue_RGB-002-002-18x2.png 18w\" sizes=\"auto, (max-width: 1000px) 100vw, 1000px\" \/>            <\/div>\n                        <div class=\"logo-wrapper\">\n                <img loading=\"lazy\" decoding=\"async\" width=\"196\" height=\"51\" src=\"https:\/\/www.cadca.org\/wp-content\/uploads\/2023\/05\/NIAAA.png\" class=\"attachment-full size-full\" alt=\"\" srcset=\"https:\/\/www.cadca.org\/wp-content\/uploads\/2023\/05\/NIAAA.png 196w, https:\/\/www.cadca.org\/wp-content\/uploads\/2023\/05\/NIAAA-18x5.png 18w\" sizes=\"auto, (max-width: 196px) 100vw, 196px\" \/>            <\/div>\n                        <div class=\"logo-wrapper\">\n                <img loading=\"lazy\" decoding=\"async\" width=\"248\" height=\"124\" src=\"https:\/\/www.cadca.org\/wp-content\/uploads\/2023\/05\/CHPA.png\" class=\"attachment-full size-full\" alt=\"\" srcset=\"https:\/\/www.cadca.org\/wp-content\/uploads\/2023\/05\/CHPA.png 248w, https:\/\/www.cadca.org\/wp-content\/uploads\/2023\/05\/CHPA-18x9.png 18w\" sizes=\"auto, (max-width: 248px) 100vw, 248px\" \/>            <\/div>\n                        <div class=\"logo-wrapper\">\n                <img loading=\"lazy\" decoding=\"async\" width=\"313\" height=\"41\" src=\"https:\/\/www.cadca.org\/wp-content\/uploads\/2023\/05\/NIDA.png\" class=\"attachment-full size-full\" alt=\"\" srcset=\"https:\/\/www.cadca.org\/wp-content\/uploads\/2023\/05\/NIDA.png 313w, https:\/\/www.cadca.org\/wp-content\/uploads\/2023\/05\/NIDA-300x39.png 300w, https:\/\/www.cadca.org\/wp-content\/uploads\/2023\/05\/NIDA-18x2.png 18w\" sizes=\"auto, (max-width: 313px) 100vw, 313px\" \/>            <\/div>\n                        <div class=\"logo-wrapper\">\n                <img loading=\"lazy\" decoding=\"async\" width=\"300\" height=\"77\" src=\"https:\/\/www.cadca.org\/wp-content\/uploads\/2023\/05\/AlkermesLogo300.gif\" class=\"attachment-full size-full\" alt=\"\" \/>            <\/div>\n                        <div class=\"logo-wrapper\">\n                <img loading=\"lazy\" decoding=\"async\" width=\"137\" height=\"120\" src=\"https:\/\/www.cadca.org\/wp-content\/uploads\/2023\/05\/NABCA-1.png\" class=\"attachment-full size-full\" alt=\"\" srcset=\"https:\/\/www.cadca.org\/wp-content\/uploads\/2023\/05\/NABCA-1.png 137w, https:\/\/www.cadca.org\/wp-content\/uploads\/2023\/05\/NABCA-1-14x12.png 14w\" sizes=\"auto, (max-width: 137px) 100vw, 137px\" \/>            <\/div>\n                        <div class=\"logo-wrapper\">\n                <img loading=\"lazy\" decoding=\"async\" width=\"153\" height=\"157\" src=\"https:\/\/www.cadca.org\/wp-content\/uploads\/2022\/02\/deterra-color-1.png\" class=\"attachment-full size-full\" alt=\"\" srcset=\"https:\/\/www.cadca.org\/wp-content\/uploads\/2022\/02\/deterra-color-1.png 153w, https:\/\/www.cadca.org\/wp-content\/uploads\/2022\/02\/deterra-color-1-12x12.png 12w\" sizes=\"auto, (max-width: 153px) 100vw, 153px\" \/>            <\/div>\n                        <div class=\"logo-wrapper\">\n                <img loading=\"lazy\" decoding=\"async\" width=\"453\" height=\"111\" src=\"https:\/\/www.cadca.org\/wp-content\/uploads\/2023\/05\/Leidos.png\" class=\"attachment-full size-full\" alt=\"\" srcset=\"https:\/\/www.cadca.org\/wp-content\/uploads\/2023\/05\/Leidos.png 453w, https:\/\/www.cadca.org\/wp-content\/uploads\/2023\/05\/Leidos-300x74.png 300w, https:\/\/www.cadca.org\/wp-content\/uploads\/2023\/05\/Leidos-18x4.png 18w\" sizes=\"auto, (max-width: 453px) 100vw, 453px\" \/>            <\/div>\n                        <div class=\"logo-wrapper\">\n                <img loading=\"lazy\" decoding=\"async\" width=\"360\" height=\"180\" src=\"https:\/\/www.cadca.org\/wp-content\/uploads\/2023\/05\/Emergent.png\" class=\"attachment-full size-full\" alt=\"\" srcset=\"https:\/\/www.cadca.org\/wp-content\/uploads\/2023\/05\/Emergent.png 360w, https:\/\/www.cadca.org\/wp-content\/uploads\/2023\/05\/Emergent-300x150.png 300w, https:\/\/www.cadca.org\/wp-content\/uploads\/2023\/05\/Emergent-18x9.png 18w\" sizes=\"auto, (max-width: 360px) 100vw, 360px\" \/>            <\/div>\n                        <div class=\"logo-wrapper\">\n                <img loading=\"lazy\" decoding=\"async\" width=\"110\" height=\"110\" src=\"https:\/\/www.cadca.org\/wp-content\/uploads\/2023\/05\/ONDCP.png\" class=\"attachment-full size-full\" alt=\"\" srcset=\"https:\/\/www.cadca.org\/wp-content\/uploads\/2023\/05\/ONDCP.png 110w, https:\/\/www.cadca.org\/wp-content\/uploads\/2023\/05\/ONDCP-12x12.png 12w\" sizes=\"auto, (max-width: 110px) 100vw, 110px\" \/>            <\/div>\n                        <div class=\"logo-wrapper\">\n                <img loading=\"lazy\" decoding=\"async\" width=\"166\" height=\"56\" src=\"https:\/\/www.cadca.org\/wp-content\/uploads\/2023\/05\/SAMHSA-2.png\" class=\"attachment-full size-full\" alt=\"\" srcset=\"https:\/\/www.cadca.org\/wp-content\/uploads\/2023\/05\/SAMHSA-2.png 166w, https:\/\/www.cadca.org\/wp-content\/uploads\/2023\/05\/SAMHSA-2-18x6.png 18w\" sizes=\"auto, (max-width: 166px) 100vw, 166px\" \/>            <\/div>\n                        <div class=\"logo-wrapper\">\n                <img loading=\"lazy\" decoding=\"async\" width=\"110\" height=\"110\" src=\"https:\/\/www.cadca.org\/wp-content\/uploads\/2023\/05\/DEA-1.png\" class=\"attachment-full size-full\" alt=\"\" srcset=\"https:\/\/www.cadca.org\/wp-content\/uploads\/2023\/05\/DEA-1.png 110w, https:\/\/www.cadca.org\/wp-content\/uploads\/2023\/05\/DEA-1-12x12.png 12w\" sizes=\"auto, (max-width: 110px) 100vw, 110px\" \/>            <\/div>\n                    <\/div>\n                <div class=\"btn-wrapper\">\n            <a href=\"https:\/\/www.cadca.org\/en\/partner-with-cadca\/\"                class=\"btn-star\">Oportunidades de parceria<\/a>\n        <\/div>\n    <\/div>\n<\/section>","protected":false},"excerpt":{"rendered":"","protected":false},"author":2,"featured_media":0,"parent":0,"menu_order":0,"comment_status":"closed","ping_status":"closed","template":"","meta":{"_acf_changed":false,"inline_featured_image":false,"footnotes":""},"class_list":["post-16532","page","type-page","status-publish","hentry"],"acf":[],"yoast_head":"<!-- This site is optimized with the Yoast SEO plugin v26.8 - https:\/\/yoast.com\/product\/yoast-seo-wordpress\/ -->\n<title>Partner with CADCA | CADCA<\/title>\n<meta name=\"description\" content=\"CADCA represents over 7,000 community coalitions that involve individuals from key sectors including schools, law enforcement, youth, parents, healthcare, media, tribal communities and others\" \/>\n<meta name=\"robots\" content=\"index, follow, max-snippet:-1, max-image-preview:large, max-video-preview:-1\" \/>\n<link rel=\"canonical\" href=\"https:\/\/www.cadca.org\/pt\/partner-with-cadca\/\" \/>\n<meta property=\"og:locale\" content=\"pt_PT\" \/>\n<meta property=\"og:type\" content=\"article\" \/>\n<meta property=\"og:title\" content=\"Partner with CADCA | CADCA\" \/>\n<meta property=\"og:description\" content=\"CADCA represents over 7,000 community coalitions that involve individuals from key sectors including schools, law enforcement, youth, parents, healthcare, media, tribal communities and others\" \/>\n<meta property=\"og:url\" content=\"https:\/\/www.cadca.org\/pt\/partner-with-cadca\/\" \/>\n<meta property=\"og:site_name\" content=\"CADCA\" \/>\n<meta property=\"article:modified_time\" content=\"2024-04-16T14:22:17+00:00\" \/>\n<meta property=\"og:image\" content=\"https:\/\/www.cadca.org\/wp-content\/uploads\/2022\/03\/cadca-member-of-logo1.jpg\" \/>\n\t<meta property=\"og:image:width\" content=\"880\" \/>\n\t<meta property=\"og:image:height\" content=\"500\" \/>\n\t<meta property=\"og:image:type\" content=\"image\/jpeg\" \/>\n<meta name=\"twitter:card\" content=\"summary_large_image\" \/>\n<script type=\"application\/ld+json\" class=\"yoast-schema-graph\">{\"@context\":\"https:\/\/schema.org\",\"@graph\":[{\"@type\":\"WebPage\",\"@id\":\"https:\/\/www.cadca.org\/partner-with-cadca\/\",\"url\":\"https:\/\/www.cadca.org\/partner-with-cadca\/\",\"name\":\"Partner with CADCA | CADCA\",\"isPartOf\":{\"@id\":\"https:\/\/www.cadca.org\/#website\"},\"datePublished\":\"2023-01-11T11:33:06+00:00\",\"dateModified\":\"2024-04-16T14:22:17+00:00\",\"description\":\"CADCA represents over 7,000 community coalitions that involve individuals from key sectors including schools, law enforcement, youth, parents, healthcare, media, tribal communities and others\",\"breadcrumb\":{\"@id\":\"https:\/\/www.cadca.org\/partner-with-cadca\/#breadcrumb\"},\"inLanguage\":\"pt-PT\",\"potentialAction\":[{\"@type\":\"ReadAction\",\"target\":[\"https:\/\/www.cadca.org\/partner-with-cadca\/\"]}]},{\"@type\":\"BreadcrumbList\",\"@id\":\"https:\/\/www.cadca.org\/partner-with-cadca\/#breadcrumb\",\"itemListElement\":[{\"@type\":\"ListItem\",\"position\":1,\"name\":\"Home\",\"item\":\"https:\/\/www.cadca.org\/\"},{\"@type\":\"ListItem\",\"position\":2,\"name\":\"Partner with CADCA\"}]},{\"@type\":\"WebSite\",\"@id\":\"https:\/\/www.cadca.org\/#website\",\"url\":\"https:\/\/www.cadca.org\/\",\"name\":\"CADCA\",\"description\":\"The Premier Prevention Association\",\"potentialAction\":[{\"@type\":\"SearchAction\",\"target\":{\"@type\":\"EntryPoint\",\"urlTemplate\":\"https:\/\/www.cadca.org\/?s={search_term_string}\"},\"query-input\":{\"@type\":\"PropertyValueSpecification\",\"valueRequired\":true,\"valueName\":\"search_term_string\"}}],\"inLanguage\":\"pt-PT\"}]}<\/script>\n<!-- \/ Yoast SEO plugin. -->","yoast_head_json":{"title":"Partner with CADCA | CADCA","description":"CADCA represents over 7,000 community coalitions that involve individuals from key sectors including schools, law enforcement, youth, parents, healthcare, media, tribal communities and others","robots":{"index":"index","follow":"follow","max-snippet":"max-snippet:-1","max-image-preview":"max-image-preview:large","max-video-preview":"max-video-preview:-1"},"canonical":"https:\/\/www.cadca.org\/pt\/partner-with-cadca\/","og_locale":"pt_PT","og_type":"article","og_title":"Partner with CADCA | CADCA","og_description":"CADCA represents over 7,000 community coalitions that involve individuals from key sectors including schools, law enforcement, youth, parents, healthcare, media, tribal communities and others","og_url":"https:\/\/www.cadca.org\/pt\/partner-with-cadca\/","og_site_name":"CADCA","article_modified_time":"2024-04-16T14:22:17+00:00","og_image":[{"width":880,"height":500,"url":"https:\/\/www.cadca.org\/wp-content\/uploads\/2022\/03\/cadca-member-of-logo1.jpg","type":"image\/jpeg"}],"twitter_card":"summary_large_image","schema":{"@context":"https:\/\/schema.org","@graph":[{"@type":"WebPage","@id":"https:\/\/www.cadca.org\/partner-with-cadca\/","url":"https:\/\/www.cadca.org\/partner-with-cadca\/","name":"Partner with CADCA | CADCA","isPartOf":{"@id":"https:\/\/www.cadca.org\/#website"},"datePublished":"2023-01-11T11:33:06+00:00","dateModified":"2024-04-16T14:22:17+00:00","description":"CADCA represents over 7,000 community coalitions that involve individuals from key sectors including schools, law enforcement, youth, parents, healthcare, media, tribal communities and others","breadcrumb":{"@id":"https:\/\/www.cadca.org\/partner-with-cadca\/#breadcrumb"},"inLanguage":"pt-PT","potentialAction":[{"@type":"ReadAction","target":["https:\/\/www.cadca.org\/partner-with-cadca\/"]}]},{"@type":"BreadcrumbList","@id":"https:\/\/www.cadca.org\/partner-with-cadca\/#breadcrumb","itemListElement":[{"@type":"ListItem","position":1,"name":"Home","item":"https:\/\/www.cadca.org\/"},{"@type":"ListItem","position":2,"name":"Partner with CADCA"}]},{"@type":"WebSite","@id":"https:\/\/www.cadca.org\/#website","url":"https:\/\/www.cadca.org\/","name":"CADCA","description":"The Premier Prevention Association","potentialAction":[{"@type":"SearchAction","target":{"@type":"EntryPoint","urlTemplate":"https:\/\/www.cadca.org\/?s={search_term_string}"},"query-input":{"@type":"PropertyValueSpecification","valueRequired":true,"valueName":"search_term_string"}}],"inLanguage":"pt-PT"}]}},"_links":{"self":[{"href":"https:\/\/www.cadca.org\/pt\/wp-json\/wp\/v2\/pages\/16532","targetHints":{"allow":["GET"]}}],"collection":[{"href":"https:\/\/www.cadca.org\/pt\/wp-json\/wp\/v2\/pages"}],"about":[{"href":"https:\/\/www.cadca.org\/pt\/wp-json\/wp\/v2\/types\/page"}],"author":[{"embeddable":true,"href":"https:\/\/www.cadca.org\/pt\/wp-json\/wp\/v2\/users\/2"}],"replies":[{"embeddable":true,"href":"https:\/\/www.cadca.org\/pt\/wp-json\/wp\/v2\/comments?post=16532"}],"version-history":[{"count":0,"href":"https:\/\/www.cadca.org\/pt\/wp-json\/wp\/v2\/pages\/16532\/revisions"}],"wp:attachment":[{"href":"https:\/\/www.cadca.org\/pt\/wp-json\/wp\/v2\/media?parent=16532"}],"curies":[{"name":"wp","href":"https:\/\/api.w.org\/{rel}","templated":true}]}}