{"id":1345,"date":"2022-03-06T19:13:42","date_gmt":"2022-03-06T19:13:42","guid":{"rendered":"http:\/\/localhost:10028\/?page_id=1345"},"modified":"2026-02-27T13:26:16","modified_gmt":"2026-02-27T13:26:16","slug":"advocacy-focused","status":"publish","type":"page","link":"https:\/\/www.cadca.org\/pt\/advocacy-focused\/","title":{"rendered":"Focado em Advocacia"},"content":{"rendered":"<style media=\"all\" type=\"text\/css\">\n\n    \/* xs & sm (mobile) *\/\n    @media (max-width: 767.98px) {\n        }\n\n    \/* md (tablet) *\/\n    @media (min-width: 768px) and (max-width: 1199.98px) {\n        }\n\n    \/* lg (desktop) *\/\n    @media (min-width: 1200px) {\n        }\n\n    \/* custom styles *\/\n    @media screen and (min-width: 1024px){\r\nsection.side_image_rte {padding-bottom:0;}\r\n}\n    \n<\/style>\n<section class=\"side_image_rte block_0baff91be07de37ea12ec8bf4a935d6e\" id=\"block_0baff91be07de37ea12ec8bf4a935d6e\">\n    <div class=\"container\">\n\t            <div class=\"left-side\" >\n                        <h2>Kit de Ferramentas de Advocacia<\/h2>\n<p><strong>Fa\u00e7a sua voz ser ouvida.<\/strong><\/p>\n<p>A advocacia \u00e9 uma parte fundamental do processo de pol\u00edtica p\u00fablica. Numerosas quest\u00f5es pol\u00edticas constantemente competem por aten\u00e7\u00e3o nos n\u00edveis local, estadual e nacional. Os legisladores s\u00e3o generalistas e contam com especialistas no assunto para orientar sua tomada de decis\u00e3o. Portanto, \u00e9 fundamental entender como ser um defensor eficaz de sua causa e colocar seu problema nas telas do radar de pol\u00edticas dos legisladores. A advocacia pode assumir v\u00e1rias formas, desde uma reuni\u00e3o com um legislador em Washington, DC, a uma visita a uma prefeitura em sua comunidade local, at\u00e9 o envio de um e-mail a um funcion\u00e1rio legislativo. Todos que desejam participar do advocacy podem faz\u00ea-lo, independentemente do n\u00edvel de experi\u00eancia ou das restri\u00e7\u00f5es de tempo. Aprenda a colocar seu problema na tela do radar de pol\u00edticas para que voc\u00ea possa fazer a diferen\u00e7a em sua comunidade.<\/p>\n<p><a class=\"btn\" href=\"https:\/\/www.cadca.org\/wp-content\/uploads\/2023\/03\/advocacy_toolkit.pdf\">Baixe o kit de ferramentas!<\/a><\/p>\n                    <\/div>\n\n        <div class=\"right-side\"  style='background: url(\"https:\/\/www.cadca.org\/wp-content\/uploads\/2023\/05\/advocacytoolkit_cropped.jpg\"); aspect-ratio: 1.0460624071322;' >\n                    <\/div>\n\n    <\/div>\n<\/section>\n\n\n<style media=\"all\" type=\"text\/css\">\n\n    \/* xs & sm (mobile) *\/\n    @media (max-width: 767.98px) {\n        }\n\n    \/* md (tablet) *\/\n    @media (min-width: 768px) and (max-width: 1199.98px) {\n        }\n\n    \/* lg (desktop) *\/\n    @media (min-width: 1200px) {\n        }\n\n    \/* custom styles *\/\n    #block_62265dceab5f4{\r\n\tbackground-color:#f7f7f7;\r\n}\r\n\r\n#block_62265dceab5f4 .grid .grid-item .img{\r\n\tbackground-color:#FFF;\r\n}\r\n<\/style>\n<section class=\"rich_links_grid_v1 block_9c291d2a9d323fb3f0463a5aa9c1382a\" id=\"block_9c291d2a9d323fb3f0463a5aa9c1382a\">\n    <div class=\"container\">\n                        <div class=\"grid\">\n                            <div class=\"grid-item\">\n                    <div class=\"img\"\n                         style=\"background-image: url('https:\/\/www.cadca.org\/wp-content\/uploads\/2022\/03\/capitol.svg')\"><\/div>\n                    <div class=\"text-side\">\n                        <h3>No\u00e7\u00f5es b\u00e1sicas de Capitol Hill<\/h3>\n                                                    <a href=\"https:\/\/www.cadca.org\/pt\/the-legislative-process\/\">The Federal Legislative Process<\/a>\n                                                    <a href=\"https:\/\/www.cadca.org\/pt\/communication-tips\/\">dicas de comunica\u00e7\u00e3o<\/a>\n                                            <\/div>\n                <\/div>\n                            <div class=\"grid-item\">\n                    <div class=\"img\"\n                         style=\"background-image: url('https:\/\/www.cadca.org\/wp-content\/uploads\/2022\/03\/libre.svg')\"><\/div>\n                    <div class=\"text-side\">\n                        <h3>Informa\u00e7\u00e3o Legislativa<\/h3>\n                                                    <a href=\"https:\/\/www.cadca.org\/pt\/sign-on-letters\/\">Cartas de Assinatura<\/a>\n                                                    <a href=\"https:\/\/www.cadca.org\/pt\/prevention-works\/\">Trabalhos de Preven\u00e7\u00e3o<\/a>\n                                                    <a href=\"https:\/\/www.cadca.org\/pt\/advocate-now\/\">Defenda agora<\/a>\n                                            <\/div>\n                <\/div>\n                            <div class=\"grid-item\">\n                    <div class=\"img\"\n                         style=\"background-image: url('https:\/\/www.cadca.org\/wp-content\/uploads\/2022\/03\/Policy.svg')\"><\/div>\n                    <div class=\"text-side\">\n                        <h3>Prioridades Pol\u00edticas<\/h3>\n                                                    <a href=\"https:\/\/www.cadca.org\/pt\/stop-act\/\">PARAR Ato<\/a>\n                                                    <a href=\"https:\/\/www.cadca.org\/pt\/cara\/\">CARA<\/a>\n                                                    <a href=\"https:\/\/www.cadca.org\/pt\/dfc-program\/\">Programa DFC<\/a>\n                                                    <a href=\"https:\/\/www.cadca.org\/pt\/21st-century-cures-act\/\">Lei de Curas do S\u00e9culo XXI<\/a>\n                                                    <a href=\"https:\/\/www.cadca.org\/pt\/support-act\/\">Lei de APOIO<\/a>\n                                            <\/div>\n                <\/div>\n                    <\/div>\n    <\/div>\n<\/section>","protected":false},"excerpt":{"rendered":"","protected":false},"author":40,"featured_media":0,"parent":0,"menu_order":0,"comment_status":"closed","ping_status":"closed","template":"","meta":{"_acf_changed":true,"inline_featured_image":false,"footnotes":""},"class_list":["post-1345","page","type-page","status-publish","hentry"],"acf":[],"yoast_head":"<!-- This site is optimized with the Yoast SEO plugin v26.8 - https:\/\/yoast.com\/product\/yoast-seo-wordpress\/ -->\n<title>Advocacy-Focused | CADCA<\/title>\n<meta name=\"description\" content=\"CADCA represents over 7,000 community coalitions that involve individuals from key sectors including schools, law enforcement, youth, parents, healthcare, media, tribal communities and others\" \/>\n<meta name=\"robots\" content=\"index, follow, max-snippet:-1, max-image-preview:large, max-video-preview:-1\" \/>\n<link rel=\"canonical\" href=\"https:\/\/www.cadca.org\/pt\/advocacy-focused\/\" \/>\n<meta property=\"og:locale\" content=\"pt_PT\" \/>\n<meta property=\"og:type\" content=\"article\" \/>\n<meta property=\"og:title\" content=\"Advocacy-Focused | CADCA\" \/>\n<meta property=\"og:description\" content=\"CADCA represents over 7,000 community coalitions that involve individuals from key sectors including schools, law enforcement, youth, parents, healthcare, media, tribal communities and others\" \/>\n<meta property=\"og:url\" content=\"https:\/\/www.cadca.org\/pt\/advocacy-focused\/\" \/>\n<meta property=\"og:site_name\" content=\"CADCA\" \/>\n<meta property=\"article:modified_time\" content=\"2026-02-27T13:26:16+00:00\" \/>\n<meta property=\"og:image\" content=\"https:\/\/www.cadca.org\/wp-content\/uploads\/2022\/03\/cadca-member-of-logo1.jpg\" \/>\n\t<meta property=\"og:image:width\" content=\"880\" \/>\n\t<meta property=\"og:image:height\" content=\"500\" \/>\n\t<meta property=\"og:image:type\" content=\"image\/jpeg\" \/>\n<meta name=\"twitter:card\" content=\"summary_large_image\" \/>\n<script type=\"application\/ld+json\" class=\"yoast-schema-graph\">{\"@context\":\"https:\/\/schema.org\",\"@graph\":[{\"@type\":\"WebPage\",\"@id\":\"https:\/\/www.cadca.org\/advocacy-focused\/\",\"url\":\"https:\/\/www.cadca.org\/advocacy-focused\/\",\"name\":\"Advocacy-Focused | CADCA\",\"isPartOf\":{\"@id\":\"https:\/\/www.cadca.org\/#website\"},\"datePublished\":\"2022-03-06T19:13:42+00:00\",\"dateModified\":\"2026-02-27T13:26:16+00:00\",\"description\":\"CADCA represents over 7,000 community coalitions that involve individuals from key sectors including schools, law enforcement, youth, parents, healthcare, media, tribal communities and others\",\"breadcrumb\":{\"@id\":\"https:\/\/www.cadca.org\/advocacy-focused\/#breadcrumb\"},\"inLanguage\":\"pt-PT\",\"potentialAction\":[{\"@type\":\"ReadAction\",\"target\":[\"https:\/\/www.cadca.org\/advocacy-focused\/\"]}]},{\"@type\":\"BreadcrumbList\",\"@id\":\"https:\/\/www.cadca.org\/advocacy-focused\/#breadcrumb\",\"itemListElement\":[{\"@type\":\"ListItem\",\"position\":1,\"name\":\"Home\",\"item\":\"https:\/\/www.cadca.org\/\"},{\"@type\":\"ListItem\",\"position\":2,\"name\":\"Advocacy-Focused\"}]},{\"@type\":\"WebSite\",\"@id\":\"https:\/\/www.cadca.org\/#website\",\"url\":\"https:\/\/www.cadca.org\/\",\"name\":\"CADCA\",\"description\":\"The Premier Prevention Association\",\"potentialAction\":[{\"@type\":\"SearchAction\",\"target\":{\"@type\":\"EntryPoint\",\"urlTemplate\":\"https:\/\/www.cadca.org\/?s={search_term_string}\"},\"query-input\":{\"@type\":\"PropertyValueSpecification\",\"valueRequired\":true,\"valueName\":\"search_term_string\"}}],\"inLanguage\":\"pt-PT\"}]}<\/script>\n<!-- \/ Yoast SEO plugin. -->","yoast_head_json":{"title":"Advocacy-Focused | CADCA","description":"CADCA represents over 7,000 community coalitions that involve individuals from key sectors including schools, law enforcement, youth, parents, healthcare, media, tribal communities and others","robots":{"index":"index","follow":"follow","max-snippet":"max-snippet:-1","max-image-preview":"max-image-preview:large","max-video-preview":"max-video-preview:-1"},"canonical":"https:\/\/www.cadca.org\/pt\/advocacy-focused\/","og_locale":"pt_PT","og_type":"article","og_title":"Advocacy-Focused | CADCA","og_description":"CADCA represents over 7,000 community coalitions that involve individuals from key sectors including schools, law enforcement, youth, parents, healthcare, media, tribal communities and others","og_url":"https:\/\/www.cadca.org\/pt\/advocacy-focused\/","og_site_name":"CADCA","article_modified_time":"2026-02-27T13:26:16+00:00","og_image":[{"width":880,"height":500,"url":"https:\/\/www.cadca.org\/wp-content\/uploads\/2022\/03\/cadca-member-of-logo1.jpg","type":"image\/jpeg"}],"twitter_card":"summary_large_image","schema":{"@context":"https:\/\/schema.org","@graph":[{"@type":"WebPage","@id":"https:\/\/www.cadca.org\/advocacy-focused\/","url":"https:\/\/www.cadca.org\/advocacy-focused\/","name":"Advocacy-Focused | CADCA","isPartOf":{"@id":"https:\/\/www.cadca.org\/#website"},"datePublished":"2022-03-06T19:13:42+00:00","dateModified":"2026-02-27T13:26:16+00:00","description":"CADCA represents over 7,000 community coalitions that involve individuals from key sectors including schools, law enforcement, youth, parents, healthcare, media, tribal communities and others","breadcrumb":{"@id":"https:\/\/www.cadca.org\/advocacy-focused\/#breadcrumb"},"inLanguage":"pt-PT","potentialAction":[{"@type":"ReadAction","target":["https:\/\/www.cadca.org\/advocacy-focused\/"]}]},{"@type":"BreadcrumbList","@id":"https:\/\/www.cadca.org\/advocacy-focused\/#breadcrumb","itemListElement":[{"@type":"ListItem","position":1,"name":"Home","item":"https:\/\/www.cadca.org\/"},{"@type":"ListItem","position":2,"name":"Advocacy-Focused"}]},{"@type":"WebSite","@id":"https:\/\/www.cadca.org\/#website","url":"https:\/\/www.cadca.org\/","name":"CADCA","description":"The Premier Prevention Association","potentialAction":[{"@type":"SearchAction","target":{"@type":"EntryPoint","urlTemplate":"https:\/\/www.cadca.org\/?s={search_term_string}"},"query-input":{"@type":"PropertyValueSpecification","valueRequired":true,"valueName":"search_term_string"}}],"inLanguage":"pt-PT"}]}},"_links":{"self":[{"href":"https:\/\/www.cadca.org\/pt\/wp-json\/wp\/v2\/pages\/1345","targetHints":{"allow":["GET"]}}],"collection":[{"href":"https:\/\/www.cadca.org\/pt\/wp-json\/wp\/v2\/pages"}],"about":[{"href":"https:\/\/www.cadca.org\/pt\/wp-json\/wp\/v2\/types\/page"}],"author":[{"embeddable":true,"href":"https:\/\/www.cadca.org\/pt\/wp-json\/wp\/v2\/users\/40"}],"replies":[{"embeddable":true,"href":"https:\/\/www.cadca.org\/pt\/wp-json\/wp\/v2\/comments?post=1345"}],"version-history":[{"count":0,"href":"https:\/\/www.cadca.org\/pt\/wp-json\/wp\/v2\/pages\/1345\/revisions"}],"wp:attachment":[{"href":"https:\/\/www.cadca.org\/pt\/wp-json\/wp\/v2\/media?parent=1345"}],"curies":[{"name":"wp","href":"https:\/\/api.w.org\/{rel}","templated":true}]}}