{"id":861,"date":"2022-02-15T14:27:35","date_gmt":"2022-02-15T14:27:35","guid":{"rendered":"http:\/\/localhost:10028\/?page_id=861"},"modified":"2025-06-02T16:26:27","modified_gmt":"2025-06-02T16:26:27","slug":"careers","status":"publish","type":"page","link":"https:\/\/www.cadca.org\/fr\/careers\/","title":{"rendered":"Carri\u00e8res"},"content":{"rendered":"<style media=\"all\" type=\"text\/css\">\n\n    \/* xs & sm (mobile) *\/\n    @media (max-width: 767.98px) {\n        }\n\n    \/* md (tablet) *\/\n    @media (min-width: 768px) and (max-width: 1199.98px) {\n        }\n\n    \/* lg (desktop) *\/\n    @media (min-width: 1200px) {\n        }\n\n    \/* custom styles *\/\n    .btn{\r\n\tfont-family: 'Inter', sans-serif;\r\n    font-weight: 500;\r\n    font-size: 18px;\r\n    color: #FFF !important;\r\n    background: #00aeef;\r\n    display: inline-block;\r\n    padding: 0px 20px 0px 20px;\r\n    transition: all .3s linear;\r\n    text-transform: capitalize;\r\n    line-height: 40px;\r\n    border-radius: 5px;\r\n    border: 1px solid transparent;\r\n    text-decoration: none;\r\n    position: relative;\r\n}\r\n\r\n.btn:hover{\r\n    background: #FFF;\r\n    color: #30aeef !important;\r\n    border-color: #30aeef;\r\n}\n    \n<\/style>\n<section class=\"side_image_rte block_fbf0af725aedd876825a15162f8af0f8\" id=\"block_fbf0af725aedd876825a15162f8af0f8\">\n    <div class=\"container\">\n\t            <div class=\"left-side\" >\n                        <h2>Rejoins notre \u00e9quipe<\/h2>\n<p><strong>If you want to work in a vibrant, creative and collaborative association, CADCA is for you!<\/strong><\/p>\n<p>Regardless of the position, you will be supporting the work of 7,000+ community coalitions as they work to create safer, healthier, and stronger communities by addressing societal challenges such as substance misuse, problem gambling, and mental health. Join us today to help make an impact in communities across the United States and worldwide.<\/p>\n                    <\/div>\n\n        <div class=\"right-side\"  style='background: url(\"https:\/\/www.cadca.org\/wp-content\/uploads\/2022\/02\/CADCA-join-team.png\"); aspect-ratio: 1.4975845410628;' >\n                    <\/div>\n\n    <\/div>\n<\/section>\n\n\n<style media=\"all\" type=\"text\/css\">\n\n    \n    \/* xs & sm (mobile) *\/\n    @media (max-width: 767.98px) {\n        }\n\n    \/* md (tablet) *\/\n    @media (min-width: 768px) and (max-width: 1199.98px) {\n        }\n\n    \/* lg (desktop) *\/\n    @media (min-width: 1200px) {\n        }\n\n    \/* custom styles *\/\n    <\/style>\n<section class=\"rte  block_3f7d87c49acd5b6ca78d68619c7b3525\" id=\"block_3f7d87c49acd5b6ca78d68619c7b3525\">\n    <div class=\"container\">\n        <div id=\"BambooHR\" data-domain=\"cadca.bamboohr.com\" data-version=\"1.0.0\" data-departmentid=\"\"><\/div>\n<p><\/p>\n    <\/div>\n<\/section>\n\n\n\n<div id=\"BambooHR\" data-domain=\"cadca.bamboohr.com\" data-version=\"1.0.0\" data-departmentid=\"\"><\/div><script src=\"https:\/\/cadca.bamboohr.com\/js\/embed.js\" type=\"text\/javascript\" async defer><\/script>\n\n\n<style media=\"all\" type=\"text\/css\">\n\n    \/* xs & sm (mobile) *\/\n    @media (max-width: 767.98px) {\n        }\n\n    \/* md (tablet) *\/\n    @media (min-width: 768px) and (max-width: 1199.98px) {\n        }\n\n    \/* lg (desktop) *\/\n    @media (min-width: 1200px) {\n        }\n\n    \/* custom styles *\/\n    .btn{\r\n\tfont-family: 'Inter', sans-serif;\r\n    font-weight: 500;\r\n    font-size: 18px;\r\n    color: #FFF !important;\r\n    background: #00aeef;\r\n    display: inline-block;\r\n    padding: 0px 20px 0px 20px;\r\n    transition: all .3s linear;\r\n    text-transform: capitalize;\r\n    line-height: 40px;\r\n    border-radius: 5px;\r\n    border: 1px solid transparent;\r\n    text-decoration: none;\r\n    position: relative;\r\n}\r\n\r\n.btn:hover{\r\n    background: #FFF;\r\n    color: #30aeef !important;\r\n    border-color: #30aeef;\r\n}\n    \n<\/style>\n<section class=\"side_image_rte block_ec2a0f6af0bbba7ba77795e4d12d93d0\" id=\"block_ec2a0f6af0bbba7ba77795e4d12d93d0\">\n    <div class=\"container rotate\">\n\t            <div class=\"left-side\"  style='background: url(\"https:\/\/www.cadca.org\/wp-content\/uploads\/2024\/09\/4039_2024-CADCA-Forum_JeniferMorrisPhotography.jpg\");' >\n                    <\/div>\n\n        <div class=\"right-side\" >\n                            <h2>Job Board Pr\u00e9vention<\/h2>\n<p>Are you passionate about driving change in your community? Do you have a background in prevention or public health and are looking for an opportunity to work with a dynamic group of people? Coalitions and prevention organizations across the United States are looking for motivated and energized candidates to help us achieve our mission of creating safer, healthier, and stronger communities.<\/p>\n<p><a class=\"btn\" href=\"https:\/\/cadca.boxwoodgo.com\/jobs\" target=\"_blank\" rel=\"noopener\">Visit the Job Board<\/a><\/p>\n                    <\/div>\n\n    <\/div>\n<\/section>\n\n\n<style media=\"all\" type=\"text\/css\">\n\n    \/* xs & sm (mobile) *\/\n    @media (max-width: 767.98px) {\n        }\n\n    \/* md (tablet) *\/\n    @media (min-width: 768px) and (max-width: 1199.98px) {\n        }\n\n    \/* lg (desktop) *\/\n    @media (min-width: 1200px) {\n        }\n\n    \/* custom styles *\/\n    #block_624c1f76e182b{\r\n  background: #f9f9f9;\r\n  padding-top:15px;\r\n  padding-bottom: 25px;\r\n}<\/style>\n<section class=\"rich_links_grid_v2 block_1d2bc28a1917c182abbab5cdefd5e402\" id=\"block_1d2bc28a1917c182abbab5cdefd5e402\">\n    <div class=\"container\">\n        <div class=\"grid\">\n                            <div class=\"grid-item\">\n                    <div class=\"img\"\n                         style=\"background-color: #01aef0; background-image: url('https:\/\/www.cadca.org\/wp-content\/uploads\/2022\/02\/Opportunity.svg')\"><\/div>\n                    <div class=\"text-side\">\n                        <h3>Opportunit\u00e9 unique<\/h3>\n                        <p>Aidez \u00e0 transformer les communaut\u00e9s \u00e0 travers le monde\u00a0!<\/p>\n                    <\/div>\n                <\/div>\n                            <div class=\"grid-item\">\n                    <div class=\"img\"\n                         style=\"background-color: #263c87; background-image: url('https:\/\/www.cadca.org\/wp-content\/uploads\/2022\/02\/fearless.svg')\"><\/div>\n                    <div class=\"text-side\">\n                        <h3>Croissance professionnelle<\/h3>\n                        <p>CADCA vous offre les comp\u00e9tences et l&#039;exp\u00e9rience n\u00e9cessaires pour faire passer votre carri\u00e8re au niveau sup\u00e9rieur.<\/p>\n                    <\/div>\n                <\/div>\n                            <div class=\"grid-item\">\n                    <div class=\"img\"\n                         style=\"background-color: #8ec93b; background-image: url('https:\/\/www.cadca.org\/wp-content\/uploads\/2022\/02\/enduring.svg')\"><\/div>\n                    <div class=\"text-side\">\n                        <h3>Impact durable<\/h3>\n                        <p>Faites partie de la solution!<\/p>\n                    <\/div>\n                <\/div>\n                            <div class=\"grid-item\">\n                    <div class=\"img\"\n                         style=\"background-color: #6e2c90; background-image: url('https:\/\/www.cadca.org\/wp-content\/uploads\/2022\/02\/remote.svg')\"><\/div>\n                    <div class=\"text-side\">\n                        <h3>Horaire hybride<\/h3>\n                        <p>CADCA vous offre la flexibilit\u00e9 d&#039;\u00eatre sur place et de travailler \u00e0 domicile.<\/p>\n                    <\/div>\n                <\/div>\n                    <\/div>\n    <\/div>\n<\/section>\n\n\n<style media=\"all\" type=\"text\/css\">\n\n    \/* xs & sm (mobile) *\/\n    @media (max-width: 767.98px) {\n        }\n\n    \/* md (tablet) *\/\n    @media (min-width: 768px) and (max-width: 1199.98px) {\n        }\n\n    \/* lg (desktop) *\/\n    @media (min-width: 1200px) {\n        }\n\n    \/* custom styles *\/\n    #block_620c1d2cd86d7,\r\n#block_620c1d2cd86d7 h2 span{\r\n  \tbackground:#f9f9f9;\r\n}<\/style>\n<section class=\"rich_links_grid_v3 block_16661f8d746939f951e04bb7877984a6\" id=\"block_16661f8d746939f951e04bb7877984a6\">\n    <div class=\"container\">\n                    <h2><span>Avantages<\/span><\/h2>\n                        <div class=\"grid\">\n                            <a href=\"javascript:void(0);\"                    class=\"grid-item\">\n                    <div class=\"img\"\n                         style=\"background: url('https:\/\/www.cadca.org\/wp-content\/uploads\/2022\/02\/competitive.svg')\"><\/div>\n                    <div class=\"text-side\">\n                        <h3>Salaires comp\u00e9titifs dans l&#039;industrie<\/h3>\n                    <\/div>\n                <\/a>\n                            <a href=\"javascript:void(0);\"                    class=\"grid-item\">\n                    <div class=\"img\"\n                         style=\"background: url('https:\/\/www.cadca.org\/wp-content\/uploads\/2022\/02\/health.svg')\"><\/div>\n                    <div class=\"text-side\">\n                        <h3>Prestations de sant\u00e9 compl\u00e8tes<\/h3>\n                    <\/div>\n                <\/a>\n                            <a href=\"javascript:void(0);\"                    class=\"grid-item\">\n                    <div class=\"img\"\n                         style=\"background: url('https:\/\/www.cadca.org\/wp-content\/uploads\/2022\/02\/401.svg')\"><\/div>\n                    <div class=\"text-side\">\n                        <h3>R\u00e9gime 401(k) (\u00c9tats-Unis uniquement)<\/h3>\n                    <\/div>\n                <\/a>\n                            <a href=\"javascript:void(0);\"                    class=\"grid-item\">\n                    <div class=\"img\"\n                         style=\"background: url('https:\/\/www.cadca.org\/wp-content\/uploads\/2022\/02\/work-culture.svg')\"><\/div>\n                    <div class=\"text-side\">\n                        <h3>Culture de travail hybride<\/h3>\n                    <\/div>\n                <\/a>\n                            <a href=\"javascript:void(0);\"                    class=\"grid-item\">\n                    <div class=\"img\"\n                         style=\"background: url('https:\/\/www.cadca.org\/wp-content\/uploads\/2022\/02\/wellness.svg')\"><\/div>\n                    <div class=\"text-side\">\n                        <h3>Programmes de sant\u00e9 et de bien-\u00eatre<\/h3>\n                    <\/div>\n                <\/a>\n                            <a href=\"javascript:void(0);\"                    class=\"grid-item\">\n                    <div class=\"img\"\n                         style=\"background: url('https:\/\/www.cadca.org\/wp-content\/uploads\/2022\/02\/development.svg')\"><\/div>\n                    <div class=\"text-side\">\n                        <h3>D\u00e9veloppement professionnel<\/h3>\n                    <\/div>\n                <\/a>\n                            <a href=\"javascript:void(0);\"                    class=\"grid-item\">\n                    <div class=\"img\"\n                         style=\"background: url('https:\/\/www.cadca.org\/wp-content\/uploads\/2022\/02\/coaching.svg')\"><\/div>\n                    <div class=\"text-side\">\n                        <h3>Coaching ex\u00e9cutif et mentorat<\/h3>\n                    <\/div>\n                <\/a>\n                    <\/div>\n    <\/div>\n<\/section>\n\n\n<style media=\"all\" type=\"text\/css\">\n\n    \/* xs & sm (mobile) *\/\n    @media (max-width: 767.98px) {\n        }\n\n    \/* md (tablet) *\/\n    @media (min-width: 768px) and (max-width: 1199.98px) {\n        }\n\n    \/* lg (desktop) *\/\n    @media (min-width: 1200px) {\n        }\n\n    \/* custom styles *\/\n    #block_620bbb5dc6f5d strong{\r\n\tmargin-bottom: 20px;\r\n    display: inline-block;\r\n}\r\n\r\n#block_620bbb5dc6f5d .cta-wrapper{\r\n\tmargin-top:10px;\r\n}\r\n\r\n.footer{\r\n\tmargin-top:0px;\r\n}<\/style>\n\n<section class=\"cta_rte block_96541813878f786773b4a00710ac36ce\" id=\"block_96541813878f786773b4a00710ac36ce\" style=\"\">\n    <div class=\"container\">\n        <p><strong>Vous ne voyez pas ce que vous cherchez, mais vous \u00eates toujours int\u00e9ress\u00e9 \u00e0 travailler avec nous ?<\/strong><\/p>\n<h2>Contactez-nous pour nous dire pourquoi !<\/h2>\n        <div class=\"cta-wrapper\">\n            <a href=\"https:\/\/www.cadca.org\/fr\/contact-us\/\"  class=\"\">Contacter maintenant<\/a>\n                            <\/div>\n    <\/div>\n<\/section>","protected":false},"excerpt":{"rendered":"","protected":false},"author":23,"featured_media":0,"parent":0,"menu_order":0,"comment_status":"closed","ping_status":"closed","template":"","meta":{"_acf_changed":false,"inline_featured_image":false,"footnotes":""},"class_list":["post-861","page","type-page","status-publish","hentry"],"acf":[],"yoast_head":"<!-- This site is optimized with the Yoast SEO plugin v26.8 - https:\/\/yoast.com\/product\/yoast-seo-wordpress\/ -->\n<title>Careers | CADCA<\/title>\n<meta name=\"description\" content=\"CADCA represents over 7,000 community coalitions that involve individuals from key sectors including schools, law enforcement, youth, parents, healthcare, media, tribal communities and others\" \/>\n<meta name=\"robots\" content=\"index, follow, max-snippet:-1, max-image-preview:large, max-video-preview:-1\" \/>\n<link rel=\"canonical\" href=\"https:\/\/www.cadca.org\/fr\/careers\/\" \/>\n<meta property=\"og:locale\" content=\"fr_FR\" \/>\n<meta property=\"og:type\" content=\"article\" \/>\n<meta property=\"og:title\" content=\"Careers | CADCA\" \/>\n<meta property=\"og:description\" content=\"CADCA represents over 7,000 community coalitions that involve individuals from key sectors including schools, law enforcement, youth, parents, healthcare, media, tribal communities and others\" \/>\n<meta property=\"og:url\" content=\"https:\/\/www.cadca.org\/fr\/careers\/\" \/>\n<meta property=\"og:site_name\" content=\"CADCA\" \/>\n<meta property=\"article:modified_time\" content=\"2025-06-02T16:26:27+00:00\" \/>\n<meta property=\"og:image\" content=\"https:\/\/www.cadca.org\/wp-content\/uploads\/2022\/03\/cadca-member-of-logo1.jpg\" \/>\n\t<meta property=\"og:image:width\" content=\"880\" \/>\n\t<meta property=\"og:image:height\" content=\"500\" \/>\n\t<meta property=\"og:image:type\" content=\"image\/jpeg\" \/>\n<meta name=\"twitter:card\" content=\"summary_large_image\" \/>\n<script type=\"application\/ld+json\" class=\"yoast-schema-graph\">{\"@context\":\"https:\/\/schema.org\",\"@graph\":[{\"@type\":\"WebPage\",\"@id\":\"https:\/\/www.cadca.org\/careers\/\",\"url\":\"https:\/\/www.cadca.org\/careers\/\",\"name\":\"Careers | CADCA\",\"isPartOf\":{\"@id\":\"https:\/\/www.cadca.org\/#website\"},\"datePublished\":\"2022-02-15T14:27:35+00:00\",\"dateModified\":\"2025-06-02T16:26:27+00:00\",\"description\":\"CADCA represents over 7,000 community coalitions that involve individuals from key sectors including schools, law enforcement, youth, parents, healthcare, media, tribal communities and others\",\"breadcrumb\":{\"@id\":\"https:\/\/www.cadca.org\/careers\/#breadcrumb\"},\"inLanguage\":\"fr-FR\",\"potentialAction\":[{\"@type\":\"ReadAction\",\"target\":[\"https:\/\/www.cadca.org\/careers\/\"]}]},{\"@type\":\"BreadcrumbList\",\"@id\":\"https:\/\/www.cadca.org\/careers\/#breadcrumb\",\"itemListElement\":[{\"@type\":\"ListItem\",\"position\":1,\"name\":\"Home\",\"item\":\"https:\/\/www.cadca.org\/\"},{\"@type\":\"ListItem\",\"position\":2,\"name\":\"Careers\"}]},{\"@type\":\"WebSite\",\"@id\":\"https:\/\/www.cadca.org\/#website\",\"url\":\"https:\/\/www.cadca.org\/\",\"name\":\"CADCA\",\"description\":\"The Premier Prevention Association\",\"potentialAction\":[{\"@type\":\"SearchAction\",\"target\":{\"@type\":\"EntryPoint\",\"urlTemplate\":\"https:\/\/www.cadca.org\/?s={search_term_string}\"},\"query-input\":{\"@type\":\"PropertyValueSpecification\",\"valueRequired\":true,\"valueName\":\"search_term_string\"}}],\"inLanguage\":\"fr-FR\"}]}<\/script>\n<!-- \/ Yoast SEO plugin. -->","yoast_head_json":{"title":"Careers | CADCA","description":"CADCA represents over 7,000 community coalitions that involve individuals from key sectors including schools, law enforcement, youth, parents, healthcare, media, tribal communities and others","robots":{"index":"index","follow":"follow","max-snippet":"max-snippet:-1","max-image-preview":"max-image-preview:large","max-video-preview":"max-video-preview:-1"},"canonical":"https:\/\/www.cadca.org\/fr\/careers\/","og_locale":"fr_FR","og_type":"article","og_title":"Careers | CADCA","og_description":"CADCA represents over 7,000 community coalitions that involve individuals from key sectors including schools, law enforcement, youth, parents, healthcare, media, tribal communities and others","og_url":"https:\/\/www.cadca.org\/fr\/careers\/","og_site_name":"CADCA","article_modified_time":"2025-06-02T16:26:27+00:00","og_image":[{"width":880,"height":500,"url":"https:\/\/www.cadca.org\/wp-content\/uploads\/2022\/03\/cadca-member-of-logo1.jpg","type":"image\/jpeg"}],"twitter_card":"summary_large_image","schema":{"@context":"https:\/\/schema.org","@graph":[{"@type":"WebPage","@id":"https:\/\/www.cadca.org\/careers\/","url":"https:\/\/www.cadca.org\/careers\/","name":"Careers | CADCA","isPartOf":{"@id":"https:\/\/www.cadca.org\/#website"},"datePublished":"2022-02-15T14:27:35+00:00","dateModified":"2025-06-02T16:26:27+00:00","description":"CADCA represents over 7,000 community coalitions that involve individuals from key sectors including schools, law enforcement, youth, parents, healthcare, media, tribal communities and others","breadcrumb":{"@id":"https:\/\/www.cadca.org\/careers\/#breadcrumb"},"inLanguage":"fr-FR","potentialAction":[{"@type":"ReadAction","target":["https:\/\/www.cadca.org\/careers\/"]}]},{"@type":"BreadcrumbList","@id":"https:\/\/www.cadca.org\/careers\/#breadcrumb","itemListElement":[{"@type":"ListItem","position":1,"name":"Home","item":"https:\/\/www.cadca.org\/"},{"@type":"ListItem","position":2,"name":"Careers"}]},{"@type":"WebSite","@id":"https:\/\/www.cadca.org\/#website","url":"https:\/\/www.cadca.org\/","name":"CADCA","description":"The Premier Prevention Association","potentialAction":[{"@type":"SearchAction","target":{"@type":"EntryPoint","urlTemplate":"https:\/\/www.cadca.org\/?s={search_term_string}"},"query-input":{"@type":"PropertyValueSpecification","valueRequired":true,"valueName":"search_term_string"}}],"inLanguage":"fr-FR"}]}},"_links":{"self":[{"href":"https:\/\/www.cadca.org\/fr\/wp-json\/wp\/v2\/pages\/861","targetHints":{"allow":["GET"]}}],"collection":[{"href":"https:\/\/www.cadca.org\/fr\/wp-json\/wp\/v2\/pages"}],"about":[{"href":"https:\/\/www.cadca.org\/fr\/wp-json\/wp\/v2\/types\/page"}],"author":[{"embeddable":true,"href":"https:\/\/www.cadca.org\/fr\/wp-json\/wp\/v2\/users\/23"}],"replies":[{"embeddable":true,"href":"https:\/\/www.cadca.org\/fr\/wp-json\/wp\/v2\/comments?post=861"}],"version-history":[{"count":0,"href":"https:\/\/www.cadca.org\/fr\/wp-json\/wp\/v2\/pages\/861\/revisions"}],"wp:attachment":[{"href":"https:\/\/www.cadca.org\/fr\/wp-json\/wp\/v2\/media?parent=861"}],"curies":[{"name":"wp","href":"https:\/\/api.w.org\/{rel}","templated":true}]}}