{"id":4089,"date":"2022-04-14T11:03:33","date_gmt":"2022-04-14T11:03:33","guid":{"rendered":"http:\/\/localhost:10028\/?page_id=4089"},"modified":"2023-08-01T20:52:37","modified_gmt":"2023-08-01T20:52:37","slug":"e-learning","status":"publish","type":"page","link":"https:\/\/www.cadca.org\/fr\/e-learning\/","title":{"rendered":"E-learning"},"content":{"rendered":"<style media=\"all\" type=\"text\/css\">\n\n    \/* xs & sm (mobile) *\/\n    @media (max-width: 767.98px) {\n        }\n\n    \/* md (tablet) *\/\n    @media (min-width: 768px) and (max-width: 1199.98px) {\n        }\n\n    \/* lg (desktop) *\/\n    @media (min-width: 1200px) {\n        }\n\n    \/* custom styles *\/\n    <\/style>\n<section class=\"e-learning block_36496f87511fcc59af5693ac296dca27\" id=\"block_36496f87511fcc59af5693ac296dca27\">\n    <div class=\"e-learning__container\">\n        <div class='e-learning__text'>\n            <h5>Opportunit\u00e9s d&#039;apprentissage en ligne<\/h5>\n<p><a href=\"https:\/\/cadca.docebosaas.com\/\">Acc\u00e9der aux cours en ligne<\/a><\/p>\n<p>Tout simplement, l&#039;apprentissage en ligne est un apprentissage \u00e9lectronique, et cela signifie g\u00e9n\u00e9ralement l&#039;utilisation d&#039;un ordinateur pour offrir une partie ou la totalit\u00e9 d&#039;une exp\u00e9rience d&#039;apprentissage. L&#039;apprentissage en ligne pr\u00e9sente plusieurs avantages, que ce soit pour vous-m\u00eame ou pour les parties prenantes de votre coalition. Explorons-en quelques-uns.<\/p>\n<p>\u2022\u00a0\u00a0 \u00a0<strong>C&#039;est \u00e9conomique et \u00e7a fait gagner du temps :<\/strong> CADCA comprend que les coalitions ont des budgets limit\u00e9s pour les \u00e9v\u00e9nements de formation. En r\u00e9duisant le temps pass\u00e9 hors du bureau, en supprimant les frais de d\u00e9placement et les options d&#039;impression de documents, l&#039;apprentissage en ligne permet d&#039;\u00e9conomiser de l&#039;argent et d&#039;augmenter la productivit\u00e9 sur le lieu de travail.<br \/>\n\u2022\u00a0\u00a0 \u00a0<strong>Davantage de parties prenantes peuvent profiter\u00a0:<\/strong> En raison de la rentabilit\u00e9 et de la facilit\u00e9 d&#039;acc\u00e8s, il est possible pour tout le personnel et les partenaires de la coalition de participer aux sessions d&#039;apprentissage en ligne. Ils appr\u00e9cieront la possibilit\u00e9 d&#039;apprendre de premi\u00e8re main et d&#039;acqu\u00e9rir un d\u00e9veloppement professionnel.<br \/>\n\u2022\u00a0\u00a0 \u00a0<strong>Apprentissage 24h\/24 et 7j\/7, o\u00f9 que vous soyez :<\/strong> Les parties prenantes de la coalition peuvent suivre la plupart des sessions d&#039;apprentissage en ligne quand et o\u00f9 elles le souhaitent. Ils peuvent d\u00e9marrer et arr\u00eater des sessions et revenir l\u00e0 o\u00f9 ils se sont arr\u00eat\u00e9s sans probl\u00e8me. Selon l&#039;opportunit\u00e9 d&#039;apprentissage en ligne, le module d&#039;apprentissage moyen dure de 30 minutes \u00e0 1,5 heure \u00e0 la fois.<br \/>\n\u2022\u00a0\u00a0 <strong>\u00a0Un justificatif de pr\u00e9sence est toujours possible :<\/strong> Un aspect important de l&#039;utilisation des ordinateurs pour l&#039;apprentissage est que les progr\u00e8s sont suivis et que la documentation de la participation est fournie automatiquement pour chaque apprenant. Pour les sessions qui ne sont pas suivies, CADCA peut g\u00e9n\u00e9ralement encore confirmer la pr\u00e9sence et fournir une lettre de participation.<br \/>\n\u2022\u00a0\u00a0 \u00a0<strong>C&#039;est discret : <\/strong>Tout le monde ne se sent pas \u00e0 l&#039;aise d&#039;apprendre dans un grand groupe ou n&#039;a pas peur de poser des questions sur un contenu qu&#039;il trouve difficile alors que les autres semblent comprendre facilement. L&#039;apprentissage en ligne permet aux apprenants d&#039;aborder le sujet \u00e0 leur propre rythme, avec des t\u00e2ches interactives pour assurer une compr\u00e9hension approfondie tout au long.<\/p>\n<p>Actuellement, CADCA propose deux types d&#039;exp\u00e9riences d&#039;apprentissage en ligne, des cours en ligne autodirig\u00e9s et des webinaires d&#039;information. Nous explorons des cours d&#039;apprentissage en ligne synchrones qui seraient similaires aux programmes en ligne de niveau sup\u00e9rieur.<\/p>\n<p style=\"text-align: center\"><span style=\"font-size: 20px\"><strong>Cours en vedette<\/strong><\/span><\/p>\n<p style=\"text-align: center\"><a href=\"https:\/\/cadca.docebosaas.com\/learn\/learning_plan\/view\/3\/transforming-your-community\"><img loading=\"lazy\" decoding=\"async\" class=\"aligncenter wp-image-19752\" src=\"https:\/\/www.cadca.org\/wp-content\/uploads\/2023\/08\/tycgraphicuse-300x150.png\" alt=\"\" width=\"450\" height=\"225\" srcset=\"https:\/\/www.cadca.org\/wp-content\/uploads\/2023\/08\/tycgraphicuse-300x150.png 300w, https:\/\/www.cadca.org\/wp-content\/uploads\/2023\/08\/tycgraphicuse-768x384.png 768w, https:\/\/www.cadca.org\/wp-content\/uploads\/2023\/08\/tycgraphicuse-18x9.png 18w, https:\/\/www.cadca.org\/wp-content\/uploads\/2023\/08\/tycgraphicuse.png 800w\" sizes=\"auto, (max-width: 450px) 100vw, 450px\" \/><\/a><\/p>\n        <\/div>\n        <div class=\"e-learning__columns\">\n                               <div class=\"e-learning__column-item\">\n                        <div> <img decoding=\"async\" src=\"https:\/\/www.cadca.org\/wp-content\/uploads\/2022\/04\/training_elearninglandingpage_webinar.jpeg\" \/> <\/div>\n                        <div>Les webinaires de CADCA, ou s\u00e9minaires en ligne, sont des pr\u00e9sentations visuelles avec une composante de style conf\u00e9rence transmises sur le Web \u00e0 l&#039;aide de Blackboard Collaborate. Les webinaires durent de 1 \u00e0 1,5 heures. Les sessions se concentrent g\u00e9n\u00e9ralement sur un principe d&#039;un sujet particulier et incluent souvent des exemples de coalition.<\/div>\n                    <\/div>\n                                    <div class=\"e-learning__column-item\">\n                        <div> <img decoding=\"async\" src=\"https:\/\/www.cadca.org\/wp-content\/uploads\/2022\/04\/training_elearninglandingpage_onlinecourses.png\" \/> <\/div>\n                        <div>Les cours en ligne de CADCA sont des modules autodirig\u00e9s qui sont accompagn\u00e9s de captures d&#039;\u00e9cran qui incluent les principaux points de chaque diapositive. Chaque module comprend une combinaison de sc\u00e9narios, de questions de r\u00e9flexion, d&#039;activit\u00e9s, de conf\u00e9rences et de quiz. \u00c0 la fin de chaque module, l&#039;apprenant sera invit\u00e9 \u00e0 remplir une \u00e9valuation des connaissances. Un certificat de r\u00e9ussite est remis \u00e0 ceux qui ont r\u00e9ussi le cours.<\/div>\n                    <\/div>\n                                    <div class=\"e-learning__column-item\">\n                        <div> <img decoding=\"async\" src=\"https:\/\/www.cadca.org\/wp-content\/uploads\/2022\/04\/training_elearninglandingpage_synchronouslearning.jpeg\" \/> <\/div>\n                        <div>L&#039;apprentissage synchrone fait r\u00e9f\u00e9rence \u00e0 un environnement d&#039;apprentissage dans lequel tout le monde participe en m\u00eame temps. L&#039;apprentissage en ligne synchrone permet aux apprenants de s&#039;inscrire et de se rencontrer r\u00e9guli\u00e8rement dans une salle de classe en ligne pour recevoir des instructions en temps r\u00e9el, collaborer avec des camarades de classe et travailler sur des produits d&#039;application dans l&#039;environnement virtuel.<\/div>\n                    <\/div>\n                        <\/div>\n        <div class=\"e-learning__links\">\n            <a href=\"https:\/\/cadca.docebosaas.com\/\" target=\"_blank\">Acc\u00e9der aux cours en ligne<\/a>\n        <\/div>\n    <\/div>\n<\/section>","protected":false},"excerpt":{"rendered":"","protected":false},"author":2,"featured_media":0,"parent":0,"menu_order":0,"comment_status":"closed","ping_status":"closed","template":"","meta":{"_acf_changed":false,"inline_featured_image":false,"footnotes":""},"class_list":["post-4089","page","type-page","status-publish","hentry"],"acf":[],"yoast_head":"<!-- This site is optimized with the Yoast SEO plugin v27.4 - https:\/\/yoast.com\/product\/yoast-seo-wordpress\/ -->\n<title>E-learning | CADCA<\/title>\n<meta name=\"description\" content=\"CADCA represents over 7,000 community coalitions that involve individuals from key sectors including schools, law enforcement, youth, parents, healthcare, media, tribal communities and others\" \/>\n<meta name=\"robots\" content=\"index, follow, max-snippet:-1, max-image-preview:large, max-video-preview:-1\" \/>\n<link rel=\"canonical\" href=\"https:\/\/www.cadca.org\/fr\/e-learning\/\" \/>\n<meta property=\"og:locale\" content=\"fr_FR\" \/>\n<meta property=\"og:type\" content=\"article\" \/>\n<meta property=\"og:title\" content=\"E-learning | CADCA\" \/>\n<meta property=\"og:description\" content=\"CADCA represents over 7,000 community coalitions that involve individuals from key sectors including schools, law enforcement, youth, parents, healthcare, media, tribal communities and others\" \/>\n<meta property=\"og:url\" content=\"https:\/\/www.cadca.org\/fr\/e-learning\/\" \/>\n<meta property=\"og:site_name\" content=\"CADCA\" \/>\n<meta property=\"article:modified_time\" content=\"2023-08-01T20:52:37+00:00\" \/>\n<meta property=\"og:image\" content=\"https:\/\/www.cadca.org\/wp-content\/uploads\/2022\/03\/cadca-member-of-logo1.jpg\" \/>\n\t<meta property=\"og:image:width\" content=\"880\" \/>\n\t<meta property=\"og:image:height\" content=\"500\" \/>\n\t<meta property=\"og:image:type\" content=\"image\/jpeg\" \/>\n<meta name=\"twitter:card\" content=\"summary_large_image\" \/>\n<script type=\"application\/ld+json\" class=\"yoast-schema-graph\">{\"@context\":\"https:\\\/\\\/schema.org\",\"@graph\":[{\"@type\":\"WebPage\",\"@id\":\"https:\\\/\\\/www.cadca.org\\\/e-learning\\\/\",\"url\":\"https:\\\/\\\/www.cadca.org\\\/e-learning\\\/\",\"name\":\"E-learning | CADCA\",\"isPartOf\":{\"@id\":\"https:\\\/\\\/www.cadca.org\\\/#website\"},\"datePublished\":\"2022-04-14T11:03:33+00:00\",\"dateModified\":\"2023-08-01T20:52:37+00:00\",\"description\":\"CADCA represents over 7,000 community coalitions that involve individuals from key sectors including schools, law enforcement, youth, parents, healthcare, media, tribal communities and others\",\"breadcrumb\":{\"@id\":\"https:\\\/\\\/www.cadca.org\\\/e-learning\\\/#breadcrumb\"},\"inLanguage\":\"fr-FR\",\"potentialAction\":[{\"@type\":\"ReadAction\",\"target\":[\"https:\\\/\\\/www.cadca.org\\\/e-learning\\\/\"]}]},{\"@type\":\"BreadcrumbList\",\"@id\":\"https:\\\/\\\/www.cadca.org\\\/e-learning\\\/#breadcrumb\",\"itemListElement\":[{\"@type\":\"ListItem\",\"position\":1,\"name\":\"Home\",\"item\":\"https:\\\/\\\/www.cadca.org\\\/\"},{\"@type\":\"ListItem\",\"position\":2,\"name\":\"E-learning\"}]},{\"@type\":\"WebSite\",\"@id\":\"https:\\\/\\\/www.cadca.org\\\/#website\",\"url\":\"https:\\\/\\\/www.cadca.org\\\/\",\"name\":\"CADCA\",\"description\":\"The Premier Prevention Association\",\"potentialAction\":[{\"@type\":\"SearchAction\",\"target\":{\"@type\":\"EntryPoint\",\"urlTemplate\":\"https:\\\/\\\/www.cadca.org\\\/?s={search_term_string}\"},\"query-input\":{\"@type\":\"PropertyValueSpecification\",\"valueRequired\":true,\"valueName\":\"search_term_string\"}}],\"inLanguage\":\"fr-FR\"}]}<\/script>\n<!-- \/ Yoast SEO plugin. -->","yoast_head_json":{"title":"E-learning | CADCA","description":"CADCA represents over 7,000 community coalitions that involve individuals from key sectors including schools, law enforcement, youth, parents, healthcare, media, tribal communities and others","robots":{"index":"index","follow":"follow","max-snippet":"max-snippet:-1","max-image-preview":"max-image-preview:large","max-video-preview":"max-video-preview:-1"},"canonical":"https:\/\/www.cadca.org\/fr\/e-learning\/","og_locale":"fr_FR","og_type":"article","og_title":"E-learning | CADCA","og_description":"CADCA represents over 7,000 community coalitions that involve individuals from key sectors including schools, law enforcement, youth, parents, healthcare, media, tribal communities and others","og_url":"https:\/\/www.cadca.org\/fr\/e-learning\/","og_site_name":"CADCA","article_modified_time":"2023-08-01T20:52:37+00:00","og_image":[{"width":880,"height":500,"url":"https:\/\/www.cadca.org\/wp-content\/uploads\/2022\/03\/cadca-member-of-logo1.jpg","type":"image\/jpeg"}],"twitter_card":"summary_large_image","schema":{"@context":"https:\/\/schema.org","@graph":[{"@type":"WebPage","@id":"https:\/\/www.cadca.org\/e-learning\/","url":"https:\/\/www.cadca.org\/e-learning\/","name":"E-learning | CADCA","isPartOf":{"@id":"https:\/\/www.cadca.org\/#website"},"datePublished":"2022-04-14T11:03:33+00:00","dateModified":"2023-08-01T20:52:37+00:00","description":"CADCA represents over 7,000 community coalitions that involve individuals from key sectors including schools, law enforcement, youth, parents, healthcare, media, tribal communities and others","breadcrumb":{"@id":"https:\/\/www.cadca.org\/e-learning\/#breadcrumb"},"inLanguage":"fr-FR","potentialAction":[{"@type":"ReadAction","target":["https:\/\/www.cadca.org\/e-learning\/"]}]},{"@type":"BreadcrumbList","@id":"https:\/\/www.cadca.org\/e-learning\/#breadcrumb","itemListElement":[{"@type":"ListItem","position":1,"name":"Home","item":"https:\/\/www.cadca.org\/"},{"@type":"ListItem","position":2,"name":"E-learning"}]},{"@type":"WebSite","@id":"https:\/\/www.cadca.org\/#website","url":"https:\/\/www.cadca.org\/","name":"CADCA","description":"The Premier Prevention Association","potentialAction":[{"@type":"SearchAction","target":{"@type":"EntryPoint","urlTemplate":"https:\/\/www.cadca.org\/?s={search_term_string}"},"query-input":{"@type":"PropertyValueSpecification","valueRequired":true,"valueName":"search_term_string"}}],"inLanguage":"fr-FR"}]}},"_links":{"self":[{"href":"https:\/\/www.cadca.org\/fr\/wp-json\/wp\/v2\/pages\/4089","targetHints":{"allow":["GET"]}}],"collection":[{"href":"https:\/\/www.cadca.org\/fr\/wp-json\/wp\/v2\/pages"}],"about":[{"href":"https:\/\/www.cadca.org\/fr\/wp-json\/wp\/v2\/types\/page"}],"author":[{"embeddable":true,"href":"https:\/\/www.cadca.org\/fr\/wp-json\/wp\/v2\/users\/2"}],"replies":[{"embeddable":true,"href":"https:\/\/www.cadca.org\/fr\/wp-json\/wp\/v2\/comments?post=4089"}],"version-history":[{"count":0,"href":"https:\/\/www.cadca.org\/fr\/wp-json\/wp\/v2\/pages\/4089\/revisions"}],"wp:attachment":[{"href":"https:\/\/www.cadca.org\/fr\/wp-json\/wp\/v2\/media?parent=4089"}],"curies":[{"name":"wp","href":"https:\/\/api.w.org\/{rel}","templated":true}]}}