{"id":3,"date":"2022-01-21T09:49:03","date_gmt":"2022-01-21T09:49:03","guid":{"rendered":"http:\/\/localhost:10028\/?page_id=3"},"modified":"2022-03-08T07:54:08","modified_gmt":"2022-03-08T07:54:08","slug":"privacy-policy","status":"publish","type":"page","link":"https:\/\/www.cadca.org\/fr\/privacy-policy\/","title":{"rendered":"Politique de confidentialit\u00e9"},"content":{"rendered":"<style media=\"all\" type=\"text\/css\">\n\n    \n    \/* xs & sm (mobile) *\/\n    @media (max-width: 767.98px) {\n        }\n\n    \/* md (tablet) *\/\n    @media (min-width: 768px) and (max-width: 1199.98px) {\n        }\n\n    \/* lg (desktop) *\/\n    @media (min-width: 1200px) {\n        }\n\n    \/* custom styles *\/\n    <\/style>\n<section class=\"rte article-format  block_62270ae043327\" id=\"block_62270ae043327\">\n    <div class=\"container\">\n        <h2>Politique de confidentialit\u00e9<\/h2>\n<p>La Community Anti-Drug Coalitions of America (CADCA) s&#039;engage \u00e0 respecter la vie priv\u00e9e. Cette politique de confidentialit\u00e9 r\u00e9git notre collecte et notre utilisation des informations personnelles et commerciales collect\u00e9es aupr\u00e8s des membres et des visiteurs de notre site Web, par le biais de notre correspondance par e-mail et courrier postal, appels t\u00e9l\u00e9phoniques et fax, et refl\u00e8te nos politiques en mati\u00e8re de confidentialit\u00e9 en ce qui concerne tous les autres moyens de collecte. et la diffusion des donn\u00e9es. Notre politique est d&#039;utiliser toutes les donn\u00e9es collect\u00e9es par quelque moyen que ce soit, que ce soit par Internet, par e-mail, notre base de donn\u00e9es en ligne et\/ou tout formulaire ou sondage interactif, uniquement \u00e0 des fins importantes pour notre organisation et notre cause.<\/p>\n<p><strong>Visiteurs du site Web et s\u00e9curit\u00e9 du site Web<\/strong><br \/>\nLe site Web de CADCA recueille des informations sur chaque visiteur de notre site Web des mani\u00e8res suivantes :<\/p>\n<ul>\n<li><strong>Adresses IP<\/strong><br \/>\nVotre adresse IP ne r\u00e9v\u00e8le aucune information personnelle sur vous ou vos activit\u00e9s. Notre h\u00e9bergeur de serveur Web enregistre toutes les adresses IP de tous les visiteurs pour automatiser la collecte d&#039;informations concernant le trafic Web, l&#039;utilisation, la dur\u00e9e de s\u00e9jour des visiteurs, les nouveaux visiteurs, les points d&#039;entr\u00e9e et de sortie, etc. Il est \u00e9galement utilis\u00e9 comme information statistique pour les rapports et pour trouver des moyens d&#039;am\u00e9liorer la convivialit\u00e9 du Web.<\/li>\n<li><strong>Biscuits<\/strong><br \/>\nNotre site Web utilise des cookies pour recueillir des informations sur le trafic et pour am\u00e9liorer votre visite sur notre site. Un cookie est : \u00ab Un message envoy\u00e9 \u00e0 un navigateur Web par un serveur Web. Le navigateur stocke le message dans un fichier texte. Le message est ensuite renvoy\u00e9 au serveur chaque fois que le navigateur demande une page au serveur. Les cookies sont utilis\u00e9s pour personnaliser les pages Web afin de fournir \u00e0 l&#039;utilisateur des pr\u00e9f\u00e9rences. Ils peuvent \u00eatre d\u00e9sactiv\u00e9s dans votre navigateur si vous le souhaitez en configurant les pr\u00e9f\u00e9rences de votre navigateur pour ne pas les accepter. Aucune information recueillie par les cookies que nous avons sur notre site n&#039;est utilis\u00e9e pour diffuser des informations sur votre utilisation personnelle d&#039;Internet, ni \u00e0 des fins de marketing ou de publicit\u00e9.<\/li>\n<li><strong>Formulaires en ligne<\/strong><br \/>\nDes formulaires en ligne sont g\u00e9n\u00e9r\u00e9s par notre base de donn\u00e9es pour recueillir des informations sur vous et votre organisation lorsque vous vous inscrivez en tant que membre, pr\u00e9sentateur, \u00e9v\u00e9nement ou formation. Aucune de ces informations n&#039;est partag\u00e9e avec des tiers, \u00e0 l&#039;exception de celles qui sont destin\u00e9es \u00e0 \u00eatre affich\u00e9es sur les pages de r\u00e9sultats, comme indiqu\u00e9 sur le formulaire. Si vous publiez des informations disponibles sur le Web et que vous souhaitez les faire supprimer ou corriger, veuillez nous contacter et nous r\u00e9pondrons \u00e0 votre demande dans les plus brefs d\u00e9lais.<\/li>\n<li><strong>Correspondance<\/strong><br \/>\nAucune de vos informations de contact ou de votre correspondance que vous envoyez par courrier ordinaire, en ligne via des formulaires, par e-mail ou par tout autre moyen n&#039;est jamais vendue \u00e0 des tiers en aucune circonstance, et n&#039;est utilis\u00e9e que pour mener nos activit\u00e9s quotidiennes dans l&#039;accomplissement de notre mission dans le cadre de nos politiques en tant qu&#039;entit\u00e9 \u00e0 but non lucratif.<\/li>\n<\/ul>\n<p><strong>Pratiques de partage CADCA<\/strong><br \/>\nAucune des informations que nous collectons n&#039;est partag\u00e9e avec des tiers, sauf sous forme de statistiques agr\u00e9g\u00e9es \u00e0 des fins de rapport sur les performances organisationnelles, de capture et de d\u00e9finition des mod\u00e8les de trafic Web et d&#039;am\u00e9lioration du site Web. Les informations de ce type ne sont jamais utilis\u00e9es pour suivre ou surveiller les utilisateurs individuels. Notre objectif est de fournir des communications et une collaboration avec et entre les organisations \u00e0 but non lucratif, d&#039;am\u00e9liorer le flux d&#039;informations vers la communaut\u00e9 des organisations \u00e0 but non lucratif et d&#039;am\u00e9liorer le contenu et la convivialit\u00e9 de notre site Web, de nos programmes, de nos produits et de nos services. Si vous nous envoyez des questions sur le contenu de notre site Web ou l&#039;un de nos domaines d&#039;activit\u00e9, nous pouvons transmettre votre demande d&#039;informations \u00e0 des parties qui seraient en mesure de vous aider, ou nous pouvons vous r\u00e9pondre avec ces informations en nature. Vous pouvez \u00e0 tout moment nous demander de ne pas le faire, et nous nous conformerons \u00e0 cette demande, sauf si nous sommes tenus par des r\u00e9glementations l\u00e9gales ou une ordonnance d&#039;un tribunal de le faire. Il est peu probable que nous vous contactions pour v\u00e9rification, mais nous nous r\u00e9servons le droit de le faire si cela devenait n\u00e9cessaire. Si vous nous contactez par e-mail ou par t\u00e9l\u00e9phone, nous pouvons vous demander de v\u00e9rifier vos informations personnelles afin que nous puissions r\u00e9pondre \u00e0 votre demande avec une assurance de votre identit\u00e9. Notre base de donn\u00e9es en ligne est prot\u00e9g\u00e9e par la s\u00e9curit\u00e9 mise en place pour pr\u00e9server l&#039;int\u00e9grit\u00e9 des donn\u00e9es et emp\u00eacher l&#039;acc\u00e8s et\/ou l&#039;utilisation non autoris\u00e9s de ses syst\u00e8mes. Ces mesures de s\u00e9curit\u00e9 ont \u00e9t\u00e9 con\u00e7ues pour fournir \u00e0 l&#039;utilisateur une protection raisonnable des informations priv\u00e9es confi\u00e9es en notre possession.<\/p>\n<p><strong>Opt In\/Opt Out de CADCA Coalitions Online (CO) Enewsletter et Eblasts<\/strong><br \/>\nLes membres (individuels, groupes d&#039;int\u00e9r\u00eats sp\u00e9ciaux, coalitions) et affili\u00e9s (partenaires f\u00e9d\u00e9raux, commanditaires, exposants) re\u00e7oivent automatiquement le CO hebdomadaire et divers eblasts distribu\u00e9s par CADCA. Une fois que vous faites partie de nos listes de contacts\/distribution, vous pouvez vous d\u00e9sinscrire \u00e0 tout moment en contactant CADCA par e-mail (<a href=\"mailto:news@cadca.org\">news@cadca.org<\/a>) ou en appelant\u00a0<strong>703-706-0560 poste 262<\/strong>.<\/p>\n<p><strong>Liens vers d&#039;autres sites Web<\/strong><br \/>\nNotre site Web contient des liens vers de nombreux autres sites Web aux niveaux international, national, r\u00e9gional, \u00e9tatique et local. Bien que nous travaillions dur pour nous assurer que nous \u00e9tablissons des liens vers des sites appropri\u00e9s et assumons l&#039;enti\u00e8re responsabilit\u00e9 du contenu de notre site et de notre propre politique de confidentialit\u00e9, nous ne sommes pas responsables des pratiques de confidentialit\u00e9 ou du contenu des sites vers lesquels nous \u00e9tablissons des liens.<\/p>\n<p><strong>Sondages en ligne<\/strong><br \/>\nOccasionnellement, nous pouvons vous demander de participer \u00e0 des sondages en ligne dans l&#039;int\u00e9r\u00eat de l&#039;accomplissement de notre mission. Ces sondages sont toujours effectu\u00e9s sur une base volontaire et il n&#039;est pas n\u00e9cessaire que vous les remplissiez. Si vous d\u00e9cidez de remplir une enqu\u00eate, les types d&#039;informations collect\u00e9es peuvent inclure des donn\u00e9es d\u00e9mographiques telles que les codes postaux, le groupe d&#039;\u00e2ge, l&#039;origine ethnique, les services re\u00e7us ou fournis, etc. Cependant, aucune de ces informations ne sera collect\u00e9e sur un individu ou qui peut \u00eatre utilis\u00e9 pour identifier n&#039;importe quel individu. Les informations d&#039;enqu\u00eate sont utilis\u00e9es dans leur ensemble pour am\u00e9liorer nos services organisationnels et en ligne.<\/p>\n<p><strong>Utilisation des photos, vid\u00e9os et enregistrements<\/strong><br \/>\nLes photographies, vid\u00e9os ou enregistrements audio pris lors d&#039;\u00e9v\u00e9nements CADCA peuvent \u00eatre utilis\u00e9s par CADCA dans des promotions \u00e9lectroniques ou imprim\u00e9es ou du mat\u00e9riel \u00e9ducatif. Si vous ne souhaitez pas que votre image ou votre enregistrement vocal soit utilis\u00e9, veuillez donner votre nom \u00e0 un membre du personnel de la CADCA lors de l&#039;\u00e9v\u00e9nement concern\u00e9 et lui faire part de votre demande.<\/p>\n<p><strong>Listes de conf\u00e9rence<\/strong><br \/>\nEn vous inscrivant \u00e0 l&#039;un des \u00e9v\u00e9nements de la CADCA, vous nous autorisez \u00e0 inscrire votre nom, votre organisation et votre ville\/\u00e9tat sur le site Web de l&#039;\u00e9v\u00e9nement sous l&#039;onglet \u00ab Qui participe \u00bb. Une fois inscrit, vous pouvez vous d\u00e9sinscrire \u00e0 tout moment en contactant CADCA par e-mail (<a href=\"mailto:events@cadca.org\">events@cadca.org<\/a>) ou en appelant le 703-706-0560 x253.<\/p>\n<p><strong>Registres de paiement<\/strong><br \/>\nLa CADCA recueille et stocke les num\u00e9ros de carte de cr\u00e9dit lors de l&#039;inscription \u00e0 un \u00e9v\u00e9nement, de l&#039;achat d&#039;un article ou d&#039;un don, qui sont stock\u00e9s dans notre base de donn\u00e9es. Les formulaires papier re\u00e7us avec les d\u00e9tails de paiement sont stock\u00e9s dans un emplacement s\u00e9curis\u00e9 et conserv\u00e9s uniquement pendant la p\u00e9riode requise par l&#039;IRS (apr\u00e8s cela, les formulaires sont d\u00e9chiquet\u00e9s pour votre s\u00e9curit\u00e9). CADCA se conforme \u00e0 la norme de s\u00e9curit\u00e9 des donn\u00e9es de l&#039;industrie des cartes de paiement (PCI DSS), qui est un ensemble d&#039;exigences con\u00e7ues pour garantir que TOUTES les entreprises qui traitent, stockent ou transmettent des informations de carte de cr\u00e9dit maintiennent un environnement s\u00e9curis\u00e9. Seuls certains membres du personnel de la CADCA concern\u00e9s ont acc\u00e8s aux dossiers financiers de notre base de donn\u00e9es et aucune de ces informations n&#039;est partag\u00e9e avec des tiers.<\/p>\n<p><strong>Nous contacter<\/strong><br \/>\nSi vous pensez que vos informations personnelles et\/ou priv\u00e9es sont utilis\u00e9es \u00e0 des fins autres que celles pr\u00e9vues, ou si vous avez des questions concernant notre politique de confidentialit\u00e9 ou les pratiques de notre site, contactez CADCA par e-mail (<a href=\"mailto:membership@cadca.org\">membership@cadca.org<\/a>) ou en appelant le 703-706-0560 x228, et le personnel de la CADCA s&#039;en occupera imm\u00e9diatement.<\/p>\n    <\/div>\n<\/section>","protected":false},"excerpt":{"rendered":"","protected":false},"author":23,"featured_media":0,"parent":0,"menu_order":0,"comment_status":"closed","ping_status":"closed","template":"","meta":{"_acf_changed":false,"inline_featured_image":false,"footnotes":""},"class_list":["post-3","page","type-page","status-publish","hentry"],"acf":[],"yoast_head":"<!-- This site is optimized with the Yoast SEO plugin v26.8 - https:\/\/yoast.com\/product\/yoast-seo-wordpress\/ -->\n<title>Privacy Policy | CADCA<\/title>\n<meta name=\"description\" content=\"CADCA represents over 7,000 community coalitions that involve individuals from key sectors including schools, law enforcement, youth, parents, healthcare, media, tribal communities and others\" \/>\n<meta name=\"robots\" content=\"index, follow, max-snippet:-1, max-image-preview:large, max-video-preview:-1\" \/>\n<link rel=\"canonical\" href=\"https:\/\/www.cadca.org\/fr\/privacy-policy\/\" \/>\n<meta property=\"og:locale\" content=\"fr_FR\" \/>\n<meta property=\"og:type\" content=\"article\" \/>\n<meta property=\"og:title\" content=\"Privacy Policy | CADCA\" \/>\n<meta property=\"og:description\" content=\"CADCA represents over 7,000 community coalitions that involve individuals from key sectors including schools, law enforcement, youth, parents, healthcare, media, tribal communities and others\" \/>\n<meta property=\"og:url\" content=\"https:\/\/www.cadca.org\/fr\/privacy-policy\/\" \/>\n<meta property=\"og:site_name\" content=\"CADCA\" \/>\n<meta property=\"article:modified_time\" content=\"2022-03-08T07:54:08+00:00\" \/>\n<meta property=\"og:image\" content=\"https:\/\/www.cadca.org\/wp-content\/uploads\/2022\/03\/cadca-member-of-logo1.jpg\" \/>\n\t<meta property=\"og:image:width\" content=\"880\" \/>\n\t<meta property=\"og:image:height\" content=\"500\" \/>\n\t<meta property=\"og:image:type\" content=\"image\/jpeg\" \/>\n<meta name=\"twitter:card\" content=\"summary_large_image\" \/>\n<script type=\"application\/ld+json\" class=\"yoast-schema-graph\">{\"@context\":\"https:\/\/schema.org\",\"@graph\":[{\"@type\":\"WebPage\",\"@id\":\"https:\/\/www.cadca.org\/privacy-policy\/\",\"url\":\"https:\/\/www.cadca.org\/privacy-policy\/\",\"name\":\"Privacy Policy | CADCA\",\"isPartOf\":{\"@id\":\"https:\/\/www.cadca.org\/#website\"},\"datePublished\":\"2022-01-21T09:49:03+00:00\",\"dateModified\":\"2022-03-08T07:54:08+00:00\",\"description\":\"CADCA represents over 7,000 community coalitions that involve individuals from key sectors including schools, law enforcement, youth, parents, healthcare, media, tribal communities and others\",\"breadcrumb\":{\"@id\":\"https:\/\/www.cadca.org\/privacy-policy\/#breadcrumb\"},\"inLanguage\":\"fr-FR\",\"potentialAction\":[{\"@type\":\"ReadAction\",\"target\":[\"https:\/\/www.cadca.org\/privacy-policy\/\"]}]},{\"@type\":\"BreadcrumbList\",\"@id\":\"https:\/\/www.cadca.org\/privacy-policy\/#breadcrumb\",\"itemListElement\":[{\"@type\":\"ListItem\",\"position\":1,\"name\":\"Home\",\"item\":\"https:\/\/www.cadca.org\/\"},{\"@type\":\"ListItem\",\"position\":2,\"name\":\"Privacy Policy\"}]},{\"@type\":\"WebSite\",\"@id\":\"https:\/\/www.cadca.org\/#website\",\"url\":\"https:\/\/www.cadca.org\/\",\"name\":\"CADCA\",\"description\":\"The Premier Prevention Association\",\"potentialAction\":[{\"@type\":\"SearchAction\",\"target\":{\"@type\":\"EntryPoint\",\"urlTemplate\":\"https:\/\/www.cadca.org\/?s={search_term_string}\"},\"query-input\":{\"@type\":\"PropertyValueSpecification\",\"valueRequired\":true,\"valueName\":\"search_term_string\"}}],\"inLanguage\":\"fr-FR\"}]}<\/script>\n<!-- \/ Yoast SEO plugin. -->","yoast_head_json":{"title":"Privacy Policy | CADCA","description":"CADCA represents over 7,000 community coalitions that involve individuals from key sectors including schools, law enforcement, youth, parents, healthcare, media, tribal communities and others","robots":{"index":"index","follow":"follow","max-snippet":"max-snippet:-1","max-image-preview":"max-image-preview:large","max-video-preview":"max-video-preview:-1"},"canonical":"https:\/\/www.cadca.org\/fr\/privacy-policy\/","og_locale":"fr_FR","og_type":"article","og_title":"Privacy Policy | CADCA","og_description":"CADCA represents over 7,000 community coalitions that involve individuals from key sectors including schools, law enforcement, youth, parents, healthcare, media, tribal communities and others","og_url":"https:\/\/www.cadca.org\/fr\/privacy-policy\/","og_site_name":"CADCA","article_modified_time":"2022-03-08T07:54:08+00:00","og_image":[{"width":880,"height":500,"url":"https:\/\/www.cadca.org\/wp-content\/uploads\/2022\/03\/cadca-member-of-logo1.jpg","type":"image\/jpeg"}],"twitter_card":"summary_large_image","schema":{"@context":"https:\/\/schema.org","@graph":[{"@type":"WebPage","@id":"https:\/\/www.cadca.org\/privacy-policy\/","url":"https:\/\/www.cadca.org\/privacy-policy\/","name":"Privacy Policy | CADCA","isPartOf":{"@id":"https:\/\/www.cadca.org\/#website"},"datePublished":"2022-01-21T09:49:03+00:00","dateModified":"2022-03-08T07:54:08+00:00","description":"CADCA represents over 7,000 community coalitions that involve individuals from key sectors including schools, law enforcement, youth, parents, healthcare, media, tribal communities and others","breadcrumb":{"@id":"https:\/\/www.cadca.org\/privacy-policy\/#breadcrumb"},"inLanguage":"fr-FR","potentialAction":[{"@type":"ReadAction","target":["https:\/\/www.cadca.org\/privacy-policy\/"]}]},{"@type":"BreadcrumbList","@id":"https:\/\/www.cadca.org\/privacy-policy\/#breadcrumb","itemListElement":[{"@type":"ListItem","position":1,"name":"Home","item":"https:\/\/www.cadca.org\/"},{"@type":"ListItem","position":2,"name":"Privacy Policy"}]},{"@type":"WebSite","@id":"https:\/\/www.cadca.org\/#website","url":"https:\/\/www.cadca.org\/","name":"CADCA","description":"The Premier Prevention Association","potentialAction":[{"@type":"SearchAction","target":{"@type":"EntryPoint","urlTemplate":"https:\/\/www.cadca.org\/?s={search_term_string}"},"query-input":{"@type":"PropertyValueSpecification","valueRequired":true,"valueName":"search_term_string"}}],"inLanguage":"fr-FR"}]}},"_links":{"self":[{"href":"https:\/\/www.cadca.org\/fr\/wp-json\/wp\/v2\/pages\/3","targetHints":{"allow":["GET"]}}],"collection":[{"href":"https:\/\/www.cadca.org\/fr\/wp-json\/wp\/v2\/pages"}],"about":[{"href":"https:\/\/www.cadca.org\/fr\/wp-json\/wp\/v2\/types\/page"}],"author":[{"embeddable":true,"href":"https:\/\/www.cadca.org\/fr\/wp-json\/wp\/v2\/users\/23"}],"replies":[{"embeddable":true,"href":"https:\/\/www.cadca.org\/fr\/wp-json\/wp\/v2\/comments?post=3"}],"version-history":[{"count":0,"href":"https:\/\/www.cadca.org\/fr\/wp-json\/wp\/v2\/pages\/3\/revisions"}],"wp:attachment":[{"href":"https:\/\/www.cadca.org\/fr\/wp-json\/wp\/v2\/media?parent=3"}],"curies":[{"name":"wp","href":"https:\/\/api.w.org\/{rel}","templated":true}]}}