{"id":18643,"date":"2023-05-15T15:27:43","date_gmt":"2023-05-15T15:27:43","guid":{"rendered":"https:\/\/cadca1stg.wpengine.com\/?page_id=18643"},"modified":"2026-02-27T13:26:16","modified_gmt":"2026-02-27T13:26:16","slug":"blue-ribbon-coalitions","status":"publish","type":"page","link":"https:\/\/www.cadca.org\/fr\/blue-ribbon-coalitions\/","title":{"rendered":"Blue Ribbon Coalition Initiative"},"content":{"rendered":"<div style=\"height:25px\" aria-hidden=\"true\" class=\"wp-block-spacer\"><\/div>\n\n\n<style media=\"all\" type=\"text\/css\">\n\n    \/* xs & sm (mobile) *\/\n    @media (max-width: 767.98px) {\n        }\n\n    \/* md (tablet) *\/\n    @media (min-width: 768px) and (max-width: 1199.98px) {\n        }\n\n    \/* lg (desktop) *\/\n    @media (min-width: 1200px) {\n        }\n\n    \/* custom styles *\/\n    <\/style>\n<style>\n                #block_af602982b2949f059f90ca79efe096cf { \n                    padding-top: 40px;\n                    \n                 }\n              <\/style><section class=\"page_intro block_af602982b2949f059f90ca79efe096cf\" id=\"block_af602982b2949f059f90ca79efe096cf\">\n    <div class=\"container\">\n        <h1>Blue Ribbon Coalition Initiative<\/h1>\n            <\/div>\n<\/section>\n\n\n<style media=\"all\" type=\"text\/css\">\n\n    \n    \/* xs & sm (mobile) *\/\n    @media (max-width: 767.98px) {\n        }\n\n    \/* md (tablet) *\/\n    @media (min-width: 768px) and (max-width: 1199.98px) {\n        }\n\n    \/* lg (desktop) *\/\n    @media (min-width: 1200px) {\n        }\n\n    \/* custom styles *\/\n    .btn{\r\n\tfont-family: 'Inter', sans-serif;\r\n    font-weight: 500;\r\n    font-size: 18px;\r\n    color: #FFF !important;\r\n    background: #00aeef;\r\n    display: inline-block;\r\n    padding: 0px 20px 0px 20px;\r\n    transition: all .3s linear;\r\n    text-transform: capitalize;\r\n    line-height: 40px;\r\n    border-radius: 5px;\r\n    border: 1px solid transparent;\r\n    text-decoration: none;\r\n    position: relative;\r\n}\r\n\r\n.btn:hover{\r\n    background: #FFF;\r\n    color: #30aeef !important;\r\n    border-color: #30aeef;\r\n}\r\n<\/style>\n<section class=\"rte  block_c986c5d6184c93c692ce4448f01a183f\" id=\"block_c986c5d6184c93c692ce4448f01a183f\">\n    <div class=\"container\">\n        <p><img loading=\"lazy\" decoding=\"async\" class=\"aligncenter wp-image-20213 size-medium\" src=\"https:\/\/www.cadca.org\/wp-content\/uploads\/2023\/11\/BRC-1100-x-1100-px-1-300x300.png\" alt=\"\" width=\"300\" height=\"300\" srcset=\"https:\/\/www.cadca.org\/wp-content\/uploads\/2023\/11\/BRC-1100-x-1100-px-1-300x300.png 300w, https:\/\/www.cadca.org\/wp-content\/uploads\/2023\/11\/BRC-1100-x-1100-px-1-1024x1024.png 1024w, https:\/\/www.cadca.org\/wp-content\/uploads\/2023\/11\/BRC-1100-x-1100-px-1-150x150.png 150w, https:\/\/www.cadca.org\/wp-content\/uploads\/2023\/11\/BRC-1100-x-1100-px-1-768x768.png 768w, https:\/\/www.cadca.org\/wp-content\/uploads\/2023\/11\/BRC-1100-x-1100-px-1-12x12.png 12w, https:\/\/www.cadca.org\/wp-content\/uploads\/2023\/11\/BRC-1100-x-1100-px-1.png 1100w\" sizes=\"auto, (max-width: 300px) 100vw, 300px\" \/><\/p>\n    <\/div>\n<\/section>\n\n\n<style media=\"all\" type=\"text\/css\">\n\n    \n    \/* xs & sm (mobile) *\/\n    @media (max-width: 767.98px) {\n        }\n\n    \/* md (tablet) *\/\n    @media (min-width: 768px) and (max-width: 1199.98px) {\n        }\n\n    \/* lg (desktop) *\/\n    @media (min-width: 1200px) {\n        }\n\n    \/* custom styles *\/\n    .btn{\r\n\tfont-family: 'Inter', sans-serif;\r\n    font-weight: 500;\r\n    font-size: 18px;\r\n    color: #FFF !important;\r\n    background: #00aeef;\r\n    display: inline-block;\r\n    padding: 0px 20px 0px 20px;\r\n    transition: all .3s linear;\r\n    text-transform: capitalize;\r\n    line-height: 40px;\r\n    border-radius: 5px;\r\n    border: 1px solid transparent;\r\n    text-decoration: none;\r\n    position: relative;\r\n}\r\n\r\n.btn:hover{\r\n    background: #FFF;\r\n    color: #30aeef !important;\r\n    border-color: #30aeef;\r\n}\r\n<\/style>\n<section class=\"rte  block_8ea38e1cd076be9b11783194ae28a426\" id=\"block_8ea38e1cd076be9b11783194ae28a426\">\n    <div class=\"container\">\n        <p>The Blue Ribbon Coalition (BRC) is the only community credential that recognizes coalitions demonstrating positive outcomes in substance misuse prevention. Established by CADCA&#8217;s Evalutation and Research division, it is nationally recognized by the White House Office of National Drug Control Policy, state and local governments, and has been awarded the ASAE Power of Associations Silver Award. The BRC initiative helps coalitions sustain and grow their prevention efforts by bridging the gap between training and long-term impact, providing a platform for them to showcase and refine their prevention tools through an annual application process. Awarded coalitions receive in-depth feedback, free development support, and a nationally respected credential that helps secure additional funding and partnerships\u2014empowering them to keep making a difference in their communities. Since its inception in 2021, the initiative has recognized 60 coalitions across the nation for their commitment to evidence-based strategies and community-level outcomes.<\/p>\n<p style=\"text-align: center\"><span style=\"font-size: 20px\"><strong>2025 Submissions Temporarily Closed<\/strong><\/span><\/p>\n<p>We are currently not accepting applications for 2025 as we work on enhancing the program and preparing for the next round of submissions. We encourage you to check back regularly for updates and details about when applications will reopen. In the meantime, we invite you to explore the inspiring stories of our past Blue Ribbon Coalitions.<\/p>\n<p style=\"text-align: center\"><a class=\"btn\" href=\"https:\/\/www.cadca.org\/fr\/blue-ribbon-coalitions\/awarded-blue-ribbon-coalitions\/\">Celebrate Our Past Winners<\/a><\/p>\n    <\/div>\n<\/section>\n\n\n<style media=\"all\" type=\"text\/css\">\n\n    \n    \/* xs & sm (mobile) *\/\n    @media (max-width: 767.98px) {\n        }\n\n    \/* md (tablet) *\/\n    @media (min-width: 768px) and (max-width: 1199.98px) {\n        }\n\n    \/* lg (desktop) *\/\n    @media (min-width: 1200px) {\n        }\n\n    \/* custom styles *\/\n    <\/style>\n<section class=\"rte  block_206846285587bc7639cf881e1cd91739\" id=\"block_206846285587bc7639cf881e1cd91739\">\n    <div class=\"container\">\n        <p><img loading=\"lazy\" decoding=\"async\" class=\"aligncenter wp-image-19897 size-medium\" src=\"https:\/\/www.cadca.org\/wp-content\/uploads\/2023\/08\/Picture1-300x255.png\" alt=\"\" width=\"300\" height=\"255\" srcset=\"https:\/\/www.cadca.org\/wp-content\/uploads\/2023\/08\/Picture1-300x255.png 300w, https:\/\/www.cadca.org\/wp-content\/uploads\/2023\/08\/Picture1-14x12.png 14w, https:\/\/www.cadca.org\/wp-content\/uploads\/2023\/08\/Picture1.png 408w\" sizes=\"auto, (max-width: 300px) 100vw, 300px\" \/><\/p>\n<p><span style=\"font-size: 14px\"><em>Ce mat\u00e9riel est bas\u00e9 sur des travaux soutenus par le Bureau de la politique nationale de contr\u00f4le des drogues sous la subvention n\u00b0 G2299ONDCP08A. Les opinions et points de vue exprim\u00e9s dans ce document sont ceux des auteurs et ne refl\u00e8tent pas n\u00e9cessairement la position officielle du Bureau de la politique nationale de contr\u00f4le des drogues, ni une position approuv\u00e9e par celui-ci.<\/em><\/span><\/p>\n    <\/div>\n<\/section>","protected":false},"excerpt":{"rendered":"","protected":false},"author":40,"featured_media":0,"parent":0,"menu_order":0,"comment_status":"closed","ping_status":"closed","template":"","meta":{"_acf_changed":true,"inline_featured_image":false,"footnotes":""},"class_list":["post-18643","page","type-page","status-publish","hentry"],"acf":[],"yoast_head":"<!-- This site is optimized with the Yoast SEO plugin v26.8 - https:\/\/yoast.com\/product\/yoast-seo-wordpress\/ -->\n<title>Blue Ribbon Coalition Initiative | CADCA<\/title>\n<meta name=\"description\" content=\"CADCA represents over 7,000 community coalitions that involve individuals from key sectors including schools, law enforcement, youth, parents, healthcare, media, tribal communities and others\" \/>\n<meta name=\"robots\" content=\"index, follow, max-snippet:-1, max-image-preview:large, max-video-preview:-1\" \/>\n<link rel=\"canonical\" href=\"https:\/\/www.cadca.org\/fr\/blue-ribbon-coalitions\/\" \/>\n<meta property=\"og:locale\" content=\"fr_FR\" \/>\n<meta property=\"og:type\" content=\"article\" \/>\n<meta property=\"og:title\" content=\"Blue Ribbon Coalition Initiative | CADCA\" \/>\n<meta property=\"og:description\" content=\"CADCA represents over 7,000 community coalitions that involve individuals from key sectors including schools, law enforcement, youth, parents, healthcare, media, tribal communities and others\" \/>\n<meta property=\"og:url\" content=\"https:\/\/www.cadca.org\/fr\/blue-ribbon-coalitions\/\" \/>\n<meta property=\"og:site_name\" content=\"CADCA\" \/>\n<meta property=\"article:modified_time\" content=\"2026-02-27T13:26:16+00:00\" \/>\n<meta property=\"og:image\" content=\"https:\/\/www.cadca.org\/wp-content\/uploads\/2022\/03\/cadca-member-of-logo1.jpg\" \/>\n\t<meta property=\"og:image:width\" content=\"880\" \/>\n\t<meta property=\"og:image:height\" content=\"500\" \/>\n\t<meta property=\"og:image:type\" content=\"image\/jpeg\" \/>\n<meta name=\"twitter:card\" content=\"summary_large_image\" \/>\n<script type=\"application\/ld+json\" class=\"yoast-schema-graph\">{\"@context\":\"https:\/\/schema.org\",\"@graph\":[{\"@type\":\"WebPage\",\"@id\":\"https:\/\/www.cadca.org\/blue-ribbon-coalitions\/\",\"url\":\"https:\/\/www.cadca.org\/blue-ribbon-coalitions\/\",\"name\":\"Blue Ribbon Coalition Initiative | CADCA\",\"isPartOf\":{\"@id\":\"https:\/\/www.cadca.org\/#website\"},\"datePublished\":\"2023-05-15T15:27:43+00:00\",\"dateModified\":\"2026-02-27T13:26:16+00:00\",\"description\":\"CADCA represents over 7,000 community coalitions that involve individuals from key sectors including schools, law enforcement, youth, parents, healthcare, media, tribal communities and others\",\"breadcrumb\":{\"@id\":\"https:\/\/www.cadca.org\/blue-ribbon-coalitions\/#breadcrumb\"},\"inLanguage\":\"fr-FR\",\"potentialAction\":[{\"@type\":\"ReadAction\",\"target\":[\"https:\/\/www.cadca.org\/blue-ribbon-coalitions\/\"]}]},{\"@type\":\"BreadcrumbList\",\"@id\":\"https:\/\/www.cadca.org\/blue-ribbon-coalitions\/#breadcrumb\",\"itemListElement\":[{\"@type\":\"ListItem\",\"position\":1,\"name\":\"Home\",\"item\":\"https:\/\/www.cadca.org\/\"},{\"@type\":\"ListItem\",\"position\":2,\"name\":\"Blue Ribbon Coalition Initiative\"}]},{\"@type\":\"WebSite\",\"@id\":\"https:\/\/www.cadca.org\/#website\",\"url\":\"https:\/\/www.cadca.org\/\",\"name\":\"CADCA\",\"description\":\"The Premier Prevention Association\",\"potentialAction\":[{\"@type\":\"SearchAction\",\"target\":{\"@type\":\"EntryPoint\",\"urlTemplate\":\"https:\/\/www.cadca.org\/?s={search_term_string}\"},\"query-input\":{\"@type\":\"PropertyValueSpecification\",\"valueRequired\":true,\"valueName\":\"search_term_string\"}}],\"inLanguage\":\"fr-FR\"}]}<\/script>\n<!-- \/ Yoast SEO plugin. -->","yoast_head_json":{"title":"Blue Ribbon Coalition Initiative | CADCA","description":"CADCA represents over 7,000 community coalitions that involve individuals from key sectors including schools, law enforcement, youth, parents, healthcare, media, tribal communities and others","robots":{"index":"index","follow":"follow","max-snippet":"max-snippet:-1","max-image-preview":"max-image-preview:large","max-video-preview":"max-video-preview:-1"},"canonical":"https:\/\/www.cadca.org\/fr\/blue-ribbon-coalitions\/","og_locale":"fr_FR","og_type":"article","og_title":"Blue Ribbon Coalition Initiative | CADCA","og_description":"CADCA represents over 7,000 community coalitions that involve individuals from key sectors including schools, law enforcement, youth, parents, healthcare, media, tribal communities and others","og_url":"https:\/\/www.cadca.org\/fr\/blue-ribbon-coalitions\/","og_site_name":"CADCA","article_modified_time":"2026-02-27T13:26:16+00:00","og_image":[{"width":880,"height":500,"url":"https:\/\/www.cadca.org\/wp-content\/uploads\/2022\/03\/cadca-member-of-logo1.jpg","type":"image\/jpeg"}],"twitter_card":"summary_large_image","schema":{"@context":"https:\/\/schema.org","@graph":[{"@type":"WebPage","@id":"https:\/\/www.cadca.org\/blue-ribbon-coalitions\/","url":"https:\/\/www.cadca.org\/blue-ribbon-coalitions\/","name":"Blue Ribbon Coalition Initiative | CADCA","isPartOf":{"@id":"https:\/\/www.cadca.org\/#website"},"datePublished":"2023-05-15T15:27:43+00:00","dateModified":"2026-02-27T13:26:16+00:00","description":"CADCA represents over 7,000 community coalitions that involve individuals from key sectors including schools, law enforcement, youth, parents, healthcare, media, tribal communities and others","breadcrumb":{"@id":"https:\/\/www.cadca.org\/blue-ribbon-coalitions\/#breadcrumb"},"inLanguage":"fr-FR","potentialAction":[{"@type":"ReadAction","target":["https:\/\/www.cadca.org\/blue-ribbon-coalitions\/"]}]},{"@type":"BreadcrumbList","@id":"https:\/\/www.cadca.org\/blue-ribbon-coalitions\/#breadcrumb","itemListElement":[{"@type":"ListItem","position":1,"name":"Home","item":"https:\/\/www.cadca.org\/"},{"@type":"ListItem","position":2,"name":"Blue Ribbon Coalition Initiative"}]},{"@type":"WebSite","@id":"https:\/\/www.cadca.org\/#website","url":"https:\/\/www.cadca.org\/","name":"CADCA","description":"The Premier Prevention Association","potentialAction":[{"@type":"SearchAction","target":{"@type":"EntryPoint","urlTemplate":"https:\/\/www.cadca.org\/?s={search_term_string}"},"query-input":{"@type":"PropertyValueSpecification","valueRequired":true,"valueName":"search_term_string"}}],"inLanguage":"fr-FR"}]}},"_links":{"self":[{"href":"https:\/\/www.cadca.org\/fr\/wp-json\/wp\/v2\/pages\/18643","targetHints":{"allow":["GET"]}}],"collection":[{"href":"https:\/\/www.cadca.org\/fr\/wp-json\/wp\/v2\/pages"}],"about":[{"href":"https:\/\/www.cadca.org\/fr\/wp-json\/wp\/v2\/types\/page"}],"author":[{"embeddable":true,"href":"https:\/\/www.cadca.org\/fr\/wp-json\/wp\/v2\/users\/40"}],"replies":[{"embeddable":true,"href":"https:\/\/www.cadca.org\/fr\/wp-json\/wp\/v2\/comments?post=18643"}],"version-history":[{"count":0,"href":"https:\/\/www.cadca.org\/fr\/wp-json\/wp\/v2\/pages\/18643\/revisions"}],"wp:attachment":[{"href":"https:\/\/www.cadca.org\/fr\/wp-json\/wp\/v2\/media?parent=18643"}],"curies":[{"name":"wp","href":"https:\/\/api.w.org\/{rel}","templated":true}]}}