{"id":16873,"date":"2023-03-21T12:31:14","date_gmt":"2023-03-21T12:31:14","guid":{"rendered":"https:\/\/cadca1stg.wpengine.com\/?page_id=16873"},"modified":"2024-09-24T14:12:48","modified_gmt":"2024-09-24T14:12:48","slug":"cadca-trainings","status":"publish","type":"page","link":"https:\/\/www.cadca.org\/fr\/cadca-trainings\/","title":{"rendered":"Formations CADCA"},"content":{"rendered":"<div style=\"height:50px\" aria-hidden=\"true\" class=\"wp-block-spacer\"><\/div>\n\n\n<style media=\"all\" type=\"text\/css\">\n\n    \/* xs & sm (mobile) *\/\n    @media (max-width: 767.98px) {\n        }\n\n    \/* md (tablet) *\/\n    @media (min-width: 768px) and (max-width: 1199.98px) {\n        }\n\n    \/* lg (desktop) *\/\n    @media (min-width: 1200px) {\n        }\n\n    \/* custom styles *\/\n    <\/style>\n<section class=\"page_intro block_bed43ec990aee25fb4c261bcd6758c1b\" id=\"block_bed43ec990aee25fb4c261bcd6758c1b\">\n    <div class=\"container\">\n        <h1>Formations CADCA<\/h1>\n            <\/div>\n<\/section>\n\n\n\n<div style=\"height:10px\" aria-hidden=\"true\" class=\"wp-block-spacer\"><\/div>\n\n\n<style media='all' type='text\/css'>\r\n\r\n    \/* xs & sm (mobile) *\/\r\n    @media (max-width: 767.98px) {\r\n        }\r\n\r\n    \/* md (tablet) *\/\r\n    @media (min-width: 768px) and (max-width: 1199.98px) {\r\n        }\r\n\r\n    \/* lg (desktop) *\/\r\n    @media (min-width: 1200px) {\r\n        }\r\n\r\n    \/* custom styles *\/\r\n    \r\n    .stats_v2.block_71088d2a1323f8f6a5e8b2a56886021c .right-side {\r\n        background-image: url(\"https:\/\/www.cadca.org\/wp-content\/uploads\/2023\/03\/856606_10151435030311683_1130534367_o.jpg\");\r\n    }\r\n\r\n    .stats_v2.block_71088d2a1323f8f6a5e8b2a56886021c .left-side {\r\n        background: url(\"https:\/\/www.cadca.org\/wp-content\/uploads\/2022\/01\/stats-left.png\") no-repeat;\r\n        background-size: cover;\r\n    }\r\n\r\n<\/style>\r\n<section class=\"stats_v2 block_71088d2a1323f8f6a5e8b2a56886021c\" id=\"block_71088d2a1323f8f6a5e8b2a56886021c\">\r\n    <div class=\"container\">\r\n        <div class=\"left-side\">\r\n            <h2>Trains CADCA<\/h2>\r\n                            <div class=\"description\">\r\n                    <p>Nous sommes pr\u00e9sents dans plus de 30 pays, situ\u00e9s en Afrique, en Asie, en Europe, en Am\u00e9rique du Nord et en Am\u00e9rique du Sud. De plus, nos formations et supports pris en charge sont disponibles en albanais, bahasa, fran\u00e7ais, anglais, portugais, russe et espagnol.<\/p>\r\n                <\/div>\r\n                        <div class=\"stats_wrapper\">\r\n\t\t\t\t                    <div class=\"stat\">\r\n                        <span>365<\/span>\r\n                        <p>JOURS PAR AN<\/p>\r\n                    <\/div>\r\n\t\t\t\t                    <div class=\"stat\">\r\n                        <span>30+<\/span>\r\n                        <p>pays \u00e0 travers le monde<\/p>\r\n                    <\/div>\r\n\t\t\t\t                    <div class=\"stat\">\r\n                        <span>10,000+<\/span>\r\n                        <p>personnes<\/p>\r\n                    <\/div>\r\n\t\t\t\t                    <div class=\"stat\">\r\n                        <span>2,000+<\/span>\r\n                        <p>jeunesse<\/p>\r\n                    <\/div>\r\n\t\t\t\t            <\/div>\r\n        <\/div>\r\n        <div class=\"right-side\"><\/div>\r\n    <\/div>\r\n<\/section>\r\n\n\n<style media='all' type='text\/css'>\r\n    \/* xs & sm (mobile) *\/\r\n    @media (max-width: 767.98px) {\r\n\t    }\r\n\r\n    \/* md (tablet) *\/\r\n    @media (min-width: 768px) and (max-width: 1199.98px) {\r\n\t    }\r\n    \/* lg (desktop) *\/\r\n    @media (min-width: 1200px) {\r\n        }\r\n\r\n    \/* custom styles *\/\r\n    <\/style>\r\n\r\n\r\n<section class=\"tabbed_content block_cd7c2dda9a1e40a0d23d6fc0de11e52e\" id=\"block_cd7c2dda9a1e40a0d23d6fc0de11e52e\">\r\n\t<div class=\"container\">\r\n\t\t<h2><span>O\u00f9 se d\u00e9roulent les formations ?<\/span><\/h2>\r\n\t\t\t\t<div class=\"content_wrapper\">\r\n\t\t\t<p>Nous offrons une grande vari\u00e9t\u00e9 d&#039;options de formation pour permettre \u00e0 chacun de participer. <br>\r\nNos \u00e9v\u00e9nements phares comprennent\u00a0:<\/p>\r\n\t\t<\/div>\r\n\t\t\t\t<div class=\"tabs_wrapper\">\r\n            <ul class=\"tabs\">\r\n\t\t\t\t                        <li class=\"tc_tabs_tab_item\">\r\n                            <a href=\"#tc-tabs-content-block_cd7c2dda9a1e40a0d23d6fc0de11e52e-0\"\r\n                               class=\"tc_tabs_tab_item_link active-tab-item\">Forum national des dirigeants<\/a>\r\n                        <\/li>\r\n\t\t\t\t\t\t                        <li class=\"tc_tabs_tab_item\">\r\n                            <a href=\"#tc-tabs-content-block_cd7c2dda9a1e40a0d23d6fc0de11e52e-1\"\r\n                               class=\"tc_tabs_tab_item_link\">Institut de formation de mi-ann\u00e9e<\/a>\r\n                        <\/li>\r\n\t\t\t\t\t\t                        <li class=\"tc_tabs_tab_item\">\r\n                            <a href=\"#tc-tabs-content-block_cd7c2dda9a1e40a0d23d6fc0de11e52e-2\"\r\n                               class=\"tc_tabs_tab_item_link\">Cours en ligne<\/a>\r\n                        <\/li>\r\n\t\t\t\t\t\t                        <li class=\"tc_tabs_tab_item\">\r\n                            <a href=\"#tc-tabs-content-block_cd7c2dda9a1e40a0d23d6fc0de11e52e-3\"\r\n                               class=\"tc_tabs_tab_item_link\">Formations personnalis\u00e9es<\/a>\r\n                        <\/li>\r\n\t\t\t\t\t\t                        <li class=\"tc_tabs_tab_item\">\r\n                            <a href=\"#tc-tabs-content-block_cd7c2dda9a1e40a0d23d6fc0de11e52e-4\"\r\n                               class=\"tc_tabs_tab_item_link\">Acad\u00e9mie de la coalition nationale<\/a>\r\n                        <\/li>\r\n\t\t\t\t\t\t                        <li class=\"tc_tabs_tab_item\">\r\n                            <a href=\"#tc-tabs-content-block_cd7c2dda9a1e40a0d23d6fc0de11e52e-5\"\r\n                               class=\"tc_tabs_tab_item_link\">Formations au niveau de l&#039;\u00c9tat<\/a>\r\n                        <\/li>\r\n\t\t\t\t\t\t                        <li class=\"tc_tabs_tab_item\">\r\n                            <a href=\"#tc-tabs-content-block_cd7c2dda9a1e40a0d23d6fc0de11e52e-6\"\r\n                               class=\"tc_tabs_tab_item_link\">Initiative de leadership des jeunes CADCA<\/a>\r\n                        <\/li>\r\n\t\t\t\t\t\t                        <li class=\"tc_tabs_tab_item\">\r\n                            <a href=\"#tc-tabs-content-block_cd7c2dda9a1e40a0d23d6fc0de11e52e-7\"\r\n                               class=\"tc_tabs_tab_item_link\">Soutien au d\u00e9veloppement de la coalition<\/a>\r\n                        <\/li>\r\n\t\t\t\t\t\t            <\/ul>\r\n\t\t\t<div class=\"tab_contents\">\r\n\t\t\t\t                        <div id=\"tc-tabs-content-block_cd7c2dda9a1e40a0d23d6fc0de11e52e-0\"\r\n                            class=\"tc-tabs-content-item active-tab-item\">\r\n\t\t\t\t\t\t\t<p><a href=\"https:\/\/forum.cadca.org\/forum2024\" target=\"_blank\" rel=\"noopener\"><img loading=\"lazy\" decoding=\"async\" class=\"alignnone wp-image-20009 size-large\" src=\"https:\/\/www.cadca.org\/wp-content\/uploads\/2023\/09\/24-Forum-banner-1299x263-1-1024x207.png\" alt=\"\" width=\"1024\" height=\"207\" srcset=\"https:\/\/www.cadca.org\/wp-content\/uploads\/2023\/09\/24-Forum-banner-1299x263-1-1024x207.png 1024w, https:\/\/www.cadca.org\/wp-content\/uploads\/2023\/09\/24-Forum-banner-1299x263-1-300x61.png 300w, https:\/\/www.cadca.org\/wp-content\/uploads\/2023\/09\/24-Forum-banner-1299x263-1-768x155.png 768w, https:\/\/www.cadca.org\/wp-content\/uploads\/2023\/09\/24-Forum-banner-1299x263-1-18x4.png 18w, https:\/\/www.cadca.org\/wp-content\/uploads\/2023\/09\/24-Forum-banner-1299x263-1.png 1299w\" sizes=\"auto, (max-width: 1024px) 100vw, 1024px\" \/><\/a><\/p>\n<p>CADCA&#8217;s National Leadership Forum is a 4-day conference packed with multiple adult and youth-oriented opportunities to learn the latest strategies to fight substance use and misuse and hear from nationally-known experts and policymakers with a full day dedicated to Capitol Hill events. The Forum is held in the Washington, DC area every year, normally the first week of February and brings together more than 3,000 participants representing community anti-drug coalitions, government leaders, youth, addiction treatment professionals, researchers, educators, law enforcement professionals, youth and faith-based leaders. This event is held every year at Gaylord National, located in National Harbor, MD.<\/p>\n                            <a href='https:\/\/www.cadca.org\/fr\/trainings-events\/' target='_blank' class='more_link'>Apprendre encore plus<\/a>                        <\/div>\r\n\t\t\t\t\t\t                        <div id=\"tc-tabs-content-block_cd7c2dda9a1e40a0d23d6fc0de11e52e-1\"\r\n                            class=\"tc-tabs-content-item\">\r\n\t\t\t\t\t\t\t<p><img loading=\"lazy\" decoding=\"async\" class=\"alignnone wp-image-20730 size-large\" src=\"https:\/\/www.cadca.org\/wp-content\/uploads\/2024\/04\/24-Mid-year-banner-1299x263-1-1024x207.png\" alt=\"\" width=\"1024\" height=\"207\" srcset=\"https:\/\/www.cadca.org\/wp-content\/uploads\/2024\/04\/24-Mid-year-banner-1299x263-1-1024x207.png 1024w, https:\/\/www.cadca.org\/wp-content\/uploads\/2024\/04\/24-Mid-year-banner-1299x263-1-300x61.png 300w, https:\/\/www.cadca.org\/wp-content\/uploads\/2024\/04\/24-Mid-year-banner-1299x263-1-768x155.png 768w, https:\/\/www.cadca.org\/wp-content\/uploads\/2024\/04\/24-Mid-year-banner-1299x263-1-18x4.png 18w, https:\/\/www.cadca.org\/wp-content\/uploads\/2024\/04\/24-Mid-year-banner-1299x263-1.png 1299w\" sizes=\"auto, (max-width: 1024px) 100vw, 1024px\" \/><\/p>\n<p>Tenu pendant 4 jours pendant l&#039;\u00e9t\u00e9, l&#039;Institut de formation en milieu d&#039;ann\u00e9e (MYTI) propose des sessions de formation approfondies et interactives sp\u00e9cialement con\u00e7ues pour les dirigeants et le personnel des coalitions communautaires. MYTI comprend \u00e9galement deux niveaux de formation pour les activit\u00e9s de l&#039;Initiative nationale pour le leadership des jeunes (c&#039;est-\u00e0-dire, Key Essentials et Advanced). Des principes fondamentaux de la constitution de coalitions et de la planification strat\u00e9gique \u00e0 l&#039;\u00e9valuation et \u00e0 la recherche, vous repartirez motiv\u00e9 et inspir\u00e9. Le MYTI se tient chaque ann\u00e9e dans une ville diff\u00e9rente, fin juillet ou d\u00e9but ao\u00fbt.\u00a0<strong>This event will take place at Hilton Chicago, located in Chicago, IL from July 14-18, 2024<\/strong>. Les modalit\u00e9s d&#039;inscription sont \u00e0 venir.<\/p>\n                            <a href='https:\/\/www.cadca.org\/fr\/trainings-events\/' target='' class='more_link'>Apprendre encore plus<\/a>                        <\/div>\r\n\t\t\t\t\t\t                        <div id=\"tc-tabs-content-block_cd7c2dda9a1e40a0d23d6fc0de11e52e-2\"\r\n                            class=\"tc-tabs-content-item\">\r\n\t\t\t\t\t\t\t<p>Offerings are available through <a href=\"https:\/\/cadca.docebosaas.com\" target=\"_blank\" rel=\"noopener\">CADCA&#8217;s learning platform<\/a> Docebo. This portal is a way for coalitions, partners, and interested individuals to access the knowledge of CADCA\u2019s trainers and staff digitally.<\/p>\n                            <a href='https:\/\/cadca.docebosaas.com' target='_blank' class='more_link'>Apprendre encore plus<\/a>                        <\/div>\r\n\t\t\t\t\t\t                        <div id=\"tc-tabs-content-block_cd7c2dda9a1e40a0d23d6fc0de11e52e-3\"\r\n                            class=\"tc-tabs-content-item\">\r\n\t\t\t\t\t\t\t<p>CADCA offre une vari\u00e9t\u00e9 d&#039;opportunit\u00e9s de formation et d&#039;assistance technique personnalis\u00e9es, y compris des formations (d&#039;une demi-journ\u00e9e \u00e0 plusieurs jours), des discours liminaires, des ateliers de conf\u00e9rence et des rencontres d&#039;assistance technique sur site. Nous travaillerons avec vous pour concevoir votre \u00e9v\u00e9nement de formation parfait. CADCA\u00a0<strong>\u00c9valuation et recherche<\/strong>\u00a0L&#039;\u00e9quipe travaille avec des coalitions pour collecter, g\u00e9rer et interpr\u00e9ter les donn\u00e9es afin de r\u00e9pondre aux besoins du domaine de la pr\u00e9vention. De plus, le\u00a0<strong><a href=\"https:\/\/www.cadca.org\/fr\/campaigns\/geographic-health-equity-alliance\/\">Alliance g\u00e9ographique pour l&#039;\u00e9quit\u00e9 en sant\u00e9<\/a><\/strong>\u00a0chercher \u00e0 sensibiliser aux disparit\u00e9s g\u00e9ographiques en mati\u00e8re de sant\u00e9 li\u00e9es au tabac et au cancer et \u00e0 soutenir le d\u00e9veloppement, la diffusion et la mise en \u0153uvre de pratiques de sant\u00e9 publique efficaces.<\/p>\n                                                    <\/div>\r\n\t\t\t\t\t\t                        <div id=\"tc-tabs-content-block_cd7c2dda9a1e40a0d23d6fc0de11e52e-4\"\r\n                            class=\"tc-tabs-content-item\">\r\n\t\t\t\t\t\t\t<p>Cette exp\u00e9rience de formation d&#039;un an comprend des sessions en classe de 3 semaines, une composante d&#039;apprentissage \u00e0 distance sur le Web et un poste de travail en ligne o\u00f9 les participants r\u00e9seautent et partagent des produits de planification. Il existe plusieurs cohortes de la National Coalition Academy avec des horaires et des lieux vari\u00e9s \u00e0 travers le pays.<\/p>\n                            <a href='https:\/\/www.cadca.org\/fr\/trainings-events\/' target='' class='more_link'>Apprendre encore plus<\/a>                        <\/div>\r\n\t\t\t\t\t\t                        <div id=\"tc-tabs-content-block_cd7c2dda9a1e40a0d23d6fc0de11e52e-5\"\r\n                            class=\"tc-tabs-content-item\">\r\n\t\t\t\t\t\t\t<div>\n<p>Le travail de cours dans une Statewide Coalition Academy s&#039;aligne sur la NCA et se concentre sur la fourniture d&#039;informations, d&#039;outils, de comp\u00e9tences et de processus n\u00e9cessaires aux coalitions participantes pour produire cinq produits cl\u00e9s ou documents d&#039;orientation essentiels au travail d&#039;une coalition r\u00e9ussie. La Statewide Coalition Academy aide \u00e0 d\u00e9velopper les comp\u00e9tences et les processus des coalitions communautaires participantes pour mettre en \u0153uvre toutes les phases du cadre de pr\u00e9vention strat\u00e9gique.<\/p>\n<\/div>\n                                                    <\/div>\r\n\t\t\t\t\t\t                        <div id=\"tc-tabs-content-block_cd7c2dda9a1e40a0d23d6fc0de11e52e-6\"\r\n                            class=\"tc-tabs-content-item\">\r\n\t\t\t\t\t\t\t<p>This program incorporates team teaching by youth and adult trainers, experiential and applied learning in both the classroom and community context. Participants learn about the Strategic Prevention Framework (SPF), logic models, strategic planning, developing interventions, advocating for change, evaluation and sustainability. CADCA&#8217;s Youth Leadership Initiative is offered at every Forum and Mid-Year, and also can be customized for state or coalition-level trainings.<\/p>\n                            <a href='https:\/\/www.cadca.org\/fr\/cadca-youth-leadership\/' target='' class='more_link'>Apprendre encore plus<\/a>                        <\/div>\r\n\t\t\t\t\t\t                        <div id=\"tc-tabs-content-block_cd7c2dda9a1e40a0d23d6fc0de11e52e-7\"\r\n                            class=\"tc-tabs-content-item\">\r\n\t\t\t\t\t\t\t<p>CADCA offre un soutien gratuit au d\u00e9veloppement de coalitions et \u00e0 la sensibilisation pour aider \u00e0 accro\u00eetre l&#039;efficacit\u00e9 des coalitions communautaires \u00e0 travers l&#039;Am\u00e9rique. Coalition Development Support (CDS) est gratuit et illimit\u00e9 par t\u00e9l\u00e9phone, email et web. CADCA propose des CDS sur site lors de plusieurs de ses formations et \u00e9v\u00e9nements.<\/p>\n                            <a href='https:\/\/www.cadca.org\/fr\/coalitions\/' target='' class='more_link'>Apprendre encore plus<\/a>                        <\/div>\r\n\t\t\t\t\t\t            <\/div>\r\n\t\t<\/div>\r\n\t<\/div>\r\n    <script>\r\n        window.addEventListener('DOMContentLoaded',()=>{\r\n            if ( window.cadcaTabbedContent ) {\r\n                window.cadcaTabbedContent({\r\n                    tabsSelector: '#block_cd7c2dda9a1e40a0d23d6fc0de11e52e .tc_tabs_tab_item_link',\r\n                    contentSelector: '#block_cd7c2dda9a1e40a0d23d6fc0de11e52e .tc-tabs-content-item',\r\n                    cssActiveClass: 'active-tab-item'\r\n                })\r\n            }\r\n        })\r\n    <\/script>\r\n<\/section>\r\n\n\n<style media=\"all\" type=\"text\/css\">\n\n    \/* xs & sm (mobile) *\/\n    @media (max-width: 767.98px) {\n        }\n\n    \/* md (tablet) *\/\n    @media (min-width: 768px) and (max-width: 1199.98px) {\n        }\n\n    \/* lg (desktop) *\/\n    @media (min-width: 1200px) {\n        }\n\n    \/* custom styles *\/\n    <\/style>\n\n<section class=\"cta_rte block_146155cc03e58800ce7732d562bf3328\" id=\"block_146155cc03e58800ce7732d562bf3328\" style=\"\">\n    <div class=\"container\">\n        <h2>Suivez tout ce qui se passe CADCA<\/h2>\n        <div class=\"cta-wrapper\">\n            <a href=\"https:\/\/twitter.com\/CADCA\" target=\"_blank\" class=\"tw\">Suivez-nous sur Twitter<\/a>\n                    <a href=\"https:\/\/www.facebook.com\/CADCA\/\" target=\"_blank\" class=\"fb\">Aimez-nous sur facebook<\/a>\n                    <a href=\"https:\/\/www.linkedin.com\/company\/cadca\/\" target=\"_blank\" class=\"in\">Rejoignez-nous sur Linkedin<\/a>\n                            <\/div>\n    <\/div>\n<\/section>","protected":false},"excerpt":{"rendered":"","protected":false},"author":12,"featured_media":0,"parent":0,"menu_order":0,"comment_status":"closed","ping_status":"closed","template":"","meta":{"_acf_changed":true,"inline_featured_image":false,"footnotes":""},"class_list":["post-16873","page","type-page","status-publish","hentry"],"acf":[],"yoast_head":"<!-- This site is optimized with the Yoast SEO plugin v26.8 - https:\/\/yoast.com\/product\/yoast-seo-wordpress\/ -->\n<title>CADCA Trainings | CADCA<\/title>\n<meta name=\"description\" content=\"CADCA represents over 7,000 community coalitions that involve individuals from key sectors including schools, law enforcement, youth, parents, healthcare, media, tribal communities and others\" \/>\n<meta name=\"robots\" content=\"index, follow, max-snippet:-1, max-image-preview:large, max-video-preview:-1\" \/>\n<link rel=\"canonical\" href=\"https:\/\/www.cadca.org\/fr\/cadca-trainings\/\" \/>\n<meta property=\"og:locale\" content=\"fr_FR\" \/>\n<meta property=\"og:type\" content=\"article\" \/>\n<meta property=\"og:title\" content=\"CADCA Trainings | CADCA\" \/>\n<meta property=\"og:description\" content=\"CADCA represents over 7,000 community coalitions that involve individuals from key sectors including schools, law enforcement, youth, parents, healthcare, media, tribal communities and others\" \/>\n<meta property=\"og:url\" content=\"https:\/\/www.cadca.org\/fr\/cadca-trainings\/\" \/>\n<meta property=\"og:site_name\" content=\"CADCA\" \/>\n<meta property=\"article:modified_time\" content=\"2024-09-24T14:12:48+00:00\" \/>\n<meta property=\"og:image\" content=\"https:\/\/www.cadca.org\/wp-content\/uploads\/2022\/03\/cadca-member-of-logo1.jpg\" \/>\n\t<meta property=\"og:image:width\" content=\"880\" \/>\n\t<meta property=\"og:image:height\" content=\"500\" \/>\n\t<meta property=\"og:image:type\" content=\"image\/jpeg\" \/>\n<meta name=\"twitter:card\" content=\"summary_large_image\" \/>\n<script type=\"application\/ld+json\" class=\"yoast-schema-graph\">{\"@context\":\"https:\/\/schema.org\",\"@graph\":[{\"@type\":\"WebPage\",\"@id\":\"https:\/\/www.cadca.org\/cadca-trainings\/\",\"url\":\"https:\/\/www.cadca.org\/cadca-trainings\/\",\"name\":\"CADCA Trainings | CADCA\",\"isPartOf\":{\"@id\":\"https:\/\/www.cadca.org\/#website\"},\"datePublished\":\"2023-03-21T12:31:14+00:00\",\"dateModified\":\"2024-09-24T14:12:48+00:00\",\"description\":\"CADCA represents over 7,000 community coalitions that involve individuals from key sectors including schools, law enforcement, youth, parents, healthcare, media, tribal communities and others\",\"breadcrumb\":{\"@id\":\"https:\/\/www.cadca.org\/cadca-trainings\/#breadcrumb\"},\"inLanguage\":\"fr-FR\",\"potentialAction\":[{\"@type\":\"ReadAction\",\"target\":[\"https:\/\/www.cadca.org\/cadca-trainings\/\"]}]},{\"@type\":\"BreadcrumbList\",\"@id\":\"https:\/\/www.cadca.org\/cadca-trainings\/#breadcrumb\",\"itemListElement\":[{\"@type\":\"ListItem\",\"position\":1,\"name\":\"Home\",\"item\":\"https:\/\/www.cadca.org\/\"},{\"@type\":\"ListItem\",\"position\":2,\"name\":\"CADCA Trainings\"}]},{\"@type\":\"WebSite\",\"@id\":\"https:\/\/www.cadca.org\/#website\",\"url\":\"https:\/\/www.cadca.org\/\",\"name\":\"CADCA\",\"description\":\"The Premier Prevention Association\",\"potentialAction\":[{\"@type\":\"SearchAction\",\"target\":{\"@type\":\"EntryPoint\",\"urlTemplate\":\"https:\/\/www.cadca.org\/?s={search_term_string}\"},\"query-input\":{\"@type\":\"PropertyValueSpecification\",\"valueRequired\":true,\"valueName\":\"search_term_string\"}}],\"inLanguage\":\"fr-FR\"}]}<\/script>\n<!-- \/ Yoast SEO plugin. -->","yoast_head_json":{"title":"CADCA Trainings | CADCA","description":"CADCA represents over 7,000 community coalitions that involve individuals from key sectors including schools, law enforcement, youth, parents, healthcare, media, tribal communities and others","robots":{"index":"index","follow":"follow","max-snippet":"max-snippet:-1","max-image-preview":"max-image-preview:large","max-video-preview":"max-video-preview:-1"},"canonical":"https:\/\/www.cadca.org\/fr\/cadca-trainings\/","og_locale":"fr_FR","og_type":"article","og_title":"CADCA Trainings | CADCA","og_description":"CADCA represents over 7,000 community coalitions that involve individuals from key sectors including schools, law enforcement, youth, parents, healthcare, media, tribal communities and others","og_url":"https:\/\/www.cadca.org\/fr\/cadca-trainings\/","og_site_name":"CADCA","article_modified_time":"2024-09-24T14:12:48+00:00","og_image":[{"width":880,"height":500,"url":"https:\/\/www.cadca.org\/wp-content\/uploads\/2022\/03\/cadca-member-of-logo1.jpg","type":"image\/jpeg"}],"twitter_card":"summary_large_image","schema":{"@context":"https:\/\/schema.org","@graph":[{"@type":"WebPage","@id":"https:\/\/www.cadca.org\/cadca-trainings\/","url":"https:\/\/www.cadca.org\/cadca-trainings\/","name":"CADCA Trainings | CADCA","isPartOf":{"@id":"https:\/\/www.cadca.org\/#website"},"datePublished":"2023-03-21T12:31:14+00:00","dateModified":"2024-09-24T14:12:48+00:00","description":"CADCA represents over 7,000 community coalitions that involve individuals from key sectors including schools, law enforcement, youth, parents, healthcare, media, tribal communities and others","breadcrumb":{"@id":"https:\/\/www.cadca.org\/cadca-trainings\/#breadcrumb"},"inLanguage":"fr-FR","potentialAction":[{"@type":"ReadAction","target":["https:\/\/www.cadca.org\/cadca-trainings\/"]}]},{"@type":"BreadcrumbList","@id":"https:\/\/www.cadca.org\/cadca-trainings\/#breadcrumb","itemListElement":[{"@type":"ListItem","position":1,"name":"Home","item":"https:\/\/www.cadca.org\/"},{"@type":"ListItem","position":2,"name":"CADCA Trainings"}]},{"@type":"WebSite","@id":"https:\/\/www.cadca.org\/#website","url":"https:\/\/www.cadca.org\/","name":"CADCA","description":"The Premier Prevention Association","potentialAction":[{"@type":"SearchAction","target":{"@type":"EntryPoint","urlTemplate":"https:\/\/www.cadca.org\/?s={search_term_string}"},"query-input":{"@type":"PropertyValueSpecification","valueRequired":true,"valueName":"search_term_string"}}],"inLanguage":"fr-FR"}]}},"_links":{"self":[{"href":"https:\/\/www.cadca.org\/fr\/wp-json\/wp\/v2\/pages\/16873","targetHints":{"allow":["GET"]}}],"collection":[{"href":"https:\/\/www.cadca.org\/fr\/wp-json\/wp\/v2\/pages"}],"about":[{"href":"https:\/\/www.cadca.org\/fr\/wp-json\/wp\/v2\/types\/page"}],"author":[{"embeddable":true,"href":"https:\/\/www.cadca.org\/fr\/wp-json\/wp\/v2\/users\/12"}],"replies":[{"embeddable":true,"href":"https:\/\/www.cadca.org\/fr\/wp-json\/wp\/v2\/comments?post=16873"}],"version-history":[{"count":0,"href":"https:\/\/www.cadca.org\/fr\/wp-json\/wp\/v2\/pages\/16873\/revisions"}],"wp:attachment":[{"href":"https:\/\/www.cadca.org\/fr\/wp-json\/wp\/v2\/media?parent=16873"}],"curies":[{"name":"wp","href":"https:\/\/api.w.org\/{rel}","templated":true}]}}