{"id":16777,"date":"2023-03-09T15:33:02","date_gmt":"2023-03-09T15:33:02","guid":{"rendered":"https:\/\/cadca1stg.wpengine.com\/?page_id=16777"},"modified":"2023-06-27T14:09:29","modified_gmt":"2023-06-27T14:09:29","slug":"registration","status":"publish","type":"page","link":"https:\/\/www.cadca.org\/fr\/myti2023\/registration\/","title":{"rendered":"MYTI2023: Registration"},"content":{"rendered":"<style media=\"all\" type=\"text\/css\">\n\n    \n    \/* xs & sm (mobile) *\/\n    @media (max-width: 767.98px) {\n        }\n\n    \/* md (tablet) *\/\n    @media (min-width: 768px) and (max-width: 1199.98px) {\n        }\n\n    \/* lg (desktop) *\/\n    @media (min-width: 1200px) {\n        }\n\n    \/* custom styles *\/\n    @media (min-width: 768px) {rnt.rte .container{rnttwidth:800px;rn  tttext-align:center;rnt}rn}rnrn@media (max-width: 767.98px) {rnt.rte .container img{rnttwidth:100%;rn  ttheight:auto;rnt}rnrn}<\/style>\n<section class=\"rte  block_d9bac76a5dabc3446e4ea3fc4c28c3e8\" id=\"block_d9bac76a5dabc3446e4ea3fc4c28c3e8\">\n    <div class=\"container\">\n        <p><img loading=\"lazy\" decoding=\"async\" class=\"wp-image-16754 size-large aligncenter\" src=\"https:\/\/www.cadca.org\/wp-content\/uploads\/2023\/03\/23-Mid-year-banner-1667x262-2-1024x161.png\" alt=\"\" width=\"1024\" height=\"161\" srcset=\"https:\/\/www.cadca.org\/wp-content\/uploads\/2023\/03\/23-Mid-year-banner-1667x262-2-1024x161.png 1024w, https:\/\/www.cadca.org\/wp-content\/uploads\/2023\/03\/23-Mid-year-banner-1667x262-2-300x47.png 300w, https:\/\/www.cadca.org\/wp-content\/uploads\/2023\/03\/23-Mid-year-banner-1667x262-2-768x121.png 768w, https:\/\/www.cadca.org\/wp-content\/uploads\/2023\/03\/23-Mid-year-banner-1667x262-2-1536x241.png 1536w, https:\/\/www.cadca.org\/wp-content\/uploads\/2023\/03\/23-Mid-year-banner-1667x262-2-18x3.png 18w, https:\/\/www.cadca.org\/wp-content\/uploads\/2023\/03\/23-Mid-year-banner-1667x262-2.png 1667w\" sizes=\"auto, (max-width: 1024px) 100vw, 1024px\" \/><\/p>\n<p style=\"text-align: center\"><a href=\"https:\/\/www.cadca.org\/fr\/myti2023\/\"><img loading=\"lazy\" decoding=\"async\" class=\"alignnone wp-image-16712\" src=\"https:\/\/www.cadca.org\/wp-content\/uploads\/2023\/03\/MYTIHomepage-300x243.png\" alt=\"\" width=\"100\" height=\"81\" \/><\/a> <a href=\"https:\/\/www.cadca.org\/fr\/myti2023\/cfps\/\"><img loading=\"lazy\" decoding=\"async\" class=\"alignnone wp-image-16713\" src=\"https:\/\/www.cadca.org\/wp-content\/uploads\/2023\/03\/MYTICFP-300x243.png\" alt=\"\" width=\"100\" height=\"81\" srcset=\"https:\/\/www.cadca.org\/wp-content\/uploads\/2023\/03\/MYTICFP-300x243.png 300w, https:\/\/www.cadca.org\/wp-content\/uploads\/2023\/03\/MYTICFP-768x621.png 768w, https:\/\/www.cadca.org\/wp-content\/uploads\/2023\/03\/MYTICFP-15x12.png 15w, https:\/\/www.cadca.org\/wp-content\/uploads\/2023\/03\/MYTICFP.png 804w\" sizes=\"auto, (max-width: 100px) 100vw, 100px\" \/><\/a> <a href=\"https:\/\/www.cadca.org\/fr\/myti2023\/faqs\/\"><img loading=\"lazy\" decoding=\"async\" class=\"alignnone wp-image-16720\" src=\"https:\/\/www.cadca.org\/wp-content\/uploads\/2023\/03\/MYTIFAQs-300x243.png\" alt=\"\" width=\"100\" height=\"81\" srcset=\"https:\/\/www.cadca.org\/wp-content\/uploads\/2023\/03\/MYTIFAQs-300x243.png 300w, https:\/\/www.cadca.org\/wp-content\/uploads\/2023\/03\/MYTIFAQs-768x621.png 768w, https:\/\/www.cadca.org\/wp-content\/uploads\/2023\/03\/MYTIFAQs-15x12.png 15w, https:\/\/www.cadca.org\/wp-content\/uploads\/2023\/03\/MYTIFAQs.png 804w\" sizes=\"auto, (max-width: 100px) 100vw, 100px\" \/><\/a> <a href=\"https:\/\/www.cadca.org\/fr\/myti2023\/hotelandtravel\/\"><img loading=\"lazy\" decoding=\"async\" class=\"alignnone wp-image-16714\" src=\"https:\/\/www.cadca.org\/wp-content\/uploads\/2023\/03\/MYTIHotel-300x243.png\" alt=\"\" width=\"100\" height=\"81\" srcset=\"https:\/\/www.cadca.org\/wp-content\/uploads\/2023\/03\/MYTIHotel-300x243.png 300w, https:\/\/www.cadca.org\/wp-content\/uploads\/2023\/03\/MYTIHotel-768x621.png 768w, https:\/\/www.cadca.org\/wp-content\/uploads\/2023\/03\/MYTIHotel-15x12.png 15w, https:\/\/www.cadca.org\/wp-content\/uploads\/2023\/03\/MYTIHotel.png 804w\" sizes=\"auto, (max-width: 100px) 100vw, 100px\" \/><\/a> <a href=\"https:\/\/www.cadca.org\/fr\/myti2023\/international\/\"><img loading=\"lazy\" decoding=\"async\" class=\"alignnone wp-image-16718\" src=\"https:\/\/www.cadca.org\/wp-content\/uploads\/2023\/03\/MYTIIntl-300x243.png\" alt=\"\" width=\"100\" height=\"81\" srcset=\"https:\/\/www.cadca.org\/wp-content\/uploads\/2023\/03\/MYTIIntl-300x243.png 300w, https:\/\/www.cadca.org\/wp-content\/uploads\/2023\/03\/MYTIIntl-768x621.png 768w, https:\/\/www.cadca.org\/wp-content\/uploads\/2023\/03\/MYTIIntl-15x12.png 15w, https:\/\/www.cadca.org\/wp-content\/uploads\/2023\/03\/MYTIIntl.png 804w\" sizes=\"auto, (max-width: 100px) 100vw, 100px\" \/><\/a> <a href=\"https:\/\/www.cadca.org\/fr\/myti2023\/partnerships\/\"><img loading=\"lazy\" decoding=\"async\" class=\"alignnone wp-image-16716\" src=\"https:\/\/www.cadca.org\/wp-content\/uploads\/2023\/03\/MYTIPartnerships-300x243.png\" alt=\"\" width=\"100\" height=\"81\" srcset=\"https:\/\/www.cadca.org\/wp-content\/uploads\/2023\/03\/MYTIPartnerships-300x243.png 300w, https:\/\/www.cadca.org\/wp-content\/uploads\/2023\/03\/MYTIPartnerships-768x621.png 768w, https:\/\/www.cadca.org\/wp-content\/uploads\/2023\/03\/MYTIPartnerships-15x12.png 15w, https:\/\/www.cadca.org\/wp-content\/uploads\/2023\/03\/MYTIPartnerships.png 804w\" sizes=\"auto, (max-width: 100px) 100vw, 100px\" \/><\/a> <a href=\"https:\/\/www.cadca.org\/fr\/myti2023\/schedule\/\"><img loading=\"lazy\" decoding=\"async\" class=\"alignnone wp-image-16715\" src=\"https:\/\/www.cadca.org\/wp-content\/uploads\/2023\/03\/MYTISchedule-300x243.png\" alt=\"\" width=\"100\" height=\"81\" srcset=\"https:\/\/www.cadca.org\/wp-content\/uploads\/2023\/03\/MYTISchedule-300x243.png 300w, https:\/\/www.cadca.org\/wp-content\/uploads\/2023\/03\/MYTISchedule-768x621.png 768w, https:\/\/www.cadca.org\/wp-content\/uploads\/2023\/03\/MYTISchedule-15x12.png 15w, https:\/\/www.cadca.org\/wp-content\/uploads\/2023\/03\/MYTISchedule.png 804w\" sizes=\"auto, (max-width: 100px) 100vw, 100px\" \/><\/a> <a href=\"https:\/\/www.cadca.org\/fr\/myti2023\/scholarships\/\"><img loading=\"lazy\" decoding=\"async\" class=\"alignnone wp-image-16719\" src=\"https:\/\/www.cadca.org\/wp-content\/uploads\/2023\/03\/MYTIScholarships-300x243.png\" alt=\"\" width=\"100\" height=\"81\" srcset=\"https:\/\/www.cadca.org\/wp-content\/uploads\/2023\/03\/MYTIScholarships-300x243.png 300w, https:\/\/www.cadca.org\/wp-content\/uploads\/2023\/03\/MYTIScholarships-768x621.png 768w, https:\/\/www.cadca.org\/wp-content\/uploads\/2023\/03\/MYTIScholarships-15x12.png 15w, https:\/\/www.cadca.org\/wp-content\/uploads\/2023\/03\/MYTIScholarships.png 804w\" sizes=\"auto, (max-width: 100px) 100vw, 100px\" \/><\/a> <a href=\"https:\/\/www.cadca.org\/fr\/myti2023\/youth\/\"><img loading=\"lazy\" decoding=\"async\" class=\"alignnone wp-image-16717\" src=\"https:\/\/www.cadca.org\/wp-content\/uploads\/2023\/03\/MYTIYouth-300x243.png\" alt=\"\" width=\"100\" height=\"81\" srcset=\"https:\/\/www.cadca.org\/wp-content\/uploads\/2023\/03\/MYTIYouth-300x243.png 300w, https:\/\/www.cadca.org\/wp-content\/uploads\/2023\/03\/MYTIYouth-768x621.png 768w, https:\/\/www.cadca.org\/wp-content\/uploads\/2023\/03\/MYTIYouth-15x12.png 15w, https:\/\/www.cadca.org\/wp-content\/uploads\/2023\/03\/MYTIYouth.png 804w\" sizes=\"auto, (max-width: 100px) 100vw, 100px\" \/><\/a><\/p>\n<p style=\"text-align: center\"><span style=\"color: #339966;font-family: tahoma, arial, helvetica, sans-serif;font-size: 36px\"><strong>Inscription<\/strong><\/span><\/p>\n<p><b><i><span data-contrast=\"auto\">Combien cela co\u00fbte-t-il d&#039;assister \u00e0 l&#039;Institut de formation en milieu d&#039;ann\u00e9e de la CADCA\u00a0?<\/span><\/i><\/b><\/p>\n<p><img loading=\"lazy\" decoding=\"async\" class=\"aligncenter size-full wp-image-19632\" src=\"https:\/\/www.cadca.org\/wp-content\/uploads\/2023\/06\/myti23-regprices-updated-4.png\" alt=\"\" width=\"450\" height=\"300\" srcset=\"https:\/\/www.cadca.org\/wp-content\/uploads\/2023\/06\/myti23-regprices-updated-4.png 450w, https:\/\/www.cadca.org\/wp-content\/uploads\/2023\/06\/myti23-regprices-updated-4-300x200.png 300w, https:\/\/www.cadca.org\/wp-content\/uploads\/2023\/06\/myti23-regprices-updated-4-18x12.png 18w\" sizes=\"auto, (max-width: 450px) 100vw, 450px\" \/><\/p>\n<p>Remarque\u00a0: Tous les participants doivent \u00eatre enregistr\u00e9s avec leur propre adresse e-mail unique (aucun doublon n&#039;est autoris\u00e9 dans notre syst\u00e8me)<\/p>\n<p><strong>Qu&#039;est-ce qui est inclus dans le tarif d&#039;inscription ?\u00a0<\/strong><\/p>\n<ul style=\"margin-left: 40px\">\n<li>Acc\u00e8s \u00e0 toutes les sessions dans toutes les pistes, du dimanche 16 juillet au jeudi 20 juillet 2023<\/li>\n<li>Entr\u00e9e \u00e0 la salle d&#039;exposition<\/li>\n<li>Sac CADCA<\/li>\n<li>Acc\u00e8s \u00e0 tous les documents de la session et aux pr\u00e9sentations PowerPoint (en attendant l&#039;autorisation de publication des conf\u00e9renciers)<\/li>\n<li>Activit\u00e9s de r\u00e9seautage<\/li>\n<\/ul>\n<p><strong><br \/>\nComment b\u00e9n\u00e9ficier du tarif d&#039;inscription de groupe ?\u00a0<\/strong><\/p>\n<ul style=\"margin-left: 40px\">\n<li>Tous les individus doivent \u00eatre associ\u00e9s \u00e0 la m\u00eame coalition\/organisation (sans exception)<\/li>\n<li>La coalition\/organisation doit \u00eatre un membre actif de la CADCA<\/li>\n<li>Le groupe doit contenir un minimum de 5 personnes PLEIN PAYANT (les boursiers et les conf\u00e9renciers ne comptent pas pour les membres du groupe)<\/li>\n<li>Tous les membres doivent \u00eatre inscrits en m\u00eame temps et payer en une seule transaction, en utilisant un seul mode de paiement<\/li>\n<\/ul>\n<p><strong><br \/>\nComment assister au Mid-Year au tarif membre ?\u00a0<\/strong><\/p>\n<p>Acheter un abonnement d&#039;un an\u00a0<strong>avant de vous inscrire<\/strong>\u00a0et b\u00e9n\u00e9ficiez du tarif membre r\u00e9duit ! Les membres \u00e9conomisent plus de $200 par inscrit et acc\u00e8dent au forum de r\u00e9seautage en ligne de CADCA, la communaut\u00e9 CADCA.<\/p>\n<p>Pour plus de d\u00e9tails, contactez l&#039;\u00e9quipe d&#039;adh\u00e9sion de CADCA au<a href=\"mailto:membership@cadca.org\">membership@cadca.org<\/a>ou appelez le 703-706-0560 poste. 261.<\/p>\n<p><strong><br \/>\nComment puis-je m&#039;inscrire?\u00a0<\/strong><\/p>\n<ul style=\"margin-left: 40px\">\n<li><a href=\"https:\/\/web.cadca.org\/eweb\/DynamicPage.aspx?WebCode=LoginRequired&amp;expires=yes&amp;Site=CADCA_2017\" target=\"_blank\" rel=\"noopener\">Via notre portail des membres<\/a><\/li>\n<li>Envoyer le formulaire d&#039;inscription PDF par e-mail \u00e0\u00a0<a href=\"mailto:events@cadca.org\" data-cke-saved-href=\"mailto:events@cadca.org\">events@cadca.org<\/a>\u00a0recevoir une facture<\/li>\n<\/ul>\n<p>&nbsp;<\/p>\n<p>Suivez ces <a href=\"https:\/\/www.cadca.org\/wp-content\/uploads\/2023\/05\/MYTI23-Registration-Instructions-1.pdf\" target=\"_blank\" rel=\"noopener\">instructions \u00e9tape par \u00e9tape<\/a>\u00a0pour des informations d\u00e9taill\u00e9es sur la fa\u00e7on de s&#039;inscrire \u00e0 Mid-Year.<\/p>\n<p><span class=\"ui-provider hc b c d e f g h i j k l m n o p q r s t u v w x y z ab ac ae af ag ah ai aj ak\" dir=\"ltr\">Vous n&#039;\u00eates pas consid\u00e9r\u00e9 comme inscrit \u00e0 la conf\u00e9rence tant que le paiement ou le bon de commande n&#039;a pas \u00e9t\u00e9 re\u00e7u. Le paiement doit \u00eatre timbr\u00e9 par <strong>26 juin 2023<\/strong>. Les bons de commande officiels (PO) sont accept\u00e9s (et non les demandes d&#039;achat) \u00e0 condition que les directives suivantes soient respect\u00e9es. Si vous soumettez un bon de commande \u00e0 CADCA, vous garantissez le paiement du montant total du bon de commande en <strong>16 juillet<\/strong>.<\/span><\/p>\n<p><em>VEUILLEZ NOTER\u00a0: Si vous recevez un message d&#039;erreur indiquant\u00a0: &quot;ATTENTION\u00a0! Vous devez \u00eatre associ\u00e9 \u00e0 une organisation pour pouvoir effectuer une inscription \u00e0 un \u00e9v\u00e9nement de groupe.\u00a0\u00bb L&#039;organisation associ\u00e9e \u00e0 votre compte n&#039;est pas correctement li\u00e9e. Pour r\u00e9soudre, veuillez envoyer un e-mail <a href=\"mailto:events@cadca.org\" data-cke-saved-href=\"mailto:events@cadca.org\">events@cadca.org<\/a>\u00a0ou\u00a0<a href=\"mailto:membership@cadca.org\" data-cke-saved-href=\"mailto:membership@cadca.org\">membership@cadca.org<\/a>.<\/em><\/p>\n<p>&nbsp;<\/p>\n<p><strong>Formulaires d&#039;inscription\u00a0<\/strong><\/p>\n<p><a href=\"https:\/\/www.cadca.org\/wp-content\/uploads\/2023\/06\/MYTI23-Reg-Form-INDIVIDUAL.pdf\"><img loading=\"lazy\" decoding=\"async\" class=\"alignnone wp-image-18638 size-medium\" src=\"https:\/\/www.cadca.org\/wp-content\/uploads\/2023\/05\/RegPage-1-300x64.png\" alt=\"\" width=\"300\" height=\"64\" srcset=\"https:\/\/www.cadca.org\/wp-content\/uploads\/2023\/05\/RegPage-1-300x64.png 300w, https:\/\/www.cadca.org\/wp-content\/uploads\/2023\/05\/RegPage-1-18x4.png 18w, https:\/\/www.cadca.org\/wp-content\/uploads\/2023\/05\/RegPage-1.png 387w\" sizes=\"auto, (max-width: 300px) 100vw, 300px\" \/><\/a><a href=\"https:\/\/www.cadca.org\/wp-content\/uploads\/2023\/06\/MYTI23-Reg-Form-GROUP-5-1.pdf\"><img loading=\"lazy\" decoding=\"async\" class=\"alignnone wp-image-18639 size-medium\" src=\"https:\/\/www.cadca.org\/wp-content\/uploads\/2023\/05\/RegPage-3-300x62.png\" alt=\"\" width=\"300\" height=\"62\" srcset=\"https:\/\/www.cadca.org\/wp-content\/uploads\/2023\/05\/RegPage-3-300x62.png 300w, https:\/\/www.cadca.org\/wp-content\/uploads\/2023\/05\/RegPage-3-768x159.png 768w, https:\/\/www.cadca.org\/wp-content\/uploads\/2023\/05\/RegPage-3-18x4.png 18w, https:\/\/www.cadca.org\/wp-content\/uploads\/2023\/05\/RegPage-3.png 774w\" sizes=\"auto, (max-width: 300px) 100vw, 300px\" \/><\/a><\/p>\n<p><strong><br \/>\nExon\u00e9ration de responsabilit\u00e9\u00a0<\/strong><\/p>\n<p>En tant qu&#039;exigence pour assister \u00e0 un \u00e9v\u00e9nement de formation CADCA, les participants doivent reconna\u00eetre <a href=\"https:\/\/www.cadca.org\/wp-content\/uploads\/2023\/05\/Waiver-of-Liability-Texas.pdf\">Exon\u00e9ration de responsabilit\u00e9 de la CADCA<\/a>.<\/p>\n<p>CADCA utilisera un syst\u00e8me qui facilite la distribution limit\u00e9e de badges de contact pour tous les participants. De plus, le Gaylord subira une d\u00e9sinfection fr\u00e9quente et am\u00e9lior\u00e9e des zones d&#039;\u00e9v\u00e9nements \u00e0 fort contact, conform\u00e9ment \u00e0 son engagement envers la propret\u00e9.<\/p>\n<p><strong><br \/>\nQuelles sont les politiques d&#039;annulation\/de remboursement\/de substitution de CADCA\u00a0?\u00a0<\/strong><\/p>\n<p>Les substitutions sont gratuites et doivent \u00eatre soumises par \u00e9crit par courriel \u00e0 events@cadca.org avec un\u00a0<strong>NOUVEAU<\/strong>et le formulaire d&#039;inscription PDF rempli. CADCA a un\u00a0<strong>AUCUN REMBOURSEMENT<\/strong>\u00a0politique. Les annulations, les absences \u00e0 la conf\u00e9rence ou les absences \u00e0 l&#039;\u00e9v\u00e9nement de formation ne recevront pas de remboursement ou de cr\u00e9dit pour un futur \u00e9v\u00e9nement de formation CADCA.<\/p>\n<p><strong><br \/>\nNotes sp\u00e9ciales<\/strong><\/p>\n<p>Participants handicap\u00e9s ou ayant des besoins sp\u00e9ciaux : Si vous avez un handicap ou des besoins sp\u00e9ciaux qui peuvent affecter votre participation au Forum, veuillez nous contacter \u00e0<a href=\"mailto:events@cadca.org\">events@cadca.org<\/a>pour discuter de vos besoins.<\/p>\n<p>En vous inscrivant \u00e0 l&#039;\u00e9v\u00e9nement CADCA, vous nous autorisez \u00e0 inclure votre nom, votre organisation et vos informations d&#039;\u00e9tat pour la liste des participants et l&#039;utilisation de votre image captur\u00e9e dans des photographies\/vid\u00e9os en ligne.<\/p>\n<p><strong>EN VOUS INSCRIVANT \u00c0 CET \u00c9V\u00c9NEMENT DE FORMATION, VOUS ACCEPTEZ LA POLITIQUE D&#039;INSCRIPTION CADCA.<\/strong><\/p>\n    <\/div>\n<\/section>","protected":false},"excerpt":{"rendered":"","protected":false},"author":23,"featured_media":0,"parent":18692,"menu_order":0,"comment_status":"closed","ping_status":"closed","template":"","meta":{"_acf_changed":false,"inline_featured_image":false,"footnotes":""},"class_list":["post-16777","page","type-page","status-publish","hentry"],"acf":[],"yoast_head":"<!-- This site is optimized with the Yoast SEO plugin v26.8 - https:\/\/yoast.com\/product\/yoast-seo-wordpress\/ -->\n<title>MYTI2023: Registration | CADCA<\/title>\n<meta name=\"description\" content=\"CADCA represents over 7,000 community coalitions that involve individuals from key sectors including schools, law enforcement, youth, parents, healthcare, media, tribal communities and others\" \/>\n<meta name=\"robots\" content=\"index, follow, max-snippet:-1, max-image-preview:large, max-video-preview:-1\" \/>\n<link rel=\"canonical\" href=\"https:\/\/www.cadca.org\/fr\/myti2023\/registration\/\" \/>\n<meta property=\"og:locale\" content=\"fr_FR\" \/>\n<meta property=\"og:type\" content=\"article\" \/>\n<meta property=\"og:title\" content=\"MYTI2023: Registration | CADCA\" \/>\n<meta property=\"og:description\" content=\"CADCA represents over 7,000 community coalitions that involve individuals from key sectors including schools, law enforcement, youth, parents, healthcare, media, tribal communities and others\" \/>\n<meta property=\"og:url\" content=\"https:\/\/www.cadca.org\/fr\/myti2023\/registration\/\" \/>\n<meta property=\"og:site_name\" content=\"CADCA\" \/>\n<meta property=\"article:modified_time\" content=\"2023-06-27T14:09:29+00:00\" \/>\n<meta property=\"og:image\" content=\"https:\/\/www.cadca.org\/wp-content\/uploads\/2022\/03\/cadca-member-of-logo1.jpg\" \/>\n\t<meta property=\"og:image:width\" content=\"880\" \/>\n\t<meta property=\"og:image:height\" content=\"500\" \/>\n\t<meta property=\"og:image:type\" content=\"image\/jpeg\" \/>\n<meta name=\"twitter:card\" content=\"summary_large_image\" \/>\n<script type=\"application\/ld+json\" class=\"yoast-schema-graph\">{\"@context\":\"https:\/\/schema.org\",\"@graph\":[{\"@type\":\"WebPage\",\"@id\":\"https:\/\/www.cadca.org\/myti2023\/registration\/\",\"url\":\"https:\/\/www.cadca.org\/myti2023\/registration\/\",\"name\":\"MYTI2023: Registration | CADCA\",\"isPartOf\":{\"@id\":\"https:\/\/www.cadca.org\/#website\"},\"datePublished\":\"2023-03-09T15:33:02+00:00\",\"dateModified\":\"2023-06-27T14:09:29+00:00\",\"description\":\"CADCA represents over 7,000 community coalitions that involve individuals from key sectors including schools, law enforcement, youth, parents, healthcare, media, tribal communities and others\",\"breadcrumb\":{\"@id\":\"https:\/\/www.cadca.org\/myti2023\/registration\/#breadcrumb\"},\"inLanguage\":\"fr-FR\",\"potentialAction\":[{\"@type\":\"ReadAction\",\"target\":[\"https:\/\/www.cadca.org\/myti2023\/registration\/\"]}]},{\"@type\":\"BreadcrumbList\",\"@id\":\"https:\/\/www.cadca.org\/myti2023\/registration\/#breadcrumb\",\"itemListElement\":[{\"@type\":\"ListItem\",\"position\":1,\"name\":\"Home\",\"item\":\"https:\/\/www.cadca.org\/\"},{\"@type\":\"ListItem\",\"position\":2,\"name\":\"MYTI2023\",\"item\":\"https:\/\/www.cadca.org\/myti2023\/\"},{\"@type\":\"ListItem\",\"position\":3,\"name\":\"MYTI2023: Registration\"}]},{\"@type\":\"WebSite\",\"@id\":\"https:\/\/www.cadca.org\/#website\",\"url\":\"https:\/\/www.cadca.org\/\",\"name\":\"CADCA\",\"description\":\"The Premier Prevention Association\",\"potentialAction\":[{\"@type\":\"SearchAction\",\"target\":{\"@type\":\"EntryPoint\",\"urlTemplate\":\"https:\/\/www.cadca.org\/?s={search_term_string}\"},\"query-input\":{\"@type\":\"PropertyValueSpecification\",\"valueRequired\":true,\"valueName\":\"search_term_string\"}}],\"inLanguage\":\"fr-FR\"}]}<\/script>\n<!-- \/ Yoast SEO plugin. -->","yoast_head_json":{"title":"MYTI2023: Registration | CADCA","description":"CADCA represents over 7,000 community coalitions that involve individuals from key sectors including schools, law enforcement, youth, parents, healthcare, media, tribal communities and others","robots":{"index":"index","follow":"follow","max-snippet":"max-snippet:-1","max-image-preview":"max-image-preview:large","max-video-preview":"max-video-preview:-1"},"canonical":"https:\/\/www.cadca.org\/fr\/myti2023\/registration\/","og_locale":"fr_FR","og_type":"article","og_title":"MYTI2023: Registration | CADCA","og_description":"CADCA represents over 7,000 community coalitions that involve individuals from key sectors including schools, law enforcement, youth, parents, healthcare, media, tribal communities and others","og_url":"https:\/\/www.cadca.org\/fr\/myti2023\/registration\/","og_site_name":"CADCA","article_modified_time":"2023-06-27T14:09:29+00:00","og_image":[{"width":880,"height":500,"url":"https:\/\/www.cadca.org\/wp-content\/uploads\/2022\/03\/cadca-member-of-logo1.jpg","type":"image\/jpeg"}],"twitter_card":"summary_large_image","schema":{"@context":"https:\/\/schema.org","@graph":[{"@type":"WebPage","@id":"https:\/\/www.cadca.org\/myti2023\/registration\/","url":"https:\/\/www.cadca.org\/myti2023\/registration\/","name":"MYTI2023: Registration | CADCA","isPartOf":{"@id":"https:\/\/www.cadca.org\/#website"},"datePublished":"2023-03-09T15:33:02+00:00","dateModified":"2023-06-27T14:09:29+00:00","description":"CADCA represents over 7,000 community coalitions that involve individuals from key sectors including schools, law enforcement, youth, parents, healthcare, media, tribal communities and others","breadcrumb":{"@id":"https:\/\/www.cadca.org\/myti2023\/registration\/#breadcrumb"},"inLanguage":"fr-FR","potentialAction":[{"@type":"ReadAction","target":["https:\/\/www.cadca.org\/myti2023\/registration\/"]}]},{"@type":"BreadcrumbList","@id":"https:\/\/www.cadca.org\/myti2023\/registration\/#breadcrumb","itemListElement":[{"@type":"ListItem","position":1,"name":"Home","item":"https:\/\/www.cadca.org\/"},{"@type":"ListItem","position":2,"name":"MYTI2023","item":"https:\/\/www.cadca.org\/myti2023\/"},{"@type":"ListItem","position":3,"name":"MYTI2023: Registration"}]},{"@type":"WebSite","@id":"https:\/\/www.cadca.org\/#website","url":"https:\/\/www.cadca.org\/","name":"CADCA","description":"The Premier Prevention Association","potentialAction":[{"@type":"SearchAction","target":{"@type":"EntryPoint","urlTemplate":"https:\/\/www.cadca.org\/?s={search_term_string}"},"query-input":{"@type":"PropertyValueSpecification","valueRequired":true,"valueName":"search_term_string"}}],"inLanguage":"fr-FR"}]}},"_links":{"self":[{"href":"https:\/\/www.cadca.org\/fr\/wp-json\/wp\/v2\/pages\/16777","targetHints":{"allow":["GET"]}}],"collection":[{"href":"https:\/\/www.cadca.org\/fr\/wp-json\/wp\/v2\/pages"}],"about":[{"href":"https:\/\/www.cadca.org\/fr\/wp-json\/wp\/v2\/types\/page"}],"author":[{"embeddable":true,"href":"https:\/\/www.cadca.org\/fr\/wp-json\/wp\/v2\/users\/23"}],"replies":[{"embeddable":true,"href":"https:\/\/www.cadca.org\/fr\/wp-json\/wp\/v2\/comments?post=16777"}],"version-history":[{"count":0,"href":"https:\/\/www.cadca.org\/fr\/wp-json\/wp\/v2\/pages\/16777\/revisions"}],"up":[{"embeddable":true,"href":"https:\/\/www.cadca.org\/fr\/wp-json\/wp\/v2\/pages\/18692"}],"wp:attachment":[{"href":"https:\/\/www.cadca.org\/fr\/wp-json\/wp\/v2\/media?parent=16777"}],"curies":[{"name":"wp","href":"https:\/\/api.w.org\/{rel}","templated":true}]}}