{"id":16776,"date":"2023-03-09T15:32:37","date_gmt":"2023-03-09T15:32:37","guid":{"rendered":"https:\/\/cadca1stg.wpengine.com\/?page_id=16776"},"modified":"2023-06-23T18:16:41","modified_gmt":"2023-06-23T18:16:41","slug":"youth","status":"publish","type":"page","link":"https:\/\/www.cadca.org\/fr\/myti2023\/youth\/","title":{"rendered":"MYTI2023: Youth"},"content":{"rendered":"<style media=\"all\" type=\"text\/css\">\n\n    \n    \/* xs & sm (mobile) *\/\n    @media (max-width: 767.98px) {\n        }\n\n    \/* md (tablet) *\/\n    @media (min-width: 768px) and (max-width: 1199.98px) {\n        }\n\n    \/* lg (desktop) *\/\n    @media (min-width: 1200px) {\n        }\n\n    \/* custom styles *\/\n    <\/style>\n<section class=\"rte  block_1ad3d42a17b3418aa424b3c46247a9c7\" id=\"block_1ad3d42a17b3418aa424b3c46247a9c7\">\n    <div class=\"container\">\n        <p><span style=\"font-family: tahoma, arial, helvetica, sans-serif;font-size: 16px\"><img loading=\"lazy\" decoding=\"async\" class=\"wp-image-16754 size-large aligncenter\" src=\"https:\/\/www.cadca.org\/wp-content\/uploads\/2023\/03\/23-Mid-year-banner-1667x262-2-1024x161.png\" alt=\"\" width=\"1024\" height=\"161\" srcset=\"https:\/\/www.cadca.org\/wp-content\/uploads\/2023\/03\/23-Mid-year-banner-1667x262-2-1024x161.png 1024w, https:\/\/www.cadca.org\/wp-content\/uploads\/2023\/03\/23-Mid-year-banner-1667x262-2-300x47.png 300w, https:\/\/www.cadca.org\/wp-content\/uploads\/2023\/03\/23-Mid-year-banner-1667x262-2-768x121.png 768w, https:\/\/www.cadca.org\/wp-content\/uploads\/2023\/03\/23-Mid-year-banner-1667x262-2-1536x241.png 1536w, https:\/\/www.cadca.org\/wp-content\/uploads\/2023\/03\/23-Mid-year-banner-1667x262-2-18x3.png 18w, https:\/\/www.cadca.org\/wp-content\/uploads\/2023\/03\/23-Mid-year-banner-1667x262-2.png 1667w\" sizes=\"auto, (max-width: 1024px) 100vw, 1024px\" \/><\/span><\/p>\n<p style=\"text-align: center\"><span style=\"font-family: tahoma, arial, helvetica, sans-serif;font-size: 16px\"><a href=\"https:\/\/www.cadca.org\/fr\/myti2023\/\"><img loading=\"lazy\" decoding=\"async\" class=\"alignnone wp-image-16712\" src=\"https:\/\/www.cadca.org\/wp-content\/uploads\/2023\/03\/MYTIHomepage-300x243.png\" alt=\"\" width=\"100\" height=\"81\" \/><\/a> <a href=\"https:\/\/www.cadca.org\/fr\/myti2023\/cfps\/\"><img loading=\"lazy\" decoding=\"async\" class=\"alignnone wp-image-16713\" src=\"https:\/\/www.cadca.org\/wp-content\/uploads\/2023\/03\/MYTICFP-300x243.png\" alt=\"\" width=\"100\" height=\"81\" srcset=\"https:\/\/www.cadca.org\/wp-content\/uploads\/2023\/03\/MYTICFP-300x243.png 300w, https:\/\/www.cadca.org\/wp-content\/uploads\/2023\/03\/MYTICFP-768x621.png 768w, https:\/\/www.cadca.org\/wp-content\/uploads\/2023\/03\/MYTICFP-15x12.png 15w, https:\/\/www.cadca.org\/wp-content\/uploads\/2023\/03\/MYTICFP.png 804w\" sizes=\"auto, (max-width: 100px) 100vw, 100px\" \/><\/a>\u00a0<a href=\"https:\/\/www.cadca.org\/fr\/myti2023\/faqs\/\"><img loading=\"lazy\" decoding=\"async\" class=\"alignnone wp-image-16720\" src=\"https:\/\/www.cadca.org\/wp-content\/uploads\/2023\/03\/MYTIFAQs-300x243.png\" alt=\"\" width=\"100\" height=\"81\" srcset=\"https:\/\/www.cadca.org\/wp-content\/uploads\/2023\/03\/MYTIFAQs-300x243.png 300w, https:\/\/www.cadca.org\/wp-content\/uploads\/2023\/03\/MYTIFAQs-768x621.png 768w, https:\/\/www.cadca.org\/wp-content\/uploads\/2023\/03\/MYTIFAQs-15x12.png 15w, https:\/\/www.cadca.org\/wp-content\/uploads\/2023\/03\/MYTIFAQs.png 804w\" sizes=\"auto, (max-width: 100px) 100vw, 100px\" \/><\/a> <a href=\"https:\/\/www.cadca.org\/fr\/myti2023\/hotelandtravel\/\"><img loading=\"lazy\" decoding=\"async\" class=\"alignnone wp-image-16714\" src=\"https:\/\/www.cadca.org\/wp-content\/uploads\/2023\/03\/MYTIHotel-300x243.png\" alt=\"\" width=\"100\" height=\"81\" srcset=\"https:\/\/www.cadca.org\/wp-content\/uploads\/2023\/03\/MYTIHotel-300x243.png 300w, https:\/\/www.cadca.org\/wp-content\/uploads\/2023\/03\/MYTIHotel-768x621.png 768w, https:\/\/www.cadca.org\/wp-content\/uploads\/2023\/03\/MYTIHotel-15x12.png 15w, https:\/\/www.cadca.org\/wp-content\/uploads\/2023\/03\/MYTIHotel.png 804w\" sizes=\"auto, (max-width: 100px) 100vw, 100px\" \/><\/a> <a href=\"https:\/\/www.cadca.org\/fr\/myti2023\/international\/\"><img loading=\"lazy\" decoding=\"async\" class=\"alignnone wp-image-16718\" src=\"https:\/\/www.cadca.org\/wp-content\/uploads\/2023\/03\/MYTIIntl-300x243.png\" alt=\"\" width=\"100\" height=\"81\" srcset=\"https:\/\/www.cadca.org\/wp-content\/uploads\/2023\/03\/MYTIIntl-300x243.png 300w, https:\/\/www.cadca.org\/wp-content\/uploads\/2023\/03\/MYTIIntl-768x621.png 768w, https:\/\/www.cadca.org\/wp-content\/uploads\/2023\/03\/MYTIIntl-15x12.png 15w, https:\/\/www.cadca.org\/wp-content\/uploads\/2023\/03\/MYTIIntl.png 804w\" sizes=\"auto, (max-width: 100px) 100vw, 100px\" \/><\/a> <a href=\"https:\/\/www.cadca.org\/fr\/myti2023\/partnerships\/\"><img loading=\"lazy\" decoding=\"async\" class=\"alignnone wp-image-16716\" src=\"https:\/\/www.cadca.org\/wp-content\/uploads\/2023\/03\/MYTIPartnerships-300x243.png\" alt=\"\" width=\"100\" height=\"81\" srcset=\"https:\/\/www.cadca.org\/wp-content\/uploads\/2023\/03\/MYTIPartnerships-300x243.png 300w, https:\/\/www.cadca.org\/wp-content\/uploads\/2023\/03\/MYTIPartnerships-768x621.png 768w, https:\/\/www.cadca.org\/wp-content\/uploads\/2023\/03\/MYTIPartnerships-15x12.png 15w, https:\/\/www.cadca.org\/wp-content\/uploads\/2023\/03\/MYTIPartnerships.png 804w\" sizes=\"auto, (max-width: 100px) 100vw, 100px\" \/><\/a> <a href=\"https:\/\/www.cadca.org\/fr\/myti2023\/registration\/\"><img loading=\"lazy\" decoding=\"async\" class=\"alignnone wp-image-16722\" src=\"https:\/\/www.cadca.org\/wp-content\/uploads\/2023\/03\/MYTIReg-300x243.png\" alt=\"\" width=\"100\" height=\"81\" srcset=\"https:\/\/www.cadca.org\/wp-content\/uploads\/2023\/03\/MYTIReg-300x243.png 300w, https:\/\/www.cadca.org\/wp-content\/uploads\/2023\/03\/MYTIReg-768x621.png 768w, https:\/\/www.cadca.org\/wp-content\/uploads\/2023\/03\/MYTIReg-15x12.png 15w, https:\/\/www.cadca.org\/wp-content\/uploads\/2023\/03\/MYTIReg.png 804w\" sizes=\"auto, (max-width: 100px) 100vw, 100px\" \/><\/a> <a href=\"https:\/\/www.cadca.org\/fr\/myti2023\/schedule\/\"><img loading=\"lazy\" decoding=\"async\" class=\"alignnone wp-image-16715\" src=\"https:\/\/www.cadca.org\/wp-content\/uploads\/2023\/03\/MYTISchedule-300x243.png\" alt=\"\" width=\"100\" height=\"81\" srcset=\"https:\/\/www.cadca.org\/wp-content\/uploads\/2023\/03\/MYTISchedule-300x243.png 300w, https:\/\/www.cadca.org\/wp-content\/uploads\/2023\/03\/MYTISchedule-768x621.png 768w, https:\/\/www.cadca.org\/wp-content\/uploads\/2023\/03\/MYTISchedule-15x12.png 15w, https:\/\/www.cadca.org\/wp-content\/uploads\/2023\/03\/MYTISchedule.png 804w\" sizes=\"auto, (max-width: 100px) 100vw, 100px\" \/><\/a> <a href=\"https:\/\/www.cadca.org\/fr\/myti2023\/scholarships\/\"><img loading=\"lazy\" decoding=\"async\" class=\"alignnone wp-image-16719\" src=\"https:\/\/www.cadca.org\/wp-content\/uploads\/2023\/03\/MYTIScholarships-300x243.png\" alt=\"\" width=\"100\" height=\"81\" srcset=\"https:\/\/www.cadca.org\/wp-content\/uploads\/2023\/03\/MYTIScholarships-300x243.png 300w, https:\/\/www.cadca.org\/wp-content\/uploads\/2023\/03\/MYTIScholarships-768x621.png 768w, https:\/\/www.cadca.org\/wp-content\/uploads\/2023\/03\/MYTIScholarships-15x12.png 15w, https:\/\/www.cadca.org\/wp-content\/uploads\/2023\/03\/MYTIScholarships.png 804w\" sizes=\"auto, (max-width: 100px) 100vw, 100px\" \/><\/a><\/span><\/p>\n<p style=\"text-align: center\"><span style=\"color: #0ba171;font-size: 36px;font-family: tahoma, arial, helvetica, sans-serif\"><strong>Programme de leadership pour les jeunes de CADCA<\/strong><\/span><\/p>\n<p style=\"text-align: center\"><span style=\"font-family: tahoma, arial, helvetica, sans-serif\"><img loading=\"lazy\" decoding=\"async\" class=\"alignnone wp-image-16802\" src=\"https:\/\/www.cadca.org\/wp-content\/uploads\/2023\/03\/MYTIYouth2.png\" alt=\"\" width=\"500\" height=\"333\" srcset=\"https:\/\/www.cadca.org\/wp-content\/uploads\/2023\/03\/MYTIYouth2.png 900w, https:\/\/www.cadca.org\/wp-content\/uploads\/2023\/03\/MYTIYouth2-300x200.png 300w, https:\/\/www.cadca.org\/wp-content\/uploads\/2023\/03\/MYTIYouth2-768x512.png 768w, https:\/\/www.cadca.org\/wp-content\/uploads\/2023\/03\/MYTIYouth2-18x12.png 18w\" sizes=\"auto, (max-width: 500px) 100vw, 500px\" \/> <img loading=\"lazy\" decoding=\"async\" class=\"alignnone wp-image-16810\" src=\"https:\/\/www.cadca.org\/wp-content\/uploads\/2023\/03\/MYTIYouth-1.png\" alt=\"\" width=\"500\" height=\"333\" srcset=\"https:\/\/www.cadca.org\/wp-content\/uploads\/2023\/03\/MYTIYouth-1.png 900w, https:\/\/www.cadca.org\/wp-content\/uploads\/2023\/03\/MYTIYouth-1-300x200.png 300w, https:\/\/www.cadca.org\/wp-content\/uploads\/2023\/03\/MYTIYouth-1-768x512.png 768w, https:\/\/www.cadca.org\/wp-content\/uploads\/2023\/03\/MYTIYouth-1-18x12.png 18w\" sizes=\"auto, (max-width: 500px) 100vw, 500px\" \/><\/span><\/p>\n<div>\n<p>Les jeunes ne dirigent pas demain mais dirigent maintenant\u00a0! Il n&#039;y a jamais eu de moment comme le pr\u00e9sent pour que les jeunes acc\u00e8dent \u00e0 des r\u00f4les de leadership dans leurs coalitions et s&#039;attaquent aux probl\u00e8mes urgents auxquels nos communaut\u00e9s sont confront\u00e9es. Les cours de formation en leadership pour les jeunes de CADCA d\u00e9veloppent des comp\u00e9tences de pens\u00e9e critique chez les jeunes et les dotent des outils n\u00e9cessaires pour aider les coalitions \u00e0 r\u00e9aliser des changements au niveau communautaire. Notre formation permet aux jeunes de prendre des mesures civiques dirig\u00e9es par des jeunes dans leurs communaut\u00e9s.<\/p>\n<p>L&#039;\u00e9tablissement de partenariats avec divers intervenants au niveau communautaire est le fondement du mod\u00e8le de coalition. Pour atteindre une v\u00e9ritable durabilit\u00e9 et un impact \u00e0 long terme, il est imp\u00e9ratif que nous donnions aux jeunes les moyens d&#039;\u00eatre des catalyseurs et des soutiens du changement communautaire. Les cours de formation en leadership pour les jeunes de CADCA d\u00e9veloppent les comp\u00e9tences des jeunes de votre communaut\u00e9 et leur fournissent les outils n\u00e9cessaires pour aider votre coalition \u00e0 r\u00e9aliser des changements au niveau communautaire. Notre formation permet aux jeunes \u00e2g\u00e9s de 13 \u00e0 18 ans de mener des actions civiques dirig\u00e9es par des jeunes dans leurs communaut\u00e9s. Des coalitions \u00e0 travers le pays envoient leurs jeunes suivre ces cours passionnants pour les aider \u00e0 travailler ensemble plus efficacement.<\/p>\n<p><strong>Leadership des jeunes<\/strong> contient trois cours distincts pour le milieu de l&#039;ann\u00e9e\u00a0: Key Essentials, Leveling Up Communities et Youth Leadership Breakout. Les deux cours doivent \u00eatre suivis par les jeunes et leur conseiller de coalition adulte pour soutenir le processus d&#039;apprentissage.<\/p>\n<p><strong>Le cours sur les \u00e9l\u00e9ments essentiels<\/strong> fournit aux participants les outils de base n\u00e9cessaires pour faire les premiers pas dans la r\u00e9solution des probl\u00e8mes de leurs communaut\u00e9s concernant la drogue, le juuling, la consommation d&#039;alcool chez les mineurs, les m\u00e9dicaments sur ordonnance et d&#039;autres maux sociaux \u00e0 l&#039;aide du cadre de pr\u00e9vention strat\u00e9gique.<\/p>\n<p><em>Key Essentials est ofrecida en espa\u00f1ol con espacio limitado, por favor contactar <a href=\"mailto:youth@cadca.org\">jeunesse@cadca.org<\/a> para m\u00e1s informaci\u00f3n sobre como registrar.<\/em><\/p>\n<p><em>Key Essentials est \u00e9galement propos\u00e9 en espagnol et a un nombre de places limit\u00e9, veuillez contacter <a href=\"mailto:youth@cadca.org\">jeunesse@cadca.org<\/a> pour plus d&#039;informations. <\/em><\/p>\n<p><strong>Mise \u00e0 niveau des communaut\u00e9s<\/strong>\u00a0offre un nouvel aper\u00e7u du travail que nous faisons au sein de nos communaut\u00e9s, pour s&#039;assurer qu&#039;il a un impact sur tous les membres de la communaut\u00e9, en particulier ceux qui en ont le plus besoin. L&#039;\u00e9quit\u00e9 en sant\u00e9 devient un concept int\u00e9gral dans les efforts de pr\u00e9vention de l&#039;abus de substances, et cette piste abordera comment nous pouvons faciliter le changement dans nos communaut\u00e9s \u00e0 travers cette perspective. Les jeunes qui s&#039;inscrivent \u00e0 ce parcours doivent assister \u00e0 toutes les sessions, et il est recommand\u00e9 qu&#039;un conseiller adulte assiste \u00e0 ce parcours avec les jeunes de la coalition.<\/p>\n<p><strong>La piste de discussion sur le leadership des jeunes<\/strong>\u00a0offre aux jeunes qui ont suivi les formations Key Essentials et Leveling Up Communities une autre option. Cette piste fournit aux jeunes leaders une introduction \u00e0 diverses strat\u00e9gies de pr\u00e9vention et des id\u00e9es pour les aider \u00e0 d\u00e9velopper leurs comp\u00e9tences en leadership et leurs coalitions communautaires.<\/p>\n<p>Les S\u00e9ances comprennent :<\/p>\n<ol style=\"margin-left:40px\">\n<li>Soins personnels - Concentrez-vous sur les forces et les strat\u00e9gies<\/li>\n<li>LEAD\u00a0: Une exp\u00e9rience immersive de leadership pour les jeunes (session partenaire)<\/li>\n<li>Allumez votre influence\u00a0: comment impliquer et influencer vos pairs dans la pr\u00e9vention (session avec les partenaires)<\/li>\n<li>Garder mon rebond \u00e9lev\u00e9<\/li>\n<li>Le pouvoir de YOUth (Session partenaire)<\/li>\n<li>Entra\u00eenez votre cerveau - Sant\u00e9. Espoir. EN DIRECT. (S\u00e9ance Partenaire)<\/li>\n<li>Hot Take\u00a0: une combinaison toxique de m\u00e9dias sociaux, de drogue, de traite des \u00eatres humains et de sant\u00e9 mentale<\/li>\n<li>Sous l&#039;influence : Exposer les tactiques de l&#039;industrie de l&#039;alcool<\/li>\n<\/ol>\n<\/div>\n<p>&nbsp;<\/p>\n<p><strong>AVANT DE VOUS INSCRIRE :\u00a0<\/strong><\/p>\n<ol style=\"margin-left:40px\">\n<li>Il existe trois fili\u00e8res distinctes de formation au leadership des jeunes au milieu de l&#039;ann\u00e9e\u00a0; veuillez inscrire votre groupe (# de conseillers adultes et de jeunes) \u00e0 l&#039;une des pistes suivantes\u00a0: la formation Key Essentials ou la formation Leveling Up Communities ou la formation en petits groupes sur le leadership des jeunes. Veuillez pr\u00e9s\u00e9lectionner votre parcours d&#039;entra\u00eenement en utilisant ce <a href=\"https:\/\/forms.monday.com\/forms\/6e06b38523d4d1576f0a12b089f938bd?r=use1\">lien<\/a>.<\/li>\n<li>Beaucoup de nos jeunes leaders ont d\u00e9j\u00e0 termin\u00e9 Key Essentials et LUC, c&#039;est pourquoi nous souhaitons offrir des opportunit\u00e9s de formation suppl\u00e9mentaires aux jeunes. Veuillez consulter la description de notre nouvelle piste de discussion sur le leadership des jeunes pour plus d&#039;informations\u00a0!<\/li>\n<li>En tant que conseiller(s) adulte(s) de la coalition et soutien continu pour le travail qui se fera avec votre groupe de jeunes lorsque vous retournerez dans votre communaut\u00e9, les conseillers adultes de la coalition sont tenus de participer avec les jeunes \u00e0 toutes les formations en leadership des jeunes. Veuillez confirmer les conseillers adultes de vos coalitions de jeunes qui participeront \u00e0 tous les segments de formation avec les jeunes (\u00e0 l&#039;exception des s\u00e9ances sp\u00e9ciales en petits groupes pour les conseillers adultes).<\/li>\n<li>Nous devons avoir un formulaire de consentement parental pour chaque jeune.<\/li>\n<\/ol>\n<p><strong><br \/>\nFAQ YL\u00a0<\/strong><\/p>\n<p><strong>Y a-t-il un formulaire de consentement \u00e0 remplir?<\/strong><br \/>\nOui, un formulaire de consentement est requis pour tous les jeunes inscrits de 18 ans ou moins.\u00a0\u00a0<a href=\"https:\/\/midyear.cadca.org\/webform\/mid-year-2023-consent-form\">Veuillez en remplir et en soumettre une ici.<\/a><\/p>\n<p><strong>Quelles sont les conditions d&#039;\u00e2ge?\u00a0<\/strong><br \/>\nLes cours de leadership pour les jeunes sont con\u00e7us pour les 13 \u00e0 20 ans ; cependant, envoyez-nous un e-mail si vous avez une exception.<\/p>\n<p><strong>Les adultes sont-ils tenus de participer avec les jeunes aux cours de leadership pour les jeunes\u00a0?\u00a0<\/strong><br \/>\nOui, les conseillers adultes sont tenus de participer avec leur jeune tout au long du processus. Le mod\u00e8le de leadership des jeunes de CADCA est une formation sp\u00e9cialis\u00e9e fond\u00e9e sur l&#039;\u00e9tablissement de partenariats adultes-jeunes sains et s&#039;attend \u00e0 ce que les adultes travaillent avec les jeunes tout au long des s\u00e9ances de formation. Il ne s&#039;agit pas d&#039;un r\u00f4le de chaperon, mais plut\u00f4t d&#039;un coach\/mentor de la coalition qui soutiendra la mise en \u0153uvre des strat\u00e9gies d\u00e9velopp\u00e9es \u00e0 son retour dans la coalition.<\/p>\n<p><strong>Quelle est la tenue ?\u00a0<\/strong><br \/>\nLa tenue est d\u00e9contract\u00e9e lors des entra\u00eenements. Rien de trop serr\u00e9, l\u00e2che, court ou r\u00e9v\u00e9lateur.<\/p>\n<p><strong>Ce qu&#039;il faut apporter?\u00a0<\/strong><br \/>\nSi votre coalition dispose de donn\u00e9es communautaires, apportez-les\u00a0! (par exemple\u00a0: donn\u00e9es d&#039;enqu\u00eate aupr\u00e8s des jeunes)<\/p>\n<p><strong>Les jeunes suivent-ils le m\u00eame horaire adulte?\u00a0<\/strong><br \/>\nOui et non. Pour la plupart, les jeunes suivront l&#039;horaire principal de mi-ann\u00e9e, \u00e0 l&#039;exception du Youth Meet-Up N&#039; Chill et du Youth Talent Show. Veuillez consulter le calendrier ci-dessous pour plus de d\u00e9tails. L&#039;horaire est sujet \u00e0 changement, veuillez donc v\u00e9rifier avant votre d\u00e9part.<\/p>\n    <\/div>\n<\/section>","protected":false},"excerpt":{"rendered":"","protected":false},"author":23,"featured_media":0,"parent":18692,"menu_order":0,"comment_status":"closed","ping_status":"closed","template":"","meta":{"_acf_changed":false,"inline_featured_image":false,"footnotes":""},"class_list":["post-16776","page","type-page","status-publish","hentry"],"acf":[],"yoast_head":"<!-- This site is optimized with the Yoast SEO plugin v26.8 - https:\/\/yoast.com\/product\/yoast-seo-wordpress\/ -->\n<title>MYTI2023: Youth | CADCA<\/title>\n<meta name=\"description\" content=\"CADCA represents over 7,000 community coalitions that involve individuals from key sectors including schools, law enforcement, youth, parents, healthcare, media, tribal communities and others\" \/>\n<meta name=\"robots\" content=\"index, follow, max-snippet:-1, max-image-preview:large, max-video-preview:-1\" \/>\n<link rel=\"canonical\" href=\"https:\/\/www.cadca.org\/fr\/myti2023\/youth\/\" \/>\n<meta property=\"og:locale\" content=\"fr_FR\" \/>\n<meta property=\"og:type\" content=\"article\" \/>\n<meta property=\"og:title\" content=\"MYTI2023: Youth | CADCA\" \/>\n<meta property=\"og:description\" content=\"CADCA represents over 7,000 community coalitions that involve individuals from key sectors including schools, law enforcement, youth, parents, healthcare, media, tribal communities and others\" \/>\n<meta property=\"og:url\" content=\"https:\/\/www.cadca.org\/fr\/myti2023\/youth\/\" \/>\n<meta property=\"og:site_name\" content=\"CADCA\" \/>\n<meta property=\"article:modified_time\" content=\"2023-06-23T18:16:41+00:00\" \/>\n<meta property=\"og:image\" content=\"https:\/\/www.cadca.org\/wp-content\/uploads\/2022\/03\/cadca-member-of-logo1.jpg\" \/>\n\t<meta property=\"og:image:width\" content=\"880\" \/>\n\t<meta property=\"og:image:height\" content=\"500\" \/>\n\t<meta property=\"og:image:type\" content=\"image\/jpeg\" \/>\n<meta name=\"twitter:card\" content=\"summary_large_image\" \/>\n<script type=\"application\/ld+json\" class=\"yoast-schema-graph\">{\"@context\":\"https:\/\/schema.org\",\"@graph\":[{\"@type\":\"WebPage\",\"@id\":\"https:\/\/www.cadca.org\/myti2023\/youth\/\",\"url\":\"https:\/\/www.cadca.org\/myti2023\/youth\/\",\"name\":\"MYTI2023: Youth | CADCA\",\"isPartOf\":{\"@id\":\"https:\/\/www.cadca.org\/#website\"},\"datePublished\":\"2023-03-09T15:32:37+00:00\",\"dateModified\":\"2023-06-23T18:16:41+00:00\",\"description\":\"CADCA represents over 7,000 community coalitions that involve individuals from key sectors including schools, law enforcement, youth, parents, healthcare, media, tribal communities and others\",\"breadcrumb\":{\"@id\":\"https:\/\/www.cadca.org\/myti2023\/youth\/#breadcrumb\"},\"inLanguage\":\"fr-FR\",\"potentialAction\":[{\"@type\":\"ReadAction\",\"target\":[\"https:\/\/www.cadca.org\/myti2023\/youth\/\"]}]},{\"@type\":\"BreadcrumbList\",\"@id\":\"https:\/\/www.cadca.org\/myti2023\/youth\/#breadcrumb\",\"itemListElement\":[{\"@type\":\"ListItem\",\"position\":1,\"name\":\"Home\",\"item\":\"https:\/\/www.cadca.org\/\"},{\"@type\":\"ListItem\",\"position\":2,\"name\":\"MYTI2023\",\"item\":\"https:\/\/www.cadca.org\/myti2023\/\"},{\"@type\":\"ListItem\",\"position\":3,\"name\":\"MYTI2023: Youth\"}]},{\"@type\":\"WebSite\",\"@id\":\"https:\/\/www.cadca.org\/#website\",\"url\":\"https:\/\/www.cadca.org\/\",\"name\":\"CADCA\",\"description\":\"The Premier Prevention Association\",\"potentialAction\":[{\"@type\":\"SearchAction\",\"target\":{\"@type\":\"EntryPoint\",\"urlTemplate\":\"https:\/\/www.cadca.org\/?s={search_term_string}\"},\"query-input\":{\"@type\":\"PropertyValueSpecification\",\"valueRequired\":true,\"valueName\":\"search_term_string\"}}],\"inLanguage\":\"fr-FR\"}]}<\/script>\n<!-- \/ Yoast SEO plugin. -->","yoast_head_json":{"title":"MYTI2023: Youth | CADCA","description":"CADCA represents over 7,000 community coalitions that involve individuals from key sectors including schools, law enforcement, youth, parents, healthcare, media, tribal communities and others","robots":{"index":"index","follow":"follow","max-snippet":"max-snippet:-1","max-image-preview":"max-image-preview:large","max-video-preview":"max-video-preview:-1"},"canonical":"https:\/\/www.cadca.org\/fr\/myti2023\/youth\/","og_locale":"fr_FR","og_type":"article","og_title":"MYTI2023: Youth | CADCA","og_description":"CADCA represents over 7,000 community coalitions that involve individuals from key sectors including schools, law enforcement, youth, parents, healthcare, media, tribal communities and others","og_url":"https:\/\/www.cadca.org\/fr\/myti2023\/youth\/","og_site_name":"CADCA","article_modified_time":"2023-06-23T18:16:41+00:00","og_image":[{"width":880,"height":500,"url":"https:\/\/www.cadca.org\/wp-content\/uploads\/2022\/03\/cadca-member-of-logo1.jpg","type":"image\/jpeg"}],"twitter_card":"summary_large_image","schema":{"@context":"https:\/\/schema.org","@graph":[{"@type":"WebPage","@id":"https:\/\/www.cadca.org\/myti2023\/youth\/","url":"https:\/\/www.cadca.org\/myti2023\/youth\/","name":"MYTI2023: Youth | CADCA","isPartOf":{"@id":"https:\/\/www.cadca.org\/#website"},"datePublished":"2023-03-09T15:32:37+00:00","dateModified":"2023-06-23T18:16:41+00:00","description":"CADCA represents over 7,000 community coalitions that involve individuals from key sectors including schools, law enforcement, youth, parents, healthcare, media, tribal communities and others","breadcrumb":{"@id":"https:\/\/www.cadca.org\/myti2023\/youth\/#breadcrumb"},"inLanguage":"fr-FR","potentialAction":[{"@type":"ReadAction","target":["https:\/\/www.cadca.org\/myti2023\/youth\/"]}]},{"@type":"BreadcrumbList","@id":"https:\/\/www.cadca.org\/myti2023\/youth\/#breadcrumb","itemListElement":[{"@type":"ListItem","position":1,"name":"Home","item":"https:\/\/www.cadca.org\/"},{"@type":"ListItem","position":2,"name":"MYTI2023","item":"https:\/\/www.cadca.org\/myti2023\/"},{"@type":"ListItem","position":3,"name":"MYTI2023: Youth"}]},{"@type":"WebSite","@id":"https:\/\/www.cadca.org\/#website","url":"https:\/\/www.cadca.org\/","name":"CADCA","description":"The Premier Prevention Association","potentialAction":[{"@type":"SearchAction","target":{"@type":"EntryPoint","urlTemplate":"https:\/\/www.cadca.org\/?s={search_term_string}"},"query-input":{"@type":"PropertyValueSpecification","valueRequired":true,"valueName":"search_term_string"}}],"inLanguage":"fr-FR"}]}},"_links":{"self":[{"href":"https:\/\/www.cadca.org\/fr\/wp-json\/wp\/v2\/pages\/16776","targetHints":{"allow":["GET"]}}],"collection":[{"href":"https:\/\/www.cadca.org\/fr\/wp-json\/wp\/v2\/pages"}],"about":[{"href":"https:\/\/www.cadca.org\/fr\/wp-json\/wp\/v2\/types\/page"}],"author":[{"embeddable":true,"href":"https:\/\/www.cadca.org\/fr\/wp-json\/wp\/v2\/users\/23"}],"replies":[{"embeddable":true,"href":"https:\/\/www.cadca.org\/fr\/wp-json\/wp\/v2\/comments?post=16776"}],"version-history":[{"count":0,"href":"https:\/\/www.cadca.org\/fr\/wp-json\/wp\/v2\/pages\/16776\/revisions"}],"up":[{"embeddable":true,"href":"https:\/\/www.cadca.org\/fr\/wp-json\/wp\/v2\/pages\/18692"}],"wp:attachment":[{"href":"https:\/\/www.cadca.org\/fr\/wp-json\/wp\/v2\/media?parent=16776"}],"curies":[{"name":"wp","href":"https:\/\/api.w.org\/{rel}","templated":true}]}}