{"id":16771,"date":"2023-03-08T16:12:58","date_gmt":"2023-03-08T16:12:58","guid":{"rendered":"https:\/\/cadca1stg.wpengine.com\/?page_id=16771"},"modified":"2023-05-25T13:12:23","modified_gmt":"2023-05-25T13:12:23","slug":"support-act","status":"publish","type":"page","link":"https:\/\/www.cadca.org\/fr\/support-act\/","title":{"rendered":"Loi de SOUTIEN"},"content":{"rendered":"<div style=\"height:25px\" aria-hidden=\"true\" class=\"wp-block-spacer\"><\/div>\n\n\n<style media=\"all\" type=\"text\/css\">\n\n    \/* xs & sm (mobile) *\/\n    @media (max-width: 767.98px) {\n        }\n\n    \/* md (tablet) *\/\n    @media (min-width: 768px) and (max-width: 1199.98px) {\n        }\n\n    \/* lg (desktop) *\/\n    @media (min-width: 1200px) {\n        }\n\n    \/* custom styles *\/\n    <\/style>\n<section class=\"page_intro block_3ca169bc9bb7bcb2e1379182d4299d32\" id=\"block_3ca169bc9bb7bcb2e1379182d4299d32\">\n    <div class=\"container\">\n        <h1>Loi de SOUTIEN<\/h1>\n            <\/div>\n<\/section>\n\n\n<style media=\"all\" type=\"text\/css\">\n\n    \n    \/* xs & sm (mobile) *\/\n    @media (max-width: 767.98px) {\n        }\n\n    \/* md (tablet) *\/\n    @media (min-width: 768px) and (max-width: 1199.98px) {\n        }\n\n    \/* lg (desktop) *\/\n    @media (min-width: 1200px) {\n        }\n\n    \/* custom styles *\/\n    <\/style>\n<section class=\"rte  block_aebb3276bc059eef142238381de102d1\" id=\"block_aebb3276bc059eef142238381de102d1\">\n    <div class=\"container\">\n        <p><b><strong>Principales dispositions de\u00a0<\/strong><\/b><b><strong>PL 115-271<\/strong><\/b><b><strong>: SOUTIEN \u00e0 la loi sur les patients et les communaut\u00e9s - organis\u00e9 par les 7 strat\u00e9gies de CADCA pour le changement communautaire<\/strong><\/b><\/p>\n<p><b><strong>Note:<\/strong><\/b>\u00a0Le Drug Free Communities Program, avec le Community Anti-Drug Coalition Institute, poursuit ces sept strat\u00e9gies globales et est r\u00e9autoris\u00e9 pour cinq ann\u00e9es suppl\u00e9mentaires, de l&#039;exercice 2018 \u00e0 l&#039;exercice 22.<\/p>\n<ol>\n<li><b><strong>Fournir des informations<\/strong><\/b><\/li>\n<\/ol>\n<ul>\n<li><b><strong>Comit\u00e9, Plan et Medi sur les menaces \u00e9mergentes<\/strong><\/b><b><strong>un<\/strong><\/b><b><strong>\u00a0Campagne (rubrique\u00a0<\/strong><\/b><b><strong>8218<\/strong><\/b><b><strong>)<\/strong><\/b>\u2013 \u00c9tablit un coordinateur et un comit\u00e9 des menaces \u00e9mergentes au sein de l&#039;ONDCP pour surveiller ces tendances en mati\u00e8re de drogue et autorise le nouveau directeur de ce bureau \u00e0 d\u00e9terminer si une campagne m\u00e9dicale serait appropri\u00e9e pour faire face \u00e0 chaque nouvelle menace ($25 millions) ;<\/li>\n<li><b><strong>Communication avec les familles en cas d&#039;urgence (article 7052)\u00a0<\/strong><\/b>&#8211;<b><strong>\u00a0<\/strong><\/b>rappelle chaque ann\u00e9e aux fournisseurs de soins de sant\u00e9 qu&#039;ils sont autoris\u00e9s, en vertu des lois f\u00e9d\u00e9rales actuelles sur la protection de la vie priv\u00e9e, \u00e0 informer les familles, les soignants et les fournisseurs de soins de sant\u00e9 des urgences de surdose impliquant un \u00eatre cher\u00a0;<\/li>\n<li><b><strong>Rapport sur les effets sur la sant\u00e9 publique de l&#039;usage de drogues synth\u00e9tiques (Section 7001)<\/strong><\/b>\u2013 Exige que le Surgeon General fasse rapport au Congr\u00e8s sur les effets sur la sant\u00e9 publique de la consommation de drogues synth\u00e9tiques chez les adolescents et les jeunes adultes afin d&#039;\u00e9duquer les parents et la communaut\u00e9 m\u00e9dicale.<\/li>\n<\/ul>\n<ol>\n<li><b><strong>Comp\u00e9tences de construction<\/strong><\/b><\/li>\n<\/ol>\n<ul>\n<li><b><strong>Traitement, \u00e9ducation et aide communautaire\u00a0<\/strong><\/b><b><strong>t<\/strong><\/b><b><strong>o Combattre la d\u00e9pendance (article 7101)\u00a0<\/strong><\/b>\u2013 \u00e9largit les ressources d&#039;\u00e9ducation et de formation m\u00e9dicales pour les fournisseurs de soins de sant\u00e9 afin de mieux faire face \u00e0 la toxicomanie, \u00e0 la douleur et \u00e0 la crise des opio\u00efdes;<\/li>\n<li><b><strong>Pr\u00e9vention des surdoses dans les salles d&#039;urgence (article 7081)\u00a0<\/strong><\/b>&#8211;<b><strong>\u00a0<\/strong><\/b>Am\u00e9liore la capacit\u00e9 des services d&#039;urgence \u00e0 d\u00e9pister, traiter et connecter efficacement les patients souffrant de troubles li\u00e9s \u00e0 l&#039;utilisation de substances avec des soins\u00a0;<\/li>\n<\/ul>\n<ul>\n<li><b><strong>Inclusion de\u00a0<\/strong><\/b><b><strong>O<\/strong><\/b><b><strong>pio\u00efde\u00a0<\/strong><\/b><b><strong>UN<\/strong><\/b><b><strong>d\u00e9pendance\u00a0<\/strong><\/b><b><strong>H<\/strong><\/b><b><strong>histoire dans\u00a0<\/strong><\/b><b><strong>P<\/strong><\/b><b><strong>patient\u00a0<\/strong><\/b><b><strong>R<\/strong><\/b><b><strong>registres (article 7051)<\/strong><\/b>\u00a0-Exige que le HHS d\u00e9veloppe les meilleures pratiques pour afficher en \u00e9vidence les informations sur le traitement des troubles li\u00e9s \u00e0 l&#039;utilisation de substances dans les dossiers de sant\u00e9 \u00e9lectroniques, \u00e0 la demande du patient\u00a0;<\/li>\n<\/ul>\n<ul>\n<li><b><strong>Interventions pr\u00e9coces pour les femmes enceintes et les nourrissons (section 7063)<\/strong><\/b>\u00a0\u2013 \u00c9labore et diffuse du mat\u00e9riel p\u00e9dagogique que les cliniciens peuvent utiliser avec les femmes enceintes pour une prise de d\u00e9cision partag\u00e9e concernant la gestion de la douleur pendant la grossesse\u00a0;<\/li>\n<li><b><strong>Formation des premiers intervenants (Section 7002)\u00a0<\/strong><\/b>\u2013 \u00c9largit la formation des premiers intervenants, autoris\u00e9e par la Comprehensive Addiction and Recovery Act, pour inclure une formation sur la s\u00e9curit\u00e9 autour du fentanyl et d&#039;autres substances synth\u00e9tiques et dangereuses;<\/li>\n<li><b><strong>Autonomisation des pharmaciens dans la lutte contre l&#039;abus d&#039;opio\u00efdes (article 3212)<\/strong><\/b>\u00a0\u2013 \u00c9labore et diffuse des ressources de formation pour aider les pharmaciens \u00e0 mieux d\u00e9tecter les tentatives frauduleuses d&#039;ex\u00e9cution de m\u00e9dicaments sur ordonnance.<\/li>\n<\/ul>\n<ol>\n<li><b><strong>Fournir un soutien<\/strong><\/b><\/li>\n<\/ol>\n<ul>\n<li><b><strong>Expansion des services de t\u00e9l\u00e9sant\u00e9 (article 1009\u00a0; 2001\u00a0; 3232)<\/strong><\/b>\u00a0\u2013 \u00e9largit l&#039;acc\u00e8s au traitement des troubles li\u00e9s \u00e0 l&#039;utilisation de substances et \u00e0 d&#039;autres services gr\u00e2ce \u00e0 l&#039;utilisation de la t\u00e9l\u00e9sant\u00e9;<\/li>\n<\/ul>\n<ul>\n<li><b><strong>Centres complets de r\u00e9cup\u00e9ration des opio\u00efdes (article 7121)\u00a0<\/strong><\/b>&#8211;<b><strong>\u00a0<\/strong><\/b>\u00c9tablit des centres mod\u00e8les de traitement et de r\u00e9tablissement complets pour garantir aux individus l&#039;acc\u00e8s \u00e0 des services de traitement et de r\u00e9tablissement de qualit\u00e9\u00a0;<\/li>\n<li><b><strong>Justificatif\u00a0<\/strong><\/b><b><strong>F<\/strong><\/b><b><strong>famille-<\/strong><\/b><b><strong>F<\/strong><\/b><b><strong>occup\u00e9\u00a0<\/strong><\/b><b><strong>R<\/strong><\/b><b><strong>r\u00e9sidentiel\u00a0<\/strong><\/b><b><strong>J<\/strong><\/b><b><strong>traitement (Section 8081, Section 8083)<\/strong><\/b>\u00a0\u2013 Am\u00e9lioration du traitement r\u00e9sidentiel ax\u00e9 sur la famille; $20 millions de financement pour le HHS \u00e0 attribuer aux \u00c9tats pour d\u00e9velopper, am\u00e9liorer ou \u00e9valuer des programmes de traitement ax\u00e9s sur la famille afin d&#039;augmenter le nombre de programmes fond\u00e9s sur des donn\u00e9es probantes\u00a0;<\/li>\n<li><b><strong>Plus de flexibilit\u00e9 pour prescrire un traitement m\u00e9dicamenteux assist\u00e9 (Section 3201, 3202)<\/strong><\/b>\u00a0\u2013 Augmente le nombre de fournisseurs de soins de sant\u00e9 exempt\u00e9s qui peuvent prescrire ou dispenser un traitement pour les troubles li\u00e9s \u00e0 l&#039;utilisation de substances, comme les infirmi\u00e8res certifi\u00e9es et les m\u00e9decins accr\u00e9dit\u00e9s\u00a0;<\/li>\n<li><b><strong>Loi sur la CARRI\u00c8RE (Section 7183)\u00a0<\/strong><\/b>\u2013 Am\u00e9liore les ressources et les services de soutien globaux pour les personnes en r\u00e9tablissement d&#039;un trouble li\u00e9 \u00e0 l&#039;usage de substances qui font la transition des programmes de traitement \u00e0 la vie autonome et au march\u00e9 du travail\u00a0;<\/li>\n<li><b><strong>Garantir l&#039;acc\u00e8s \u00e0 une vie sobre de qualit\u00e9 (article 7031)<\/strong><\/b>\u00a0\u2013 \u00c9labore et diffuse des pratiques exemplaires pour l&#039;exploitation de logements de r\u00e9tablissement afin de s&#039;assurer que les personnes vivent dans un environnement s\u00e9curitaire et favorable;<\/li>\n<\/ul>\n<ul>\n<li><b><strong>\u00c9quipes de traitement et de r\u00e9tablissement de la sobri\u00e9t\u00e9 (START\u00a0; section 8214)\u00a0<\/strong><\/b>\u2013 \u00c9tablit et \u00e9tend la mise en \u0153uvre de la<b><strong>\u00a0<\/strong><\/b>le programme START, qui associe des travailleurs sociaux et des mentors familiaux \u00e0 un petit nombre de familles, offrant un soutien par les pairs, un traitement intensif et des services de protection de l&#039;enfance\u00a0;<\/li>\n<li><b><strong>Plans de soins s\u00e9curitaires (Section 7065)<\/strong><\/b>\u00a0\u2013 Soutient les \u00c9tats dans leur collaboration et l&#039;am\u00e9lioration des plans de soins s\u00fbrs pour les nourrissons expos\u00e9s \u00e0 des substances ;<\/li>\n<li><b><strong>Familles et patients en crise (article 8212)<\/strong><\/b>\u00a0\u2013 Subventions pour \u00e9tendre les services aux patients et aux familles touch\u00e9s par les troubles li\u00e9s \u00e0 l&#039;utilisation de substances et en crise;<\/li>\n<li><b><strong>Subventions \u00e0\u00a0<\/strong><\/b><b><strong>je<\/strong><\/b><b><strong>am\u00e9liorer\u00a0<\/strong><\/b><b><strong>J<\/strong><\/b><b><strong>rauma\u00a0<\/strong><\/b><b><strong>S<\/strong><\/b><b><strong>soutien\u00a0<\/strong><\/b><b><strong>S<\/strong><\/b><b><strong>services et\u00a0<\/strong><\/b><b><strong>M<\/strong><\/b><b><strong>ental\u00a0<\/strong><\/b><b><strong>H<\/strong><\/b><b><strong>sant\u00e9\u00a0<\/strong><\/b><b><strong>C<\/strong><\/b><b><strong>sont pour\u00a0<\/strong><\/b><b><strong>C<\/strong><\/b><b><strong>enfants et\u00a0<\/strong><\/b><b><strong>Oui<\/strong><\/b><b><strong>dedans\u00a0<\/strong><\/b><b><strong>E<\/strong><\/b><b><strong>ducationnel\u00a0<\/strong><\/b><b><strong>S<\/strong><\/b><b><strong>param\u00e8tres (Section 7134)<\/strong><\/b>\u2013 Autorise un nouveau programme de $50 millions au sein du minist\u00e8re de l&#039;\u00c9ducation pour accro\u00eetre l&#039;acc\u00e8s des \u00e9tudiants \u00e0 des services de soutien aux traumatismes fond\u00e9s sur des donn\u00e9es probantes.<\/li>\n<\/ul>\n<ol>\n<li><b><strong>Am\u00e9liorer l&#039;acc\u00e8s et r\u00e9duire les obstacles<\/strong><\/b><\/li>\n<\/ol>\n<ul>\n<li><b><strong>Acc\u00e8s \u00e0 une meilleure \u00e9limination des m\u00e9dicaments (section 3251-3260)<\/strong><\/b>\u00a0\u2013 Accorde des subventions aux \u00c9tats pour am\u00e9liorer l&#039;acc\u00e8s aux programmes d&#039;\u00e9limination des m\u00e9dicaments sur ordonnance.<\/li>\n<\/ul>\n<ol>\n<li><b><strong>Modification des cons\u00e9quences\/incitations<\/strong><\/b><\/li>\n<\/ol>\n<ul>\n<li><b><strong>Criminel\u00a0<\/strong><\/b><b><strong>P<\/strong><\/b><b><strong>(Section 8122) \u2013\u00a0<\/strong><\/b>Cette disposition rend ill\u00e9gal le paiement ou la r\u00e9ception de pots-de-vin en \u00e9change de l&#039;orientation d&#039;un patient vers des maisons de convalescence ou des centres de traitement clinique\u00a0;<\/li>\n<li><b><strong>R\u00e9autorisation des principaux programmes d&#039;application de la loi (section 8205-8212)\u00a0<\/strong><\/b>\u2013 Autorise \u00e0 nouveau les programmes d&#039;application de la loi par l&#039;interm\u00e9diaire du Bureau de la politique nationale de contr\u00f4le des drogues, tels que le programme de zone de trafic de drogue \u00e0 haute intensit\u00e9, les tribunaux de traitement de la drogue, le programme COPS Anti-Meth et le programme du groupe de travail anti-h\u00e9ro\u00efne COPS\u00a0;<\/li>\n<li><b><strong>Pr\u00e9vention de la fraude pour le r\u00e9tablissement de la d\u00e9pendance aux opio\u00efdes (articles 8021 \u00e0 8023)<\/strong><\/b>\u00a0\u2013 Soumet ceux qui se livrent \u00e0 des actes d\u00e9loyaux ou trompeurs en ce qui concerne les services de traitement des troubles li\u00e9s \u00e0 la consommation de substances ou les produits de traitement des troubles li\u00e9s \u00e0 la consommation de substances \u00e0 des sanctions civiles pour les premi\u00e8res violations par la FTC\u00a0; inclut une clause de sauvegarde pour les autorit\u00e9s existantes de la FTC et de la FDA.<\/li>\n<\/ul>\n<ol>\n<li><b><strong>Modification de la conception physique de l&#039;environnement<\/strong><\/b><\/li>\n<\/ol>\n<ul>\n<li><b><strong>\u00c9limination s\u00e9curitaire des m\u00e9dicaments non utilis\u00e9s<\/strong><\/b>\u00a0<b><strong>(article 3222)<\/strong><\/b>\u00a0\u2013 Permet aux travailleurs de l&#039;hospice de se d\u00e9barrasser des m\u00e9dicaments inutilis\u00e9s sur place ou au domicile des patients;<\/li>\n<li><b><strong>Caract\u00e9ristiques d&#039;emballage et d&#039;\u00e9limination am\u00e9liorant la s\u00e9curit\u00e9 (section 3032)<\/strong><\/b>\u2013 Oblige les fabricants de m\u00e9dicaments \u00e0 emballer certains opio\u00efdes pour permettre une dur\u00e9e de traitement d\u00e9finie, par exemple, un blister avec un approvisionnement de 3 ou 7 jours et prend en consid\u00e9ration les patients ayant des limitations fonctionnelles. Cette disposition clarifie \u00e9galement les autorit\u00e9s de la FDA pour exiger des fabricants qu&#039;ils offrent aux patients des options s\u00fbres pour \u00e9liminer les opio\u00efdes inutilis\u00e9s, tels que des emballages d&#039;\u00e9limination s\u00fbrs ou des syst\u00e8mes d&#039;\u00e9limination s\u00fbrs dans le but de rendre les m\u00e9dicaments inutilis\u00e9s irr\u00e9cup\u00e9rables.<\/li>\n<\/ul>\n<ol>\n<li><b><strong>Modification des r\u00e8gles et des politiques<\/strong><\/b><\/li>\n<\/ol>\n<ul>\n<li><b><strong>Solutions de rechange aux opio\u00efdes au service des urgences (article 7091)<\/strong><\/b>\u00a0\u2013 Explore des protocoles alternatifs de gestion de la douleur afin de limiter l&#039;utilisation des m\u00e9dicaments opio\u00efdes dans les services d&#039;urgence;<\/li>\n<\/ul>\n<ul>\n<li><b><strong>Loi sur les soins IMD (article 5052)\u00a0<\/strong><\/b>\u2013 \u00c9tend la couverture de Medicaid jusqu&#039;\u00e0 30 jours pour les personnes \u00e2g\u00e9es de 21 \u00e0 65 ans recevant des soins dans un \u00e9tablissement de traitement pour tous les troubles li\u00e9s \u00e0 l&#039;utilisation de substances, en levant la restriction de 16 lits ;<\/li>\n<li><b><strong>Remboursement du pr\u00eat de la main-d&#039;\u0153uvre pour les troubles li\u00e9s \u00e0 l&#039;usage de substances (section 7071)\u00a0<\/strong><\/b>\u2013 Am\u00e9liore le personnel de traitement des troubles li\u00e9s \u00e0 l&#039;usage de substances en cr\u00e9ant un programme de remboursement des pr\u00eats \u00e9tudiants pour les professionnels de la sant\u00e9;<\/li>\n<li><b><strong>Livraison d&#039;une substance contr\u00f4l\u00e9e par une pharmacie \u00e0 administrer par injection ou implantation (section 3204)<\/strong><\/b>\u00a0\u2013 Permet aux pharmacies de livrer directement aux prestataires de soins des m\u00e9dicaments implantables ou injectables pour traiter les troubles li\u00e9s \u00e0 l&#039;usage de substances ;<\/li>\n<li><b><strong>\u00c9largir l&#039;acc\u00e8s aux m\u00e9dicaments dans les \u00e9tablissements hospitaliers -<\/strong><\/b>\u00a0<b><strong>(article 5052)\u00a0<\/strong><\/b>\u2013 Couverture \u00e9largie de Medicaid jusqu&#039;\u00e0 30 jours pour les \u00e9tablissements hospitaliers - s&#039;applique aux prestataires qui fournissent au moins deux types de m\u00e9dicaments pour traiter les troubles li\u00e9s \u00e0 l&#039;utilisation d&#039;opio\u00efdes\u00a0;<\/li>\n<li><b><strong>Prendre soin de la r\u00e9cup\u00e9ration des nourrissons et des b\u00e9b\u00e9s (article 1007)<\/strong><\/b>\u00a0\u2013 \u00c9tend la couverture de Medicaid aux nourrissons atteints du syndrome d&#039;abstinence n\u00e9onatale qui re\u00e7oivent des soins dans des centres de r\u00e9tablissement p\u00e9diatrique r\u00e9sidentiels;<\/li>\n<\/ul>\n<ul>\n<li><b><strong>Assurance maladie pour les anciens jeunes plac\u00e9s (article 1002)<\/strong><\/b>\u00a0\u2013 Permet aux anciens jeunes adoptifs de conserver leur couverture Medicaid \u00e0 travers les fronti\u00e8res de l&#039;\u00c9tat jusqu&#039;\u00e0 l&#039;\u00e2ge de 26\u00a0ans\u00a0;<\/li>\n<li><b><strong>Modifie l&#039;exclusion IMD pour les femmes enceintes et post-partum (article 1012)\u00a0<\/strong><\/b>\u2013 Permet aux femmes enceintes et post-partum qui re\u00e7oivent des soins pour un trouble li\u00e9 \u00e0 l&#039;usage de substances dans un \u00e9tablissement de traitement de recevoir d&#039;autres soins couverts par Medicaid, tels que des services pr\u00e9nataux ;<\/li>\n<li><b><strong>Laboratoires de sant\u00e9 publique d\u00e9tectant le fentanyl et d&#039;autres opio\u00efdes synth\u00e9tiques (section 7011) -\u00a0<\/strong><\/b>Am\u00e9liore la coordination entre les laboratoires de sant\u00e9 publique et les laboratoires exploit\u00e9s par les forces de l&#039;ordre pour am\u00e9liorer la d\u00e9tection du fentanyl et d&#039;autres opio\u00efdes synth\u00e9tiques\u00a0;<\/li>\n<li><b><strong>Trafic de mati\u00e8res synth\u00e9tiques et pr\u00e9vention des surdoses (sections 8006, 8007)<\/strong><\/b>\u00a0\u2013 Am\u00e9liore la capacit\u00e9 des agences f\u00e9d\u00e9rales \u00e0 d\u00e9tecter l&#039;entr\u00e9e d&#039;opio\u00efdes synth\u00e9tiques et d&#039;autres substances aux \u00c9tats-Unis par la poste\u00a0;<\/li>\n<li><b><strong>Caract\u00e9ristiques d&#039;emballage et d&#039;\u00e9limination am\u00e9liorant la s\u00e9curit\u00e9 (section 3032)<\/strong><\/b>\u00a0\u2013 Exige que certains opio\u00efdes soient emball\u00e9s dans des fournitures de 3 ou 7 jours et exige que des options s\u00e9curitaires d&#039;\u00e9limination des m\u00e9dicaments sur ordonnance soient offertes aux patients lorsqu&#039;ils re\u00e7oivent des m\u00e9dicaments.<\/li>\n<\/ul>\n    <\/div>\n<\/section>","protected":false},"excerpt":{"rendered":"","protected":false},"author":23,"featured_media":0,"parent":0,"menu_order":0,"comment_status":"closed","ping_status":"closed","template":"","meta":{"_acf_changed":false,"inline_featured_image":false,"footnotes":""},"class_list":["post-16771","page","type-page","status-publish","hentry"],"acf":[],"yoast_head":"<!-- This site is optimized with the Yoast SEO plugin v27.4 - https:\/\/yoast.com\/product\/yoast-seo-wordpress\/ -->\n<title>SUPPORT Act | CADCA<\/title>\n<meta name=\"description\" content=\"CADCA represents over 7,000 community coalitions that involve individuals from key sectors including schools, law enforcement, youth, parents, healthcare, media, tribal communities and others\" \/>\n<meta name=\"robots\" content=\"index, follow, max-snippet:-1, max-image-preview:large, max-video-preview:-1\" \/>\n<link rel=\"canonical\" href=\"https:\/\/www.cadca.org\/fr\/support-act\/\" \/>\n<meta property=\"og:locale\" content=\"fr_FR\" \/>\n<meta property=\"og:type\" content=\"article\" \/>\n<meta property=\"og:title\" content=\"SUPPORT Act | CADCA\" \/>\n<meta property=\"og:description\" content=\"CADCA represents over 7,000 community coalitions that involve individuals from key sectors including schools, law enforcement, youth, parents, healthcare, media, tribal communities and others\" \/>\n<meta property=\"og:url\" content=\"https:\/\/www.cadca.org\/fr\/support-act\/\" \/>\n<meta property=\"og:site_name\" content=\"CADCA\" \/>\n<meta property=\"article:modified_time\" content=\"2023-05-25T13:12:23+00:00\" \/>\n<meta property=\"og:image\" content=\"https:\/\/www.cadca.org\/wp-content\/uploads\/2022\/03\/cadca-member-of-logo1.jpg\" \/>\n\t<meta property=\"og:image:width\" content=\"880\" \/>\n\t<meta property=\"og:image:height\" content=\"500\" \/>\n\t<meta property=\"og:image:type\" content=\"image\/jpeg\" \/>\n<meta name=\"twitter:card\" content=\"summary_large_image\" \/>\n<script type=\"application\/ld+json\" class=\"yoast-schema-graph\">{\"@context\":\"https:\\\/\\\/schema.org\",\"@graph\":[{\"@type\":\"WebPage\",\"@id\":\"https:\\\/\\\/www.cadca.org\\\/support-act\\\/\",\"url\":\"https:\\\/\\\/www.cadca.org\\\/support-act\\\/\",\"name\":\"SUPPORT Act | CADCA\",\"isPartOf\":{\"@id\":\"https:\\\/\\\/www.cadca.org\\\/#website\"},\"datePublished\":\"2023-03-08T16:12:58+00:00\",\"dateModified\":\"2023-05-25T13:12:23+00:00\",\"description\":\"CADCA represents over 7,000 community coalitions that involve individuals from key sectors including schools, law enforcement, youth, parents, healthcare, media, tribal communities and others\",\"breadcrumb\":{\"@id\":\"https:\\\/\\\/www.cadca.org\\\/support-act\\\/#breadcrumb\"},\"inLanguage\":\"fr-FR\",\"potentialAction\":[{\"@type\":\"ReadAction\",\"target\":[\"https:\\\/\\\/www.cadca.org\\\/support-act\\\/\"]}]},{\"@type\":\"BreadcrumbList\",\"@id\":\"https:\\\/\\\/www.cadca.org\\\/support-act\\\/#breadcrumb\",\"itemListElement\":[{\"@type\":\"ListItem\",\"position\":1,\"name\":\"Home\",\"item\":\"https:\\\/\\\/www.cadca.org\\\/\"},{\"@type\":\"ListItem\",\"position\":2,\"name\":\"SUPPORT Act\"}]},{\"@type\":\"WebSite\",\"@id\":\"https:\\\/\\\/www.cadca.org\\\/#website\",\"url\":\"https:\\\/\\\/www.cadca.org\\\/\",\"name\":\"CADCA\",\"description\":\"The Premier Prevention Association\",\"potentialAction\":[{\"@type\":\"SearchAction\",\"target\":{\"@type\":\"EntryPoint\",\"urlTemplate\":\"https:\\\/\\\/www.cadca.org\\\/?s={search_term_string}\"},\"query-input\":{\"@type\":\"PropertyValueSpecification\",\"valueRequired\":true,\"valueName\":\"search_term_string\"}}],\"inLanguage\":\"fr-FR\"}]}<\/script>\n<!-- \/ Yoast SEO plugin. -->","yoast_head_json":{"title":"SUPPORT Act | CADCA","description":"CADCA represents over 7,000 community coalitions that involve individuals from key sectors including schools, law enforcement, youth, parents, healthcare, media, tribal communities and others","robots":{"index":"index","follow":"follow","max-snippet":"max-snippet:-1","max-image-preview":"max-image-preview:large","max-video-preview":"max-video-preview:-1"},"canonical":"https:\/\/www.cadca.org\/fr\/support-act\/","og_locale":"fr_FR","og_type":"article","og_title":"SUPPORT Act | CADCA","og_description":"CADCA represents over 7,000 community coalitions that involve individuals from key sectors including schools, law enforcement, youth, parents, healthcare, media, tribal communities and others","og_url":"https:\/\/www.cadca.org\/fr\/support-act\/","og_site_name":"CADCA","article_modified_time":"2023-05-25T13:12:23+00:00","og_image":[{"width":880,"height":500,"url":"https:\/\/www.cadca.org\/wp-content\/uploads\/2022\/03\/cadca-member-of-logo1.jpg","type":"image\/jpeg"}],"twitter_card":"summary_large_image","schema":{"@context":"https:\/\/schema.org","@graph":[{"@type":"WebPage","@id":"https:\/\/www.cadca.org\/support-act\/","url":"https:\/\/www.cadca.org\/support-act\/","name":"SUPPORT Act | CADCA","isPartOf":{"@id":"https:\/\/www.cadca.org\/#website"},"datePublished":"2023-03-08T16:12:58+00:00","dateModified":"2023-05-25T13:12:23+00:00","description":"CADCA represents over 7,000 community coalitions that involve individuals from key sectors including schools, law enforcement, youth, parents, healthcare, media, tribal communities and others","breadcrumb":{"@id":"https:\/\/www.cadca.org\/support-act\/#breadcrumb"},"inLanguage":"fr-FR","potentialAction":[{"@type":"ReadAction","target":["https:\/\/www.cadca.org\/support-act\/"]}]},{"@type":"BreadcrumbList","@id":"https:\/\/www.cadca.org\/support-act\/#breadcrumb","itemListElement":[{"@type":"ListItem","position":1,"name":"Home","item":"https:\/\/www.cadca.org\/"},{"@type":"ListItem","position":2,"name":"SUPPORT Act"}]},{"@type":"WebSite","@id":"https:\/\/www.cadca.org\/#website","url":"https:\/\/www.cadca.org\/","name":"CADCA","description":"The Premier Prevention Association","potentialAction":[{"@type":"SearchAction","target":{"@type":"EntryPoint","urlTemplate":"https:\/\/www.cadca.org\/?s={search_term_string}"},"query-input":{"@type":"PropertyValueSpecification","valueRequired":true,"valueName":"search_term_string"}}],"inLanguage":"fr-FR"}]}},"_links":{"self":[{"href":"https:\/\/www.cadca.org\/fr\/wp-json\/wp\/v2\/pages\/16771","targetHints":{"allow":["GET"]}}],"collection":[{"href":"https:\/\/www.cadca.org\/fr\/wp-json\/wp\/v2\/pages"}],"about":[{"href":"https:\/\/www.cadca.org\/fr\/wp-json\/wp\/v2\/types\/page"}],"author":[{"embeddable":true,"href":"https:\/\/www.cadca.org\/fr\/wp-json\/wp\/v2\/users\/23"}],"replies":[{"embeddable":true,"href":"https:\/\/www.cadca.org\/fr\/wp-json\/wp\/v2\/comments?post=16771"}],"version-history":[{"count":0,"href":"https:\/\/www.cadca.org\/fr\/wp-json\/wp\/v2\/pages\/16771\/revisions"}],"wp:attachment":[{"href":"https:\/\/www.cadca.org\/fr\/wp-json\/wp\/v2\/media?parent=16771"}],"curies":[{"name":"wp","href":"https:\/\/api.w.org\/{rel}","templated":true}]}}