{"id":16769,"date":"2023-03-08T16:11:39","date_gmt":"2023-03-08T16:11:39","guid":{"rendered":"https:\/\/cadca1stg.wpengine.com\/?page_id=16769"},"modified":"2025-10-09T12:47:47","modified_gmt":"2025-10-09T12:47:47","slug":"dfc-program","status":"publish","type":"page","link":"https:\/\/www.cadca.org\/fr\/dfc-program\/","title":{"rendered":"Programme DFC"},"content":{"rendered":"<div style=\"height:25px\" aria-hidden=\"true\" class=\"wp-block-spacer\"><\/div>\n\n\n<style media=\"all\" type=\"text\/css\">\n\n    \/* xs & sm (mobile) *\/\n    @media (max-width: 767.98px) {\n        }\n\n    \/* md (tablet) *\/\n    @media (min-width: 768px) and (max-width: 1199.98px) {\n        }\n\n    \/* lg (desktop) *\/\n    @media (min-width: 1200px) {\n        }\n\n    \/* custom styles *\/\n    <\/style>\n<section class=\"page_intro block_76dccd96b818a286cfb6064a055edddf\" id=\"block_76dccd96b818a286cfb6064a055edddf\">\n    <div class=\"container\">\n        <h1>Programme DFC<\/h1>\n            <\/div>\n<\/section>\n\n\n<style media=\"all\" type=\"text\/css\">\n\n    \n    \/* xs & sm (mobile) *\/\n    @media (max-width: 767.98px) {\n        }\n\n    \/* md (tablet) *\/\n    @media (min-width: 768px) and (max-width: 1199.98px) {\n        }\n\n    \/* lg (desktop) *\/\n    @media (min-width: 1200px) {\n        }\n\n    \/* custom styles *\/\n    \/* Style headers and layout within the Advocacy section *\/\r\n.advocacy .section-heading {\r\n  font-family: \"Source Serif Pro\", serif;\r\n  font-size: 1.75rem;\r\n  color: #263c87;\r\n  border-bottom: 3px solid #263c87;\r\n  padding-bottom: 0.25em;\r\n  margin-top: 2em;\r\n  margin-bottom: 1em;\r\n}\r\n\r\n.advocacy p,\r\n.advocacy li {\r\n  font-family: \"Source Sans Pro\", sans-serif;\r\n  font-size: 1rem;\r\n  line-height: 1.6;\r\n  color: #000;\r\n}\r\n\r\n.advocacy a {\r\n  color: #263c87;\r\n  text-decoration: underline;\r\n}\r\n\r\n.advocacy table {\r\n  width: 100%;\r\n  border-collapse: collapse;\r\n  margin-top: 1em;\r\n  margin-bottom: 1em;\r\n}\r\n\r\n.advocacy table td {\r\n  border: 1px solid #ccc;\r\n  padding: 0.5em;\r\n  font-family: \"Source Sans Pro\", sans-serif;\r\n}\r\n\r\n.advocacy ul,\r\n.advocacy ol {\r\n  margin-left: 1.25em;\r\n  margin-bottom: 1em;\r\n}\r\n<\/style>\n<section class=\"rte  block_e93bfa98ed19225d0cf27f791925ee88\" id=\"block_e93bfa98ed19225d0cf27f791925ee88\">\n    <div class=\"container\">\n        <div class=\"advocacy\">\n<section>The Drug-Free Communities (DFC) program has been a central, bi-partisan component of our nation\u2019s demand reduction strategy since its passage in 1998. The consistent and steady growth of the program from $10 million in 1998 to $109 million in 2025 and the number of grantees (from 92 original grantees to more than 2,000 grantees) is a testament to the program\u2019s popularity. The premise of the DFC program is simple \u2013 that communities around the country must be organized and equipped to deal with their individual substance misuse problems in a comprehensive and coordinated manner.<\/section>\n<section>\n<h2 class=\"section-heading\">Lettres de signature DFC<\/h2>\n<p><strong> <a href=\"https:\/\/www.cadca.org\/wp-content\/uploads\/2025\/06\/FY26-Final-Sign-On-Letter-Senate.pdf\">Senate Sign-On Letter:<\/a> <\/strong>Asking the Senate to support funding the DFC Program at the highest possible level in FY 2026 and keep it in the Office of National Drug Control Policy.<\/p>\n<p><a href=\"https:\/\/www.cadca.org\/wp-content\/uploads\/2025\/06\/FY26-Final-Sign-On-Letter-House.pdf\"><b>House Sign-On Letter:<\/b><\/a> Asking the House to support funding the DFC program at the highest possible level in FY 2026 and keep it in the Office of National Drug Control Policy.<\/p>\n<\/section>\n<section>\n<h2 class=\"section-heading\">The DFC Program at a Glance<\/h2>\n<ul>\n<li>Le programme DFC est un \u00e9l\u00e9ment central et bipartisan de la strat\u00e9gie de r\u00e9duction de la demande de notre nation depuis son adoption en 1998, car il reconna\u00eet que le probl\u00e8me de la drogue doit \u00eatre trait\u00e9 dans chaque ville natale d&#039;Am\u00e9rique.<\/li>\n<li>Install\u00e9 au sein de l&#039;Office of National Drug Control Policy (ONDCP), il fournit le financement n\u00e9cessaire aux communaut\u00e9s pour identifier et r\u00e9pondre aux probl\u00e8mes locaux de consommation de drogue et d&#039;alcool.<\/li>\n<li>Le programme DFC reconna\u00eet que pour \u00eatre durable dans le temps, il doit avoir l&#039;adh\u00e9sion de la communaut\u00e9. Afin d&#039;\u00eatre admissible \u00e0 une subvention DFC, une coalition locale doit\u00a0:\n<ul>\n<li>\u00catre existant depuis 6 mois avant de postuler;<\/li>\n<li>Avoir des donn\u00e9es \u00e0 l&#039;\u00e9chelle de la communaut\u00e9 pour la planification, la mise en \u0153uvre et l&#039;\u00e9valuation\u00a0;<\/li>\n<li>Cibler toute la communaut\u00e9 avec des strat\u00e9gies efficaces;<\/li>\n<li>Fournir une contrepartie dollar pour dollar pour chaque dollar f\u00e9d\u00e9ral (jusqu&#039;\u00e0 $125 000\/an);<\/li>\n<li>Cibler toute la communaut\u00e9 avec des strat\u00e9gies efficaces; et<\/li>\n<li>Avoir une implication \u00e0 l&#039;\u00e9chelle de la communaut\u00e9 pour r\u00e9duire la consommation de drogues, d&#039;alcool et de tabac chez les jeunes, ce qui doit inclure\u00a0:<\/li>\n<\/ul>\n<\/li>\n<\/ul>\n<table>\n<tbody>\n<tr>\n<td>Jeunesse<\/td>\n<td>Organisations religieuses ou fraternelles<\/td>\n<\/tr>\n<tr>\n<td>Parents<\/td>\n<td>Forces de l&#039;ordre<\/td>\n<\/tr>\n<tr>\n<td>Entreprises<\/td>\n<td>Groupes civiques ou b\u00e9n\u00e9voles<\/td>\n<\/tr>\n<tr>\n<td>M\u00e9dias<\/td>\n<td>Professionnels de la sant\u00e9<\/td>\n<\/tr>\n<tr>\n<td>\u00c9coles<\/td>\n<td>State, Local, or Tribal Government Agencies with Expertise in the Field of Substance Misuse<\/td>\n<\/tr>\n<tr>\n<td>Youth-Serving Organizations<\/td>\n<td>Other Local Organizations Involved in Reducing Substance Misuse<\/td>\n<\/tr>\n<\/tbody>\n<\/table>\n<ul>\n<li>Despite the growth of the program from $10 million in 1998 to $109 million in 2025, since its inception there has not been enough money to fund all who have applied.<\/li>\n<li>Les b\u00e9n\u00e9ficiaires de subventions DFC ont r\u00e9duit la consommation et l&#039;abus de drogues dans les communaut\u00e9s de tout le pays \u00e0 des niveaux inf\u00e9rieurs \u00e0 la moyenne nationale, car ils sont organis\u00e9s, ax\u00e9s sur les donn\u00e9es et adoptent une approche globale et multisectorielle pour r\u00e9soudre et traiter les probl\u00e8mes de drogue.<\/li>\n<li>Les coalitions DFC sont particuli\u00e8rement bien plac\u00e9es pour faire face aux tendances \u00e9mergentes en mati\u00e8re de drogue, telles que la m\u00e9thamph\u00e9tamine, l&#039;abus de m\u00e9dicaments sur ordonnance et les drogues synth\u00e9tiques, car elles disposent de l&#039;infrastructure n\u00e9cessaire pour r\u00e9soudre efficacement les probl\u00e8mes li\u00e9s \u00e0 la drogue au sein de leurs communaut\u00e9s.<\/li>\n<li>Le programme DFC est un investissement digne des rares ressources f\u00e9d\u00e9rales\u00a0:\n<ul>\n<li>Il n&#039;est pas seulement efficace pour r\u00e9duire la consommation de drogues chez les jeunes, mais de nombreux b\u00e9n\u00e9ficiaires de subventions DFC correspondent actuellement \u00e0 deux \u00e0 trois fois plus que la subvention f\u00e9d\u00e9rale qu&#039;ils re\u00e7oivent; et<\/li>\n<li>Les b\u00e9n\u00e9ficiaires de subventions DFC ont clairement montr\u00e9 qu&#039;ils peuvent pr\u00e9venir et r\u00e9duire la consommation de drogues dans les communaut\u00e9s \u00e0 l&#039;\u00e9chelle nationale.<\/li>\n<\/ul>\n<\/li>\n<\/ul>\n<\/section>\n<section>\n<h2 class=\"section-heading\">\u00c9valuation nationale du programme de soutien aux communaut\u00e9s sans drogue (DFC)<\/h2>\n<p>The DFC grant program takes a comprehensive, multi-sector and data-driven approach to prevent and reduce youth substance use\/misuse in communities throughout the United States. The White House Office of National Drug Control Policy (ONDCP) recently released the findings for its <a href=\"https:\/\/www.cadca.org\/wp-content\/uploads\/2025\/10\/DFC-National-Evaluation-Report_2024__FINAL_2025_JUN_508compliant_corr.pdf\">National Evaluation of the DFC Program<\/a>.<\/p>\n<\/section>\n<section>\n<h2 class=\"section-heading\">The Findings to Date \u2013 Rates of Substance Use are Dropping in DFC Communities<\/h2>\n<p>Prevalence of past 30-day use <a href=\"https:\/\/www.cadca.org\/wp-content\/uploads\/2025\/10\/DFC-At-a-Glance-Updated-2025.pdf\" target=\"_blank\" rel=\"noopener\">declined significantly<\/a> across all substances (alcohol, tobacco, marijuana and prescription drugs) and school levels (middle and high school) between DFC coalitions\u2019 first and most recent data reports.<\/p>\n<\/section>\n<section>\n<h2 class=\"section-heading\">Ressources<\/h2>\n<ol>\n<li style=\"list-style-type: none\">\n<ol>\n<li><a href=\"https:\/\/www.cdc.gov\/overdose-prevention\/php\/drug-free-communities\/nofo-faq.html#cdc_generic_section_3-application-information\" target=\"_blank\" rel=\"noopener\">Centers for Disease Control (CDC) DFC page<\/a><\/li>\n<li><a href=\"https:\/\/www.whitehouse.gov\/ondcp\/\" target=\"_blank\" rel=\"noopener\">Subventions et programmes de l&#039;ONDCP<\/a><\/li>\n<li><a href=\"https:\/\/www.cadca.org\/wp-content\/uploads\/2025\/10\/DFC-National-Evaluation-Report_2024__FINAL_2025_JUN_508compliant_corr.pdf\" target=\"_blank\" rel=\"noopener\">Rapport de fin d&#039;ann\u00e9e de l&#039;\u00e9valuation nationale des PLC<\/a><\/li>\n<li><a href=\"https:\/\/www.cadca.org\/wp-content\/uploads\/2025\/10\/DFC-At-a-Glance-Updated-2025.pdf\">DFC At a Glance<\/a><\/li>\n<\/ol>\n<\/li>\n<\/ol>\n<\/section>\n<\/div>\n    <\/div>\n<\/section>","protected":false},"excerpt":{"rendered":"","protected":false},"author":23,"featured_media":0,"parent":0,"menu_order":0,"comment_status":"closed","ping_status":"closed","template":"","meta":{"_acf_changed":true,"inline_featured_image":false,"footnotes":""},"class_list":["post-16769","page","type-page","status-publish","hentry"],"acf":[],"yoast_head":"<!-- This site is optimized with the Yoast SEO plugin v27.4 - https:\/\/yoast.com\/product\/yoast-seo-wordpress\/ -->\n<title>DFC Program | CADCA<\/title>\n<meta name=\"description\" content=\"CADCA represents over 7,000 community coalitions that involve individuals from key sectors including schools, law enforcement, youth, parents, healthcare, media, tribal communities and others\" \/>\n<meta name=\"robots\" content=\"index, follow, max-snippet:-1, max-image-preview:large, max-video-preview:-1\" \/>\n<link rel=\"canonical\" href=\"https:\/\/www.cadca.org\/fr\/dfc-program\/\" \/>\n<meta property=\"og:locale\" content=\"fr_FR\" \/>\n<meta property=\"og:type\" content=\"article\" \/>\n<meta property=\"og:title\" content=\"DFC Program | CADCA\" \/>\n<meta property=\"og:description\" content=\"CADCA represents over 7,000 community coalitions that involve individuals from key sectors including schools, law enforcement, youth, parents, healthcare, media, tribal communities and others\" \/>\n<meta property=\"og:url\" content=\"https:\/\/www.cadca.org\/fr\/dfc-program\/\" \/>\n<meta property=\"og:site_name\" content=\"CADCA\" \/>\n<meta property=\"article:modified_time\" content=\"2025-10-09T12:47:47+00:00\" \/>\n<meta property=\"og:image\" content=\"https:\/\/www.cadca.org\/wp-content\/uploads\/2022\/03\/cadca-member-of-logo1.jpg\" \/>\n\t<meta property=\"og:image:width\" content=\"880\" \/>\n\t<meta property=\"og:image:height\" content=\"500\" \/>\n\t<meta property=\"og:image:type\" content=\"image\/jpeg\" \/>\n<meta name=\"twitter:card\" content=\"summary_large_image\" \/>\n<script type=\"application\/ld+json\" class=\"yoast-schema-graph\">{\"@context\":\"https:\\\/\\\/schema.org\",\"@graph\":[{\"@type\":\"WebPage\",\"@id\":\"https:\\\/\\\/www.cadca.org\\\/dfc-program\\\/\",\"url\":\"https:\\\/\\\/www.cadca.org\\\/dfc-program\\\/\",\"name\":\"DFC Program | CADCA\",\"isPartOf\":{\"@id\":\"https:\\\/\\\/www.cadca.org\\\/#website\"},\"datePublished\":\"2023-03-08T16:11:39+00:00\",\"dateModified\":\"2025-10-09T12:47:47+00:00\",\"description\":\"CADCA represents over 7,000 community coalitions that involve individuals from key sectors including schools, law enforcement, youth, parents, healthcare, media, tribal communities and others\",\"breadcrumb\":{\"@id\":\"https:\\\/\\\/www.cadca.org\\\/dfc-program\\\/#breadcrumb\"},\"inLanguage\":\"fr-FR\",\"potentialAction\":[{\"@type\":\"ReadAction\",\"target\":[\"https:\\\/\\\/www.cadca.org\\\/dfc-program\\\/\"]}]},{\"@type\":\"BreadcrumbList\",\"@id\":\"https:\\\/\\\/www.cadca.org\\\/dfc-program\\\/#breadcrumb\",\"itemListElement\":[{\"@type\":\"ListItem\",\"position\":1,\"name\":\"Home\",\"item\":\"https:\\\/\\\/www.cadca.org\\\/\"},{\"@type\":\"ListItem\",\"position\":2,\"name\":\"DFC Program\"}]},{\"@type\":\"WebSite\",\"@id\":\"https:\\\/\\\/www.cadca.org\\\/#website\",\"url\":\"https:\\\/\\\/www.cadca.org\\\/\",\"name\":\"CADCA\",\"description\":\"The Premier Prevention Association\",\"potentialAction\":[{\"@type\":\"SearchAction\",\"target\":{\"@type\":\"EntryPoint\",\"urlTemplate\":\"https:\\\/\\\/www.cadca.org\\\/?s={search_term_string}\"},\"query-input\":{\"@type\":\"PropertyValueSpecification\",\"valueRequired\":true,\"valueName\":\"search_term_string\"}}],\"inLanguage\":\"fr-FR\"}]}<\/script>\n<!-- \/ Yoast SEO plugin. -->","yoast_head_json":{"title":"DFC Program | CADCA","description":"CADCA represents over 7,000 community coalitions that involve individuals from key sectors including schools, law enforcement, youth, parents, healthcare, media, tribal communities and others","robots":{"index":"index","follow":"follow","max-snippet":"max-snippet:-1","max-image-preview":"max-image-preview:large","max-video-preview":"max-video-preview:-1"},"canonical":"https:\/\/www.cadca.org\/fr\/dfc-program\/","og_locale":"fr_FR","og_type":"article","og_title":"DFC Program | CADCA","og_description":"CADCA represents over 7,000 community coalitions that involve individuals from key sectors including schools, law enforcement, youth, parents, healthcare, media, tribal communities and others","og_url":"https:\/\/www.cadca.org\/fr\/dfc-program\/","og_site_name":"CADCA","article_modified_time":"2025-10-09T12:47:47+00:00","og_image":[{"width":880,"height":500,"url":"https:\/\/www.cadca.org\/wp-content\/uploads\/2022\/03\/cadca-member-of-logo1.jpg","type":"image\/jpeg"}],"twitter_card":"summary_large_image","schema":{"@context":"https:\/\/schema.org","@graph":[{"@type":"WebPage","@id":"https:\/\/www.cadca.org\/dfc-program\/","url":"https:\/\/www.cadca.org\/dfc-program\/","name":"DFC Program | CADCA","isPartOf":{"@id":"https:\/\/www.cadca.org\/#website"},"datePublished":"2023-03-08T16:11:39+00:00","dateModified":"2025-10-09T12:47:47+00:00","description":"CADCA represents over 7,000 community coalitions that involve individuals from key sectors including schools, law enforcement, youth, parents, healthcare, media, tribal communities and others","breadcrumb":{"@id":"https:\/\/www.cadca.org\/dfc-program\/#breadcrumb"},"inLanguage":"fr-FR","potentialAction":[{"@type":"ReadAction","target":["https:\/\/www.cadca.org\/dfc-program\/"]}]},{"@type":"BreadcrumbList","@id":"https:\/\/www.cadca.org\/dfc-program\/#breadcrumb","itemListElement":[{"@type":"ListItem","position":1,"name":"Home","item":"https:\/\/www.cadca.org\/"},{"@type":"ListItem","position":2,"name":"DFC Program"}]},{"@type":"WebSite","@id":"https:\/\/www.cadca.org\/#website","url":"https:\/\/www.cadca.org\/","name":"CADCA","description":"The Premier Prevention Association","potentialAction":[{"@type":"SearchAction","target":{"@type":"EntryPoint","urlTemplate":"https:\/\/www.cadca.org\/?s={search_term_string}"},"query-input":{"@type":"PropertyValueSpecification","valueRequired":true,"valueName":"search_term_string"}}],"inLanguage":"fr-FR"}]}},"_links":{"self":[{"href":"https:\/\/www.cadca.org\/fr\/wp-json\/wp\/v2\/pages\/16769","targetHints":{"allow":["GET"]}}],"collection":[{"href":"https:\/\/www.cadca.org\/fr\/wp-json\/wp\/v2\/pages"}],"about":[{"href":"https:\/\/www.cadca.org\/fr\/wp-json\/wp\/v2\/types\/page"}],"author":[{"embeddable":true,"href":"https:\/\/www.cadca.org\/fr\/wp-json\/wp\/v2\/users\/23"}],"replies":[{"embeddable":true,"href":"https:\/\/www.cadca.org\/fr\/wp-json\/wp\/v2\/comments?post=16769"}],"version-history":[{"count":0,"href":"https:\/\/www.cadca.org\/fr\/wp-json\/wp\/v2\/pages\/16769\/revisions"}],"wp:attachment":[{"href":"https:\/\/www.cadca.org\/fr\/wp-json\/wp\/v2\/media?parent=16769"}],"curies":[{"name":"wp","href":"https:\/\/api.w.org\/{rel}","templated":true}]}}