{"id":16760,"date":"2023-03-08T15:10:29","date_gmt":"2023-03-08T15:10:29","guid":{"rendered":"https:\/\/cadca1stg.wpengine.com\/?page_id=16760"},"modified":"2023-06-07T16:39:57","modified_gmt":"2023-06-07T16:39:57","slug":"communication-tips","status":"publish","type":"page","link":"https:\/\/www.cadca.org\/fr\/communication-tips\/","title":{"rendered":"Conseils de communication"},"content":{"rendered":"<div style=\"height:25px\" aria-hidden=\"true\" class=\"wp-block-spacer\"><\/div>\n\n\n<style media=\"all\" type=\"text\/css\">\n\n    \/* xs & sm (mobile) *\/\n    @media (max-width: 767.98px) {\n        }\n\n    \/* md (tablet) *\/\n    @media (min-width: 768px) and (max-width: 1199.98px) {\n        }\n\n    \/* lg (desktop) *\/\n    @media (min-width: 1200px) {\n        }\n\n    \/* custom styles *\/\n    <\/style>\n<section class=\"page_intro block_cc591166a52a6e6a32fe529bf6afb385\" id=\"block_cc591166a52a6e6a32fe529bf6afb385\">\n    <div class=\"container\">\n        <h1>Conseils de communication<\/h1>\n            <\/div>\n<\/section>\n\n\n<style media=\"all\" type=\"text\/css\">\n\n    \n    \/* xs & sm (mobile) *\/\n    @media (max-width: 767.98px) {\n        }\n\n    \/* md (tablet) *\/\n    @media (min-width: 768px) and (max-width: 1199.98px) {\n        }\n\n    \/* lg (desktop) *\/\n    @media (min-width: 1200px) {\n        }\n\n    \/* custom styles *\/\n    <\/style>\n<section class=\"rte  block_3db221a0b12577b366064ced0c4a6d0e\" id=\"block_3db221a0b12577b366064ced0c4a6d0e\">\n    <div class=\"container\">\n        <p style=\"text-align: center\"><strong>Dix conseils de communication pour le Capitol Hill Day<\/strong><\/p>\n<ol style=\"margin-left: 40px;line-height: 25px\">\n<li style=\"margin-bottom: 15px\"><strong>Les heures de rendez-vous vous seront envoy\u00e9es par voie \u00e9lectronique une fois qu&#039;elles auront \u00e9t\u00e9 fix\u00e9es avant le Capitol Hill Day<\/strong>. Cela inclura les noms des membres, des membres du personnel, l&#039;heure, le lieu et toutes les coalitions participant \u00e0 la r\u00e9union.<\/li>\n<li style=\"margin-bottom: 15px\"><strong>APPORTEZ VOS R\u00c9SULTATS<\/strong>! Soyez pr\u00eat \u00e0 \u00e9duquer vos \u00e9lus sur vos r\u00e9alisations dans votre communaut\u00e9 et sur le travail que fait votre coalition; ils veulent savoir ce qui se passe dans le paysage local de leur quartier.<\/li>\n<li style=\"margin-bottom: 15px\"><strong>N&#039;oubliez pas votre trousse l\u00e9gislative. Le personnel de la CADCA pr\u00e9parera une trousse l\u00e9gislative avant votre r\u00e9union<\/strong>. Assurez-vous que votre facilitateur d&#039;\u00c9tat vous les a distribu\u00e9s lors de votre r\u00e9union de facilitateur d&#039;\u00c9tat.<\/li>\n<li style=\"margin-bottom: 15px\"><strong>\u00c9laborez une strat\u00e9gie lors de votre r\u00e9union de facilitateur d&#039;\u00c9tat.<\/strong> \u00c9noncez clairement comment vous pr\u00e9voyez d&#039;aborder la r\u00e9union, quand les jeunes prendront la parole et quand vous allez faire les demandes l\u00e9gislatives sp\u00e9cifiques au d\u00e9put\u00e9.<\/li>\n<li style=\"margin-bottom: 15px\"><strong>Fais tes devoirs<\/strong>. Recherchez le membre et\/ou le personnel que vous rencontrez. Sachez quels sont leurs int\u00e9r\u00eats \u2013 la pr\u00e9vention de la consommation de substances a de nombreux effets secondaires positifs. Voyez si vous pouvez lier cela \u00e0 quelque chose qui est d\u00e9j\u00e0 un int\u00e9r\u00eat de longue date pour le d\u00e9put\u00e9.<\/li>\n<li style=\"margin-bottom: 15px\"><strong>Portez des chaussures confortables et restez hydrat\u00e9. Vous marcherez BEAUCOUP<\/strong> et il est important de vous assurer que vous \u00eates rafra\u00eechi et pr\u00eat \u00e0 faire part de vos pr\u00e9occupations et \u00e0 r\u00e9pondre \u00e0 toutes les questions des d\u00e9put\u00e9s et du personnel.<\/li>\n<li style=\"margin-bottom: 15px\"><strong>Apportez toujours une carte de visite.<\/strong> Donnez-leur la possibilit\u00e9 de vous contacter s&#039;ils ont des questions. Vous voulez qu&#039;ils vous voient comme une ressource locale et quelqu&#039;un qui peut les aider avec des probl\u00e8mes de consommation de substances.<\/li>\n<li style=\"margin-bottom: 15px\"><strong>Attendez-vous \u00e0 ce que les r\u00e9unions durent de 15 \u00e0 30 minutes, et ce n&#039;est pas grave\u00a0!<\/strong> Les membres du personnel sont tr\u00e8s occup\u00e9s lors des r\u00e9unions de f\u00e9vrier avec diff\u00e9rents groupes - abordez d&#039;abord les principaux points et sachez que les membres du personnel sont les gardiens du membre.<\/li>\n<li style=\"margin-bottom: 15px\"><strong>N&#039;oubliez pas le personnel de la r\u00e9ception - soyez courtois, poli et engageant.<\/strong> Ce sont les futurs chefs d&#039;\u00e9tat-major en devenir. Les visiteurs impolis ne sont pas oubli\u00e9s et les gens se souviennent de qui \u00e9tait gentil avec eux au d\u00e9but de leur carri\u00e8re.<\/li>\n<li style=\"margin-bottom: 15px\"><strong>Suivi! Votre travail n&#039;est jamais termin\u00e9, vous pouvez toujours en faire plus.<\/strong> Connectez-vous avec les bureaux locaux pour rester engag\u00e9 et continuer \u00e0 construire une relation de travail. Cela portera ses fruits \u00e0 l&#039;avenir.<\/li>\n<\/ol>\n    <\/div>\n<\/section>","protected":false},"excerpt":{"rendered":"","protected":false},"author":23,"featured_media":0,"parent":0,"menu_order":0,"comment_status":"closed","ping_status":"closed","template":"","meta":{"_acf_changed":false,"inline_featured_image":false,"footnotes":""},"class_list":["post-16760","page","type-page","status-publish","hentry"],"acf":[],"yoast_head":"<!-- This site is optimized with the Yoast SEO plugin v26.8 - https:\/\/yoast.com\/product\/yoast-seo-wordpress\/ -->\n<title>Communication Tips | CADCA<\/title>\n<meta name=\"description\" content=\"CADCA represents over 7,000 community coalitions that involve individuals from key sectors including schools, law enforcement, youth, parents, healthcare, media, tribal communities and others\" \/>\n<meta name=\"robots\" content=\"index, follow, max-snippet:-1, max-image-preview:large, max-video-preview:-1\" \/>\n<link rel=\"canonical\" href=\"https:\/\/www.cadca.org\/fr\/communication-tips\/\" \/>\n<meta property=\"og:locale\" content=\"fr_FR\" \/>\n<meta property=\"og:type\" content=\"article\" \/>\n<meta property=\"og:title\" content=\"Communication Tips | CADCA\" \/>\n<meta property=\"og:description\" content=\"CADCA represents over 7,000 community coalitions that involve individuals from key sectors including schools, law enforcement, youth, parents, healthcare, media, tribal communities and others\" \/>\n<meta property=\"og:url\" content=\"https:\/\/www.cadca.org\/fr\/communication-tips\/\" \/>\n<meta property=\"og:site_name\" content=\"CADCA\" \/>\n<meta property=\"article:modified_time\" content=\"2023-06-07T16:39:57+00:00\" \/>\n<meta property=\"og:image\" content=\"https:\/\/www.cadca.org\/wp-content\/uploads\/2022\/03\/cadca-member-of-logo1.jpg\" \/>\n\t<meta property=\"og:image:width\" content=\"880\" \/>\n\t<meta property=\"og:image:height\" content=\"500\" \/>\n\t<meta property=\"og:image:type\" content=\"image\/jpeg\" \/>\n<meta name=\"twitter:card\" content=\"summary_large_image\" \/>\n<script type=\"application\/ld+json\" class=\"yoast-schema-graph\">{\"@context\":\"https:\/\/schema.org\",\"@graph\":[{\"@type\":\"WebPage\",\"@id\":\"https:\/\/www.cadca.org\/communication-tips\/\",\"url\":\"https:\/\/www.cadca.org\/communication-tips\/\",\"name\":\"Communication Tips | CADCA\",\"isPartOf\":{\"@id\":\"https:\/\/www.cadca.org\/#website\"},\"datePublished\":\"2023-03-08T15:10:29+00:00\",\"dateModified\":\"2023-06-07T16:39:57+00:00\",\"description\":\"CADCA represents over 7,000 community coalitions that involve individuals from key sectors including schools, law enforcement, youth, parents, healthcare, media, tribal communities and others\",\"breadcrumb\":{\"@id\":\"https:\/\/www.cadca.org\/communication-tips\/#breadcrumb\"},\"inLanguage\":\"fr-FR\",\"potentialAction\":[{\"@type\":\"ReadAction\",\"target\":[\"https:\/\/www.cadca.org\/communication-tips\/\"]}]},{\"@type\":\"BreadcrumbList\",\"@id\":\"https:\/\/www.cadca.org\/communication-tips\/#breadcrumb\",\"itemListElement\":[{\"@type\":\"ListItem\",\"position\":1,\"name\":\"Home\",\"item\":\"https:\/\/www.cadca.org\/\"},{\"@type\":\"ListItem\",\"position\":2,\"name\":\"Communication Tips\"}]},{\"@type\":\"WebSite\",\"@id\":\"https:\/\/www.cadca.org\/#website\",\"url\":\"https:\/\/www.cadca.org\/\",\"name\":\"CADCA\",\"description\":\"The Premier Prevention Association\",\"potentialAction\":[{\"@type\":\"SearchAction\",\"target\":{\"@type\":\"EntryPoint\",\"urlTemplate\":\"https:\/\/www.cadca.org\/?s={search_term_string}\"},\"query-input\":{\"@type\":\"PropertyValueSpecification\",\"valueRequired\":true,\"valueName\":\"search_term_string\"}}],\"inLanguage\":\"fr-FR\"}]}<\/script>\n<!-- \/ Yoast SEO plugin. -->","yoast_head_json":{"title":"Communication Tips | CADCA","description":"CADCA represents over 7,000 community coalitions that involve individuals from key sectors including schools, law enforcement, youth, parents, healthcare, media, tribal communities and others","robots":{"index":"index","follow":"follow","max-snippet":"max-snippet:-1","max-image-preview":"max-image-preview:large","max-video-preview":"max-video-preview:-1"},"canonical":"https:\/\/www.cadca.org\/fr\/communication-tips\/","og_locale":"fr_FR","og_type":"article","og_title":"Communication Tips | CADCA","og_description":"CADCA represents over 7,000 community coalitions that involve individuals from key sectors including schools, law enforcement, youth, parents, healthcare, media, tribal communities and others","og_url":"https:\/\/www.cadca.org\/fr\/communication-tips\/","og_site_name":"CADCA","article_modified_time":"2023-06-07T16:39:57+00:00","og_image":[{"width":880,"height":500,"url":"https:\/\/www.cadca.org\/wp-content\/uploads\/2022\/03\/cadca-member-of-logo1.jpg","type":"image\/jpeg"}],"twitter_card":"summary_large_image","schema":{"@context":"https:\/\/schema.org","@graph":[{"@type":"WebPage","@id":"https:\/\/www.cadca.org\/communication-tips\/","url":"https:\/\/www.cadca.org\/communication-tips\/","name":"Communication Tips | CADCA","isPartOf":{"@id":"https:\/\/www.cadca.org\/#website"},"datePublished":"2023-03-08T15:10:29+00:00","dateModified":"2023-06-07T16:39:57+00:00","description":"CADCA represents over 7,000 community coalitions that involve individuals from key sectors including schools, law enforcement, youth, parents, healthcare, media, tribal communities and others","breadcrumb":{"@id":"https:\/\/www.cadca.org\/communication-tips\/#breadcrumb"},"inLanguage":"fr-FR","potentialAction":[{"@type":"ReadAction","target":["https:\/\/www.cadca.org\/communication-tips\/"]}]},{"@type":"BreadcrumbList","@id":"https:\/\/www.cadca.org\/communication-tips\/#breadcrumb","itemListElement":[{"@type":"ListItem","position":1,"name":"Home","item":"https:\/\/www.cadca.org\/"},{"@type":"ListItem","position":2,"name":"Communication Tips"}]},{"@type":"WebSite","@id":"https:\/\/www.cadca.org\/#website","url":"https:\/\/www.cadca.org\/","name":"CADCA","description":"The Premier Prevention Association","potentialAction":[{"@type":"SearchAction","target":{"@type":"EntryPoint","urlTemplate":"https:\/\/www.cadca.org\/?s={search_term_string}"},"query-input":{"@type":"PropertyValueSpecification","valueRequired":true,"valueName":"search_term_string"}}],"inLanguage":"fr-FR"}]}},"_links":{"self":[{"href":"https:\/\/www.cadca.org\/fr\/wp-json\/wp\/v2\/pages\/16760","targetHints":{"allow":["GET"]}}],"collection":[{"href":"https:\/\/www.cadca.org\/fr\/wp-json\/wp\/v2\/pages"}],"about":[{"href":"https:\/\/www.cadca.org\/fr\/wp-json\/wp\/v2\/types\/page"}],"author":[{"embeddable":true,"href":"https:\/\/www.cadca.org\/fr\/wp-json\/wp\/v2\/users\/23"}],"replies":[{"embeddable":true,"href":"https:\/\/www.cadca.org\/fr\/wp-json\/wp\/v2\/comments?post=16760"}],"version-history":[{"count":0,"href":"https:\/\/www.cadca.org\/fr\/wp-json\/wp\/v2\/pages\/16760\/revisions"}],"wp:attachment":[{"href":"https:\/\/www.cadca.org\/fr\/wp-json\/wp\/v2\/media?parent=16760"}],"curies":[{"name":"wp","href":"https:\/\/api.w.org\/{rel}","templated":true}]}}