{"id":16758,"date":"2023-03-08T13:58:24","date_gmt":"2023-03-08T13:58:24","guid":{"rendered":"https:\/\/cadca1stg.wpengine.com\/?page_id=16758"},"modified":"2023-06-23T18:15:53","modified_gmt":"2023-06-23T18:15:53","slug":"partnerships","status":"publish","type":"page","link":"https:\/\/www.cadca.org\/fr\/myti2023\/partnerships\/","title":{"rendered":"MYTI2023 : Partenariats"},"content":{"rendered":"<style media=\"all\" type=\"text\/css\">\n\n    \n    \/* xs & sm (mobile) *\/\n    @media (max-width: 767.98px) {\n        }\n\n    \/* md (tablet) *\/\n    @media (min-width: 768px) and (max-width: 1199.98px) {\n        }\n\n    \/* lg (desktop) *\/\n    @media (min-width: 1200px) {\n        }\n\n    \/* custom styles *\/\n    @media (min-width: 768px) {rnt.rte .container{rnttwidth:800px;rn  tttext-align:center;rnt}rn}rnrn@media (max-width: 767.98px) {rnt.rte .container img{rnttwidth:100%;rn  ttheight:auto;rnt}rnrn}<\/style>\n<section class=\"rte  block_3f586434de3980edbf024c7919a98cf4\" id=\"block_3f586434de3980edbf024c7919a98cf4\">\n    <div class=\"container\">\n        <p><img loading=\"lazy\" decoding=\"async\" class=\"aligncenter wp-image-16754 size-large\" src=\"https:\/\/www.cadca.org\/wp-content\/uploads\/2023\/03\/23-Mid-year-banner-1667x262-2-1024x161.png\" alt=\"\" width=\"1024\" height=\"161\" srcset=\"https:\/\/www.cadca.org\/wp-content\/uploads\/2023\/03\/23-Mid-year-banner-1667x262-2-1024x161.png 1024w, https:\/\/www.cadca.org\/wp-content\/uploads\/2023\/03\/23-Mid-year-banner-1667x262-2-300x47.png 300w, https:\/\/www.cadca.org\/wp-content\/uploads\/2023\/03\/23-Mid-year-banner-1667x262-2-768x121.png 768w, https:\/\/www.cadca.org\/wp-content\/uploads\/2023\/03\/23-Mid-year-banner-1667x262-2-1536x241.png 1536w, https:\/\/www.cadca.org\/wp-content\/uploads\/2023\/03\/23-Mid-year-banner-1667x262-2-18x3.png 18w, https:\/\/www.cadca.org\/wp-content\/uploads\/2023\/03\/23-Mid-year-banner-1667x262-2.png 1667w\" sizes=\"auto, (max-width: 1024px) 100vw, 1024px\" \/><\/p>\n<p style=\"text-align: center\"><a href=\"https:\/\/www.cadca.org\/fr\/myti2023\/\"><img loading=\"lazy\" decoding=\"async\" class=\"alignnone wp-image-16712\" src=\"https:\/\/www.cadca.org\/wp-content\/uploads\/2023\/03\/MYTIHomepage-300x243.png\" alt=\"\" width=\"100\" height=\"81\" \/><\/a> <a href=\"https:\/\/www.cadca.org\/fr\/myti2023\/cfps\/\"><img loading=\"lazy\" decoding=\"async\" class=\"alignnone wp-image-16713\" src=\"https:\/\/www.cadca.org\/wp-content\/uploads\/2023\/03\/MYTICFP-300x243.png\" alt=\"\" width=\"100\" height=\"81\" srcset=\"https:\/\/www.cadca.org\/wp-content\/uploads\/2023\/03\/MYTICFP-300x243.png 300w, https:\/\/www.cadca.org\/wp-content\/uploads\/2023\/03\/MYTICFP-768x621.png 768w, https:\/\/www.cadca.org\/wp-content\/uploads\/2023\/03\/MYTICFP-15x12.png 15w, https:\/\/www.cadca.org\/wp-content\/uploads\/2023\/03\/MYTICFP.png 804w\" sizes=\"auto, (max-width: 100px) 100vw, 100px\" \/><\/a>\u00a0<a href=\"https:\/\/www.cadca.org\/fr\/myti2023\/faqs\/\"><img loading=\"lazy\" decoding=\"async\" class=\"alignnone wp-image-16720\" src=\"https:\/\/www.cadca.org\/wp-content\/uploads\/2023\/03\/MYTIFAQs-300x243.png\" alt=\"\" width=\"100\" height=\"81\" srcset=\"https:\/\/www.cadca.org\/wp-content\/uploads\/2023\/03\/MYTIFAQs-300x243.png 300w, https:\/\/www.cadca.org\/wp-content\/uploads\/2023\/03\/MYTIFAQs-768x621.png 768w, https:\/\/www.cadca.org\/wp-content\/uploads\/2023\/03\/MYTIFAQs-15x12.png 15w, https:\/\/www.cadca.org\/wp-content\/uploads\/2023\/03\/MYTIFAQs.png 804w\" sizes=\"auto, (max-width: 100px) 100vw, 100px\" \/><\/a> <a href=\"https:\/\/www.cadca.org\/fr\/myti2023\/hotelandtravel\/\"><img loading=\"lazy\" decoding=\"async\" class=\"alignnone wp-image-16714\" src=\"https:\/\/www.cadca.org\/wp-content\/uploads\/2023\/03\/MYTIHotel-300x243.png\" alt=\"\" width=\"100\" height=\"81\" srcset=\"https:\/\/www.cadca.org\/wp-content\/uploads\/2023\/03\/MYTIHotel-300x243.png 300w, https:\/\/www.cadca.org\/wp-content\/uploads\/2023\/03\/MYTIHotel-768x621.png 768w, https:\/\/www.cadca.org\/wp-content\/uploads\/2023\/03\/MYTIHotel-15x12.png 15w, https:\/\/www.cadca.org\/wp-content\/uploads\/2023\/03\/MYTIHotel.png 804w\" sizes=\"auto, (max-width: 100px) 100vw, 100px\" \/><\/a> <a href=\"\/\/www.cadca.org\/fr\/myti2023\/international\/\"><img loading=\"lazy\" decoding=\"async\" class=\"alignnone wp-image-16718\" src=\"https:\/\/www.cadca.org\/wp-content\/uploads\/2023\/03\/MYTIIntl-300x243.png\" alt=\"\" width=\"100\" height=\"81\" srcset=\"https:\/\/www.cadca.org\/wp-content\/uploads\/2023\/03\/MYTIIntl-300x243.png 300w, https:\/\/www.cadca.org\/wp-content\/uploads\/2023\/03\/MYTIIntl-768x621.png 768w, https:\/\/www.cadca.org\/wp-content\/uploads\/2023\/03\/MYTIIntl-15x12.png 15w, https:\/\/www.cadca.org\/wp-content\/uploads\/2023\/03\/MYTIIntl.png 804w\" sizes=\"auto, (max-width: 100px) 100vw, 100px\" \/><\/a> <a href=\"https:\/\/www.cadca.org\/fr\/myti2023\/registration\/\"><img loading=\"lazy\" decoding=\"async\" class=\"alignnone wp-image-16722\" src=\"https:\/\/www.cadca.org\/wp-content\/uploads\/2023\/03\/MYTIReg-300x243.png\" alt=\"\" width=\"100\" height=\"81\" srcset=\"https:\/\/www.cadca.org\/wp-content\/uploads\/2023\/03\/MYTIReg-300x243.png 300w, https:\/\/www.cadca.org\/wp-content\/uploads\/2023\/03\/MYTIReg-768x621.png 768w, https:\/\/www.cadca.org\/wp-content\/uploads\/2023\/03\/MYTIReg-15x12.png 15w, https:\/\/www.cadca.org\/wp-content\/uploads\/2023\/03\/MYTIReg.png 804w\" sizes=\"auto, (max-width: 100px) 100vw, 100px\" \/><\/a> <a href=\"https:\/\/www.cadca.org\/fr\/myti2023\/schedule\/\"><img loading=\"lazy\" decoding=\"async\" class=\"alignnone wp-image-16715\" src=\"https:\/\/www.cadca.org\/wp-content\/uploads\/2023\/03\/MYTISchedule-300x243.png\" alt=\"\" width=\"100\" height=\"81\" srcset=\"https:\/\/www.cadca.org\/wp-content\/uploads\/2023\/03\/MYTISchedule-300x243.png 300w, https:\/\/www.cadca.org\/wp-content\/uploads\/2023\/03\/MYTISchedule-768x621.png 768w, https:\/\/www.cadca.org\/wp-content\/uploads\/2023\/03\/MYTISchedule-15x12.png 15w, https:\/\/www.cadca.org\/wp-content\/uploads\/2023\/03\/MYTISchedule.png 804w\" sizes=\"auto, (max-width: 100px) 100vw, 100px\" \/><\/a> <a href=\"https:\/\/www.cadca.org\/fr\/myti2023\/scholarships\/\"><img loading=\"lazy\" decoding=\"async\" class=\"alignnone wp-image-16719\" src=\"https:\/\/www.cadca.org\/wp-content\/uploads\/2023\/03\/MYTIScholarships-300x243.png\" alt=\"\" width=\"100\" height=\"81\" srcset=\"https:\/\/www.cadca.org\/wp-content\/uploads\/2023\/03\/MYTIScholarships-300x243.png 300w, https:\/\/www.cadca.org\/wp-content\/uploads\/2023\/03\/MYTIScholarships-768x621.png 768w, https:\/\/www.cadca.org\/wp-content\/uploads\/2023\/03\/MYTIScholarships-15x12.png 15w, https:\/\/www.cadca.org\/wp-content\/uploads\/2023\/03\/MYTIScholarships.png 804w\" sizes=\"auto, (max-width: 100px) 100vw, 100px\" \/><\/a> <a href=\"https:\/\/www.cadca.org\/fr\/myti2023\/youth\/\"><img loading=\"lazy\" decoding=\"async\" class=\"alignnone wp-image-16717\" src=\"https:\/\/www.cadca.org\/wp-content\/uploads\/2023\/03\/MYTIYouth-300x243.png\" alt=\"\" width=\"100\" height=\"81\" srcset=\"https:\/\/www.cadca.org\/wp-content\/uploads\/2023\/03\/MYTIYouth-300x243.png 300w, https:\/\/www.cadca.org\/wp-content\/uploads\/2023\/03\/MYTIYouth-768x621.png 768w, https:\/\/www.cadca.org\/wp-content\/uploads\/2023\/03\/MYTIYouth-15x12.png 15w, https:\/\/www.cadca.org\/wp-content\/uploads\/2023\/03\/MYTIYouth.png 804w\" sizes=\"auto, (max-width: 100px) 100vw, 100px\" \/><\/a><\/p>\n<p style=\"text-align: center\"><strong><span style=\"font-family: tahoma, arial, helvetica, sans-serif;font-size: 36px;color: #339966\">Partenariats<\/span><\/strong><\/p>\n<p style=\"font-weight: 400\"><strong>Pr\u00e9sentoirs de partenaires de ressources de table\u00a0<\/strong><\/p>\n<p>Nous invitons les fournisseurs \u00e0 nous rejoindre au milieu de l&#039;ann\u00e9e pour pr\u00e9senter les produits et services de votre organisation \u00e0 nos coalitions. En tant que partenaire ressource, vous aurez la possibilit\u00e9 d&#039;\u00e9duquer les participants sur la fa\u00e7on dont vous pouvez mieux les aider \u00e0 cr\u00e9er des communaut\u00e9s saines et s\u00fbres. G\u00e9n\u00e9rez de nouveaux prospects, gagnez en visibilit\u00e9 et participez \u00e0 des sessions de formation pour savoir comment votre entreprise pourrait mieux servir le secteur de la pr\u00e9vention.<\/p>\n<p>Le programme d&#039;affichage sur table de cette ann\u00e9e sera situ\u00e9 dans la pr\u00e9-fonction du centre des congr\u00e8s et dans les halls des salles de bal Texas et Grapevine. Cette zone est l&#039;art\u00e8re principale entre la salle de bal pl\u00e9ni\u00e8re et les salles de session de formation. La r\u00e9ception d&#039;ouverture, les petits-d\u00e9jeuners de r\u00e9seautage et les pauses-rafra\u00eechissements de r\u00e9seautage auront \u00e9galement lieu dans ces halls = EXPOSITION GARANTIE.<\/p>\n<p><strong>Tarification des partenaires de ressources\u00a0;\u00a0<\/strong><strong>L&#039;affichage de table - $1,555 comprend\u00a0:<\/strong><\/p>\n<ul style=\"margin-left:40px\">\n<li>1 inscription compl\u00e8te \u00e0 la conf\u00e9rence\/badge et 1 ensemble de mat\u00e9riel MYTI<\/li>\n<li>Une table de 6&#039; avec jupe et une chaise<\/li>\n<li>Nom de l&#039;organisation, coordonn\u00e9es et description dans le programme final<\/li>\n<li>Nom de l&#039;organisation, coordonn\u00e9es, description et informations sur les m\u00e9dias sociaux dans l&#039;application de l&#039;\u00e9v\u00e9nement<\/li>\n<li>Enregistrement de partenaire de ressources suppl\u00e9mentaires - $400 chacun (jusqu&#039;\u00e0 2 suppl\u00e9mentaires)<\/li>\n<\/ul>\n<p><strong><a href=\"https:\/\/www.cadca.org\/fr\/sites\/default\/files\/pdfs\/events\/2023_exhibitor_prospectus_-_for_use.pdf\/\" data-cke-saved-href=\"\/sites\/default\/files\/pdfs\/events\/2023_exhibitor_prospectus_-_for_use.pdf\">Consulter le Prospectus<\/a><\/strong><\/p>\n<p><strong><a href=\"https:\/\/www.cadca.org\/fr\/sites\/default\/files\/pdfs\/events\/rules_regulations_2023.pdf\/\" data-cke-saved-href=\"\/sites\/default\/files\/pdfs\/events\/rules_regulations_2023.pdf\">R\u00e9viser les r\u00e8gles et r\u00e8glements<\/a><\/strong><\/p>\n<p><a href=\"https:\/\/research.zarca.com\/r\/MYTI23ResourcePartners\"><img loading=\"lazy\" decoding=\"async\" class=\"alignnone size-medium wp-image-16759 aligncenter\" src=\"https:\/\/www.cadca.org\/wp-content\/uploads\/2023\/03\/PartnershipOpps-300x169.png\" alt=\"\" width=\"300\" height=\"169\" srcset=\"https:\/\/www.cadca.org\/wp-content\/uploads\/2023\/03\/PartnershipOpps-300x169.png 300w, https:\/\/www.cadca.org\/wp-content\/uploads\/2023\/03\/PartnershipOpps-768x432.png 768w, https:\/\/www.cadca.org\/wp-content\/uploads\/2023\/03\/PartnershipOpps-18x10.png 18w, https:\/\/www.cadca.org\/wp-content\/uploads\/2023\/03\/PartnershipOpps.png 960w\" sizes=\"auto, (max-width: 300px) 100vw, 300px\" \/><\/a><\/p>\n<p style=\"text-align: center\"><strong>Opportunit\u00e9s de partenariat\u00a0<\/strong><\/p>\n<p><strong>Opportunit\u00e9s de partenariat et programme de partenariat de ressources\u00a0<\/strong><\/p>\n<p>Nous sommes ravis d&#039;accueillir des repr\u00e9sentants de la coalition et des amis dans le domaine de la pr\u00e9vention EN PERSONNE \u00e0 l&#039;Institut de formation de mi-ann\u00e9e 2023 en juillet au Gaylord Texan\u00a0!<\/p>\n<p><strong>Opportunit\u00e9s de partenariat\u00a0\u00a0<\/strong><\/p>\n<p>L&#039;Institut de formation en milieu d&#039;ann\u00e9e est un laissez-passer d&#039;acc\u00e8s aux meilleures formations disponibles pour aider les coalitions \u00e0 travailler plus intelligemment, plus rapidement et plus efficacement. De m\u00eame, les partenaires MYTI ont acc\u00e8s \u00e0 ces dirigeants et d\u00e9cideurs de coalition \u00e0 travers une vari\u00e9t\u00e9 d&#039;opportunit\u00e9s - en mettant votre entreprise ou votre marque au premier plan pour engager les clients potentiels et existants dans une atmosph\u00e8re tr\u00e8s charg\u00e9e\u00a0!<\/p>\n<p><strong>Les options de partenariat ont inclus\u00a0:\u00a0<\/strong><\/p>\n<ul style=\"margin-left:40px\">\n<li>Parrainage d&#039;applications<\/li>\n<li>E-explosions personnalis\u00e9es<\/li>\n<li>Bourses d&#039;\u00e9tudes pour les coalitions et\/ou les jeunes<\/li>\n<li>Soutien aux \u00e9v\u00e9nements jeunesse<\/li>\n<li>H\u00f4tes de r\u00e9ception<\/li>\n<li>Inserts de sac<\/li>\n<li>Les publicit\u00e9s<\/li>\n<\/ul>\n<p>Faites progresser votre entreprise en vous associant \u00e0 CADCA. Notre institut de formation en milieu d&#039;ann\u00e9e offre la possibilit\u00e9 \u00e0 plus de 2 000 personnes d&#039;assister \u00e0 une vari\u00e9t\u00e9 de sessions de formation pour approfondir leurs connaissances en sciences de la pr\u00e9vention et am\u00e9liorer leurs comp\u00e9tences dans la mise en \u0153uvre de strat\u00e9gies fond\u00e9es sur des preuves.<\/p>\n<p>Restez \u00e0 l&#039;\u00e9coute pour un menu complet d&#039;opportunit\u00e9s de partenariat dans les semaines \u00e0 venir. Entre-temps, contactez Mia Wallace, directrice du d\u00e9veloppement des affaires \u00e0 mwallace@cadca.org ou 703-706-0560 x265 pour discuter des possibilit\u00e9s de partenariat.<\/p>\n<p style=\"text-align: center\"><a href=\"https:\/\/www.cadca.org\/wp-content\/uploads\/2023\/05\/2023_mid_year_sponsorship_opportunities.pdf\"><strong>EN SAVOIR PLUS SUR LES OPPORTUNIT\u00c9S DE COMMANDITE ET DE PARTENARIAT EN MI-ANN\u00c9E\u00a0!<\/strong><\/a><\/p>\n<p>&nbsp;<\/p>\n    <\/div>\n<\/section>","protected":false},"excerpt":{"rendered":"","protected":false},"author":23,"featured_media":0,"parent":18692,"menu_order":0,"comment_status":"closed","ping_status":"closed","template":"","meta":{"_acf_changed":false,"inline_featured_image":false,"footnotes":""},"class_list":["post-16758","page","type-page","status-publish","hentry"],"acf":[],"yoast_head":"<!-- This site is optimized with the Yoast SEO plugin v26.8 - https:\/\/yoast.com\/product\/yoast-seo-wordpress\/ -->\n<title>MYTI2023: Partnerships | CADCA<\/title>\n<meta name=\"description\" content=\"CADCA represents over 7,000 community coalitions that involve individuals from key sectors including schools, law enforcement, youth, parents, healthcare, media, tribal communities and others\" \/>\n<meta name=\"robots\" content=\"index, follow, max-snippet:-1, max-image-preview:large, max-video-preview:-1\" \/>\n<link rel=\"canonical\" href=\"https:\/\/www.cadca.org\/fr\/myti2023\/partnerships\/\" \/>\n<meta property=\"og:locale\" content=\"fr_FR\" \/>\n<meta property=\"og:type\" content=\"article\" \/>\n<meta property=\"og:title\" content=\"MYTI2023: Partnerships | CADCA\" \/>\n<meta property=\"og:description\" content=\"CADCA represents over 7,000 community coalitions that involve individuals from key sectors including schools, law enforcement, youth, parents, healthcare, media, tribal communities and others\" \/>\n<meta property=\"og:url\" content=\"https:\/\/www.cadca.org\/fr\/myti2023\/partnerships\/\" \/>\n<meta property=\"og:site_name\" content=\"CADCA\" \/>\n<meta property=\"article:modified_time\" content=\"2023-06-23T18:15:53+00:00\" \/>\n<meta property=\"og:image\" content=\"https:\/\/www.cadca.org\/wp-content\/uploads\/2022\/03\/cadca-member-of-logo1.jpg\" \/>\n\t<meta property=\"og:image:width\" content=\"880\" \/>\n\t<meta property=\"og:image:height\" content=\"500\" \/>\n\t<meta property=\"og:image:type\" content=\"image\/jpeg\" \/>\n<meta name=\"twitter:card\" content=\"summary_large_image\" \/>\n<script type=\"application\/ld+json\" class=\"yoast-schema-graph\">{\"@context\":\"https:\/\/schema.org\",\"@graph\":[{\"@type\":\"WebPage\",\"@id\":\"https:\/\/www.cadca.org\/myti2023\/partnerships\/\",\"url\":\"https:\/\/www.cadca.org\/myti2023\/partnerships\/\",\"name\":\"MYTI2023: Partnerships | CADCA\",\"isPartOf\":{\"@id\":\"https:\/\/www.cadca.org\/#website\"},\"datePublished\":\"2023-03-08T13:58:24+00:00\",\"dateModified\":\"2023-06-23T18:15:53+00:00\",\"description\":\"CADCA represents over 7,000 community coalitions that involve individuals from key sectors including schools, law enforcement, youth, parents, healthcare, media, tribal communities and others\",\"breadcrumb\":{\"@id\":\"https:\/\/www.cadca.org\/myti2023\/partnerships\/#breadcrumb\"},\"inLanguage\":\"fr-FR\",\"potentialAction\":[{\"@type\":\"ReadAction\",\"target\":[\"https:\/\/www.cadca.org\/myti2023\/partnerships\/\"]}]},{\"@type\":\"BreadcrumbList\",\"@id\":\"https:\/\/www.cadca.org\/myti2023\/partnerships\/#breadcrumb\",\"itemListElement\":[{\"@type\":\"ListItem\",\"position\":1,\"name\":\"Home\",\"item\":\"https:\/\/www.cadca.org\/\"},{\"@type\":\"ListItem\",\"position\":2,\"name\":\"MYTI2023\",\"item\":\"https:\/\/www.cadca.org\/myti2023\/\"},{\"@type\":\"ListItem\",\"position\":3,\"name\":\"MYTI2023: Partnerships\"}]},{\"@type\":\"WebSite\",\"@id\":\"https:\/\/www.cadca.org\/#website\",\"url\":\"https:\/\/www.cadca.org\/\",\"name\":\"CADCA\",\"description\":\"The Premier Prevention Association\",\"potentialAction\":[{\"@type\":\"SearchAction\",\"target\":{\"@type\":\"EntryPoint\",\"urlTemplate\":\"https:\/\/www.cadca.org\/?s={search_term_string}\"},\"query-input\":{\"@type\":\"PropertyValueSpecification\",\"valueRequired\":true,\"valueName\":\"search_term_string\"}}],\"inLanguage\":\"fr-FR\"}]}<\/script>\n<!-- \/ Yoast SEO plugin. -->","yoast_head_json":{"title":"MYTI2023: Partnerships | CADCA","description":"CADCA represents over 7,000 community coalitions that involve individuals from key sectors including schools, law enforcement, youth, parents, healthcare, media, tribal communities and others","robots":{"index":"index","follow":"follow","max-snippet":"max-snippet:-1","max-image-preview":"max-image-preview:large","max-video-preview":"max-video-preview:-1"},"canonical":"https:\/\/www.cadca.org\/fr\/myti2023\/partnerships\/","og_locale":"fr_FR","og_type":"article","og_title":"MYTI2023: Partnerships | CADCA","og_description":"CADCA represents over 7,000 community coalitions that involve individuals from key sectors including schools, law enforcement, youth, parents, healthcare, media, tribal communities and others","og_url":"https:\/\/www.cadca.org\/fr\/myti2023\/partnerships\/","og_site_name":"CADCA","article_modified_time":"2023-06-23T18:15:53+00:00","og_image":[{"width":880,"height":500,"url":"https:\/\/www.cadca.org\/wp-content\/uploads\/2022\/03\/cadca-member-of-logo1.jpg","type":"image\/jpeg"}],"twitter_card":"summary_large_image","schema":{"@context":"https:\/\/schema.org","@graph":[{"@type":"WebPage","@id":"https:\/\/www.cadca.org\/myti2023\/partnerships\/","url":"https:\/\/www.cadca.org\/myti2023\/partnerships\/","name":"MYTI2023: Partnerships | CADCA","isPartOf":{"@id":"https:\/\/www.cadca.org\/#website"},"datePublished":"2023-03-08T13:58:24+00:00","dateModified":"2023-06-23T18:15:53+00:00","description":"CADCA represents over 7,000 community coalitions that involve individuals from key sectors including schools, law enforcement, youth, parents, healthcare, media, tribal communities and others","breadcrumb":{"@id":"https:\/\/www.cadca.org\/myti2023\/partnerships\/#breadcrumb"},"inLanguage":"fr-FR","potentialAction":[{"@type":"ReadAction","target":["https:\/\/www.cadca.org\/myti2023\/partnerships\/"]}]},{"@type":"BreadcrumbList","@id":"https:\/\/www.cadca.org\/myti2023\/partnerships\/#breadcrumb","itemListElement":[{"@type":"ListItem","position":1,"name":"Home","item":"https:\/\/www.cadca.org\/"},{"@type":"ListItem","position":2,"name":"MYTI2023","item":"https:\/\/www.cadca.org\/myti2023\/"},{"@type":"ListItem","position":3,"name":"MYTI2023: Partnerships"}]},{"@type":"WebSite","@id":"https:\/\/www.cadca.org\/#website","url":"https:\/\/www.cadca.org\/","name":"CADCA","description":"The Premier Prevention Association","potentialAction":[{"@type":"SearchAction","target":{"@type":"EntryPoint","urlTemplate":"https:\/\/www.cadca.org\/?s={search_term_string}"},"query-input":{"@type":"PropertyValueSpecification","valueRequired":true,"valueName":"search_term_string"}}],"inLanguage":"fr-FR"}]}},"_links":{"self":[{"href":"https:\/\/www.cadca.org\/fr\/wp-json\/wp\/v2\/pages\/16758","targetHints":{"allow":["GET"]}}],"collection":[{"href":"https:\/\/www.cadca.org\/fr\/wp-json\/wp\/v2\/pages"}],"about":[{"href":"https:\/\/www.cadca.org\/fr\/wp-json\/wp\/v2\/types\/page"}],"author":[{"embeddable":true,"href":"https:\/\/www.cadca.org\/fr\/wp-json\/wp\/v2\/users\/23"}],"replies":[{"embeddable":true,"href":"https:\/\/www.cadca.org\/fr\/wp-json\/wp\/v2\/comments?post=16758"}],"version-history":[{"count":0,"href":"https:\/\/www.cadca.org\/fr\/wp-json\/wp\/v2\/pages\/16758\/revisions"}],"up":[{"embeddable":true,"href":"https:\/\/www.cadca.org\/fr\/wp-json\/wp\/v2\/pages\/18692"}],"wp:attachment":[{"href":"https:\/\/www.cadca.org\/fr\/wp-json\/wp\/v2\/media?parent=16758"}],"curies":[{"name":"wp","href":"https:\/\/api.w.org\/{rel}","templated":true}]}}