{"id":16726,"date":"2023-03-07T18:26:49","date_gmt":"2023-03-07T18:26:49","guid":{"rendered":"https:\/\/cadca1stg.wpengine.com\/?page_id=16726"},"modified":"2023-07-13T15:44:04","modified_gmt":"2023-07-13T15:44:04","slug":"hotelandtravel","status":"publish","type":"page","link":"https:\/\/www.cadca.org\/fr\/myti2023\/hotelandtravel\/","title":{"rendered":"MYTI2023\u00a0: H\u00f4tel et voyages"},"content":{"rendered":"<style media=\"all\" type=\"text\/css\">\n\n    \n    \/* xs & sm (mobile) *\/\n    @media (max-width: 767.98px) {\n        }\n\n    \/* md (tablet) *\/\n    @media (min-width: 768px) and (max-width: 1199.98px) {\n        }\n\n    \/* lg (desktop) *\/\n    @media (min-width: 1200px) {\n        }\n\n    \/* custom styles *\/\n    @media (min-width: 768px) {rnt.rte .container{rnttwidth:800px;rn  tttext-align:center;rnt}rn}rnrn@media (max-width: 767.98px) {rnt.rte .container img{rnttwidth:100%;rn  ttheight:auto;rnt}rnrn}<\/style>\n<section class=\"rte  block_4f20e8c73cda6e7a634e9348316775e2\" id=\"block_4f20e8c73cda6e7a634e9348316775e2\">\n    <div class=\"container\">\n        <p><span style=\"font-family: tahoma, arial, helvetica, sans-serif\"><img loading=\"lazy\" decoding=\"async\" class=\"aligncenter wp-image-16729 size-large\" src=\"https:\/\/www.cadca.org\/wp-content\/uploads\/2023\/03\/23-Mid-year-banner-1667x262-1-1024x161.png\" alt=\"\" width=\"1024\" height=\"161\" srcset=\"https:\/\/www.cadca.org\/wp-content\/uploads\/2023\/03\/23-Mid-year-banner-1667x262-1-1024x161.png 1024w, https:\/\/www.cadca.org\/wp-content\/uploads\/2023\/03\/23-Mid-year-banner-1667x262-1-300x47.png 300w, https:\/\/www.cadca.org\/wp-content\/uploads\/2023\/03\/23-Mid-year-banner-1667x262-1-768x121.png 768w, https:\/\/www.cadca.org\/wp-content\/uploads\/2023\/03\/23-Mid-year-banner-1667x262-1-1536x241.png 1536w, https:\/\/www.cadca.org\/wp-content\/uploads\/2023\/03\/23-Mid-year-banner-1667x262-1-18x3.png 18w, https:\/\/www.cadca.org\/wp-content\/uploads\/2023\/03\/23-Mid-year-banner-1667x262-1.png 1667w\" sizes=\"auto, (max-width: 1024px) 100vw, 1024px\" \/><\/span><\/p>\n<p style=\"text-align: center\"><span style=\"font-family: tahoma, arial, helvetica, sans-serif\" data-cke-copybin-start=\"1\">\u200b<a href=\"https:\/\/www.cadca.org\/fr\/myti2023\/\"><img loading=\"lazy\" decoding=\"async\" class=\"alignnone wp-image-16712\" src=\"https:\/\/www.cadca.org\/wp-content\/uploads\/2023\/03\/MYTIHomepage-300x243.png\" alt=\"\" width=\"100\" height=\"81\" \/><\/a>\u00a0<a href=\"https:\/\/www.cadca.org\/fr\/myti2023\/cfps\/\"><img loading=\"lazy\" decoding=\"async\" class=\"alignnone wp-image-16713\" src=\"https:\/\/www.cadca.org\/wp-content\/uploads\/2023\/03\/MYTICFP-300x243.png\" alt=\"\" width=\"100\" height=\"81\" srcset=\"https:\/\/www.cadca.org\/wp-content\/uploads\/2023\/03\/MYTICFP-300x243.png 300w, https:\/\/www.cadca.org\/wp-content\/uploads\/2023\/03\/MYTICFP-768x621.png 768w, https:\/\/www.cadca.org\/wp-content\/uploads\/2023\/03\/MYTICFP-15x12.png 15w, https:\/\/www.cadca.org\/wp-content\/uploads\/2023\/03\/MYTICFP.png 804w\" sizes=\"auto, (max-width: 100px) 100vw, 100px\" \/><\/a> <a href=\"https:\/\/www.cadca.org\/fr\/myti2023\/faqs\/\"><img loading=\"lazy\" decoding=\"async\" class=\"alignnone wp-image-16720\" src=\"https:\/\/www.cadca.org\/wp-content\/uploads\/2023\/03\/MYTIFAQs-300x243.png\" alt=\"\" width=\"100\" height=\"81\" srcset=\"https:\/\/www.cadca.org\/wp-content\/uploads\/2023\/03\/MYTIFAQs-300x243.png 300w, https:\/\/www.cadca.org\/wp-content\/uploads\/2023\/03\/MYTIFAQs-768x621.png 768w, https:\/\/www.cadca.org\/wp-content\/uploads\/2023\/03\/MYTIFAQs-15x12.png 15w, https:\/\/www.cadca.org\/wp-content\/uploads\/2023\/03\/MYTIFAQs.png 804w\" sizes=\"auto, (max-width: 100px) 100vw, 100px\" \/><\/a>\u00a0<\/span><a href=\"https:\/\/www.cadca.org\/fr\/myti2023\/international\/\"><img loading=\"lazy\" decoding=\"async\" class=\"alignnone wp-image-16718\" style=\"font-family: tahoma, arial, helvetica, sans-serif\" src=\"https:\/\/www.cadca.org\/wp-content\/uploads\/2023\/03\/MYTIIntl-300x243.png\" alt=\"\" width=\"100\" height=\"81\" srcset=\"https:\/\/www.cadca.org\/wp-content\/uploads\/2023\/03\/MYTIIntl-300x243.png 300w, https:\/\/www.cadca.org\/wp-content\/uploads\/2023\/03\/MYTIIntl-768x621.png 768w, https:\/\/www.cadca.org\/wp-content\/uploads\/2023\/03\/MYTIIntl-15x12.png 15w, https:\/\/www.cadca.org\/wp-content\/uploads\/2023\/03\/MYTIIntl.png 804w\" sizes=\"auto, (max-width: 100px) 100vw, 100px\" \/><\/a>\u00a0<a href=\"https:\/\/www.cadca.org\/fr\/myti2023\/partnerships\/\"><img loading=\"lazy\" decoding=\"async\" class=\"alignnone wp-image-16716\" style=\"font-family: tahoma, arial, helvetica, sans-serif\" src=\"https:\/\/www.cadca.org\/wp-content\/uploads\/2023\/03\/MYTIPartnerships-300x243.png\" alt=\"\" width=\"100\" height=\"81\" srcset=\"https:\/\/www.cadca.org\/wp-content\/uploads\/2023\/03\/MYTIPartnerships-300x243.png 300w, https:\/\/www.cadca.org\/wp-content\/uploads\/2023\/03\/MYTIPartnerships-768x621.png 768w, https:\/\/www.cadca.org\/wp-content\/uploads\/2023\/03\/MYTIPartnerships-15x12.png 15w, https:\/\/www.cadca.org\/wp-content\/uploads\/2023\/03\/MYTIPartnerships.png 804w\" sizes=\"auto, (max-width: 100px) 100vw, 100px\" \/><\/a>\u00a0<a href=\"https:\/\/www.cadca.org\/fr\/myti2023\/registration\/\"><img loading=\"lazy\" decoding=\"async\" class=\"alignnone wp-image-16722\" style=\"font-family: tahoma, arial, helvetica, sans-serif\" src=\"https:\/\/www.cadca.org\/wp-content\/uploads\/2023\/03\/MYTIReg-300x243.png\" alt=\"\" width=\"100\" height=\"81\" srcset=\"https:\/\/www.cadca.org\/wp-content\/uploads\/2023\/03\/MYTIReg-300x243.png 300w, https:\/\/www.cadca.org\/wp-content\/uploads\/2023\/03\/MYTIReg-768x621.png 768w, https:\/\/www.cadca.org\/wp-content\/uploads\/2023\/03\/MYTIReg-15x12.png 15w, https:\/\/www.cadca.org\/wp-content\/uploads\/2023\/03\/MYTIReg.png 804w\" sizes=\"auto, (max-width: 100px) 100vw, 100px\" \/><\/a>\u00a0<a href=\"https:\/\/www.cadca.org\/fr\/myti2023\/schedule\/\"><img loading=\"lazy\" decoding=\"async\" class=\"alignnone wp-image-16715\" style=\"font-family: tahoma, arial, helvetica, sans-serif\" src=\"https:\/\/www.cadca.org\/wp-content\/uploads\/2023\/03\/MYTISchedule-300x243.png\" alt=\"\" width=\"100\" height=\"81\" srcset=\"https:\/\/www.cadca.org\/wp-content\/uploads\/2023\/03\/MYTISchedule-300x243.png 300w, https:\/\/www.cadca.org\/wp-content\/uploads\/2023\/03\/MYTISchedule-768x621.png 768w, https:\/\/www.cadca.org\/wp-content\/uploads\/2023\/03\/MYTISchedule-15x12.png 15w, https:\/\/www.cadca.org\/wp-content\/uploads\/2023\/03\/MYTISchedule.png 804w\" sizes=\"auto, (max-width: 100px) 100vw, 100px\" \/><\/a><span style=\"font-family: tahoma, arial, helvetica, sans-serif\">\u00a0<\/span><a href=\"https:\/\/www.cadca.org\/fr\/myti2023\/scholarships\/\"><img loading=\"lazy\" decoding=\"async\" class=\"alignnone wp-image-16719\" style=\"font-family: tahoma, arial, helvetica, sans-serif\" src=\"https:\/\/www.cadca.org\/wp-content\/uploads\/2023\/03\/MYTIScholarships-300x243.png\" alt=\"\" width=\"100\" height=\"81\" srcset=\"https:\/\/www.cadca.org\/wp-content\/uploads\/2023\/03\/MYTIScholarships-300x243.png 300w, https:\/\/www.cadca.org\/wp-content\/uploads\/2023\/03\/MYTIScholarships-768x621.png 768w, https:\/\/www.cadca.org\/wp-content\/uploads\/2023\/03\/MYTIScholarships-15x12.png 15w, https:\/\/www.cadca.org\/wp-content\/uploads\/2023\/03\/MYTIScholarships.png 804w\" sizes=\"auto, (max-width: 100px) 100vw, 100px\" \/><\/a>\u00a0<a href=\"https:\/\/www.cadca.org\/fr\/myti2023\/youth\/\"><img loading=\"lazy\" decoding=\"async\" class=\"alignnone wp-image-16717\" style=\"font-family: tahoma, arial, helvetica, sans-serif\" src=\"https:\/\/www.cadca.org\/wp-content\/uploads\/2023\/03\/MYTIYouth-300x243.png\" alt=\"\" width=\"100\" height=\"81\" srcset=\"https:\/\/www.cadca.org\/wp-content\/uploads\/2023\/03\/MYTIYouth-300x243.png 300w, https:\/\/www.cadca.org\/wp-content\/uploads\/2023\/03\/MYTIYouth-768x621.png 768w, https:\/\/www.cadca.org\/wp-content\/uploads\/2023\/03\/MYTIYouth-15x12.png 15w, https:\/\/www.cadca.org\/wp-content\/uploads\/2023\/03\/MYTIYouth.png 804w\" sizes=\"auto, (max-width: 100px) 100vw, 100px\" \/><\/a> <span style=\"font-family: tahoma, arial, helvetica, sans-serif\">\u00a0<\/span><span style=\"font-family: tahoma, arial, helvetica, sans-serif\">\u00a0<\/span><span style=\"font-family: tahoma, arial, helvetica, sans-serif\">\u00a0<\/span><\/p>\n<p style=\"text-align: center\"><span style=\"font-family: tahoma, arial, helvetica, sans-serif;font-size: 32px;color: #0ba171\"><strong><span style=\"font-size: 36px\">MYTI2023\u00a0: H\u00f4tel et voyages<\/span><br \/>\n<span style=\"font-size: 20px\">Situ\u00e9 entre Dallas et Fort Worth, Grapevine est un joyau cach\u00e9 au charme historique du Texas.<\/span><br \/>\n<\/strong><\/span><\/p>\n<p style=\"text-align: center\"><span style=\"font-family: tahoma, arial, helvetica, sans-serif;font-size: 20px;color: #0ba171\"><strong>La CADCA a r\u00e9serv\u00e9 un bloc de chambres \u00e0 l&#039;h\u00f4tel Gaylord Texan \u00e0 des tarifs r\u00e9duits pour les participants et les exposants du 16 juillet au 20 juillet 2023.<\/strong><\/span><\/p>\n<p><img loading=\"lazy\" decoding=\"async\" class=\"wp-image-16757 size-large aligncenter\" src=\"https:\/\/www.cadca.org\/wp-content\/uploads\/2023\/03\/HoteandTravel-1024x576.png\" alt=\"\" width=\"1024\" height=\"576\" srcset=\"https:\/\/www.cadca.org\/wp-content\/uploads\/2023\/03\/HoteandTravel-1024x576.png 1024w, https:\/\/www.cadca.org\/wp-content\/uploads\/2023\/03\/HoteandTravel-300x169.png 300w, https:\/\/www.cadca.org\/wp-content\/uploads\/2023\/03\/HoteandTravel-768x432.png 768w, https:\/\/www.cadca.org\/wp-content\/uploads\/2023\/03\/HoteandTravel-18x10.png 18w, https:\/\/www.cadca.org\/wp-content\/uploads\/2023\/03\/HoteandTravel.png 1200w\" sizes=\"auto, (max-width: 1024px) 100vw, 1024px\" \/><\/p>\n<p><span style=\"font-family: tahoma, arial, helvetica, sans-serif\">Situ\u00e9 entre Dallas et Fort Worth, Grapevine est un joyau cach\u00e9 au charme historique du Texas. Avec plus de 150 restaurants, des boutiques distinctives et la rue principale historique, il y aura certainement quelque chose \u00e0 appr\u00e9cier entre les sessions de formation de mi-ann\u00e9e et les activit\u00e9s de r\u00e9seautage\u00a0!<\/span><\/p>\n<p><span style=\"font-family: tahoma, arial, helvetica, sans-serif\"><u><strong><a href=\"https:\/\/maddendigitalbooks.com\/txgrapeovg23\/\" data-cke-saved-href=\"https:\/\/maddendigitalbooks.com\/txgrapeovg23\/\">T\u00e9l\u00e9chargez le guide du visiteur du Grapevine.\u00a0<\/a><\/strong><\/u><\/span><\/p>\n<p><span style=\"font-family: tahoma, arial, helvetica, sans-serif\"><u><strong><a href=\"https:\/\/www.grapevinetexasusa.com\/plan-your-visit\/transportation\/grapevine-visitors-shuttle\/schedules-routes\/\" data-cke-saved-href=\"https:\/\/www.grapevinetexasusa.com\/plan-your-visit\/transportation\/grapevine-visitors-shuttle\/schedules-routes\/\">Sautez dans l&#039;une des navettes pour visiteurs du Grapevine et explorez.\u00a0\u00a0<\/a><\/strong><\/u><\/span><\/p>\n<p>Des navettes quotidiennes seront fournies aux participants inscrits s\u00e9journant au Courtyard Marriott ou \u00e0 l&#039;Embassy Suites. Les horaires sont list\u00e9s ci-dessous :<\/p>\n<p>Des navettes circuleront entre le Gaylord, l&#039;Embassy Suites et le Courtyard Marriott aux horaires ci-dessous :<\/p>\n<p><strong>dimanche 16 juillet<\/strong><br \/>\n14h00 \u2013 20h00<\/p>\n<p><strong>lundi 17 juillet et mardi 18 juillet<\/strong><br \/>\n6h30 \u2013 18h30<\/p>\n<p><strong>mercredi 19 juillet<\/strong><br \/>\n7h00 \u2013 18h00<\/p>\n<p><strong>jeudi 20 juillet<\/strong><br \/>\n7h00 \u2013 13h00<\/p>\n<p>VEUILLEZ NOTER\u00a0: Chaque boucle prend 20 \u00e0 25\u00a0minutes. Les bus circuleront en boucle continue pendant les heures ci-dessus uniquement. Les bus viendront vous chercher et vous d\u00e9poseront dans le hall des bus du Gaylord&#039;s Convention Center et non dans le hall de l&#039;h\u00f4tel.<\/p>\n<div><span style=\"font-family: tahoma, arial, helvetica, sans-serif\">H\u00f4tel Gaylord Texan<\/span><br \/>\n<span style=\"font-family: tahoma, arial, helvetica, sans-serif\">1501 Sentier Gaylord<\/span><br \/>\n<span style=\"font-family: tahoma, arial, helvetica, sans-serif\">Grapevine, Texas 76051, \u00c9tats-Unis<\/span><\/div>\n<p><span style=\"font-family: tahoma, arial, helvetica, sans-serif\"><strong>Comment r\u00e9server votre chambre :\u00a0<\/strong><\/span><\/p>\n<p><span style=\"font-family: tahoma, arial, helvetica, sans-serif\"><a href=\"https:\/\/book.passkey.com\/go\/CADCA2023\" data-cke-saved-href=\"https:\/\/book.passkey.com\/go\/CADCA2023\">R\u00e9servation en ligne:<\/a><strong><a href=\"https:\/\/book.passkey.com\/go\/CADCA2023\" data-cke-saved-href=\"https:\/\/book.passkey.com\/go\/CADCA2023\">Cliquez ici<\/a><\/strong><a href=\"https:\/\/book.passkey.com\/go\/CADCA2023\" data-cke-saved-href=\"https:\/\/book.passkey.com\/go\/CADCA2023\">pour le service de r\u00e9servation en ligne.\u00a0<\/a><\/span><\/p>\n<p><span style=\"font-family: tahoma, arial, helvetica, sans-serif\">R\u00e9servez par t\u00e9l\u00e9phone\u00a0: pour les r\u00e9servations, appelez le 817-778-1000 et faites r\u00e9f\u00e9rence \u00e0 l&#039;Institut de formation en milieu d&#039;ann\u00e9e de la CADCA lors de la r\u00e9servation pour b\u00e9n\u00e9ficier du tarif sp\u00e9cial.*<\/span><\/p>\n<p>*Selon disponibilit\u00e9<\/p>\n<p><span style=\"font-family: tahoma, arial, helvetica, sans-serif\"><img loading=\"lazy\" decoding=\"async\" class=\"aligncenter wp-image-16728 size-full\" src=\"https:\/\/www.cadca.org\/wp-content\/uploads\/2023\/03\/MicrosoftTeams-image-1.png\" alt=\"\" width=\"450\" height=\"150\" srcset=\"https:\/\/www.cadca.org\/wp-content\/uploads\/2023\/03\/MicrosoftTeams-image-1.png 450w, https:\/\/www.cadca.org\/wp-content\/uploads\/2023\/03\/MicrosoftTeams-image-1-300x100.png 300w, https:\/\/www.cadca.org\/wp-content\/uploads\/2023\/03\/MicrosoftTeams-image-1-18x6.png 18w\" sizes=\"auto, (max-width: 450px) 100vw, 450px\" \/><\/span><\/p>\n<p><span style=\"font-family: tahoma, arial, helvetica, sans-serif\" data-cke-copybin-end=\"1\">\u200b<\/span><\/p>\n<p><span style=\"font-family: tahoma, arial, helvetica, sans-serif\"><em>*Tarif soumis \u00e0 une taxe nationale\/locale 13%. Le tarif est le m\u00eame pour une occupation simple\/double\/triple\/quadruple. Le tarif de la chambre comprend les frais de service Gaylord.\u00a0<\/em><\/span><\/p>\n<p><span style=\"font-family: tahoma, arial, helvetica, sans-serif\">**Les commodit\u00e9s des frais de vill\u00e9giature comprennent\u00a0:<\/span><\/p>\n<ul style=\"margin-left: 40px\">\n<li><span style=\"font-family: tahoma, arial, helvetica, sans-serif\">Acc\u00e8s Internet haut d\u00e9bit filaire et sans fil<\/span><\/li>\n<li><span style=\"font-family: tahoma, arial, helvetica, sans-serif\">Acc\u00e8s au centre de remise en forme et aux piscines du complexe<\/span><\/li>\n<li><span style=\"font-family: tahoma, arial, helvetica, sans-serif\">(2) bouteilles d&#039;eau par jour<\/span><\/li>\n<li><span style=\"font-family: tahoma, arial, helvetica, sans-serif\">Service de transport individuel \u00e0 prix r\u00e9duit, City of Grapevine Shuttle<\/span><\/li>\n<li><span style=\"font-family: tahoma, arial, helvetica, sans-serif\">Appels t\u00e9l\u00e9phoniques locaux (817)<\/span><\/li>\n<li><span style=\"font-family: tahoma, arial, helvetica, sans-serif\">Acc\u00e8s gratuit au parc aquatique Paradise Springs pour (4) personnes<\/span><\/li>\n<\/ul>\n<p><span style=\"font-family: tahoma, arial, helvetica, sans-serif\">Check-in : 15h<\/span><\/p>\n<p><span style=\"font-family: tahoma, arial, helvetica, sans-serif\">D\u00e9part : 11h<\/span><\/p>\n<p><span style=\"font-family: tahoma, arial, helvetica, sans-serif\"><em>Les clients arrivant avant l&#039;heure d&#039;enregistrement \u00e0 l&#039;h\u00f4tel seront log\u00e9s au fur et \u00e0 mesure que les chambres se lib\u00e8rent, mais ne peuvent \u00eatre garantis avant 15h00.<\/em><\/span><\/p>\n<hr \/>\n<p><strong>H\u00d4TELS \u00c0 D\u00c9BORDEMENT<\/strong><\/p>\n<p>Alors que le Gaylord Texan est actuellement \u00e9puis\u00e9, n&#039;h\u00e9sitez pas \u00e0 revenir avec eux au cas o\u00f9 l&#039;inventaire s&#039;ouvrirait.<\/p>\n<p>La CADCA a r\u00e9serv\u00e9 un nombre limit\u00e9 de chambres au Courtyard Dallas DFW Airport North\/Grapevine &amp; the Embassy Suites.<\/p>\n<p><strong>Courtyard Dallas DFW A\u00e9roport Nord\/Grapevine<\/strong><\/p>\n<p><span style=\"font-family: tahoma, arial, helvetica, sans-serif\">2200 Bass Pro Cour<\/span><br \/>\n<span style=\"font-family: tahoma, arial, helvetica, sans-serif\">Grapevine, Texas 76051, \u00c9tats-Unis<\/span><\/p>\n<p><strong><a href=\"https:\/\/nam02.safelinks.protection.outlook.com\/?url=https%3A%2F%2Fwww.marriott.com%2Fevent-reservations%2Freservation-link.mi%3Fid%3D1685395716927%26key%3DGRP%26app%3Dresvlink&amp;data=05%7C01%7Crugrinic%40cadca.org%7Cb67a26f34d904afc525308db65c55fcc%7C4523e3ee11314a6ca8a8b8a25ce02528%7C0%7C0%7C638215670644198116%7CUnknown%7CTWFpbGZsb3d8eyJWIjoiMC4wLjAwMDAiLCJQIjoiV2luMzIiLCJBTiI6Ik1haWwiLCJXVCI6Mn0%3D%7C3000%7C%7C%7C&amp;sdata=%2F24Yvi6A8MzO5lO6rMWZT00xCbKaL1VeM1l0JS2f6x0%3D&amp;reserved=0\">R\u00e9servez votre tarif groupe\/entreprise | Marriott International<\/a><\/strong><\/p>\n<p><strong>Embassy Suites by Hilton Grapevine\/DFW A\u00e9roport Nord<\/strong><\/p>\n<p><span style=\"font-family: tahoma, arial, helvetica, sans-serif\">2401 Entra\u00eenement Bass Pro<\/span><br \/>\n<span style=\"font-family: tahoma, arial, helvetica, sans-serif\">Grapevine, Texas 76051, \u00c9tats-Unis<\/span><\/p>\n<p><strong><a href=\"https:\/\/www.hilton.com\/en\/book\/reservation\/rooms\/?ctyhocn=DALEMES&amp;arrivalDate=2023-07-15&amp;departureDate=2023-07-21&amp;groupCode=901&amp;room1NumAdults=1&amp;cid=OM%2CWW%2CHILTONLINK%2CEN%2CDirectLink&amp;bm-verify=AAQAAAAH_____9xPNXPVlbYqfh1SIMGtDpVinlImZvVncOq2zWOByoku7xt-3zYrvMqeRPX4PICMyuNbiTnJzdvxUE6yhfrl_uXXk3ZPZUhqKz0SNvWvt_B9qN2YZyejAAs_vcJ9Ei1aNafhodotY4pJVcge1maRCAVSu3J54BwepVb5KLY01HNTjuiItUuO4aQXiMf-rplAt2WeOXz8zuQmocSPMDSCD8ps0-CN02D8aV0HvPTFMrejkEhEKUfRLl1hnaQBseD_8kTh62Frtz32fOBCHXkjbvw_R6RFSJXXmOn26815rmMSYjYI7PP6d6Q5mOF-c1zyQoL3GidZxPAyB65eO2w4yDIeXDLrczfG0ov3qs-AslwKLvbLJRfStl-ScQ4i5_S1Yz0E2v2yKtwVl2EbRKp5LGeOtGE_I_tBr_ukpdSivI2xrrCw4y6o_80mj2X-ISdf0okqlS-s54I99lY103XCkTbtPBGKuAfD_DUMbrbJM5Sp3mOvkIMnuK3N3tg\">R\u00e9servez votre r\u00e9servation<\/a><\/strong><\/p>\n<p>CADCA fournira une navette quotidienne pour les participants inscrits de ces 2 propri\u00e9t\u00e9s au Gaylord Texan.<\/p>\n<hr \/>\n<p><span style=\"font-family: tahoma, arial, helvetica, sans-serif\"><strong>VEUILLEZ NOTER:<\/strong> Si vous souhaitez payer votre s\u00e9jour \u00e0 l&#039;h\u00f4tel au Gaylord (uniquement) par ch\u00e8que, vous DEVEZ poster votre ch\u00e8que au moins 3 semaines avant la date d&#039;arriv\u00e9e.<\/span><\/p>\n<p><span style=\"font-family: tahoma, arial, helvetica, sans-serif\"><u>Envoyer \u00e0<\/u>\u00a0\u2013 \u00c0 l&#039;attention de\u00a0: Comptabilit\u00e9<\/span><\/p>\n<p><span style=\"font-family: tahoma, arial, helvetica, sans-serif\">Centre de vill\u00e9giature et de congr\u00e8s Gaylord Texan<\/span><br \/>\n<span style=\"font-family: tahoma, arial, helvetica, sans-serif\">1501 Sentier Gaylord<\/span><br \/>\n<span style=\"font-family: tahoma, arial, helvetica, sans-serif\">Vigne, TX 76051<\/span><\/p>\n<p><span style=\"font-family: tahoma, arial, helvetica, sans-serif\">***Politique d&#039;annulation de Gaylord\u00a0: Si l&#039;annulation compl\u00e8te d&#039;une r\u00e9servation accidentelle a lieu dans les 24 heures suivant l&#039;arriv\u00e9e pr\u00e9vue, des frais d&#039;annulation \u00e9quivalant \u00e0 une (1) nuit\u00e9e de revenu de chambre seront factur\u00e9s, \u00e0 l&#039;exception d&#039;une urgence personnelle ou m\u00e9dicale o\u00f9 la v\u00e9rification peut \u00eatre fourni. Les r\u00e9servations peuvent \u00eatre annul\u00e9es jusqu&#039;\u00e0 24 heures avant l&#039;arriv\u00e9e sans p\u00e9nalit\u00e9.<\/span><\/p>\n    <\/div>\n<\/section>","protected":false},"excerpt":{"rendered":"","protected":false},"author":23,"featured_media":0,"parent":18692,"menu_order":0,"comment_status":"closed","ping_status":"closed","template":"","meta":{"_acf_changed":false,"inline_featured_image":false,"footnotes":""},"class_list":["post-16726","page","type-page","status-publish","hentry"],"acf":[],"yoast_head":"<!-- This site is optimized with the Yoast SEO plugin v27.4 - https:\/\/yoast.com\/product\/yoast-seo-wordpress\/ -->\n<title>MYTI2023: Hotel and Travel | CADCA<\/title>\n<meta name=\"description\" content=\"CADCA represents over 7,000 community coalitions that involve individuals from key sectors including schools, law enforcement, youth, parents, healthcare, media, tribal communities and others\" \/>\n<meta name=\"robots\" content=\"index, follow, max-snippet:-1, max-image-preview:large, max-video-preview:-1\" \/>\n<link rel=\"canonical\" href=\"https:\/\/www.cadca.org\/fr\/myti2023\/hotelandtravel\/\" \/>\n<meta property=\"og:locale\" content=\"fr_FR\" \/>\n<meta property=\"og:type\" content=\"article\" \/>\n<meta property=\"og:title\" content=\"MYTI2023: Hotel and Travel | CADCA\" \/>\n<meta property=\"og:description\" content=\"CADCA represents over 7,000 community coalitions that involve individuals from key sectors including schools, law enforcement, youth, parents, healthcare, media, tribal communities and others\" \/>\n<meta property=\"og:url\" content=\"https:\/\/www.cadca.org\/fr\/myti2023\/hotelandtravel\/\" \/>\n<meta property=\"og:site_name\" content=\"CADCA\" \/>\n<meta property=\"article:modified_time\" content=\"2023-07-13T15:44:04+00:00\" \/>\n<meta property=\"og:image\" content=\"https:\/\/www.cadca.org\/wp-content\/uploads\/2022\/03\/cadca-member-of-logo1.jpg\" \/>\n\t<meta property=\"og:image:width\" content=\"880\" \/>\n\t<meta property=\"og:image:height\" content=\"500\" \/>\n\t<meta property=\"og:image:type\" content=\"image\/jpeg\" \/>\n<meta name=\"twitter:card\" content=\"summary_large_image\" \/>\n<script type=\"application\/ld+json\" class=\"yoast-schema-graph\">{\"@context\":\"https:\\\/\\\/schema.org\",\"@graph\":[{\"@type\":\"WebPage\",\"@id\":\"https:\\\/\\\/www.cadca.org\\\/myti2023\\\/hotelandtravel\\\/\",\"url\":\"https:\\\/\\\/www.cadca.org\\\/myti2023\\\/hotelandtravel\\\/\",\"name\":\"MYTI2023: Hotel and Travel | CADCA\",\"isPartOf\":{\"@id\":\"https:\\\/\\\/www.cadca.org\\\/#website\"},\"datePublished\":\"2023-03-07T18:26:49+00:00\",\"dateModified\":\"2023-07-13T15:44:04+00:00\",\"description\":\"CADCA represents over 7,000 community coalitions that involve individuals from key sectors including schools, law enforcement, youth, parents, healthcare, media, tribal communities and others\",\"breadcrumb\":{\"@id\":\"https:\\\/\\\/www.cadca.org\\\/myti2023\\\/hotelandtravel\\\/#breadcrumb\"},\"inLanguage\":\"fr-FR\",\"potentialAction\":[{\"@type\":\"ReadAction\",\"target\":[\"https:\\\/\\\/www.cadca.org\\\/myti2023\\\/hotelandtravel\\\/\"]}]},{\"@type\":\"BreadcrumbList\",\"@id\":\"https:\\\/\\\/www.cadca.org\\\/myti2023\\\/hotelandtravel\\\/#breadcrumb\",\"itemListElement\":[{\"@type\":\"ListItem\",\"position\":1,\"name\":\"Home\",\"item\":\"https:\\\/\\\/www.cadca.org\\\/\"},{\"@type\":\"ListItem\",\"position\":2,\"name\":\"MYTI2023\",\"item\":\"https:\\\/\\\/www.cadca.org\\\/myti2023\\\/\"},{\"@type\":\"ListItem\",\"position\":3,\"name\":\"MYTI2023: Hotel and Travel\"}]},{\"@type\":\"WebSite\",\"@id\":\"https:\\\/\\\/www.cadca.org\\\/#website\",\"url\":\"https:\\\/\\\/www.cadca.org\\\/\",\"name\":\"CADCA\",\"description\":\"The Premier Prevention Association\",\"potentialAction\":[{\"@type\":\"SearchAction\",\"target\":{\"@type\":\"EntryPoint\",\"urlTemplate\":\"https:\\\/\\\/www.cadca.org\\\/?s={search_term_string}\"},\"query-input\":{\"@type\":\"PropertyValueSpecification\",\"valueRequired\":true,\"valueName\":\"search_term_string\"}}],\"inLanguage\":\"fr-FR\"}]}<\/script>\n<!-- \/ Yoast SEO plugin. -->","yoast_head_json":{"title":"MYTI2023: Hotel and Travel | CADCA","description":"CADCA represents over 7,000 community coalitions that involve individuals from key sectors including schools, law enforcement, youth, parents, healthcare, media, tribal communities and others","robots":{"index":"index","follow":"follow","max-snippet":"max-snippet:-1","max-image-preview":"max-image-preview:large","max-video-preview":"max-video-preview:-1"},"canonical":"https:\/\/www.cadca.org\/fr\/myti2023\/hotelandtravel\/","og_locale":"fr_FR","og_type":"article","og_title":"MYTI2023: Hotel and Travel | CADCA","og_description":"CADCA represents over 7,000 community coalitions that involve individuals from key sectors including schools, law enforcement, youth, parents, healthcare, media, tribal communities and others","og_url":"https:\/\/www.cadca.org\/fr\/myti2023\/hotelandtravel\/","og_site_name":"CADCA","article_modified_time":"2023-07-13T15:44:04+00:00","og_image":[{"width":880,"height":500,"url":"https:\/\/www.cadca.org\/wp-content\/uploads\/2022\/03\/cadca-member-of-logo1.jpg","type":"image\/jpeg"}],"twitter_card":"summary_large_image","schema":{"@context":"https:\/\/schema.org","@graph":[{"@type":"WebPage","@id":"https:\/\/www.cadca.org\/myti2023\/hotelandtravel\/","url":"https:\/\/www.cadca.org\/myti2023\/hotelandtravel\/","name":"MYTI2023: Hotel and Travel | CADCA","isPartOf":{"@id":"https:\/\/www.cadca.org\/#website"},"datePublished":"2023-03-07T18:26:49+00:00","dateModified":"2023-07-13T15:44:04+00:00","description":"CADCA represents over 7,000 community coalitions that involve individuals from key sectors including schools, law enforcement, youth, parents, healthcare, media, tribal communities and others","breadcrumb":{"@id":"https:\/\/www.cadca.org\/myti2023\/hotelandtravel\/#breadcrumb"},"inLanguage":"fr-FR","potentialAction":[{"@type":"ReadAction","target":["https:\/\/www.cadca.org\/myti2023\/hotelandtravel\/"]}]},{"@type":"BreadcrumbList","@id":"https:\/\/www.cadca.org\/myti2023\/hotelandtravel\/#breadcrumb","itemListElement":[{"@type":"ListItem","position":1,"name":"Home","item":"https:\/\/www.cadca.org\/"},{"@type":"ListItem","position":2,"name":"MYTI2023","item":"https:\/\/www.cadca.org\/myti2023\/"},{"@type":"ListItem","position":3,"name":"MYTI2023: Hotel and Travel"}]},{"@type":"WebSite","@id":"https:\/\/www.cadca.org\/#website","url":"https:\/\/www.cadca.org\/","name":"CADCA","description":"The Premier Prevention Association","potentialAction":[{"@type":"SearchAction","target":{"@type":"EntryPoint","urlTemplate":"https:\/\/www.cadca.org\/?s={search_term_string}"},"query-input":{"@type":"PropertyValueSpecification","valueRequired":true,"valueName":"search_term_string"}}],"inLanguage":"fr-FR"}]}},"_links":{"self":[{"href":"https:\/\/www.cadca.org\/fr\/wp-json\/wp\/v2\/pages\/16726","targetHints":{"allow":["GET"]}}],"collection":[{"href":"https:\/\/www.cadca.org\/fr\/wp-json\/wp\/v2\/pages"}],"about":[{"href":"https:\/\/www.cadca.org\/fr\/wp-json\/wp\/v2\/types\/page"}],"author":[{"embeddable":true,"href":"https:\/\/www.cadca.org\/fr\/wp-json\/wp\/v2\/users\/23"}],"replies":[{"embeddable":true,"href":"https:\/\/www.cadca.org\/fr\/wp-json\/wp\/v2\/comments?post=16726"}],"version-history":[{"count":0,"href":"https:\/\/www.cadca.org\/fr\/wp-json\/wp\/v2\/pages\/16726\/revisions"}],"up":[{"embeddable":true,"href":"https:\/\/www.cadca.org\/fr\/wp-json\/wp\/v2\/pages\/18692"}],"wp:attachment":[{"href":"https:\/\/www.cadca.org\/fr\/wp-json\/wp\/v2\/media?parent=16726"}],"curies":[{"name":"wp","href":"https:\/\/api.w.org\/{rel}","templated":true}]}}