{"id":16532,"date":"2023-01-11T11:33:06","date_gmt":"2023-01-11T11:33:06","guid":{"rendered":"http:\/\/localhost:10028\/?page_id=16532"},"modified":"2024-04-16T14:22:17","modified_gmt":"2024-04-16T14:22:17","slug":"partner-with-cadca","status":"publish","type":"page","link":"https:\/\/www.cadca.org\/fr\/partner-with-cadca\/","title":{"rendered":"Partenaire avec CADCA"},"content":{"rendered":"<style media=\"all\" type=\"text\/css\">\n\n    \/* xs & sm (mobile) *\/\n    @media (max-width: 767.98px) {\n        }\n\n    \/* md (tablet) *\/\n    @media (min-width: 768px) and (max-width: 1199.98px) {\n        }\n\n    \/* lg (desktop) *\/\n    @media (min-width: 1200px) {\n        }\n\n    \/* custom styles *\/\n    \n    \n<\/style>\n<section class=\"side_image_rte block_4b69302b5c2c8964de89d37486b7090f\" id=\"block_4b69302b5c2c8964de89d37486b7090f\">\n    <div class=\"container\">\n\t            <div class=\"left-side\" >\n                        <h2>Partenaire avec CADCA<\/h2>\n<p>CADCA s&#039;associe \u00e0 des entreprises qui partagent notre passion - investir dans des communaut\u00e9s s\u00fbres, saines et sans drogue. Nos coalitions travaillent avec tous les secteurs d&#039;une communaut\u00e9 - des \u00e9coles, des adolescents et des parents au lieu de travail et aux professionnels de la sant\u00e9. Cela nous place dans une position unique pour d\u00e9velopper des initiatives visant \u00e0 atteindre ces publics cibles de mani\u00e8re significative.<\/p>\n<p>\nQue votre entreprise cherche \u00e0 avoir un impact positif sur la communaut\u00e9 dans laquelle vous vivez, travaillez et servez ou \u00e0 assurer une main-d&#039;\u0153uvre prosp\u00e8re pour notre avenir, CADCA con\u00e7oit des produits mutuellement b\u00e9n\u00e9fiques. <\/p>\n<p><a class=\"btn\" href=\"\/fr\/contact-us\/\">En savoir plus sur l&#039;assistance<\/a><\/p>\n                    <\/div>\n\n        <div class=\"right-side\"  style='background: url(\"https:\/\/www.cadca.org\/wp-content\/uploads\/2023\/01\/PartnerWithCadca_main-photo.webp\"); aspect-ratio: 1.1272727272727;' >\n                    <\/div>\n\n    <\/div>\n<\/section>\n\n\n<section id=\"block_fd315502008dc99f5397a54d92b83b67\" class=\"cadca-partners\">\n    <div class=\"container\">\n        <div class=\"cadca-partners_group\">\n            <h2 class=\"cadca-partners_group_title\"><span>Commanditaires et partenaires actuels<\/span><\/h2>\n            <p class=\"cadca-partners_group_sub-title\">Qu&#039;est-ce qu&#039;un partenariat avec nous peut vous apporter ?<\/p>\n\n            <div class=\"partners-tabs\">\n                <ul class=\"partners-tabs_tabs\">\n                                                    <li class=\"partners-tabs_tabs_item\">\n                                    <a href=\"#partners-tabs-content-block_fd315502008dc99f5397a54d92b83b67-0\" class=\"partners-tabs_tabs_item_link active-tab-item\">\n                                        Partenariats industriels                                    <\/a>\n                                <\/li>\n                                                                <li class=\"partners-tabs_tabs_item\">\n                                    <a href=\"#partners-tabs-content-block_fd315502008dc99f5397a54d92b83b67-1\" class=\"partners-tabs_tabs_item_link\">\n                                        Partenaires f\u00e9d\u00e9raux                                    <\/a>\n                                <\/li>\n                                                <\/ul>\n                <div class=\"partners-tabs_content\">\n                                                <div id=\"partners-tabs-content-block_fd315502008dc99f5397a54d92b83b67-0\" class=\"partners-tabs_content_item active-tab-item\">\n                                <img decoding=\"async\" src=\"https:\/\/www.cadca.org\/wp-content\/uploads\/2023\/01\/IndustryPartnerships.webp\" alt=\"IndustryPartnerships\" class=\"partners-tabs_content_item_img\" \/><p>En vous associant \u00e0 CADCA, vous pouvez\u00a0:<\/p>\r\n<ul>\r\n    <li>Soutenez la campagne Drug-Free Kids de CADCA, le National Leadership Forum, l&#039;Institut de formation de mi-ann\u00e9e, le National Medicine Abuse Awareness Month (NMAAM) et d&#039;autres activit\u00e9s et campagnes de formation. Cr\u00e9ez des projets mutuellement b\u00e9n\u00e9fiques qui soutiennent et construisent des coalitions communautaires efficaces \u00e0 travers les \u00c9tats-Unis.<\/li>\r\n<li>Aidez-nous \u00e0 cr\u00e9er et \u00e0 diffuser des formations et du mat\u00e9riel sur des sujets tels que la sensibilisation \u00e0 la pr\u00e9vention de la toxicomanie et la promotion de communaut\u00e9s saines<\/li>\r\n<li>Aidez-nous \u00e0 fournir une formation et une assistance technique aux coalitions alors qu&#039;elles \u00e9laborent des strat\u00e9gies pour assurer la s\u00e9curit\u00e9 et l&#039;absence de drogue de leurs jeunes, de leurs familles et de leurs communaut\u00e9s<\/li>\r\n<\/ul>\r\n\r\n                            <\/div>\n                                                        <div id=\"partners-tabs-content-block_fd315502008dc99f5397a54d92b83b67-1\" class=\"partners-tabs_content_item\">\n                                <img decoding=\"async\" src=\"https:\/\/www.cadca.org\/wp-content\/uploads\/2023\/01\/FederalPartners.webp\" alt=\"FederalPartners\" class=\"partners-tabs_content_item_img\" \/><p>La CADCA entretient des relations mutuellement b\u00e9n\u00e9fiques avec plusieurs agences et minist\u00e8res f\u00e9d\u00e9raux. Nos partenaires f\u00e9d\u00e9raux nous fournissent un leadership national sur les probl\u00e8mes li\u00e9s \u00e0 la toxicomanie et \u00e0 la toxicomanie et collaborent avec nous \u00e0 diverses activit\u00e9s. \u00c0 son tour, CADCA donne acc\u00e8s au champ de la coalition communautaire et offre des commentaires au nom de nos membres. Vous trouverez ci-dessous des exemples de fa\u00e7ons dont nos partenaires f\u00e9d\u00e9raux appuient notre travail :<\/p>\r\n<ul>\r\n    <li>Fournir un soutien pour notre Forum national du leadership et d&#039;autres \u00e9v\u00e9nements de formation Aidez-nous \u00e0 cr\u00e9er et \u00e0 diffuser des documents cibl\u00e9s sur l&#039;abus d&#039;alcool et d&#039;autres drogues et les strat\u00e9gies d&#039;intervention<\/li>\r\n   <li>Aider \u00e0 soutenir les principales activit\u00e9s de communication, y compris Coalitions Online et CADCA TV<\/li>\r\n  <li>Soutenez nos efforts pour construire des coalitions communautaires efficaces \u00e0 travers les \u00c9tats-Unis<\/li>\r\n<\/ul>\r\n\r\n<h3>Partenaires f\u00e9d\u00e9raux<\/h3>\r\n<ul class='federal-partners-list'>\r\n<li><a href=\"#\">Centre de contr\u00f4le et de pr\u00e9vention des maladies<\/a><\/li>\r\n<li><a href=\"#\">Administration de lutte contre la drogue (DEA)<\/a><\/li>\r\n<li><a href=\"#\">Programme de formation du groupe de travail multijuridictionnel sur la lutte contre la drogue (MCTFT)\/St. Coll\u00e8ge de Saint-P\u00e9tersbourg<\/a><\/li>\r\n<li><a href=\"#\">garde national<\/a><\/li>\r\n<li><a href=\"#\">Administration nationale de la circulation routi\u00e8re et de la s\u00e9curit\u00e9<\/a><\/li>\r\n<li><a href=\"#\">Institut national sur l&#039;alcoolisme et l&#039;abus d&#039;alcool<\/a><\/li>\r\n<li><a href=\"#\">Institut national sur l&#039;abus des drogues<\/a><\/li>\r\n<li><a href=\"#\">Office de la politique nationale de contr\u00f4le des drogues (ONDCP)<\/a><\/li>\r\n<li><a href=\"#\">Administration des services de toxicomanie et de sant\u00e9 mentale<\/a><\/li>\r\n<li><a href=\"#\">Centre de pr\u00e9vention de la toxicomanie de SAMHSA<\/a><\/li>\r\n<li><a href=\"#\">Centre de traitement de la toxicomanie de SAMHSA<\/a><\/li>\r\n<li><a href=\"#\">D\u00e9partement am\u00e9ricain de l&#039;\u00e9ducation<\/a><\/li>\r\n<li><a href=\"#\">D\u00e9partement am\u00e9ricain de la sant\u00e9 et des services sociaux (HHS)<\/a><\/li>\r\n<li><a href=\"#\">D\u00e9partement am\u00e9ricain de la sant\u00e9 et des services sociaux, Bureau de la pr\u00e9vention des maladies et de la sant\u00e9<\/a><\/li>\r\n<li><a href=\"#\">D\u00e9partement am\u00e9ricain de la s\u00e9curit\u00e9 int\u00e9rieure, US Immigration and Customs Enforcement<\/a><\/li>\r\n<li><a href=\"#\">D\u00e9partement de la justice des \u00c9tats-Unis, Bureau des programmes de justice, Bureau de d\u00e9veloppement des capacit\u00e9s communautaires<\/a><\/li>\r\n<li><a href=\"#\">Partenaires de travail du D\u00e9partement du travail des \u00c9tats-Unis pour un programme sur les lieux de travail sans alcool ni drogue<\/a><\/li>\r\n<li><a href=\"#\">D\u00e9partement d&#039;\u00c9tat am\u00e9ricain, International Narcotics &amp; Law Enforcement (INL)<\/a><\/li>\r\n<\/ul>\r\n\r\n\r\n\r\n\r\n\r\n\r\n\r\n                            <\/div>\n                            \n                <\/div>\n            <\/div>\n        <\/div>\n    <\/div>\n    <script>\n        window.addEventListener('DOMContentLoaded',()=>{\n            cadcaPartnersTabs({\n                tabsSelector: '#block_fd315502008dc99f5397a54d92b83b67 .partners-tabs_tabs_item_link',\n                contentSelector: '#block_fd315502008dc99f5397a54d92b83b67 .partners-tabs_content_item',\n                cssActiveClass: 'active-tab-item'\n            })\n        })\n    <\/script>\n<\/section>\n\n\n<style media=\"all\" type=\"text\/css\">\n\n    \/* xs & sm (mobile) *\/\n    @media (max-width: 767.98px) {\n        }\n\n    \/* md (tablet) *\/\n    @media (min-width: 768px) and (max-width: 1199.98px) {\n        }\n\n    \/* lg (desktop) *\/\n    @media (min-width: 1200px) {\n        }\n\n    \/* custom styles *\/\n    \n<\/style>\n<section class=\"logo_dash block_1cbae164541b40de4fbcd7a355c3e220\" id=\"block_1cbae164541b40de4fbcd7a355c3e220\">\n    <div class=\"container\">\n        <h2><span>Nous sommes dans le m\u00eame bateau<\/span><\/h2>\n        <div class=\"logos-wrapper\">\n                        <div class=\"logo-wrapper\">\n                <img loading=\"lazy\" decoding=\"async\" width=\"822\" height=\"308\" src=\"https:\/\/www.cadca.org\/wp-content\/uploads\/2023\/05\/State.png\" class=\"attachment-full size-full\" alt=\"\" srcset=\"https:\/\/www.cadca.org\/wp-content\/uploads\/2023\/05\/State.png 822w, https:\/\/www.cadca.org\/wp-content\/uploads\/2023\/05\/State-300x112.png 300w, https:\/\/www.cadca.org\/wp-content\/uploads\/2023\/05\/State-768x288.png 768w, https:\/\/www.cadca.org\/wp-content\/uploads\/2023\/05\/State-18x7.png 18w\" sizes=\"auto, (max-width: 822px) 100vw, 822px\" \/>            <\/div>\n                        <div class=\"logo-wrapper\">\n                <img loading=\"lazy\" decoding=\"async\" width=\"532\" height=\"147\" src=\"https:\/\/www.cadca.org\/wp-content\/uploads\/2023\/05\/indivior-logo.svg\" class=\"attachment-full size-full\" alt=\"\" \/>            <\/div>\n                        <div class=\"logo-wrapper\">\n                <img loading=\"lazy\" decoding=\"async\" width=\"2000\" height=\"1500\" src=\"https:\/\/www.cadca.org\/wp-content\/uploads\/2023\/05\/Walmart.jpg\" class=\"attachment-full size-full\" alt=\"\" srcset=\"https:\/\/www.cadca.org\/wp-content\/uploads\/2023\/05\/Walmart.jpg 2000w, https:\/\/www.cadca.org\/wp-content\/uploads\/2023\/05\/Walmart-300x225.jpg 300w, https:\/\/www.cadca.org\/wp-content\/uploads\/2023\/05\/Walmart-1024x768.jpg 1024w, https:\/\/www.cadca.org\/wp-content\/uploads\/2023\/05\/Walmart-768x576.jpg 768w, https:\/\/www.cadca.org\/wp-content\/uploads\/2023\/05\/Walmart-1536x1152.jpg 1536w, https:\/\/www.cadca.org\/wp-content\/uploads\/2023\/05\/Walmart-16x12.jpg 16w\" sizes=\"auto, (max-width: 2000px) 100vw, 2000px\" \/>            <\/div>\n                        <div class=\"logo-wrapper\">\n                <img loading=\"lazy\" decoding=\"async\" width=\"465\" height=\"49\" src=\"https:\/\/www.cadca.org\/wp-content\/uploads\/2022\/02\/JJ-color-1.png\" class=\"attachment-full size-full\" alt=\"\" srcset=\"https:\/\/www.cadca.org\/wp-content\/uploads\/2022\/02\/JJ-color-1.png 465w, https:\/\/www.cadca.org\/wp-content\/uploads\/2022\/02\/JJ-color-1-300x32.png 300w, https:\/\/www.cadca.org\/wp-content\/uploads\/2022\/02\/JJ-color-1-18x2.png 18w\" sizes=\"auto, (max-width: 465px) 100vw, 465px\" \/>            <\/div>\n                        <div class=\"logo-wrapper\">\n                <img loading=\"lazy\" decoding=\"async\" width=\"1000\" height=\"102\" src=\"https:\/\/www.cadca.org\/wp-content\/uploads\/2023\/05\/AB_Logo_Standard_Blue_RGB-002-002.png\" class=\"attachment-full size-full\" alt=\"\" srcset=\"https:\/\/www.cadca.org\/wp-content\/uploads\/2023\/05\/AB_Logo_Standard_Blue_RGB-002-002.png 1000w, https:\/\/www.cadca.org\/wp-content\/uploads\/2023\/05\/AB_Logo_Standard_Blue_RGB-002-002-300x31.png 300w, https:\/\/www.cadca.org\/wp-content\/uploads\/2023\/05\/AB_Logo_Standard_Blue_RGB-002-002-768x78.png 768w, https:\/\/www.cadca.org\/wp-content\/uploads\/2023\/05\/AB_Logo_Standard_Blue_RGB-002-002-18x2.png 18w\" sizes=\"auto, (max-width: 1000px) 100vw, 1000px\" \/>            <\/div>\n                        <div class=\"logo-wrapper\">\n                <img loading=\"lazy\" decoding=\"async\" width=\"196\" height=\"51\" src=\"https:\/\/www.cadca.org\/wp-content\/uploads\/2023\/05\/NIAAA.png\" class=\"attachment-full size-full\" alt=\"\" srcset=\"https:\/\/www.cadca.org\/wp-content\/uploads\/2023\/05\/NIAAA.png 196w, https:\/\/www.cadca.org\/wp-content\/uploads\/2023\/05\/NIAAA-18x5.png 18w\" sizes=\"auto, (max-width: 196px) 100vw, 196px\" \/>            <\/div>\n                        <div class=\"logo-wrapper\">\n                <img loading=\"lazy\" decoding=\"async\" width=\"248\" height=\"124\" src=\"https:\/\/www.cadca.org\/wp-content\/uploads\/2023\/05\/CHPA.png\" class=\"attachment-full size-full\" alt=\"\" srcset=\"https:\/\/www.cadca.org\/wp-content\/uploads\/2023\/05\/CHPA.png 248w, https:\/\/www.cadca.org\/wp-content\/uploads\/2023\/05\/CHPA-18x9.png 18w\" sizes=\"auto, (max-width: 248px) 100vw, 248px\" \/>            <\/div>\n                        <div class=\"logo-wrapper\">\n                <img loading=\"lazy\" decoding=\"async\" width=\"313\" height=\"41\" src=\"https:\/\/www.cadca.org\/wp-content\/uploads\/2023\/05\/NIDA.png\" class=\"attachment-full size-full\" alt=\"\" srcset=\"https:\/\/www.cadca.org\/wp-content\/uploads\/2023\/05\/NIDA.png 313w, https:\/\/www.cadca.org\/wp-content\/uploads\/2023\/05\/NIDA-300x39.png 300w, https:\/\/www.cadca.org\/wp-content\/uploads\/2023\/05\/NIDA-18x2.png 18w\" sizes=\"auto, (max-width: 313px) 100vw, 313px\" \/>            <\/div>\n                        <div class=\"logo-wrapper\">\n                <img loading=\"lazy\" decoding=\"async\" width=\"300\" height=\"77\" src=\"https:\/\/www.cadca.org\/wp-content\/uploads\/2023\/05\/AlkermesLogo300.gif\" class=\"attachment-full size-full\" alt=\"\" \/>            <\/div>\n                        <div class=\"logo-wrapper\">\n                <img loading=\"lazy\" decoding=\"async\" width=\"137\" height=\"120\" src=\"https:\/\/www.cadca.org\/wp-content\/uploads\/2023\/05\/NABCA-1.png\" class=\"attachment-full size-full\" alt=\"\" srcset=\"https:\/\/www.cadca.org\/wp-content\/uploads\/2023\/05\/NABCA-1.png 137w, https:\/\/www.cadca.org\/wp-content\/uploads\/2023\/05\/NABCA-1-14x12.png 14w\" sizes=\"auto, (max-width: 137px) 100vw, 137px\" \/>            <\/div>\n                        <div class=\"logo-wrapper\">\n                <img loading=\"lazy\" decoding=\"async\" width=\"153\" height=\"157\" src=\"https:\/\/www.cadca.org\/wp-content\/uploads\/2022\/02\/deterra-color-1.png\" class=\"attachment-full size-full\" alt=\"\" srcset=\"https:\/\/www.cadca.org\/wp-content\/uploads\/2022\/02\/deterra-color-1.png 153w, https:\/\/www.cadca.org\/wp-content\/uploads\/2022\/02\/deterra-color-1-12x12.png 12w\" sizes=\"auto, (max-width: 153px) 100vw, 153px\" \/>            <\/div>\n                        <div class=\"logo-wrapper\">\n                <img loading=\"lazy\" decoding=\"async\" width=\"453\" height=\"111\" src=\"https:\/\/www.cadca.org\/wp-content\/uploads\/2023\/05\/Leidos.png\" class=\"attachment-full size-full\" alt=\"\" srcset=\"https:\/\/www.cadca.org\/wp-content\/uploads\/2023\/05\/Leidos.png 453w, https:\/\/www.cadca.org\/wp-content\/uploads\/2023\/05\/Leidos-300x74.png 300w, https:\/\/www.cadca.org\/wp-content\/uploads\/2023\/05\/Leidos-18x4.png 18w\" sizes=\"auto, (max-width: 453px) 100vw, 453px\" \/>            <\/div>\n                        <div class=\"logo-wrapper\">\n                <img loading=\"lazy\" decoding=\"async\" width=\"360\" height=\"180\" src=\"https:\/\/www.cadca.org\/wp-content\/uploads\/2023\/05\/Emergent.png\" class=\"attachment-full size-full\" alt=\"\" srcset=\"https:\/\/www.cadca.org\/wp-content\/uploads\/2023\/05\/Emergent.png 360w, https:\/\/www.cadca.org\/wp-content\/uploads\/2023\/05\/Emergent-300x150.png 300w, https:\/\/www.cadca.org\/wp-content\/uploads\/2023\/05\/Emergent-18x9.png 18w\" sizes=\"auto, (max-width: 360px) 100vw, 360px\" \/>            <\/div>\n                        <div class=\"logo-wrapper\">\n                <img loading=\"lazy\" decoding=\"async\" width=\"110\" height=\"110\" src=\"https:\/\/www.cadca.org\/wp-content\/uploads\/2023\/05\/ONDCP.png\" class=\"attachment-full size-full\" alt=\"\" srcset=\"https:\/\/www.cadca.org\/wp-content\/uploads\/2023\/05\/ONDCP.png 110w, https:\/\/www.cadca.org\/wp-content\/uploads\/2023\/05\/ONDCP-12x12.png 12w\" sizes=\"auto, (max-width: 110px) 100vw, 110px\" \/>            <\/div>\n                        <div class=\"logo-wrapper\">\n                <img loading=\"lazy\" decoding=\"async\" width=\"166\" height=\"56\" src=\"https:\/\/www.cadca.org\/wp-content\/uploads\/2023\/05\/SAMHSA-2.png\" class=\"attachment-full size-full\" alt=\"\" srcset=\"https:\/\/www.cadca.org\/wp-content\/uploads\/2023\/05\/SAMHSA-2.png 166w, https:\/\/www.cadca.org\/wp-content\/uploads\/2023\/05\/SAMHSA-2-18x6.png 18w\" sizes=\"auto, (max-width: 166px) 100vw, 166px\" \/>            <\/div>\n                        <div class=\"logo-wrapper\">\n                <img loading=\"lazy\" decoding=\"async\" width=\"110\" height=\"110\" src=\"https:\/\/www.cadca.org\/wp-content\/uploads\/2023\/05\/DEA-1.png\" class=\"attachment-full size-full\" alt=\"\" srcset=\"https:\/\/www.cadca.org\/wp-content\/uploads\/2023\/05\/DEA-1.png 110w, https:\/\/www.cadca.org\/wp-content\/uploads\/2023\/05\/DEA-1-12x12.png 12w\" sizes=\"auto, (max-width: 110px) 100vw, 110px\" \/>            <\/div>\n                    <\/div>\n                <div class=\"btn-wrapper\">\n            <a href=\"https:\/\/www.cadca.org\/en\/partner-with-cadca\/\"                class=\"btn-star\">Opportunit\u00e9s de partenariat<\/a>\n        <\/div>\n    <\/div>\n<\/section>","protected":false},"excerpt":{"rendered":"","protected":false},"author":2,"featured_media":0,"parent":0,"menu_order":0,"comment_status":"closed","ping_status":"closed","template":"","meta":{"_acf_changed":false,"inline_featured_image":false,"footnotes":""},"class_list":["post-16532","page","type-page","status-publish","hentry"],"acf":[],"yoast_head":"<!-- This site is optimized with the Yoast SEO plugin v26.8 - https:\/\/yoast.com\/product\/yoast-seo-wordpress\/ -->\n<title>Partner with CADCA | CADCA<\/title>\n<meta name=\"description\" content=\"CADCA represents over 7,000 community coalitions that involve individuals from key sectors including schools, law enforcement, youth, parents, healthcare, media, tribal communities and others\" \/>\n<meta name=\"robots\" content=\"index, follow, max-snippet:-1, max-image-preview:large, max-video-preview:-1\" \/>\n<link rel=\"canonical\" href=\"https:\/\/www.cadca.org\/fr\/partner-with-cadca\/\" \/>\n<meta property=\"og:locale\" content=\"fr_FR\" \/>\n<meta property=\"og:type\" content=\"article\" \/>\n<meta property=\"og:title\" content=\"Partner with CADCA | CADCA\" \/>\n<meta property=\"og:description\" content=\"CADCA represents over 7,000 community coalitions that involve individuals from key sectors including schools, law enforcement, youth, parents, healthcare, media, tribal communities and others\" \/>\n<meta property=\"og:url\" content=\"https:\/\/www.cadca.org\/fr\/partner-with-cadca\/\" \/>\n<meta property=\"og:site_name\" content=\"CADCA\" \/>\n<meta property=\"article:modified_time\" content=\"2024-04-16T14:22:17+00:00\" \/>\n<meta property=\"og:image\" content=\"https:\/\/www.cadca.org\/wp-content\/uploads\/2022\/03\/cadca-member-of-logo1.jpg\" \/>\n\t<meta property=\"og:image:width\" content=\"880\" \/>\n\t<meta property=\"og:image:height\" content=\"500\" \/>\n\t<meta property=\"og:image:type\" content=\"image\/jpeg\" \/>\n<meta name=\"twitter:card\" content=\"summary_large_image\" \/>\n<script type=\"application\/ld+json\" class=\"yoast-schema-graph\">{\"@context\":\"https:\/\/schema.org\",\"@graph\":[{\"@type\":\"WebPage\",\"@id\":\"https:\/\/www.cadca.org\/partner-with-cadca\/\",\"url\":\"https:\/\/www.cadca.org\/partner-with-cadca\/\",\"name\":\"Partner with CADCA | CADCA\",\"isPartOf\":{\"@id\":\"https:\/\/www.cadca.org\/#website\"},\"datePublished\":\"2023-01-11T11:33:06+00:00\",\"dateModified\":\"2024-04-16T14:22:17+00:00\",\"description\":\"CADCA represents over 7,000 community coalitions that involve individuals from key sectors including schools, law enforcement, youth, parents, healthcare, media, tribal communities and others\",\"breadcrumb\":{\"@id\":\"https:\/\/www.cadca.org\/partner-with-cadca\/#breadcrumb\"},\"inLanguage\":\"fr-FR\",\"potentialAction\":[{\"@type\":\"ReadAction\",\"target\":[\"https:\/\/www.cadca.org\/partner-with-cadca\/\"]}]},{\"@type\":\"BreadcrumbList\",\"@id\":\"https:\/\/www.cadca.org\/partner-with-cadca\/#breadcrumb\",\"itemListElement\":[{\"@type\":\"ListItem\",\"position\":1,\"name\":\"Home\",\"item\":\"https:\/\/www.cadca.org\/\"},{\"@type\":\"ListItem\",\"position\":2,\"name\":\"Partner with CADCA\"}]},{\"@type\":\"WebSite\",\"@id\":\"https:\/\/www.cadca.org\/#website\",\"url\":\"https:\/\/www.cadca.org\/\",\"name\":\"CADCA\",\"description\":\"The Premier Prevention Association\",\"potentialAction\":[{\"@type\":\"SearchAction\",\"target\":{\"@type\":\"EntryPoint\",\"urlTemplate\":\"https:\/\/www.cadca.org\/?s={search_term_string}\"},\"query-input\":{\"@type\":\"PropertyValueSpecification\",\"valueRequired\":true,\"valueName\":\"search_term_string\"}}],\"inLanguage\":\"fr-FR\"}]}<\/script>\n<!-- \/ Yoast SEO plugin. -->","yoast_head_json":{"title":"Partner with CADCA | CADCA","description":"CADCA represents over 7,000 community coalitions that involve individuals from key sectors including schools, law enforcement, youth, parents, healthcare, media, tribal communities and others","robots":{"index":"index","follow":"follow","max-snippet":"max-snippet:-1","max-image-preview":"max-image-preview:large","max-video-preview":"max-video-preview:-1"},"canonical":"https:\/\/www.cadca.org\/fr\/partner-with-cadca\/","og_locale":"fr_FR","og_type":"article","og_title":"Partner with CADCA | CADCA","og_description":"CADCA represents over 7,000 community coalitions that involve individuals from key sectors including schools, law enforcement, youth, parents, healthcare, media, tribal communities and others","og_url":"https:\/\/www.cadca.org\/fr\/partner-with-cadca\/","og_site_name":"CADCA","article_modified_time":"2024-04-16T14:22:17+00:00","og_image":[{"width":880,"height":500,"url":"https:\/\/www.cadca.org\/wp-content\/uploads\/2022\/03\/cadca-member-of-logo1.jpg","type":"image\/jpeg"}],"twitter_card":"summary_large_image","schema":{"@context":"https:\/\/schema.org","@graph":[{"@type":"WebPage","@id":"https:\/\/www.cadca.org\/partner-with-cadca\/","url":"https:\/\/www.cadca.org\/partner-with-cadca\/","name":"Partner with CADCA | CADCA","isPartOf":{"@id":"https:\/\/www.cadca.org\/#website"},"datePublished":"2023-01-11T11:33:06+00:00","dateModified":"2024-04-16T14:22:17+00:00","description":"CADCA represents over 7,000 community coalitions that involve individuals from key sectors including schools, law enforcement, youth, parents, healthcare, media, tribal communities and others","breadcrumb":{"@id":"https:\/\/www.cadca.org\/partner-with-cadca\/#breadcrumb"},"inLanguage":"fr-FR","potentialAction":[{"@type":"ReadAction","target":["https:\/\/www.cadca.org\/partner-with-cadca\/"]}]},{"@type":"BreadcrumbList","@id":"https:\/\/www.cadca.org\/partner-with-cadca\/#breadcrumb","itemListElement":[{"@type":"ListItem","position":1,"name":"Home","item":"https:\/\/www.cadca.org\/"},{"@type":"ListItem","position":2,"name":"Partner with CADCA"}]},{"@type":"WebSite","@id":"https:\/\/www.cadca.org\/#website","url":"https:\/\/www.cadca.org\/","name":"CADCA","description":"The Premier Prevention Association","potentialAction":[{"@type":"SearchAction","target":{"@type":"EntryPoint","urlTemplate":"https:\/\/www.cadca.org\/?s={search_term_string}"},"query-input":{"@type":"PropertyValueSpecification","valueRequired":true,"valueName":"search_term_string"}}],"inLanguage":"fr-FR"}]}},"_links":{"self":[{"href":"https:\/\/www.cadca.org\/fr\/wp-json\/wp\/v2\/pages\/16532","targetHints":{"allow":["GET"]}}],"collection":[{"href":"https:\/\/www.cadca.org\/fr\/wp-json\/wp\/v2\/pages"}],"about":[{"href":"https:\/\/www.cadca.org\/fr\/wp-json\/wp\/v2\/types\/page"}],"author":[{"embeddable":true,"href":"https:\/\/www.cadca.org\/fr\/wp-json\/wp\/v2\/users\/2"}],"replies":[{"embeddable":true,"href":"https:\/\/www.cadca.org\/fr\/wp-json\/wp\/v2\/comments?post=16532"}],"version-history":[{"count":0,"href":"https:\/\/www.cadca.org\/fr\/wp-json\/wp\/v2\/pages\/16532\/revisions"}],"wp:attachment":[{"href":"https:\/\/www.cadca.org\/fr\/wp-json\/wp\/v2\/media?parent=16532"}],"curies":[{"name":"wp","href":"https:\/\/api.w.org\/{rel}","templated":true}]}}