{"id":4089,"date":"2022-04-14T11:03:33","date_gmt":"2022-04-14T11:03:33","guid":{"rendered":"http:\/\/localhost:10028\/?page_id=4089"},"modified":"2023-08-01T20:52:37","modified_gmt":"2023-08-01T20:52:37","slug":"e-learning","status":"publish","type":"page","link":"https:\/\/www.cadca.org\/es\/e-learning\/","title":{"rendered":"E-learning"},"content":{"rendered":"<style media=\"all\" type=\"text\/css\">\n\n    \/* xs & sm (mobile) *\/\n    @media (max-width: 767.98px) {\n        }\n\n    \/* md (tablet) *\/\n    @media (min-width: 768px) and (max-width: 1199.98px) {\n        }\n\n    \/* lg (desktop) *\/\n    @media (min-width: 1200px) {\n        }\n\n    \/* custom styles *\/\n    <\/style>\n<section class=\"e-learning block_36496f87511fcc59af5693ac296dca27\" id=\"block_36496f87511fcc59af5693ac296dca27\">\n    <div class=\"e-learning__container\">\n        <div class='e-learning__text'>\n            <h5>Oportunidades de aprendizaje electr\u00f3nico<\/h5>\n<p><a href=\"https:\/\/cadca.docebosaas.com\/\">Ir a Cursos en L\u00ednea<\/a><\/p>\n<p>En pocas palabras, el e-learning es aprendizaje electr\u00f3nico y, por lo general, esto significa usar una computadora para brindar parte o la totalidad de una experiencia de aprendizaje. Hay varios beneficios para el aprendizaje electr\u00f3nico, ya sea para usted o para las partes interesadas de su coalici\u00f3n. Exploremos algunos de ellos.<\/p>\n<p>\u2022\u00a0\u00a0 \u00a0<strong>Es rentable y ahorra tiempo:<\/strong> CADCA entiende que las coaliciones tienen presupuestos limitados para eventos de capacitaci\u00f3n. Al reducir el tiempo fuera de la oficina, eliminar los costos de viaje y las opciones para imprimir materiales, el aprendizaje electr\u00f3nico ayuda a ahorrar dinero y aumentar la productividad en el lugar de trabajo.<br \/>\n\u2022\u00a0\u00a0 \u00a0<strong>M\u00e1s partes interesadas pueden aprovechar:<\/strong> Debido a la rentabilidad y el f\u00e1cil acceso, es posible que todo el personal y los socios de la coalici\u00f3n participen en sesiones de aprendizaje electr\u00f3nico. Apreciar\u00e1n la oportunidad de aprender de primera mano y obtener desarrollo profesional.<br \/>\n\u2022\u00a0\u00a0 \u00a0<strong>Aprendizaje 24\/7, en cualquier lugar:<\/strong> Las partes interesadas de la coalici\u00f3n pueden completar la mayor\u00eda de las sesiones de aprendizaje electr\u00f3nico cuando y donde lo deseen. Pueden iniciar y detener sesiones y volver a donde las dejaron sin problemas. Dependiendo de la oportunidad de aprendizaje electr\u00f3nico, el m\u00f3dulo de aprendizaje promedio es de 30 minutos a 1,5 horas a la vez.<br \/>\n\u2022\u00a0\u00a0 <strong>\u00a0La documentaci\u00f3n de asistencia todav\u00eda es posible:<\/strong> Un aspecto importante del uso de computadoras para el aprendizaje es que se realiza un seguimiento del progreso y se proporciona autom\u00e1ticamente la documentaci\u00f3n de la participaci\u00f3n de cada alumno. Para las sesiones que no se rastrean, CADCA generalmente a\u00fan puede confirmar la asistencia y proporcionar una carta de participaci\u00f3n.<br \/>\n\u2022\u00a0\u00a0 \u00a0<strong>es discreto: <\/strong>No todos se sienten c\u00f3modos aprendiendo en un grupo grande, o tienen miedo de hacer preguntas sobre el contenido que encuentran dif\u00edcil cuando otros parecen entenderlo f\u00e1cilmente. El aprendizaje electr\u00f3nico permite a los alumnos abordar el tema a su propio ritmo, con tareas interactivas para garantizar una comprensi\u00f3n completa en todo momento.<\/p>\n<p>Actualmente, CADCA ofrece dos tipos de experiencias de aprendizaje electr\u00f3nico, cursos en l\u00ednea autodirigidos y seminarios web informativos. Estamos explorando cursos de aprendizaje electr\u00f3nico sincr\u00f3nicos que ser\u00edan similares a los programas en l\u00ednea de nivel de educaci\u00f3n superior.<\/p>\n<p style=\"text-align: center\"><span style=\"font-size: 20px\"><strong>Curso destacado<\/strong><\/span><\/p>\n<p style=\"text-align: center\"><a href=\"https:\/\/cadca.docebosaas.com\/learn\/learning_plan\/view\/3\/transforming-your-community\"><img loading=\"lazy\" decoding=\"async\" class=\"aligncenter wp-image-19752\" src=\"https:\/\/www.cadca.org\/wp-content\/uploads\/2023\/08\/tycgraphicuse-300x150.png\" alt=\"\" width=\"450\" height=\"225\" srcset=\"https:\/\/www.cadca.org\/wp-content\/uploads\/2023\/08\/tycgraphicuse-300x150.png 300w, https:\/\/www.cadca.org\/wp-content\/uploads\/2023\/08\/tycgraphicuse-768x384.png 768w, https:\/\/www.cadca.org\/wp-content\/uploads\/2023\/08\/tycgraphicuse-18x9.png 18w, https:\/\/www.cadca.org\/wp-content\/uploads\/2023\/08\/tycgraphicuse.png 800w\" sizes=\"auto, (max-width: 450px) 100vw, 450px\" \/><\/a><\/p>\n        <\/div>\n        <div class=\"e-learning__columns\">\n                               <div class=\"e-learning__column-item\">\n                        <div> <img decoding=\"async\" src=\"https:\/\/www.cadca.org\/wp-content\/uploads\/2022\/04\/training_elearninglandingpage_webinar.jpeg\" \/> <\/div>\n                        <div>Los webinars de CADCA, o seminarios basados en la web, son presentaciones visuales con un componente de estilo de lectura que se transmiten a trav\u00e9s de la web mediante Blackboard Collaborate. Los seminarios web duran de 1 a 1,5 horas. Las sesiones generalmente se enfocan en un principio de un tema en particular y, a menudo, incluyen ejemplos de coaliciones.<\/div>\n                    <\/div>\n                                    <div class=\"e-learning__column-item\">\n                        <div> <img decoding=\"async\" src=\"https:\/\/www.cadca.org\/wp-content\/uploads\/2022\/04\/training_elearninglandingpage_onlinecourses.png\" \/> <\/div>\n                        <div>Los cursos en l\u00ednea de CADCA son m\u00f3dulos autodirigidos que se narran con capturas de pantalla que incluyen los puntos principales de cada diapositiva. Cada m\u00f3dulo tiene una combinaci\u00f3n de escenarios, preguntas de reflexi\u00f3n, actividades, conferencias y cuestionarios. Al final de cada m\u00f3dulo, se le pedir\u00e1 al alumno que complete una evaluaci\u00f3n de conocimientos. Se proporciona un certificado de finalizaci\u00f3n para aquellos que completan con \u00e9xito el curso.<\/div>\n                    <\/div>\n                                    <div class=\"e-learning__column-item\">\n                        <div> <img decoding=\"async\" src=\"https:\/\/www.cadca.org\/wp-content\/uploads\/2022\/04\/training_elearninglandingpage_synchronouslearning.jpeg\" \/> <\/div>\n                        <div>El aprendizaje sincr\u00f3nico se refiere a un entorno de aprendizaje en el que todos participan al mismo tiempo. El aprendizaje electr\u00f3nico s\u00edncrono permite a los alumnos inscribirse y reunirse regularmente en un aula en l\u00ednea para recibir instrucci\u00f3n en tiempo real, colaborar con compa\u00f1eros de clase y trabajar en productos de aplicaciones dentro del entorno virtual.<\/div>\n                    <\/div>\n                        <\/div>\n        <div class=\"e-learning__links\">\n            <a href=\"https:\/\/cadca.docebosaas.com\/\" target=\"_blank\">Ir a Cursos en L\u00ednea<\/a>\n        <\/div>\n    <\/div>\n<\/section>","protected":false},"excerpt":{"rendered":"","protected":false},"author":2,"featured_media":0,"parent":0,"menu_order":0,"comment_status":"closed","ping_status":"closed","template":"","meta":{"_acf_changed":false,"inline_featured_image":false,"footnotes":""},"class_list":["post-4089","page","type-page","status-publish","hentry"],"acf":[],"yoast_head":"<!-- This site is optimized with the Yoast SEO plugin v27.4 - https:\/\/yoast.com\/product\/yoast-seo-wordpress\/ -->\n<title>E-learning | CADCA<\/title>\n<meta name=\"description\" content=\"CADCA represents over 7,000 community coalitions that involve individuals from key sectors including schools, law enforcement, youth, parents, healthcare, media, tribal communities and others\" \/>\n<meta name=\"robots\" content=\"index, follow, max-snippet:-1, max-image-preview:large, max-video-preview:-1\" \/>\n<link rel=\"canonical\" href=\"https:\/\/www.cadca.org\/es\/e-learning\/\" \/>\n<meta property=\"og:locale\" content=\"es_ES\" \/>\n<meta property=\"og:type\" content=\"article\" \/>\n<meta property=\"og:title\" content=\"E-learning | CADCA\" \/>\n<meta property=\"og:description\" content=\"CADCA represents over 7,000 community coalitions that involve individuals from key sectors including schools, law enforcement, youth, parents, healthcare, media, tribal communities and others\" \/>\n<meta property=\"og:url\" content=\"https:\/\/www.cadca.org\/es\/e-learning\/\" \/>\n<meta property=\"og:site_name\" content=\"CADCA\" \/>\n<meta property=\"article:modified_time\" content=\"2023-08-01T20:52:37+00:00\" \/>\n<meta property=\"og:image\" content=\"https:\/\/www.cadca.org\/wp-content\/uploads\/2022\/03\/cadca-member-of-logo1.jpg\" \/>\n\t<meta property=\"og:image:width\" content=\"880\" \/>\n\t<meta property=\"og:image:height\" content=\"500\" \/>\n\t<meta property=\"og:image:type\" content=\"image\/jpeg\" \/>\n<meta name=\"twitter:card\" content=\"summary_large_image\" \/>\n<script type=\"application\/ld+json\" class=\"yoast-schema-graph\">{\"@context\":\"https:\\\/\\\/schema.org\",\"@graph\":[{\"@type\":\"WebPage\",\"@id\":\"https:\\\/\\\/www.cadca.org\\\/e-learning\\\/\",\"url\":\"https:\\\/\\\/www.cadca.org\\\/e-learning\\\/\",\"name\":\"E-learning | CADCA\",\"isPartOf\":{\"@id\":\"https:\\\/\\\/www.cadca.org\\\/#website\"},\"datePublished\":\"2022-04-14T11:03:33+00:00\",\"dateModified\":\"2023-08-01T20:52:37+00:00\",\"description\":\"CADCA represents over 7,000 community coalitions that involve individuals from key sectors including schools, law enforcement, youth, parents, healthcare, media, tribal communities and others\",\"breadcrumb\":{\"@id\":\"https:\\\/\\\/www.cadca.org\\\/e-learning\\\/#breadcrumb\"},\"inLanguage\":\"es\",\"potentialAction\":[{\"@type\":\"ReadAction\",\"target\":[\"https:\\\/\\\/www.cadca.org\\\/e-learning\\\/\"]}]},{\"@type\":\"BreadcrumbList\",\"@id\":\"https:\\\/\\\/www.cadca.org\\\/e-learning\\\/#breadcrumb\",\"itemListElement\":[{\"@type\":\"ListItem\",\"position\":1,\"name\":\"Home\",\"item\":\"https:\\\/\\\/www.cadca.org\\\/\"},{\"@type\":\"ListItem\",\"position\":2,\"name\":\"E-learning\"}]},{\"@type\":\"WebSite\",\"@id\":\"https:\\\/\\\/www.cadca.org\\\/#website\",\"url\":\"https:\\\/\\\/www.cadca.org\\\/\",\"name\":\"CADCA\",\"description\":\"The Premier Prevention Association\",\"potentialAction\":[{\"@type\":\"SearchAction\",\"target\":{\"@type\":\"EntryPoint\",\"urlTemplate\":\"https:\\\/\\\/www.cadca.org\\\/?s={search_term_string}\"},\"query-input\":{\"@type\":\"PropertyValueSpecification\",\"valueRequired\":true,\"valueName\":\"search_term_string\"}}],\"inLanguage\":\"es\"}]}<\/script>\n<!-- \/ Yoast SEO plugin. -->","yoast_head_json":{"title":"E-learning | CADCA","description":"CADCA represents over 7,000 community coalitions that involve individuals from key sectors including schools, law enforcement, youth, parents, healthcare, media, tribal communities and others","robots":{"index":"index","follow":"follow","max-snippet":"max-snippet:-1","max-image-preview":"max-image-preview:large","max-video-preview":"max-video-preview:-1"},"canonical":"https:\/\/www.cadca.org\/es\/e-learning\/","og_locale":"es_ES","og_type":"article","og_title":"E-learning | CADCA","og_description":"CADCA represents over 7,000 community coalitions that involve individuals from key sectors including schools, law enforcement, youth, parents, healthcare, media, tribal communities and others","og_url":"https:\/\/www.cadca.org\/es\/e-learning\/","og_site_name":"CADCA","article_modified_time":"2023-08-01T20:52:37+00:00","og_image":[{"width":880,"height":500,"url":"https:\/\/www.cadca.org\/wp-content\/uploads\/2022\/03\/cadca-member-of-logo1.jpg","type":"image\/jpeg"}],"twitter_card":"summary_large_image","schema":{"@context":"https:\/\/schema.org","@graph":[{"@type":"WebPage","@id":"https:\/\/www.cadca.org\/e-learning\/","url":"https:\/\/www.cadca.org\/e-learning\/","name":"E-learning | CADCA","isPartOf":{"@id":"https:\/\/www.cadca.org\/#website"},"datePublished":"2022-04-14T11:03:33+00:00","dateModified":"2023-08-01T20:52:37+00:00","description":"CADCA represents over 7,000 community coalitions that involve individuals from key sectors including schools, law enforcement, youth, parents, healthcare, media, tribal communities and others","breadcrumb":{"@id":"https:\/\/www.cadca.org\/e-learning\/#breadcrumb"},"inLanguage":"es","potentialAction":[{"@type":"ReadAction","target":["https:\/\/www.cadca.org\/e-learning\/"]}]},{"@type":"BreadcrumbList","@id":"https:\/\/www.cadca.org\/e-learning\/#breadcrumb","itemListElement":[{"@type":"ListItem","position":1,"name":"Home","item":"https:\/\/www.cadca.org\/"},{"@type":"ListItem","position":2,"name":"E-learning"}]},{"@type":"WebSite","@id":"https:\/\/www.cadca.org\/#website","url":"https:\/\/www.cadca.org\/","name":"CADCA","description":"The Premier Prevention Association","potentialAction":[{"@type":"SearchAction","target":{"@type":"EntryPoint","urlTemplate":"https:\/\/www.cadca.org\/?s={search_term_string}"},"query-input":{"@type":"PropertyValueSpecification","valueRequired":true,"valueName":"search_term_string"}}],"inLanguage":"es"}]}},"_links":{"self":[{"href":"https:\/\/www.cadca.org\/es\/wp-json\/wp\/v2\/pages\/4089","targetHints":{"allow":["GET"]}}],"collection":[{"href":"https:\/\/www.cadca.org\/es\/wp-json\/wp\/v2\/pages"}],"about":[{"href":"https:\/\/www.cadca.org\/es\/wp-json\/wp\/v2\/types\/page"}],"author":[{"embeddable":true,"href":"https:\/\/www.cadca.org\/es\/wp-json\/wp\/v2\/users\/2"}],"replies":[{"embeddable":true,"href":"https:\/\/www.cadca.org\/es\/wp-json\/wp\/v2\/comments?post=4089"}],"version-history":[{"count":0,"href":"https:\/\/www.cadca.org\/es\/wp-json\/wp\/v2\/pages\/4089\/revisions"}],"wp:attachment":[{"href":"https:\/\/www.cadca.org\/es\/wp-json\/wp\/v2\/media?parent=4089"}],"curies":[{"name":"wp","href":"https:\/\/api.w.org\/{rel}","templated":true}]}}