{"id":3,"date":"2022-01-21T09:49:03","date_gmt":"2022-01-21T09:49:03","guid":{"rendered":"http:\/\/localhost:10028\/?page_id=3"},"modified":"2022-03-08T07:54:08","modified_gmt":"2022-03-08T07:54:08","slug":"privacy-policy","status":"publish","type":"page","link":"https:\/\/www.cadca.org\/es\/privacy-policy\/","title":{"rendered":"Pol\u00edtica de privacidad"},"content":{"rendered":"<style media=\"all\" type=\"text\/css\">\n\n    \n    \/* xs & sm (mobile) *\/\n    @media (max-width: 767.98px) {\n        }\n\n    \/* md (tablet) *\/\n    @media (min-width: 768px) and (max-width: 1199.98px) {\n        }\n\n    \/* lg (desktop) *\/\n    @media (min-width: 1200px) {\n        }\n\n    \/* custom styles *\/\n    <\/style>\n<section class=\"rte article-format  block_62270ae043327\" id=\"block_62270ae043327\">\n    <div class=\"container\">\n        <h2>Pol\u00edtica de privacidad<\/h2>\n<p>Las Coaliciones Comunitarias Antidrogas de Am\u00e9rica (CADCA) se comprometen a respetar la privacidad. Esta pol\u00edtica de privacidad rige nuestra recopilaci\u00f3n y uso de la informaci\u00f3n personal y comercial recopilada de los miembros y visitantes de nuestro sitio web, a trav\u00e9s de nuestra correspondencia por correo electr\u00f3nico y correo regular, llamadas telef\u00f3nicas y faxes, y refleja nuestras pol\u00edticas de privacidad con respecto a todos los dem\u00e1s medios de recopilaci\u00f3n. y la difusi\u00f3n de datos. Nuestra pol\u00edtica es utilizar todos y cada uno de los datos recopilados por cualquier medio, ya sea a trav\u00e9s de Internet, correo electr\u00f3nico, nuestra base de datos en l\u00ednea y\/o cualquier formulario interactivo o encuesta solo para los usos que son importantes para nuestra organizaci\u00f3n y nuestra causa.<\/p>\n<p><strong>Visitantes del sitio web y seguridad del sitio web<\/strong><br \/>\nEl sitio web de CADCA recopila informaci\u00f3n sobre cada visitante de nuestro sitio web de las siguientes maneras:<\/p>\n<ul>\n<li><strong>Direcciones IP<\/strong><br \/>\nSu direcci\u00f3n IP no revela ninguna informaci\u00f3n personal sobre usted o sus actividades. Nuestro host de servidor web registra todas las direcciones IP de todos los visitantes para automatizar la recopilaci\u00f3n de informaci\u00f3n sobre el tr\u00e1fico web, el uso, la duraci\u00f3n de la estancia de los visitantes, los nuevos visitantes, los puntos de entrada y salida, y similares. Tambi\u00e9n se utiliza como informaci\u00f3n estad\u00edstica para generar informes y encontrar formas de mejorar la usabilidad web.<\/li>\n<li><strong>Galletas<\/strong><br \/>\nNuestro sitio web utiliza cookies para recopilar informaci\u00f3n sobre el tr\u00e1fico y mejorar su visita a nuestro sitio. Una cookie es: \u201cUn mensaje enviado a un navegador web por un servidor web. El navegador almacena el mensaje en un archivo de texto. Luego, el mensaje se env\u00eda de vuelta al servidor cada vez que el navegador solicita una p\u00e1gina del servidor\u201d. Las cookies se utilizan para personalizar las p\u00e1ginas web para proporcionar preferencias al usuario. Si lo desea, puede desactivarlas en su navegador configurando las preferencias de su navegador para no aceptarlas. Ninguna informaci\u00f3n recopilada por las cookies que tenemos en nuestro sitio se utiliza para difundir informaci\u00f3n sobre su uso personal de Internet, ni se utiliza para fines de marketing o publicidad.<\/li>\n<li><strong>Formularios en l\u00ednea<\/strong><br \/>\nNuestra base de datos genera formularios en l\u00ednea para recopilar informaci\u00f3n sobre usted y su organizaci\u00f3n cuando se registra como miembro, presentador, evento o capacitaci\u00f3n. Ninguna parte de esta informaci\u00f3n se comparte con terceros, excepto la que est\u00e1 destinada a mostrarse en las p\u00e1ginas de resultados como se indica en el formulario. Si publica informaci\u00f3n que est\u00e1 disponible en la web y desea eliminarla o corregirla, comun\u00edquese con nosotros y cumpliremos con su solicitud lo antes posible.<\/li>\n<li><strong>Correspondencia<\/strong><br \/>\nNinguna parte de su informaci\u00f3n de contacto o de su correspondencia que env\u00eda por correo regular, en l\u00ednea a trav\u00e9s de formularios, por correo electr\u00f3nico o cualquier otro medio se vende a terceros bajo ninguna circunstancia, y se usa solo para llevar a cabo nuestro negocio diario para lograr nuestro misi\u00f3n bajo nuestras pol\u00edticas como entidad sin fines de lucro.<\/li>\n<\/ul>\n<p><strong>Pr\u00e1cticas de intercambio de CADCA<\/strong><br \/>\nNinguna parte de la informaci\u00f3n que recopilamos se comparte con terceros, excepto como estad\u00edsticas agregadas para fines de informes de rendimiento organizacional, captura y definici\u00f3n de patrones de tr\u00e1fico web y mejora del sitio web. La informaci\u00f3n de este tipo nunca se usa para rastrear o monitorear usuarios individuales. Nuestro prop\u00f3sito es proporcionar comunicaciones y colaboraci\u00f3n con y entre organizaciones sin fines de lucro, mejorar el flujo de informaci\u00f3n a la comunidad sin fines de lucro y mejorar el contenido y la facilidad de uso de nuestro sitio web, programas, productos y servicios. Si nos env\u00eda preguntas sobre el contenido de nuestro sitio web o cualquiera de nuestras \u00e1reas de operaci\u00f3n, podemos enviar su solicitud de informaci\u00f3n a las partes que podr\u00edan ayudarlo, o podemos responderle con esa informaci\u00f3n en especie. Puede solicitarnos en cualquier momento que no lo hagamos, y cumpliremos con esa solicitud, excepto que as\u00ed lo exijan las normas legales o una orden judicial. Es poco probable que nos comuniquemos con usted para la verificaci\u00f3n, pero nos reservamos el derecho de hacerlo, en caso de que sea necesario. Si se comunica con nosotros por correo electr\u00f3nico o por tel\u00e9fono, es posible que le solicitemos que verifique su informaci\u00f3n personal para que podamos responder a su consulta con una garant\u00eda de su identidad. Nuestra base de datos en l\u00ednea est\u00e1 protegida por medidas de seguridad implementadas para salvaguardar la integridad de los datos y evitar el acceso y\/o uso no autorizado de sus sistemas. Estas medidas de seguridad han sido dise\u00f1adas para proporcionar al usuario una protecci\u00f3n razonable de la informaci\u00f3n privada confiada a nuestra posesi\u00f3n.<\/p>\n<p><strong>Opt In\/Opt Out de CADCA Coalitions Online (CO) Bolet\u00edn electr\u00f3nico y Eblasts<\/strong><br \/>\nLos miembros (individuales, grupos de inter\u00e9s especial, coaliciones) y afiliados (socios federales, patrocinadores, expositores) reciben autom\u00e1ticamente el CO semanal y varios eblasts distribuidos por CADCA. Una vez que sea parte de nuestras listas de contacto\/distribuci\u00f3n, puede darse de baja cuando lo desee comunic\u00e1ndose con CADCA por correo electr\u00f3nico (<a href=\"mailto:news@cadca.org\">noticias@cadca.org<\/a>) o llamando\u00a0<strong>703-706-0560x262<\/strong>.<\/p>\n<p><strong>Enlaces a otros sitios web<\/strong><br \/>\nNuestro sitio web tiene enlaces a muchos otros sitios web a nivel internacional, nacional, regional, estatal y local. Aunque trabajamos arduamente para asegurarnos de que estamos vinculando a los sitios apropiados y asumimos toda la responsabilidad por el contenido de nuestro sitio y nuestra propia pol\u00edtica de privacidad, no somos responsables de las pr\u00e1cticas de privacidad o el contenido de los sitios a los que nos vinculamos.<\/p>\n<p><strong>Encuestas en l\u00ednea<\/strong><br \/>\nOcasionalmente, podemos pedirle que participe en encuestas en l\u00ednea con el fin de cumplir con nuestra misi\u00f3n. Dichas encuestas siempre son voluntarias y no es necesario que las llene. Si decide completar una encuesta, los tipos de informaci\u00f3n que se recopilan pueden incluir datos demogr\u00e1ficos como c\u00f3digos postales, grupo de edad, origen \u00e9tnico, servicios recibidos o proporcionados, etc. Sin embargo, ninguna de esta informaci\u00f3n se recopilar\u00e1 sobre ning\u00fan individuo o que se puede utilizar para identificar a cualquier individuo. La informaci\u00f3n de la encuesta se utiliza en conjunto para mejorar nuestros servicios organizacionales y en l\u00ednea.<\/p>\n<p><strong>Uso de Fotos, Videos y Grabaciones<\/strong><br \/>\nLas fotograf\u00edas, videos o grabaciones de audio tomadas en los eventos de CADCA pueden ser utilizados por CADCA en promociones electr\u00f3nicas o impresas o materiales educativos. Si no desea que se utilice su imagen o grabaci\u00f3n de voz, proporcione su nombre a un miembro del personal de CADCA en el evento correspondiente y h\u00e1gale saber su solicitud.<\/p>\n<p><strong>Listas de conferencias<\/strong><br \/>\nAl registrarse para cualquiera de los eventos de CADCA, nos otorga permiso para incluir su nombre, organizaci\u00f3n y ciudad\/estado en el sitio web del evento en la pesta\u00f1a &quot;Qui\u00e9n asistir\u00e1&quot;. Una vez que est\u00e9 registrado, puede optar por no participar en cualquier momento que lo desee comunic\u00e1ndose con CADCA por correo electr\u00f3nico (<a href=\"mailto:events@cadca.org\">eventos@cadca.org<\/a>) o llamando al 703-706-0560 x253.<\/p>\n<p><strong>Registros de pago<\/strong><br \/>\nCADCA recopila y almacena n\u00fameros de tarjetas de cr\u00e9dito al registrarse para un evento, comprar un art\u00edculo o hacer una donaci\u00f3n, que se almacenan en nuestra base de datos. Los formularios en papel recibidos con los detalles de pago se almacenan en un lugar seguro y se mantienen archivados solo durante el per\u00edodo de tiempo requerido por el IRS (despu\u00e9s de eso, los formularios se trituran para su seguridad). CADCA cumple con el Est\u00e1ndar de seguridad de datos de la industria de tarjetas de pago (PCI DSS), que es un conjunto de requisitos dise\u00f1ados para garantizar que TODAS las empresas que procesan, almacenan o transmiten informaci\u00f3n de tarjetas de cr\u00e9dito mantienen un entorno seguro. Solo el personal seleccionado de CADCA aplicable tiene acceso a los registros financieros en nuestra base de datos y ninguna de esta informaci\u00f3n se comparte con terceros.<\/p>\n<p><strong>Cont\u00e1ctenos<\/strong><br \/>\nSi cree que su informaci\u00f3n personal y\/o privada se est\u00e1 utilizando para un prop\u00f3sito diferente al previsto, o si tiene alguna pregunta sobre nuestra Pol\u00edtica de privacidad o las pr\u00e1cticas de nuestro sitio, comun\u00edquese con CADCA por correo electr\u00f3nico (<a href=\"mailto:membership@cadca.org\">membres\u00eda@cadca.org<\/a>) o llamando al 703-706-0560 x228, y el personal de CADCA lo atender\u00e1 de inmediato.<\/p>\n    <\/div>\n<\/section>","protected":false},"excerpt":{"rendered":"","protected":false},"author":23,"featured_media":0,"parent":0,"menu_order":0,"comment_status":"closed","ping_status":"closed","template":"","meta":{"_acf_changed":false,"inline_featured_image":false,"footnotes":""},"class_list":["post-3","page","type-page","status-publish","hentry"],"acf":[],"yoast_head":"<!-- This site is optimized with the Yoast SEO plugin v26.8 - https:\/\/yoast.com\/product\/yoast-seo-wordpress\/ -->\n<title>Privacy Policy | CADCA<\/title>\n<meta name=\"description\" content=\"CADCA represents over 7,000 community coalitions that involve individuals from key sectors including schools, law enforcement, youth, parents, healthcare, media, tribal communities and others\" \/>\n<meta name=\"robots\" content=\"index, follow, max-snippet:-1, max-image-preview:large, max-video-preview:-1\" \/>\n<link rel=\"canonical\" href=\"https:\/\/www.cadca.org\/es\/privacy-policy\/\" \/>\n<meta property=\"og:locale\" content=\"es_ES\" \/>\n<meta property=\"og:type\" content=\"article\" \/>\n<meta property=\"og:title\" content=\"Privacy Policy | CADCA\" \/>\n<meta property=\"og:description\" content=\"CADCA represents over 7,000 community coalitions that involve individuals from key sectors including schools, law enforcement, youth, parents, healthcare, media, tribal communities and others\" \/>\n<meta property=\"og:url\" content=\"https:\/\/www.cadca.org\/es\/privacy-policy\/\" \/>\n<meta property=\"og:site_name\" content=\"CADCA\" \/>\n<meta property=\"article:modified_time\" content=\"2022-03-08T07:54:08+00:00\" \/>\n<meta property=\"og:image\" content=\"https:\/\/www.cadca.org\/wp-content\/uploads\/2022\/03\/cadca-member-of-logo1.jpg\" \/>\n\t<meta property=\"og:image:width\" content=\"880\" \/>\n\t<meta property=\"og:image:height\" content=\"500\" \/>\n\t<meta property=\"og:image:type\" content=\"image\/jpeg\" \/>\n<meta name=\"twitter:card\" content=\"summary_large_image\" \/>\n<script type=\"application\/ld+json\" class=\"yoast-schema-graph\">{\"@context\":\"https:\/\/schema.org\",\"@graph\":[{\"@type\":\"WebPage\",\"@id\":\"https:\/\/www.cadca.org\/privacy-policy\/\",\"url\":\"https:\/\/www.cadca.org\/privacy-policy\/\",\"name\":\"Privacy Policy | CADCA\",\"isPartOf\":{\"@id\":\"https:\/\/www.cadca.org\/#website\"},\"datePublished\":\"2022-01-21T09:49:03+00:00\",\"dateModified\":\"2022-03-08T07:54:08+00:00\",\"description\":\"CADCA represents over 7,000 community coalitions that involve individuals from key sectors including schools, law enforcement, youth, parents, healthcare, media, tribal communities and others\",\"breadcrumb\":{\"@id\":\"https:\/\/www.cadca.org\/privacy-policy\/#breadcrumb\"},\"inLanguage\":\"es\",\"potentialAction\":[{\"@type\":\"ReadAction\",\"target\":[\"https:\/\/www.cadca.org\/privacy-policy\/\"]}]},{\"@type\":\"BreadcrumbList\",\"@id\":\"https:\/\/www.cadca.org\/privacy-policy\/#breadcrumb\",\"itemListElement\":[{\"@type\":\"ListItem\",\"position\":1,\"name\":\"Home\",\"item\":\"https:\/\/www.cadca.org\/\"},{\"@type\":\"ListItem\",\"position\":2,\"name\":\"Privacy Policy\"}]},{\"@type\":\"WebSite\",\"@id\":\"https:\/\/www.cadca.org\/#website\",\"url\":\"https:\/\/www.cadca.org\/\",\"name\":\"CADCA\",\"description\":\"The Premier Prevention Association\",\"potentialAction\":[{\"@type\":\"SearchAction\",\"target\":{\"@type\":\"EntryPoint\",\"urlTemplate\":\"https:\/\/www.cadca.org\/?s={search_term_string}\"},\"query-input\":{\"@type\":\"PropertyValueSpecification\",\"valueRequired\":true,\"valueName\":\"search_term_string\"}}],\"inLanguage\":\"es\"}]}<\/script>\n<!-- \/ Yoast SEO plugin. -->","yoast_head_json":{"title":"Privacy Policy | CADCA","description":"CADCA represents over 7,000 community coalitions that involve individuals from key sectors including schools, law enforcement, youth, parents, healthcare, media, tribal communities and others","robots":{"index":"index","follow":"follow","max-snippet":"max-snippet:-1","max-image-preview":"max-image-preview:large","max-video-preview":"max-video-preview:-1"},"canonical":"https:\/\/www.cadca.org\/es\/privacy-policy\/","og_locale":"es_ES","og_type":"article","og_title":"Privacy Policy | CADCA","og_description":"CADCA represents over 7,000 community coalitions that involve individuals from key sectors including schools, law enforcement, youth, parents, healthcare, media, tribal communities and others","og_url":"https:\/\/www.cadca.org\/es\/privacy-policy\/","og_site_name":"CADCA","article_modified_time":"2022-03-08T07:54:08+00:00","og_image":[{"width":880,"height":500,"url":"https:\/\/www.cadca.org\/wp-content\/uploads\/2022\/03\/cadca-member-of-logo1.jpg","type":"image\/jpeg"}],"twitter_card":"summary_large_image","schema":{"@context":"https:\/\/schema.org","@graph":[{"@type":"WebPage","@id":"https:\/\/www.cadca.org\/privacy-policy\/","url":"https:\/\/www.cadca.org\/privacy-policy\/","name":"Privacy Policy | CADCA","isPartOf":{"@id":"https:\/\/www.cadca.org\/#website"},"datePublished":"2022-01-21T09:49:03+00:00","dateModified":"2022-03-08T07:54:08+00:00","description":"CADCA represents over 7,000 community coalitions that involve individuals from key sectors including schools, law enforcement, youth, parents, healthcare, media, tribal communities and others","breadcrumb":{"@id":"https:\/\/www.cadca.org\/privacy-policy\/#breadcrumb"},"inLanguage":"es","potentialAction":[{"@type":"ReadAction","target":["https:\/\/www.cadca.org\/privacy-policy\/"]}]},{"@type":"BreadcrumbList","@id":"https:\/\/www.cadca.org\/privacy-policy\/#breadcrumb","itemListElement":[{"@type":"ListItem","position":1,"name":"Home","item":"https:\/\/www.cadca.org\/"},{"@type":"ListItem","position":2,"name":"Privacy Policy"}]},{"@type":"WebSite","@id":"https:\/\/www.cadca.org\/#website","url":"https:\/\/www.cadca.org\/","name":"CADCA","description":"The Premier Prevention Association","potentialAction":[{"@type":"SearchAction","target":{"@type":"EntryPoint","urlTemplate":"https:\/\/www.cadca.org\/?s={search_term_string}"},"query-input":{"@type":"PropertyValueSpecification","valueRequired":true,"valueName":"search_term_string"}}],"inLanguage":"es"}]}},"_links":{"self":[{"href":"https:\/\/www.cadca.org\/es\/wp-json\/wp\/v2\/pages\/3","targetHints":{"allow":["GET"]}}],"collection":[{"href":"https:\/\/www.cadca.org\/es\/wp-json\/wp\/v2\/pages"}],"about":[{"href":"https:\/\/www.cadca.org\/es\/wp-json\/wp\/v2\/types\/page"}],"author":[{"embeddable":true,"href":"https:\/\/www.cadca.org\/es\/wp-json\/wp\/v2\/users\/23"}],"replies":[{"embeddable":true,"href":"https:\/\/www.cadca.org\/es\/wp-json\/wp\/v2\/comments?post=3"}],"version-history":[{"count":0,"href":"https:\/\/www.cadca.org\/es\/wp-json\/wp\/v2\/pages\/3\/revisions"}],"wp:attachment":[{"href":"https:\/\/www.cadca.org\/es\/wp-json\/wp\/v2\/media?parent=3"}],"curies":[{"name":"wp","href":"https:\/\/api.w.org\/{rel}","templated":true}]}}