{"id":18692,"date":"2023-05-16T14:23:22","date_gmt":"2023-05-16T14:23:22","guid":{"rendered":"https:\/\/www.cadca.org\/?page_id=18692"},"modified":"2023-07-25T21:31:48","modified_gmt":"2023-07-25T21:31:48","slug":"myti2023","status":"publish","type":"page","link":"https:\/\/www.cadca.org\/es\/myti2023\/","title":{"rendered":"MYTI2023"},"content":{"rendered":"<div style=\"height:25px\" aria-hidden=\"true\" class=\"wp-block-spacer\"><\/div>\n\n\n<style media=\"all\" type=\"text\/css\">\n\n    \n    \/* xs & sm (mobile) *\/\n    @media (max-width: 767.98px) {\n        }\n\n    \/* md (tablet) *\/\n    @media (min-width: 768px) and (max-width: 1199.98px) {\n        }\n\n    \/* lg (desktop) *\/\n    @media (min-width: 1200px) {\n        }\n\n    \/* custom styles *\/\n    <\/style>\n<section class=\"rte  block_04d64a1c1e197eb82a7d33a35abf5534\" id=\"block_04d64a1c1e197eb82a7d33a35abf5534\">\n    <div class=\"container\">\n        <p class=\"_04xlpA direction-ltr align-center para-style-body\" style=\"text-align: center\"><a href=\"https:\/\/www.cadca.org\/es\/myti2023\/program\/\" target=\"_blank\" rel=\"noopener\"><strong><span style=\"font-size: 48px;color: #008000\"><span class=\"WdYUQQ\">\u00a1Programa final de mitad de a\u00f1o ya disponible!<\/span><\/span><\/strong><\/a><\/p>\n<p style=\"text-align: center\"><a href=\"https:\/\/www.cadca.org\/es\/myti2023\/program\/\"><img loading=\"lazy\" decoding=\"async\" class=\"aligncenter wp-image-19702 size-medium\" style=\"margin-left: auto;margin-right: auto\" src=\"https:\/\/www.cadca.org\/wp-content\/uploads\/2023\/07\/Front-Page-1-1-232x300.png\" alt=\"\" width=\"232\" height=\"300\" srcset=\"https:\/\/www.cadca.org\/wp-content\/uploads\/2023\/07\/Front-Page-1-1-232x300.png 232w, https:\/\/www.cadca.org\/wp-content\/uploads\/2023\/07\/Front-Page-1-1-793x1024.png 793w, https:\/\/www.cadca.org\/wp-content\/uploads\/2023\/07\/Front-Page-1-1-768x992.png 768w, https:\/\/www.cadca.org\/wp-content\/uploads\/2023\/07\/Front-Page-1-1-1189x1536.png 1189w, https:\/\/www.cadca.org\/wp-content\/uploads\/2023\/07\/Front-Page-1-1-9x12.png 9w, https:\/\/www.cadca.org\/wp-content\/uploads\/2023\/07\/Front-Page-1-1.png 1254w\" sizes=\"auto, (max-width: 232px) 100vw, 232px\" \/><\/a><\/p>\n<p style=\"text-align: center\"><strong><span style=\"font-size: 48px;color: #008000\"><span class=\"WdYUQQ\">Certificado de asistencia, cr\u00e9ditos CHES y CEU<\/span><\/span><\/strong><\/p>\n<p><strong>Certificado de asistencia<br \/>\n<\/strong>Un certificado de asistencia est\u00e1 disponible para los asistentes que completen la evaluaci\u00f3n de comentarios generales de mitad de a\u00f1o de 2023 al final del evento. Se enviar\u00e1 por correo electr\u00f3nico a todos los asistentes un enlace para la evaluaci\u00f3n de comentarios generales el jueves 20 de julio. Despu\u00e9s de hacer clic en &quot;enviar&quot;, se lo dirigir\u00e1 a una p\u00e1gina web para descargar un certificado de asistencia; descargue el certificado inmediatamente, ya que no podr\u00e1 volver a esta p\u00e1gina web. Solo necesita completar esta evaluaci\u00f3n una vez. Por favor contactar\u00a0<a href=\"mailto:evaluation@cadca.org\">evaluaci\u00f3n@cadca.org<\/a>\u00a0con cualquier pregunta. Una carta que verifique la asistencia y las horas de contacto de instrucci\u00f3n es todo lo que normalmente se necesita para documentar la capacitaci\u00f3n para la certificaci\u00f3n de Especialista Certificado en Prevenci\u00f3n (CPS). No se cobra ninguna tarifa para obtener una carta de asistencia despu\u00e9s de este evento.<\/p>\n<p>Tenga en cuenta que para las horas de cr\u00e9dito de CPS y otros tipos de certificaci\u00f3n, algunos estados pueden requerir m\u00e1s que un Certificado de asistencia. IC&amp;RC proporciona una lista por estado\u00a0<a href=\"https:\/\/internationalcredentialing.org\/memberboards\/\">https:\/\/internationalcredentialing.org\/memberboards\/\u00a0<\/a><\/p>\n<p><strong>CEU<br \/>\n<\/strong>Los cr\u00e9ditos oficiales de Unidades de Educaci\u00f3n Continua (CEU) est\u00e1n disponibles a trav\u00e9s de la Universidad George Mason.<br \/>\n<b><a href=\"https:\/\/masoncpe.gmu.edu\/search\/publicCourseSearchDetails.do?method=load&amp;courseId=1614653&amp;courseTitle=cadca-programs&amp;showinternal=true\">Solicitud de Certificado CEU.<\/a><\/b><\/p>\n<p><strong>Cr\u00e9ditos CHES<br \/>\n<\/strong>Patrocinado por CADCA, un proveedor designado de Horas de Contacto de Educaci\u00f3n Continua (CECH) en educaci\u00f3n para la salud por la Comisi\u00f3n Nacional para la Credencializaci\u00f3n en Educaci\u00f3n para la Salud, Inc. Este programa est\u00e1 designado para Especialistas Certificados en Educaci\u00f3n para la Salud (CHES) y\/o Especialistas Maestros en Educaci\u00f3n para la Salud Certificados ( MCES) para recibir hasta XX [N\u00daMERO TK] total de horas de contacto de educaci\u00f3n continua de Categor\u00eda I. No se cobra ninguna tarifa para obtener un certificado.<\/p>\n<p>Para recibir un certificado de CECH para CHES\/MCHES, debe:<\/p>\n<ul style=\"margin-left: 40px\">\n<li>Realice un seguimiento de las fechas y horas de las sesiones a las que asisti\u00f3 (Sugerencia: use la funci\u00f3n &quot;Mi agenda&quot; para recordar a qu\u00e9 sesi\u00f3n asisti\u00f3).<\/li>\n<li>Env\u00ede su solicitud por correo electr\u00f3nico a Kahlee Yeldell a <a href=\"mailto:kyeldell@cadca.org\">kyeldell@cadca.org<\/a> dentro de los 40 d\u00edas posteriores a la finalizaci\u00f3n de la mitad de a\u00f1o. DEBE INCLUIR su nombre y apellido, n\u00famero de identificaci\u00f3n de CHES, una lista de sesiones a las que asisti\u00f3 en vivo y un n\u00famero de contacto en caso de seguimiento.<\/li>\n<li>Espere hasta 20 d\u00edas h\u00e1biles a partir de la fecha de env\u00edo para su procesamiento<\/li>\n<\/ul>\n<p style=\"text-align: center\"><a href=\"https:\/\/midyear.cadca.org\/\" target=\"_blank\" rel=\"noopener\"><strong><span style=\"font-size: 48px;color: #008000\"><span class=\"WdYUQQ\">\u00a1Ya est\u00e1 disponible la cuadr\u00edcula de la sesi\u00f3n de capacitaci\u00f3n!<\/span><\/span><\/strong><\/a><\/p>\n<p><a href=\"https:\/\/midyear.cadca.org\/\"><img loading=\"lazy\" decoding=\"async\" class=\"aligncenter wp-image-19369 size-medium\" src=\"https:\/\/www.cadca.org\/wp-content\/uploads\/2023\/06\/updated-word-cloud-1-300x194.png\" alt=\"\" width=\"300\" height=\"194\" srcset=\"https:\/\/www.cadca.org\/wp-content\/uploads\/2023\/06\/updated-word-cloud-1-300x194.png 300w, https:\/\/www.cadca.org\/wp-content\/uploads\/2023\/06\/updated-word-cloud-1-1024x662.png 1024w, https:\/\/www.cadca.org\/wp-content\/uploads\/2023\/06\/updated-word-cloud-1-768x497.png 768w, https:\/\/www.cadca.org\/wp-content\/uploads\/2023\/06\/updated-word-cloud-1-1536x994.png 1536w, https:\/\/www.cadca.org\/wp-content\/uploads\/2023\/06\/updated-word-cloud-1-18x12.png 18w, https:\/\/www.cadca.org\/wp-content\/uploads\/2023\/06\/updated-word-cloud-1.png 1566w\" sizes=\"auto, (max-width: 300px) 100vw, 300px\" \/><\/a><\/p>\n    <\/div>\n<\/section>\n\n\n<h1 style=\"text-align: center;\">\u00a0<\/h1>\n<p style=\"text-align: center;\"><img decoding=\"async\" class=\"aligncenter\" src=\"https:\/\/www.cadca.org\/wp-content\/uploads\/2023\/05\/MYTIHomepage.png\" usemap=\"#image-map\" \/><\/p>\n<p><map name=\"image-map\"> \n<area title=\"https:\/\/www.cadca.org\/myti2023\/cfp\" alt=\"https:\/\/www.cadca.org\/myti2023\/cfp\" coords=\"413,784,783,1191\" shape=\"rect\" href=\"https:\/\/www.cadca.org\/myti2023\/cfp\" target=\"\" \/>\n \n<area title=\"https:\/\/www.cadca.org\/myti2023\/hotelandtravel\" alt=\"https:\/\/www.cadca.org\/myti2023\/hotelandtravel\" coords=\"409,509,778,871\" shape=\"rect\" href=\"https:\/\/www.cadca.org\/myti2023\/hotelandtravel\" target=\"\" \/>\n \n<area title=\"https:\/\/www.cadca.org\/myti2023\/international\" alt=\"https:\/\/www.cadca.org\/myti2023\/international\" coords=\"23,777,364,1200\" shape=\"rect\" href=\"https:\/\/www.cadca.org\/myti2023\/international\" target=\"\" \/>\n \n<area title=\"https:\/\/www.cadca.org\/myti2023\/scholarships\" alt=\"https:\/\/www.cadca.org\/myti2023\/scholarships\" coords=\"828,787,1158,1191\" shape=\"rect\" href=\"https:\/\/www.cadca.org\/myti2023\/scholarships\" target=\"\" \/>\n \n<area title=\"https:\/\/www.cadca.org\/myti2023\/youth\" alt=\"https:\/\/www.cadca.org\/myti2023\/youth\" coords=\"798,515,1149,861\" shape=\"rect\" href=\"https:\/\/www.cadca.org\/myti2023\/youth\" target=\"\" \/>\n \n<area title=\"https:\/\/www.cadca.org\/myti2023\/schedule\" alt=\"https:\/\/www.cadca.org\/myti2023\/schedule\" coords=\"22,509,373,873\" shape=\"rect\" href=\"https:\/\/www.cadca.org\/myti2023\/schedule\" target=\"\" \/>\n \n<area title=\"https:\/\/www.cadca.org\/myti2023\/registration\" alt=\"https:\/\/www.cadca.org\/myti2023\/registration\" coords=\"35,265,395,505\" shape=\"rect\" href=\"https:\/\/www.cadca.org\/myti2023\/registration\" target=\"\" \/>\n \n<area title=\"https:\/\/www.cadca.org\/myti2023\/partnerships\" alt=\"https:\/\/www.cadca.org\/en\/myti2023\/partnerships\" coords=\"419,269,771,562\" shape=\"rect\" href=\"https:\/\/www.cadca.org\/en\/myti2023\/partnerships\" target=\"\" \/>\n \n<area title=\"https:\/\/www.cadca.org\/myti2023\/faqs\" alt=\"https:\/\/www.cadca.org\/myti2023\/faqs\" coords=\"798,273,1160,570\" shape=\"rect\" href=\"https:\/\/www.cadca.org\/myti2023\/faqs\" target=\"\" \/>\n <\/map><\/p>\n<p>\u00a0<\/p>\n\n<style media=\"all\" type=\"text\/css\">\n\n    \/* xs & sm (mobile) *\/\n    @media (max-width: 767.98px) {\n        }\n\n    \/* md (tablet) *\/\n    @media (min-width: 768px) and (max-width: 1199.98px) {\n        }\n\n    \/* lg (desktop) *\/\n    @media (min-width: 1200px) {\n        }\n\n    \/* custom styles *\/\n    <\/style>\n<section class=\"image block_26552773d2d0a66f0b1c5d34a1f55ba2\" id=\"block_26552773d2d0a66f0b1c5d34a1f55ba2\">\n    <div class=\"container\">\n                        <img decoding=\"async\" src=\"https:\/\/www.cadca.org\/wp-content\/uploads\/2023\/06\/Untitled-design.png\">\n    <\/div>\n<\/section>\n\n\n<style media=\"all\" type=\"text\/css\">\n\n    \/* xs & sm (mobile) *\/\n    @media (max-width: 767.98px) {\n        }\n\n    \/* md (tablet) *\/\n    @media (min-width: 768px) and (max-width: 1199.98px) {\n        }\n\n    \/* lg (desktop) *\/\n    @media (min-width: 1200px) {\n        }\n\n    \/* custom styles *\/\n    <\/style>\n<section class=\"image block_a8d1940c52bdda1c22072b7129c3b5c9\" id=\"block_a8d1940c52bdda1c22072b7129c3b5c9\">\n    <div class=\"container\">\n                        <img decoding=\"async\" src=\"https:\/\/www.cadca.org\/wp-content\/uploads\/2023\/07\/Ronald-S.-Rochon-Ph.D.-CADCA-Chairman-1.png\">\n    <\/div>\n<\/section>\n\n\n<style media=\"all\" type=\"text\/css\">\n\n    \/* xs & sm (mobile) *\/\n    @media (max-width: 767.98px) {\n        }\n\n    \/* md (tablet) *\/\n    @media (min-width: 768px) and (max-width: 1199.98px) {\n        }\n\n    \/* lg (desktop) *\/\n    @media (min-width: 1200px) {\n        }\n\n    \/* custom styles *\/\n    <\/style>\n<section class=\"image block_b921c59b0a0b7ef54d04283ea0a2ee6f\" id=\"block_b921c59b0a0b7ef54d04283ea0a2ee6f\">\n    <div class=\"container\">\n                        <img decoding=\"async\" src=\"https:\/\/www.cadca.org\/wp-content\/uploads\/2023\/07\/thumbnail_Attention-Must-Be-Paid_Brittany_Poster-FINAL.jpg\">\n    <\/div>\n<\/section>\n\n\n<style media=\"all\" type=\"text\/css\">\n\n    \/* xs & sm (mobile) *\/\n    @media (max-width: 767.98px) {\n        }\n\n    \/* md (tablet) *\/\n    @media (min-width: 768px) and (max-width: 1199.98px) {\n        }\n\n    \/* lg (desktop) *\/\n    @media (min-width: 1200px) {\n        }\n\n    \/* custom styles *\/\n    <\/style>\n<section class=\"image block_f4684500bfa252e24b6884009980e4cc\" id=\"block_f4684500bfa252e24b6884009980e4cc\">\n    <div class=\"container\">\n                        <img decoding=\"async\" src=\"https:\/\/www.cadca.org\/wp-content\/uploads\/2023\/07\/image-1.png\">\n    <\/div>\n<\/section>","protected":false},"excerpt":{"rendered":"<p>\u00a0 \u00a0<\/p>","protected":false},"author":23,"featured_media":0,"parent":0,"menu_order":0,"comment_status":"closed","ping_status":"closed","template":"","meta":{"_acf_changed":false,"inline_featured_image":false,"footnotes":""},"class_list":["post-18692","page","type-page","status-publish","hentry"],"acf":[],"yoast_head":"<!-- This site is optimized with the Yoast SEO plugin v26.8 - https:\/\/yoast.com\/product\/yoast-seo-wordpress\/ -->\n<title>MYTI2023 | CADCA<\/title>\n<meta name=\"description\" content=\"CADCA represents over 7,000 community coalitions that involve individuals from key sectors including schools, law enforcement, youth, parents, healthcare, media, tribal communities and others\" \/>\n<meta name=\"robots\" content=\"index, follow, max-snippet:-1, max-image-preview:large, max-video-preview:-1\" \/>\n<link rel=\"canonical\" href=\"https:\/\/www.cadca.org\/es\/myti2023\/\" \/>\n<meta property=\"og:locale\" content=\"es_ES\" \/>\n<meta property=\"og:type\" content=\"article\" \/>\n<meta property=\"og:title\" content=\"MYTI2023 | CADCA\" \/>\n<meta property=\"og:description\" content=\"CADCA represents over 7,000 community coalitions that involve individuals from key sectors including schools, law enforcement, youth, parents, healthcare, media, tribal communities and others\" \/>\n<meta property=\"og:url\" content=\"https:\/\/www.cadca.org\/es\/myti2023\/\" \/>\n<meta property=\"og:site_name\" content=\"CADCA\" \/>\n<meta property=\"article:modified_time\" content=\"2023-07-25T21:31:48+00:00\" \/>\n<meta property=\"og:image\" content=\"https:\/\/www.cadca.org\/wp-content\/uploads\/2023\/05\/MYTIHomepage.png\" \/>\n<meta name=\"twitter:card\" content=\"summary_large_image\" \/>\n<meta name=\"twitter:label1\" content=\"Tiempo de lectura\" \/>\n\t<meta name=\"twitter:data1\" content=\"1 minuto\" \/>\n<script type=\"application\/ld+json\" class=\"yoast-schema-graph\">{\"@context\":\"https:\/\/schema.org\",\"@graph\":[{\"@type\":\"WebPage\",\"@id\":\"https:\/\/www.cadca.org\/myti2023\/\",\"url\":\"https:\/\/www.cadca.org\/myti2023\/\",\"name\":\"MYTI2023 | CADCA\",\"isPartOf\":{\"@id\":\"https:\/\/www.cadca.org\/#website\"},\"primaryImageOfPage\":{\"@id\":\"https:\/\/www.cadca.org\/myti2023\/#primaryimage\"},\"image\":{\"@id\":\"https:\/\/www.cadca.org\/myti2023\/#primaryimage\"},\"thumbnailUrl\":\"https:\/\/www.cadca.org\/wp-content\/uploads\/2023\/05\/MYTIHomepage.png\",\"datePublished\":\"2023-05-16T14:23:22+00:00\",\"dateModified\":\"2023-07-25T21:31:48+00:00\",\"description\":\"CADCA represents over 7,000 community coalitions that involve individuals from key sectors including schools, law enforcement, youth, parents, healthcare, media, tribal communities and others\",\"breadcrumb\":{\"@id\":\"https:\/\/www.cadca.org\/myti2023\/#breadcrumb\"},\"inLanguage\":\"es\",\"potentialAction\":[{\"@type\":\"ReadAction\",\"target\":[\"https:\/\/www.cadca.org\/myti2023\/\"]}]},{\"@type\":\"ImageObject\",\"inLanguage\":\"es\",\"@id\":\"https:\/\/www.cadca.org\/myti2023\/#primaryimage\",\"url\":\"https:\/\/www.cadca.org\/wp-content\/uploads\/2023\/05\/MYTIHomepage.png\",\"contentUrl\":\"https:\/\/www.cadca.org\/wp-content\/uploads\/2023\/05\/MYTIHomepage.png\"},{\"@type\":\"BreadcrumbList\",\"@id\":\"https:\/\/www.cadca.org\/myti2023\/#breadcrumb\",\"itemListElement\":[{\"@type\":\"ListItem\",\"position\":1,\"name\":\"Home\",\"item\":\"https:\/\/www.cadca.org\/\"},{\"@type\":\"ListItem\",\"position\":2,\"name\":\"MYTI2023\"}]},{\"@type\":\"WebSite\",\"@id\":\"https:\/\/www.cadca.org\/#website\",\"url\":\"https:\/\/www.cadca.org\/\",\"name\":\"CADCA\",\"description\":\"The Premier Prevention Association\",\"potentialAction\":[{\"@type\":\"SearchAction\",\"target\":{\"@type\":\"EntryPoint\",\"urlTemplate\":\"https:\/\/www.cadca.org\/?s={search_term_string}\"},\"query-input\":{\"@type\":\"PropertyValueSpecification\",\"valueRequired\":true,\"valueName\":\"search_term_string\"}}],\"inLanguage\":\"es\"}]}<\/script>\n<!-- \/ Yoast SEO plugin. -->","yoast_head_json":{"title":"MYTI2023 | CADCA","description":"CADCA represents over 7,000 community coalitions that involve individuals from key sectors including schools, law enforcement, youth, parents, healthcare, media, tribal communities and others","robots":{"index":"index","follow":"follow","max-snippet":"max-snippet:-1","max-image-preview":"max-image-preview:large","max-video-preview":"max-video-preview:-1"},"canonical":"https:\/\/www.cadca.org\/es\/myti2023\/","og_locale":"es_ES","og_type":"article","og_title":"MYTI2023 | CADCA","og_description":"CADCA represents over 7,000 community coalitions that involve individuals from key sectors including schools, law enforcement, youth, parents, healthcare, media, tribal communities and others","og_url":"https:\/\/www.cadca.org\/es\/myti2023\/","og_site_name":"CADCA","article_modified_time":"2023-07-25T21:31:48+00:00","og_image":[{"url":"https:\/\/www.cadca.org\/wp-content\/uploads\/2023\/05\/MYTIHomepage.png","type":"","width":"","height":""}],"twitter_card":"summary_large_image","twitter_misc":{"Tiempo de lectura":"1 minuto"},"schema":{"@context":"https:\/\/schema.org","@graph":[{"@type":"WebPage","@id":"https:\/\/www.cadca.org\/myti2023\/","url":"https:\/\/www.cadca.org\/myti2023\/","name":"MYTI2023 | CADCA","isPartOf":{"@id":"https:\/\/www.cadca.org\/#website"},"primaryImageOfPage":{"@id":"https:\/\/www.cadca.org\/myti2023\/#primaryimage"},"image":{"@id":"https:\/\/www.cadca.org\/myti2023\/#primaryimage"},"thumbnailUrl":"https:\/\/www.cadca.org\/wp-content\/uploads\/2023\/05\/MYTIHomepage.png","datePublished":"2023-05-16T14:23:22+00:00","dateModified":"2023-07-25T21:31:48+00:00","description":"CADCA represents over 7,000 community coalitions that involve individuals from key sectors including schools, law enforcement, youth, parents, healthcare, media, tribal communities and others","breadcrumb":{"@id":"https:\/\/www.cadca.org\/myti2023\/#breadcrumb"},"inLanguage":"es","potentialAction":[{"@type":"ReadAction","target":["https:\/\/www.cadca.org\/myti2023\/"]}]},{"@type":"ImageObject","inLanguage":"es","@id":"https:\/\/www.cadca.org\/myti2023\/#primaryimage","url":"https:\/\/www.cadca.org\/wp-content\/uploads\/2023\/05\/MYTIHomepage.png","contentUrl":"https:\/\/www.cadca.org\/wp-content\/uploads\/2023\/05\/MYTIHomepage.png"},{"@type":"BreadcrumbList","@id":"https:\/\/www.cadca.org\/myti2023\/#breadcrumb","itemListElement":[{"@type":"ListItem","position":1,"name":"Home","item":"https:\/\/www.cadca.org\/"},{"@type":"ListItem","position":2,"name":"MYTI2023"}]},{"@type":"WebSite","@id":"https:\/\/www.cadca.org\/#website","url":"https:\/\/www.cadca.org\/","name":"CADCA","description":"The Premier Prevention Association","potentialAction":[{"@type":"SearchAction","target":{"@type":"EntryPoint","urlTemplate":"https:\/\/www.cadca.org\/?s={search_term_string}"},"query-input":{"@type":"PropertyValueSpecification","valueRequired":true,"valueName":"search_term_string"}}],"inLanguage":"es"}]}},"_links":{"self":[{"href":"https:\/\/www.cadca.org\/es\/wp-json\/wp\/v2\/pages\/18692","targetHints":{"allow":["GET"]}}],"collection":[{"href":"https:\/\/www.cadca.org\/es\/wp-json\/wp\/v2\/pages"}],"about":[{"href":"https:\/\/www.cadca.org\/es\/wp-json\/wp\/v2\/types\/page"}],"author":[{"embeddable":true,"href":"https:\/\/www.cadca.org\/es\/wp-json\/wp\/v2\/users\/23"}],"replies":[{"embeddable":true,"href":"https:\/\/www.cadca.org\/es\/wp-json\/wp\/v2\/comments?post=18692"}],"version-history":[{"count":0,"href":"https:\/\/www.cadca.org\/es\/wp-json\/wp\/v2\/pages\/18692\/revisions"}],"wp:attachment":[{"href":"https:\/\/www.cadca.org\/es\/wp-json\/wp\/v2\/media?parent=18692"}],"curies":[{"name":"wp","href":"https:\/\/api.w.org\/{rel}","templated":true}]}}