{"id":16777,"date":"2023-03-09T15:33:02","date_gmt":"2023-03-09T15:33:02","guid":{"rendered":"https:\/\/cadca1stg.wpengine.com\/?page_id=16777"},"modified":"2023-06-27T14:09:29","modified_gmt":"2023-06-27T14:09:29","slug":"registration","status":"publish","type":"page","link":"https:\/\/www.cadca.org\/es\/myti2023\/registration\/","title":{"rendered":"MYTI2023: Registration"},"content":{"rendered":"<style media=\"all\" type=\"text\/css\">\n\n    \n    \/* xs & sm (mobile) *\/\n    @media (max-width: 767.98px) {\n        }\n\n    \/* md (tablet) *\/\n    @media (min-width: 768px) and (max-width: 1199.98px) {\n        }\n\n    \/* lg (desktop) *\/\n    @media (min-width: 1200px) {\n        }\n\n    \/* custom styles *\/\n    @media (min-width: 768px) {rnt.rte .container{rnttwidth:800px;rn  tttext-align:center;rnt}rn}rnrn@media (max-width: 767.98px) {rnt.rte .container img{rnttwidth:100%;rn  ttheight:auto;rnt}rnrn}<\/style>\n<section class=\"rte  block_d9bac76a5dabc3446e4ea3fc4c28c3e8\" id=\"block_d9bac76a5dabc3446e4ea3fc4c28c3e8\">\n    <div class=\"container\">\n        <p><img loading=\"lazy\" decoding=\"async\" class=\"wp-image-16754 size-large aligncenter\" src=\"https:\/\/www.cadca.org\/wp-content\/uploads\/2023\/03\/23-Mid-year-banner-1667x262-2-1024x161.png\" alt=\"\" width=\"1024\" height=\"161\" srcset=\"https:\/\/www.cadca.org\/wp-content\/uploads\/2023\/03\/23-Mid-year-banner-1667x262-2-1024x161.png 1024w, https:\/\/www.cadca.org\/wp-content\/uploads\/2023\/03\/23-Mid-year-banner-1667x262-2-300x47.png 300w, https:\/\/www.cadca.org\/wp-content\/uploads\/2023\/03\/23-Mid-year-banner-1667x262-2-768x121.png 768w, https:\/\/www.cadca.org\/wp-content\/uploads\/2023\/03\/23-Mid-year-banner-1667x262-2-1536x241.png 1536w, https:\/\/www.cadca.org\/wp-content\/uploads\/2023\/03\/23-Mid-year-banner-1667x262-2-18x3.png 18w, https:\/\/www.cadca.org\/wp-content\/uploads\/2023\/03\/23-Mid-year-banner-1667x262-2.png 1667w\" sizes=\"auto, (max-width: 1024px) 100vw, 1024px\" \/><\/p>\n<p style=\"text-align: center\"><a href=\"https:\/\/www.cadca.org\/es\/myti2023\/\"><img loading=\"lazy\" decoding=\"async\" class=\"alignnone wp-image-16712\" src=\"https:\/\/www.cadca.org\/wp-content\/uploads\/2023\/03\/MYTIHomepage-300x243.png\" alt=\"\" width=\"100\" height=\"81\" \/><\/a> <a href=\"https:\/\/www.cadca.org\/es\/myti2023\/cfps\/\"><img loading=\"lazy\" decoding=\"async\" class=\"alignnone wp-image-16713\" src=\"https:\/\/www.cadca.org\/wp-content\/uploads\/2023\/03\/MYTICFP-300x243.png\" alt=\"\" width=\"100\" height=\"81\" srcset=\"https:\/\/www.cadca.org\/wp-content\/uploads\/2023\/03\/MYTICFP-300x243.png 300w, https:\/\/www.cadca.org\/wp-content\/uploads\/2023\/03\/MYTICFP-768x621.png 768w, https:\/\/www.cadca.org\/wp-content\/uploads\/2023\/03\/MYTICFP-15x12.png 15w, https:\/\/www.cadca.org\/wp-content\/uploads\/2023\/03\/MYTICFP.png 804w\" sizes=\"auto, (max-width: 100px) 100vw, 100px\" \/><\/a> <a href=\"https:\/\/www.cadca.org\/es\/myti2023\/faqs\/\"><img loading=\"lazy\" decoding=\"async\" class=\"alignnone wp-image-16720\" src=\"https:\/\/www.cadca.org\/wp-content\/uploads\/2023\/03\/MYTIFAQs-300x243.png\" alt=\"\" width=\"100\" height=\"81\" srcset=\"https:\/\/www.cadca.org\/wp-content\/uploads\/2023\/03\/MYTIFAQs-300x243.png 300w, https:\/\/www.cadca.org\/wp-content\/uploads\/2023\/03\/MYTIFAQs-768x621.png 768w, https:\/\/www.cadca.org\/wp-content\/uploads\/2023\/03\/MYTIFAQs-15x12.png 15w, https:\/\/www.cadca.org\/wp-content\/uploads\/2023\/03\/MYTIFAQs.png 804w\" sizes=\"auto, (max-width: 100px) 100vw, 100px\" \/><\/a> <a href=\"https:\/\/www.cadca.org\/es\/myti2023\/hotelandtravel\/\"><img loading=\"lazy\" decoding=\"async\" class=\"alignnone wp-image-16714\" src=\"https:\/\/www.cadca.org\/wp-content\/uploads\/2023\/03\/MYTIHotel-300x243.png\" alt=\"\" width=\"100\" height=\"81\" srcset=\"https:\/\/www.cadca.org\/wp-content\/uploads\/2023\/03\/MYTIHotel-300x243.png 300w, https:\/\/www.cadca.org\/wp-content\/uploads\/2023\/03\/MYTIHotel-768x621.png 768w, https:\/\/www.cadca.org\/wp-content\/uploads\/2023\/03\/MYTIHotel-15x12.png 15w, https:\/\/www.cadca.org\/wp-content\/uploads\/2023\/03\/MYTIHotel.png 804w\" sizes=\"auto, (max-width: 100px) 100vw, 100px\" \/><\/a> <a href=\"https:\/\/www.cadca.org\/es\/myti2023\/international\/\"><img loading=\"lazy\" decoding=\"async\" class=\"alignnone wp-image-16718\" src=\"https:\/\/www.cadca.org\/wp-content\/uploads\/2023\/03\/MYTIIntl-300x243.png\" alt=\"\" width=\"100\" height=\"81\" srcset=\"https:\/\/www.cadca.org\/wp-content\/uploads\/2023\/03\/MYTIIntl-300x243.png 300w, https:\/\/www.cadca.org\/wp-content\/uploads\/2023\/03\/MYTIIntl-768x621.png 768w, https:\/\/www.cadca.org\/wp-content\/uploads\/2023\/03\/MYTIIntl-15x12.png 15w, https:\/\/www.cadca.org\/wp-content\/uploads\/2023\/03\/MYTIIntl.png 804w\" sizes=\"auto, (max-width: 100px) 100vw, 100px\" \/><\/a> <a href=\"https:\/\/www.cadca.org\/es\/myti2023\/partnerships\/\"><img loading=\"lazy\" decoding=\"async\" class=\"alignnone wp-image-16716\" src=\"https:\/\/www.cadca.org\/wp-content\/uploads\/2023\/03\/MYTIPartnerships-300x243.png\" alt=\"\" width=\"100\" height=\"81\" srcset=\"https:\/\/www.cadca.org\/wp-content\/uploads\/2023\/03\/MYTIPartnerships-300x243.png 300w, https:\/\/www.cadca.org\/wp-content\/uploads\/2023\/03\/MYTIPartnerships-768x621.png 768w, https:\/\/www.cadca.org\/wp-content\/uploads\/2023\/03\/MYTIPartnerships-15x12.png 15w, https:\/\/www.cadca.org\/wp-content\/uploads\/2023\/03\/MYTIPartnerships.png 804w\" sizes=\"auto, (max-width: 100px) 100vw, 100px\" \/><\/a> <a href=\"https:\/\/www.cadca.org\/es\/myti2023\/schedule\/\"><img loading=\"lazy\" decoding=\"async\" class=\"alignnone wp-image-16715\" src=\"https:\/\/www.cadca.org\/wp-content\/uploads\/2023\/03\/MYTISchedule-300x243.png\" alt=\"\" width=\"100\" height=\"81\" srcset=\"https:\/\/www.cadca.org\/wp-content\/uploads\/2023\/03\/MYTISchedule-300x243.png 300w, https:\/\/www.cadca.org\/wp-content\/uploads\/2023\/03\/MYTISchedule-768x621.png 768w, https:\/\/www.cadca.org\/wp-content\/uploads\/2023\/03\/MYTISchedule-15x12.png 15w, https:\/\/www.cadca.org\/wp-content\/uploads\/2023\/03\/MYTISchedule.png 804w\" sizes=\"auto, (max-width: 100px) 100vw, 100px\" \/><\/a> <a href=\"https:\/\/www.cadca.org\/es\/myti2023\/scholarships\/\"><img loading=\"lazy\" decoding=\"async\" class=\"alignnone wp-image-16719\" src=\"https:\/\/www.cadca.org\/wp-content\/uploads\/2023\/03\/MYTIScholarships-300x243.png\" alt=\"\" width=\"100\" height=\"81\" srcset=\"https:\/\/www.cadca.org\/wp-content\/uploads\/2023\/03\/MYTIScholarships-300x243.png 300w, https:\/\/www.cadca.org\/wp-content\/uploads\/2023\/03\/MYTIScholarships-768x621.png 768w, https:\/\/www.cadca.org\/wp-content\/uploads\/2023\/03\/MYTIScholarships-15x12.png 15w, https:\/\/www.cadca.org\/wp-content\/uploads\/2023\/03\/MYTIScholarships.png 804w\" sizes=\"auto, (max-width: 100px) 100vw, 100px\" \/><\/a> <a href=\"https:\/\/www.cadca.org\/es\/myti2023\/youth\/\"><img loading=\"lazy\" decoding=\"async\" class=\"alignnone wp-image-16717\" src=\"https:\/\/www.cadca.org\/wp-content\/uploads\/2023\/03\/MYTIYouth-300x243.png\" alt=\"\" width=\"100\" height=\"81\" srcset=\"https:\/\/www.cadca.org\/wp-content\/uploads\/2023\/03\/MYTIYouth-300x243.png 300w, https:\/\/www.cadca.org\/wp-content\/uploads\/2023\/03\/MYTIYouth-768x621.png 768w, https:\/\/www.cadca.org\/wp-content\/uploads\/2023\/03\/MYTIYouth-15x12.png 15w, https:\/\/www.cadca.org\/wp-content\/uploads\/2023\/03\/MYTIYouth.png 804w\" sizes=\"auto, (max-width: 100px) 100vw, 100px\" \/><\/a><\/p>\n<p style=\"text-align: center\"><span style=\"color: #339966;font-family: tahoma, arial, helvetica, sans-serif;font-size: 36px\"><strong>Registro<\/strong><\/span><\/p>\n<p><b><i><span data-contrast=\"auto\">\u00bfCu\u00e1nto cuesta asistir al Instituto de Capacitaci\u00f3n de Medio A\u00f1o de CADCA?<\/span><\/i><\/b><\/p>\n<p><img loading=\"lazy\" decoding=\"async\" class=\"aligncenter size-full wp-image-19632\" src=\"https:\/\/www.cadca.org\/wp-content\/uploads\/2023\/06\/myti23-regprices-updated-4.png\" alt=\"\" width=\"450\" height=\"300\" srcset=\"https:\/\/www.cadca.org\/wp-content\/uploads\/2023\/06\/myti23-regprices-updated-4.png 450w, https:\/\/www.cadca.org\/wp-content\/uploads\/2023\/06\/myti23-regprices-updated-4-300x200.png 300w, https:\/\/www.cadca.org\/wp-content\/uploads\/2023\/06\/myti23-regprices-updated-4-18x12.png 18w\" sizes=\"auto, (max-width: 450px) 100vw, 450px\" \/><\/p>\n<p>Nota: Todos los asistentes deben estar registrados con su propia direcci\u00f3n de correo electr\u00f3nico \u00fanica (no se permiten duplicados en nuestro sistema)<\/p>\n<p><strong>\u00bfQu\u00e9 est\u00e1 incluido en la tarifa de inscripci\u00f3n?\u00a0<\/strong><\/p>\n<ul style=\"margin-left: 40px\">\n<li>Acceso a todas las sesiones en todas las pistas, del domingo 16 de julio al jueves 20 de julio de 2023<\/li>\n<li>Entrada a la Sala de Exposiciones<\/li>\n<li>bolsa CADCA<\/li>\n<li>Acceso a todos los folletos de la sesi\u00f3n y presentaciones de PowerPoint (permiso pendiente para publicar de los oradores)<\/li>\n<li>actividades de networking<\/li>\n<\/ul>\n<p><strong><br \/>\n\u00bfC\u00f3mo califico para la tarifa de registro grupal?\u00a0<\/strong><\/p>\n<ul style=\"margin-left: 40px\">\n<li>Todos los individuos deben estar asociados con la MISMA coalici\u00f3n\/organizaci\u00f3n (sin excepciones)<\/li>\n<li>La coalici\u00f3n\/organizaci\u00f3n debe ser un miembro activo de CADCA<\/li>\n<li>El grupo debe contener un m\u00ednimo de 5 personas que PAGAN TOTALMENTE (los beneficiarios de las becas y los oradores no cuentan para los miembros del grupo)<\/li>\n<li>Todos los miembros deben estar registrados al mismo tiempo y pagar en una transacci\u00f3n, utilizando una forma de pago<\/li>\n<\/ul>\n<p><strong><br \/>\n\u00bfC\u00f3mo asistir a Mitad de A\u00f1o con tarifa de socio?\u00a0<\/strong><\/p>\n<p>Compra una membres\u00eda de un a\u00f1o\u00a0<strong>antes de registrarse<\/strong>\u00a0\u00a1y obtenga la tarifa reducida para miembros! Los miembros ahorran m\u00e1s de $200 por registrante y obtienen acceso al foro de redes en l\u00ednea de CADCA, la Comunidad CADCA.<\/p>\n<p>Para m\u00e1s detalles, comun\u00edquese con el Equipo de Membres\u00eda de CADCA al<a href=\"mailto:membership@cadca.org\">membres\u00eda@cadca.org<\/a>o llame al 703-706-0560 ext. 261.<\/p>\n<p><strong><br \/>\n\u00bfC\u00f3mo puedo registrarme?\u00a0<\/strong><\/p>\n<ul style=\"margin-left: 40px\">\n<li><a href=\"https:\/\/web.cadca.org\/eweb\/DynamicPage.aspx?WebCode=LoginRequired&amp;expires=yes&amp;Site=CADCA_2017\" target=\"_blank\" rel=\"noopener\">A trav\u00e9s de nuestro portal para miembros<\/a><\/li>\n<li>Env\u00ede el formulario de registro en PDF por correo electr\u00f3nico a\u00a0<a href=\"mailto:events@cadca.org\" data-cke-saved-href=\"mailto:events@cadca.org\">eventos@cadca.org<\/a>\u00a0para recibir una factura<\/li>\n<\/ul>\n<p>&nbsp;<\/p>\n<p>sigue estos <a href=\"https:\/\/www.cadca.org\/wp-content\/uploads\/2023\/05\/MYTI23-Registration-Instructions-1.pdf\" target=\"_blank\" rel=\"noopener\">instrucciones paso a paso<\/a>\u00a0para obtener informaci\u00f3n detallada sobre c\u00f3mo registrarse para mitad de a\u00f1o.<\/p>\n<p><span class=\"ui-provider hc b c d e f g h i j k l m n o p q r s t u v w x y z ab ac ae af ag ah ai aj ak\" dir=\"ltr\">No se le considera registrado para la conferencia hasta que se haya recibido el pago o una orden de compra. El pago debe tener matasellos de <strong>26 de junio de 2023<\/strong>. Se aceptan \u00d3rdenes de Compra Oficiales (PO) (no Solicitudes de Compra) siempre que se cumplan las siguientes pautas. Si env\u00eda una orden de compra a CADCA, est\u00e1 garantizando el pago del monto total de la orden de compra antes de <strong>16 de julio<\/strong>.<\/span><\/p>\n<p><em>TENGA EN CUENTA: Si recibe un mensaje de error que dice: \u201c\u00a1ATENCI\u00d3N! Debe estar asociado con una organizaci\u00f3n para poder realizar el registro de eventos grupales.\u201d La organizaci\u00f3n con su cuenta no est\u00e1 vinculada correctamente. Para resolver, env\u00ede un correo electr\u00f3nico <a href=\"mailto:events@cadca.org\" data-cke-saved-href=\"mailto:events@cadca.org\">eventos@cadca.org<\/a>\u00a0o\u00a0<a href=\"mailto:membership@cadca.org\" data-cke-saved-href=\"mailto:membership@cadca.org\">membres\u00eda@cadca.org<\/a>.<\/em><\/p>\n<p>&nbsp;<\/p>\n<p><strong>Formularios de registro\u00a0<\/strong><\/p>\n<p><a href=\"https:\/\/www.cadca.org\/wp-content\/uploads\/2023\/06\/MYTI23-Reg-Form-INDIVIDUAL.pdf\"><img loading=\"lazy\" decoding=\"async\" class=\"alignnone wp-image-18638 size-medium\" src=\"https:\/\/www.cadca.org\/wp-content\/uploads\/2023\/05\/RegPage-1-300x64.png\" alt=\"\" width=\"300\" height=\"64\" srcset=\"https:\/\/www.cadca.org\/wp-content\/uploads\/2023\/05\/RegPage-1-300x64.png 300w, https:\/\/www.cadca.org\/wp-content\/uploads\/2023\/05\/RegPage-1-18x4.png 18w, https:\/\/www.cadca.org\/wp-content\/uploads\/2023\/05\/RegPage-1.png 387w\" sizes=\"auto, (max-width: 300px) 100vw, 300px\" \/><\/a><a href=\"https:\/\/www.cadca.org\/wp-content\/uploads\/2023\/06\/MYTI23-Reg-Form-GROUP-5-1.pdf\"><img loading=\"lazy\" decoding=\"async\" class=\"alignnone wp-image-18639 size-medium\" src=\"https:\/\/www.cadca.org\/wp-content\/uploads\/2023\/05\/RegPage-3-300x62.png\" alt=\"\" width=\"300\" height=\"62\" srcset=\"https:\/\/www.cadca.org\/wp-content\/uploads\/2023\/05\/RegPage-3-300x62.png 300w, https:\/\/www.cadca.org\/wp-content\/uploads\/2023\/05\/RegPage-3-768x159.png 768w, https:\/\/www.cadca.org\/wp-content\/uploads\/2023\/05\/RegPage-3-18x4.png 18w, https:\/\/www.cadca.org\/wp-content\/uploads\/2023\/05\/RegPage-3.png 774w\" sizes=\"auto, (max-width: 300px) 100vw, 300px\" \/><\/a><\/p>\n<p><strong><br \/>\nExoneraci\u00f3n de responsabilidad\u00a0<\/strong><\/p>\n<p>Como requisito para asistir a un Evento de Capacitaci\u00f3n CADCA, los asistentes deben reconocer <a href=\"https:\/\/www.cadca.org\/wp-content\/uploads\/2023\/05\/Waiver-of-Liability-Texas.pdf\">Exenci\u00f3n de responsabilidad de CADCA<\/a>.<\/p>\n<p>CADCA utilizar\u00e1 un sistema que facilita la distribuci\u00f3n de credenciales de contacto limitado para todos los participantes. Adem\u00e1s, el Gaylord se someter\u00e1 a una desinfecci\u00f3n mejorada y frecuente de las \u00e1reas de eventos de alto contacto, de acuerdo con su Compromiso con la limpieza.<\/p>\n<p><strong><br \/>\n\u00bfCu\u00e1les son las Pol\u00edticas de Cancelaci\u00f3n\/Reembolso\/Sustituci\u00f3n de CADCA?\u00a0<\/strong><\/p>\n<p>Las sustituciones son gratuitas y deben presentarse por escrito v\u00eda e-mail a events@cadca.org junto con un\u00a0<strong>NUEVO<\/strong>y el formulario de registro en PDF completado. CADCA cuenta con\u00a0<strong>NO HAY REEMBOLSO<\/strong>\u00a0pol\u00edtica. Las cancelaciones, las ausencias a la conferencia o la falta de asistencia al evento de capacitaci\u00f3n no recibir\u00e1n reembolso ni cr\u00e9dito para un futuro evento de capacitaci\u00f3n de CADCA.<\/p>\n<p><strong><br \/>\nNotas especiales<\/strong><\/p>\n<p>Participantes con discapacidades o necesidades especiales: si tiene una discapacidad o una necesidad especial que pueda afectar su participaci\u00f3n en el Foro, comun\u00edquese con nosotros al<a href=\"mailto:events@cadca.org\">eventos@cadca.org<\/a>para discutir sus necesidades.<\/p>\n<p>Al registrarse para el evento CADCA, nos est\u00e1 dando permiso para incluir su nombre, organizaci\u00f3n e informaci\u00f3n del estado para la lista de asistentes y el uso de su imagen capturada en fotograf\u00edas\/videos en l\u00ednea.<\/p>\n<p><strong>AL REGISTRARSE PARA ESTE EVENTO DE CAPACITACI\u00d3N, USTED ACEPTA LA POL\u00cdTICA DE REGISTRO DE CADCA.<\/strong><\/p>\n    <\/div>\n<\/section>","protected":false},"excerpt":{"rendered":"","protected":false},"author":23,"featured_media":0,"parent":18692,"menu_order":0,"comment_status":"closed","ping_status":"closed","template":"","meta":{"_acf_changed":false,"inline_featured_image":false,"footnotes":""},"class_list":["post-16777","page","type-page","status-publish","hentry"],"acf":[],"yoast_head":"<!-- This site is optimized with the Yoast SEO plugin v26.8 - https:\/\/yoast.com\/product\/yoast-seo-wordpress\/ -->\n<title>MYTI2023: Registration | CADCA<\/title>\n<meta name=\"description\" content=\"CADCA represents over 7,000 community coalitions that involve individuals from key sectors including schools, law enforcement, youth, parents, healthcare, media, tribal communities and others\" \/>\n<meta name=\"robots\" content=\"index, follow, max-snippet:-1, max-image-preview:large, max-video-preview:-1\" \/>\n<link rel=\"canonical\" href=\"https:\/\/www.cadca.org\/es\/myti2023\/registration\/\" \/>\n<meta property=\"og:locale\" content=\"es_ES\" \/>\n<meta property=\"og:type\" content=\"article\" \/>\n<meta property=\"og:title\" content=\"MYTI2023: Registration | CADCA\" \/>\n<meta property=\"og:description\" content=\"CADCA represents over 7,000 community coalitions that involve individuals from key sectors including schools, law enforcement, youth, parents, healthcare, media, tribal communities and others\" \/>\n<meta property=\"og:url\" content=\"https:\/\/www.cadca.org\/es\/myti2023\/registration\/\" \/>\n<meta property=\"og:site_name\" content=\"CADCA\" \/>\n<meta property=\"article:modified_time\" content=\"2023-06-27T14:09:29+00:00\" \/>\n<meta property=\"og:image\" content=\"https:\/\/www.cadca.org\/wp-content\/uploads\/2022\/03\/cadca-member-of-logo1.jpg\" \/>\n\t<meta property=\"og:image:width\" content=\"880\" \/>\n\t<meta property=\"og:image:height\" content=\"500\" \/>\n\t<meta property=\"og:image:type\" content=\"image\/jpeg\" \/>\n<meta name=\"twitter:card\" content=\"summary_large_image\" \/>\n<script type=\"application\/ld+json\" class=\"yoast-schema-graph\">{\"@context\":\"https:\/\/schema.org\",\"@graph\":[{\"@type\":\"WebPage\",\"@id\":\"https:\/\/www.cadca.org\/myti2023\/registration\/\",\"url\":\"https:\/\/www.cadca.org\/myti2023\/registration\/\",\"name\":\"MYTI2023: Registration | CADCA\",\"isPartOf\":{\"@id\":\"https:\/\/www.cadca.org\/#website\"},\"datePublished\":\"2023-03-09T15:33:02+00:00\",\"dateModified\":\"2023-06-27T14:09:29+00:00\",\"description\":\"CADCA represents over 7,000 community coalitions that involve individuals from key sectors including schools, law enforcement, youth, parents, healthcare, media, tribal communities and others\",\"breadcrumb\":{\"@id\":\"https:\/\/www.cadca.org\/myti2023\/registration\/#breadcrumb\"},\"inLanguage\":\"es\",\"potentialAction\":[{\"@type\":\"ReadAction\",\"target\":[\"https:\/\/www.cadca.org\/myti2023\/registration\/\"]}]},{\"@type\":\"BreadcrumbList\",\"@id\":\"https:\/\/www.cadca.org\/myti2023\/registration\/#breadcrumb\",\"itemListElement\":[{\"@type\":\"ListItem\",\"position\":1,\"name\":\"Home\",\"item\":\"https:\/\/www.cadca.org\/\"},{\"@type\":\"ListItem\",\"position\":2,\"name\":\"MYTI2023\",\"item\":\"https:\/\/www.cadca.org\/myti2023\/\"},{\"@type\":\"ListItem\",\"position\":3,\"name\":\"MYTI2023: Registration\"}]},{\"@type\":\"WebSite\",\"@id\":\"https:\/\/www.cadca.org\/#website\",\"url\":\"https:\/\/www.cadca.org\/\",\"name\":\"CADCA\",\"description\":\"The Premier Prevention Association\",\"potentialAction\":[{\"@type\":\"SearchAction\",\"target\":{\"@type\":\"EntryPoint\",\"urlTemplate\":\"https:\/\/www.cadca.org\/?s={search_term_string}\"},\"query-input\":{\"@type\":\"PropertyValueSpecification\",\"valueRequired\":true,\"valueName\":\"search_term_string\"}}],\"inLanguage\":\"es\"}]}<\/script>\n<!-- \/ Yoast SEO plugin. -->","yoast_head_json":{"title":"MYTI2023: Registration | CADCA","description":"CADCA represents over 7,000 community coalitions that involve individuals from key sectors including schools, law enforcement, youth, parents, healthcare, media, tribal communities and others","robots":{"index":"index","follow":"follow","max-snippet":"max-snippet:-1","max-image-preview":"max-image-preview:large","max-video-preview":"max-video-preview:-1"},"canonical":"https:\/\/www.cadca.org\/es\/myti2023\/registration\/","og_locale":"es_ES","og_type":"article","og_title":"MYTI2023: Registration | CADCA","og_description":"CADCA represents over 7,000 community coalitions that involve individuals from key sectors including schools, law enforcement, youth, parents, healthcare, media, tribal communities and others","og_url":"https:\/\/www.cadca.org\/es\/myti2023\/registration\/","og_site_name":"CADCA","article_modified_time":"2023-06-27T14:09:29+00:00","og_image":[{"width":880,"height":500,"url":"https:\/\/www.cadca.org\/wp-content\/uploads\/2022\/03\/cadca-member-of-logo1.jpg","type":"image\/jpeg"}],"twitter_card":"summary_large_image","schema":{"@context":"https:\/\/schema.org","@graph":[{"@type":"WebPage","@id":"https:\/\/www.cadca.org\/myti2023\/registration\/","url":"https:\/\/www.cadca.org\/myti2023\/registration\/","name":"MYTI2023: Registration | CADCA","isPartOf":{"@id":"https:\/\/www.cadca.org\/#website"},"datePublished":"2023-03-09T15:33:02+00:00","dateModified":"2023-06-27T14:09:29+00:00","description":"CADCA represents over 7,000 community coalitions that involve individuals from key sectors including schools, law enforcement, youth, parents, healthcare, media, tribal communities and others","breadcrumb":{"@id":"https:\/\/www.cadca.org\/myti2023\/registration\/#breadcrumb"},"inLanguage":"es","potentialAction":[{"@type":"ReadAction","target":["https:\/\/www.cadca.org\/myti2023\/registration\/"]}]},{"@type":"BreadcrumbList","@id":"https:\/\/www.cadca.org\/myti2023\/registration\/#breadcrumb","itemListElement":[{"@type":"ListItem","position":1,"name":"Home","item":"https:\/\/www.cadca.org\/"},{"@type":"ListItem","position":2,"name":"MYTI2023","item":"https:\/\/www.cadca.org\/myti2023\/"},{"@type":"ListItem","position":3,"name":"MYTI2023: Registration"}]},{"@type":"WebSite","@id":"https:\/\/www.cadca.org\/#website","url":"https:\/\/www.cadca.org\/","name":"CADCA","description":"The Premier Prevention Association","potentialAction":[{"@type":"SearchAction","target":{"@type":"EntryPoint","urlTemplate":"https:\/\/www.cadca.org\/?s={search_term_string}"},"query-input":{"@type":"PropertyValueSpecification","valueRequired":true,"valueName":"search_term_string"}}],"inLanguage":"es"}]}},"_links":{"self":[{"href":"https:\/\/www.cadca.org\/es\/wp-json\/wp\/v2\/pages\/16777","targetHints":{"allow":["GET"]}}],"collection":[{"href":"https:\/\/www.cadca.org\/es\/wp-json\/wp\/v2\/pages"}],"about":[{"href":"https:\/\/www.cadca.org\/es\/wp-json\/wp\/v2\/types\/page"}],"author":[{"embeddable":true,"href":"https:\/\/www.cadca.org\/es\/wp-json\/wp\/v2\/users\/23"}],"replies":[{"embeddable":true,"href":"https:\/\/www.cadca.org\/es\/wp-json\/wp\/v2\/comments?post=16777"}],"version-history":[{"count":0,"href":"https:\/\/www.cadca.org\/es\/wp-json\/wp\/v2\/pages\/16777\/revisions"}],"up":[{"embeddable":true,"href":"https:\/\/www.cadca.org\/es\/wp-json\/wp\/v2\/pages\/18692"}],"wp:attachment":[{"href":"https:\/\/www.cadca.org\/es\/wp-json\/wp\/v2\/media?parent=16777"}],"curies":[{"name":"wp","href":"https:\/\/api.w.org\/{rel}","templated":true}]}}