{"id":16776,"date":"2023-03-09T15:32:37","date_gmt":"2023-03-09T15:32:37","guid":{"rendered":"https:\/\/cadca1stg.wpengine.com\/?page_id=16776"},"modified":"2023-06-23T18:16:41","modified_gmt":"2023-06-23T18:16:41","slug":"youth","status":"publish","type":"page","link":"https:\/\/www.cadca.org\/es\/myti2023\/youth\/","title":{"rendered":"MYTI2023: Youth"},"content":{"rendered":"<style media=\"all\" type=\"text\/css\">\n\n    \n    \/* xs & sm (mobile) *\/\n    @media (max-width: 767.98px) {\n        }\n\n    \/* md (tablet) *\/\n    @media (min-width: 768px) and (max-width: 1199.98px) {\n        }\n\n    \/* lg (desktop) *\/\n    @media (min-width: 1200px) {\n        }\n\n    \/* custom styles *\/\n    <\/style>\n<section class=\"rte  block_1ad3d42a17b3418aa424b3c46247a9c7\" id=\"block_1ad3d42a17b3418aa424b3c46247a9c7\">\n    <div class=\"container\">\n        <p><span style=\"font-family: tahoma, arial, helvetica, sans-serif;font-size: 16px\"><img loading=\"lazy\" decoding=\"async\" class=\"wp-image-16754 size-large aligncenter\" src=\"https:\/\/www.cadca.org\/wp-content\/uploads\/2023\/03\/23-Mid-year-banner-1667x262-2-1024x161.png\" alt=\"\" width=\"1024\" height=\"161\" srcset=\"https:\/\/www.cadca.org\/wp-content\/uploads\/2023\/03\/23-Mid-year-banner-1667x262-2-1024x161.png 1024w, https:\/\/www.cadca.org\/wp-content\/uploads\/2023\/03\/23-Mid-year-banner-1667x262-2-300x47.png 300w, https:\/\/www.cadca.org\/wp-content\/uploads\/2023\/03\/23-Mid-year-banner-1667x262-2-768x121.png 768w, https:\/\/www.cadca.org\/wp-content\/uploads\/2023\/03\/23-Mid-year-banner-1667x262-2-1536x241.png 1536w, https:\/\/www.cadca.org\/wp-content\/uploads\/2023\/03\/23-Mid-year-banner-1667x262-2-18x3.png 18w, https:\/\/www.cadca.org\/wp-content\/uploads\/2023\/03\/23-Mid-year-banner-1667x262-2.png 1667w\" sizes=\"auto, (max-width: 1024px) 100vw, 1024px\" \/><\/span><\/p>\n<p style=\"text-align: center\"><span style=\"font-family: tahoma, arial, helvetica, sans-serif;font-size: 16px\"><a href=\"https:\/\/www.cadca.org\/es\/myti2023\/\"><img loading=\"lazy\" decoding=\"async\" class=\"alignnone wp-image-16712\" src=\"https:\/\/www.cadca.org\/wp-content\/uploads\/2023\/03\/MYTIHomepage-300x243.png\" alt=\"\" width=\"100\" height=\"81\" \/><\/a> <a href=\"https:\/\/www.cadca.org\/es\/myti2023\/cfps\/\"><img loading=\"lazy\" decoding=\"async\" class=\"alignnone wp-image-16713\" src=\"https:\/\/www.cadca.org\/wp-content\/uploads\/2023\/03\/MYTICFP-300x243.png\" alt=\"\" width=\"100\" height=\"81\" srcset=\"https:\/\/www.cadca.org\/wp-content\/uploads\/2023\/03\/MYTICFP-300x243.png 300w, https:\/\/www.cadca.org\/wp-content\/uploads\/2023\/03\/MYTICFP-768x621.png 768w, https:\/\/www.cadca.org\/wp-content\/uploads\/2023\/03\/MYTICFP-15x12.png 15w, https:\/\/www.cadca.org\/wp-content\/uploads\/2023\/03\/MYTICFP.png 804w\" sizes=\"auto, (max-width: 100px) 100vw, 100px\" \/><\/a>\u00a0<a href=\"https:\/\/www.cadca.org\/es\/myti2023\/faqs\/\"><img loading=\"lazy\" decoding=\"async\" class=\"alignnone wp-image-16720\" src=\"https:\/\/www.cadca.org\/wp-content\/uploads\/2023\/03\/MYTIFAQs-300x243.png\" alt=\"\" width=\"100\" height=\"81\" srcset=\"https:\/\/www.cadca.org\/wp-content\/uploads\/2023\/03\/MYTIFAQs-300x243.png 300w, https:\/\/www.cadca.org\/wp-content\/uploads\/2023\/03\/MYTIFAQs-768x621.png 768w, https:\/\/www.cadca.org\/wp-content\/uploads\/2023\/03\/MYTIFAQs-15x12.png 15w, https:\/\/www.cadca.org\/wp-content\/uploads\/2023\/03\/MYTIFAQs.png 804w\" sizes=\"auto, (max-width: 100px) 100vw, 100px\" \/><\/a> <a href=\"https:\/\/www.cadca.org\/es\/myti2023\/hotelandtravel\/\"><img loading=\"lazy\" decoding=\"async\" class=\"alignnone wp-image-16714\" src=\"https:\/\/www.cadca.org\/wp-content\/uploads\/2023\/03\/MYTIHotel-300x243.png\" alt=\"\" width=\"100\" height=\"81\" srcset=\"https:\/\/www.cadca.org\/wp-content\/uploads\/2023\/03\/MYTIHotel-300x243.png 300w, https:\/\/www.cadca.org\/wp-content\/uploads\/2023\/03\/MYTIHotel-768x621.png 768w, https:\/\/www.cadca.org\/wp-content\/uploads\/2023\/03\/MYTIHotel-15x12.png 15w, https:\/\/www.cadca.org\/wp-content\/uploads\/2023\/03\/MYTIHotel.png 804w\" sizes=\"auto, (max-width: 100px) 100vw, 100px\" \/><\/a> <a href=\"https:\/\/www.cadca.org\/es\/myti2023\/international\/\"><img loading=\"lazy\" decoding=\"async\" class=\"alignnone wp-image-16718\" src=\"https:\/\/www.cadca.org\/wp-content\/uploads\/2023\/03\/MYTIIntl-300x243.png\" alt=\"\" width=\"100\" height=\"81\" srcset=\"https:\/\/www.cadca.org\/wp-content\/uploads\/2023\/03\/MYTIIntl-300x243.png 300w, https:\/\/www.cadca.org\/wp-content\/uploads\/2023\/03\/MYTIIntl-768x621.png 768w, https:\/\/www.cadca.org\/wp-content\/uploads\/2023\/03\/MYTIIntl-15x12.png 15w, https:\/\/www.cadca.org\/wp-content\/uploads\/2023\/03\/MYTIIntl.png 804w\" sizes=\"auto, (max-width: 100px) 100vw, 100px\" \/><\/a> <a href=\"https:\/\/www.cadca.org\/es\/myti2023\/partnerships\/\"><img loading=\"lazy\" decoding=\"async\" class=\"alignnone wp-image-16716\" src=\"https:\/\/www.cadca.org\/wp-content\/uploads\/2023\/03\/MYTIPartnerships-300x243.png\" alt=\"\" width=\"100\" height=\"81\" srcset=\"https:\/\/www.cadca.org\/wp-content\/uploads\/2023\/03\/MYTIPartnerships-300x243.png 300w, https:\/\/www.cadca.org\/wp-content\/uploads\/2023\/03\/MYTIPartnerships-768x621.png 768w, https:\/\/www.cadca.org\/wp-content\/uploads\/2023\/03\/MYTIPartnerships-15x12.png 15w, https:\/\/www.cadca.org\/wp-content\/uploads\/2023\/03\/MYTIPartnerships.png 804w\" sizes=\"auto, (max-width: 100px) 100vw, 100px\" \/><\/a> <a href=\"https:\/\/www.cadca.org\/es\/myti2023\/registration\/\"><img loading=\"lazy\" decoding=\"async\" class=\"alignnone wp-image-16722\" src=\"https:\/\/www.cadca.org\/wp-content\/uploads\/2023\/03\/MYTIReg-300x243.png\" alt=\"\" width=\"100\" height=\"81\" srcset=\"https:\/\/www.cadca.org\/wp-content\/uploads\/2023\/03\/MYTIReg-300x243.png 300w, https:\/\/www.cadca.org\/wp-content\/uploads\/2023\/03\/MYTIReg-768x621.png 768w, https:\/\/www.cadca.org\/wp-content\/uploads\/2023\/03\/MYTIReg-15x12.png 15w, https:\/\/www.cadca.org\/wp-content\/uploads\/2023\/03\/MYTIReg.png 804w\" sizes=\"auto, (max-width: 100px) 100vw, 100px\" \/><\/a> <a href=\"https:\/\/www.cadca.org\/es\/myti2023\/schedule\/\"><img loading=\"lazy\" decoding=\"async\" class=\"alignnone wp-image-16715\" src=\"https:\/\/www.cadca.org\/wp-content\/uploads\/2023\/03\/MYTISchedule-300x243.png\" alt=\"\" width=\"100\" height=\"81\" srcset=\"https:\/\/www.cadca.org\/wp-content\/uploads\/2023\/03\/MYTISchedule-300x243.png 300w, https:\/\/www.cadca.org\/wp-content\/uploads\/2023\/03\/MYTISchedule-768x621.png 768w, https:\/\/www.cadca.org\/wp-content\/uploads\/2023\/03\/MYTISchedule-15x12.png 15w, https:\/\/www.cadca.org\/wp-content\/uploads\/2023\/03\/MYTISchedule.png 804w\" sizes=\"auto, (max-width: 100px) 100vw, 100px\" \/><\/a> <a href=\"https:\/\/www.cadca.org\/es\/myti2023\/scholarships\/\"><img loading=\"lazy\" decoding=\"async\" class=\"alignnone wp-image-16719\" src=\"https:\/\/www.cadca.org\/wp-content\/uploads\/2023\/03\/MYTIScholarships-300x243.png\" alt=\"\" width=\"100\" height=\"81\" srcset=\"https:\/\/www.cadca.org\/wp-content\/uploads\/2023\/03\/MYTIScholarships-300x243.png 300w, https:\/\/www.cadca.org\/wp-content\/uploads\/2023\/03\/MYTIScholarships-768x621.png 768w, https:\/\/www.cadca.org\/wp-content\/uploads\/2023\/03\/MYTIScholarships-15x12.png 15w, https:\/\/www.cadca.org\/wp-content\/uploads\/2023\/03\/MYTIScholarships.png 804w\" sizes=\"auto, (max-width: 100px) 100vw, 100px\" \/><\/a><\/span><\/p>\n<p style=\"text-align: center\"><span style=\"color: #0ba171;font-size: 36px;font-family: tahoma, arial, helvetica, sans-serif\"><strong>Programa de Liderazgo Juvenil de CADCA<\/strong><\/span><\/p>\n<p style=\"text-align: center\"><span style=\"font-family: tahoma, arial, helvetica, sans-serif\"><img loading=\"lazy\" decoding=\"async\" class=\"alignnone wp-image-16802\" src=\"https:\/\/www.cadca.org\/wp-content\/uploads\/2023\/03\/MYTIYouth2.png\" alt=\"\" width=\"500\" height=\"333\" srcset=\"https:\/\/www.cadca.org\/wp-content\/uploads\/2023\/03\/MYTIYouth2.png 900w, https:\/\/www.cadca.org\/wp-content\/uploads\/2023\/03\/MYTIYouth2-300x200.png 300w, https:\/\/www.cadca.org\/wp-content\/uploads\/2023\/03\/MYTIYouth2-768x512.png 768w, https:\/\/www.cadca.org\/wp-content\/uploads\/2023\/03\/MYTIYouth2-18x12.png 18w\" sizes=\"auto, (max-width: 500px) 100vw, 500px\" \/> <img loading=\"lazy\" decoding=\"async\" class=\"alignnone wp-image-16810\" src=\"https:\/\/www.cadca.org\/wp-content\/uploads\/2023\/03\/MYTIYouth-1.png\" alt=\"\" width=\"500\" height=\"333\" srcset=\"https:\/\/www.cadca.org\/wp-content\/uploads\/2023\/03\/MYTIYouth-1.png 900w, https:\/\/www.cadca.org\/wp-content\/uploads\/2023\/03\/MYTIYouth-1-300x200.png 300w, https:\/\/www.cadca.org\/wp-content\/uploads\/2023\/03\/MYTIYouth-1-768x512.png 768w, https:\/\/www.cadca.org\/wp-content\/uploads\/2023\/03\/MYTIYouth-1-18x12.png 18w\" sizes=\"auto, (max-width: 500px) 100vw, 500px\" \/><\/span><\/p>\n<div>\n<p>\u00a1Los j\u00f3venes no est\u00e1n liderando ma\u00f1ana sino liderando ahora! Nunca ha habido un momento como el presente para que los j\u00f3venes asciendan a roles de liderazgo en sus coaliciones y aborden los problemas apremiantes que enfrentan nuestras comunidades. Los cursos de capacitaci\u00f3n en liderazgo juvenil de CADCA desarrollan habilidades de pensamiento cr\u00edtico en los j\u00f3venes y los equipan con las herramientas necesarias para ayudar a las coaliciones a lograr cambios a nivel comunitario. Nuestra capacitaci\u00f3n empodera a los j\u00f3venes para que tomen medidas c\u00edvicas dirigidas por j\u00f3venes en sus comunidades.<\/p>\n<p>La construcci\u00f3n de alianzas con diversas partes interesadas a nivel comunitario es la base del modelo de coalici\u00f3n. Para lograr una verdadera sostenibilidad y un impacto a largo plazo, es imperativo empoderar a los j\u00f3venes para que sean catalizadores y sustentadores del cambio comunitario. Los cursos de capacitaci\u00f3n en liderazgo juvenil de CADCA desarrollan las habilidades de los j\u00f3venes en su comunidad y les brindan las herramientas necesarias para ayudar a su coalici\u00f3n a lograr un cambio a nivel comunitario. Nuestra capacitaci\u00f3n empodera a los j\u00f3venes de 13 a 18 a\u00f1os para que tomen medidas c\u00edvicas dirigidas por j\u00f3venes en sus comunidades. Las coaliciones de todo el pa\u00eds est\u00e1n enviando a sus j\u00f3venes a trav\u00e9s de estos emocionantes cursos para ayudarlos a trabajar juntos de manera m\u00e1s efectiva.<\/p>\n<p><strong>Liderazgo Juvenil<\/strong> contiene tres cursos separados para mitad de a\u00f1o: Fundamentos clave, Nivelaci\u00f3n de comunidades y Breakout de liderazgo juvenil. Ambos cursos deben ser atendidos por j\u00f3venes y su asesor adulto de la coalici\u00f3n para apoyar el proceso de aprendizaje.<\/p>\n<p><strong>El curso de elementos esenciales clave<\/strong> equipa a los participantes con las herramientas fundamentales necesarias para dar los primeros pasos en la soluci\u00f3n de los problemas de sus comunidades en torno a las drogas, el juuling, el consumo de alcohol por menores de edad, los medicamentos recetados y otros males sociales utilizando el Marco de Prevenci\u00f3n Estrat\u00e9gica.<\/p>\n<p><em>Key Essentials esta ofrecido en espa\u00f1ol con espacio limitado, por favor contactar <a href=\"mailto:youth@cadca.org\">juventud@cadca.org<\/a> para m\u00e1s informaci\u00f3n sobre como registrador.<\/em><\/p>\n<p><em>Key Essentials tambi\u00e9n se ofrece en espa\u00f1ol y tiene asientos limitados, comun\u00edquese con <a href=\"mailto:youth@cadca.org\">juventud@cadca.org<\/a> para m\u00e1s informaci\u00f3n. <\/em><\/p>\n<p><strong>Subiendo de nivel a las comunidades<\/strong>\u00a0ofrece una nueva visi\u00f3n del trabajo que hacemos dentro de nuestras comunidades, para garantizar que impacte a todos los miembros de la comunidad, especialmente a aquellos que m\u00e1s lo necesitan. La equidad en salud se est\u00e1 convirtiendo en un concepto integral dentro de los esfuerzos de prevenci\u00f3n del uso indebido de sustancias, y esta v\u00eda abordar\u00e1 c\u00f3mo podemos facilitar el cambio en nuestras comunidades a trav\u00e9s de esta perspectiva. Los j\u00f3venes que se inscriban en esta v\u00eda deben asistir a todas las sesiones y se recomienda que un asesor adulto asista a esta v\u00eda con los j\u00f3venes de la coalici\u00f3n.<\/p>\n<p><strong>La pista de ruptura de liderazgo juvenil<\/strong>\u00a0ofrece otra opci\u00f3n a los j\u00f3venes que han completado los cursos de capacitaci\u00f3n Key Essentials y Leveling Up Communities. Esta pista brinda a los l\u00edderes juveniles una introducci\u00f3n a diversas estrategias de prevenci\u00f3n y conocimientos para ayudarlos a desarrollar sus habilidades de liderazgo y coaliciones comunitarias.<\/p>\n<p>Las sesiones incluyen:<\/p>\n<ol style=\"margin-left:40px\">\n<li>Autocuidado: enfoque en fortalezas y estrategias<\/li>\n<li>LEAD: una experiencia inmersiva de liderazgo juvenil (sesi\u00f3n de socios)<\/li>\n<li>Encienda su influencia: c\u00f3mo involucrar e influir en sus pares en la prevenci\u00f3n (sesi\u00f3n de socios)<\/li>\n<li>Mantener mi rebote alto<\/li>\n<li>El poder de la JUVENTUD (Sesi\u00f3n de socios)<\/li>\n<li>Entrena tu salud cerebral. Esperanza. VIVIR. (Sesi\u00f3n de socios)<\/li>\n<li>Hot Take: Una combinaci\u00f3n t\u00f3xica de redes sociales, drogas, trata de personas y salud mental<\/li>\n<li>Bajo la influencia: exponer las t\u00e1cticas de la industria del alcohol<\/li>\n<\/ol>\n<\/div>\n<p>&nbsp;<\/p>\n<p><strong>ANTES DE REGISTRARSE:\u00a0<\/strong><\/p>\n<ol style=\"margin-left:40px\">\n<li>Hay tres pistas separadas de capacitaci\u00f3n en liderazgo juvenil a mitad de a\u00f1o; registre su grupo (# de asesores adultos y j\u00f3venes) para una de las siguientes pistas: Capacitaci\u00f3n de conceptos b\u00e1sicos clave o Capacitaci\u00f3n de nivelaci\u00f3n de comunidades o Capacitaci\u00f3n de sesi\u00f3n de liderazgo juvenil. Preseleccione su pista de entrenamiento utilizando este <a href=\"https:\/\/forms.monday.com\/forms\/6e06b38523d4d1576f0a12b089f938bd?r=use1\">enlace<\/a>.<\/li>\n<li>Muchos de nuestros l\u00edderes juveniles ya han completado Key Essentials y LUC, por lo tanto, queremos ofrecer oportunidades de capacitaci\u00f3n adicionales para que los j\u00f3venes asistan. \u00a1Consulte la descripci\u00f3n de nuestra nueva pista de ruptura de liderazgo juvenil para obtener m\u00e1s informaci\u00f3n!<\/li>\n<li>Como asesor(es) adulto(s) de la coalici\u00f3n y apoyo continuo para el trabajo que se llevar\u00e1 a cabo con su grupo de j\u00f3venes cuando regrese a su comunidad, se requiere que los asesores adultos de la coalici\u00f3n participen con los j\u00f3venes en todas las capacitaciones de liderazgo juvenil. Confirme los asesores adultos de sus coaliciones juveniles que participar\u00e1n en todos los segmentos de capacitaci\u00f3n con los j\u00f3venes (excluyendo la sesi\u00f3n especial para asesores adultos).<\/li>\n<li>Debemos tener un formulario de consentimiento de los padres para cada joven.<\/li>\n<\/ol>\n<p><strong><br \/>\nPreguntas frecuentes de YL\u00a0<\/strong><\/p>\n<p><strong>\u00bfHay un formulario de consentimiento para completar?<\/strong><br \/>\nS\u00ed, se requiere un formulario de consentimiento para todos los j\u00f3venes registrados de 18 a\u00f1os o menos.\u00a0\u00a0<a href=\"https:\/\/midyear.cadca.org\/webform\/mid-year-2023-consent-form\">Complete y env\u00ede uno aqu\u00ed.<\/a><\/p>\n<p><strong>\u00bfCu\u00e1les son los requisitos de edad?\u00a0<\/strong><br \/>\nLos cursos de liderazgo juvenil est\u00e1n dise\u00f1ados para personas de 13 a 20 a\u00f1os; sin embargo, env\u00edenos un correo electr\u00f3nico si tiene una excepci\u00f3n.<\/p>\n<p><strong>\u00bfSe requiere que los adultos participen con los j\u00f3venes en los cursos de liderazgo juvenil?\u00a0<\/strong><br \/>\nS\u00ed, se requiere que los asesores adultos participen con sus j\u00f3venes durante todo el proceso. El modelo de Liderazgo Juvenil de CADCA es una capacitaci\u00f3n especializada basada en el establecimiento de asociaciones sanas entre adultos y j\u00f3venes y espera que los adultos trabajen con los j\u00f3venes durante las sesiones de capacitaci\u00f3n. Este no es un rol de chaper\u00f3n, sino un entrenador\/mentor de la coalici\u00f3n que apoyar\u00e1 la implementaci\u00f3n de las estrategias desarrolladas al regresar a la coalici\u00f3n.<\/p>\n<p><strong>\u00bfCu\u00e1l es el atuendo?\u00a0<\/strong><br \/>\nLa vestimenta es casual durante las sesiones de entrenamiento. Nada demasiado ajustado, suelto, corto o revelador.<\/p>\n<p><strong>\u00bfQue traer?\u00a0<\/strong><br \/>\nSi su coalici\u00f3n tiene datos de la comunidad, \u00a1tr\u00e1igalos! (por ejemplo: datos de encuestas de j\u00f3venes)<\/p>\n<p><strong>\u00bfSiguen los j\u00f3venes el mismo horario de los adultos?\u00a0<\/strong><br \/>\nSi y no. En su mayor parte, los j\u00f3venes seguir\u00e1n el programa principal de mitad de a\u00f1o con la excepci\u00f3n de Youth Meet-Up N&#039; Chill y Youth Talent Show. Consulte el programa a continuaci\u00f3n para obtener m\u00e1s detalles. El horario est\u00e1 sujeto a cambios, as\u00ed que vuelva a consultar antes de su salida.<\/p>\n    <\/div>\n<\/section>","protected":false},"excerpt":{"rendered":"","protected":false},"author":23,"featured_media":0,"parent":18692,"menu_order":0,"comment_status":"closed","ping_status":"closed","template":"","meta":{"_acf_changed":false,"inline_featured_image":false,"footnotes":""},"class_list":["post-16776","page","type-page","status-publish","hentry"],"acf":[],"yoast_head":"<!-- This site is optimized with the Yoast SEO plugin v26.8 - https:\/\/yoast.com\/product\/yoast-seo-wordpress\/ -->\n<title>MYTI2023: Youth | CADCA<\/title>\n<meta name=\"description\" content=\"CADCA represents over 7,000 community coalitions that involve individuals from key sectors including schools, law enforcement, youth, parents, healthcare, media, tribal communities and others\" \/>\n<meta name=\"robots\" content=\"index, follow, max-snippet:-1, max-image-preview:large, max-video-preview:-1\" \/>\n<link rel=\"canonical\" href=\"https:\/\/www.cadca.org\/es\/myti2023\/youth\/\" \/>\n<meta property=\"og:locale\" content=\"es_ES\" \/>\n<meta property=\"og:type\" content=\"article\" \/>\n<meta property=\"og:title\" content=\"MYTI2023: Youth | CADCA\" \/>\n<meta property=\"og:description\" content=\"CADCA represents over 7,000 community coalitions that involve individuals from key sectors including schools, law enforcement, youth, parents, healthcare, media, tribal communities and others\" \/>\n<meta property=\"og:url\" content=\"https:\/\/www.cadca.org\/es\/myti2023\/youth\/\" \/>\n<meta property=\"og:site_name\" content=\"CADCA\" \/>\n<meta property=\"article:modified_time\" content=\"2023-06-23T18:16:41+00:00\" \/>\n<meta property=\"og:image\" content=\"https:\/\/www.cadca.org\/wp-content\/uploads\/2022\/03\/cadca-member-of-logo1.jpg\" \/>\n\t<meta property=\"og:image:width\" content=\"880\" \/>\n\t<meta property=\"og:image:height\" content=\"500\" \/>\n\t<meta property=\"og:image:type\" content=\"image\/jpeg\" \/>\n<meta name=\"twitter:card\" content=\"summary_large_image\" \/>\n<script type=\"application\/ld+json\" class=\"yoast-schema-graph\">{\"@context\":\"https:\/\/schema.org\",\"@graph\":[{\"@type\":\"WebPage\",\"@id\":\"https:\/\/www.cadca.org\/myti2023\/youth\/\",\"url\":\"https:\/\/www.cadca.org\/myti2023\/youth\/\",\"name\":\"MYTI2023: Youth | CADCA\",\"isPartOf\":{\"@id\":\"https:\/\/www.cadca.org\/#website\"},\"datePublished\":\"2023-03-09T15:32:37+00:00\",\"dateModified\":\"2023-06-23T18:16:41+00:00\",\"description\":\"CADCA represents over 7,000 community coalitions that involve individuals from key sectors including schools, law enforcement, youth, parents, healthcare, media, tribal communities and others\",\"breadcrumb\":{\"@id\":\"https:\/\/www.cadca.org\/myti2023\/youth\/#breadcrumb\"},\"inLanguage\":\"es\",\"potentialAction\":[{\"@type\":\"ReadAction\",\"target\":[\"https:\/\/www.cadca.org\/myti2023\/youth\/\"]}]},{\"@type\":\"BreadcrumbList\",\"@id\":\"https:\/\/www.cadca.org\/myti2023\/youth\/#breadcrumb\",\"itemListElement\":[{\"@type\":\"ListItem\",\"position\":1,\"name\":\"Home\",\"item\":\"https:\/\/www.cadca.org\/\"},{\"@type\":\"ListItem\",\"position\":2,\"name\":\"MYTI2023\",\"item\":\"https:\/\/www.cadca.org\/myti2023\/\"},{\"@type\":\"ListItem\",\"position\":3,\"name\":\"MYTI2023: Youth\"}]},{\"@type\":\"WebSite\",\"@id\":\"https:\/\/www.cadca.org\/#website\",\"url\":\"https:\/\/www.cadca.org\/\",\"name\":\"CADCA\",\"description\":\"The Premier Prevention Association\",\"potentialAction\":[{\"@type\":\"SearchAction\",\"target\":{\"@type\":\"EntryPoint\",\"urlTemplate\":\"https:\/\/www.cadca.org\/?s={search_term_string}\"},\"query-input\":{\"@type\":\"PropertyValueSpecification\",\"valueRequired\":true,\"valueName\":\"search_term_string\"}}],\"inLanguage\":\"es\"}]}<\/script>\n<!-- \/ Yoast SEO plugin. -->","yoast_head_json":{"title":"MYTI2023: Youth | CADCA","description":"CADCA represents over 7,000 community coalitions that involve individuals from key sectors including schools, law enforcement, youth, parents, healthcare, media, tribal communities and others","robots":{"index":"index","follow":"follow","max-snippet":"max-snippet:-1","max-image-preview":"max-image-preview:large","max-video-preview":"max-video-preview:-1"},"canonical":"https:\/\/www.cadca.org\/es\/myti2023\/youth\/","og_locale":"es_ES","og_type":"article","og_title":"MYTI2023: Youth | CADCA","og_description":"CADCA represents over 7,000 community coalitions that involve individuals from key sectors including schools, law enforcement, youth, parents, healthcare, media, tribal communities and others","og_url":"https:\/\/www.cadca.org\/es\/myti2023\/youth\/","og_site_name":"CADCA","article_modified_time":"2023-06-23T18:16:41+00:00","og_image":[{"width":880,"height":500,"url":"https:\/\/www.cadca.org\/wp-content\/uploads\/2022\/03\/cadca-member-of-logo1.jpg","type":"image\/jpeg"}],"twitter_card":"summary_large_image","schema":{"@context":"https:\/\/schema.org","@graph":[{"@type":"WebPage","@id":"https:\/\/www.cadca.org\/myti2023\/youth\/","url":"https:\/\/www.cadca.org\/myti2023\/youth\/","name":"MYTI2023: Youth | CADCA","isPartOf":{"@id":"https:\/\/www.cadca.org\/#website"},"datePublished":"2023-03-09T15:32:37+00:00","dateModified":"2023-06-23T18:16:41+00:00","description":"CADCA represents over 7,000 community coalitions that involve individuals from key sectors including schools, law enforcement, youth, parents, healthcare, media, tribal communities and others","breadcrumb":{"@id":"https:\/\/www.cadca.org\/myti2023\/youth\/#breadcrumb"},"inLanguage":"es","potentialAction":[{"@type":"ReadAction","target":["https:\/\/www.cadca.org\/myti2023\/youth\/"]}]},{"@type":"BreadcrumbList","@id":"https:\/\/www.cadca.org\/myti2023\/youth\/#breadcrumb","itemListElement":[{"@type":"ListItem","position":1,"name":"Home","item":"https:\/\/www.cadca.org\/"},{"@type":"ListItem","position":2,"name":"MYTI2023","item":"https:\/\/www.cadca.org\/myti2023\/"},{"@type":"ListItem","position":3,"name":"MYTI2023: Youth"}]},{"@type":"WebSite","@id":"https:\/\/www.cadca.org\/#website","url":"https:\/\/www.cadca.org\/","name":"CADCA","description":"The Premier Prevention Association","potentialAction":[{"@type":"SearchAction","target":{"@type":"EntryPoint","urlTemplate":"https:\/\/www.cadca.org\/?s={search_term_string}"},"query-input":{"@type":"PropertyValueSpecification","valueRequired":true,"valueName":"search_term_string"}}],"inLanguage":"es"}]}},"_links":{"self":[{"href":"https:\/\/www.cadca.org\/es\/wp-json\/wp\/v2\/pages\/16776","targetHints":{"allow":["GET"]}}],"collection":[{"href":"https:\/\/www.cadca.org\/es\/wp-json\/wp\/v2\/pages"}],"about":[{"href":"https:\/\/www.cadca.org\/es\/wp-json\/wp\/v2\/types\/page"}],"author":[{"embeddable":true,"href":"https:\/\/www.cadca.org\/es\/wp-json\/wp\/v2\/users\/23"}],"replies":[{"embeddable":true,"href":"https:\/\/www.cadca.org\/es\/wp-json\/wp\/v2\/comments?post=16776"}],"version-history":[{"count":0,"href":"https:\/\/www.cadca.org\/es\/wp-json\/wp\/v2\/pages\/16776\/revisions"}],"up":[{"embeddable":true,"href":"https:\/\/www.cadca.org\/es\/wp-json\/wp\/v2\/pages\/18692"}],"wp:attachment":[{"href":"https:\/\/www.cadca.org\/es\/wp-json\/wp\/v2\/media?parent=16776"}],"curies":[{"name":"wp","href":"https:\/\/api.w.org\/{rel}","templated":true}]}}