{"id":16771,"date":"2023-03-08T16:12:58","date_gmt":"2023-03-08T16:12:58","guid":{"rendered":"https:\/\/cadca1stg.wpengine.com\/?page_id=16771"},"modified":"2023-05-25T13:12:23","modified_gmt":"2023-05-25T13:12:23","slug":"support-act","status":"publish","type":"page","link":"https:\/\/www.cadca.org\/es\/support-act\/","title":{"rendered":"Ley de APOYO"},"content":{"rendered":"<div style=\"height:25px\" aria-hidden=\"true\" class=\"wp-block-spacer\"><\/div>\n\n\n<style media=\"all\" type=\"text\/css\">\n\n    \/* xs & sm (mobile) *\/\n    @media (max-width: 767.98px) {\n        }\n\n    \/* md (tablet) *\/\n    @media (min-width: 768px) and (max-width: 1199.98px) {\n        }\n\n    \/* lg (desktop) *\/\n    @media (min-width: 1200px) {\n        }\n\n    \/* custom styles *\/\n    <\/style>\n<section class=\"page_intro block_3ca169bc9bb7bcb2e1379182d4299d32\" id=\"block_3ca169bc9bb7bcb2e1379182d4299d32\">\n    <div class=\"container\">\n        <h1>Ley de APOYO<\/h1>\n            <\/div>\n<\/section>\n\n\n<style media=\"all\" type=\"text\/css\">\n\n    \n    \/* xs & sm (mobile) *\/\n    @media (max-width: 767.98px) {\n        }\n\n    \/* md (tablet) *\/\n    @media (min-width: 768px) and (max-width: 1199.98px) {\n        }\n\n    \/* lg (desktop) *\/\n    @media (min-width: 1200px) {\n        }\n\n    \/* custom styles *\/\n    <\/style>\n<section class=\"rte  block_aebb3276bc059eef142238381de102d1\" id=\"block_aebb3276bc059eef142238381de102d1\">\n    <div class=\"container\">\n        <p><b><strong>Disposiciones clave de\u00a0<\/strong><\/b><b><strong>PL 115-271<\/strong><\/b><b><strong>: Ley de APOYO para Pacientes y Comunidades: compuesta por las 7 estrategias para el cambio comunitario de CADCA<\/strong><\/b><\/p>\n<p><b><strong>Nota:<\/strong><\/b>\u00a0El Programa de Comunidades Libres de Drogas, con el Instituto de la Coalici\u00f3n Comunitaria Antidrogas, persigue estas siete estrategias integrales y est\u00e1 reautorizado por cinco a\u00f1os adicionales desde el a\u00f1o fiscal 2018 hasta el a\u00f1o fiscal 22.<\/p>\n<ol>\n<li><b><strong>Proporcionar informaci\u00f3n<\/strong><\/b><\/li>\n<\/ol>\n<ul>\n<li><b><strong>Comit\u00e9 de Amenazas Emergentes, Plan y Medi<\/strong><\/b><b><strong>a<\/strong><\/b><b><strong>\u00a0Campa\u00f1a (Secci\u00f3n\u00a0<\/strong><\/b><b><strong>8218<\/strong><\/b><b><strong>)<\/strong><\/b>\u2013 Establece un coordinador y comit\u00e9 de amenazas emergentes en la ONDCP para monitorear estas tendencias de drogas y autoriza al nuevo director de esa oficina a determinar si una campa\u00f1a m\u00e9dica ser\u00eda apropiada para abordar cada nueva amenaza ($25 millones);<\/li>\n<li><b><strong>Comunicaci\u00f3n con las familias durante emergencias (Secci\u00f3n 7052)\u00a0<\/strong><\/b>&#8211;<b><strong>\u00a0<\/strong><\/b>Recuerda anualmente a los proveedores de atenci\u00f3n m\u00e9dica que, seg\u00fan las leyes federales de privacidad vigentes, pueden notificar a las familias, los cuidadores y los proveedores de atenci\u00f3n m\u00e9dica sobre emergencias por sobredosis que involucren a un ser querido;<\/li>\n<li><b><strong>Informe sobre los efectos en la salud p\u00fablica del uso de drogas sint\u00e9ticas (Secci\u00f3n 7001)<\/strong><\/b>\u2013 Requiere que el Cirujano General informe al Congreso sobre los efectos en la salud p\u00fablica del uso de drogas sint\u00e9ticas entre adolescentes y adultos j\u00f3venes para educar a los padres y la comunidad m\u00e9dica.<\/li>\n<\/ul>\n<ol>\n<li><b><strong>Habilidades de construcci\u00f3n<\/strong><\/b><\/li>\n<\/ol>\n<ul>\n<li><b><strong>Tratamiento, educaci\u00f3n y ayuda comunitaria\u00a0<\/strong><\/b><b><strong>t<\/strong><\/b><b><strong>o Combatir la Adicci\u00f3n (Secci\u00f3n 7101)\u00a0<\/strong><\/b>\u2013 Ampl\u00eda la educaci\u00f3n m\u00e9dica y los recursos de capacitaci\u00f3n para los proveedores de atenci\u00f3n m\u00e9dica para abordar mejor la adicci\u00f3n, el dolor y la crisis de los opioides;<\/li>\n<li><b><strong>Prevenci\u00f3n de sobredosis en salas de emergencia (Secci\u00f3n 7081)\u00a0<\/strong><\/b>&#8211;<b><strong>\u00a0<\/strong><\/b>Mejora la capacidad de los departamentos de emergencia para evaluar, tratar y conectar de manera efectiva a los pacientes con trastornos por uso de sustancias con atenci\u00f3n;<\/li>\n<\/ul>\n<ul>\n<li><b><strong>Inclusi\u00f3n de\u00a0<\/strong><\/b><b><strong>O<\/strong><\/b><b><strong>pioides\u00a0<\/strong><\/b><b><strong>A<\/strong><\/b><b><strong>adicci\u00f3n\u00a0<\/strong><\/b><b><strong>H<\/strong><\/b><b><strong>historia en\u00a0<\/strong><\/b><b><strong>PAG<\/strong><\/b><b><strong>paciente\u00a0<\/strong><\/b><b><strong>R<\/strong><\/b><b><strong>registros (Secci\u00f3n 7051)<\/strong><\/b>\u00a0-Requiere que el HHS desarrolle las mejores pr\u00e1cticas para mostrar de manera destacada la informaci\u00f3n sobre el tratamiento del trastorno por uso de sustancias en los registros de salud electr\u00f3nicos, cuando lo solicite el paciente;<\/li>\n<\/ul>\n<ul>\n<li><b><strong>Intervenciones Tempranas para Mujeres Embarazadas y Beb\u00e9s (Secci\u00f3n 7063)<\/strong><\/b>\u00a0\u2013 Desarrolla y difunde materiales educativos para que los m\u00e9dicos los usen con mujeres embarazadas para la toma de decisiones compartidas con respecto al manejo del dolor durante el embarazo;<\/li>\n<li><b><strong>Capacitaci\u00f3n de primeros respondedores (Secci\u00f3n 7002)\u00a0<\/strong><\/b>\u2013 Ampl\u00eda la capacitaci\u00f3n de primeros auxilios, autorizada a trav\u00e9s de la Ley Integral de Adicci\u00f3n y Recuperaci\u00f3n, para incluir capacitaci\u00f3n sobre seguridad en torno al fentanilo y otras sustancias sint\u00e9ticas y peligrosas;<\/li>\n<li><b><strong>Empoderar a los farmac\u00e9uticos en la lucha contra el abuso de opioides (Secci\u00f3n 3212)<\/strong><\/b>\u00a0\u2013 Desarrolla y difunde recursos de capacitaci\u00f3n para ayudar a los farmac\u00e9uticos a detectar mejor los intentos fraudulentos de surtir medicamentos recetados.<\/li>\n<\/ul>\n<ol>\n<li><b><strong>Proporcionando ayuda<\/strong><\/b><\/li>\n<\/ol>\n<ul>\n<li><b><strong>Expansi\u00f3n de Servicios de Telesalud (Secci\u00f3n 1009; 2001; 3232)<\/strong><\/b>\u00a0\u2013 Ampl\u00eda el acceso al tratamiento del trastorno por consumo de sustancias y otros servicios mediante el uso de la telesalud;<\/li>\n<\/ul>\n<ul>\n<li><b><strong>Centros Integrales de Recuperaci\u00f3n de Opioides (Secci\u00f3n 7121)\u00a0<\/strong><\/b>&#8211;<b><strong>\u00a0<\/strong><\/b>Establece centros modelo de tratamiento y recuperaci\u00f3n integral para garantizar que las personas tengan acceso a servicios de tratamiento y recuperaci\u00f3n de calidad;<\/li>\n<li><b><strong>Secundario\u00a0<\/strong><\/b><b><strong>F<\/strong><\/b><b><strong>familia-<\/strong><\/b><b><strong>F<\/strong><\/b><b><strong>concentrado\u00a0<\/strong><\/b><b><strong>R<\/strong><\/b><b><strong>residencial\u00a0<\/strong><\/b><b><strong>T<\/strong><\/b><b><strong>tratamiento (Secci\u00f3n 8081, Secci\u00f3n 8083)<\/strong><\/b>\u00a0\u2013 Tratamiento residencial mejorado centrado en la familia; $20 millones en fondos para que el HHS los otorgue a los estados para desarrollar, mejorar o evaluar programas de tratamiento enfocados en la familia para aumentar la cantidad de programas basados en evidencia;<\/li>\n<li><b><strong>M\u00e1s flexibilidad para recetar tratamientos asistidos por medicamentos (Secci\u00f3n 3201, 3202)<\/strong><\/b>\u00a0\u2013 Aumenta la cantidad de proveedores de atenci\u00f3n m\u00e9dica exentos que pueden recetar o brindar tratamiento para trastornos por uso de sustancias, como enfermeras certificadas y m\u00e9dicos acreditados;<\/li>\n<li><b><strong>Ley CARRERA (Secci\u00f3n 7183)\u00a0<\/strong><\/b>\u2013 Mejora los recursos y los servicios de apoyo integrales para las personas en recuperaci\u00f3n de un trastorno por uso de sustancias que est\u00e1n pasando de los programas de tratamiento a la vida independiente y la fuerza laboral;<\/li>\n<li><b><strong>Garantizar el acceso a una vida sobria de calidad (Secci\u00f3n 7031)<\/strong><\/b>\u00a0\u2013 Desarrolla y difunde las mejores pr\u00e1cticas para operar viviendas de recuperaci\u00f3n para garantizar que las personas vivan en un entorno seguro y de apoyo;<\/li>\n<\/ul>\n<ul>\n<li><b><strong>Equipos de Tratamiento y Recuperaci\u00f3n de Sobriedad (START; Secci\u00f3n 8214)\u00a0<\/strong><\/b>\u2013 Establece y ampl\u00eda la implementaci\u00f3n de la<b><strong>\u00a0<\/strong><\/b>el programa START, que une a trabajadores sociales y mentores familiares con un peque\u00f1o n\u00famero de familias, brindando apoyo entre pares, tratamiento intensivo y servicios de bienestar infantil;<\/li>\n<li><b><strong>Planes de Cuidado Seguro (Secci\u00f3n 7065)<\/strong><\/b>\u00a0\u2013 Apoya a los estados en la colaboraci\u00f3n y mejora de los planes de atenci\u00f3n segura para beb\u00e9s expuestos a sustancias;<\/li>\n<li><b><strong>Familias y Pacientes en Crisis (Secci\u00f3n 8212)<\/strong><\/b>\u00a0\u2013 Subsidios para ampliar los servicios para pacientes y familias afectados por el trastorno por uso de sustancias y en crisis;<\/li>\n<li><b><strong>Subvenciones a\u00a0<\/strong><\/b><b><strong>I<\/strong><\/b><b><strong>mejorar\u00a0<\/strong><\/b><b><strong>T<\/strong><\/b><b><strong>rauma\u00a0<\/strong><\/b><b><strong>S<\/strong><\/b><b><strong>apoyo\u00a0<\/strong><\/b><b><strong>S<\/strong><\/b><b><strong>servicios y\u00a0<\/strong><\/b><b><strong>METRO<\/strong><\/b><b><strong>ental\u00a0<\/strong><\/b><b><strong>H<\/strong><\/b><b><strong>salud\u00a0<\/strong><\/b><b><strong>C<\/strong><\/b><b><strong>son para\u00a0<\/strong><\/b><b><strong>C<\/strong><\/b><b><strong>ni\u00f1os y\u00a0<\/strong><\/b><b><strong>Y<\/strong><\/b><b><strong>afuera adentro\u00a0<\/strong><\/b><b><strong>mi<\/strong><\/b><b><strong>educativo\u00a0<\/strong><\/b><b><strong>S<\/strong><\/b><b><strong>(Secci\u00f3n 7134)<\/strong><\/b>\u2013 Autoriza un nuevo programa de $50 millones en el Departamento de Educaci\u00f3n para aumentar el acceso de los estudiantes a servicios de apoyo de trauma basados en evidencia.<\/li>\n<\/ul>\n<ol>\n<li><b><strong>Mejorar el acceso y reducir las barreras<\/strong><\/b><\/li>\n<\/ol>\n<ul>\n<li><b><strong>Acceso a mayor eliminaci\u00f3n de medicamentos (Secci\u00f3n 3251-3260)<\/strong><\/b>\u00a0\u2013 Otorga subvenciones a los estados para mejorar el acceso a los programas de eliminaci\u00f3n de medicamentos recetados.<\/li>\n<\/ul>\n<ol>\n<li><b><strong>Cambio de consecuencias\/incentivos<\/strong><\/b><\/li>\n<\/ol>\n<ul>\n<li><b><strong>Delincuente\u00a0<\/strong><\/b><b><strong>PAG<\/strong><\/b><b><strong>sanciones (Secci\u00f3n 8122) \u2013\u00a0<\/strong><\/b>Esta disposici\u00f3n hace que sea ilegal pagar o recibir sobornos a cambio de derivar a un paciente a hogares de recuperaci\u00f3n o centros de tratamiento cl\u00ednico;<\/li>\n<li><b><strong>Reautorizaci\u00f3n de Programas Clave de Cumplimiento de la Ley (Secci\u00f3n 8205-8212)\u00a0<\/strong><\/b>\u2013 Reautoriza los programas de aplicaci\u00f3n de la ley a trav\u00e9s de la Oficina de Pol\u00edtica Nacional de Control de Drogas, como el programa del \u00c1rea de Tr\u00e1fico de Drogas de Alta Intensidad, los tribunales de drogas, el Programa Anti-Meth de COPS y el programa de fuerzas especiales contra la hero\u00edna de COPS;<\/li>\n<li><b><strong>Prevenci\u00f3n de Fraude de Recuperaci\u00f3n de Adicci\u00f3n a Opi\u00e1ceos (Secciones 8021-8023)<\/strong><\/b>\u00a0\u2013 Somete a aquellos que participan en actos injustos o enga\u00f1osos con respecto a los servicios de tratamiento de trastornos por uso de sustancias o productos de tratamiento de trastornos por uso de sustancias a sanciones civiles por violaciones por primera vez por parte de la FTC; incluye una cl\u00e1usula de ahorro para las autoridades existentes de la FTC y la FDA.<\/li>\n<\/ul>\n<ol>\n<li><b><strong>Cambiar el dise\u00f1o f\u00edsico del entorno<\/strong><\/b><\/li>\n<\/ol>\n<ul>\n<li><b><strong>Eliminaci\u00f3n segura de medicamentos no utilizados<\/strong><\/b>\u00a0<b><strong>(Secci\u00f3n 3222)<\/strong><\/b>\u00a0\u2013 Permite que los trabajadores de cuidados paliativos se deshagan de los medicamentos no utilizados en el sitio o en los hogares de los pacientes;<\/li>\n<li><b><strong>Caracter\u00edsticas de embalaje y eliminaci\u00f3n que mejoran la seguridad (Secci\u00f3n 3032)<\/strong><\/b>\u2013 Obliga a los fabricantes de medicamentos a envasar ciertos opioides para permitir una duraci\u00f3n determinada del tratamiento, por ejemplo, un blister con un suministro de 3 o 7 d\u00edas y tiene en cuenta a los pacientes con limitaciones funcionales. Esta disposici\u00f3n tambi\u00e9n aclara que las autoridades de la FDA exigen que los fabricantes brinden a los pacientes opciones seguras para desechar los opioides no utilizados, como envases de eliminaci\u00f3n seguros o sistemas de eliminaci\u00f3n seguros con el fin de que los medicamentos no utilizados no sean recuperables.<\/li>\n<\/ul>\n<ol>\n<li><b><strong>Cambio de reglas y pol\u00edticas<\/strong><\/b><\/li>\n<\/ol>\n<ul>\n<li><b><strong>Alternativas a los opioides en el departamento de emergencias (Secci\u00f3n 7091)<\/strong><\/b>\u00a0\u2013 Explora protocolos alternativos de manejo del dolor para limitar el uso de medicamentos opioides en los departamentos de emergencia;<\/li>\n<\/ul>\n<ul>\n<li><b><strong>Ley IMD CARE (Secci\u00f3n 5052)\u00a0<\/strong><\/b>\u2013 Ampl\u00eda la cobertura de Medicaid hasta 30 d\u00edas para personas de entre 21 y 65 a\u00f1os que reciben atenci\u00f3n en un centro de tratamiento para todos los trastornos por uso de sustancias, eliminando la restricci\u00f3n de 16 camas;<\/li>\n<li><b><strong>Reembolso del pr\u00e9stamo de la fuerza laboral para el trastorno por uso de sustancias (Secci\u00f3n 7071)\u00a0<\/strong><\/b>\u2013 Mejora la fuerza laboral de tratamiento de trastornos por uso de sustancias mediante la creaci\u00f3n de un programa de pago de pr\u00e9stamos estudiantiles para profesionales de la salud;<\/li>\n<li><b><strong>Entrega de una Sustancia Controlada por una Farmacia para ser Administrada por Inyecci\u00f3n o Implantaci\u00f3n (Secci\u00f3n 3204)<\/strong><\/b>\u00a0\u2013 Permite que las farmacias entreguen medicamentos implantables o inyectables para tratar los trastornos por uso de sustancias directamente a los proveedores de atenci\u00f3n m\u00e9dica;<\/li>\n<li><b><strong>Ampliaci\u00f3n del acceso a los medicamentos en las instalaciones para pacientes hospitalizados:<\/strong><\/b>\u00a0<b><strong>(Secci\u00f3n 5052)\u00a0<\/strong><\/b>\u2013 Cobertura ampliada de Medicaid hasta 30 d\u00edas para centros de hospitalizaci\u00f3n: se aplica a los proveedores que brindan un m\u00ednimo de dos tipos de medicamentos para tratar el trastorno por uso de opioides;<\/li>\n<li><b><strong>Cuidando la Recuperaci\u00f3n de Infantes y Beb\u00e9s (Secci\u00f3n 1007)<\/strong><\/b>\u00a0\u2013 Ampl\u00eda la cobertura de Medicaid para beb\u00e9s con s\u00edndrome de abstinencia neonatal que reciben atenci\u00f3n en centros residenciales de recuperaci\u00f3n pedi\u00e1trica;<\/li>\n<\/ul>\n<ul>\n<li><b><strong>Seguro m\u00e9dico para exj\u00f3venes de crianza temporal (Secci\u00f3n 1002)<\/strong><\/b>\u00a0\u2013 Permite que los antiguos j\u00f3venes de crianza mantengan su cobertura de Medicaid a trav\u00e9s de las fronteras estatales hasta los 26 a\u00f1os;<\/li>\n<li><b><strong>Modifica la exclusi\u00f3n de IMD para mujeres embarazadas y posparto (Secci\u00f3n 1012)\u00a0<\/strong><\/b>\u2013 Permite que las mujeres embarazadas y en posparto que reciben atenci\u00f3n por trastorno por uso de sustancias en un centro de tratamiento reciban otra atenci\u00f3n cubierta por Medicaid, como servicios prenatales;<\/li>\n<li><b><strong>Laboratorios de salud p\u00fablica que detectan fentanilo y otros opioides sint\u00e9ticos (Secci\u00f3n 7011) \u2013\u00a0<\/strong><\/b>Mejora la coordinaci\u00f3n entre los laboratorios de salud p\u00fablica y los laboratorios operados por la polic\u00eda para mejorar la detecci\u00f3n de fentanilo y otros opioides sint\u00e9ticos;<\/li>\n<li><b><strong>Tr\u00e1fico de sint\u00e9ticos y prevenci\u00f3n de sobredosis (Secci\u00f3n 8006, 8007)<\/strong><\/b>\u00a0\u2013 Mejora la capacidad de las agencias federales para detectar opioides sint\u00e9ticos y otras sustancias que ingresan a los Estados Unidos a trav\u00e9s del correo;<\/li>\n<li><b><strong>Caracter\u00edsticas de embalaje y eliminaci\u00f3n que mejoran la seguridad (Secci\u00f3n 3032)<\/strong><\/b>\u00a0\u2013 Requiere que ciertos opioides se empaqueten en suministros para 3 o 7 d\u00edas y requiere que se brinden opciones seguras de eliminaci\u00f3n de medicamentos recetados a los pacientes al recibir los medicamentos.<\/li>\n<\/ul>\n    <\/div>\n<\/section>","protected":false},"excerpt":{"rendered":"","protected":false},"author":23,"featured_media":0,"parent":0,"menu_order":0,"comment_status":"closed","ping_status":"closed","template":"","meta":{"_acf_changed":false,"inline_featured_image":false,"footnotes":""},"class_list":["post-16771","page","type-page","status-publish","hentry"],"acf":[],"yoast_head":"<!-- This site is optimized with the Yoast SEO plugin v27.4 - https:\/\/yoast.com\/product\/yoast-seo-wordpress\/ -->\n<title>SUPPORT Act | CADCA<\/title>\n<meta name=\"description\" content=\"CADCA represents over 7,000 community coalitions that involve individuals from key sectors including schools, law enforcement, youth, parents, healthcare, media, tribal communities and others\" \/>\n<meta name=\"robots\" content=\"index, follow, max-snippet:-1, max-image-preview:large, max-video-preview:-1\" \/>\n<link rel=\"canonical\" href=\"https:\/\/www.cadca.org\/es\/support-act\/\" \/>\n<meta property=\"og:locale\" content=\"es_ES\" \/>\n<meta property=\"og:type\" content=\"article\" \/>\n<meta property=\"og:title\" content=\"SUPPORT Act | CADCA\" \/>\n<meta property=\"og:description\" content=\"CADCA represents over 7,000 community coalitions that involve individuals from key sectors including schools, law enforcement, youth, parents, healthcare, media, tribal communities and others\" \/>\n<meta property=\"og:url\" content=\"https:\/\/www.cadca.org\/es\/support-act\/\" \/>\n<meta property=\"og:site_name\" content=\"CADCA\" \/>\n<meta property=\"article:modified_time\" content=\"2023-05-25T13:12:23+00:00\" \/>\n<meta property=\"og:image\" content=\"https:\/\/www.cadca.org\/wp-content\/uploads\/2022\/03\/cadca-member-of-logo1.jpg\" \/>\n\t<meta property=\"og:image:width\" content=\"880\" \/>\n\t<meta property=\"og:image:height\" content=\"500\" \/>\n\t<meta property=\"og:image:type\" content=\"image\/jpeg\" \/>\n<meta name=\"twitter:card\" content=\"summary_large_image\" \/>\n<script type=\"application\/ld+json\" class=\"yoast-schema-graph\">{\"@context\":\"https:\\\/\\\/schema.org\",\"@graph\":[{\"@type\":\"WebPage\",\"@id\":\"https:\\\/\\\/www.cadca.org\\\/support-act\\\/\",\"url\":\"https:\\\/\\\/www.cadca.org\\\/support-act\\\/\",\"name\":\"SUPPORT Act | CADCA\",\"isPartOf\":{\"@id\":\"https:\\\/\\\/www.cadca.org\\\/#website\"},\"datePublished\":\"2023-03-08T16:12:58+00:00\",\"dateModified\":\"2023-05-25T13:12:23+00:00\",\"description\":\"CADCA represents over 7,000 community coalitions that involve individuals from key sectors including schools, law enforcement, youth, parents, healthcare, media, tribal communities and others\",\"breadcrumb\":{\"@id\":\"https:\\\/\\\/www.cadca.org\\\/support-act\\\/#breadcrumb\"},\"inLanguage\":\"es\",\"potentialAction\":[{\"@type\":\"ReadAction\",\"target\":[\"https:\\\/\\\/www.cadca.org\\\/support-act\\\/\"]}]},{\"@type\":\"BreadcrumbList\",\"@id\":\"https:\\\/\\\/www.cadca.org\\\/support-act\\\/#breadcrumb\",\"itemListElement\":[{\"@type\":\"ListItem\",\"position\":1,\"name\":\"Home\",\"item\":\"https:\\\/\\\/www.cadca.org\\\/\"},{\"@type\":\"ListItem\",\"position\":2,\"name\":\"SUPPORT Act\"}]},{\"@type\":\"WebSite\",\"@id\":\"https:\\\/\\\/www.cadca.org\\\/#website\",\"url\":\"https:\\\/\\\/www.cadca.org\\\/\",\"name\":\"CADCA\",\"description\":\"The Premier Prevention Association\",\"potentialAction\":[{\"@type\":\"SearchAction\",\"target\":{\"@type\":\"EntryPoint\",\"urlTemplate\":\"https:\\\/\\\/www.cadca.org\\\/?s={search_term_string}\"},\"query-input\":{\"@type\":\"PropertyValueSpecification\",\"valueRequired\":true,\"valueName\":\"search_term_string\"}}],\"inLanguage\":\"es\"}]}<\/script>\n<!-- \/ Yoast SEO plugin. -->","yoast_head_json":{"title":"SUPPORT Act | CADCA","description":"CADCA represents over 7,000 community coalitions that involve individuals from key sectors including schools, law enforcement, youth, parents, healthcare, media, tribal communities and others","robots":{"index":"index","follow":"follow","max-snippet":"max-snippet:-1","max-image-preview":"max-image-preview:large","max-video-preview":"max-video-preview:-1"},"canonical":"https:\/\/www.cadca.org\/es\/support-act\/","og_locale":"es_ES","og_type":"article","og_title":"SUPPORT Act | CADCA","og_description":"CADCA represents over 7,000 community coalitions that involve individuals from key sectors including schools, law enforcement, youth, parents, healthcare, media, tribal communities and others","og_url":"https:\/\/www.cadca.org\/es\/support-act\/","og_site_name":"CADCA","article_modified_time":"2023-05-25T13:12:23+00:00","og_image":[{"width":880,"height":500,"url":"https:\/\/www.cadca.org\/wp-content\/uploads\/2022\/03\/cadca-member-of-logo1.jpg","type":"image\/jpeg"}],"twitter_card":"summary_large_image","schema":{"@context":"https:\/\/schema.org","@graph":[{"@type":"WebPage","@id":"https:\/\/www.cadca.org\/support-act\/","url":"https:\/\/www.cadca.org\/support-act\/","name":"SUPPORT Act | CADCA","isPartOf":{"@id":"https:\/\/www.cadca.org\/#website"},"datePublished":"2023-03-08T16:12:58+00:00","dateModified":"2023-05-25T13:12:23+00:00","description":"CADCA represents over 7,000 community coalitions that involve individuals from key sectors including schools, law enforcement, youth, parents, healthcare, media, tribal communities and others","breadcrumb":{"@id":"https:\/\/www.cadca.org\/support-act\/#breadcrumb"},"inLanguage":"es","potentialAction":[{"@type":"ReadAction","target":["https:\/\/www.cadca.org\/support-act\/"]}]},{"@type":"BreadcrumbList","@id":"https:\/\/www.cadca.org\/support-act\/#breadcrumb","itemListElement":[{"@type":"ListItem","position":1,"name":"Home","item":"https:\/\/www.cadca.org\/"},{"@type":"ListItem","position":2,"name":"SUPPORT Act"}]},{"@type":"WebSite","@id":"https:\/\/www.cadca.org\/#website","url":"https:\/\/www.cadca.org\/","name":"CADCA","description":"The Premier Prevention Association","potentialAction":[{"@type":"SearchAction","target":{"@type":"EntryPoint","urlTemplate":"https:\/\/www.cadca.org\/?s={search_term_string}"},"query-input":{"@type":"PropertyValueSpecification","valueRequired":true,"valueName":"search_term_string"}}],"inLanguage":"es"}]}},"_links":{"self":[{"href":"https:\/\/www.cadca.org\/es\/wp-json\/wp\/v2\/pages\/16771","targetHints":{"allow":["GET"]}}],"collection":[{"href":"https:\/\/www.cadca.org\/es\/wp-json\/wp\/v2\/pages"}],"about":[{"href":"https:\/\/www.cadca.org\/es\/wp-json\/wp\/v2\/types\/page"}],"author":[{"embeddable":true,"href":"https:\/\/www.cadca.org\/es\/wp-json\/wp\/v2\/users\/23"}],"replies":[{"embeddable":true,"href":"https:\/\/www.cadca.org\/es\/wp-json\/wp\/v2\/comments?post=16771"}],"version-history":[{"count":0,"href":"https:\/\/www.cadca.org\/es\/wp-json\/wp\/v2\/pages\/16771\/revisions"}],"wp:attachment":[{"href":"https:\/\/www.cadca.org\/es\/wp-json\/wp\/v2\/media?parent=16771"}],"curies":[{"name":"wp","href":"https:\/\/api.w.org\/{rel}","templated":true}]}}