{"id":16769,"date":"2023-03-08T16:11:39","date_gmt":"2023-03-08T16:11:39","guid":{"rendered":"https:\/\/cadca1stg.wpengine.com\/?page_id=16769"},"modified":"2025-10-09T12:47:47","modified_gmt":"2025-10-09T12:47:47","slug":"dfc-program","status":"publish","type":"page","link":"https:\/\/www.cadca.org\/es\/dfc-program\/","title":{"rendered":"Programa DFC"},"content":{"rendered":"<div style=\"height:25px\" aria-hidden=\"true\" class=\"wp-block-spacer\"><\/div>\n\n\n<style media=\"all\" type=\"text\/css\">\n\n    \/* xs & sm (mobile) *\/\n    @media (max-width: 767.98px) {\n        }\n\n    \/* md (tablet) *\/\n    @media (min-width: 768px) and (max-width: 1199.98px) {\n        }\n\n    \/* lg (desktop) *\/\n    @media (min-width: 1200px) {\n        }\n\n    \/* custom styles *\/\n    <\/style>\n<section class=\"page_intro block_76dccd96b818a286cfb6064a055edddf\" id=\"block_76dccd96b818a286cfb6064a055edddf\">\n    <div class=\"container\">\n        <h1>Programa DFC<\/h1>\n            <\/div>\n<\/section>\n\n\n<style media=\"all\" type=\"text\/css\">\n\n    \n    \/* xs & sm (mobile) *\/\n    @media (max-width: 767.98px) {\n        }\n\n    \/* md (tablet) *\/\n    @media (min-width: 768px) and (max-width: 1199.98px) {\n        }\n\n    \/* lg (desktop) *\/\n    @media (min-width: 1200px) {\n        }\n\n    \/* custom styles *\/\n    \/* Style headers and layout within the Advocacy section *\/\r\n.advocacy .section-heading {\r\n  font-family: \"Source Serif Pro\", serif;\r\n  font-size: 1.75rem;\r\n  color: #263c87;\r\n  border-bottom: 3px solid #263c87;\r\n  padding-bottom: 0.25em;\r\n  margin-top: 2em;\r\n  margin-bottom: 1em;\r\n}\r\n\r\n.advocacy p,\r\n.advocacy li {\r\n  font-family: \"Source Sans Pro\", sans-serif;\r\n  font-size: 1rem;\r\n  line-height: 1.6;\r\n  color: #000;\r\n}\r\n\r\n.advocacy a {\r\n  color: #263c87;\r\n  text-decoration: underline;\r\n}\r\n\r\n.advocacy table {\r\n  width: 100%;\r\n  border-collapse: collapse;\r\n  margin-top: 1em;\r\n  margin-bottom: 1em;\r\n}\r\n\r\n.advocacy table td {\r\n  border: 1px solid #ccc;\r\n  padding: 0.5em;\r\n  font-family: \"Source Sans Pro\", sans-serif;\r\n}\r\n\r\n.advocacy ul,\r\n.advocacy ol {\r\n  margin-left: 1.25em;\r\n  margin-bottom: 1em;\r\n}\r\n<\/style>\n<section class=\"rte  block_e93bfa98ed19225d0cf27f791925ee88\" id=\"block_e93bfa98ed19225d0cf27f791925ee88\">\n    <div class=\"container\">\n        <div class=\"advocacy\">\n<section>The Drug-Free Communities (DFC) program has been a central, bi-partisan component of our nation\u2019s demand reduction strategy since its passage in 1998. The consistent and steady growth of the program from $10 million in 1998 to $109 million in 2025 and the number of grantees (from 92 original grantees to more than 2,000 grantees) is a testament to the program\u2019s popularity. The premise of the DFC program is simple \u2013 that communities around the country must be organized and equipped to deal with their individual substance misuse problems in a comprehensive and coordinated manner.<\/section>\n<section>\n<h2 class=\"section-heading\">Cartas de inicio de sesi\u00f3n de DFC<\/h2>\n<p><strong> <a href=\"https:\/\/www.cadca.org\/wp-content\/uploads\/2025\/06\/FY26-Final-Sign-On-Letter-Senate.pdf\">Senate Sign-On Letter:<\/a> <\/strong>Asking the Senate to support funding the DFC Program at the highest possible level in FY 2026 and keep it in the Office of National Drug Control Policy.<\/p>\n<p><a href=\"https:\/\/www.cadca.org\/wp-content\/uploads\/2025\/06\/FY26-Final-Sign-On-Letter-House.pdf\"><b>House Sign-On Letter:<\/b><\/a> Asking the House to support funding the DFC program at the highest possible level in FY 2026 and keep it in the Office of National Drug Control Policy.<\/p>\n<\/section>\n<section>\n<h2 class=\"section-heading\">The DFC Program at a Glance<\/h2>\n<ul>\n<li>El programa DFC ha sido un componente central y bipartidista de la estrategia de reducci\u00f3n de la demanda de nuestra naci\u00f3n desde su aprobaci\u00f3n en 1998 porque reconoce que el problema de las drogas debe abordarse en todos los pueblos de los Estados Unidos.<\/li>\n<li>Ubicado en la Oficina de Pol\u00edtica Nacional de Control de Drogas (ONDCP), proporciona los fondos necesarios para que las comunidades identifiquen y respondan a los problemas locales de consumo de drogas y alcohol.<\/li>\n<li>El programa DFC reconoce que para ser sostenible en el tiempo, debe contar con la aceptaci\u00f3n de la comunidad. Para ser elegible para solicitar una subvenci\u00f3n de DFC, una coalici\u00f3n local debe:\n<ul>\n<li>Estar en existencia durante 6 meses antes de la solicitud;<\/li>\n<li>Tener datos de toda la comunidad para la planificaci\u00f3n, implementaci\u00f3n y evaluaci\u00f3n;<\/li>\n<li>Apuntar a toda la comunidad con estrategias efectivas;<\/li>\n<li>Proporcionar una igualaci\u00f3n d\u00f3lar por d\u00f3lar por cada d\u00f3lar federal (hasta $125,000\/a\u00f1o);<\/li>\n<li>Apuntar a toda la comunidad con estrategias efectivas; y<\/li>\n<li>Tener una participaci\u00f3n amplia de la comunidad para reducir el consumo de drogas, alcohol y tabaco entre los j\u00f3venes, que debe incluir:<\/li>\n<\/ul>\n<\/li>\n<\/ul>\n<table>\n<tbody>\n<tr>\n<td>Juventud<\/td>\n<td>Organizaciones religiosas o fraternales<\/td>\n<\/tr>\n<tr>\n<td>Padres<\/td>\n<td>Cumplimiento de la ley<\/td>\n<\/tr>\n<tr>\n<td>Negocios<\/td>\n<td>Grupos C\u00edvicos o Voluntarios<\/td>\n<\/tr>\n<tr>\n<td>Medios de comunicaci\u00f3n<\/td>\n<td>Profesionales de la salud<\/td>\n<\/tr>\n<tr>\n<td>Escuelas<\/td>\n<td>State, Local, or Tribal Government Agencies with Expertise in the Field of Substance Misuse<\/td>\n<\/tr>\n<tr>\n<td>Youth-Serving Organizations<\/td>\n<td>Other Local Organizations Involved in Reducing Substance Misuse<\/td>\n<\/tr>\n<\/tbody>\n<\/table>\n<ul>\n<li>Despite the growth of the program from $10 million in 1998 to $109 million in 2025, since its inception there has not been enough money to fund all who have applied.<\/li>\n<li>Los beneficiarios de DFC han reducido el uso y abuso de drogas en las comunidades de todo el pa\u00eds a niveles inferiores al promedio nacional porque est\u00e1n organizados, se basan en datos y adoptan un enfoque integral y multisectorial para resolver y abordar los problemas de drogas.<\/li>\n<li>Las coaliciones de DFC est\u00e1n singularmente situadas para hacer frente a las tendencias emergentes de drogas, como la metanfetamina, el uso indebido de medicamentos recetados y las drogas sint\u00e9ticas, porque cuentan con la infraestructura necesaria para abordar de manera efectiva los problemas relacionados con las drogas dentro de sus comunidades.<\/li>\n<li>El programa DFC es una inversi\u00f3n digna de los escasos recursos federales:\n<ul>\n<li>No solo es eficaz para reducir el consumo de drogas por parte de los j\u00f3venes, sino que muchos beneficiarios de DFC actualmente igualan dos o tres veces m\u00e1s que los fondos de subvenciones federales que reciben; y<\/li>\n<li>Los beneficiarios de DFC han demostrado claramente que pueden prevenir y reducir el consumo de drogas en comunidades de todo el pa\u00eds.<\/li>\n<\/ul>\n<\/li>\n<\/ul>\n<\/section>\n<section>\n<h2 class=\"section-heading\">Evaluaci\u00f3n Nacional del Programa de Apoyo a Comunidades Libres de Drogas (DFC)<\/h2>\n<p>The DFC grant program takes a comprehensive, multi-sector and data-driven approach to prevent and reduce youth substance use\/misuse in communities throughout the United States. The White House Office of National Drug Control Policy (ONDCP) recently released the findings for its <a href=\"https:\/\/www.cadca.org\/wp-content\/uploads\/2025\/10\/DFC-National-Evaluation-Report_2024__FINAL_2025_JUN_508compliant_corr.pdf\">National Evaluation of the DFC Program<\/a>.<\/p>\n<\/section>\n<section>\n<h2 class=\"section-heading\">The Findings to Date \u2013 Rates of Substance Use are Dropping in DFC Communities<\/h2>\n<p>Prevalence of past 30-day use <a href=\"https:\/\/www.cadca.org\/wp-content\/uploads\/2025\/10\/DFC-At-a-Glance-Updated-2025.pdf\" target=\"_blank\" rel=\"noopener\">declined significantly<\/a> across all substances (alcohol, tobacco, marijuana and prescription drugs) and school levels (middle and high school) between DFC coalitions\u2019 first and most recent data reports.<\/p>\n<\/section>\n<section>\n<h2 class=\"section-heading\">Recursos<\/h2>\n<ol>\n<li style=\"list-style-type: none\">\n<ol>\n<li><a href=\"https:\/\/www.cdc.gov\/overdose-prevention\/php\/drug-free-communities\/nofo-faq.html#cdc_generic_section_3-application-information\" target=\"_blank\" rel=\"noopener\">Centers for Disease Control (CDC) DFC page<\/a><\/li>\n<li><a href=\"https:\/\/www.whitehouse.gov\/ondcp\/\" target=\"_blank\" rel=\"noopener\">Subvenciones y programas de la ONDCP<\/a><\/li>\n<li><a href=\"https:\/\/www.cadca.org\/wp-content\/uploads\/2025\/10\/DFC-National-Evaluation-Report_2024__FINAL_2025_JUN_508compliant_corr.pdf\" target=\"_blank\" rel=\"noopener\">Informe de fin de a\u00f1o de la evaluaci\u00f3n nacional de DFC<\/a><\/li>\n<li><a href=\"https:\/\/www.cadca.org\/wp-content\/uploads\/2025\/10\/DFC-At-a-Glance-Updated-2025.pdf\">DFC At a Glance<\/a><\/li>\n<\/ol>\n<\/li>\n<\/ol>\n<\/section>\n<\/div>\n    <\/div>\n<\/section>","protected":false},"excerpt":{"rendered":"","protected":false},"author":23,"featured_media":0,"parent":0,"menu_order":0,"comment_status":"closed","ping_status":"closed","template":"","meta":{"_acf_changed":true,"inline_featured_image":false,"footnotes":""},"class_list":["post-16769","page","type-page","status-publish","hentry"],"acf":[],"yoast_head":"<!-- This site is optimized with the Yoast SEO plugin v27.4 - https:\/\/yoast.com\/product\/yoast-seo-wordpress\/ -->\n<title>DFC Program | CADCA<\/title>\n<meta name=\"description\" content=\"CADCA represents over 7,000 community coalitions that involve individuals from key sectors including schools, law enforcement, youth, parents, healthcare, media, tribal communities and others\" \/>\n<meta name=\"robots\" content=\"index, follow, max-snippet:-1, max-image-preview:large, max-video-preview:-1\" \/>\n<link rel=\"canonical\" href=\"https:\/\/www.cadca.org\/es\/dfc-program\/\" \/>\n<meta property=\"og:locale\" content=\"es_ES\" \/>\n<meta property=\"og:type\" content=\"article\" \/>\n<meta property=\"og:title\" content=\"DFC Program | CADCA\" \/>\n<meta property=\"og:description\" content=\"CADCA represents over 7,000 community coalitions that involve individuals from key sectors including schools, law enforcement, youth, parents, healthcare, media, tribal communities and others\" \/>\n<meta property=\"og:url\" content=\"https:\/\/www.cadca.org\/es\/dfc-program\/\" \/>\n<meta property=\"og:site_name\" content=\"CADCA\" \/>\n<meta property=\"article:modified_time\" content=\"2025-10-09T12:47:47+00:00\" \/>\n<meta property=\"og:image\" content=\"https:\/\/www.cadca.org\/wp-content\/uploads\/2022\/03\/cadca-member-of-logo1.jpg\" \/>\n\t<meta property=\"og:image:width\" content=\"880\" \/>\n\t<meta property=\"og:image:height\" content=\"500\" \/>\n\t<meta property=\"og:image:type\" content=\"image\/jpeg\" \/>\n<meta name=\"twitter:card\" content=\"summary_large_image\" \/>\n<script type=\"application\/ld+json\" class=\"yoast-schema-graph\">{\"@context\":\"https:\\\/\\\/schema.org\",\"@graph\":[{\"@type\":\"WebPage\",\"@id\":\"https:\\\/\\\/www.cadca.org\\\/dfc-program\\\/\",\"url\":\"https:\\\/\\\/www.cadca.org\\\/dfc-program\\\/\",\"name\":\"DFC Program | CADCA\",\"isPartOf\":{\"@id\":\"https:\\\/\\\/www.cadca.org\\\/#website\"},\"datePublished\":\"2023-03-08T16:11:39+00:00\",\"dateModified\":\"2025-10-09T12:47:47+00:00\",\"description\":\"CADCA represents over 7,000 community coalitions that involve individuals from key sectors including schools, law enforcement, youth, parents, healthcare, media, tribal communities and others\",\"breadcrumb\":{\"@id\":\"https:\\\/\\\/www.cadca.org\\\/dfc-program\\\/#breadcrumb\"},\"inLanguage\":\"es\",\"potentialAction\":[{\"@type\":\"ReadAction\",\"target\":[\"https:\\\/\\\/www.cadca.org\\\/dfc-program\\\/\"]}]},{\"@type\":\"BreadcrumbList\",\"@id\":\"https:\\\/\\\/www.cadca.org\\\/dfc-program\\\/#breadcrumb\",\"itemListElement\":[{\"@type\":\"ListItem\",\"position\":1,\"name\":\"Home\",\"item\":\"https:\\\/\\\/www.cadca.org\\\/\"},{\"@type\":\"ListItem\",\"position\":2,\"name\":\"DFC Program\"}]},{\"@type\":\"WebSite\",\"@id\":\"https:\\\/\\\/www.cadca.org\\\/#website\",\"url\":\"https:\\\/\\\/www.cadca.org\\\/\",\"name\":\"CADCA\",\"description\":\"The Premier Prevention Association\",\"potentialAction\":[{\"@type\":\"SearchAction\",\"target\":{\"@type\":\"EntryPoint\",\"urlTemplate\":\"https:\\\/\\\/www.cadca.org\\\/?s={search_term_string}\"},\"query-input\":{\"@type\":\"PropertyValueSpecification\",\"valueRequired\":true,\"valueName\":\"search_term_string\"}}],\"inLanguage\":\"es\"}]}<\/script>\n<!-- \/ Yoast SEO plugin. -->","yoast_head_json":{"title":"DFC Program | CADCA","description":"CADCA represents over 7,000 community coalitions that involve individuals from key sectors including schools, law enforcement, youth, parents, healthcare, media, tribal communities and others","robots":{"index":"index","follow":"follow","max-snippet":"max-snippet:-1","max-image-preview":"max-image-preview:large","max-video-preview":"max-video-preview:-1"},"canonical":"https:\/\/www.cadca.org\/es\/dfc-program\/","og_locale":"es_ES","og_type":"article","og_title":"DFC Program | CADCA","og_description":"CADCA represents over 7,000 community coalitions that involve individuals from key sectors including schools, law enforcement, youth, parents, healthcare, media, tribal communities and others","og_url":"https:\/\/www.cadca.org\/es\/dfc-program\/","og_site_name":"CADCA","article_modified_time":"2025-10-09T12:47:47+00:00","og_image":[{"width":880,"height":500,"url":"https:\/\/www.cadca.org\/wp-content\/uploads\/2022\/03\/cadca-member-of-logo1.jpg","type":"image\/jpeg"}],"twitter_card":"summary_large_image","schema":{"@context":"https:\/\/schema.org","@graph":[{"@type":"WebPage","@id":"https:\/\/www.cadca.org\/dfc-program\/","url":"https:\/\/www.cadca.org\/dfc-program\/","name":"DFC Program | CADCA","isPartOf":{"@id":"https:\/\/www.cadca.org\/#website"},"datePublished":"2023-03-08T16:11:39+00:00","dateModified":"2025-10-09T12:47:47+00:00","description":"CADCA represents over 7,000 community coalitions that involve individuals from key sectors including schools, law enforcement, youth, parents, healthcare, media, tribal communities and others","breadcrumb":{"@id":"https:\/\/www.cadca.org\/dfc-program\/#breadcrumb"},"inLanguage":"es","potentialAction":[{"@type":"ReadAction","target":["https:\/\/www.cadca.org\/dfc-program\/"]}]},{"@type":"BreadcrumbList","@id":"https:\/\/www.cadca.org\/dfc-program\/#breadcrumb","itemListElement":[{"@type":"ListItem","position":1,"name":"Home","item":"https:\/\/www.cadca.org\/"},{"@type":"ListItem","position":2,"name":"DFC Program"}]},{"@type":"WebSite","@id":"https:\/\/www.cadca.org\/#website","url":"https:\/\/www.cadca.org\/","name":"CADCA","description":"The Premier Prevention Association","potentialAction":[{"@type":"SearchAction","target":{"@type":"EntryPoint","urlTemplate":"https:\/\/www.cadca.org\/?s={search_term_string}"},"query-input":{"@type":"PropertyValueSpecification","valueRequired":true,"valueName":"search_term_string"}}],"inLanguage":"es"}]}},"_links":{"self":[{"href":"https:\/\/www.cadca.org\/es\/wp-json\/wp\/v2\/pages\/16769","targetHints":{"allow":["GET"]}}],"collection":[{"href":"https:\/\/www.cadca.org\/es\/wp-json\/wp\/v2\/pages"}],"about":[{"href":"https:\/\/www.cadca.org\/es\/wp-json\/wp\/v2\/types\/page"}],"author":[{"embeddable":true,"href":"https:\/\/www.cadca.org\/es\/wp-json\/wp\/v2\/users\/23"}],"replies":[{"embeddable":true,"href":"https:\/\/www.cadca.org\/es\/wp-json\/wp\/v2\/comments?post=16769"}],"version-history":[{"count":0,"href":"https:\/\/www.cadca.org\/es\/wp-json\/wp\/v2\/pages\/16769\/revisions"}],"wp:attachment":[{"href":"https:\/\/www.cadca.org\/es\/wp-json\/wp\/v2\/media?parent=16769"}],"curies":[{"name":"wp","href":"https:\/\/api.w.org\/{rel}","templated":true}]}}