{"id":16765,"date":"2023-03-08T16:10:26","date_gmt":"2023-03-08T16:10:26","guid":{"rendered":"https:\/\/cadca1stg.wpengine.com\/?page_id=16765"},"modified":"2025-10-09T12:48:47","modified_gmt":"2025-10-09T12:48:47","slug":"stop-act","status":"publish","type":"page","link":"https:\/\/www.cadca.org\/es\/stop-act\/","title":{"rendered":"Ley de ALTO"},"content":{"rendered":"<div style=\"height:25px\" aria-hidden=\"true\" class=\"wp-block-spacer\"><\/div>\n\n\n<style media=\"all\" type=\"text\/css\">\n\n    \/* xs & sm (mobile) *\/\n    @media (max-width: 767.98px) {\n        }\n\n    \/* md (tablet) *\/\n    @media (min-width: 768px) and (max-width: 1199.98px) {\n        }\n\n    \/* lg (desktop) *\/\n    @media (min-width: 1200px) {\n        }\n\n    \/* custom styles *\/\n    <\/style>\n<section class=\"page_intro block_4519a5114955f9e5bba677bb26561060\" id=\"block_4519a5114955f9e5bba677bb26561060\">\n    <div class=\"container\">\n        <h1>Ley de ALTO<\/h1>\n            <\/div>\n<\/section>\n\n\n<style media=\"all\" type=\"text\/css\">\n\n    \n    \/* xs & sm (mobile) *\/\n    @media (max-width: 767.98px) {\n        }\n\n    \/* md (tablet) *\/\n    @media (min-width: 768px) and (max-width: 1199.98px) {\n        }\n\n    \/* lg (desktop) *\/\n    @media (min-width: 1200px) {\n        }\n\n    \/* custom styles *\/\n    \/* Style headers and layout within the Advocacy section *\/\r\n.advocacy .section-heading {\r\n  font-family: \"Source Serif Pro\", serif;\r\n  font-size: 1.75rem;\r\n  color: #263c87;\r\n  border-bottom: 3px solid #263c87;\r\n  padding-bottom: 0.25em;\r\n  margin-top: 2em;\r\n  margin-bottom: 1em;\r\n}\r\n\r\n.advocacy p,\r\n.advocacy li {\r\n  font-family: \"Source Sans Pro\", sans-serif;\r\n  font-size: 1rem;\r\n  line-height: 1.6;\r\n  color: #000;\r\n}\r\n\r\n.advocacy a {\r\n  color: #263c87;\r\n  text-decoration: underline;\r\n}\r\n\r\n.advocacy table {\r\n  width: 100%;\r\n  border-collapse: collapse;\r\n  margin-top: 1em;\r\n  margin-bottom: 1em;\r\n}\r\n\r\n.advocacy table td {\r\n  border: 1px solid #ccc;\r\n  padding: 0.5em;\r\n  font-family: \"Source Sans Pro\", sans-serif;\r\n}\r\n\r\n.advocacy ul,\r\n.advocacy ol {\r\n  margin-left: 1.25em;\r\n  margin-bottom: 1em;\r\n}\r\n<\/style>\n<section class=\"rte  block_9eb6b0d482b16333ed338f1abdfcd9cc\" id=\"block_9eb6b0d482b16333ed338f1abdfcd9cc\">\n    <div class=\"container\">\n        <div class=\"advocacy\">\n<section>\n<h2 class=\"section-heading text-center\">Ley de la verdad sobria sobre la prevenci\u00f3n (STOP) del consumo de alcohol por menores de edad<\/h2>\n<p>El 13 de diciembre de 2016, el presidente Obama promulg\u00f3 la Ley de curas del siglo XXI, que inclu\u00eda una reautorizaci\u00f3n directa de la Ley de la verdad sobria sobre la prevenci\u00f3n del consumo de alcohol entre menores de edad (STOP, por sus siglas en ingl\u00e9s). Ahora <a href=\"https:\/\/www.govinfo.gov\/content\/pkg\/PLAW-114publ255\/pdf\/PLAW-114publ255.pdf\" target=\"_blank\" rel=\"noopener\">Ley P\u00fablica 114-255<\/a>, esto reautoriz\u00f3 hasta el a\u00f1o fiscal 2022 las disposiciones de la Ley STOP que se incluyeron en la legislaci\u00f3n de autorizaci\u00f3n original, incluidas las subvenciones para mejorar la coalici\u00f3n comunitaria, la campa\u00f1a nacional en los medios orientada a los adultos, el Comit\u00e9 de Coordinaci\u00f3n Interinstitucional para Prevenir el Consumo de Alcohol por Menores (ICCPUD), la investigaci\u00f3n epidemiol\u00f3gica sobre el consumo excesivo de alcohol y por menores de edad, y el informe anual al Congreso sobre el consumo de alcohol por menores de edad y las actividades de aplicaci\u00f3n de la ley.<\/p>\n<\/section>\n<section>\n<h2 class=\"section-heading text-center\">Justificaci\u00f3n del Programa de Subsidios de Mejora de la Coalici\u00f3n de la Ley STOP<\/h2>\n<p>The STOP Act community coalition enhancement program authorizes funding for community coalition enhancement grants of up to $60,000 for up to four years which can be awarded to current and past Drug-Free Communities (DFC) grantees to enhance their underage drinking prevention efforts.<\/p>\n<p>Las estrategias implementadas por la coalici\u00f3n y los programas establecidos por los beneficiarios de DFC son desarrollados por la comunidad, basados en datos de la comunidad y listos para ser vendidos. Construir sobre esta infraestructura efectiva basada en datos es la forma m\u00e1s r\u00e1pida y rentable de invertir d\u00f3lares federales m\u00ednimos para lidiar con el consumo de alcohol entre menores de edad, incluidos los problemas de consumo excesivo de alcohol, a nivel comunitario y obtener los m\u00e1ximos resultados.<\/p>\n<p>Las estrategias implementadas por los beneficiarios del programa de mejora de la coalici\u00f3n comunitaria para prevenir y reducir el consumo de alcohol por menores incluyen:<\/p>\n<ul>\n<li>Llevar a cabo campa\u00f1as de educaci\u00f3n en toda la comunidad;<\/li>\n<li>Llevar a cabo la capacitaci\u00f3n de proveedores y servidores;<\/li>\n<li>Realizaci\u00f3n de verificaciones de cumplimiento<\/li>\n<li>Movilizar a la comunidad para restringir el acceso de los j\u00f3venes al alcohol;<\/li>\n<li>Fortalecer y hacer cumplir las leyes de venta\/servicio a menores de edad<\/li>\n<\/ul>\n<\/section>\n<section>\n<h2 class=\"section-heading text-center\">Disposiciones de la Ley STOP<\/h2>\n<ul>\n<li><strong>Subvenciones para la mejora de coaliciones basadas en la comunidad<\/strong>\n<ul>\n<li>Reautoriza las subvenciones extremadamente exitosas de Mejora de la Coalici\u00f3n Basada en la Comunidad a los beneficiarios actuales y anteriores de Comunidades Libres de Drogas (DFC) contenidas en la Ley STOP original<\/li>\n<\/ul>\n<\/li>\n<li><strong>Comit\u00e9 de Coordinaci\u00f3n Interinstitucional; Informe anual sobre las actividades estatales de prevenci\u00f3n y cumplimiento del consumo de alcohol por menores de edad<\/strong>\n<ul>\n<li>Reautoriza al Comit\u00e9 Coordinador Interagencial para Prevenir el Consumo de Alcohol por Menores (ICCPUD) para coordinar los esfuerzos y la experiencia de varias agencias federales para combatir el consumo de alcohol por menores de edad<\/li>\n<li>Reautoriza el informe anual sobre los esfuerzos estatales para combatir el consumo de alcohol por menores de edad<\/li>\n<\/ul>\n<\/li>\n<li><strong>Campa\u00f1a Nacional de Medios para Prevenir el Consumo de Alcohol por Menores<\/strong>\n<ul>\n<li>Vuelve a autorizar una campa\u00f1a medi\u00e1tica orientada a adultos altamente visible<\/li>\n<\/ul>\n<\/li>\n<li><strong>Investigaci\u00f3n sobre el consumo de alcohol por menores de edad<\/strong>\n<ul>\n<li>Vuelve a autorizar los estudios epidemiol\u00f3gicos sobre el consumo excesivo de alcohol y el consumo de alcohol por menores de edad para proporcionar mejores datos en apoyo de la evaluaci\u00f3n de la comunidad y otros esfuerzos para reducir y prevenir el consumo de alcohol por menores de edad<\/li>\n<\/ul>\n<\/li>\n<\/ul>\n<\/section>\n<\/div>\n    <\/div>\n<\/section>","protected":false},"excerpt":{"rendered":"","protected":false},"author":23,"featured_media":0,"parent":0,"menu_order":0,"comment_status":"closed","ping_status":"closed","template":"","meta":{"_acf_changed":true,"inline_featured_image":false,"footnotes":""},"class_list":["post-16765","page","type-page","status-publish","hentry"],"acf":[],"yoast_head":"<!-- This site is optimized with the Yoast SEO plugin v26.8 - https:\/\/yoast.com\/product\/yoast-seo-wordpress\/ -->\n<title>STOP Act | CADCA<\/title>\n<meta name=\"description\" content=\"CADCA represents over 7,000 community coalitions that involve individuals from key sectors including schools, law enforcement, youth, parents, healthcare, media, tribal communities and others\" \/>\n<meta name=\"robots\" content=\"index, follow, max-snippet:-1, max-image-preview:large, max-video-preview:-1\" \/>\n<link rel=\"canonical\" href=\"https:\/\/www.cadca.org\/es\/stop-act\/\" \/>\n<meta property=\"og:locale\" content=\"es_ES\" \/>\n<meta property=\"og:type\" content=\"article\" \/>\n<meta property=\"og:title\" content=\"STOP Act | CADCA\" \/>\n<meta property=\"og:description\" content=\"CADCA represents over 7,000 community coalitions that involve individuals from key sectors including schools, law enforcement, youth, parents, healthcare, media, tribal communities and others\" \/>\n<meta property=\"og:url\" content=\"https:\/\/www.cadca.org\/es\/stop-act\/\" \/>\n<meta property=\"og:site_name\" content=\"CADCA\" \/>\n<meta property=\"article:modified_time\" content=\"2025-10-09T12:48:47+00:00\" \/>\n<meta property=\"og:image\" content=\"https:\/\/www.cadca.org\/wp-content\/uploads\/2022\/03\/cadca-member-of-logo1.jpg\" \/>\n\t<meta property=\"og:image:width\" content=\"880\" \/>\n\t<meta property=\"og:image:height\" content=\"500\" \/>\n\t<meta property=\"og:image:type\" content=\"image\/jpeg\" \/>\n<meta name=\"twitter:card\" content=\"summary_large_image\" \/>\n<script type=\"application\/ld+json\" class=\"yoast-schema-graph\">{\"@context\":\"https:\/\/schema.org\",\"@graph\":[{\"@type\":\"WebPage\",\"@id\":\"https:\/\/www.cadca.org\/stop-act\/\",\"url\":\"https:\/\/www.cadca.org\/stop-act\/\",\"name\":\"STOP Act | CADCA\",\"isPartOf\":{\"@id\":\"https:\/\/www.cadca.org\/#website\"},\"datePublished\":\"2023-03-08T16:10:26+00:00\",\"dateModified\":\"2025-10-09T12:48:47+00:00\",\"description\":\"CADCA represents over 7,000 community coalitions that involve individuals from key sectors including schools, law enforcement, youth, parents, healthcare, media, tribal communities and others\",\"breadcrumb\":{\"@id\":\"https:\/\/www.cadca.org\/stop-act\/#breadcrumb\"},\"inLanguage\":\"es\",\"potentialAction\":[{\"@type\":\"ReadAction\",\"target\":[\"https:\/\/www.cadca.org\/stop-act\/\"]}]},{\"@type\":\"BreadcrumbList\",\"@id\":\"https:\/\/www.cadca.org\/stop-act\/#breadcrumb\",\"itemListElement\":[{\"@type\":\"ListItem\",\"position\":1,\"name\":\"Home\",\"item\":\"https:\/\/www.cadca.org\/\"},{\"@type\":\"ListItem\",\"position\":2,\"name\":\"STOP Act\"}]},{\"@type\":\"WebSite\",\"@id\":\"https:\/\/www.cadca.org\/#website\",\"url\":\"https:\/\/www.cadca.org\/\",\"name\":\"CADCA\",\"description\":\"The Premier Prevention Association\",\"potentialAction\":[{\"@type\":\"SearchAction\",\"target\":{\"@type\":\"EntryPoint\",\"urlTemplate\":\"https:\/\/www.cadca.org\/?s={search_term_string}\"},\"query-input\":{\"@type\":\"PropertyValueSpecification\",\"valueRequired\":true,\"valueName\":\"search_term_string\"}}],\"inLanguage\":\"es\"}]}<\/script>\n<!-- \/ Yoast SEO plugin. -->","yoast_head_json":{"title":"STOP Act | CADCA","description":"CADCA represents over 7,000 community coalitions that involve individuals from key sectors including schools, law enforcement, youth, parents, healthcare, media, tribal communities and others","robots":{"index":"index","follow":"follow","max-snippet":"max-snippet:-1","max-image-preview":"max-image-preview:large","max-video-preview":"max-video-preview:-1"},"canonical":"https:\/\/www.cadca.org\/es\/stop-act\/","og_locale":"es_ES","og_type":"article","og_title":"STOP Act | CADCA","og_description":"CADCA represents over 7,000 community coalitions that involve individuals from key sectors including schools, law enforcement, youth, parents, healthcare, media, tribal communities and others","og_url":"https:\/\/www.cadca.org\/es\/stop-act\/","og_site_name":"CADCA","article_modified_time":"2025-10-09T12:48:47+00:00","og_image":[{"width":880,"height":500,"url":"https:\/\/www.cadca.org\/wp-content\/uploads\/2022\/03\/cadca-member-of-logo1.jpg","type":"image\/jpeg"}],"twitter_card":"summary_large_image","schema":{"@context":"https:\/\/schema.org","@graph":[{"@type":"WebPage","@id":"https:\/\/www.cadca.org\/stop-act\/","url":"https:\/\/www.cadca.org\/stop-act\/","name":"STOP Act | CADCA","isPartOf":{"@id":"https:\/\/www.cadca.org\/#website"},"datePublished":"2023-03-08T16:10:26+00:00","dateModified":"2025-10-09T12:48:47+00:00","description":"CADCA represents over 7,000 community coalitions that involve individuals from key sectors including schools, law enforcement, youth, parents, healthcare, media, tribal communities and others","breadcrumb":{"@id":"https:\/\/www.cadca.org\/stop-act\/#breadcrumb"},"inLanguage":"es","potentialAction":[{"@type":"ReadAction","target":["https:\/\/www.cadca.org\/stop-act\/"]}]},{"@type":"BreadcrumbList","@id":"https:\/\/www.cadca.org\/stop-act\/#breadcrumb","itemListElement":[{"@type":"ListItem","position":1,"name":"Home","item":"https:\/\/www.cadca.org\/"},{"@type":"ListItem","position":2,"name":"STOP Act"}]},{"@type":"WebSite","@id":"https:\/\/www.cadca.org\/#website","url":"https:\/\/www.cadca.org\/","name":"CADCA","description":"The Premier Prevention Association","potentialAction":[{"@type":"SearchAction","target":{"@type":"EntryPoint","urlTemplate":"https:\/\/www.cadca.org\/?s={search_term_string}"},"query-input":{"@type":"PropertyValueSpecification","valueRequired":true,"valueName":"search_term_string"}}],"inLanguage":"es"}]}},"_links":{"self":[{"href":"https:\/\/www.cadca.org\/es\/wp-json\/wp\/v2\/pages\/16765","targetHints":{"allow":["GET"]}}],"collection":[{"href":"https:\/\/www.cadca.org\/es\/wp-json\/wp\/v2\/pages"}],"about":[{"href":"https:\/\/www.cadca.org\/es\/wp-json\/wp\/v2\/types\/page"}],"author":[{"embeddable":true,"href":"https:\/\/www.cadca.org\/es\/wp-json\/wp\/v2\/users\/23"}],"replies":[{"embeddable":true,"href":"https:\/\/www.cadca.org\/es\/wp-json\/wp\/v2\/comments?post=16765"}],"version-history":[{"count":0,"href":"https:\/\/www.cadca.org\/es\/wp-json\/wp\/v2\/pages\/16765\/revisions"}],"wp:attachment":[{"href":"https:\/\/www.cadca.org\/es\/wp-json\/wp\/v2\/media?parent=16765"}],"curies":[{"name":"wp","href":"https:\/\/api.w.org\/{rel}","templated":true}]}}