{"id":16763,"date":"2023-03-08T15:12:16","date_gmt":"2023-03-08T15:12:16","guid":{"rendered":"https:\/\/cadca1stg.wpengine.com\/?page_id=16763"},"modified":"2023-06-07T16:37:05","modified_gmt":"2023-06-07T16:37:05","slug":"prevention-works","status":"publish","type":"page","link":"https:\/\/www.cadca.org\/es\/prevention-works\/","title":{"rendered":"Obras de Prevenci\u00f3n"},"content":{"rendered":"<div style=\"height:25px\" aria-hidden=\"true\" class=\"wp-block-spacer\"><\/div>\n\n\n<style media=\"all\" type=\"text\/css\">\n\n    \/* xs & sm (mobile) *\/\n    @media (max-width: 767.98px) {\n        }\n\n    \/* md (tablet) *\/\n    @media (min-width: 768px) and (max-width: 1199.98px) {\n        }\n\n    \/* lg (desktop) *\/\n    @media (min-width: 1200px) {\n        }\n\n    \/* custom styles *\/\n    <\/style>\n<section class=\"page_intro block_7740255d1dbe785cf05686de56e035c3\" id=\"block_7740255d1dbe785cf05686de56e035c3\">\n    <div class=\"container\">\n        <h1>Obras de Prevenci\u00f3n<\/h1>\n            <\/div>\n<\/section>\n\n\n<style media=\"all\" type=\"text\/css\">\n\n    \n    \/* xs & sm (mobile) *\/\n    @media (max-width: 767.98px) {\n        }\n\n    \/* md (tablet) *\/\n    @media (min-width: 768px) and (max-width: 1199.98px) {\n        }\n\n    \/* lg (desktop) *\/\n    @media (min-width: 1200px) {\n        }\n\n    \/* custom styles *\/\n    <\/style>\n<section class=\"rte  block_5a055b3d2d3d4e75648e526877484ac3\" id=\"block_5a055b3d2d3d4e75648e526877484ac3\">\n    <div class=\"container\">\n        <p>Las investigaciones de las \u00faltimas dos d\u00e9cadas han demostrado que la adicci\u00f3n a las drogas se puede prevenir y tratar. Es vital que la prevenci\u00f3n sea un componente cr\u00edtico de las estrategias de drogas nacionales, estatales, tribales y locales porque la adicci\u00f3n es un trastorno del desarrollo que puede comenzar en la adolescencia, a veces incluso en la ni\u00f1ez, y puede mitigarse previniendo y aumentando la edad de iniciaci\u00f3n entre los ni\u00f1os. juventud. Entre las personas de 18 a 30 a\u00f1os admitidas en centros de tratamiento, el 74 por ciento comenz\u00f3 a consumir sustancias a los 17 a\u00f1os o antes.<\/p>\n<p>El uso indebido de sustancias tiene un costo financiero enorme en los Estados Unidos. Anualmente, EE. UU. gasta $740 mil millones en costos relacionados con el crimen, la p\u00e9rdida de productividad y la atenci\u00f3n m\u00e9dica. Sin embargo, cada $1 invertido en programas efectivos de prevenci\u00f3n del uso de sustancias resultar\u00e1 en ahorros de entre $2 y $20.<\/p>\n<p>Tiene sentido invertir en la prevenci\u00f3n de las drogas y dejar de consumir antes de que comience. A pesar de esto, la financiaci\u00f3n federal para la prevenci\u00f3n de drogas se ha reducido dr\u00e1sticamente en la \u00faltima d\u00e9cada. Entre el a\u00f1o fiscal 2009 y el a\u00f1o fiscal 2019, la financiaci\u00f3n para la prevenci\u00f3n del uso de sustancias se ha reducido en un 34,4 %.<\/p>\n<p>El uso de sustancias distintas a la marihuana se encuentra en sus niveles m\u00e1s bajos en 20 a\u00f1os. Este es un testimonio de la eficacia de los programas de prevenci\u00f3n basados en la evidencia. Sin embargo, est\u00e1n surgiendo nuevos desaf\u00edos. La Encuesta Monitoreo del Futuro (MTF, por sus siglas en ingl\u00e9s) de 2018 encontr\u00f3 aumentos sustanciales y estad\u00edsticamente significativos en el vapeo entre los estudiantes de 8.\u00b0, 10.\u00b0 y 12.\u00b0 grado. Adem\u00e1s, las actitudes hacia la marihuana contin\u00faan cambiando. Menos estudiantes que nunca perciben un gran riesgo por fumar ocasionalmente. La desaprobaci\u00f3n de esta actividad tambi\u00e9n est\u00e1 disminuyendo. A medida que la naci\u00f3n trabaja para enfrentar estos desaf\u00edos y contin\u00faa lidiando con la epidemia de opioides, es fundamental que la financiaci\u00f3n para la prevenci\u00f3n del uso de sustancias basada en evidencia siga siendo una prioridad.<\/p>\n<p><b><strong><a href=\"https:\/\/midyear.cadca.org\/sites\/default\/files\/overview_coalition-based_prevention.pdf\">Descripci\u00f3n general de la prevenci\u00f3n basada en coaliciones<\/a><\/strong><\/b><\/p>\n<p><b><strong><a href=\"https:\/\/midyear.cadca.org\/sites\/default\/files\/overview_of_the_strategic_prevention_framework.pdf\">Resumen del Marco Estrat\u00e9gico de Prevenci\u00f3n<\/a>\u00a0<\/strong><\/b><\/p>\n<p><a href=\"https:\/\/midyear.cadca.org\/sites\/default\/files\/drug_policy_futures_paper_2017_-_updated_2019.pdf\"><b><strong>Informe sobre futuros de pol\u00edticas de drogas<\/strong><\/b><\/a><\/p>\n<p style=\"text-align: center\"><b><strong>Prioridades de Apropiaciones de CADCA<\/strong><\/b><\/p>\n<p>CADCA apoya la financiaci\u00f3n adecuada para todas las agencias y programas federales que promuevan la prevenci\u00f3n, el tratamiento, el apoyo para la recuperaci\u00f3n y la investigaci\u00f3n del uso indebido de sustancias. Nuestras prioridades de asignaciones son las siguientes:<\/p>\n<p>Trabajando para garantizar que el programa Comunidades Libres de Drogas (DFC) permanezca intacto en la Oficina de Pol\u00edtica Nacional de Control de Drogas (ONDCP) y est\u00e9 financiado al nivel m\u00e1s alto posible. La actualizaci\u00f3n m\u00e1s reciente del programa DFC, realizada por ICF International, demuestra que el programa es efectivo. Desde el primer informe hasta el informe m\u00e1s reciente para los beneficiarios de subvenciones del a\u00f1o fiscal 2016, las tasas de uso de sustancias para todos los beneficiarios han disminuido significativamente en DFC Communities.<\/p>\n<p>Trabajando para asegurar que el programa de Subsidios para la Mejora de Coaliciones Basadas en la Comunidad en la Ley Integral de Adicci\u00f3n y Recuperaci\u00f3n (CARA) est\u00e9 financiado al nivel m\u00e1s alto posible y permanezca intacto en la ONDCP. El Programa de subvenciones para mejoras de CARA proporciona subvenciones para mejoras de $50,000 por a\u00f1o durante tres a\u00f1os a los beneficiarios actuales y anteriores del programa DFC.<\/p>\n<p>Trabajando para garantizar que la Ley Sober Truth sobre la Prevenci\u00f3n del Consumo de Alcohol por Menores (STOP, por sus siglas en ingl\u00e9s) sea financiada al nivel m\u00e1s alto posible. Estas subvenciones de hasta $50,000 por hasta cuatro a\u00f1os financian a los beneficiarios actuales y pasados de DFC para mejorar sus esfuerzos de prevenci\u00f3n del consumo de alcohol por menores de edad. Los beneficiarios de la Ley STOP se basan en datos, conocen la epidemiolog\u00eda de su comunidad y son capaces de implementar las intervenciones multisectoriales necesarias para prevenir y reducir el consumo de alcohol.<\/p>\n<p>Trabajando para garantizar que el Centro para la Prevenci\u00f3n del Abuso de Sustancias (CSAP, por sus siglas en ingl\u00e9s) est\u00e9 financiado al nivel m\u00e1s alto posible. CSAP trabaja con organizaciones federales, estatales, p\u00fablicas y privadas para desarrollar el uso integral de drogas antes de que comience. CSAP brinda liderazgo nacional en el desarrollo de pol\u00edticas, programas y servicios para prevenir el inicio del abuso de sustancias. Promueve pr\u00e1cticas efectivas de prevenci\u00f3n del uso indebido de sustancias que permiten a los estados, comunidades y otras organizaciones utilizar e implementar estrategias y conocimientos de prevenci\u00f3n basados en evidencia de manera efectiva.<\/p>\n<p>Trabajando para garantizar que la subvenci\u00f3n en bloque para la prevenci\u00f3n y el tratamiento del abuso de sustancias (SAPT) se financie al nivel m\u00e1s alto posible. La subvenci\u00f3n en bloque SAPT es la fuente de financiaci\u00f3n m\u00e1s importante para los sistemas estatales de prevenci\u00f3n, tratamiento y recuperaci\u00f3n del abuso de sustancias. El veinte por ciento de la subvenci\u00f3n en bloque se reserva para los servicios de prevenci\u00f3n primaria. Esta reserva es la mayor fuente individual de financiamiento en la infraestructura de prevenci\u00f3n de cada Estado.<\/p>\n<p>Trabajando para asegurar que el programa de Reducci\u00f3n de la Demanda de la Oficina Internacional de Control de Narc\u00f3ticos y Cumplimiento de la Ley (INL) del Departamento de Estado est\u00e9 financiado al nivel m\u00e1s alto posible. INL trabaja con organizaciones de base en Am\u00e9rica Latina, Asia y \u00c1frica para crear coaliciones comunitarias libres de drogas en pa\u00edses clave productores de drogas. M\u00e1s de 200 coaliciones est\u00e1n activas en 20 pa\u00edses.<\/p>\n<p>A pesar de la eficacia de los programas de prevenci\u00f3n del uso indebido de sustancias, su financiaci\u00f3n se ha reducido en un 34,4 por ciento entre\u00a0<a href=\"https:\/\/midyear.cadca.org\/sites\/default\/files\/substance_use_prevention_chart_-_updated_through_fy_2019.pdf\">A\u00f1o fiscal 2009 y a\u00f1o fiscal 2019<\/a>.<\/p>\n    <\/div>\n<\/section>","protected":false},"excerpt":{"rendered":"","protected":false},"author":23,"featured_media":0,"parent":0,"menu_order":0,"comment_status":"closed","ping_status":"closed","template":"","meta":{"_acf_changed":false,"inline_featured_image":false,"footnotes":""},"class_list":["post-16763","page","type-page","status-publish","hentry"],"acf":[],"yoast_head":"<!-- This site is optimized with the Yoast SEO plugin v26.8 - https:\/\/yoast.com\/product\/yoast-seo-wordpress\/ -->\n<title>Prevention Works | CADCA<\/title>\n<meta name=\"description\" content=\"CADCA represents over 7,000 community coalitions that involve individuals from key sectors including schools, law enforcement, youth, parents, healthcare, media, tribal communities and others\" \/>\n<meta name=\"robots\" content=\"index, follow, max-snippet:-1, max-image-preview:large, max-video-preview:-1\" \/>\n<link rel=\"canonical\" href=\"https:\/\/www.cadca.org\/es\/prevention-works\/\" \/>\n<meta property=\"og:locale\" content=\"es_ES\" \/>\n<meta property=\"og:type\" content=\"article\" \/>\n<meta property=\"og:title\" content=\"Prevention Works | CADCA\" \/>\n<meta property=\"og:description\" content=\"CADCA represents over 7,000 community coalitions that involve individuals from key sectors including schools, law enforcement, youth, parents, healthcare, media, tribal communities and others\" \/>\n<meta property=\"og:url\" content=\"https:\/\/www.cadca.org\/es\/prevention-works\/\" \/>\n<meta property=\"og:site_name\" content=\"CADCA\" \/>\n<meta property=\"article:modified_time\" content=\"2023-06-07T16:37:05+00:00\" \/>\n<meta property=\"og:image\" content=\"https:\/\/www.cadca.org\/wp-content\/uploads\/2022\/03\/cadca-member-of-logo1.jpg\" \/>\n\t<meta property=\"og:image:width\" content=\"880\" \/>\n\t<meta property=\"og:image:height\" content=\"500\" \/>\n\t<meta property=\"og:image:type\" content=\"image\/jpeg\" \/>\n<meta name=\"twitter:card\" content=\"summary_large_image\" \/>\n<script type=\"application\/ld+json\" class=\"yoast-schema-graph\">{\"@context\":\"https:\/\/schema.org\",\"@graph\":[{\"@type\":\"WebPage\",\"@id\":\"https:\/\/www.cadca.org\/prevention-works\/\",\"url\":\"https:\/\/www.cadca.org\/prevention-works\/\",\"name\":\"Prevention Works | CADCA\",\"isPartOf\":{\"@id\":\"https:\/\/www.cadca.org\/#website\"},\"datePublished\":\"2023-03-08T15:12:16+00:00\",\"dateModified\":\"2023-06-07T16:37:05+00:00\",\"description\":\"CADCA represents over 7,000 community coalitions that involve individuals from key sectors including schools, law enforcement, youth, parents, healthcare, media, tribal communities and others\",\"breadcrumb\":{\"@id\":\"https:\/\/www.cadca.org\/prevention-works\/#breadcrumb\"},\"inLanguage\":\"es\",\"potentialAction\":[{\"@type\":\"ReadAction\",\"target\":[\"https:\/\/www.cadca.org\/prevention-works\/\"]}]},{\"@type\":\"BreadcrumbList\",\"@id\":\"https:\/\/www.cadca.org\/prevention-works\/#breadcrumb\",\"itemListElement\":[{\"@type\":\"ListItem\",\"position\":1,\"name\":\"Home\",\"item\":\"https:\/\/www.cadca.org\/\"},{\"@type\":\"ListItem\",\"position\":2,\"name\":\"Prevention Works\"}]},{\"@type\":\"WebSite\",\"@id\":\"https:\/\/www.cadca.org\/#website\",\"url\":\"https:\/\/www.cadca.org\/\",\"name\":\"CADCA\",\"description\":\"The Premier Prevention Association\",\"potentialAction\":[{\"@type\":\"SearchAction\",\"target\":{\"@type\":\"EntryPoint\",\"urlTemplate\":\"https:\/\/www.cadca.org\/?s={search_term_string}\"},\"query-input\":{\"@type\":\"PropertyValueSpecification\",\"valueRequired\":true,\"valueName\":\"search_term_string\"}}],\"inLanguage\":\"es\"}]}<\/script>\n<!-- \/ Yoast SEO plugin. -->","yoast_head_json":{"title":"Prevention Works | CADCA","description":"CADCA represents over 7,000 community coalitions that involve individuals from key sectors including schools, law enforcement, youth, parents, healthcare, media, tribal communities and others","robots":{"index":"index","follow":"follow","max-snippet":"max-snippet:-1","max-image-preview":"max-image-preview:large","max-video-preview":"max-video-preview:-1"},"canonical":"https:\/\/www.cadca.org\/es\/prevention-works\/","og_locale":"es_ES","og_type":"article","og_title":"Prevention Works | CADCA","og_description":"CADCA represents over 7,000 community coalitions that involve individuals from key sectors including schools, law enforcement, youth, parents, healthcare, media, tribal communities and others","og_url":"https:\/\/www.cadca.org\/es\/prevention-works\/","og_site_name":"CADCA","article_modified_time":"2023-06-07T16:37:05+00:00","og_image":[{"width":880,"height":500,"url":"https:\/\/www.cadca.org\/wp-content\/uploads\/2022\/03\/cadca-member-of-logo1.jpg","type":"image\/jpeg"}],"twitter_card":"summary_large_image","schema":{"@context":"https:\/\/schema.org","@graph":[{"@type":"WebPage","@id":"https:\/\/www.cadca.org\/prevention-works\/","url":"https:\/\/www.cadca.org\/prevention-works\/","name":"Prevention Works | CADCA","isPartOf":{"@id":"https:\/\/www.cadca.org\/#website"},"datePublished":"2023-03-08T15:12:16+00:00","dateModified":"2023-06-07T16:37:05+00:00","description":"CADCA represents over 7,000 community coalitions that involve individuals from key sectors including schools, law enforcement, youth, parents, healthcare, media, tribal communities and others","breadcrumb":{"@id":"https:\/\/www.cadca.org\/prevention-works\/#breadcrumb"},"inLanguage":"es","potentialAction":[{"@type":"ReadAction","target":["https:\/\/www.cadca.org\/prevention-works\/"]}]},{"@type":"BreadcrumbList","@id":"https:\/\/www.cadca.org\/prevention-works\/#breadcrumb","itemListElement":[{"@type":"ListItem","position":1,"name":"Home","item":"https:\/\/www.cadca.org\/"},{"@type":"ListItem","position":2,"name":"Prevention Works"}]},{"@type":"WebSite","@id":"https:\/\/www.cadca.org\/#website","url":"https:\/\/www.cadca.org\/","name":"CADCA","description":"The Premier Prevention Association","potentialAction":[{"@type":"SearchAction","target":{"@type":"EntryPoint","urlTemplate":"https:\/\/www.cadca.org\/?s={search_term_string}"},"query-input":{"@type":"PropertyValueSpecification","valueRequired":true,"valueName":"search_term_string"}}],"inLanguage":"es"}]}},"_links":{"self":[{"href":"https:\/\/www.cadca.org\/es\/wp-json\/wp\/v2\/pages\/16763","targetHints":{"allow":["GET"]}}],"collection":[{"href":"https:\/\/www.cadca.org\/es\/wp-json\/wp\/v2\/pages"}],"about":[{"href":"https:\/\/www.cadca.org\/es\/wp-json\/wp\/v2\/types\/page"}],"author":[{"embeddable":true,"href":"https:\/\/www.cadca.org\/es\/wp-json\/wp\/v2\/users\/23"}],"replies":[{"embeddable":true,"href":"https:\/\/www.cadca.org\/es\/wp-json\/wp\/v2\/comments?post=16763"}],"version-history":[{"count":0,"href":"https:\/\/www.cadca.org\/es\/wp-json\/wp\/v2\/pages\/16763\/revisions"}],"wp:attachment":[{"href":"https:\/\/www.cadca.org\/es\/wp-json\/wp\/v2\/media?parent=16763"}],"curies":[{"name":"wp","href":"https:\/\/api.w.org\/{rel}","templated":true}]}}