{"id":16760,"date":"2023-03-08T15:10:29","date_gmt":"2023-03-08T15:10:29","guid":{"rendered":"https:\/\/cadca1stg.wpengine.com\/?page_id=16760"},"modified":"2023-06-07T16:39:57","modified_gmt":"2023-06-07T16:39:57","slug":"communication-tips","status":"publish","type":"page","link":"https:\/\/www.cadca.org\/es\/communication-tips\/","title":{"rendered":"Consejos de comunicaci\u00f3n"},"content":{"rendered":"<div style=\"height:25px\" aria-hidden=\"true\" class=\"wp-block-spacer\"><\/div>\n\n\n<style media=\"all\" type=\"text\/css\">\n\n    \/* xs & sm (mobile) *\/\n    @media (max-width: 767.98px) {\n        }\n\n    \/* md (tablet) *\/\n    @media (min-width: 768px) and (max-width: 1199.98px) {\n        }\n\n    \/* lg (desktop) *\/\n    @media (min-width: 1200px) {\n        }\n\n    \/* custom styles *\/\n    <\/style>\n<section class=\"page_intro block_cc591166a52a6e6a32fe529bf6afb385\" id=\"block_cc591166a52a6e6a32fe529bf6afb385\">\n    <div class=\"container\">\n        <h1>Consejos de comunicaci\u00f3n<\/h1>\n            <\/div>\n<\/section>\n\n\n<style media=\"all\" type=\"text\/css\">\n\n    \n    \/* xs & sm (mobile) *\/\n    @media (max-width: 767.98px) {\n        }\n\n    \/* md (tablet) *\/\n    @media (min-width: 768px) and (max-width: 1199.98px) {\n        }\n\n    \/* lg (desktop) *\/\n    @media (min-width: 1200px) {\n        }\n\n    \/* custom styles *\/\n    <\/style>\n<section class=\"rte  block_3db221a0b12577b366064ced0c4a6d0e\" id=\"block_3db221a0b12577b366064ced0c4a6d0e\">\n    <div class=\"container\">\n        <p style=\"text-align: center\"><strong>Diez consejos de comunicaci\u00f3n para el D\u00eda del Capitolio<\/strong><\/p>\n<ol style=\"margin-left: 40px;line-height: 25px\">\n<li style=\"margin-bottom: 15px\"><strong>Los horarios de las citas se le enviar\u00e1n electr\u00f3nicamente una vez que est\u00e9n configurados antes del D\u00eda de Capitol Hill<\/strong>. Esto incluir\u00e1 los nombres de los miembros, el personal, la hora, el lugar y todas las coaliciones que asistan a la reuni\u00f3n.<\/li>\n<li style=\"margin-bottom: 15px\"><strong>TRAE TUS RESULTADOS<\/strong>! Est\u00e9 preparado para educar a sus funcionarios electos sobre sus logros en su comunidad y el trabajo que est\u00e1 haciendo su coalici\u00f3n; quieren escuchar lo que est\u00e1 pasando en el paisaje local de su distrito.<\/li>\n<li style=\"margin-bottom: 15px\"><strong>No olvides tu kit legislativo. El personal de CADCA preparar\u00e1 un kit legislativo antes de su reuni\u00f3n<\/strong>. Aseg\u00farese de que su facilitador estatal los haya distribuido durante su reuni\u00f3n de facilitadores estatales.<\/li>\n<li style=\"margin-bottom: 15px\"><strong>Piense en una estrategia durante su reuni\u00f3n de facilitadores estatales.<\/strong> Establezca claramente c\u00f3mo planea abordar la reuni\u00f3n, cu\u00e1ndo hablar\u00e1n los j\u00f3venes y cu\u00e1ndo har\u00e1 las solicitudes legislativas espec\u00edficas al miembro.<\/li>\n<li style=\"margin-bottom: 15px\"><strong>Haz tu tarea<\/strong>. Busque el miembro y\/o el personal con el que se va a reunir. Sepa cu\u00e1les son sus intereses: prevenir el uso de sustancias tiene muchos impactos secundarios positivos. Vea si puede relacionar eso con algo que ya es un inter\u00e9s de larga data del miembro.<\/li>\n<li style=\"margin-bottom: 15px\"><strong>Use zapatos c\u00f3modos y mant\u00e9ngase hidratado. Caminar\u00e1s MUCHO<\/strong> y es importante asegurarse de estar actualizado y listo para transmitir cualquier inquietud y responder cualquier pregunta de los miembros y el personal.<\/li>\n<li style=\"margin-bottom: 15px\"><strong>Lleva siempre una tarjeta de visita.<\/strong> Deles la oportunidad de comunicarse con usted si tienen alguna pregunta. Quiere que lo vean como un recurso local y alguien que puede ayudarlos con problemas de uso de sustancias.<\/li>\n<li style=\"margin-bottom: 15px\"><strong>Espere que las reuniones duren entre 15 y 30 minutos, \u00a1y eso est\u00e1 bien!<\/strong> Los miembros del personal est\u00e1n muy ocupados en las reuniones de febrero con diferentes grupos: toque primero los puntos principales y sepa que los miembros del personal son los guardianes del miembro.<\/li>\n<li style=\"margin-bottom: 15px\"><strong>No se olvide del personal de recepci\u00f3n: sea cort\u00e9s, educado y atractivo.<\/strong> Estos son los futuros Jefes de Estado Mayor en ciernes. Los visitantes groseros no se olvidan y la gente recuerda qui\u00e9n fue amable con ellos cuando comenzaban su carrera.<\/li>\n<li style=\"margin-bottom: 15px\"><strong>\u00a1Hacer un seguimiento! Tu trabajo nunca termina, siempre puedes hacer m\u00e1s.<\/strong> Con\u00e9ctese con las oficinas locales para mantenerse comprometido y continuar construyendo una relaci\u00f3n de trabajo. Se pagar\u00e1 en el futuro.<\/li>\n<\/ol>\n    <\/div>\n<\/section>","protected":false},"excerpt":{"rendered":"","protected":false},"author":23,"featured_media":0,"parent":0,"menu_order":0,"comment_status":"closed","ping_status":"closed","template":"","meta":{"_acf_changed":false,"inline_featured_image":false,"footnotes":""},"class_list":["post-16760","page","type-page","status-publish","hentry"],"acf":[],"yoast_head":"<!-- This site is optimized with the Yoast SEO plugin v26.8 - https:\/\/yoast.com\/product\/yoast-seo-wordpress\/ -->\n<title>Communication Tips | CADCA<\/title>\n<meta name=\"description\" content=\"CADCA represents over 7,000 community coalitions that involve individuals from key sectors including schools, law enforcement, youth, parents, healthcare, media, tribal communities and others\" \/>\n<meta name=\"robots\" content=\"index, follow, max-snippet:-1, max-image-preview:large, max-video-preview:-1\" \/>\n<link rel=\"canonical\" href=\"https:\/\/www.cadca.org\/es\/communication-tips\/\" \/>\n<meta property=\"og:locale\" content=\"es_ES\" \/>\n<meta property=\"og:type\" content=\"article\" \/>\n<meta property=\"og:title\" content=\"Communication Tips | CADCA\" \/>\n<meta property=\"og:description\" content=\"CADCA represents over 7,000 community coalitions that involve individuals from key sectors including schools, law enforcement, youth, parents, healthcare, media, tribal communities and others\" \/>\n<meta property=\"og:url\" content=\"https:\/\/www.cadca.org\/es\/communication-tips\/\" \/>\n<meta property=\"og:site_name\" content=\"CADCA\" \/>\n<meta property=\"article:modified_time\" content=\"2023-06-07T16:39:57+00:00\" \/>\n<meta property=\"og:image\" content=\"https:\/\/www.cadca.org\/wp-content\/uploads\/2022\/03\/cadca-member-of-logo1.jpg\" \/>\n\t<meta property=\"og:image:width\" content=\"880\" \/>\n\t<meta property=\"og:image:height\" content=\"500\" \/>\n\t<meta property=\"og:image:type\" content=\"image\/jpeg\" \/>\n<meta name=\"twitter:card\" content=\"summary_large_image\" \/>\n<script type=\"application\/ld+json\" class=\"yoast-schema-graph\">{\"@context\":\"https:\/\/schema.org\",\"@graph\":[{\"@type\":\"WebPage\",\"@id\":\"https:\/\/www.cadca.org\/communication-tips\/\",\"url\":\"https:\/\/www.cadca.org\/communication-tips\/\",\"name\":\"Communication Tips | CADCA\",\"isPartOf\":{\"@id\":\"https:\/\/www.cadca.org\/#website\"},\"datePublished\":\"2023-03-08T15:10:29+00:00\",\"dateModified\":\"2023-06-07T16:39:57+00:00\",\"description\":\"CADCA represents over 7,000 community coalitions that involve individuals from key sectors including schools, law enforcement, youth, parents, healthcare, media, tribal communities and others\",\"breadcrumb\":{\"@id\":\"https:\/\/www.cadca.org\/communication-tips\/#breadcrumb\"},\"inLanguage\":\"es\",\"potentialAction\":[{\"@type\":\"ReadAction\",\"target\":[\"https:\/\/www.cadca.org\/communication-tips\/\"]}]},{\"@type\":\"BreadcrumbList\",\"@id\":\"https:\/\/www.cadca.org\/communication-tips\/#breadcrumb\",\"itemListElement\":[{\"@type\":\"ListItem\",\"position\":1,\"name\":\"Home\",\"item\":\"https:\/\/www.cadca.org\/\"},{\"@type\":\"ListItem\",\"position\":2,\"name\":\"Communication Tips\"}]},{\"@type\":\"WebSite\",\"@id\":\"https:\/\/www.cadca.org\/#website\",\"url\":\"https:\/\/www.cadca.org\/\",\"name\":\"CADCA\",\"description\":\"The Premier Prevention Association\",\"potentialAction\":[{\"@type\":\"SearchAction\",\"target\":{\"@type\":\"EntryPoint\",\"urlTemplate\":\"https:\/\/www.cadca.org\/?s={search_term_string}\"},\"query-input\":{\"@type\":\"PropertyValueSpecification\",\"valueRequired\":true,\"valueName\":\"search_term_string\"}}],\"inLanguage\":\"es\"}]}<\/script>\n<!-- \/ Yoast SEO plugin. -->","yoast_head_json":{"title":"Communication Tips | CADCA","description":"CADCA represents over 7,000 community coalitions that involve individuals from key sectors including schools, law enforcement, youth, parents, healthcare, media, tribal communities and others","robots":{"index":"index","follow":"follow","max-snippet":"max-snippet:-1","max-image-preview":"max-image-preview:large","max-video-preview":"max-video-preview:-1"},"canonical":"https:\/\/www.cadca.org\/es\/communication-tips\/","og_locale":"es_ES","og_type":"article","og_title":"Communication Tips | CADCA","og_description":"CADCA represents over 7,000 community coalitions that involve individuals from key sectors including schools, law enforcement, youth, parents, healthcare, media, tribal communities and others","og_url":"https:\/\/www.cadca.org\/es\/communication-tips\/","og_site_name":"CADCA","article_modified_time":"2023-06-07T16:39:57+00:00","og_image":[{"width":880,"height":500,"url":"https:\/\/www.cadca.org\/wp-content\/uploads\/2022\/03\/cadca-member-of-logo1.jpg","type":"image\/jpeg"}],"twitter_card":"summary_large_image","schema":{"@context":"https:\/\/schema.org","@graph":[{"@type":"WebPage","@id":"https:\/\/www.cadca.org\/communication-tips\/","url":"https:\/\/www.cadca.org\/communication-tips\/","name":"Communication Tips | CADCA","isPartOf":{"@id":"https:\/\/www.cadca.org\/#website"},"datePublished":"2023-03-08T15:10:29+00:00","dateModified":"2023-06-07T16:39:57+00:00","description":"CADCA represents over 7,000 community coalitions that involve individuals from key sectors including schools, law enforcement, youth, parents, healthcare, media, tribal communities and others","breadcrumb":{"@id":"https:\/\/www.cadca.org\/communication-tips\/#breadcrumb"},"inLanguage":"es","potentialAction":[{"@type":"ReadAction","target":["https:\/\/www.cadca.org\/communication-tips\/"]}]},{"@type":"BreadcrumbList","@id":"https:\/\/www.cadca.org\/communication-tips\/#breadcrumb","itemListElement":[{"@type":"ListItem","position":1,"name":"Home","item":"https:\/\/www.cadca.org\/"},{"@type":"ListItem","position":2,"name":"Communication Tips"}]},{"@type":"WebSite","@id":"https:\/\/www.cadca.org\/#website","url":"https:\/\/www.cadca.org\/","name":"CADCA","description":"The Premier Prevention Association","potentialAction":[{"@type":"SearchAction","target":{"@type":"EntryPoint","urlTemplate":"https:\/\/www.cadca.org\/?s={search_term_string}"},"query-input":{"@type":"PropertyValueSpecification","valueRequired":true,"valueName":"search_term_string"}}],"inLanguage":"es"}]}},"_links":{"self":[{"href":"https:\/\/www.cadca.org\/es\/wp-json\/wp\/v2\/pages\/16760","targetHints":{"allow":["GET"]}}],"collection":[{"href":"https:\/\/www.cadca.org\/es\/wp-json\/wp\/v2\/pages"}],"about":[{"href":"https:\/\/www.cadca.org\/es\/wp-json\/wp\/v2\/types\/page"}],"author":[{"embeddable":true,"href":"https:\/\/www.cadca.org\/es\/wp-json\/wp\/v2\/users\/23"}],"replies":[{"embeddable":true,"href":"https:\/\/www.cadca.org\/es\/wp-json\/wp\/v2\/comments?post=16760"}],"version-history":[{"count":0,"href":"https:\/\/www.cadca.org\/es\/wp-json\/wp\/v2\/pages\/16760\/revisions"}],"wp:attachment":[{"href":"https:\/\/www.cadca.org\/es\/wp-json\/wp\/v2\/media?parent=16760"}],"curies":[{"name":"wp","href":"https:\/\/api.w.org\/{rel}","templated":true}]}}