{"id":16758,"date":"2023-03-08T13:58:24","date_gmt":"2023-03-08T13:58:24","guid":{"rendered":"https:\/\/cadca1stg.wpengine.com\/?page_id=16758"},"modified":"2023-06-23T18:15:53","modified_gmt":"2023-06-23T18:15:53","slug":"partnerships","status":"publish","type":"page","link":"https:\/\/www.cadca.org\/es\/myti2023\/partnerships\/","title":{"rendered":"MYTI2023: Asociaciones"},"content":{"rendered":"<style media=\"all\" type=\"text\/css\">\n\n    \n    \/* xs & sm (mobile) *\/\n    @media (max-width: 767.98px) {\n        }\n\n    \/* md (tablet) *\/\n    @media (min-width: 768px) and (max-width: 1199.98px) {\n        }\n\n    \/* lg (desktop) *\/\n    @media (min-width: 1200px) {\n        }\n\n    \/* custom styles *\/\n    @media (min-width: 768px) {rnt.rte .container{rnttwidth:800px;rn  tttext-align:center;rnt}rn}rnrn@media (max-width: 767.98px) {rnt.rte .container img{rnttwidth:100%;rn  ttheight:auto;rnt}rnrn}<\/style>\n<section class=\"rte  block_3f586434de3980edbf024c7919a98cf4\" id=\"block_3f586434de3980edbf024c7919a98cf4\">\n    <div class=\"container\">\n        <p><img loading=\"lazy\" decoding=\"async\" class=\"aligncenter wp-image-16754 size-large\" src=\"https:\/\/www.cadca.org\/wp-content\/uploads\/2023\/03\/23-Mid-year-banner-1667x262-2-1024x161.png\" alt=\"\" width=\"1024\" height=\"161\" srcset=\"https:\/\/www.cadca.org\/wp-content\/uploads\/2023\/03\/23-Mid-year-banner-1667x262-2-1024x161.png 1024w, https:\/\/www.cadca.org\/wp-content\/uploads\/2023\/03\/23-Mid-year-banner-1667x262-2-300x47.png 300w, https:\/\/www.cadca.org\/wp-content\/uploads\/2023\/03\/23-Mid-year-banner-1667x262-2-768x121.png 768w, https:\/\/www.cadca.org\/wp-content\/uploads\/2023\/03\/23-Mid-year-banner-1667x262-2-1536x241.png 1536w, https:\/\/www.cadca.org\/wp-content\/uploads\/2023\/03\/23-Mid-year-banner-1667x262-2-18x3.png 18w, https:\/\/www.cadca.org\/wp-content\/uploads\/2023\/03\/23-Mid-year-banner-1667x262-2.png 1667w\" sizes=\"auto, (max-width: 1024px) 100vw, 1024px\" \/><\/p>\n<p style=\"text-align: center\"><a href=\"https:\/\/www.cadca.org\/es\/myti2023\/\"><img loading=\"lazy\" decoding=\"async\" class=\"alignnone wp-image-16712\" src=\"https:\/\/www.cadca.org\/wp-content\/uploads\/2023\/03\/MYTIHomepage-300x243.png\" alt=\"\" width=\"100\" height=\"81\" \/><\/a> <a href=\"https:\/\/www.cadca.org\/es\/myti2023\/cfps\/\"><img loading=\"lazy\" decoding=\"async\" class=\"alignnone wp-image-16713\" src=\"https:\/\/www.cadca.org\/wp-content\/uploads\/2023\/03\/MYTICFP-300x243.png\" alt=\"\" width=\"100\" height=\"81\" srcset=\"https:\/\/www.cadca.org\/wp-content\/uploads\/2023\/03\/MYTICFP-300x243.png 300w, https:\/\/www.cadca.org\/wp-content\/uploads\/2023\/03\/MYTICFP-768x621.png 768w, https:\/\/www.cadca.org\/wp-content\/uploads\/2023\/03\/MYTICFP-15x12.png 15w, https:\/\/www.cadca.org\/wp-content\/uploads\/2023\/03\/MYTICFP.png 804w\" sizes=\"auto, (max-width: 100px) 100vw, 100px\" \/><\/a>\u00a0<a href=\"https:\/\/www.cadca.org\/es\/myti2023\/faqs\/\"><img loading=\"lazy\" decoding=\"async\" class=\"alignnone wp-image-16720\" src=\"https:\/\/www.cadca.org\/wp-content\/uploads\/2023\/03\/MYTIFAQs-300x243.png\" alt=\"\" width=\"100\" height=\"81\" srcset=\"https:\/\/www.cadca.org\/wp-content\/uploads\/2023\/03\/MYTIFAQs-300x243.png 300w, https:\/\/www.cadca.org\/wp-content\/uploads\/2023\/03\/MYTIFAQs-768x621.png 768w, https:\/\/www.cadca.org\/wp-content\/uploads\/2023\/03\/MYTIFAQs-15x12.png 15w, https:\/\/www.cadca.org\/wp-content\/uploads\/2023\/03\/MYTIFAQs.png 804w\" sizes=\"auto, (max-width: 100px) 100vw, 100px\" \/><\/a> <a href=\"https:\/\/www.cadca.org\/es\/myti2023\/hotelandtravel\/\"><img loading=\"lazy\" decoding=\"async\" class=\"alignnone wp-image-16714\" src=\"https:\/\/www.cadca.org\/wp-content\/uploads\/2023\/03\/MYTIHotel-300x243.png\" alt=\"\" width=\"100\" height=\"81\" srcset=\"https:\/\/www.cadca.org\/wp-content\/uploads\/2023\/03\/MYTIHotel-300x243.png 300w, https:\/\/www.cadca.org\/wp-content\/uploads\/2023\/03\/MYTIHotel-768x621.png 768w, https:\/\/www.cadca.org\/wp-content\/uploads\/2023\/03\/MYTIHotel-15x12.png 15w, https:\/\/www.cadca.org\/wp-content\/uploads\/2023\/03\/MYTIHotel.png 804w\" sizes=\"auto, (max-width: 100px) 100vw, 100px\" \/><\/a> <a href=\"\/\/www.cadca.org\/es\/myti2023\/international\/\"><img loading=\"lazy\" decoding=\"async\" class=\"alignnone wp-image-16718\" src=\"https:\/\/www.cadca.org\/wp-content\/uploads\/2023\/03\/MYTIIntl-300x243.png\" alt=\"\" width=\"100\" height=\"81\" srcset=\"https:\/\/www.cadca.org\/wp-content\/uploads\/2023\/03\/MYTIIntl-300x243.png 300w, https:\/\/www.cadca.org\/wp-content\/uploads\/2023\/03\/MYTIIntl-768x621.png 768w, https:\/\/www.cadca.org\/wp-content\/uploads\/2023\/03\/MYTIIntl-15x12.png 15w, https:\/\/www.cadca.org\/wp-content\/uploads\/2023\/03\/MYTIIntl.png 804w\" sizes=\"auto, (max-width: 100px) 100vw, 100px\" \/><\/a> <a href=\"https:\/\/www.cadca.org\/es\/myti2023\/registration\/\"><img loading=\"lazy\" decoding=\"async\" class=\"alignnone wp-image-16722\" src=\"https:\/\/www.cadca.org\/wp-content\/uploads\/2023\/03\/MYTIReg-300x243.png\" alt=\"\" width=\"100\" height=\"81\" srcset=\"https:\/\/www.cadca.org\/wp-content\/uploads\/2023\/03\/MYTIReg-300x243.png 300w, https:\/\/www.cadca.org\/wp-content\/uploads\/2023\/03\/MYTIReg-768x621.png 768w, https:\/\/www.cadca.org\/wp-content\/uploads\/2023\/03\/MYTIReg-15x12.png 15w, https:\/\/www.cadca.org\/wp-content\/uploads\/2023\/03\/MYTIReg.png 804w\" sizes=\"auto, (max-width: 100px) 100vw, 100px\" \/><\/a> <a href=\"https:\/\/www.cadca.org\/es\/myti2023\/schedule\/\"><img loading=\"lazy\" decoding=\"async\" class=\"alignnone wp-image-16715\" src=\"https:\/\/www.cadca.org\/wp-content\/uploads\/2023\/03\/MYTISchedule-300x243.png\" alt=\"\" width=\"100\" height=\"81\" srcset=\"https:\/\/www.cadca.org\/wp-content\/uploads\/2023\/03\/MYTISchedule-300x243.png 300w, https:\/\/www.cadca.org\/wp-content\/uploads\/2023\/03\/MYTISchedule-768x621.png 768w, https:\/\/www.cadca.org\/wp-content\/uploads\/2023\/03\/MYTISchedule-15x12.png 15w, https:\/\/www.cadca.org\/wp-content\/uploads\/2023\/03\/MYTISchedule.png 804w\" sizes=\"auto, (max-width: 100px) 100vw, 100px\" \/><\/a> <a href=\"https:\/\/www.cadca.org\/es\/myti2023\/scholarships\/\"><img loading=\"lazy\" decoding=\"async\" class=\"alignnone wp-image-16719\" src=\"https:\/\/www.cadca.org\/wp-content\/uploads\/2023\/03\/MYTIScholarships-300x243.png\" alt=\"\" width=\"100\" height=\"81\" srcset=\"https:\/\/www.cadca.org\/wp-content\/uploads\/2023\/03\/MYTIScholarships-300x243.png 300w, https:\/\/www.cadca.org\/wp-content\/uploads\/2023\/03\/MYTIScholarships-768x621.png 768w, https:\/\/www.cadca.org\/wp-content\/uploads\/2023\/03\/MYTIScholarships-15x12.png 15w, https:\/\/www.cadca.org\/wp-content\/uploads\/2023\/03\/MYTIScholarships.png 804w\" sizes=\"auto, (max-width: 100px) 100vw, 100px\" \/><\/a> <a href=\"https:\/\/www.cadca.org\/es\/myti2023\/youth\/\"><img loading=\"lazy\" decoding=\"async\" class=\"alignnone wp-image-16717\" src=\"https:\/\/www.cadca.org\/wp-content\/uploads\/2023\/03\/MYTIYouth-300x243.png\" alt=\"\" width=\"100\" height=\"81\" srcset=\"https:\/\/www.cadca.org\/wp-content\/uploads\/2023\/03\/MYTIYouth-300x243.png 300w, https:\/\/www.cadca.org\/wp-content\/uploads\/2023\/03\/MYTIYouth-768x621.png 768w, https:\/\/www.cadca.org\/wp-content\/uploads\/2023\/03\/MYTIYouth-15x12.png 15w, https:\/\/www.cadca.org\/wp-content\/uploads\/2023\/03\/MYTIYouth.png 804w\" sizes=\"auto, (max-width: 100px) 100vw, 100px\" \/><\/a><\/p>\n<p style=\"text-align: center\"><strong><span style=\"font-family: tahoma, arial, helvetica, sans-serif;font-size: 36px;color: #339966\">Asociaciones<\/span><\/strong><\/p>\n<p style=\"font-weight: 400\"><strong>Pantallas de socios de recursos de sobremesa\u00a0<\/strong><\/p>\n<p>Invitamos a los proveedores a unirse a nosotros a mitad de a\u00f1o para mostrar los productos y servicios de su organizaci\u00f3n a nuestras coaliciones. Como socio de recursos, tendr\u00e1 la capacidad de educar a los asistentes sobre c\u00f3mo puede ayudarlos mejor a crear comunidades saludables y seguras. Genere nuevos clientes potenciales, gane exposici\u00f3n y participe en sesiones de capacitaci\u00f3n para escuchar c\u00f3mo su empresa podr\u00eda servir mejor al sector de la prevenci\u00f3n.<\/p>\n<p>El Programa de exhibici\u00f3n de mesa de este a\u00f1o se ubicar\u00e1 en el Pre-Function del Centro de Convenciones y en los vest\u00edbulos de los salones de baile Texas y Grapevine. Esta \u00e1rea es LA arteria principal entre el Sal\u00f3n Plenario y las Salas de Sesiones de Capacitaci\u00f3n. La recepci\u00f3n de apertura, los desayunos de networking y los refrigerios de networking tambi\u00e9n se llevar\u00e1n a cabo en estos lobbies = EXPOSICI\u00d3N GARANTIZADA.<\/p>\n<p><strong>Precios de socios de recursos;\u00a0<\/strong><strong>Pantalla de sobremesa: $1,555 incluye:<\/strong><\/p>\n<ul style=\"margin-left:40px\">\n<li>1 registro\/gafete de conferencia completo y 1 juego de materiales MYTI<\/li>\n<li>Una mesa con fald\u00f3n de 6&#039; y una silla<\/li>\n<li>Nombre de la organizaci\u00f3n, informaci\u00f3n de contacto y descripci\u00f3n en el programa final<\/li>\n<li>Nombre de la organizaci\u00f3n, informaci\u00f3n de contacto, descripci\u00f3n e informaci\u00f3n de redes sociales en la aplicaci\u00f3n del evento<\/li>\n<li>Registro de socios de recursos adicionales: $400 cada uno (hasta 2 adicionales)<\/li>\n<\/ul>\n<p><strong><a href=\"https:\/\/www.cadca.org\/es\/sites\/default\/files\/pdfs\/events\/2023_exhibitor_prospectus_-_for_use.pdf\/\" data-cke-saved-href=\"\/sites\/default\/files\/pdfs\/events\/2023_exhibitor_prospectus_-_for_use.pdf\">Ver el prospecto<\/a><\/strong><\/p>\n<p><strong><a href=\"https:\/\/www.cadca.org\/es\/sites\/default\/files\/pdfs\/events\/rules_regulations_2023.pdf\/\" data-cke-saved-href=\"\/sites\/default\/files\/pdfs\/events\/rules_regulations_2023.pdf\">Revisar las reglas y regulaciones<\/a><\/strong><\/p>\n<p><a href=\"https:\/\/research.zarca.com\/r\/MYTI23ResourcePartners\"><img loading=\"lazy\" decoding=\"async\" class=\"alignnone size-medium wp-image-16759 aligncenter\" src=\"https:\/\/www.cadca.org\/wp-content\/uploads\/2023\/03\/PartnershipOpps-300x169.png\" alt=\"\" width=\"300\" height=\"169\" srcset=\"https:\/\/www.cadca.org\/wp-content\/uploads\/2023\/03\/PartnershipOpps-300x169.png 300w, https:\/\/www.cadca.org\/wp-content\/uploads\/2023\/03\/PartnershipOpps-768x432.png 768w, https:\/\/www.cadca.org\/wp-content\/uploads\/2023\/03\/PartnershipOpps-18x10.png 18w, https:\/\/www.cadca.org\/wp-content\/uploads\/2023\/03\/PartnershipOpps.png 960w\" sizes=\"auto, (max-width: 300px) 100vw, 300px\" \/><\/a><\/p>\n<p style=\"text-align: center\"><strong>Oportunidades de asociaci\u00f3n\u00a0<\/strong><\/p>\n<p><strong>Oportunidades de asociaci\u00f3n y programa de socios de recursos\u00a0<\/strong><\/p>\n<p>\u00a1Estamos emocionados de dar la bienvenida a los representantes de la coalici\u00f3n y amigos en el campo de la prevenci\u00f3n EN PERSONA al Instituto de Capacitaci\u00f3n de Mitad de A\u00f1o 2023 este julio en el Gaylord Texan!<\/p>\n<p><strong>Oportunidades de asociaci\u00f3n\u00a0\u00a0<\/strong><\/p>\n<p>El Instituto de Capacitaci\u00f3n de Mitad de A\u00f1o es un pase de acceso total a las mejores capacitaciones disponibles para ayudar a las coaliciones a trabajar de manera m\u00e1s inteligente, r\u00e1pida y efectiva. Del mismo modo, los socios de MYTI tienen acceso a estos l\u00edderes de coalici\u00f3n y tomadores de decisiones a trav\u00e9s de una variedad de oportunidades, \u00a1poniendo a su empresa o marca al frente y al centro para atraer clientes potenciales y existentes en una atm\u00f3sfera altamente cargada!<\/p>\n<p><strong>Las opciones de asociaci\u00f3n han incluido:\u00a0<\/strong><\/p>\n<ul style=\"margin-left:40px\">\n<li>Patrocinio de aplicaciones<\/li>\n<li>Explosiones electr\u00f3nicas personalizadas<\/li>\n<li>Becas para Coaliciones y\/o J\u00f3venes<\/li>\n<li>Apoyo a eventos juveniles<\/li>\n<li>Anfitriones de recepci\u00f3n<\/li>\n<li>Inserciones de bolsas<\/li>\n<li>anuncios<\/li>\n<\/ul>\n<p>Impulse su empresa asoci\u00e1ndose con CADCA. Nuestro Instituto de Capacitaci\u00f3n de Mitad de A\u00f1o ofrece una oportunidad para que m\u00e1s de 2000 personas asistan a una variedad de sesiones de capacitaci\u00f3n para ampliar sus conocimientos en la ciencia de la prevenci\u00f3n y mejorar las habilidades para implementar estrategias basadas en evidencia.<\/p>\n<p>Est\u00e9n atentos para un men\u00fa completo de oportunidades de asociaci\u00f3n en las pr\u00f3ximas semanas. Mientras tanto, comun\u00edquese con Mia Wallace Business Development Director en mwallace@cadca.org o 703-706-0560 x265 para analizar las posibilidades de asociaci\u00f3n.<\/p>\n<p style=\"text-align: center\"><a href=\"https:\/\/www.cadca.org\/wp-content\/uploads\/2023\/05\/2023_mid_year_sponsorship_opportunities.pdf\"><strong>\u00a1APRENDA M\u00c1S SOBRE LAS OPORTUNIDADES DE PATROCINIO Y ASOCIACI\u00d3N DE MITAD DE A\u00d1O!<\/strong><\/a><\/p>\n<p>&nbsp;<\/p>\n    <\/div>\n<\/section>","protected":false},"excerpt":{"rendered":"","protected":false},"author":23,"featured_media":0,"parent":18692,"menu_order":0,"comment_status":"closed","ping_status":"closed","template":"","meta":{"_acf_changed":false,"inline_featured_image":false,"footnotes":""},"class_list":["post-16758","page","type-page","status-publish","hentry"],"acf":[],"yoast_head":"<!-- This site is optimized with the Yoast SEO plugin v26.8 - https:\/\/yoast.com\/product\/yoast-seo-wordpress\/ -->\n<title>MYTI2023: Partnerships | CADCA<\/title>\n<meta name=\"description\" content=\"CADCA represents over 7,000 community coalitions that involve individuals from key sectors including schools, law enforcement, youth, parents, healthcare, media, tribal communities and others\" \/>\n<meta name=\"robots\" content=\"index, follow, max-snippet:-1, max-image-preview:large, max-video-preview:-1\" \/>\n<link rel=\"canonical\" href=\"https:\/\/www.cadca.org\/es\/myti2023\/partnerships\/\" \/>\n<meta property=\"og:locale\" content=\"es_ES\" \/>\n<meta property=\"og:type\" content=\"article\" \/>\n<meta property=\"og:title\" content=\"MYTI2023: Partnerships | CADCA\" \/>\n<meta property=\"og:description\" content=\"CADCA represents over 7,000 community coalitions that involve individuals from key sectors including schools, law enforcement, youth, parents, healthcare, media, tribal communities and others\" \/>\n<meta property=\"og:url\" content=\"https:\/\/www.cadca.org\/es\/myti2023\/partnerships\/\" \/>\n<meta property=\"og:site_name\" content=\"CADCA\" \/>\n<meta property=\"article:modified_time\" content=\"2023-06-23T18:15:53+00:00\" \/>\n<meta property=\"og:image\" content=\"https:\/\/www.cadca.org\/wp-content\/uploads\/2022\/03\/cadca-member-of-logo1.jpg\" \/>\n\t<meta property=\"og:image:width\" content=\"880\" \/>\n\t<meta property=\"og:image:height\" content=\"500\" \/>\n\t<meta property=\"og:image:type\" content=\"image\/jpeg\" \/>\n<meta name=\"twitter:card\" content=\"summary_large_image\" \/>\n<script type=\"application\/ld+json\" class=\"yoast-schema-graph\">{\"@context\":\"https:\/\/schema.org\",\"@graph\":[{\"@type\":\"WebPage\",\"@id\":\"https:\/\/www.cadca.org\/myti2023\/partnerships\/\",\"url\":\"https:\/\/www.cadca.org\/myti2023\/partnerships\/\",\"name\":\"MYTI2023: Partnerships | CADCA\",\"isPartOf\":{\"@id\":\"https:\/\/www.cadca.org\/#website\"},\"datePublished\":\"2023-03-08T13:58:24+00:00\",\"dateModified\":\"2023-06-23T18:15:53+00:00\",\"description\":\"CADCA represents over 7,000 community coalitions that involve individuals from key sectors including schools, law enforcement, youth, parents, healthcare, media, tribal communities and others\",\"breadcrumb\":{\"@id\":\"https:\/\/www.cadca.org\/myti2023\/partnerships\/#breadcrumb\"},\"inLanguage\":\"es\",\"potentialAction\":[{\"@type\":\"ReadAction\",\"target\":[\"https:\/\/www.cadca.org\/myti2023\/partnerships\/\"]}]},{\"@type\":\"BreadcrumbList\",\"@id\":\"https:\/\/www.cadca.org\/myti2023\/partnerships\/#breadcrumb\",\"itemListElement\":[{\"@type\":\"ListItem\",\"position\":1,\"name\":\"Home\",\"item\":\"https:\/\/www.cadca.org\/\"},{\"@type\":\"ListItem\",\"position\":2,\"name\":\"MYTI2023\",\"item\":\"https:\/\/www.cadca.org\/myti2023\/\"},{\"@type\":\"ListItem\",\"position\":3,\"name\":\"MYTI2023: Partnerships\"}]},{\"@type\":\"WebSite\",\"@id\":\"https:\/\/www.cadca.org\/#website\",\"url\":\"https:\/\/www.cadca.org\/\",\"name\":\"CADCA\",\"description\":\"The Premier Prevention Association\",\"potentialAction\":[{\"@type\":\"SearchAction\",\"target\":{\"@type\":\"EntryPoint\",\"urlTemplate\":\"https:\/\/www.cadca.org\/?s={search_term_string}\"},\"query-input\":{\"@type\":\"PropertyValueSpecification\",\"valueRequired\":true,\"valueName\":\"search_term_string\"}}],\"inLanguage\":\"es\"}]}<\/script>\n<!-- \/ Yoast SEO plugin. -->","yoast_head_json":{"title":"MYTI2023: Partnerships | CADCA","description":"CADCA represents over 7,000 community coalitions that involve individuals from key sectors including schools, law enforcement, youth, parents, healthcare, media, tribal communities and others","robots":{"index":"index","follow":"follow","max-snippet":"max-snippet:-1","max-image-preview":"max-image-preview:large","max-video-preview":"max-video-preview:-1"},"canonical":"https:\/\/www.cadca.org\/es\/myti2023\/partnerships\/","og_locale":"es_ES","og_type":"article","og_title":"MYTI2023: Partnerships | CADCA","og_description":"CADCA represents over 7,000 community coalitions that involve individuals from key sectors including schools, law enforcement, youth, parents, healthcare, media, tribal communities and others","og_url":"https:\/\/www.cadca.org\/es\/myti2023\/partnerships\/","og_site_name":"CADCA","article_modified_time":"2023-06-23T18:15:53+00:00","og_image":[{"width":880,"height":500,"url":"https:\/\/www.cadca.org\/wp-content\/uploads\/2022\/03\/cadca-member-of-logo1.jpg","type":"image\/jpeg"}],"twitter_card":"summary_large_image","schema":{"@context":"https:\/\/schema.org","@graph":[{"@type":"WebPage","@id":"https:\/\/www.cadca.org\/myti2023\/partnerships\/","url":"https:\/\/www.cadca.org\/myti2023\/partnerships\/","name":"MYTI2023: Partnerships | CADCA","isPartOf":{"@id":"https:\/\/www.cadca.org\/#website"},"datePublished":"2023-03-08T13:58:24+00:00","dateModified":"2023-06-23T18:15:53+00:00","description":"CADCA represents over 7,000 community coalitions that involve individuals from key sectors including schools, law enforcement, youth, parents, healthcare, media, tribal communities and others","breadcrumb":{"@id":"https:\/\/www.cadca.org\/myti2023\/partnerships\/#breadcrumb"},"inLanguage":"es","potentialAction":[{"@type":"ReadAction","target":["https:\/\/www.cadca.org\/myti2023\/partnerships\/"]}]},{"@type":"BreadcrumbList","@id":"https:\/\/www.cadca.org\/myti2023\/partnerships\/#breadcrumb","itemListElement":[{"@type":"ListItem","position":1,"name":"Home","item":"https:\/\/www.cadca.org\/"},{"@type":"ListItem","position":2,"name":"MYTI2023","item":"https:\/\/www.cadca.org\/myti2023\/"},{"@type":"ListItem","position":3,"name":"MYTI2023: Partnerships"}]},{"@type":"WebSite","@id":"https:\/\/www.cadca.org\/#website","url":"https:\/\/www.cadca.org\/","name":"CADCA","description":"The Premier Prevention Association","potentialAction":[{"@type":"SearchAction","target":{"@type":"EntryPoint","urlTemplate":"https:\/\/www.cadca.org\/?s={search_term_string}"},"query-input":{"@type":"PropertyValueSpecification","valueRequired":true,"valueName":"search_term_string"}}],"inLanguage":"es"}]}},"_links":{"self":[{"href":"https:\/\/www.cadca.org\/es\/wp-json\/wp\/v2\/pages\/16758","targetHints":{"allow":["GET"]}}],"collection":[{"href":"https:\/\/www.cadca.org\/es\/wp-json\/wp\/v2\/pages"}],"about":[{"href":"https:\/\/www.cadca.org\/es\/wp-json\/wp\/v2\/types\/page"}],"author":[{"embeddable":true,"href":"https:\/\/www.cadca.org\/es\/wp-json\/wp\/v2\/users\/23"}],"replies":[{"embeddable":true,"href":"https:\/\/www.cadca.org\/es\/wp-json\/wp\/v2\/comments?post=16758"}],"version-history":[{"count":0,"href":"https:\/\/www.cadca.org\/es\/wp-json\/wp\/v2\/pages\/16758\/revisions"}],"up":[{"embeddable":true,"href":"https:\/\/www.cadca.org\/es\/wp-json\/wp\/v2\/pages\/18692"}],"wp:attachment":[{"href":"https:\/\/www.cadca.org\/es\/wp-json\/wp\/v2\/media?parent=16758"}],"curies":[{"name":"wp","href":"https:\/\/api.w.org\/{rel}","templated":true}]}}