{"id":16726,"date":"2023-03-07T18:26:49","date_gmt":"2023-03-07T18:26:49","guid":{"rendered":"https:\/\/cadca1stg.wpengine.com\/?page_id=16726"},"modified":"2023-07-13T15:44:04","modified_gmt":"2023-07-13T15:44:04","slug":"hotelandtravel","status":"publish","type":"page","link":"https:\/\/www.cadca.org\/es\/myti2023\/hotelandtravel\/","title":{"rendered":"MYTI2023: Hoteles y Viajes"},"content":{"rendered":"<style media=\"all\" type=\"text\/css\">\n\n    \n    \/* xs & sm (mobile) *\/\n    @media (max-width: 767.98px) {\n        }\n\n    \/* md (tablet) *\/\n    @media (min-width: 768px) and (max-width: 1199.98px) {\n        }\n\n    \/* lg (desktop) *\/\n    @media (min-width: 1200px) {\n        }\n\n    \/* custom styles *\/\n    @media (min-width: 768px) {rnt.rte .container{rnttwidth:800px;rn  tttext-align:center;rnt}rn}rnrn@media (max-width: 767.98px) {rnt.rte .container img{rnttwidth:100%;rn  ttheight:auto;rnt}rnrn}<\/style>\n<section class=\"rte  block_4f20e8c73cda6e7a634e9348316775e2\" id=\"block_4f20e8c73cda6e7a634e9348316775e2\">\n    <div class=\"container\">\n        <p><span style=\"font-family: tahoma, arial, helvetica, sans-serif\"><img loading=\"lazy\" decoding=\"async\" class=\"aligncenter wp-image-16729 size-large\" src=\"https:\/\/www.cadca.org\/wp-content\/uploads\/2023\/03\/23-Mid-year-banner-1667x262-1-1024x161.png\" alt=\"\" width=\"1024\" height=\"161\" srcset=\"https:\/\/www.cadca.org\/wp-content\/uploads\/2023\/03\/23-Mid-year-banner-1667x262-1-1024x161.png 1024w, https:\/\/www.cadca.org\/wp-content\/uploads\/2023\/03\/23-Mid-year-banner-1667x262-1-300x47.png 300w, https:\/\/www.cadca.org\/wp-content\/uploads\/2023\/03\/23-Mid-year-banner-1667x262-1-768x121.png 768w, https:\/\/www.cadca.org\/wp-content\/uploads\/2023\/03\/23-Mid-year-banner-1667x262-1-1536x241.png 1536w, https:\/\/www.cadca.org\/wp-content\/uploads\/2023\/03\/23-Mid-year-banner-1667x262-1-18x3.png 18w, https:\/\/www.cadca.org\/wp-content\/uploads\/2023\/03\/23-Mid-year-banner-1667x262-1.png 1667w\" sizes=\"auto, (max-width: 1024px) 100vw, 1024px\" \/><\/span><\/p>\n<p style=\"text-align: center\"><span style=\"font-family: tahoma, arial, helvetica, sans-serif\" data-cke-copybin-start=\"1\">\u200b<a href=\"https:\/\/www.cadca.org\/es\/myti2023\/\"><img loading=\"lazy\" decoding=\"async\" class=\"alignnone wp-image-16712\" src=\"https:\/\/www.cadca.org\/wp-content\/uploads\/2023\/03\/MYTIHomepage-300x243.png\" alt=\"\" width=\"100\" height=\"81\" \/><\/a>\u00a0<a href=\"https:\/\/www.cadca.org\/es\/myti2023\/cfps\/\"><img loading=\"lazy\" decoding=\"async\" class=\"alignnone wp-image-16713\" src=\"https:\/\/www.cadca.org\/wp-content\/uploads\/2023\/03\/MYTICFP-300x243.png\" alt=\"\" width=\"100\" height=\"81\" srcset=\"https:\/\/www.cadca.org\/wp-content\/uploads\/2023\/03\/MYTICFP-300x243.png 300w, https:\/\/www.cadca.org\/wp-content\/uploads\/2023\/03\/MYTICFP-768x621.png 768w, https:\/\/www.cadca.org\/wp-content\/uploads\/2023\/03\/MYTICFP-15x12.png 15w, https:\/\/www.cadca.org\/wp-content\/uploads\/2023\/03\/MYTICFP.png 804w\" sizes=\"auto, (max-width: 100px) 100vw, 100px\" \/><\/a> <a href=\"https:\/\/www.cadca.org\/es\/myti2023\/faqs\/\"><img loading=\"lazy\" decoding=\"async\" class=\"alignnone wp-image-16720\" src=\"https:\/\/www.cadca.org\/wp-content\/uploads\/2023\/03\/MYTIFAQs-300x243.png\" alt=\"\" width=\"100\" height=\"81\" srcset=\"https:\/\/www.cadca.org\/wp-content\/uploads\/2023\/03\/MYTIFAQs-300x243.png 300w, https:\/\/www.cadca.org\/wp-content\/uploads\/2023\/03\/MYTIFAQs-768x621.png 768w, https:\/\/www.cadca.org\/wp-content\/uploads\/2023\/03\/MYTIFAQs-15x12.png 15w, https:\/\/www.cadca.org\/wp-content\/uploads\/2023\/03\/MYTIFAQs.png 804w\" sizes=\"auto, (max-width: 100px) 100vw, 100px\" \/><\/a>\u00a0<\/span><a href=\"https:\/\/www.cadca.org\/es\/myti2023\/international\/\"><img loading=\"lazy\" decoding=\"async\" class=\"alignnone wp-image-16718\" style=\"font-family: tahoma, arial, helvetica, sans-serif\" src=\"https:\/\/www.cadca.org\/wp-content\/uploads\/2023\/03\/MYTIIntl-300x243.png\" alt=\"\" width=\"100\" height=\"81\" srcset=\"https:\/\/www.cadca.org\/wp-content\/uploads\/2023\/03\/MYTIIntl-300x243.png 300w, https:\/\/www.cadca.org\/wp-content\/uploads\/2023\/03\/MYTIIntl-768x621.png 768w, https:\/\/www.cadca.org\/wp-content\/uploads\/2023\/03\/MYTIIntl-15x12.png 15w, https:\/\/www.cadca.org\/wp-content\/uploads\/2023\/03\/MYTIIntl.png 804w\" sizes=\"auto, (max-width: 100px) 100vw, 100px\" \/><\/a>\u00a0<a href=\"https:\/\/www.cadca.org\/es\/myti2023\/partnerships\/\"><img loading=\"lazy\" decoding=\"async\" class=\"alignnone wp-image-16716\" style=\"font-family: tahoma, arial, helvetica, sans-serif\" src=\"https:\/\/www.cadca.org\/wp-content\/uploads\/2023\/03\/MYTIPartnerships-300x243.png\" alt=\"\" width=\"100\" height=\"81\" srcset=\"https:\/\/www.cadca.org\/wp-content\/uploads\/2023\/03\/MYTIPartnerships-300x243.png 300w, https:\/\/www.cadca.org\/wp-content\/uploads\/2023\/03\/MYTIPartnerships-768x621.png 768w, https:\/\/www.cadca.org\/wp-content\/uploads\/2023\/03\/MYTIPartnerships-15x12.png 15w, https:\/\/www.cadca.org\/wp-content\/uploads\/2023\/03\/MYTIPartnerships.png 804w\" sizes=\"auto, (max-width: 100px) 100vw, 100px\" \/><\/a>\u00a0<a href=\"https:\/\/www.cadca.org\/es\/myti2023\/registration\/\"><img loading=\"lazy\" decoding=\"async\" class=\"alignnone wp-image-16722\" style=\"font-family: tahoma, arial, helvetica, sans-serif\" src=\"https:\/\/www.cadca.org\/wp-content\/uploads\/2023\/03\/MYTIReg-300x243.png\" alt=\"\" width=\"100\" height=\"81\" srcset=\"https:\/\/www.cadca.org\/wp-content\/uploads\/2023\/03\/MYTIReg-300x243.png 300w, https:\/\/www.cadca.org\/wp-content\/uploads\/2023\/03\/MYTIReg-768x621.png 768w, https:\/\/www.cadca.org\/wp-content\/uploads\/2023\/03\/MYTIReg-15x12.png 15w, https:\/\/www.cadca.org\/wp-content\/uploads\/2023\/03\/MYTIReg.png 804w\" sizes=\"auto, (max-width: 100px) 100vw, 100px\" \/><\/a>\u00a0<a href=\"https:\/\/www.cadca.org\/es\/myti2023\/schedule\/\"><img loading=\"lazy\" decoding=\"async\" class=\"alignnone wp-image-16715\" style=\"font-family: tahoma, arial, helvetica, sans-serif\" src=\"https:\/\/www.cadca.org\/wp-content\/uploads\/2023\/03\/MYTISchedule-300x243.png\" alt=\"\" width=\"100\" height=\"81\" srcset=\"https:\/\/www.cadca.org\/wp-content\/uploads\/2023\/03\/MYTISchedule-300x243.png 300w, https:\/\/www.cadca.org\/wp-content\/uploads\/2023\/03\/MYTISchedule-768x621.png 768w, https:\/\/www.cadca.org\/wp-content\/uploads\/2023\/03\/MYTISchedule-15x12.png 15w, https:\/\/www.cadca.org\/wp-content\/uploads\/2023\/03\/MYTISchedule.png 804w\" sizes=\"auto, (max-width: 100px) 100vw, 100px\" \/><\/a><span style=\"font-family: tahoma, arial, helvetica, sans-serif\">\u00a0<\/span><a href=\"https:\/\/www.cadca.org\/es\/myti2023\/scholarships\/\"><img loading=\"lazy\" decoding=\"async\" class=\"alignnone wp-image-16719\" style=\"font-family: tahoma, arial, helvetica, sans-serif\" src=\"https:\/\/www.cadca.org\/wp-content\/uploads\/2023\/03\/MYTIScholarships-300x243.png\" alt=\"\" width=\"100\" height=\"81\" srcset=\"https:\/\/www.cadca.org\/wp-content\/uploads\/2023\/03\/MYTIScholarships-300x243.png 300w, https:\/\/www.cadca.org\/wp-content\/uploads\/2023\/03\/MYTIScholarships-768x621.png 768w, https:\/\/www.cadca.org\/wp-content\/uploads\/2023\/03\/MYTIScholarships-15x12.png 15w, https:\/\/www.cadca.org\/wp-content\/uploads\/2023\/03\/MYTIScholarships.png 804w\" sizes=\"auto, (max-width: 100px) 100vw, 100px\" \/><\/a>\u00a0<a href=\"https:\/\/www.cadca.org\/es\/myti2023\/youth\/\"><img loading=\"lazy\" decoding=\"async\" class=\"alignnone wp-image-16717\" style=\"font-family: tahoma, arial, helvetica, sans-serif\" src=\"https:\/\/www.cadca.org\/wp-content\/uploads\/2023\/03\/MYTIYouth-300x243.png\" alt=\"\" width=\"100\" height=\"81\" srcset=\"https:\/\/www.cadca.org\/wp-content\/uploads\/2023\/03\/MYTIYouth-300x243.png 300w, https:\/\/www.cadca.org\/wp-content\/uploads\/2023\/03\/MYTIYouth-768x621.png 768w, https:\/\/www.cadca.org\/wp-content\/uploads\/2023\/03\/MYTIYouth-15x12.png 15w, https:\/\/www.cadca.org\/wp-content\/uploads\/2023\/03\/MYTIYouth.png 804w\" sizes=\"auto, (max-width: 100px) 100vw, 100px\" \/><\/a> <span style=\"font-family: tahoma, arial, helvetica, sans-serif\">\u00a0<\/span><span style=\"font-family: tahoma, arial, helvetica, sans-serif\">\u00a0<\/span><span style=\"font-family: tahoma, arial, helvetica, sans-serif\">\u00a0<\/span><\/p>\n<p style=\"text-align: center\"><span style=\"font-family: tahoma, arial, helvetica, sans-serif;font-size: 32px;color: #0ba171\"><strong><span style=\"font-size: 36px\">MYTI2023: Hoteles y Viajes<\/span><br \/>\n<span style=\"font-size: 20px\">Ubicado entre Dallas y Fort Worth, Grapevine es una joya escondida que cuenta con el encanto hist\u00f3rico de Texas.<\/span><br \/>\n<\/strong><\/span><\/p>\n<p style=\"text-align: center\"><span style=\"font-family: tahoma, arial, helvetica, sans-serif;font-size: 20px;color: #0ba171\"><strong>CADCA ha asegurado un bloque de habitaciones en el Gaylord Texan Hotel a precios reducidos para los asistentes y expositores del 16 al 20 de julio de 2023.<\/strong><\/span><\/p>\n<p><img loading=\"lazy\" decoding=\"async\" class=\"wp-image-16757 size-large aligncenter\" src=\"https:\/\/www.cadca.org\/wp-content\/uploads\/2023\/03\/HoteandTravel-1024x576.png\" alt=\"\" width=\"1024\" height=\"576\" srcset=\"https:\/\/www.cadca.org\/wp-content\/uploads\/2023\/03\/HoteandTravel-1024x576.png 1024w, https:\/\/www.cadca.org\/wp-content\/uploads\/2023\/03\/HoteandTravel-300x169.png 300w, https:\/\/www.cadca.org\/wp-content\/uploads\/2023\/03\/HoteandTravel-768x432.png 768w, https:\/\/www.cadca.org\/wp-content\/uploads\/2023\/03\/HoteandTravel-18x10.png 18w, https:\/\/www.cadca.org\/wp-content\/uploads\/2023\/03\/HoteandTravel.png 1200w\" sizes=\"auto, (max-width: 1024px) 100vw, 1024px\" \/><\/p>\n<p><span style=\"font-family: tahoma, arial, helvetica, sans-serif\">Ubicado entre Dallas y Fort Worth, Grapevine es una joya escondida que cuenta con el encanto hist\u00f3rico de Texas. \u00a1Con m\u00e1s de 150 restaurantes, tiendas distintivas y la calle principal hist\u00f3rica, seguramente habr\u00e1 algo para disfrutar entre las sesiones de capacitaci\u00f3n de mitad de a\u00f1o y las actividades de creaci\u00f3n de redes!<\/span><\/p>\n<p><span style=\"font-family: tahoma, arial, helvetica, sans-serif\"><u><strong><a href=\"https:\/\/maddendigitalbooks.com\/txgrapeovg23\/\" data-cke-saved-href=\"https:\/\/maddendigitalbooks.com\/txgrapeovg23\/\">Descargue la Gu\u00eda del visitante de Grapevine.\u00a0<\/a><\/strong><\/u><\/span><\/p>\n<p><span style=\"font-family: tahoma, arial, helvetica, sans-serif\"><u><strong><a href=\"https:\/\/www.grapevinetexasusa.com\/plan-your-visit\/transportation\/grapevine-visitors-shuttle\/schedules-routes\/\" data-cke-saved-href=\"https:\/\/www.grapevinetexasusa.com\/plan-your-visit\/transportation\/grapevine-visitors-shuttle\/schedules-routes\/\">S\u00fabase a uno de los transbordadores de visitantes de Grapevine y explore.\u00a0\u00a0<\/a><\/strong><\/u><\/span><\/p>\n<p>Se proporcionar\u00e1 transporte diario para los asistentes registrados que se alojen en el Courtyard Marriott o el Embassy Suites. Los tiempos se enumeran a continuaci\u00f3n:<\/p>\n<p>Los servicios de transporte funcionar\u00e1n entre Gaylord, Embassy Suites y Courtyard Marriott en los siguientes horarios:<\/p>\n<p><strong>domingo, 16 de julio<\/strong><br \/>\n14:00 \u2013 20:00<\/p>\n<p><strong>Lunes 17 y martes 18 de julio<\/strong><br \/>\n6:30 a. m. a 6:30 p. m.<\/p>\n<p><strong>mi\u00e9rcoles, 19 de julio<\/strong><br \/>\n7 am \u2013 6 pm<\/p>\n<p><strong>jueves, 20 de julio<\/strong><br \/>\n7 am \u2013 1 pm<\/p>\n<p>TENGA EN CUENTA: Cada ciclo toma de 20 a 25 minutos. Los autobuses circular\u00e1n en un bucle continuo solo durante los horarios mencionados anteriormente. Los autobuses recoger\u00e1n y dejar\u00e1n en el vest\u00edbulo de autobuses del Gaylord&#039;s Convention Center, no en el vest\u00edbulo del frente del hotel.<\/p>\n<div><span style=\"font-family: tahoma, arial, helvetica, sans-serif\">Gaylord Hotel Texano<\/span><br \/>\n<span style=\"font-family: tahoma, arial, helvetica, sans-serif\">Sendero Gaylord 1501<\/span><br \/>\n<span style=\"font-family: tahoma, arial, helvetica, sans-serif\">Grapevine, TX 76051, EE. UU.<\/span><\/div>\n<p><span style=\"font-family: tahoma, arial, helvetica, sans-serif\"><strong>C\u00f3mo reservar tu habitaci\u00f3n:\u00a0<\/strong><\/span><\/p>\n<p><span style=\"font-family: tahoma, arial, helvetica, sans-serif\"><a href=\"https:\/\/book.passkey.com\/go\/CADCA2023\" data-cke-saved-href=\"https:\/\/book.passkey.com\/go\/CADCA2023\">Libro en l\u00ednea:<\/a><strong><a href=\"https:\/\/book.passkey.com\/go\/CADCA2023\" data-cke-saved-href=\"https:\/\/book.passkey.com\/go\/CADCA2023\">haga clic aqu\u00ed<\/a><\/strong><a href=\"https:\/\/book.passkey.com\/go\/CADCA2023\" data-cke-saved-href=\"https:\/\/book.passkey.com\/go\/CADCA2023\">para el servicio de reservas en l\u00ednea.\u00a0<\/a><\/span><\/p>\n<p><span style=\"font-family: tahoma, arial, helvetica, sans-serif\">Reserva por tel\u00e9fono: para reservaciones, llame al 817-778-1000 y haga referencia al Instituto de Capacitaci\u00f3n de Medio A\u00f1o de CADCA al hacer la reserva para recibir la tarifa especial.*<\/span><\/p>\n<p>*Basado en disponibilidad<\/p>\n<p><span style=\"font-family: tahoma, arial, helvetica, sans-serif\"><img loading=\"lazy\" decoding=\"async\" class=\"aligncenter wp-image-16728 size-full\" src=\"https:\/\/www.cadca.org\/wp-content\/uploads\/2023\/03\/MicrosoftTeams-image-1.png\" alt=\"\" width=\"450\" height=\"150\" srcset=\"https:\/\/www.cadca.org\/wp-content\/uploads\/2023\/03\/MicrosoftTeams-image-1.png 450w, https:\/\/www.cadca.org\/wp-content\/uploads\/2023\/03\/MicrosoftTeams-image-1-300x100.png 300w, https:\/\/www.cadca.org\/wp-content\/uploads\/2023\/03\/MicrosoftTeams-image-1-18x6.png 18w\" sizes=\"auto, (max-width: 450px) 100vw, 450px\" \/><\/span><\/p>\n<p><span style=\"font-family: tahoma, arial, helvetica, sans-serif\" data-cke-copybin-end=\"1\">\u200b<\/span><\/p>\n<p><span style=\"font-family: tahoma, arial, helvetica, sans-serif\"><em>*Tarifa sujeta a impuesto estatal\/local 13%. La tarifa es la misma para ocupaci\u00f3n individual\/doble\/triple\/cu\u00e1druple. La tarifa de la habitaci\u00f3n incluye la tarifa del complejo Gaylord.\u00a0<\/em><\/span><\/p>\n<p><span style=\"font-family: tahoma, arial, helvetica, sans-serif\">**Los servicios de la tarifa del resort incluyen:<\/span><\/p>\n<ul style=\"margin-left: 40px\">\n<li><span style=\"font-family: tahoma, arial, helvetica, sans-serif\">Acceso a Internet de alta velocidad al\u00e1mbrico e inal\u00e1mbrico<\/span><\/li>\n<li><span style=\"font-family: tahoma, arial, helvetica, sans-serif\">Acceso al gimnasio y a las piscinas del resort<\/span><\/li>\n<li><span style=\"font-family: tahoma, arial, helvetica, sans-serif\">(2) botellas de agua por d\u00eda<\/span><\/li>\n<li><span style=\"font-family: tahoma, arial, helvetica, sans-serif\">Servicio de transporte individual con descuento, City of Grapevine Shuttle<\/span><\/li>\n<li><span style=\"font-family: tahoma, arial, helvetica, sans-serif\">Llamadas telef\u00f3nicas locales (817)<\/span><\/li>\n<li><span style=\"font-family: tahoma, arial, helvetica, sans-serif\">Acceso de cortes\u00eda al parque acu\u00e1tico Paradise Springs para (4) hu\u00e9spedes<\/span><\/li>\n<\/ul>\n<p><span style=\"font-family: tahoma, arial, helvetica, sans-serif\">Entrada: 15:00<\/span><\/p>\n<p><span style=\"font-family: tahoma, arial, helvetica, sans-serif\">Salida: 11 a. m.<\/span><\/p>\n<p><span style=\"font-family: tahoma, arial, helvetica, sans-serif\"><em>Los hu\u00e9spedes que lleguen antes de la hora de check-in del hotel se acomodar\u00e1n a medida que las habitaciones est\u00e9n disponibles, pero no se puede garantizar antes de las 3:00 p. m.<\/em><\/span><\/p>\n<hr \/>\n<p><strong>HOTELES DESBORDADOS<\/strong><\/p>\n<p>Si bien el Gaylord Texan est\u00e1 actualmente agotado, no dude en volver a consultar con ellos en caso de que se abra el inventario.<\/p>\n<p>CADCA ha asegurado un n\u00famero limitado de habitaciones en el Courtyard Dallas DFW Airport North\/Grapevine &amp; the Embassy Suites.<\/p>\n<p><strong>Courtyard Dallas DFW Aeropuerto Norte\/Grapevine<\/strong><\/p>\n<p><span style=\"font-family: tahoma, arial, helvetica, sans-serif\">2200 Corte profesional de bajos<\/span><br \/>\n<span style=\"font-family: tahoma, arial, helvetica, sans-serif\">Grapevine, TX 76051, EE. UU.<\/span><\/p>\n<p><strong><a href=\"https:\/\/nam02.safelinks.protection.outlook.com\/?url=https%3A%2F%2Fwww.marriott.com%2Fevent-reservations%2Freservation-link.mi%3Fid%3D1685395716927%26key%3DGRP%26app%3Dresvlink&amp;data=05%7C01%7Crugrinic%40cadca.org%7Cb67a26f34d904afc525308db65c55fcc%7C4523e3ee11314a6ca8a8b8a25ce02528%7C0%7C0%7C638215670644198116%7CUnknown%7CTWFpbGZsb3d8eyJWIjoiMC4wLjAwMDAiLCJQIjoiV2luMzIiLCJBTiI6Ik1haWwiLCJXVCI6Mn0%3D%7C3000%7C%7C%7C&amp;sdata=%2F24Yvi6A8MzO5lO6rMWZT00xCbKaL1VeM1l0JS2f6x0%3D&amp;reserved=0\">Reserve su Tarifa de Grupo\/Corporativo | marriott internacional<\/a><\/strong><\/p>\n<p><strong>Embassy Suites by Hilton Grapevine\/Aeropuerto DFW Norte<\/strong><\/p>\n<p><span style=\"font-family: tahoma, arial, helvetica, sans-serif\">2401 Bajo Pro Drive<\/span><br \/>\n<span style=\"font-family: tahoma, arial, helvetica, sans-serif\">Grapevine, TX 76051, EE. UU.<\/span><\/p>\n<p><strong><a href=\"https:\/\/www.hilton.com\/en\/book\/reservation\/rooms\/?ctyhocn=DALEMES&amp;arrivalDate=2023-07-15&amp;departureDate=2023-07-21&amp;groupCode=901&amp;room1NumAdults=1&amp;cid=OM%2CWW%2CHILTONLINK%2CEN%2CDirectLink&amp;bm-verify=AAQAAAAH_____9xPNXPVlbYqfh1SIMGtDpVinlImZvVncOq2zWOByoku7xt-3zYrvMqeRPX4PICMyuNbiTnJzdvxUE6yhfrl_uXXk3ZPZUhqKz0SNvWvt_B9qN2YZyejAAs_vcJ9Ei1aNafhodotY4pJVcge1maRCAVSu3J54BwepVb5KLY01HNTjuiItUuO4aQXiMf-rplAt2WeOXz8zuQmocSPMDSCD8ps0-CN02D8aV0HvPTFMrejkEhEKUfRLl1hnaQBseD_8kTh62Frtz32fOBCHXkjbvw_R6RFSJXXmOn26815rmMSYjYI7PP6d6Q5mOF-c1zyQoL3GidZxPAyB65eO2w4yDIeXDLrczfG0ov3qs-AslwKLvbLJRfStl-ScQ4i5_S1Yz0E2v2yKtwVl2EbRKp5LGeOtGE_I_tBr_ukpdSivI2xrrCw4y6o_80mj2X-ISdf0okqlS-s54I99lY103XCkTbtPBGKuAfD_DUMbrbJM5Sp3mOvkIMnuK3N3tg\">Reserve su reserva<\/a><\/strong><\/p>\n<p>CADCA proporcionar\u00e1 un servicio de transporte diario para los asistentes registrados desde estas 2 propiedades hasta el Gaylord Texan.<\/p>\n<hr \/>\n<p><span style=\"font-family: tahoma, arial, helvetica, sans-serif\"><strong>TENGA EN CUENTA:<\/strong> Si desea pagar su estad\u00eda en el hotel Gaylord (solo) mediante cheque, DEBE enviar su cheque por correo al menos 3 semanas antes de la fecha de llegada.<\/span><\/p>\n<p><span style=\"font-family: tahoma, arial, helvetica, sans-serif\"><u>Enviar a<\/u>\u00a0\u2013 Atenci\u00f3n: Contabilidad<\/span><\/p>\n<p><span style=\"font-family: tahoma, arial, helvetica, sans-serif\">Gaylord Texan Resort y Centro de Convenciones<\/span><br \/>\n<span style=\"font-family: tahoma, arial, helvetica, sans-serif\">Sendero Gaylord 1501<\/span><br \/>\n<span style=\"font-family: tahoma, arial, helvetica, sans-serif\">Grapevine, TX 76051<\/span><\/p>\n<p><span style=\"font-family: tahoma, arial, helvetica, sans-serif\">***Pol\u00edtica de cancelaci\u00f3n de Gaylord: si la cancelaci\u00f3n total de una reserva accidental se lleva a cabo dentro de las 24 horas de la llegada programada, se cobrar\u00e1 una tarifa de cancelaci\u00f3n equivalente a los ingresos de una (1) noche de habitaci\u00f3n, con la excepci\u00f3n de una emergencia personal o m\u00e9dica donde la verificaci\u00f3n se puede proporcionar Las reservas se pueden cancelar hasta 24 horas antes de la llegada sin penalizaci\u00f3n.<\/span><\/p>\n    <\/div>\n<\/section>","protected":false},"excerpt":{"rendered":"","protected":false},"author":23,"featured_media":0,"parent":18692,"menu_order":0,"comment_status":"closed","ping_status":"closed","template":"","meta":{"_acf_changed":false,"inline_featured_image":false,"footnotes":""},"class_list":["post-16726","page","type-page","status-publish","hentry"],"acf":[],"yoast_head":"<!-- This site is optimized with the Yoast SEO plugin v26.8 - https:\/\/yoast.com\/product\/yoast-seo-wordpress\/ -->\n<title>MYTI2023: Hotel and Travel | CADCA<\/title>\n<meta name=\"description\" content=\"CADCA represents over 7,000 community coalitions that involve individuals from key sectors including schools, law enforcement, youth, parents, healthcare, media, tribal communities and others\" \/>\n<meta name=\"robots\" content=\"index, follow, max-snippet:-1, max-image-preview:large, max-video-preview:-1\" \/>\n<link rel=\"canonical\" href=\"https:\/\/www.cadca.org\/es\/myti2023\/hotelandtravel\/\" \/>\n<meta property=\"og:locale\" content=\"es_ES\" \/>\n<meta property=\"og:type\" content=\"article\" \/>\n<meta property=\"og:title\" content=\"MYTI2023: Hotel and Travel | CADCA\" \/>\n<meta property=\"og:description\" content=\"CADCA represents over 7,000 community coalitions that involve individuals from key sectors including schools, law enforcement, youth, parents, healthcare, media, tribal communities and others\" \/>\n<meta property=\"og:url\" content=\"https:\/\/www.cadca.org\/es\/myti2023\/hotelandtravel\/\" \/>\n<meta property=\"og:site_name\" content=\"CADCA\" \/>\n<meta property=\"article:modified_time\" content=\"2023-07-13T15:44:04+00:00\" \/>\n<meta property=\"og:image\" content=\"https:\/\/www.cadca.org\/wp-content\/uploads\/2022\/03\/cadca-member-of-logo1.jpg\" \/>\n\t<meta property=\"og:image:width\" content=\"880\" \/>\n\t<meta property=\"og:image:height\" content=\"500\" \/>\n\t<meta property=\"og:image:type\" content=\"image\/jpeg\" \/>\n<meta name=\"twitter:card\" content=\"summary_large_image\" \/>\n<script type=\"application\/ld+json\" class=\"yoast-schema-graph\">{\"@context\":\"https:\/\/schema.org\",\"@graph\":[{\"@type\":\"WebPage\",\"@id\":\"https:\/\/www.cadca.org\/myti2023\/hotelandtravel\/\",\"url\":\"https:\/\/www.cadca.org\/myti2023\/hotelandtravel\/\",\"name\":\"MYTI2023: Hotel and Travel | CADCA\",\"isPartOf\":{\"@id\":\"https:\/\/www.cadca.org\/#website\"},\"datePublished\":\"2023-03-07T18:26:49+00:00\",\"dateModified\":\"2023-07-13T15:44:04+00:00\",\"description\":\"CADCA represents over 7,000 community coalitions that involve individuals from key sectors including schools, law enforcement, youth, parents, healthcare, media, tribal communities and others\",\"breadcrumb\":{\"@id\":\"https:\/\/www.cadca.org\/myti2023\/hotelandtravel\/#breadcrumb\"},\"inLanguage\":\"es\",\"potentialAction\":[{\"@type\":\"ReadAction\",\"target\":[\"https:\/\/www.cadca.org\/myti2023\/hotelandtravel\/\"]}]},{\"@type\":\"BreadcrumbList\",\"@id\":\"https:\/\/www.cadca.org\/myti2023\/hotelandtravel\/#breadcrumb\",\"itemListElement\":[{\"@type\":\"ListItem\",\"position\":1,\"name\":\"Home\",\"item\":\"https:\/\/www.cadca.org\/\"},{\"@type\":\"ListItem\",\"position\":2,\"name\":\"MYTI2023\",\"item\":\"https:\/\/www.cadca.org\/myti2023\/\"},{\"@type\":\"ListItem\",\"position\":3,\"name\":\"MYTI2023: Hotel and Travel\"}]},{\"@type\":\"WebSite\",\"@id\":\"https:\/\/www.cadca.org\/#website\",\"url\":\"https:\/\/www.cadca.org\/\",\"name\":\"CADCA\",\"description\":\"The Premier Prevention Association\",\"potentialAction\":[{\"@type\":\"SearchAction\",\"target\":{\"@type\":\"EntryPoint\",\"urlTemplate\":\"https:\/\/www.cadca.org\/?s={search_term_string}\"},\"query-input\":{\"@type\":\"PropertyValueSpecification\",\"valueRequired\":true,\"valueName\":\"search_term_string\"}}],\"inLanguage\":\"es\"}]}<\/script>\n<!-- \/ Yoast SEO plugin. -->","yoast_head_json":{"title":"MYTI2023: Hotel and Travel | CADCA","description":"CADCA represents over 7,000 community coalitions that involve individuals from key sectors including schools, law enforcement, youth, parents, healthcare, media, tribal communities and others","robots":{"index":"index","follow":"follow","max-snippet":"max-snippet:-1","max-image-preview":"max-image-preview:large","max-video-preview":"max-video-preview:-1"},"canonical":"https:\/\/www.cadca.org\/es\/myti2023\/hotelandtravel\/","og_locale":"es_ES","og_type":"article","og_title":"MYTI2023: Hotel and Travel | CADCA","og_description":"CADCA represents over 7,000 community coalitions that involve individuals from key sectors including schools, law enforcement, youth, parents, healthcare, media, tribal communities and others","og_url":"https:\/\/www.cadca.org\/es\/myti2023\/hotelandtravel\/","og_site_name":"CADCA","article_modified_time":"2023-07-13T15:44:04+00:00","og_image":[{"width":880,"height":500,"url":"https:\/\/www.cadca.org\/wp-content\/uploads\/2022\/03\/cadca-member-of-logo1.jpg","type":"image\/jpeg"}],"twitter_card":"summary_large_image","schema":{"@context":"https:\/\/schema.org","@graph":[{"@type":"WebPage","@id":"https:\/\/www.cadca.org\/myti2023\/hotelandtravel\/","url":"https:\/\/www.cadca.org\/myti2023\/hotelandtravel\/","name":"MYTI2023: Hotel and Travel | CADCA","isPartOf":{"@id":"https:\/\/www.cadca.org\/#website"},"datePublished":"2023-03-07T18:26:49+00:00","dateModified":"2023-07-13T15:44:04+00:00","description":"CADCA represents over 7,000 community coalitions that involve individuals from key sectors including schools, law enforcement, youth, parents, healthcare, media, tribal communities and others","breadcrumb":{"@id":"https:\/\/www.cadca.org\/myti2023\/hotelandtravel\/#breadcrumb"},"inLanguage":"es","potentialAction":[{"@type":"ReadAction","target":["https:\/\/www.cadca.org\/myti2023\/hotelandtravel\/"]}]},{"@type":"BreadcrumbList","@id":"https:\/\/www.cadca.org\/myti2023\/hotelandtravel\/#breadcrumb","itemListElement":[{"@type":"ListItem","position":1,"name":"Home","item":"https:\/\/www.cadca.org\/"},{"@type":"ListItem","position":2,"name":"MYTI2023","item":"https:\/\/www.cadca.org\/myti2023\/"},{"@type":"ListItem","position":3,"name":"MYTI2023: Hotel and Travel"}]},{"@type":"WebSite","@id":"https:\/\/www.cadca.org\/#website","url":"https:\/\/www.cadca.org\/","name":"CADCA","description":"The Premier Prevention Association","potentialAction":[{"@type":"SearchAction","target":{"@type":"EntryPoint","urlTemplate":"https:\/\/www.cadca.org\/?s={search_term_string}"},"query-input":{"@type":"PropertyValueSpecification","valueRequired":true,"valueName":"search_term_string"}}],"inLanguage":"es"}]}},"_links":{"self":[{"href":"https:\/\/www.cadca.org\/es\/wp-json\/wp\/v2\/pages\/16726","targetHints":{"allow":["GET"]}}],"collection":[{"href":"https:\/\/www.cadca.org\/es\/wp-json\/wp\/v2\/pages"}],"about":[{"href":"https:\/\/www.cadca.org\/es\/wp-json\/wp\/v2\/types\/page"}],"author":[{"embeddable":true,"href":"https:\/\/www.cadca.org\/es\/wp-json\/wp\/v2\/users\/23"}],"replies":[{"embeddable":true,"href":"https:\/\/www.cadca.org\/es\/wp-json\/wp\/v2\/comments?post=16726"}],"version-history":[{"count":0,"href":"https:\/\/www.cadca.org\/es\/wp-json\/wp\/v2\/pages\/16726\/revisions"}],"up":[{"embeddable":true,"href":"https:\/\/www.cadca.org\/es\/wp-json\/wp\/v2\/pages\/18692"}],"wp:attachment":[{"href":"https:\/\/www.cadca.org\/es\/wp-json\/wp\/v2\/media?parent=16726"}],"curies":[{"name":"wp","href":"https:\/\/api.w.org\/{rel}","templated":true}]}}