{"id":16666,"date":"2023-02-16T11:57:02","date_gmt":"2023-02-16T11:57:02","guid":{"rendered":"https:\/\/cadca1stg.wpengine.com\/?page_id=16666"},"modified":"2025-05-19T15:24:43","modified_gmt":"2025-05-19T15:24:43","slug":"cadca-youth-leadership","status":"publish","type":"page","link":"https:\/\/www.cadca.org\/es\/cadca-youth-leadership\/","title":{"rendered":"Liderazgo Juvenil CADCA"},"content":{"rendered":"<style media=\"all\" type=\"text\/css\">\n\n    \/* xs & sm (mobile) *\/\n    @media (max-width: 767.98px) {\n        }\n\n    \/* md (tablet) *\/\n    @media (min-width: 768px) and (max-width: 1199.98px) {\n        }\n\n    \/* lg (desktop) *\/\n    @media (min-width: 1200px) {\n        }\n\n    \/* custom styles *\/\n    .page_intro {\r\n    padding: 50px 0px;\r\n}<\/style>\n<section class=\"page_intro block_1cf1ef48b15d399d7c133cd0d71b936c\" id=\"block_1cf1ef48b15d399d7c133cd0d71b936c\">\n    <div class=\"container\">\n        <h1>Liderazgo Juvenil CADCA<\/h1>\n                <p>El Liderazgo Juvenil de CADCA est\u00e1 comprometido a fortalecer las habilidades y la capacidad de los j\u00f3venes para influir en un cambio positivo en las comunidades donde viven, aprenden y crecen. Sabiendo que los j\u00f3venes son el mejor recurso para generar este cambio, <br \/>\r\nnuestro lema es \u201cParticipar. Desarrollar. Inspirar.&quot;<\/p>\n            <\/div>\n<\/section>\n\n\n<style media=\"all\" type=\"text\/css\">\n\n    \/* xs & sm (mobile) *\/\n    @media (max-width: 767.98px) {\n        }\n\n    \/* md (tablet) *\/\n    @media (min-width: 768px) and (max-width: 1199.98px) {\n        }\n\n    \/* lg (desktop) *\/\n    @media (min-width: 1200px) {\n        }\n\n    \/* custom styles *\/\n    \n        .cta-image.cta-image-block_52e7e59ada58e47e77663e6af767459f-1{\n        background: url('https:\/\/www.cadca.org\/wp-content\/uploads\/2022\/12\/co_11_17.jpg');\n    }\n        .cta-image.cta-image-block_52e7e59ada58e47e77663e6af767459f-2{\n        background: url('https:\/\/www.cadca.org\/wp-content\/uploads\/2022\/12\/co82417.jpg');\n    }\n        .cta-image.cta-image-block_52e7e59ada58e47e77663e6af767459f-3{\n        background: url('https:\/\/www.cadca.org\/wp-content\/uploads\/2022\/12\/co101117.jpg');\n    }\n    \n<\/style>\n<section class=\"rich_cta block_52e7e59ada58e47e77663e6af767459f\" id=\"block_52e7e59ada58e47e77663e6af767459f\">\n    <div class=\"top-section desktop-only\">\n        <div class=\"container\">\n            <h2>Comprometer. Desarrollar. Inspirar.<\/h2>\n                            <p>La Iniciativa de Liderazgo Juvenil de CADCA empodera a m\u00e1s de 1200 j\u00f3venes cada a\u00f1o en los EE. UU. <br \/>\r\ny en el extranjero para luchar contra el consumo de drogas y otros problemas que aquejan a sus comunidades. <\/p>\n                                    <div class=\"cta-image cta-image-block_52e7e59ada58e47e77663e6af767459f-1\"><\/div>\n                        <div class=\"cta-image cta-image-block_52e7e59ada58e47e77663e6af767459f-2\"><\/div>\n                        <div class=\"cta-image cta-image-block_52e7e59ada58e47e77663e6af767459f-3\"><\/div>\n                    <\/div>\n    <\/div>\n        <div class=\"bottom-section desktop-only\">\n        <div class=\"container\">\n                        <div class=\"cta-details cta-details-1\">\n                <h3>Proyecto J\u00f3venes en Acci\u00f3n<\/h3>\n                <p>Emplear estrategias de cambio de comportamiento con \u00e9nfasis en el cambio ambiental para abordar los problemas de manera efectiva.<\/p>\n                                <a href=\"mailto:youth@cadca.org\" >Aprende m\u00e1s<\/a>\n            <\/div>\n                            <div class=\"cta-details cta-details-2\">\n                <h3>Apoyo a Coaliciones<\/h3>\n                <p>Las coaliciones capacitadas por CADCA han sido fundamentales en la creaci\u00f3n de cambios de pol\u00edtica en todo el pa\u00eds hasta el momento.<\/p>\n                                <a href=\"https:\/\/www.cadca.org\/en\/coalitions\/\" >Soporte ahora<\/a>\n            <\/div>\n                            <div class=\"cta-details cta-details-3\">\n                <h3>Defensor<\/h3>\n                <p>CADCA capacita a los j\u00f3venes en habilidades para abogar a nivel estatal, local, tribal y nacional. <\/p>\n                                <a href=\"https:\/\/www.cadca.org\/en\/advocacy-focused\/\" >Abogar ahora<\/a>\n            <\/div>\n                        <\/div>\n    <\/div>\n        <div class=\"merged-section mobile-only\">\n        <div class=\"container\">\n            <h2>Comprometer. Desarrollar. Inspirar.<\/h2>\n                            <p>La Iniciativa de Liderazgo Juvenil de CADCA empodera a m\u00e1s de 1200 j\u00f3venes cada a\u00f1o en los EE. UU. <br \/>\r\ny en el extranjero para luchar contra el consumo de drogas y otros problemas que aquejan a sus comunidades. <\/p>\n                                        <div class=\"cta-image cta-image-block_52e7e59ada58e47e77663e6af767459f-1\"><\/div>\n                <div class=\"cta-details cta-details-1\">\n                    <h3>Proyecto J\u00f3venes en Acci\u00f3n<\/h3>\n                    <p>Emplear estrategias de cambio de comportamiento con \u00e9nfasis en el cambio ambiental para abordar los problemas de manera efectiva.<\/p>\n                                        <a href=\"mailto:youth@cadca.org\" >Aprende m\u00e1s<\/a>\n                <\/div>\n                                <div class=\"cta-image cta-image-block_52e7e59ada58e47e77663e6af767459f-2\"><\/div>\n                <div class=\"cta-details cta-details-2\">\n                    <h3>Apoyo a Coaliciones<\/h3>\n                    <p>Las coaliciones capacitadas por CADCA han sido fundamentales en la creaci\u00f3n de cambios de pol\u00edtica en todo el pa\u00eds hasta el momento.<\/p>\n                                        <a href=\"https:\/\/www.cadca.org\/en\/coalitions\/\" >Soporte ahora<\/a>\n                <\/div>\n                                <div class=\"cta-image cta-image-block_52e7e59ada58e47e77663e6af767459f-3\"><\/div>\n                <div class=\"cta-details cta-details-3\">\n                    <h3>Defensor<\/h3>\n                    <p>CADCA capacita a los j\u00f3venes en habilidades para abogar a nivel estatal, local, tribal y nacional. <\/p>\n                                        <a href=\"https:\/\/www.cadca.org\/en\/advocacy-focused\/\" >Abogar ahora<\/a>\n                <\/div>\n                        <\/div>\n    <\/div>\n<\/section>\n\n\n<style media=\"all\" type=\"text\/css\">\n\n    \n    \/* xs & sm (mobile) *\/\n    @media (max-width: 767.98px) {\n        }\n\n    \/* md (tablet) *\/\n    @media (min-width: 768px) and (max-width: 1199.98px) {\n        }\n\n    \/* lg (desktop) *\/\n    @media (min-width: 1200px) {\n        }\n\n    \/* custom styles *\/\n    body .rte-1.rte.article-format h2{\r\n\tfont-size: 32px;\r\n    line-height: 42px;\r\n}\r\n\r\nbody .rte-1.rte.article-format img.size-full{\r\n\tmargin-bottom: 40px;\r\n}\r\n\r\nbody .rte-1.rte.article-format h3{\r\n\tcolor:#2b303c;\r\n  \tfont-family: 'Source Serif Pro', serif;\r\n    font-weight: 600;\r\n  \tfont-size: 24px;\r\n    line-height: 38px;\r\n}<\/style>\n<section class=\"rte article-format  block_1688f851f550bfc1a58a5ab41440c467 rte-1\" id=\"block_1688f851f550bfc1a58a5ab41440c467\">\n    <div class=\"container\">\n        <h2>Comprometer<\/h2>\n<p>El trabajo eficaz de coaliciones comunitarias requiere la participaci\u00f3n de los j\u00f3venes en todos los niveles, desde el liderazgo hasta la implementaci\u00f3n de la estrategia. Los j\u00f3venes tienen voces poderosas y aportan perspicacia cr\u00edtica y sostenibilidad a la prevenci\u00f3n.<\/p>\n<p>\u00bfD\u00f3nde encontramos j\u00f3venes que lideren y participen efectivamente en nuestro trabajo de coalici\u00f3n? \u00bfC\u00f3mo los mantenemos involucrados? \u00bfQu\u00e9 hacemos cuando nuestros j\u00f3venes estrella envejecen y siguen adelante?<\/p>\n<p>Nuestro desaf\u00edo compartido es involucrar a los j\u00f3venes en formas que honren y respeten sus dones y perspectivas \u00fanicos, sin dejar de operar de manera estrat\u00e9gica y efectiva.<\/p>\n<p><img loading=\"lazy\" decoding=\"async\" class=\"aligncenter wp-image-16671 size-full\" src=\"https:\/\/www.cadca.org\/wp-content\/uploads\/2023\/02\/YL-engage.png\" alt=\"\" width=\"815\" height=\"500\" srcset=\"https:\/\/www.cadca.org\/wp-content\/uploads\/2023\/02\/YL-engage.png 815w, https:\/\/www.cadca.org\/wp-content\/uploads\/2023\/02\/YL-engage-300x184.png 300w, https:\/\/www.cadca.org\/wp-content\/uploads\/2023\/02\/YL-engage-768x471.png 768w, https:\/\/www.cadca.org\/wp-content\/uploads\/2023\/02\/YL-engage-18x12.png 18w\" sizes=\"auto, (max-width: 815px) 100vw, 815px\" \/><\/p>\n<h2>Desarrollar<\/h2>\n<h3>Capacitaci\u00f3n de elementos esenciales clave<\/h3>\n<p>Este curso introduce la prevenci\u00f3n y el trabajo de coaliciones y lleva a los asesores j\u00f3venes y adultos a trav\u00e9s del Marco Estrat\u00e9gico de Prevenci\u00f3n. Los j\u00f3venes salen de estas capacitaciones con un Modelo L\u00f3gico, Evaluaci\u00f3n Comunitaria, Intervenciones y un Plan de Acci\u00f3n.<\/p>\n<h2>Inspirar<\/h2>\n<p>Leveling Up Communities Esta capacitaci\u00f3n ofrece una nueva visi\u00f3n del trabajo que hacemos dentro de nuestras comunidades, para garantizar que impacte a todos los miembros de la comunidad, especialmente a aquellos que m\u00e1s lo necesitan. La equidad en salud se est\u00e1 convirtiendo en un concepto integral dentro de los esfuerzos de prevenci\u00f3n del uso indebido de sustancias, y esta v\u00eda abordar\u00e1 c\u00f3mo podemos facilitar el cambio en nuestras comunidades a trav\u00e9s de esta perspectiva. Los j\u00f3venes que se inscriban en esta v\u00eda deben asistir a todas las sesiones y se recomienda que un asesor adulto asista a esta v\u00eda con los j\u00f3venes de la coalici\u00f3n.<\/p>\n<p><img loading=\"lazy\" decoding=\"async\" class=\"aligncenter wp-image-16670 size-full\" src=\"https:\/\/www.cadca.org\/wp-content\/uploads\/2023\/02\/YL-develop.png\" alt=\"\" width=\"815\" height=\"500\" srcset=\"https:\/\/www.cadca.org\/wp-content\/uploads\/2023\/02\/YL-develop.png 815w, https:\/\/www.cadca.org\/wp-content\/uploads\/2023\/02\/YL-develop-300x184.png 300w, https:\/\/www.cadca.org\/wp-content\/uploads\/2023\/02\/YL-develop-768x471.png 768w, https:\/\/www.cadca.org\/wp-content\/uploads\/2023\/02\/YL-develop-18x12.png 18w\" sizes=\"auto, (max-width: 815px) 100vw, 815px\" \/><\/p>\n<h3><span lang=\"uk-UA\">Abogac\u00eda y pol\u00edtica<\/span><\/h3>\n<p>Nuestro curso de Abogac\u00eda y Pol\u00edticas capacita a los j\u00f3venes en habilidades para abogar a nivel estatal, local, tribal y nacional. Los objetivos de aprendizaje del curso incluyen el proceso de cambio de pol\u00edticas, habilidades para hablar en p\u00fablico y cultivar campeones.<\/p>\n<p><img loading=\"lazy\" decoding=\"async\" class=\"aligncenter wp-image-16673 size-full\" src=\"https:\/\/www.cadca.org\/wp-content\/uploads\/2023\/02\/YT-photovoice.png\" alt=\"\" width=\"815\" height=\"500\" srcset=\"https:\/\/www.cadca.org\/wp-content\/uploads\/2023\/02\/YT-photovoice.png 815w, https:\/\/www.cadca.org\/wp-content\/uploads\/2023\/02\/YT-photovoice-300x184.png 300w, https:\/\/www.cadca.org\/wp-content\/uploads\/2023\/02\/YT-photovoice-768x471.png 768w, https:\/\/www.cadca.org\/wp-content\/uploads\/2023\/02\/YT-photovoice-18x12.png 18w\" sizes=\"auto, (max-width: 815px) 100vw, 815px\" \/><\/p>\n<p><span style=\"font-size: 20px\"><strong>\u00a1Entrenamientos personalizados y m\u00e1s!<\/strong><\/span><\/p>\n<p>El departamento de Liderazgo Juvenil de CADCA tambi\u00e9n ofrece sesiones de capacitaci\u00f3n personalizadas durante nuestro evento anual del Foro. Los temas incluyen hablar en p\u00fablico, liderazgo, redes sociales, equidad en salud, recaudaci\u00f3n de fondos, creaci\u00f3n de anuncios de servicio p\u00fablico (PSA) y c\u00f3mo cambiar una ordenanza local.<\/p>\n    <\/div>\n<\/section>\n\n\n<style media=\"all\" type=\"text\/css\">\n\n    \n    \/* xs & sm (mobile) *\/\n    @media (max-width: 767.98px) {\n        }\n\n    \/* md (tablet) *\/\n    @media (min-width: 768px) and (max-width: 1199.98px) {\n        }\n\n    \/* lg (desktop) *\/\n    @media (min-width: 1200px) {\n        }\n\n    \/* custom styles *\/\n    .rte-2.rte{\r\n\tbackground: #f7f7f7;\r\n  \tpadding-top: 20px;\r\n  \tpadding-bottom: 50px;\r\n}\r\n\r\n.rte-2.rte.article-format h2 {\r\n    font-family: 'Source Serif Pro', serif;\r\n    font-weight: 600;\r\n    color: #263c87;\r\n    font-size: 32px;\r\n  \tline-height: 42px;\r\n    width: 100%;\r\n    text-align: center;\r\n    position: relative;\r\n    margin-bottom: 40px;\r\n}\r\n\r\n.rte-2.rte.article-format h2 span {\r\n    background: #f7f7f7;\r\n    padding: 0px 20px;\r\n    position: inherit;\r\n    z-index: 1;\r\n}\r\n\r\n.rte-2.rte.article-format h2::before {\r\n    content: '';\r\n    display: inline-block;\r\n    width: 100%;\r\n    height: 1px;\r\n    border-bottom: 1px solid #c2c2c2;\r\n    position: absolute;\r\n    top: 16px;\r\n    left: 0px;\r\n    z-index: 0;\r\n}\r\n\r\n.rte-2.rte.article-format h2 span {\r\n  background: #f7f7f7;\r\n    padding: 0px 20px;\r\n    position: inherit;\r\n    z-index: 1;\r\n}<\/style>\n<section class=\"rte article-format  block_393fd291b6c54cd66aa6a5950ffecdb4 rte-2\" id=\"block_393fd291b6c54cd66aa6a5950ffecdb4\">\n    <div class=\"container\">\n        <h2 class=\"striked-heading\" style=\"text-align: center\"><span>Un enfoque global<\/span><\/h2>\n<p><img loading=\"lazy\" decoding=\"async\" class=\"aligncenter wp-image-16672 size-full\" src=\"https:\/\/www.cadca.org\/wp-content\/uploads\/2023\/02\/YT-global-approach.png\" alt=\"\" width=\"814\" height=\"456\" srcset=\"https:\/\/www.cadca.org\/wp-content\/uploads\/2023\/02\/YT-global-approach.png 814w, https:\/\/www.cadca.org\/wp-content\/uploads\/2023\/02\/YT-global-approach-300x168.png 300w, https:\/\/www.cadca.org\/wp-content\/uploads\/2023\/02\/YT-global-approach-768x430.png 768w, https:\/\/www.cadca.org\/wp-content\/uploads\/2023\/02\/YT-global-approach-18x10.png 18w\" sizes=\"auto, (max-width: 814px) 100vw, 814px\" \/><\/p>\n<p>El Liderazgo Juvenil de CADCA se basa en el marco de procesos de resoluci\u00f3n de problemas comunitarios basados en evidencia investigados y documentados por el Grupo de Trabajo del Centro Colaborador de la Organizaci\u00f3n Mundial de la Salud para la Salud y el Desarrollo Comunitario en la Universidad de Kansas. Este trabajo ha sido calibrado para el uso indebido de sustancias por CADCA e institucionalizado durante 10 a\u00f1os a trav\u00e9s del Instituto de Coalici\u00f3n Nacional (NCI), la Academia de Coalici\u00f3n Nacional y el sistema de entrega de Programas Juveniles de CADCA. El Liderazgo Juvenil de CADCA es adoptado por la Oficina de Pol\u00edtica Nacional de Control de Drogas (ONDCP) de la Casa Blanca, los estados y las comunidades locales. Ayuda a las coaliciones a desarrollar la capacidad para fomentar el liderazgo juvenil en el dise\u00f1o, la implementaci\u00f3n y la evaluaci\u00f3n de estrategias de acci\u00f3n que abordan los problemas de la comunidad a trav\u00e9s de los proyectos &quot;J\u00f3venes en acci\u00f3n&quot; que emplean siete estrategias de cambio de comportamiento basadas en evidencia con \u00e9nfasis en el cambio ambiental para abordar el comportamiento problem\u00e1tico. identificado de manera efectiva.<\/p>\n<p>Este modelo educativo experiencial est\u00e1 dise\u00f1ado para crear un cambio en la comunidad al mejorar las competencias b\u00e1sicas individuales y los procesos grupales esenciales de los asesores j\u00f3venes y adultos para crear un cambio a nivel de la poblaci\u00f3n. La distinci\u00f3n entre Liderazgo Juvenil y otros es la intencionalidad para el desarrollo de j\u00f3venes, de 13 a 22 a\u00f1os, para que se conviertan en buenos solucionadores de problemas comunitarios, comunicadores y defensores que participen en la creaci\u00f3n de una sociedad civil. Tambi\u00e9n hay un enfoque central en el desarrollo de la fuerza laboral a medida que integramos a los j\u00f3venes en el tejido de las comunidades locales.<\/p>\n<p>El Liderazgo Juvenil de CADCA es adaptable y ha sido evaluado por la Universidad Estatal de Michigan. La evaluaci\u00f3n independiente de MSU muestra que el Liderazgo Juvenil de CADCA impacta las habilidades de liderazgo de los j\u00f3venes, el compromiso c\u00edvico y pol\u00edtico, la orientaci\u00f3n a la justicia social y su autoeficacia para facilitar el cambio comunitario. El estudio mostr\u00f3 que los j\u00f3venes formados por Liderazgo Juvenil experimentaron un aumento y cambios significativos en las siguientes aptitudes:<\/p>\n<ul>\n<li>Competencias de liderazgo<\/li>\n<li>Organizaci\u00f3n comunitaria<\/li>\n<li>Habilidades para resolver problemas<\/li>\n<li>Activismo c\u00edvico actual y futuro<\/li>\n<li>Compromiso c\u00edvico y pol\u00edtico<\/li>\n<li>Asociaciones de j\u00f3venes y adultos<\/li>\n<\/ul>\n    <\/div>\n<\/section>\n\n\n\n\n<style media=\"all\" type=\"text\/css\">\n\n    \/* xs & sm (mobile) *\/\n    @media (max-width: 767.98px) {\n            .events.block_d2f7fa8ba68f601bc37479a7c39701d2 {\n            display: none;\n        }\n\n        }\n\n    \/* md (tablet) *\/\n    @media (min-width: 768px) and (max-width: 1199.98px) {\n            .events.block_d2f7fa8ba68f601bc37479a7c39701d2 {\n            display: none;\n        }\n\n        }\n\n    \/* lg (desktop) *\/\n    @media (min-width: 1200px) {\n            .events.block_d2f7fa8ba68f601bc37479a7c39701d2 {\n            display: none;\n        }\n\n        }\n\n    \/* custom styles *\/\n    body .events{\r\n\tbackground: unset;\r\n  \tpadding-top:50px;\r\n}\r\n\r\nbody .events h2 span{\r\n\tbackground: #FFF;\r\n}\n        .events .event-1 .event-thumb {\n        background: url(\"https:\/\/www.cadca.org\/wp-content\/uploads\/2022\/01\/pexels-daria-shevtsova-1560932-1.jpg\");\n    }\n\n        .events .event-2 .event-thumb {\n        background: url(\"https:\/\/www.cadca.org\/wp-content\/uploads\/2022\/01\/pexels-fauxels-3183186.jpg\");\n    }\n\n        .events .event-3 .event-thumb {\n        background: url(\"\");\n    }\n\n    \n<\/style>\n<section class=\"events block_d2f7fa8ba68f601bc37479a7c39701d2\" id=\"block_d2f7fa8ba68f601bc37479a7c39701d2\">\n    <div class=\"container\">\n        <h2><span>Pr\u00f3ximos Eventos<\/span><\/h2>\n        <div class=\"events-wrapper\">\n                            <a href=\"https:\/\/www.cadca.org\/es\/events\/nca\/\" class=\"event-wrapper event-1\">\n                    <div class=\"event-thumb\">\n                        <div class=\"event-date\">\n                            1 de enero                        <\/div>\n                        <div class=\"event-tag\">\n                                                    <\/div>\n                    <\/div>\n                    <h3>Academia de la Coalici\u00f3n Nacional<\/h3>\n                <\/a>\n                                <a href=\"https:\/\/www.cadca.org\/es\/?post_type=events&#038;p=107\" class=\"event-wrapper event-2\">\n                    <div class=\"event-thumb\">\n                        <div class=\"event-date\">\n                            1 de enero                        <\/div>\n                        <div class=\"event-tag\">\n                                                    <\/div>\n                    <\/div>\n                    <h3>Seminario web de investigaci\u00f3n en acci\u00f3n: impacto de los anuncios de prevenci\u00f3n de vapeo en los adolescentes de EE. UU.<\/h3>\n                <\/a>\n                                <a href=\"https:\/\/www.cadca.org\/es\/cadca-youth-leadership\/\" class=\"event-wrapper event-3\">\n                    <div class=\"event-thumb\">\n                        <div class=\"event-date\">\n                            1 de enero                        <\/div>\n                        <div class=\"event-tag\">\n                                                    <\/div>\n                    <\/div>\n                    <h3><\/h3>\n                <\/a>\n                        <\/div>\n                <div class=\"btn-wrapper\">\n            <a href=\"https:\/\/www.cadca.org\/es\/trainings-events\/\"                class=\"btn-star\">Ver todo<\/a>\n        <\/div>\n    <\/div>\n<\/section>","protected":false},"excerpt":{"rendered":"","protected":false},"author":23,"featured_media":0,"parent":0,"menu_order":0,"comment_status":"closed","ping_status":"closed","template":"","meta":{"_acf_changed":true,"inline_featured_image":false,"footnotes":""},"class_list":["post-16666","page","type-page","status-publish","hentry"],"acf":[],"yoast_head":"<!-- This site is optimized with the Yoast SEO plugin v26.8 - https:\/\/yoast.com\/product\/yoast-seo-wordpress\/ -->\n<title>CADCA Youth Leadership | CADCA<\/title>\n<meta name=\"description\" content=\"CADCA represents over 7,000 community coalitions that involve individuals from key sectors including schools, law enforcement, youth, parents, healthcare, media, tribal communities and others\" \/>\n<meta name=\"robots\" content=\"index, follow, max-snippet:-1, max-image-preview:large, max-video-preview:-1\" \/>\n<link rel=\"canonical\" href=\"https:\/\/www.cadca.org\/es\/cadca-youth-leadership\/\" \/>\n<meta property=\"og:locale\" content=\"es_ES\" \/>\n<meta property=\"og:type\" content=\"article\" \/>\n<meta property=\"og:title\" content=\"CADCA Youth Leadership | CADCA\" \/>\n<meta property=\"og:description\" content=\"CADCA represents over 7,000 community coalitions that involve individuals from key sectors including schools, law enforcement, youth, parents, healthcare, media, tribal communities and others\" \/>\n<meta property=\"og:url\" content=\"https:\/\/www.cadca.org\/es\/cadca-youth-leadership\/\" \/>\n<meta property=\"og:site_name\" content=\"CADCA\" \/>\n<meta property=\"article:modified_time\" content=\"2025-05-19T15:24:43+00:00\" \/>\n<meta property=\"og:image\" content=\"https:\/\/www.cadca.org\/wp-content\/uploads\/2022\/03\/cadca-member-of-logo1.jpg\" \/>\n\t<meta property=\"og:image:width\" content=\"880\" \/>\n\t<meta property=\"og:image:height\" content=\"500\" \/>\n\t<meta property=\"og:image:type\" content=\"image\/jpeg\" \/>\n<meta name=\"twitter:card\" content=\"summary_large_image\" \/>\n<script type=\"application\/ld+json\" class=\"yoast-schema-graph\">{\"@context\":\"https:\/\/schema.org\",\"@graph\":[{\"@type\":\"WebPage\",\"@id\":\"https:\/\/www.cadca.org\/cadca-youth-leadership\/\",\"url\":\"https:\/\/www.cadca.org\/cadca-youth-leadership\/\",\"name\":\"CADCA Youth Leadership | CADCA\",\"isPartOf\":{\"@id\":\"https:\/\/www.cadca.org\/#website\"},\"datePublished\":\"2023-02-16T11:57:02+00:00\",\"dateModified\":\"2025-05-19T15:24:43+00:00\",\"description\":\"CADCA represents over 7,000 community coalitions that involve individuals from key sectors including schools, law enforcement, youth, parents, healthcare, media, tribal communities and others\",\"breadcrumb\":{\"@id\":\"https:\/\/www.cadca.org\/cadca-youth-leadership\/#breadcrumb\"},\"inLanguage\":\"es\",\"potentialAction\":[{\"@type\":\"ReadAction\",\"target\":[\"https:\/\/www.cadca.org\/cadca-youth-leadership\/\"]}]},{\"@type\":\"BreadcrumbList\",\"@id\":\"https:\/\/www.cadca.org\/cadca-youth-leadership\/#breadcrumb\",\"itemListElement\":[{\"@type\":\"ListItem\",\"position\":1,\"name\":\"Home\",\"item\":\"https:\/\/www.cadca.org\/\"},{\"@type\":\"ListItem\",\"position\":2,\"name\":\"CADCA Youth Leadership\"}]},{\"@type\":\"WebSite\",\"@id\":\"https:\/\/www.cadca.org\/#website\",\"url\":\"https:\/\/www.cadca.org\/\",\"name\":\"CADCA\",\"description\":\"The Premier Prevention Association\",\"potentialAction\":[{\"@type\":\"SearchAction\",\"target\":{\"@type\":\"EntryPoint\",\"urlTemplate\":\"https:\/\/www.cadca.org\/?s={search_term_string}\"},\"query-input\":{\"@type\":\"PropertyValueSpecification\",\"valueRequired\":true,\"valueName\":\"search_term_string\"}}],\"inLanguage\":\"es\"}]}<\/script>\n<!-- \/ Yoast SEO plugin. -->","yoast_head_json":{"title":"CADCA Youth Leadership | CADCA","description":"CADCA represents over 7,000 community coalitions that involve individuals from key sectors including schools, law enforcement, youth, parents, healthcare, media, tribal communities and others","robots":{"index":"index","follow":"follow","max-snippet":"max-snippet:-1","max-image-preview":"max-image-preview:large","max-video-preview":"max-video-preview:-1"},"canonical":"https:\/\/www.cadca.org\/es\/cadca-youth-leadership\/","og_locale":"es_ES","og_type":"article","og_title":"CADCA Youth Leadership | CADCA","og_description":"CADCA represents over 7,000 community coalitions that involve individuals from key sectors including schools, law enforcement, youth, parents, healthcare, media, tribal communities and others","og_url":"https:\/\/www.cadca.org\/es\/cadca-youth-leadership\/","og_site_name":"CADCA","article_modified_time":"2025-05-19T15:24:43+00:00","og_image":[{"width":880,"height":500,"url":"https:\/\/www.cadca.org\/wp-content\/uploads\/2022\/03\/cadca-member-of-logo1.jpg","type":"image\/jpeg"}],"twitter_card":"summary_large_image","schema":{"@context":"https:\/\/schema.org","@graph":[{"@type":"WebPage","@id":"https:\/\/www.cadca.org\/cadca-youth-leadership\/","url":"https:\/\/www.cadca.org\/cadca-youth-leadership\/","name":"CADCA Youth Leadership | CADCA","isPartOf":{"@id":"https:\/\/www.cadca.org\/#website"},"datePublished":"2023-02-16T11:57:02+00:00","dateModified":"2025-05-19T15:24:43+00:00","description":"CADCA represents over 7,000 community coalitions that involve individuals from key sectors including schools, law enforcement, youth, parents, healthcare, media, tribal communities and others","breadcrumb":{"@id":"https:\/\/www.cadca.org\/cadca-youth-leadership\/#breadcrumb"},"inLanguage":"es","potentialAction":[{"@type":"ReadAction","target":["https:\/\/www.cadca.org\/cadca-youth-leadership\/"]}]},{"@type":"BreadcrumbList","@id":"https:\/\/www.cadca.org\/cadca-youth-leadership\/#breadcrumb","itemListElement":[{"@type":"ListItem","position":1,"name":"Home","item":"https:\/\/www.cadca.org\/"},{"@type":"ListItem","position":2,"name":"CADCA Youth Leadership"}]},{"@type":"WebSite","@id":"https:\/\/www.cadca.org\/#website","url":"https:\/\/www.cadca.org\/","name":"CADCA","description":"The Premier Prevention Association","potentialAction":[{"@type":"SearchAction","target":{"@type":"EntryPoint","urlTemplate":"https:\/\/www.cadca.org\/?s={search_term_string}"},"query-input":{"@type":"PropertyValueSpecification","valueRequired":true,"valueName":"search_term_string"}}],"inLanguage":"es"}]}},"_links":{"self":[{"href":"https:\/\/www.cadca.org\/es\/wp-json\/wp\/v2\/pages\/16666","targetHints":{"allow":["GET"]}}],"collection":[{"href":"https:\/\/www.cadca.org\/es\/wp-json\/wp\/v2\/pages"}],"about":[{"href":"https:\/\/www.cadca.org\/es\/wp-json\/wp\/v2\/types\/page"}],"author":[{"embeddable":true,"href":"https:\/\/www.cadca.org\/es\/wp-json\/wp\/v2\/users\/23"}],"replies":[{"embeddable":true,"href":"https:\/\/www.cadca.org\/es\/wp-json\/wp\/v2\/comments?post=16666"}],"version-history":[{"count":0,"href":"https:\/\/www.cadca.org\/es\/wp-json\/wp\/v2\/pages\/16666\/revisions"}],"wp:attachment":[{"href":"https:\/\/www.cadca.org\/es\/wp-json\/wp\/v2\/media?parent=16666"}],"curies":[{"name":"wp","href":"https:\/\/api.w.org\/{rel}","templated":true}]}}