{"id":16532,"date":"2023-01-11T11:33:06","date_gmt":"2023-01-11T11:33:06","guid":{"rendered":"http:\/\/localhost:10028\/?page_id=16532"},"modified":"2024-04-16T14:22:17","modified_gmt":"2024-04-16T14:22:17","slug":"partner-with-cadca","status":"publish","type":"page","link":"https:\/\/www.cadca.org\/es\/partner-with-cadca\/","title":{"rendered":"Asociarse con CADCA"},"content":{"rendered":"<style media=\"all\" type=\"text\/css\">\n\n    \/* xs & sm (mobile) *\/\n    @media (max-width: 767.98px) {\n        }\n\n    \/* md (tablet) *\/\n    @media (min-width: 768px) and (max-width: 1199.98px) {\n        }\n\n    \/* lg (desktop) *\/\n    @media (min-width: 1200px) {\n        }\n\n    \/* custom styles *\/\n    \n    \n<\/style>\n<section class=\"side_image_rte block_4b69302b5c2c8964de89d37486b7090f\" id=\"block_4b69302b5c2c8964de89d37486b7090f\">\n    <div class=\"container\">\n\t            <div class=\"left-side\" >\n                        <h2>Asociarse con CADCA<\/h2>\n<p>CADCA se asocia con empresas que comparten nuestra pasi\u00f3n: invertir en comunidades seguras, saludables y libres de drogas. Nuestras coaliciones trabajan con todos los sectores de una comunidad, desde escuelas, adolescentes y padres hasta el lugar de trabajo y los profesionales de la salud. Esto nos coloca en una posici\u00f3n \u00fanica para desarrollar iniciativas para llegar a estas audiencias objetivo de manera significativa.<\/p>\n<p>\nYa sea que su negocio busque tener un impacto positivo en la comunidad en la que vive, trabaja y sirve o asegurar una fuerza laboral pr\u00f3spera para nuestro futuro, CADCA dise\u00f1a beneficios mutuos <\/p>\n<p><a class=\"btn\" href=\"\/es\/contact-us\/\">Obtenga m\u00e1s informaci\u00f3n sobre el soporte<\/a><\/p>\n                    <\/div>\n\n        <div class=\"right-side\"  style='background: url(\"https:\/\/www.cadca.org\/wp-content\/uploads\/2023\/01\/PartnerWithCadca_main-photo.webp\"); aspect-ratio: 1.1272727272727;' >\n                    <\/div>\n\n    <\/div>\n<\/section>\n\n\n<section id=\"block_fd315502008dc99f5397a54d92b83b67\" class=\"cadca-partners\">\n    <div class=\"container\">\n        <div class=\"cadca-partners_group\">\n            <h2 class=\"cadca-partners_group_title\"><span>Patrocinadores y socios actuales<\/span><\/h2>\n            <p class=\"cadca-partners_group_sub-title\">\u00bfQu\u00e9 puede hacer por usted asociarse con nosotros?<\/p>\n\n            <div class=\"partners-tabs\">\n                <ul class=\"partners-tabs_tabs\">\n                                                    <li class=\"partners-tabs_tabs_item\">\n                                    <a href=\"#partners-tabs-content-block_fd315502008dc99f5397a54d92b83b67-0\" class=\"partners-tabs_tabs_item_link active-tab-item\">\n                                        Asociaciones de la industria                                    <\/a>\n                                <\/li>\n                                                                <li class=\"partners-tabs_tabs_item\">\n                                    <a href=\"#partners-tabs-content-block_fd315502008dc99f5397a54d92b83b67-1\" class=\"partners-tabs_tabs_item_link\">\n                                        Socios Federales                                    <\/a>\n                                <\/li>\n                                                <\/ul>\n                <div class=\"partners-tabs_content\">\n                                                <div id=\"partners-tabs-content-block_fd315502008dc99f5397a54d92b83b67-0\" class=\"partners-tabs_content_item active-tab-item\">\n                                <img decoding=\"async\" src=\"https:\/\/www.cadca.org\/wp-content\/uploads\/2023\/01\/IndustryPartnerships.webp\" alt=\"IndustryPartnerships\" class=\"partners-tabs_content_item_img\" \/><p>Al asociarse con CADCA usted puede:<\/p>\r\n<ul>\r\n    <li>Support CADCA\u2019s Drug-Free Kids Campaign, National Leadership Forum, Mid-Year Training Institute, National Medicine Abuse Awareness Month (NMAAM) and other training activities and campaigns\r\nCreate mutually beneficial projects that support and build effective community coalitions throughout the United States<\/li>\r\n<li>Ay\u00fadenos a crear y difundir capacitaciones y materiales sobre temas que incluyan crear conciencia sobre la prevenci\u00f3n del abuso de sustancias y promover comunidades saludables<\/li>\r\n<li>Ay\u00fadenos a brindar capacitaci\u00f3n y asistencia t\u00e9cnica a las coaliciones a medida que desarrollan estrategias para mantener a sus j\u00f3venes, familias y comunidades seguras y libres de drogas.<\/li>\r\n<\/ul>\r\n\r\n                            <\/div>\n                                                        <div id=\"partners-tabs-content-block_fd315502008dc99f5397a54d92b83b67-1\" class=\"partners-tabs_content_item\">\n                                <img decoding=\"async\" src=\"https:\/\/www.cadca.org\/wp-content\/uploads\/2023\/01\/FederalPartners.webp\" alt=\"FederalPartners\" class=\"partners-tabs_content_item_img\" \/><p>CADCA tiene relaciones mutuamente beneficiosas con varias agencias y departamentos federales. Nuestros socios federales nos brindan liderazgo nacional en temas relacionados con el abuso de sustancias y la adicci\u00f3n y colaboran con nosotros en diversas actividades. A su vez, CADCA brinda acceso al campo de la coalici\u00f3n comunitaria y ofrece comentarios en nombre de nuestra membres\u00eda. A continuaci\u00f3n se muestran ejemplos de las formas en que nuestros socios federales apoyan nuestro trabajo:<\/p>\r\n<ul>\r\n    <li>Proporcione apoyo para nuestro Foro Nacional de Liderazgo y otros eventos de capacitaci\u00f3n. Ay\u00fadenos a crear y difundir materiales espec\u00edficos sobre el abuso de alcohol y otras drogas y estrategias de intervenci\u00f3n.<\/li>\r\n   <li>Asistir en el apoyo a las principales comunicaciones, incluidas Coaliciones en l\u00ednea y CADCA TV<\/li>\r\n  <li>Apoye nuestros esfuerzos para construir coaliciones comunitarias efectivas en todo Estados Unidos<\/li>\r\n<\/ul>\r\n\r\n<h3>Socios Federales<\/h3>\r\n<ul class='federal-partners-list'>\r\n<li><a href=\"#\">Centro para el Control y la Prevenci\u00f3n de Enfermedades<\/a><\/li>\r\n<li><a href=\"#\">Administraci\u00f3n de Control de Drogas (DEA)<\/a><\/li>\r\n<li><a href=\"#\">Programa de Capacitaci\u00f3n del Grupo de Trabajo Antidrogas Multijurisdiccional (MCTFT)\/St. Colegio de San Petersburgo<\/a><\/li>\r\n<li><a href=\"#\">Guardia Nacional<\/a><\/li>\r\n<li><a href=\"#\">Administraci\u00f3n Nacional de Tr\u00e1fico y Seguridad en las Carreteras<\/a><\/li>\r\n<li><a href=\"#\">Instituto Nacional sobre Alcoholismo y Abuso de Alcohol<\/a><\/li>\r\n<li><a href=\"#\">Instituto Nacional sobre el Abuso de Drogas<\/a><\/li>\r\n<li><a href=\"#\">Oficina de Pol\u00edtica Nacional de Control de Drogas (ONDCP)<\/a><\/li>\r\n<li><a href=\"#\">Administraci\u00f3n de Servicios de Abuso de Sustancias y Salud Mental<\/a><\/li>\r\n<li><a href=\"#\">Centro para la Prevenci\u00f3n del Abuso de Sustancias de SAMHSA<\/a><\/li>\r\n<li><a href=\"#\">Centro de Tratamiento de Abuso de Sustancias de SAMHSA<\/a><\/li>\r\n<li><a href=\"#\">Departamento de Educaci\u00f3n de EE. UU.<\/a><\/li>\r\n<li><a href=\"#\">Departamento de Salud y Servicios Humanos de EE. UU. (HHS)<\/a><\/li>\r\n<li><a href=\"#\">Departamento de Salud y Servicios Humanos de EE. UU., Oficina de Salud y Prevenci\u00f3n de Enfermedades<\/a><\/li>\r\n<li><a href=\"#\">Departamento de Seguridad Nacional de EE. UU., Inmigraci\u00f3n y Control de Aduanas de EE. UU.<\/a><\/li>\r\n<li><a href=\"#\">Departamento de Justicia de EE. UU., Oficina de Programas de Justicia, Oficina de Desarrollo de Capacidad Comunitaria<\/a><\/li>\r\n<li><a href=\"#\">Socios de trabajo del Departamento de Trabajo de EE. UU. para un programa de lugar de trabajo libre de alcohol y drogas<\/a><\/li>\r\n<li><a href=\"#\">Departamento de Estado de EE. UU., Narc\u00f3ticos Internacionales y Cumplimiento de la Ley (INL)<\/a><\/li>\r\n<\/ul>\r\n\r\n\r\n\r\n\r\n\r\n\r\n\r\n                            <\/div>\n                            \n                <\/div>\n            <\/div>\n        <\/div>\n    <\/div>\n    <script>\n        window.addEventListener('DOMContentLoaded',()=>{\n            cadcaPartnersTabs({\n                tabsSelector: '#block_fd315502008dc99f5397a54d92b83b67 .partners-tabs_tabs_item_link',\n                contentSelector: '#block_fd315502008dc99f5397a54d92b83b67 .partners-tabs_content_item',\n                cssActiveClass: 'active-tab-item'\n            })\n        })\n    <\/script>\n<\/section>\n\n\n<style media=\"all\" type=\"text\/css\">\n\n    \/* xs & sm (mobile) *\/\n    @media (max-width: 767.98px) {\n        }\n\n    \/* md (tablet) *\/\n    @media (min-width: 768px) and (max-width: 1199.98px) {\n        }\n\n    \/* lg (desktop) *\/\n    @media (min-width: 1200px) {\n        }\n\n    \/* custom styles *\/\n    \n<\/style>\n<section class=\"logo_dash block_1cbae164541b40de4fbcd7a355c3e220\" id=\"block_1cbae164541b40de4fbcd7a355c3e220\">\n    <div class=\"container\">\n        <h2><span>Estamos en esto juntos<\/span><\/h2>\n        <div class=\"logos-wrapper\">\n                        <div class=\"logo-wrapper\">\n                <img loading=\"lazy\" decoding=\"async\" width=\"822\" height=\"308\" src=\"https:\/\/www.cadca.org\/wp-content\/uploads\/2023\/05\/State.png\" class=\"attachment-full size-full\" alt=\"\" srcset=\"https:\/\/www.cadca.org\/wp-content\/uploads\/2023\/05\/State.png 822w, https:\/\/www.cadca.org\/wp-content\/uploads\/2023\/05\/State-300x112.png 300w, https:\/\/www.cadca.org\/wp-content\/uploads\/2023\/05\/State-768x288.png 768w, https:\/\/www.cadca.org\/wp-content\/uploads\/2023\/05\/State-18x7.png 18w\" sizes=\"auto, (max-width: 822px) 100vw, 822px\" \/>            <\/div>\n                        <div class=\"logo-wrapper\">\n                <img loading=\"lazy\" decoding=\"async\" width=\"532\" height=\"147\" src=\"https:\/\/www.cadca.org\/wp-content\/uploads\/2023\/05\/indivior-logo.svg\" class=\"attachment-full size-full\" alt=\"\" \/>            <\/div>\n                        <div class=\"logo-wrapper\">\n                <img loading=\"lazy\" decoding=\"async\" width=\"2000\" height=\"1500\" src=\"https:\/\/www.cadca.org\/wp-content\/uploads\/2023\/05\/Walmart.jpg\" class=\"attachment-full size-full\" alt=\"\" srcset=\"https:\/\/www.cadca.org\/wp-content\/uploads\/2023\/05\/Walmart.jpg 2000w, https:\/\/www.cadca.org\/wp-content\/uploads\/2023\/05\/Walmart-300x225.jpg 300w, https:\/\/www.cadca.org\/wp-content\/uploads\/2023\/05\/Walmart-1024x768.jpg 1024w, https:\/\/www.cadca.org\/wp-content\/uploads\/2023\/05\/Walmart-768x576.jpg 768w, https:\/\/www.cadca.org\/wp-content\/uploads\/2023\/05\/Walmart-1536x1152.jpg 1536w, https:\/\/www.cadca.org\/wp-content\/uploads\/2023\/05\/Walmart-16x12.jpg 16w\" sizes=\"auto, (max-width: 2000px) 100vw, 2000px\" \/>            <\/div>\n                        <div class=\"logo-wrapper\">\n                <img loading=\"lazy\" decoding=\"async\" width=\"465\" height=\"49\" src=\"https:\/\/www.cadca.org\/wp-content\/uploads\/2022\/02\/JJ-color-1.png\" class=\"attachment-full size-full\" alt=\"\" srcset=\"https:\/\/www.cadca.org\/wp-content\/uploads\/2022\/02\/JJ-color-1.png 465w, https:\/\/www.cadca.org\/wp-content\/uploads\/2022\/02\/JJ-color-1-300x32.png 300w, https:\/\/www.cadca.org\/wp-content\/uploads\/2022\/02\/JJ-color-1-18x2.png 18w\" sizes=\"auto, (max-width: 465px) 100vw, 465px\" \/>            <\/div>\n                        <div class=\"logo-wrapper\">\n                <img loading=\"lazy\" decoding=\"async\" width=\"1000\" height=\"102\" src=\"https:\/\/www.cadca.org\/wp-content\/uploads\/2023\/05\/AB_Logo_Standard_Blue_RGB-002-002.png\" class=\"attachment-full size-full\" alt=\"\" srcset=\"https:\/\/www.cadca.org\/wp-content\/uploads\/2023\/05\/AB_Logo_Standard_Blue_RGB-002-002.png 1000w, https:\/\/www.cadca.org\/wp-content\/uploads\/2023\/05\/AB_Logo_Standard_Blue_RGB-002-002-300x31.png 300w, https:\/\/www.cadca.org\/wp-content\/uploads\/2023\/05\/AB_Logo_Standard_Blue_RGB-002-002-768x78.png 768w, https:\/\/www.cadca.org\/wp-content\/uploads\/2023\/05\/AB_Logo_Standard_Blue_RGB-002-002-18x2.png 18w\" sizes=\"auto, (max-width: 1000px) 100vw, 1000px\" \/>            <\/div>\n                        <div class=\"logo-wrapper\">\n                <img loading=\"lazy\" decoding=\"async\" width=\"196\" height=\"51\" src=\"https:\/\/www.cadca.org\/wp-content\/uploads\/2023\/05\/NIAAA.png\" class=\"attachment-full size-full\" alt=\"\" srcset=\"https:\/\/www.cadca.org\/wp-content\/uploads\/2023\/05\/NIAAA.png 196w, https:\/\/www.cadca.org\/wp-content\/uploads\/2023\/05\/NIAAA-18x5.png 18w\" sizes=\"auto, (max-width: 196px) 100vw, 196px\" \/>            <\/div>\n                        <div class=\"logo-wrapper\">\n                <img loading=\"lazy\" decoding=\"async\" width=\"248\" height=\"124\" src=\"https:\/\/www.cadca.org\/wp-content\/uploads\/2023\/05\/CHPA.png\" class=\"attachment-full size-full\" alt=\"\" srcset=\"https:\/\/www.cadca.org\/wp-content\/uploads\/2023\/05\/CHPA.png 248w, https:\/\/www.cadca.org\/wp-content\/uploads\/2023\/05\/CHPA-18x9.png 18w\" sizes=\"auto, (max-width: 248px) 100vw, 248px\" \/>            <\/div>\n                        <div class=\"logo-wrapper\">\n                <img loading=\"lazy\" decoding=\"async\" width=\"313\" height=\"41\" src=\"https:\/\/www.cadca.org\/wp-content\/uploads\/2023\/05\/NIDA.png\" class=\"attachment-full size-full\" alt=\"\" srcset=\"https:\/\/www.cadca.org\/wp-content\/uploads\/2023\/05\/NIDA.png 313w, https:\/\/www.cadca.org\/wp-content\/uploads\/2023\/05\/NIDA-300x39.png 300w, https:\/\/www.cadca.org\/wp-content\/uploads\/2023\/05\/NIDA-18x2.png 18w\" sizes=\"auto, (max-width: 313px) 100vw, 313px\" \/>            <\/div>\n                        <div class=\"logo-wrapper\">\n                <img loading=\"lazy\" decoding=\"async\" width=\"300\" height=\"77\" src=\"https:\/\/www.cadca.org\/wp-content\/uploads\/2023\/05\/AlkermesLogo300.gif\" class=\"attachment-full size-full\" alt=\"\" \/>            <\/div>\n                        <div class=\"logo-wrapper\">\n                <img loading=\"lazy\" decoding=\"async\" width=\"137\" height=\"120\" src=\"https:\/\/www.cadca.org\/wp-content\/uploads\/2023\/05\/NABCA-1.png\" class=\"attachment-full size-full\" alt=\"\" srcset=\"https:\/\/www.cadca.org\/wp-content\/uploads\/2023\/05\/NABCA-1.png 137w, https:\/\/www.cadca.org\/wp-content\/uploads\/2023\/05\/NABCA-1-14x12.png 14w\" sizes=\"auto, (max-width: 137px) 100vw, 137px\" \/>            <\/div>\n                        <div class=\"logo-wrapper\">\n                <img loading=\"lazy\" decoding=\"async\" width=\"153\" height=\"157\" src=\"https:\/\/www.cadca.org\/wp-content\/uploads\/2022\/02\/deterra-color-1.png\" class=\"attachment-full size-full\" alt=\"\" srcset=\"https:\/\/www.cadca.org\/wp-content\/uploads\/2022\/02\/deterra-color-1.png 153w, https:\/\/www.cadca.org\/wp-content\/uploads\/2022\/02\/deterra-color-1-12x12.png 12w\" sizes=\"auto, (max-width: 153px) 100vw, 153px\" \/>            <\/div>\n                        <div class=\"logo-wrapper\">\n                <img loading=\"lazy\" decoding=\"async\" width=\"453\" height=\"111\" src=\"https:\/\/www.cadca.org\/wp-content\/uploads\/2023\/05\/Leidos.png\" class=\"attachment-full size-full\" alt=\"\" srcset=\"https:\/\/www.cadca.org\/wp-content\/uploads\/2023\/05\/Leidos.png 453w, https:\/\/www.cadca.org\/wp-content\/uploads\/2023\/05\/Leidos-300x74.png 300w, https:\/\/www.cadca.org\/wp-content\/uploads\/2023\/05\/Leidos-18x4.png 18w\" sizes=\"auto, (max-width: 453px) 100vw, 453px\" \/>            <\/div>\n                        <div class=\"logo-wrapper\">\n                <img loading=\"lazy\" decoding=\"async\" width=\"360\" height=\"180\" src=\"https:\/\/www.cadca.org\/wp-content\/uploads\/2023\/05\/Emergent.png\" class=\"attachment-full size-full\" alt=\"\" srcset=\"https:\/\/www.cadca.org\/wp-content\/uploads\/2023\/05\/Emergent.png 360w, https:\/\/www.cadca.org\/wp-content\/uploads\/2023\/05\/Emergent-300x150.png 300w, https:\/\/www.cadca.org\/wp-content\/uploads\/2023\/05\/Emergent-18x9.png 18w\" sizes=\"auto, (max-width: 360px) 100vw, 360px\" \/>            <\/div>\n                        <div class=\"logo-wrapper\">\n                <img loading=\"lazy\" decoding=\"async\" width=\"110\" height=\"110\" src=\"https:\/\/www.cadca.org\/wp-content\/uploads\/2023\/05\/ONDCP.png\" class=\"attachment-full size-full\" alt=\"\" srcset=\"https:\/\/www.cadca.org\/wp-content\/uploads\/2023\/05\/ONDCP.png 110w, https:\/\/www.cadca.org\/wp-content\/uploads\/2023\/05\/ONDCP-12x12.png 12w\" sizes=\"auto, (max-width: 110px) 100vw, 110px\" \/>            <\/div>\n                        <div class=\"logo-wrapper\">\n                <img loading=\"lazy\" decoding=\"async\" width=\"166\" height=\"56\" src=\"https:\/\/www.cadca.org\/wp-content\/uploads\/2023\/05\/SAMHSA-2.png\" class=\"attachment-full size-full\" alt=\"\" srcset=\"https:\/\/www.cadca.org\/wp-content\/uploads\/2023\/05\/SAMHSA-2.png 166w, https:\/\/www.cadca.org\/wp-content\/uploads\/2023\/05\/SAMHSA-2-18x6.png 18w\" sizes=\"auto, (max-width: 166px) 100vw, 166px\" \/>            <\/div>\n                        <div class=\"logo-wrapper\">\n                <img loading=\"lazy\" decoding=\"async\" width=\"110\" height=\"110\" src=\"https:\/\/www.cadca.org\/wp-content\/uploads\/2023\/05\/DEA-1.png\" class=\"attachment-full size-full\" alt=\"\" srcset=\"https:\/\/www.cadca.org\/wp-content\/uploads\/2023\/05\/DEA-1.png 110w, https:\/\/www.cadca.org\/wp-content\/uploads\/2023\/05\/DEA-1-12x12.png 12w\" sizes=\"auto, (max-width: 110px) 100vw, 110px\" \/>            <\/div>\n                    <\/div>\n                <div class=\"btn-wrapper\">\n            <a href=\"https:\/\/www.cadca.org\/en\/partner-with-cadca\/\"                class=\"btn-star\">Oportunidades de asociaci\u00f3n<\/a>\n        <\/div>\n    <\/div>\n<\/section>","protected":false},"excerpt":{"rendered":"","protected":false},"author":2,"featured_media":0,"parent":0,"menu_order":0,"comment_status":"closed","ping_status":"closed","template":"","meta":{"_acf_changed":false,"inline_featured_image":false,"footnotes":""},"class_list":["post-16532","page","type-page","status-publish","hentry"],"acf":[],"yoast_head":"<!-- This site is optimized with the Yoast SEO plugin v26.8 - https:\/\/yoast.com\/product\/yoast-seo-wordpress\/ -->\n<title>Partner with CADCA | CADCA<\/title>\n<meta name=\"description\" content=\"CADCA represents over 7,000 community coalitions that involve individuals from key sectors including schools, law enforcement, youth, parents, healthcare, media, tribal communities and others\" \/>\n<meta name=\"robots\" content=\"index, follow, max-snippet:-1, max-image-preview:large, max-video-preview:-1\" \/>\n<link rel=\"canonical\" href=\"https:\/\/www.cadca.org\/es\/partner-with-cadca\/\" \/>\n<meta property=\"og:locale\" content=\"es_ES\" \/>\n<meta property=\"og:type\" content=\"article\" \/>\n<meta property=\"og:title\" content=\"Partner with CADCA | CADCA\" \/>\n<meta property=\"og:description\" content=\"CADCA represents over 7,000 community coalitions that involve individuals from key sectors including schools, law enforcement, youth, parents, healthcare, media, tribal communities and others\" \/>\n<meta property=\"og:url\" content=\"https:\/\/www.cadca.org\/es\/partner-with-cadca\/\" \/>\n<meta property=\"og:site_name\" content=\"CADCA\" \/>\n<meta property=\"article:modified_time\" content=\"2024-04-16T14:22:17+00:00\" \/>\n<meta property=\"og:image\" content=\"https:\/\/www.cadca.org\/wp-content\/uploads\/2022\/03\/cadca-member-of-logo1.jpg\" \/>\n\t<meta property=\"og:image:width\" content=\"880\" \/>\n\t<meta property=\"og:image:height\" content=\"500\" \/>\n\t<meta property=\"og:image:type\" content=\"image\/jpeg\" \/>\n<meta name=\"twitter:card\" content=\"summary_large_image\" \/>\n<script type=\"application\/ld+json\" class=\"yoast-schema-graph\">{\"@context\":\"https:\/\/schema.org\",\"@graph\":[{\"@type\":\"WebPage\",\"@id\":\"https:\/\/www.cadca.org\/partner-with-cadca\/\",\"url\":\"https:\/\/www.cadca.org\/partner-with-cadca\/\",\"name\":\"Partner with CADCA | CADCA\",\"isPartOf\":{\"@id\":\"https:\/\/www.cadca.org\/#website\"},\"datePublished\":\"2023-01-11T11:33:06+00:00\",\"dateModified\":\"2024-04-16T14:22:17+00:00\",\"description\":\"CADCA represents over 7,000 community coalitions that involve individuals from key sectors including schools, law enforcement, youth, parents, healthcare, media, tribal communities and others\",\"breadcrumb\":{\"@id\":\"https:\/\/www.cadca.org\/partner-with-cadca\/#breadcrumb\"},\"inLanguage\":\"es\",\"potentialAction\":[{\"@type\":\"ReadAction\",\"target\":[\"https:\/\/www.cadca.org\/partner-with-cadca\/\"]}]},{\"@type\":\"BreadcrumbList\",\"@id\":\"https:\/\/www.cadca.org\/partner-with-cadca\/#breadcrumb\",\"itemListElement\":[{\"@type\":\"ListItem\",\"position\":1,\"name\":\"Home\",\"item\":\"https:\/\/www.cadca.org\/\"},{\"@type\":\"ListItem\",\"position\":2,\"name\":\"Partner with CADCA\"}]},{\"@type\":\"WebSite\",\"@id\":\"https:\/\/www.cadca.org\/#website\",\"url\":\"https:\/\/www.cadca.org\/\",\"name\":\"CADCA\",\"description\":\"The Premier Prevention Association\",\"potentialAction\":[{\"@type\":\"SearchAction\",\"target\":{\"@type\":\"EntryPoint\",\"urlTemplate\":\"https:\/\/www.cadca.org\/?s={search_term_string}\"},\"query-input\":{\"@type\":\"PropertyValueSpecification\",\"valueRequired\":true,\"valueName\":\"search_term_string\"}}],\"inLanguage\":\"es\"}]}<\/script>\n<!-- \/ Yoast SEO plugin. -->","yoast_head_json":{"title":"Partner with CADCA | CADCA","description":"CADCA represents over 7,000 community coalitions that involve individuals from key sectors including schools, law enforcement, youth, parents, healthcare, media, tribal communities and others","robots":{"index":"index","follow":"follow","max-snippet":"max-snippet:-1","max-image-preview":"max-image-preview:large","max-video-preview":"max-video-preview:-1"},"canonical":"https:\/\/www.cadca.org\/es\/partner-with-cadca\/","og_locale":"es_ES","og_type":"article","og_title":"Partner with CADCA | CADCA","og_description":"CADCA represents over 7,000 community coalitions that involve individuals from key sectors including schools, law enforcement, youth, parents, healthcare, media, tribal communities and others","og_url":"https:\/\/www.cadca.org\/es\/partner-with-cadca\/","og_site_name":"CADCA","article_modified_time":"2024-04-16T14:22:17+00:00","og_image":[{"width":880,"height":500,"url":"https:\/\/www.cadca.org\/wp-content\/uploads\/2022\/03\/cadca-member-of-logo1.jpg","type":"image\/jpeg"}],"twitter_card":"summary_large_image","schema":{"@context":"https:\/\/schema.org","@graph":[{"@type":"WebPage","@id":"https:\/\/www.cadca.org\/partner-with-cadca\/","url":"https:\/\/www.cadca.org\/partner-with-cadca\/","name":"Partner with CADCA | CADCA","isPartOf":{"@id":"https:\/\/www.cadca.org\/#website"},"datePublished":"2023-01-11T11:33:06+00:00","dateModified":"2024-04-16T14:22:17+00:00","description":"CADCA represents over 7,000 community coalitions that involve individuals from key sectors including schools, law enforcement, youth, parents, healthcare, media, tribal communities and others","breadcrumb":{"@id":"https:\/\/www.cadca.org\/partner-with-cadca\/#breadcrumb"},"inLanguage":"es","potentialAction":[{"@type":"ReadAction","target":["https:\/\/www.cadca.org\/partner-with-cadca\/"]}]},{"@type":"BreadcrumbList","@id":"https:\/\/www.cadca.org\/partner-with-cadca\/#breadcrumb","itemListElement":[{"@type":"ListItem","position":1,"name":"Home","item":"https:\/\/www.cadca.org\/"},{"@type":"ListItem","position":2,"name":"Partner with CADCA"}]},{"@type":"WebSite","@id":"https:\/\/www.cadca.org\/#website","url":"https:\/\/www.cadca.org\/","name":"CADCA","description":"The Premier Prevention Association","potentialAction":[{"@type":"SearchAction","target":{"@type":"EntryPoint","urlTemplate":"https:\/\/www.cadca.org\/?s={search_term_string}"},"query-input":{"@type":"PropertyValueSpecification","valueRequired":true,"valueName":"search_term_string"}}],"inLanguage":"es"}]}},"_links":{"self":[{"href":"https:\/\/www.cadca.org\/es\/wp-json\/wp\/v2\/pages\/16532","targetHints":{"allow":["GET"]}}],"collection":[{"href":"https:\/\/www.cadca.org\/es\/wp-json\/wp\/v2\/pages"}],"about":[{"href":"https:\/\/www.cadca.org\/es\/wp-json\/wp\/v2\/types\/page"}],"author":[{"embeddable":true,"href":"https:\/\/www.cadca.org\/es\/wp-json\/wp\/v2\/users\/2"}],"replies":[{"embeddable":true,"href":"https:\/\/www.cadca.org\/es\/wp-json\/wp\/v2\/comments?post=16532"}],"version-history":[{"count":0,"href":"https:\/\/www.cadca.org\/es\/wp-json\/wp\/v2\/pages\/16532\/revisions"}],"wp:attachment":[{"href":"https:\/\/www.cadca.org\/es\/wp-json\/wp\/v2\/media?parent=16532"}],"curies":[{"name":"wp","href":"https:\/\/api.w.org\/{rel}","templated":true}]}}