{"id":1345,"date":"2022-03-06T19:13:42","date_gmt":"2022-03-06T19:13:42","guid":{"rendered":"http:\/\/localhost:10028\/?page_id=1345"},"modified":"2026-02-27T13:26:16","modified_gmt":"2026-02-27T13:26:16","slug":"advocacy-focused","status":"publish","type":"page","link":"https:\/\/www.cadca.org\/es\/advocacy-focused\/","title":{"rendered":"Centrado en la defensa"},"content":{"rendered":"<style media=\"all\" type=\"text\/css\">\n\n    \/* xs & sm (mobile) *\/\n    @media (max-width: 767.98px) {\n        }\n\n    \/* md (tablet) *\/\n    @media (min-width: 768px) and (max-width: 1199.98px) {\n        }\n\n    \/* lg (desktop) *\/\n    @media (min-width: 1200px) {\n        }\n\n    \/* custom styles *\/\n    @media screen and (min-width: 1024px){\r\nsection.side_image_rte {padding-bottom:0;}\r\n}\n    \n<\/style>\n<section class=\"side_image_rte block_0baff91be07de37ea12ec8bf4a935d6e\" id=\"block_0baff91be07de37ea12ec8bf4a935d6e\">\n    <div class=\"container\">\n\t            <div class=\"left-side\" >\n                        <h2>Kit de herramientas de promoci\u00f3n<\/h2>\n<p><strong>Haz que tu voz se escuche.<\/strong><\/p>\n<p>La incidencia es una parte clave del proceso de pol\u00edtica p\u00fablica. Numerosos temas de pol\u00edtica compiten constantemente por la atenci\u00f3n a nivel local, estatal y nacional. Los legisladores son generalistas y conf\u00edan en expertos en la materia para guiar su toma de decisiones. Por lo tanto, es fundamental comprender c\u00f3mo ser un defensor eficaz de su causa y hacer que su problema aparezca en las pantallas de radar de las pol\u00edticas de los legisladores. La defensa puede tomar muchas formas, desde reunirse con un legislador en Washington, DC, asistir a un ayuntamiento en su comunidad local, hasta enviar un correo electr\u00f3nico a un miembro del personal legislativo. Todos los que quieran participar en la promoci\u00f3n pueden hacerlo sin importar el nivel de experiencia o las limitaciones de tiempo. Aprenda a colocar su problema en la pantalla del radar de pol\u00edticas para que pueda marcar la diferencia en su comunidad.<\/p>\n<p><a class=\"btn\" href=\"https:\/\/www.cadca.org\/wp-content\/uploads\/2023\/03\/advocacy_toolkit.pdf\">\u00a1Descarga el kit de herramientas!<\/a><\/p>\n                    <\/div>\n\n        <div class=\"right-side\"  style='background: url(\"https:\/\/www.cadca.org\/wp-content\/uploads\/2023\/05\/advocacytoolkit_cropped.jpg\"); aspect-ratio: 1.0460624071322;' >\n                    <\/div>\n\n    <\/div>\n<\/section>\n\n\n<style media=\"all\" type=\"text\/css\">\n\n    \/* xs & sm (mobile) *\/\n    @media (max-width: 767.98px) {\n        }\n\n    \/* md (tablet) *\/\n    @media (min-width: 768px) and (max-width: 1199.98px) {\n        }\n\n    \/* lg (desktop) *\/\n    @media (min-width: 1200px) {\n        }\n\n    \/* custom styles *\/\n    #block_62265dceab5f4{\r\n\tbackground-color:#f7f7f7;\r\n}\r\n\r\n#block_62265dceab5f4 .grid .grid-item .img{\r\n\tbackground-color:#FFF;\r\n}\r\n<\/style>\n<section class=\"rich_links_grid_v1 block_9c291d2a9d323fb3f0463a5aa9c1382a\" id=\"block_9c291d2a9d323fb3f0463a5aa9c1382a\">\n    <div class=\"container\">\n                        <div class=\"grid\">\n                            <div class=\"grid-item\">\n                    <div class=\"img\"\n                         style=\"background-image: url('https:\/\/www.cadca.org\/wp-content\/uploads\/2022\/03\/capitol.svg')\"><\/div>\n                    <div class=\"text-side\">\n                        <h3>Fundamentos del Capitolio<\/h3>\n                                                    <a href=\"https:\/\/www.cadca.org\/es\/the-legislative-process\/\">The Federal Legislative Process<\/a>\n                                                    <a href=\"https:\/\/www.cadca.org\/es\/communication-tips\/\">Consejos de comunicaci\u00f3n<\/a>\n                                            <\/div>\n                <\/div>\n                            <div class=\"grid-item\">\n                    <div class=\"img\"\n                         style=\"background-image: url('https:\/\/www.cadca.org\/wp-content\/uploads\/2022\/03\/libre.svg')\"><\/div>\n                    <div class=\"text-side\">\n                        <h3>Informaci\u00f3n Legislativa<\/h3>\n                                                    <a href=\"https:\/\/www.cadca.org\/es\/sign-on-letters\/\">Iniciar sesi\u00f3n cartas<\/a>\n                                                    <a href=\"https:\/\/www.cadca.org\/es\/prevention-works\/\">Obras de Prevenci\u00f3n<\/a>\n                                                    <a href=\"https:\/\/www.cadca.org\/es\/advocate-now\/\">Abogar ahora<\/a>\n                                            <\/div>\n                <\/div>\n                            <div class=\"grid-item\">\n                    <div class=\"img\"\n                         style=\"background-image: url('https:\/\/www.cadca.org\/wp-content\/uploads\/2022\/03\/Policy.svg')\"><\/div>\n                    <div class=\"text-side\">\n                        <h3>Prioridades pol\u00edticas<\/h3>\n                                                    <a href=\"https:\/\/www.cadca.org\/es\/stop-act\/\">Ley de ALTO<\/a>\n                                                    <a href=\"https:\/\/www.cadca.org\/es\/cara\/\">cara<\/a>\n                                                    <a href=\"https:\/\/www.cadca.org\/es\/dfc-program\/\">Programa DFC<\/a>\n                                                    <a href=\"https:\/\/www.cadca.org\/es\/21st-century-cures-act\/\">Ley de curas del siglo XXI<\/a>\n                                                    <a href=\"https:\/\/www.cadca.org\/es\/support-act\/\">Ley de APOYO<\/a>\n                                            <\/div>\n                <\/div>\n                    <\/div>\n    <\/div>\n<\/section>","protected":false},"excerpt":{"rendered":"","protected":false},"author":40,"featured_media":0,"parent":0,"menu_order":0,"comment_status":"closed","ping_status":"closed","template":"","meta":{"_acf_changed":true,"inline_featured_image":false,"footnotes":""},"class_list":["post-1345","page","type-page","status-publish","hentry"],"acf":[],"yoast_head":"<!-- This site is optimized with the Yoast SEO plugin v26.8 - https:\/\/yoast.com\/product\/yoast-seo-wordpress\/ -->\n<title>Advocacy-Focused | CADCA<\/title>\n<meta name=\"description\" content=\"CADCA represents over 7,000 community coalitions that involve individuals from key sectors including schools, law enforcement, youth, parents, healthcare, media, tribal communities and others\" \/>\n<meta name=\"robots\" content=\"index, follow, max-snippet:-1, max-image-preview:large, max-video-preview:-1\" \/>\n<link rel=\"canonical\" href=\"https:\/\/www.cadca.org\/es\/advocacy-focused\/\" \/>\n<meta property=\"og:locale\" content=\"es_ES\" \/>\n<meta property=\"og:type\" content=\"article\" \/>\n<meta property=\"og:title\" content=\"Advocacy-Focused | CADCA\" \/>\n<meta property=\"og:description\" content=\"CADCA represents over 7,000 community coalitions that involve individuals from key sectors including schools, law enforcement, youth, parents, healthcare, media, tribal communities and others\" \/>\n<meta property=\"og:url\" content=\"https:\/\/www.cadca.org\/es\/advocacy-focused\/\" \/>\n<meta property=\"og:site_name\" content=\"CADCA\" \/>\n<meta property=\"article:modified_time\" content=\"2026-02-27T13:26:16+00:00\" \/>\n<meta property=\"og:image\" content=\"https:\/\/www.cadca.org\/wp-content\/uploads\/2022\/03\/cadca-member-of-logo1.jpg\" \/>\n\t<meta property=\"og:image:width\" content=\"880\" \/>\n\t<meta property=\"og:image:height\" content=\"500\" \/>\n\t<meta property=\"og:image:type\" content=\"image\/jpeg\" \/>\n<meta name=\"twitter:card\" content=\"summary_large_image\" \/>\n<script type=\"application\/ld+json\" class=\"yoast-schema-graph\">{\"@context\":\"https:\/\/schema.org\",\"@graph\":[{\"@type\":\"WebPage\",\"@id\":\"https:\/\/www.cadca.org\/advocacy-focused\/\",\"url\":\"https:\/\/www.cadca.org\/advocacy-focused\/\",\"name\":\"Advocacy-Focused | CADCA\",\"isPartOf\":{\"@id\":\"https:\/\/www.cadca.org\/#website\"},\"datePublished\":\"2022-03-06T19:13:42+00:00\",\"dateModified\":\"2026-02-27T13:26:16+00:00\",\"description\":\"CADCA represents over 7,000 community coalitions that involve individuals from key sectors including schools, law enforcement, youth, parents, healthcare, media, tribal communities and others\",\"breadcrumb\":{\"@id\":\"https:\/\/www.cadca.org\/advocacy-focused\/#breadcrumb\"},\"inLanguage\":\"es\",\"potentialAction\":[{\"@type\":\"ReadAction\",\"target\":[\"https:\/\/www.cadca.org\/advocacy-focused\/\"]}]},{\"@type\":\"BreadcrumbList\",\"@id\":\"https:\/\/www.cadca.org\/advocacy-focused\/#breadcrumb\",\"itemListElement\":[{\"@type\":\"ListItem\",\"position\":1,\"name\":\"Home\",\"item\":\"https:\/\/www.cadca.org\/\"},{\"@type\":\"ListItem\",\"position\":2,\"name\":\"Advocacy-Focused\"}]},{\"@type\":\"WebSite\",\"@id\":\"https:\/\/www.cadca.org\/#website\",\"url\":\"https:\/\/www.cadca.org\/\",\"name\":\"CADCA\",\"description\":\"The Premier Prevention Association\",\"potentialAction\":[{\"@type\":\"SearchAction\",\"target\":{\"@type\":\"EntryPoint\",\"urlTemplate\":\"https:\/\/www.cadca.org\/?s={search_term_string}\"},\"query-input\":{\"@type\":\"PropertyValueSpecification\",\"valueRequired\":true,\"valueName\":\"search_term_string\"}}],\"inLanguage\":\"es\"}]}<\/script>\n<!-- \/ Yoast SEO plugin. -->","yoast_head_json":{"title":"Advocacy-Focused | CADCA","description":"CADCA represents over 7,000 community coalitions that involve individuals from key sectors including schools, law enforcement, youth, parents, healthcare, media, tribal communities and others","robots":{"index":"index","follow":"follow","max-snippet":"max-snippet:-1","max-image-preview":"max-image-preview:large","max-video-preview":"max-video-preview:-1"},"canonical":"https:\/\/www.cadca.org\/es\/advocacy-focused\/","og_locale":"es_ES","og_type":"article","og_title":"Advocacy-Focused | CADCA","og_description":"CADCA represents over 7,000 community coalitions that involve individuals from key sectors including schools, law enforcement, youth, parents, healthcare, media, tribal communities and others","og_url":"https:\/\/www.cadca.org\/es\/advocacy-focused\/","og_site_name":"CADCA","article_modified_time":"2026-02-27T13:26:16+00:00","og_image":[{"width":880,"height":500,"url":"https:\/\/www.cadca.org\/wp-content\/uploads\/2022\/03\/cadca-member-of-logo1.jpg","type":"image\/jpeg"}],"twitter_card":"summary_large_image","schema":{"@context":"https:\/\/schema.org","@graph":[{"@type":"WebPage","@id":"https:\/\/www.cadca.org\/advocacy-focused\/","url":"https:\/\/www.cadca.org\/advocacy-focused\/","name":"Advocacy-Focused | CADCA","isPartOf":{"@id":"https:\/\/www.cadca.org\/#website"},"datePublished":"2022-03-06T19:13:42+00:00","dateModified":"2026-02-27T13:26:16+00:00","description":"CADCA represents over 7,000 community coalitions that involve individuals from key sectors including schools, law enforcement, youth, parents, healthcare, media, tribal communities and others","breadcrumb":{"@id":"https:\/\/www.cadca.org\/advocacy-focused\/#breadcrumb"},"inLanguage":"es","potentialAction":[{"@type":"ReadAction","target":["https:\/\/www.cadca.org\/advocacy-focused\/"]}]},{"@type":"BreadcrumbList","@id":"https:\/\/www.cadca.org\/advocacy-focused\/#breadcrumb","itemListElement":[{"@type":"ListItem","position":1,"name":"Home","item":"https:\/\/www.cadca.org\/"},{"@type":"ListItem","position":2,"name":"Advocacy-Focused"}]},{"@type":"WebSite","@id":"https:\/\/www.cadca.org\/#website","url":"https:\/\/www.cadca.org\/","name":"CADCA","description":"The Premier Prevention Association","potentialAction":[{"@type":"SearchAction","target":{"@type":"EntryPoint","urlTemplate":"https:\/\/www.cadca.org\/?s={search_term_string}"},"query-input":{"@type":"PropertyValueSpecification","valueRequired":true,"valueName":"search_term_string"}}],"inLanguage":"es"}]}},"_links":{"self":[{"href":"https:\/\/www.cadca.org\/es\/wp-json\/wp\/v2\/pages\/1345","targetHints":{"allow":["GET"]}}],"collection":[{"href":"https:\/\/www.cadca.org\/es\/wp-json\/wp\/v2\/pages"}],"about":[{"href":"https:\/\/www.cadca.org\/es\/wp-json\/wp\/v2\/types\/page"}],"author":[{"embeddable":true,"href":"https:\/\/www.cadca.org\/es\/wp-json\/wp\/v2\/users\/40"}],"replies":[{"embeddable":true,"href":"https:\/\/www.cadca.org\/es\/wp-json\/wp\/v2\/comments?post=1345"}],"version-history":[{"count":0,"href":"https:\/\/www.cadca.org\/es\/wp-json\/wp\/v2\/pages\/1345\/revisions"}],"wp:attachment":[{"href":"https:\/\/www.cadca.org\/es\/wp-json\/wp\/v2\/media?parent=1345"}],"curies":[{"name":"wp","href":"https:\/\/api.w.org\/{rel}","templated":true}]}}